{"id":5722,"date":"2018-10-22T13:45:24","date_gmt":"2018-10-22T13:45:24","guid":{"rendered":"https:\/\/www.ekko-wp.com\/?page_id=5722"},"modified":"2025-07-15T13:31:28","modified_gmt":"2025-07-15T10:31:28","slug":"gurur-tablomuz-sayisal-veriler","status":"publish","type":"page","link":"https:\/\/chateauegitim.com\/en\/gurur-tablomuz-sayisal-veriler\/","title":{"rendered":"Numeric Data"},"content":{"rendered":"<div class=\"vc_row wpb_row vc_row-fluid\"><div class=\"wpb_column vc_column_container vc_col-sm-12\"><div class=\"vc_column-inner\"><div class=\"wpb_wrapper\"><div class=\"kd-alertbox ab_success\">\n                <div class=\"ab-icon\"><i class=\"fas fa-check iconita\"><\/i><\/div>\n                <div class=\"ab-message\">Frans\u0131z Liseleri 9.S\u0131n\u0131fa do\u011frudan ge\u00e7i\u015f s\u0131nav\u0131n\u0131 ge\u00e7erek 2025-2026 E\u011fitim-\u00d6\u011fretim Y\u0131l\u0131'nda 9.s\u0131n\u0131fa ba\u015flayacak olan \u00f6\u011frencimiz Duru Naz \u00d6zkalan'\u0131 tebrik ediyoruz.<\/div>\n                <a href=\"#\" class=\"ab-close\"><i class=\"fas fa-times iconita\"><\/i><\/a>\n            <\/div><\/div><\/div><\/div><\/div><div data-vc-full-width=\"true\" data-vc-full-width-init=\"false\" class=\"vc_row wpb_row vc_row-fluid vc_custom_1556017133374 vc_row-has-padding-bottom\"><div class=\"wpb_column vc_column_container vc_col-sm-12 vc_col-lg-6\"><div class=\"vc_column-inner vc_custom_1541587114185\"><div class=\"wpb_wrapper\"><div class=\"vc_row wpb_row vc_inner vc_row-fluid\"><div class=\"wpb_column vc_column_container vc_col-sm-12\"><div class=\"vc_column-inner vc_custom_1541587107649\"><div class=\"wpb_wrapper\"><header class=\"kd-section-title col-lg-12 text-right  kd-animated fadeIn\" data-animation-delay=\"200\"><h3 class=\"separator_off\" >Since our establishment, 1392 of our students have achieved success at many levels of their educational lives, from preparatory class to senior year.<\/h3><\/header><\/div><\/div><\/div><\/div><div class=\"vc_row wpb_row vc_inner vc_row-fluid vc_custom_1555686642129\"><div class=\"wpb_column vc_column_container vc_col-sm-6 vc_hidden-md vc_hidden-sm vc_hidden-xs\"><div class=\"vc_column-inner\"><div class=\"wpb_wrapper\"><div  class= \"vc_pie_chart wpb_content_element\" data-pie-value=\"80\" data-pie-label-value=\"\" data-pie-units=\"%\" data-pie-color=\"#75d69c\"><div class=\"wpb_wrapper\"><div class=\"vc_pie_wrapper\"><span class=\"vc_pie_chart_back\" style=\"border-color: #75d69c\"><\/span><span class=\"vc_pie_chart_value\"><\/span><canvas width=\"101\" height=\"101\"><\/canvas><\/div><h4 class=\"wpb_heading wpb_pie_chart_heading\">Y\u0131l sonu de\u011ferlendirme anketimize kat\u0131lan velilerimizin %80\u2019i Ch\u00e2teau E\u011fitim\u2019e REFERANS arac\u0131l\u0131\u011f\u0131yla ba\u015fvurdu\u011funu s\u00f6yledi. Bize referans olan t\u00fcm velilerimize \u00e7ok te\u015fekk\u00fcr ediyoruz.<\/h4><\/div><\/div><\/div><\/div><\/div><div class=\"wpb_column vc_column_container vc_col-sm-6\"><div class=\"vc_column-inner\"><div class=\"wpb_wrapper\"><div  class= \"vc_pie_chart wpb_content_element\" data-pie-value=\"100\" data-pie-label-value=\"\" data-pie-units=\"%\" data-pie-color=\"#75d69c\"><div class=\"wpb_wrapper\"><div class=\"vc_pie_wrapper\"><span class=\"vc_pie_chart_back\" style=\"border-color: #75d69c\"><\/span><span class=\"vc_pie_chart_value\"><\/span><canvas width=\"101\" height=\"101\"><\/canvas><\/div><h4 class=\"wpb_heading wpb_pie_chart_heading\">All 81 parents who participated in our year-end evaluation survey said they would recommend Ch\u00e2teau Education. We thank our parents and teachers who created this satisfaction!<\/h4><\/div><\/div><\/div><\/div><\/div><\/div><\/div><\/div><\/div><div class=\"wpb_column vc_column_container vc_col-sm-12 vc_col-lg-6 vc_hidden-md vc_hidden-sm\"><div class=\"vc_column-inner vc_custom_1541587225605\"><div class=\"wpb_wrapper\"><div class=\"key-icon-box icon-default icon-left cont-left ib-no-effect  kd-animated fadeInUp\" style=\"background-color: transparent;\" ><i class=\"iconsmind-University-2\" style=\" \"><\/i> <h6 class=\"service-heading\" >Our Graduate Students<\/h6><p >Our students from Chateau, who graduated from French high schools, continued their education at the best universities accepted in the country and abroad.<\/p><\/div><div class=\"vc_empty_space\"   style=\"height: 40px\"><span class=\"vc_empty_space_inner\"><\/span><\/div><div class=\"key-icon-box icon-default icon-left cont-left ib-no-effect  kd-animated fadeInUp\" style=\"background-color: transparent;\" data-animation-delay=\"200\"><i class=\"iconsmind-Business-ManWoman\" style=\" \"><\/i> <h6 class=\"service-heading\" >More than an educational institution<\/h6><p >Some of our successful students who studied at our institution in the years it was founded, graduated from universities and now work in our private teaching institution; He helps students who follow the same path as them to achieve success, both as a teacher and as a role model.<\/p><\/div><div class=\"vc_empty_space\"   style=\"height: 40px\"><span class=\"vc_empty_space_inner\"><\/span><\/div><\/div><\/div><\/div><\/div><div class=\"vc_row-full-width vc_clearfix\"><\/div><div data-vc-full-width=\"true\" data-vc-full-width-init=\"false\" class=\"vc_row wpb_row vc_row-fluid vc_custom_1584010211978 vc_row-has-fill vc_row-has-padding-top vc_row-has-padding-bottom\"><div class=\"wpb_column vc_column_container vc_col-sm-12\"><div class=\"vc_column-inner vc_custom_1515612866550\"><div class=\"wpb_wrapper\"><div class=\"vc_row wpb_row vc_inner vc_row-fluid\"><div class=\"wpb_column vc_column_container vc_col-sm-12\"><div class=\"vc_column-inner\"><div class=\"wpb_wrapper\"><header class=\"kd-section-title vc_col-lg-6 vc_col-sm-8 text-center  kd-animated fadeIn   vc_custom_1584009164502\" data-animation-delay=\"200\"><h2 class=\"separator_off\" >since 2010<\/h2><\/header><\/div><\/div><\/div><\/div><div class=\"vc_row wpb_row vc_inner vc_row-fluid vc_custom_1583855254754 vc_row-has-padding-top vc_row-has-padding-bottom\"><div class=\"wpb_column vc_column_container vc_col-sm-1\/5\"><div class=\"vc_column-inner vc_custom_1583855014730\"><div class=\"wpb_wrapper\"><div class=\"kd_counter icon-top\" ><div class=\"kd_counter_content\"><div class=\"kd_counter_icon\"><div class=\"kd-counter-icon\"><i class=\"iconsmind-Medal-3 iconsmind-Sports\" style=\"  \"><\/i><\/div><\/div><h4 class=\"kd_counter_number\"><span class=\"kd_number_string\"  data-from=\"0\" data-to=\"923\" data-refresh-interval=\"50\" >0<\/span>\n                                  <span class=\"kd_counter_units\" >Notre Dame de Zion<\/span><\/h4><\/div><\/div><\/div><\/div><\/div><div class=\"wpb_column vc_column_container vc_col-sm-1\/5\"><div class=\"vc_column-inner vc_custom_1583855010531\"><div class=\"wpb_wrapper\"><div class=\"kd_counter icon-top\" ><div class=\"kd_counter_content\"><div class=\"kd_counter_icon\"><div class=\"kd-counter-icon\"><i class=\"iconsmind-Medal-3 iconsmind-Sports\" style=\"  \"><\/i><\/div><\/div><h4 class=\"kd_counter_number\"><span class=\"kd_number_string\"  data-from=\"0\" data-to=\"742\" data-refresh-interval=\"50\" >0<\/span>\n                                  <span class=\"kd_counter_units\" >Saint Beno\u00eet<\/span><\/h4><\/div><\/div><\/div><\/div><\/div><div class=\"wpb_column vc_column_container vc_col-sm-1\/5\"><div class=\"vc_column-inner vc_custom_1583855003671\"><div class=\"wpb_wrapper\"><div class=\"kd_counter icon-top\" ><div class=\"kd_counter_content\"><div class=\"kd_counter_icon\"><div class=\"kd-counter-icon\"><i class=\"iconsmind-Medal-3 iconsmind-Sports\" style=\"  \"><\/i><\/div><\/div><h4 class=\"kd_counter_number\"><span class=\"kd_number_string\"  data-from=\"0\" data-to=\"592\" data-refresh-interval=\"50\" >0<\/span>\n                                  <span class=\"kd_counter_units\" >Saint Michel<\/span><\/h4><\/div><\/div><\/div><\/div><\/div><div class=\"wpb_column vc_column_container vc_col-sm-1\/5\"><div class=\"vc_column-inner vc_custom_1583854994702\"><div class=\"wpb_wrapper\"><div class=\"kd_counter icon-top\" ><div class=\"kd_counter_content\"><div class=\"kd_counter_icon\"><div class=\"kd-counter-icon\"><i class=\"iconsmind-Medal-3 iconsmind-Sports\" style=\"  \"><\/i><\/div><\/div><h4 class=\"kd_counter_number\"><span class=\"kd_number_string\"  data-from=\"0\" data-to=\"451\" data-refresh-interval=\"50\" >0<\/span>\n                                  <span class=\"kd_counter_units\" >saint joseph<\/span><\/h4><\/div><\/div><\/div><\/div><\/div><div class=\"wpb_column vc_column_container vc_col-sm-1\/5\"><div class=\"vc_column-inner vc_custom_1583855019428\"><div class=\"wpb_wrapper\"><div class=\"kd_counter icon-top\" ><div class=\"kd_counter_content\"><div class=\"kd_counter_icon\"><div class=\"kd-counter-icon\"><i class=\"iconsmind-Medal-3 iconsmind-Sports\" style=\"  \"><\/i><\/div><\/div><h4 class=\"kd_counter_number\"><span class=\"kd_number_string\"  data-from=\"0\" data-to=\"215\" data-refresh-interval=\"50\" >0<\/span>\n                                  <span class=\"kd_counter_units\" >Sainte Pulcherie<\/span><\/h4><\/div><\/div><\/div><\/div><\/div><\/div><div class=\"vc_row wpb_row vc_inner vc_row-fluid vc_custom_1583855254754 vc_row-has-padding-top vc_row-has-padding-bottom\"><div class=\"wpb_column vc_column_container vc_col-sm-1\/5\"><div class=\"vc_column-inner vc_custom_1583855014730\"><div class=\"wpb_wrapper\"><div class=\"kd_counter icon-top\" ><div class=\"kd_counter_content\"><div class=\"kd_counter_icon\"><div class=\"kd-counter-icon\"><i class=\"iconsmind-Medal-3 iconsmind-Sports\" style=\"  \"><\/i><\/div><\/div><h4 class=\"kd_counter_number\"><span class=\"kd_number_string\"  data-from=\"0\" data-to=\"38\" data-refresh-interval=\"50\" >0<\/span>\n                                  <span class=\"kd_counter_units\" >Pierre Loti<\/span><\/h4><\/div><\/div><\/div><\/div><\/div><div class=\"wpb_column vc_column_container vc_col-sm-1\/5\"><div class=\"vc_column-inner vc_custom_1583855010531\"><div class=\"wpb_wrapper\"><div class=\"kd_counter icon-top\" ><div class=\"kd_counter_content\"><div class=\"kd_counter_icon\"><div class=\"kd-counter-icon\"><i class=\"iconsmind-Medal-3 iconsmind-Sports\" style=\"  \"><\/i><\/div><\/div><h4 class=\"kd_counter_number\"><span class=\"kd_number_string\"  data-from=\"0\" data-to=\"21\" data-refresh-interval=\"50\" >0<\/span>\n                                  <span class=\"kd_counter_units\" >Ankara Tevfik Fikret<\/span><\/h4><\/div><\/div><\/div><\/div><\/div><div class=\"wpb_column vc_column_container vc_col-sm-1\/5\"><div class=\"vc_column-inner vc_custom_1583855003671\"><div class=\"wpb_wrapper\"><div class=\"kd_counter icon-top\" ><div class=\"kd_counter_content\"><div class=\"kd_counter_icon\"><div class=\"kd-counter-icon\"><i class=\"iconsmind-Medal-3 iconsmind-Sports\" style=\"  \"><\/i><\/div><\/div><h4 class=\"kd_counter_number\"><span class=\"kd_number_string\"  data-from=\"0\" data-to=\"24\" data-refresh-interval=\"50\" >0<\/span>\n                                  <span class=\"kd_counter_units\" >Ankara Charles de Gaule<\/span><\/h4><\/div><\/div><\/div><\/div><\/div><div class=\"wpb_column vc_column_container vc_col-sm-1\/5\"><div class=\"vc_column-inner vc_custom_1583854994702\"><div class=\"wpb_wrapper\"><div class=\"kd_counter icon-top\" ><div class=\"kd_counter_content\"><div class=\"kd_counter_icon\"><div class=\"kd-counter-icon\"><i class=\"iconsmind-Medal-3 iconsmind-Sports\" style=\"  \"><\/i><\/div><\/div><h4 class=\"kd_counter_number\"><span class=\"kd_number_string\"  data-from=\"0\" data-to=\"102\" data-refresh-interval=\"50\" >0<\/span>\n                                  <span class=\"kd_counter_units\" >Izmir Saint Joseph<\/span><\/h4><\/div><\/div><\/div><\/div><\/div><div class=\"wpb_column vc_column_container vc_col-sm-1\/5\"><div class=\"vc_column-inner vc_custom_1583855019428\"><div class=\"wpb_wrapper\"><div class=\"kd_counter icon-top\" ><div class=\"kd_counter_content\"><div class=\"kd_counter_icon\"><div class=\"kd-counter-icon\"><i class=\"iconsmind-Medal-3 iconsmind-Sports\" style=\"  \"><\/i><\/div><\/div><h4 class=\"kd_counter_number\"><span class=\"kd_number_string\"  data-from=\"0\" data-to=\"92\" data-refresh-interval=\"50\" >0<\/span>\n                                  <span class=\"kd_counter_units\" >Izmir Tevfik Fikret<\/span><\/h4><\/div><\/div><\/div><\/div><\/div><\/div><div class=\"vc_row wpb_row vc_inner vc_row-fluid vc_custom_1583865136763 vc_row-has-padding-bottom\"><div class=\"wpb_column vc_column_container vc_col-sm-12\"><div class=\"vc_column-inner\"><div class=\"wpb_wrapper\"><header class=\"kd-section-title vc_col-lg-6 vc_col-sm-8 text-center  kd-animated fadeIn   vc_custom_1584009287172\" data-animation-delay=\"200\"><h6 class=\"subtitle\" >Our students have achieved success at many levels of their educational lives, from preparatory class to senior year.<\/h6><\/header><\/div><\/div><\/div><\/div><\/div><\/div><\/div><\/div><div class=\"vc_row-full-width vc_clearfix\"><\/div><div data-vc-full-width=\"true\" data-vc-full-width-init=\"false\" class=\"vc_row wpb_row vc_row-fluid\"><div class=\"wpb_column vc_column_container vc_col-sm-12\"><div class=\"vc_column-inner\"><div class=\"wpb_wrapper\"><div class=\"vc_row wpb_row vc_inner vc_row-fluid vc_custom_1513764983907 vc_row-has-padding-top vc_row-has-padding-bottom\"><div class=\"wpb_column vc_column_container vc_col-sm-3\"><div class=\"vc_column-inner vc_custom_1584106866055\"><div class=\"wpb_wrapper\"><div  class= \"vc_pie_chart wpb_content_element\" data-pie-value=\"95\" data-pie-label-value=\"\" data-pie-units=\"%\" data-pie-color=\"#75d69c\"><div class=\"wpb_wrapper\"><div class=\"vc_pie_wrapper\"><span class=\"vc_pie_chart_back\" style=\"border-color: #75d69c\"><\/span><span class=\"vc_pie_chart_value\"><\/span><canvas width=\"101\" height=\"101\"><\/canvas><\/div><h4 class=\"wpb_heading wpb_pie_chart_heading\">GS Secondary School 2013 winner; Alara \u015eener, who graduated from GS High School in 2017 with an average of 95%, studied in the Chateau family for 8 years.<\/h4><\/div><\/div><\/div><\/div><\/div><div class=\"wpb_column vc_column_container vc_col-sm-3\"><div class=\"vc_column-inner vc_custom_1535972934416\"><div class=\"wpb_wrapper\"><div  class= \"vc_pie_chart wpb_content_element\" data-pie-value=\"95\" data-pie-label-value=\"\" data-pie-units=\"%\" data-pie-color=\"#75d69c\"><div class=\"wpb_wrapper\"><div class=\"vc_pie_wrapper\"><span class=\"vc_pie_chart_back\" style=\"border-color: #75d69c\"><\/span><span class=\"vc_pie_chart_value\"><\/span><canvas width=\"101\" height=\"101\"><\/canvas><\/div><h4 class=\"wpb_heading wpb_pie_chart_heading\">2017 GPA of Roberto Emre S\u00f6kmen, who has been studying at our institution for 4 years and graduated from the 11th grade at Saint Michel.<\/h4><\/div><\/div><\/div><\/div><\/div><div class=\"wpb_column vc_column_container vc_col-sm-3\"><div class=\"vc_column-inner vc_custom_1535972937262\"><div class=\"wpb_wrapper\"><div  class= \"vc_pie_chart wpb_content_element\" data-pie-value=\"95\" data-pie-label-value=\"\" data-pie-units=\"%\" data-pie-color=\"#75d69c\"><div class=\"wpb_wrapper\"><div class=\"vc_pie_wrapper\"><span class=\"vc_pie_chart_back\" style=\"border-color: #75d69c\"><\/span><span class=\"vc_pie_chart_value\"><\/span><canvas width=\"101\" height=\"101\"><\/canvas><\/div><h4 class=\"wpb_heading wpb_pie_chart_heading\">2017 GPA of Antonio Can S\u00f6kmen, who has been studying at our institution for 4 years and graduated from the 11th grade at Sainte Pulch\u00e9rie.<\/h4><\/div><\/div><\/div><\/div><\/div><div class=\"wpb_column vc_column_container vc_col-sm-3\"><div class=\"vc_column-inner vc_custom_1535972941143\"><div class=\"wpb_wrapper\"><div  class= \"vc_pie_chart wpb_content_element\" data-pie-value=\"85\" data-pie-label-value=\"\" data-pie-units=\"%\" data-pie-color=\"#75d69c\"><div class=\"wpb_wrapper\"><div class=\"vc_pie_wrapper\"><span class=\"vc_pie_chart_back\" style=\"border-color: #75d69c\"><\/span><span class=\"vc_pie_chart_value\"><\/span><canvas width=\"101\" height=\"101\"><\/canvas><\/div><h4 class=\"wpb_heading wpb_pie_chart_heading\">2017 GPA of Lila \u00d6zkan, who has been studying at our institution for 2 years and graduated from Saint Benoit 10th grade.<\/h4><\/div><\/div><\/div><\/div><\/div><\/div><\/div><\/div><\/div><\/div><div class=\"vc_row-full-width vc_clearfix\"><\/div><div data-vc-full-width=\"true\" data-vc-full-width-init=\"false\" class=\"vc_row wpb_row vc_row-fluid vc_custom_1583856557883 vc_row-has-fill\"><div class=\"wpb_column vc_column_container vc_col-sm-12\"><div class=\"vc_column-inner\"><div class=\"wpb_wrapper\"><div class=\"vc_row wpb_row vc_inner vc_row-fluid vc_custom_1513764983907 vc_row-has-padding-top vc_row-has-padding-bottom\"><div class=\"wpb_column vc_column_container vc_col-sm-3\"><div class=\"vc_column-inner vc_custom_1584106873116\"><div class=\"wpb_wrapper\"><div  class= \"vc_pie_chart wpb_content_element\" data-pie-value=\"95\" data-pie-label-value=\"\" data-pie-units=\"%\" data-pie-color=\"#75d69c\"><div class=\"wpb_wrapper\"><div class=\"vc_pie_wrapper\"><span class=\"vc_pie_chart_back\" style=\"border-color: #75d69c\"><\/span><span class=\"vc_pie_chart_value\"><\/span><canvas width=\"101\" height=\"101\"><\/canvas><\/div><h4 class=\"wpb_heading wpb_pie_chart_heading\">Haz\u0131rl\u0131k s\u0131n\u0131f\u0131 b\u00fct\u00fcnleme s\u0131navlar\u0131na haz\u0131rlad\u0131\u011f\u0131m\u0131z \u00f6\u011frencilerin %95\u2019i s\u0131navlar\u0131n\u0131 ba\u015far\u0131p 9. s\u0131n\u0131fa do\u011frudan ge\u00e7i\u015f yapm\u0131\u015ft\u0131r.<\/h4><\/div><\/div><\/div><\/div><\/div><div class=\"wpb_column vc_column_container vc_col-sm-3\"><div class=\"vc_column-inner vc_custom_1584106877180\"><div class=\"wpb_wrapper\"><div  class= \"vc_pie_chart wpb_content_element\" data-pie-value=\"85\" data-pie-label-value=\"\" data-pie-units=\"%\" data-pie-color=\"#75d69c\"><div class=\"wpb_wrapper\"><div class=\"vc_pie_wrapper\"><span class=\"vc_pie_chart_back\" style=\"border-color: #75d69c\"><\/span><span class=\"vc_pie_chart_value\"><\/span><canvas width=\"101\" height=\"101\"><\/canvas><\/div><h4 class=\"wpb_heading wpb_pie_chart_heading\">French grade point average of our students who completed the 2017 Preparatory class.<\/h4><\/div><\/div><\/div><\/div><\/div><div class=\"wpb_column vc_column_container vc_col-sm-3\"><div class=\"vc_column-inner vc_custom_1584106882524\"><div class=\"wpb_wrapper\"><div  class= \"vc_pie_chart wpb_content_element\" data-pie-value=\"100\" data-pie-label-value=\"\" data-pie-units=\"%\" data-pie-color=\"#75d69c\"><div class=\"wpb_wrapper\"><div class=\"vc_pie_wrapper\"><span class=\"vc_pie_chart_back\" style=\"border-color: #75d69c\"><\/span><span class=\"vc_pie_chart_value\"><\/span><canvas width=\"101\" height=\"101\"><\/canvas><\/div><h4 class=\"wpb_heading wpb_pie_chart_heading\">Success Achieved in Galatasaray High School Passage Exam Every Year Since 2011<\/h4><\/div><\/div><\/div><\/div><\/div><div class=\"wpb_column vc_column_container vc_col-sm-3\"><div class=\"vc_column-inner vc_custom_1584106887781\"><div class=\"wpb_wrapper\"><div class=\"kd-alertbox ab_success\">\n                <div class=\"ab-icon\"><i class=\"fas fa-check iconita\"><\/i><\/div>\n                <div class=\"ab-message\">With 2 students who failed the class for the second time and were about to be expelled from school; The 70 point threshold was exceeded and they were allowed to continue their education at Galatasaray.<\/div>\n                <a href=\"#\" class=\"ab-close\"><i class=\"fas fa-times iconita\"><\/i><\/a>\n            <\/div><div class=\"vc_empty_space\"   style=\"height: 20px\"><span class=\"vc_empty_space_inner\"><\/span><\/div><\/div><\/div><\/div><\/div><\/div><\/div><\/div><\/div><div class=\"vc_row-full-width vc_clearfix\"><\/div>","protected":false},"excerpt":{"rendered":"Frans\u0131z Liseleri 9.S\u0131n\u0131fa do\u011frudan ge\u00e7i\u015f s\u0131nav\u0131n\u0131 ge\u00e7erek 2025-2026 E\u011fitim-\u00d6\u011fretim Y\u0131l\u0131'nda 9.s\u0131n\u0131fa ba\u015flayacak olan \u00f6\u011frencimiz Duru [...]","protected":false},"author":1,"featured_media":0,"parent":0,"menu_order":0,"comment_status":"closed","ping_status":"closed","template":"","meta":{"footnotes":""},"class_list":["post-5722","page","type-page","status-publish","hentry"],"yoast_head":"<!-- This site is optimized with the Yoast SEO plugin v15.5 - https:\/\/yoast.com\/wordpress\/plugins\/seo\/ -->\n<title>Say\u0131sal Veriler | Chateau E\u011fitim<\/title>\n<meta name=\"robots\" content=\"index, follow, max-snippet:-1, max-image-preview:large, max-video-preview:-1\" \/>\n<link rel=\"canonical\" href=\"https:\/\/chateauegitim.com\/en\/gurur-tablomuz-sayisal-veriler\/\" \/>\n<meta property=\"og:locale\" content=\"en_US\" \/>\n<meta property=\"og:type\" content=\"article\" \/>\n<meta property=\"og:title\" content=\"Say\u0131sal Veriler | Chateau E\u011fitim\" \/>\n<meta property=\"og:url\" content=\"https:\/\/chateauegitim.com\/en\/gurur-tablomuz-sayisal-veriler\/\" \/>\n<meta property=\"og:site_name\" content=\"Chateau E\u011fitim\" \/>\n<meta property=\"article:modified_time\" content=\"2025-07-15T10:31:28+00:00\" \/>\n<meta name=\"twitter:card\" content=\"summary_large_image\" \/>\n<meta name=\"twitter:label1\" content=\"Est. reading time\">\n\t<meta name=\"twitter:data1\" content=\"6 minutes\">\n<script type=\"application\/ld+json\" class=\"yoast-schema-graph\">{\"@context\":\"https:\/\/schema.org\",\"@graph\":[{\"@type\":\"WebSite\",\"@id\":\"https:\/\/chateauegitim.com\/en\/#website\",\"url\":\"https:\/\/chateauegitim.com\/en\/\",\"name\":\"Chateau E\\u011fitim\",\"description\":\"\\u0130novatif E\\u011fitim\",\"potentialAction\":[{\"@type\":\"SearchAction\",\"target\":\"https:\/\/chateauegitim.com\/en\/?s={search_term_string}\",\"query-input\":\"required name=search_term_string\"}],\"inLanguage\":\"en-US\"},{\"@type\":\"WebPage\",\"@id\":\"https:\/\/chateauegitim.com\/en\/gurur-tablomuz-sayisal-veriler\/#webpage\",\"url\":\"https:\/\/chateauegitim.com\/en\/gurur-tablomuz-sayisal-veriler\/\",\"name\":\"Say\\u0131sal Veriler | Chateau E\\u011fitim\",\"isPartOf\":{\"@id\":\"https:\/\/chateauegitim.com\/en\/#website\"},\"datePublished\":\"2018-10-22T13:45:24+00:00\",\"dateModified\":\"2025-07-15T10:31:28+00:00\",\"inLanguage\":\"en-US\",\"potentialAction\":[{\"@type\":\"ReadAction\",\"target\":[\"https:\/\/chateauegitim.com\/en\/gurur-tablomuz-sayisal-veriler\/\"]}]}]}<\/script>\n<!-- \/ Yoast SEO plugin. -->","_links":{"self":[{"href":"https:\/\/chateauegitim.com\/en\/wp-json\/wp\/v2\/pages\/5722","targetHints":{"allow":["GET"]}}],"collection":[{"href":"https:\/\/chateauegitim.com\/en\/wp-json\/wp\/v2\/pages"}],"about":[{"href":"https:\/\/chateauegitim.com\/en\/wp-json\/wp\/v2\/types\/page"}],"author":[{"embeddable":true,"href":"https:\/\/chateauegitim.com\/en\/wp-json\/wp\/v2\/users\/1"}],"replies":[{"embeddable":true,"href":"https:\/\/chateauegitim.com\/en\/wp-json\/wp\/v2\/comments?post=5722"}],"version-history":[{"count":97,"href":"https:\/\/chateauegitim.com\/en\/wp-json\/wp\/v2\/pages\/5722\/revisions"}],"predecessor-version":[{"id":9721,"href":"https:\/\/chateauegitim.com\/en\/wp-json\/wp\/v2\/pages\/5722\/revisions\/9721"}],"wp:attachment":[{"href":"https:\/\/chateauegitim.com\/en\/wp-json\/wp\/v2\/media?parent=5722"}],"curies":[{"name":"wp","href":"https:\/\/api.w.org\/{rel}","templated":true}]}}