{"id":5752,"date":"2018-10-22T13:48:34","date_gmt":"2018-10-22T13:48:34","guid":{"rendered":"https:\/\/www.ekko-wp.com\/?page_id=5752"},"modified":"2025-06-23T10:45:19","modified_gmt":"2025-06-23T07:45:19","slug":"iletisim","status":"publish","type":"page","link":"https:\/\/chateauegitim.com\/en\/iletisim\/","title":{"rendered":"Contact Us"},"content":{"rendered":"<div data-vc-full-width=\"true\" data-vc-full-width-init=\"false\" class=\"vc_row wpb_row vc_row-fluid vc_custom_1556019931157\"><div class=\"wpb_column vc_column_container vc_col-sm-12\"><div class=\"vc_column-inner vc_custom_1516095762744\"><div class=\"wpb_wrapper\"><div class=\"vc_row wpb_row vc_inner vc_row-fluid vc_custom_1556019928500 vc_row-has-padding-bottom\"><div class=\"wpb_column vc_column_container vc_col-sm-6\"><div class=\"vc_column-inner vc_custom_1556019967766\"><div class=\"wpb_wrapper\"><h3 style=\"text-align: left\" class=\"vc_custom_heading wpb_animate_when_almost_visible wpb_fadeIn fadeIn\" >Contact Form<\/h3><h5 style=\"text-align: left\" class=\"vc_custom_heading wpb_animate_when_almost_visible wpb_fadeIn fadeIn vc_custom_1583496958801\" >You can fill out the form for all your questions, wishes, complaints and suggestions.<\/h5><h6 style=\"text-align: left\" class=\"vc_custom_heading wpb_animate_when_almost_visible wpb_fadeIn fadeIn\" >We will get back to you as soon as possible.<\/h6><h5 style=\"text-align: left\" class=\"vc_custom_heading wpb_animate_when_almost_visible wpb_fadeIn fadeIn\" >Social media<\/h5><div class=\"kd-social-profiles icon-left-align  bg-shape-none hover-default\" style=\"font-size:30px;\" ><ul class=\"kd-social-list clearfix\"><li><a target=\"_blank\" href=\"https:\/\/www.instagram.com\/chateauegitim\/\"><i class=\"fab fa-instagram\" ><\/i><\/a><\/li><li><a target=\"_blank\" href=\"https:\/\/www.linkedin.com\/company\/10842845\/\"><i class=\"fab fa-linkedin\" ><\/i><\/a><\/li><li><a target=\"_blank\" href=\"https:\/\/www.youtube.com\/channel\/UCWOikDaUSCE3RwaBJURPUyQ\"><i class=\"fab fa-youtube\" ><\/i><\/a><\/li><\/ul><\/div><\/div><\/div><\/div><div class=\"wpb_column vc_column_container vc_col-sm-6\"><div class=\"vc_column-inner vc_custom_1515497653772\"><div class=\"wpb_wrapper\"><div class=\"kd-contact-form full-width-cf\" ><div role=\"form\" class=\"wpcf7\" id=\"wpcf7-f5208-o1\" lang=\"en-US\" dir=\"ltr\">\n<div class=\"screen-reader-response\"><p role=\"status\" aria-live=\"polite\" aria-atomic=\"true\"><\/p> <ul><\/ul><\/div>\n<form action=\"\/en\/wp-json\/wp\/v2\/pages\/5752#wpcf7-f5208-o1\" method=\"post\" class=\"wpcf7-form init\" novalidate=\"novalidate\" data-status=\"init\" data-trp-original-action=\"\/en\/wp-json\/wp\/v2\/pages\/5752#wpcf7-f5208-o1\">\n<div style=\"display: none;\">\n<input type=\"hidden\" name=\"_wpcf7\" value=\"5208\" \/>\n<input type=\"hidden\" name=\"_wpcf7_version\" value=\"5.3.2\" \/>\n<input type=\"hidden\" name=\"_wpcf7_locale\" value=\"en_US\" \/>\n<input type=\"hidden\" name=\"_wpcf7_unit_tag\" value=\"wpcf7-f5208-o1\" \/>\n<input type=\"hidden\" name=\"_wpcf7_container_post\" value=\"0\" \/>\n<input type=\"hidden\" name=\"_wpcf7_posted_data_hash\" value=\"\" \/>\n<input type=\"hidden\" name=\"_wpcf7_recaptcha_response\" value=\"\" \/>\n<\/div>\n<p><span class=\"wpcf7-form-control-wrap your-name\"><input type=\"text\" name=\"your-name\" value=\"\" size=\"40\" class=\"wpcf7-form-control wpcf7-text wpcf7-validates-as-required\" aria-required=\"true\" aria-invalid=\"false\" placeholder=\"Your name*\" \/><\/span><br \/>\n<span class=\"wpcf7-form-control-wrap your-email\"><input type=\"email\" name=\"your-email\" value=\"\" size=\"40\" class=\"wpcf7-form-control wpcf7-text wpcf7-email wpcf7-validates-as-required wpcf7-validates-as-email\" aria-required=\"true\" aria-invalid=\"false\" placeholder=\"Email*\" \/><\/span><br \/>\n<span class=\"wpcf7-form-control-wrap your-phone\"><input type=\"tel\" name=\"your-phone\" value=\"\" size=\"40\" class=\"wpcf7-form-control wpcf7-text wpcf7-tel wpcf7-validates-as-required wpcf7-validates-as-tel\" aria-required=\"true\" aria-invalid=\"false\" placeholder=\"Telephone*\" \/><\/span><br \/>\n<span class=\"wpcf7-form-control-wrap your-message\"><textarea name=\"your-message\" cols=\"40\" rows=\"10\" class=\"wpcf7-form-control wpcf7-textarea\" aria-invalid=\"false\" placeholder=\"Your message\"><\/textarea><\/span><br \/>\n<span class=\"wpcf7-form-control-wrap acceptance-630\"><span class=\"wpcf7-form-control wpcf7-acceptance\"><span class=\"wpcf7-list-item\"><label><input type=\"checkbox\" name=\"acceptance-630\" value=\"1\" aria-invalid=\"false\" \/><span class=\"wpcf7-list-item-label\"><a href=\"https:\/\/chateauegitim.com\/en\/gizlilik-politikasi\/\" target=\"_blank\"> Privacy Policy <\/a> I have read the text and I approve it.<\/span><\/label><\/span><\/span><\/span><br \/>\n<span class=\"wpcf7-form-control-wrap acceptance-123\"><span class=\"wpcf7-form-control wpcf7-acceptance\"><span class=\"wpcf7-list-item\"><label><input type=\"checkbox\" name=\"acceptance-123\" value=\"1\" aria-invalid=\"false\" \/><span class=\"wpcf7-list-item-label\"><a href=\"https:\/\/chateauegitim.com\/en\/acik-riza-onayi\/\" target=\"_blank\"> Explicit Consent Approval<\/a> I have read the form and I accept it.<\/span><\/label><\/span><\/span><\/span><br \/>\n<input type=\"submit\" value=\"Send\" class=\"wpcf7-form-control wpcf7-submit\" \/><\/p>\n<input type='hidden' class='wpcf7-pum' value='{\"closepopup\":false,\"closedelay\":0,\"openpopup\":false,\"openpopup_id\":0}' \/><div class=\"wpcf7-response-output\" aria-hidden=\"true\"><\/div><input type=\"hidden\" name=\"trp-form-language\" value=\"en\"\/><\/form><\/div><\/div><\/div><\/div><\/div><\/div><\/div><\/div><\/div><\/div><div class=\"vc_row-full-width vc_clearfix\"><\/div><div data-vc-full-width=\"true\" data-vc-full-width-init=\"false\" data-vc-stretch-content=\"true\" class=\"vc_row wpb_row vc_row-fluid vc_row-no-padding\"><div class=\"wpb_column vc_column_container vc_col-sm-12\"><div class=\"vc_column-inner\"><div class=\"wpb_wrapper\"><script>\r\n\r\n                    function initKdMap_kd69e892b6e3ce9() {\r\n                      var map_kd69e892b6e3ce9;\r\n        \t\t\t\t\t\t\tvar gmap_location_kd69e892b6e3ce9 = new google.maps.LatLng(41.052078, 28.9910225);\r\n        \t\t\t\t\t\t\tvar GMAP_MODULE_kd69e892b6e3ce9 = \"customMap\";\r\n      \t\t\t\t\t\t\t\tvar featureOpts = [\r\n      \t\t\t\t\t\t\t\t\t\t\t{\r\n      \t\t\t\t\t\t\t\t\t\t\t  stylers: [\r\n      \t\t\t\t\t\t\t\t\t\t\t\t{ \"visibility\": \"on\" },\r\n      \t\t\t\t\t\t\t\t\t\t\t\t{ \"weight\": 1 },\r\n      \t\t\t\t\t\t\t\t\t\t\t\t{ \"saturation\": -100 },\r\n      \t\t\t\t\t\t\t\t\t\t\t\t{ \"lightness\": 2.2 },\r\n      \t\t\t\t\t\t\t\t\t\t\t\t{ \"gamma\": 2.2 }\r\n      \t\t\t\t\t\t\t\t\t\t\t  ]\r\n      \t\t\t\t\t\t\t\t\t\t\t}, {\r\n                                featureType: \"poi\",\r\n                                stylers: [\r\n                                  { \"visibility\": \"off\" }\r\n                                ]\r\n                              }\r\n      \t\t\t\t\t\t\t\t\t\t];\r\n      \t\t\t\t\t\t\t\tvar mapOptions = {\r\n      \t\t\t\t\t\t\t\t\tzoom: 15,\r\n      \t\t\t\t\t\t\t\t\tcenter: gmap_location_kd69e892b6e3ce9,\r\n                        scrollwheel: false,\r\n      \t\t\t\t\t\t\t\t\tmapTypeControlOptions: {\r\n      \t\t\t\t\t\t\t\t\t\tmapTypeIds: [google.maps.MapTypeId.ROADMAP, GMAP_MODULE_kd69e892b6e3ce9]\r\n      \t\t\t\t\t\t\t\t\t},\r\n      \t\t\t\t\t\t\t\t\tmapTypeId: GMAP_MODULE_kd69e892b6e3ce9\r\n      \t\t\t\t\t\t\t\t};\r\n      \t\t\t\t\t\t\t\tmap_kd69e892b6e3ce9 = new google.maps.Map(document.getElementById(\"kd69e892b6e3ce9\"), mapOptions);\r\n      \t\t\t\t\t\t\t\tmarker_kd69e892b6e3ce9 = new google.maps.Marker({\r\n      \t\t\t\t\t\t\t\t\tmap: map_kd69e892b6e3ce9,\r\n      \t\t\t\t\t\t\t\t\tdraggable: false,\r\n      \t\t\t\t\t\t\t\t\tanimation: google.maps.Animation.DROP,\r\n      \t\t\t\t\t\t\t\t\tposition: gmap_location_kd69e892b6e3ce9,\r\n      \t\t\t\t\t\t\t\t\ticon: \"https:\/\/www.ekko-wp.com\/static\/wp-content\/uploads\/sites\/3\/2018\/10\/map-marker.png\"\r\n      \t\t\t\t\t\t\t\t  });\r\n      \t\t\t\t\t\t\t\tgoogle.maps.event.addListener(marker_kd69e892b6e3ce9, \"click\", function() {\r\n      \t\t\t\t\t\t\t\t\tif (marker_kd69e892b6e3ce9.getAnimation() != null) {\r\n      \t\t\t\t\t\t\t\t\t\tmarker_kd69e892b6e3ce9.setAnimation(null);\r\n      \t\t\t\t\t\t\t\t\t} else {\r\n      \t\t\t\t\t\t\t\t\t\tmarker_kd69e892b6e3ce9.setAnimation(google.maps.Animation.BOUNCE);\r\n      \t\t\t\t\t\t\t\t\t}\r\n      \t\t\t\t\t\t\t\t});\r\n      \t\t\t\t\t\t\t\tvar styledMapOptions = {\r\n      \t\t\t\t\t\t\t\t\tname: \"ekko Map3\"\r\n      \t\t\t\t\t\t\t\t};\r\n      \t\t\t\t\t\t\t\tvar customMapType_kd69e892b6e3ce9 = new google.maps.StyledMapType(featureOpts, styledMapOptions);\r\n      \t\t\t\t\t\t\t\tmap_kd69e892b6e3ce9.mapTypes.set(GMAP_MODULE_kd69e892b6e3ce9, customMapType_kd69e892b6e3ce9);\r\n                      }\r\n                      jQuery(window).on(\"load\", function() {\r\n                        initKdMap_kd69e892b6e3ce9();\r\n                      });\r\n      \t\t\t\t\t\t<\/script><div class=\"contact-map-container left_info_panel\" style=\"height: 560px;\"><div class=\"business-info-wrapper\">\r\n                        <span class=\"fas fa-times toggle-map-info\"><\/span>\r\n                        <div class=\"business-info-header\"><h4>Headquarters: Ni\u015fanta\u015f\u0131<\/h4><address><span class=\"business-address-row\"><i class=\"fas fa-map-marker-alt\"><\/i><span class=\"address-overflow\">Me\u015frutiyet Mah. Rumeli Cad. No:4 D:6 Floor:6 Ni\u015fanta\u015f\u0131 \u015ei\u015fli \/ \u0130stanbul<\/span><\/span><span class=\"business-phone-row\"><i class=\"fas fa-phone-alt\"><\/i>0850 532 39 81<\/span><span class=\"business-email-row\"><i class=\"far fa-envelope\"><\/i><a href=\"mailto:info@chateauegitim.com\">info@chateauegitim.com<\/a><\/span><\/address>\r\n                        <\/div>\r\n                        <div class=\"business-info-schedule\">\r\n                            <h4><\/h4><div class=\"business-info-day\"><span class=\"business-info-day-name\">Monday - Friday<\/span><span class=\"business-info-day-hours\">13:00 - 20:00<\/span><\/div><div class=\"business-info-day\"><span class=\"business-info-day-name\">Saturday Sunday<\/span><span class=\"business-info-day-hours\">10:30-18:30<\/span><\/div><\/div>\r\n                    <\/div><div id=\"kd69e892b6e3ce9\" class=\"kd_map\" style=\"height: 560px;\"><\/div>\r\n\r\n            <\/div><script>\r\n\r\n                    function initKdMap_kd69e892b6e3d53() {\r\n                      var map_kd69e892b6e3d53;\r\n        \t\t\t\t\t\t\tvar gmap_location_kd69e892b6e3d53 = new google.maps.LatLng(40.962047, 29.076316);\r\n        \t\t\t\t\t\t\tvar GMAP_MODULE_kd69e892b6e3d53 = \"customMap\";\r\n      \t\t\t\t\t\t\t\tvar featureOpts = [\r\n      \t\t\t\t\t\t\t\t\t\t\t{\r\n      \t\t\t\t\t\t\t\t\t\t\t  stylers: [\r\n      \t\t\t\t\t\t\t\t\t\t\t\t{ \"visibility\": \"on\" },\r\n      \t\t\t\t\t\t\t\t\t\t\t\t{ \"weight\": 1 },\r\n      \t\t\t\t\t\t\t\t\t\t\t\t{ \"saturation\": -100 },\r\n      \t\t\t\t\t\t\t\t\t\t\t\t{ \"lightness\": 2.2 },\r\n      \t\t\t\t\t\t\t\t\t\t\t\t{ \"gamma\": 2.2 }\r\n      \t\t\t\t\t\t\t\t\t\t\t  ]\r\n      \t\t\t\t\t\t\t\t\t\t\t}, {\r\n                                featureType: \"poi\",\r\n                                stylers: [\r\n                                  { \"visibility\": \"off\" }\r\n                                ]\r\n                              }\r\n      \t\t\t\t\t\t\t\t\t\t];\r\n      \t\t\t\t\t\t\t\tvar mapOptions = {\r\n      \t\t\t\t\t\t\t\t\tzoom: 15,\r\n      \t\t\t\t\t\t\t\t\tcenter: gmap_location_kd69e892b6e3d53,\r\n                        scrollwheel: false,\r\n      \t\t\t\t\t\t\t\t\tmapTypeControlOptions: {\r\n      \t\t\t\t\t\t\t\t\t\tmapTypeIds: [google.maps.MapTypeId.ROADMAP, GMAP_MODULE_kd69e892b6e3d53]\r\n      \t\t\t\t\t\t\t\t\t},\r\n      \t\t\t\t\t\t\t\t\tmapTypeId: GMAP_MODULE_kd69e892b6e3d53\r\n      \t\t\t\t\t\t\t\t};\r\n      \t\t\t\t\t\t\t\tmap_kd69e892b6e3d53 = new google.maps.Map(document.getElementById(\"kd69e892b6e3d53\"), mapOptions);\r\n      \t\t\t\t\t\t\t\tmarker_kd69e892b6e3d53 = new google.maps.Marker({\r\n      \t\t\t\t\t\t\t\t\tmap: map_kd69e892b6e3d53,\r\n      \t\t\t\t\t\t\t\t\tdraggable: false,\r\n      \t\t\t\t\t\t\t\t\tanimation: google.maps.Animation.DROP,\r\n      \t\t\t\t\t\t\t\t\tposition: gmap_location_kd69e892b6e3d53,\r\n      \t\t\t\t\t\t\t\t\ticon: \"https:\/\/www.ekko-wp.com\/static\/wp-content\/uploads\/sites\/3\/2018\/10\/map-marker.png\"\r\n      \t\t\t\t\t\t\t\t  });\r\n      \t\t\t\t\t\t\t\tgoogle.maps.event.addListener(marker_kd69e892b6e3d53, \"click\", function() {\r\n      \t\t\t\t\t\t\t\t\tif (marker_kd69e892b6e3d53.getAnimation() != null) {\r\n      \t\t\t\t\t\t\t\t\t\tmarker_kd69e892b6e3d53.setAnimation(null);\r\n      \t\t\t\t\t\t\t\t\t} else {\r\n      \t\t\t\t\t\t\t\t\t\tmarker_kd69e892b6e3d53.setAnimation(google.maps.Animation.BOUNCE);\r\n      \t\t\t\t\t\t\t\t\t}\r\n      \t\t\t\t\t\t\t\t});\r\n      \t\t\t\t\t\t\t\tvar styledMapOptions = {\r\n      \t\t\t\t\t\t\t\t\tname: \"ekko Map3\"\r\n      \t\t\t\t\t\t\t\t};\r\n      \t\t\t\t\t\t\t\tvar customMapType_kd69e892b6e3d53 = new google.maps.StyledMapType(featureOpts, styledMapOptions);\r\n      \t\t\t\t\t\t\t\tmap_kd69e892b6e3d53.mapTypes.set(GMAP_MODULE_kd69e892b6e3d53, customMapType_kd69e892b6e3d53);\r\n                      }\r\n                      jQuery(window).on(\"load\", function() {\r\n                        initKdMap_kd69e892b6e3d53();\r\n                      });\r\n      \t\t\t\t\t\t<\/script><div class=\"contact-map-container left_info_panel\" style=\"height: 560px;\"><div class=\"business-info-wrapper\">\r\n                        <span class=\"fas fa-times toggle-map-info\"><\/span>\r\n                        <div class=\"business-info-header\"><h4>Branch: Ba\u011fdat Caddesi<\/h4><address><span class=\"business-address-row\"><i class=\"fas fa-map-marker-alt\"><\/i><span class=\"address-overflow\">Suadiye Mah. Bagdat Cad. No:386 Z\u00fcmr\u00fct Apt. K: 2 D: 4 \u015ea\u015fk\u0131nbakkal \/ Istanbul<\/span><\/span><span class=\"business-phone-row\"><i class=\"fas fa-phone-alt\"><\/i>0850 532 39 81<\/span><span class=\"business-email-row\"><i class=\"far fa-envelope\"><\/i><a href=\"mailto:info@chateauegitim.com\">info@chateauegitim.com<\/a><\/span><\/address>\r\n                        <\/div>\r\n                        <div class=\"business-info-schedule\">\r\n                            <h4><\/h4><div class=\"business-info-day\"><span class=\"business-info-day-name\">Monday - Friday<\/span><span class=\"business-info-day-hours\">13:00 - 20:00<\/span><\/div><div class=\"business-info-day\"><span class=\"business-info-day-name\">Saturday Sunday<\/span><span class=\"business-info-day-hours\">10:30-18:30<\/span><\/div><\/div>\r\n                    <\/div><div id=\"kd69e892b6e3d53\" class=\"kd_map\" style=\"height: 560px;\"><\/div>\r\n\r\n            <\/div><\/div><\/div><\/div><\/div><div class=\"vc_row-full-width vc_clearfix\"><\/div>","protected":false},"excerpt":{"rendered":"Contact FormYou can fill out the form for all your questions, wishes, complaints and suggestions. We will get back to you as soon as possible. Social [...]","protected":false},"author":1,"featured_media":0,"parent":0,"menu_order":0,"comment_status":"closed","ping_status":"closed","template":"","meta":{"footnotes":""},"class_list":["post-5752","page","type-page","status-publish","hentry"],"yoast_head":"<!-- This site is optimized with the Yoast SEO plugin v15.5 - https:\/\/yoast.com\/wordpress\/plugins\/seo\/ -->\n<title>\u0130leti\u015fim | Chateau E\u011fitim<\/title>\n<meta name=\"robots\" content=\"index, follow, max-snippet:-1, max-image-preview:large, max-video-preview:-1\" \/>\n<link rel=\"canonical\" href=\"https:\/\/chateauegitim.com\/en\/iletisim\/\" \/>\n<meta property=\"og:locale\" content=\"en_US\" \/>\n<meta property=\"og:type\" content=\"article\" \/>\n<meta property=\"og:title\" content=\"\u0130leti\u015fim | Chateau E\u011fitim\" \/>\n<meta property=\"og:url\" content=\"https:\/\/chateauegitim.com\/en\/iletisim\/\" \/>\n<meta property=\"og:site_name\" content=\"Chateau E\u011fitim\" \/>\n<meta property=\"article:modified_time\" content=\"2025-06-23T07:45:19+00:00\" \/>\n<meta name=\"twitter:card\" content=\"summary_large_image\" \/>\n<meta name=\"twitter:label1\" content=\"Est. reading time\">\n\t<meta name=\"twitter:data1\" content=\"2 minutes\">\n<script type=\"application\/ld+json\" class=\"yoast-schema-graph\">{\"@context\":\"https:\/\/schema.org\",\"@graph\":[{\"@type\":\"WebSite\",\"@id\":\"https:\/\/chateauegitim.com\/en\/#website\",\"url\":\"https:\/\/chateauegitim.com\/en\/\",\"name\":\"Chateau E\\u011fitim\",\"description\":\"\\u0130novatif E\\u011fitim\",\"potentialAction\":[{\"@type\":\"SearchAction\",\"target\":\"https:\/\/chateauegitim.com\/en\/?s={search_term_string}\",\"query-input\":\"required name=search_term_string\"}],\"inLanguage\":\"en-US\"},{\"@type\":\"WebPage\",\"@id\":\"https:\/\/chateauegitim.com\/en\/iletisim\/#webpage\",\"url\":\"https:\/\/chateauegitim.com\/en\/iletisim\/\",\"name\":\"\\u0130leti\\u015fim | Chateau E\\u011fitim\",\"isPartOf\":{\"@id\":\"https:\/\/chateauegitim.com\/en\/#website\"},\"datePublished\":\"2018-10-22T13:48:34+00:00\",\"dateModified\":\"2025-06-23T07:45:19+00:00\",\"inLanguage\":\"en-US\",\"potentialAction\":[{\"@type\":\"ReadAction\",\"target\":[\"https:\/\/chateauegitim.com\/en\/iletisim\/\"]}]}]}<\/script>\n<!-- \/ Yoast SEO plugin. -->","_links":{"self":[{"href":"https:\/\/chateauegitim.com\/en\/wp-json\/wp\/v2\/pages\/5752","targetHints":{"allow":["GET"]}}],"collection":[{"href":"https:\/\/chateauegitim.com\/en\/wp-json\/wp\/v2\/pages"}],"about":[{"href":"https:\/\/chateauegitim.com\/en\/wp-json\/wp\/v2\/types\/page"}],"author":[{"embeddable":true,"href":"https:\/\/chateauegitim.com\/en\/wp-json\/wp\/v2\/users\/1"}],"replies":[{"embeddable":true,"href":"https:\/\/chateauegitim.com\/en\/wp-json\/wp\/v2\/comments?post=5752"}],"version-history":[{"count":69,"href":"https:\/\/chateauegitim.com\/en\/wp-json\/wp\/v2\/pages\/5752\/revisions"}],"predecessor-version":[{"id":9711,"href":"https:\/\/chateauegitim.com\/en\/wp-json\/wp\/v2\/pages\/5752\/revisions\/9711"}],"wp:attachment":[{"href":"https:\/\/chateauegitim.com\/en\/wp-json\/wp\/v2\/media?parent=5752"}],"curies":[{"name":"wp","href":"https:\/\/api.w.org\/{rel}","templated":true}]}}