{"id":7445,"date":"2020-03-06T12:53:28","date_gmt":"2020-03-06T09:53:28","guid":{"rendered":"http:\/\/chateauegitim.com\/?page_id=7445"},"modified":"2025-09-18T10:51:26","modified_gmt":"2025-09-18T07:51:26","slug":"kurumsal-fransizca-programi","status":"publish","type":"page","link":"https:\/\/chateauegitim.com\/en\/kurumsal-fransizca-programi\/","title":{"rendered":"Corporate French Program"},"content":{"rendered":"<div data-vc-full-width=\"true\" data-vc-full-width-init=\"false\" class=\"vc_row wpb_row vc_row-fluid vc_custom_1584975996401 vc_row-has-fill\"><div class=\"wpb_column vc_column_container vc_col-sm-12\"><div class=\"vc_column-inner\"><div class=\"wpb_wrapper\"><div class=\"vc_row wpb_row vc_inner vc_row-fluid vc_custom_1555685968851 vc_row-has-padding-top vc_row-has-padding-bottom\"><div class=\"wpb_column vc_column_container vc_col-sm-12\"><div class=\"vc_column-inner\"><div class=\"wpb_wrapper\"><header class=\"kd-section-title col-lg-12 text-center\" ><h2 class=\"separator_off\" >Our references<\/h2><\/header><div class=\"vc_empty_space\"   style=\"height: 32px\"><span class=\"vc_empty_space_inner\"><\/span><\/div><div class=\"slider clients lift-effect kd-client-69e892f0eec98 black-navigation\"><div class=\"clients-content\" ><img loading=\"lazy\" decoding=\"async\" width=\"587\" height=\"345\" src=\"https:\/\/chateauegitim.com\/wp-content\/uploads\/2020\/03\/psa.png\" class=\"attachment-full\" alt=\"\" \/><\/div><div class=\"clients-content\" ><img loading=\"lazy\" decoding=\"async\" width=\"1162\" height=\"672\" src=\"https:\/\/chateauegitim.com\/wp-content\/uploads\/2020\/03\/pfizer-logo-copy1.png\" class=\"attachment-full\" alt=\"\" srcset=\"https:\/\/chateauegitim.com\/wp-content\/uploads\/2020\/03\/pfizer-logo-copy1.png 1162w, https:\/\/chateauegitim.com\/wp-content\/uploads\/2020\/03\/pfizer-logo-copy1-800x463.png 800w, https:\/\/chateauegitim.com\/wp-content\/uploads\/2020\/03\/pfizer-logo-copy1-300x173.png 300w, https:\/\/chateauegitim.com\/wp-content\/uploads\/2020\/03\/pfizer-logo-copy1-1024x592.png 1024w, https:\/\/chateauegitim.com\/wp-content\/uploads\/2020\/03\/pfizer-logo-copy1-768x444.png 768w\" sizes=\"auto, (max-width: 1162px) 100vw, 1162px\" \/><\/div><div class=\"clients-content\" ><img loading=\"lazy\" decoding=\"async\" width=\"1162\" height=\"672\" src=\"https:\/\/chateauegitim.com\/wp-content\/uploads\/2020\/03\/pfizer-logo.png\" class=\"attachment-full\" alt=\"\" srcset=\"https:\/\/chateauegitim.com\/wp-content\/uploads\/2020\/03\/pfizer-logo.png 1162w, https:\/\/chateauegitim.com\/wp-content\/uploads\/2020\/03\/pfizer-logo-800x463.png 800w, https:\/\/chateauegitim.com\/wp-content\/uploads\/2020\/03\/pfizer-logo-300x173.png 300w, https:\/\/chateauegitim.com\/wp-content\/uploads\/2020\/03\/pfizer-logo-1024x592.png 1024w, https:\/\/chateauegitim.com\/wp-content\/uploads\/2020\/03\/pfizer-logo-768x444.png 768w\" sizes=\"auto, (max-width: 1162px) 100vw, 1162px\" \/><\/div><div class=\"clients-content\" ><img loading=\"lazy\" decoding=\"async\" width=\"143\" height=\"90\" src=\"https:\/\/chateauegitim.com\/wp-content\/uploads\/2020\/03\/logo2.png\" class=\"attachment-full\" alt=\"\" \/><\/div><div class=\"clients-content\" ><img loading=\"lazy\" decoding=\"async\" width=\"400\" height=\"236\" src=\"https:\/\/chateauegitim.com\/wp-content\/uploads\/2020\/03\/d6643cdec36537d394291d247658539a_400x400.png\" class=\"attachment-full\" alt=\"\" srcset=\"https:\/\/chateauegitim.com\/wp-content\/uploads\/2020\/03\/d6643cdec36537d394291d247658539a_400x400.png 400w, https:\/\/chateauegitim.com\/wp-content\/uploads\/2020\/03\/d6643cdec36537d394291d247658539a_400x400-300x177.png 300w\" sizes=\"auto, (max-width: 400px) 100vw, 400px\" \/><\/div><div class=\"clients-content\" ><img loading=\"lazy\" decoding=\"async\" width=\"688\" height=\"377\" src=\"https:\/\/chateauegitim.com\/wp-content\/uploads\/2024\/09\/PFW_Hutchinson.png\" class=\"attachment-full\" alt=\"\" srcset=\"https:\/\/chateauegitim.com\/wp-content\/uploads\/2024\/09\/PFW_Hutchinson.png 688w, https:\/\/chateauegitim.com\/wp-content\/uploads\/2024\/09\/PFW_Hutchinson-300x164.png 300w, https:\/\/chateauegitim.com\/wp-content\/uploads\/2024\/09\/PFW_Hutchinson-18x10.png 18w, https:\/\/chateauegitim.com\/wp-content\/uploads\/2024\/09\/PFW_Hutchinson-24x13.png 24w, https:\/\/chateauegitim.com\/wp-content\/uploads\/2024\/09\/PFW_Hutchinson-36x20.png 36w, https:\/\/chateauegitim.com\/wp-content\/uploads\/2024\/09\/PFW_Hutchinson-48x26.png 48w\" sizes=\"auto, (max-width: 688px) 100vw, 688px\" \/><\/div><div class=\"clients-content\" ><img loading=\"lazy\" decoding=\"async\" width=\"470\" height=\"221\" src=\"https:\/\/chateauegitim.com\/wp-content\/uploads\/2025\/02\/images-1.png\" class=\"attachment-full\" alt=\"\" srcset=\"https:\/\/chateauegitim.com\/wp-content\/uploads\/2025\/02\/images-1.png 470w, https:\/\/chateauegitim.com\/wp-content\/uploads\/2025\/02\/images-1-300x141.png 300w, https:\/\/chateauegitim.com\/wp-content\/uploads\/2025\/02\/images-1-18x8.png 18w, https:\/\/chateauegitim.com\/wp-content\/uploads\/2025\/02\/images-1-24x11.png 24w, https:\/\/chateauegitim.com\/wp-content\/uploads\/2025\/02\/images-1-36x17.png 36w, https:\/\/chateauegitim.com\/wp-content\/uploads\/2025\/02\/images-1-48x23.png 48w\" sizes=\"auto, (max-width: 470px) 100vw, 470px\" \/><\/div><\/div><script type=\"text\/javascript\">\r\n              jQuery(document).ready(function($){\r\n                if ($(\".slider.clients.kd-client-69e892f0eec98\").length) {\r\n                  $(\".slider.clients.kd-client-69e892f0eec98\").owlCarousel({\r\n                    stageClass: \"owl-wrapper\",\r\n                    stageOuterClass: \"owl-wrapper-outer\",\r\n                    loadedClass: \"owl-carousel\",\r\n                    responsiveClass:true,\r\n                    responsive:{\r\n                      0:{\r\n                          items:1,nav: true,\r\n                            navSpeed: 500,\r\n                            dots: false,},\r\n                      415:{\r\n                          items:3,nav: true,\r\n                            navSpeed: 500,\r\n                            dots: false,},\r\n                      960:{\r\n                          items:5,nav: true,\r\n                              navSpeed: 500,\r\n                              dots: false,}\r\n                    },loop: true,autoplay: true,autoplayTimeout: 8000,\r\n                  });\r\n                }\r\n              });\r\n            <\/script><\/div><\/div><\/div><\/div><\/div><\/div><\/div><\/div><div class=\"vc_row-full-width vc_clearfix\"><\/div><div class=\"vc_row wpb_row vc_row-fluid vc_custom_1584976000768 vc_row-has-padding-top vc_row-has-padding-bottom\"><div class=\"wpb_column vc_column_container vc_col-sm-12\"><div class=\"vc_column-inner\"><div class=\"wpb_wrapper\"><div class=\"feature-sections-wrapper kd-fsp-69e892f0f038e\">\r\n            <section class=\"feature-sections-tabs\">\r\n              <nav class=\"kd-feature-tabs\">\r\n                <ul class=\"nav nav-tabs sticky-tabs container\">\r\n                <\/ul>\r\n              <\/nav>\r\n            <\/section>\r\n            <section id=\"kd-fss-69e892f0f043d\" class=\"featured-right\"><li class=\"nav-label\"><a class=\"feature-tabs-scroll\" href=\"#kd-fss-69e892f0f043d\"><i class=\"iconsmind-Information fss-nav-icon\" style=\" \"><\/i> Why?<\/a><\/li><div class=\"container\">\r\n                <div class=\"side-content-wrapper kd-animated fadeInLeft\" data-animation-delay=\"200\"><i class=\"section-icon\" style=\" \"><\/i> <h2 class=\"side-content-title\" >Why?<\/h2><h6 class=\"side-content-subtitle\" >Programs prepared by Ch\u00e2teau Education for those who want to learn French as a hobby and\/or commercially;<\/h6><div class=\"side-content-text\" ><\/p>\n<ul>\n<li>It is organized according to the demands of individuals or institutions.<\/li>\n<li>Lesson hours are flexible.<\/li>\n<li>It is given in institutions or in our courses upon request.<\/li>\n<li>It is organized as a group or one-on-one private lesson.<\/li>\n<li>The weights of Listening Comprehension (Compr\u00e9hension Orale), Speaking (Expression Orale), Grammar (Grammaire), Reading (Compr\u00e9hension Ecrite) and Writing (Expression Ecrite) in the program are determined in accordance with the requested education.<\/li>\n<li>Trainings are given within the programs jointly managed by our French and Turkish instructors.<\/li>\n<\/ul>\n<p>If you expect the French Language Program you take for commercial or personal purposes to be qualified and concentrated; We offer to hold an introductory lesson with you without charging any fee.<\/p>\n<\/div><\/div><div class=\"side-featured-wrapper fss-rectangle kd-animated fadeInRight fss-shadow-image\" data-animation-delay=\"200\">\r\n      <div class=\"featured-image\"><img loading=\"lazy\" decoding=\"async\" width=\"1280\" height=\"1600\" src=\"https:\/\/chateauegitim.com\/wp-content\/uploads\/2020\/03\/WhatsApp-Image-2020-03-09-at-21.47.51.jpeg\" class=\"attachment-full\" alt=\"\" srcset=\"https:\/\/chateauegitim.com\/wp-content\/uploads\/2020\/03\/WhatsApp-Image-2020-03-09-at-21.47.51.jpeg 1280w, https:\/\/chateauegitim.com\/wp-content\/uploads\/2020\/03\/WhatsApp-Image-2020-03-09-at-21.47.51-800x1000.jpeg 800w, https:\/\/chateauegitim.com\/wp-content\/uploads\/2020\/03\/WhatsApp-Image-2020-03-09-at-21.47.51-240x300.jpeg 240w, https:\/\/chateauegitim.com\/wp-content\/uploads\/2020\/03\/WhatsApp-Image-2020-03-09-at-21.47.51-819x1024.jpeg 819w, https:\/\/chateauegitim.com\/wp-content\/uploads\/2020\/03\/WhatsApp-Image-2020-03-09-at-21.47.51-768x960.jpeg 768w, https:\/\/chateauegitim.com\/wp-content\/uploads\/2020\/03\/WhatsApp-Image-2020-03-09-at-21.47.51-1229x1536.jpeg 1229w\" sizes=\"auto, (max-width: 1280px) 100vw, 1280px\" \/><\/div>\r\n    <\/div><\/div>\r\n            <\/section><section id=\"kd-fss-69e892f0f0863\" class=\"featured-left\"><li class=\"nav-label\"><a class=\"feature-tabs-scroll\" href=\"#kd-fss-69e892f0f0863\"><i class=\"iconsmind-Speak-2 fss-nav-icon\" style=\" \"><\/i> Corporate French<\/a><\/li><div class=\"container\">\r\n                <div class=\"side-content-wrapper kd-animated fadeInRight\" data-animation-delay=\"200\"><i class=\"section-icon\" style=\" \"><\/i> <h2 class=\"side-content-title\" >Corporate French<\/h2><h6 class=\"side-content-subtitle\" >Corporate French Program Curriculum Contents:<\/h6><div class=\"side-content-text\" ><\/p>\n<ul>\n<li>Managing a Meeting<\/li>\n<li>Presentation Techniques<\/li>\n<li>Bargain Offers<\/li>\n<li>Official Correspondence<\/li>\n<li>Report preparing<\/li>\n<li>Economics Articles<\/li>\n<\/ul>\n<p>&nbsp;<\/p>\n<p class=\"LC20lb DKV0Md\"><strong>(Our Students Who Successfully Completed the Peugeot &amp; Citro\u00ebn Grup A.1.1 Course)<\/strong><\/p>\n<p>\n<\/div><\/div><div class=\"side-featured-wrapper fss-rectangle kd-animated fadeInLeft fss-shadow-image\" data-animation-delay=\"200\">\r\n      <div class=\"featured-image\"><img loading=\"lazy\" decoding=\"async\" width=\"1600\" height=\"1200\" src=\"https:\/\/chateauegitim.com\/wp-content\/uploads\/2020\/03\/WhatsApp-Image-2020-03-09-at-21.58.45.jpeg\" class=\"attachment-full\" alt=\"\" srcset=\"https:\/\/chateauegitim.com\/wp-content\/uploads\/2020\/03\/WhatsApp-Image-2020-03-09-at-21.58.45.jpeg 1600w, https:\/\/chateauegitim.com\/wp-content\/uploads\/2020\/03\/WhatsApp-Image-2020-03-09-at-21.58.45-800x600.jpeg 800w, https:\/\/chateauegitim.com\/wp-content\/uploads\/2020\/03\/WhatsApp-Image-2020-03-09-at-21.58.45-300x225.jpeg 300w, https:\/\/chateauegitim.com\/wp-content\/uploads\/2020\/03\/WhatsApp-Image-2020-03-09-at-21.58.45-1024x768.jpeg 1024w, https:\/\/chateauegitim.com\/wp-content\/uploads\/2020\/03\/WhatsApp-Image-2020-03-09-at-21.58.45-768x576.jpeg 768w, https:\/\/chateauegitim.com\/wp-content\/uploads\/2020\/03\/WhatsApp-Image-2020-03-09-at-21.58.45-1536x1152.jpeg 1536w\" sizes=\"auto, (max-width: 1600px) 100vw, 1600px\" \/><\/div>\r\n    <\/div><\/div>\r\n            <\/section><section id=\"kd-fss-69e892f0f0c2f\" class=\"featured-right\"><li class=\"nav-label\"><a class=\"feature-tabs-scroll\" href=\"#kd-fss-69e892f0f0c2f\"><i class=\"fss-nav-icon\" style=\" \"><\/i> 15 Y\u0131ll\u0131k Tecr\u00fcbe<\/a><\/li><div class=\"container\">\r\n                <div class=\"side-content-wrapper kd-animated fadeInLeft\" data-animation-delay=\"200\"><i class=\"section-icon\" style=\" \"><\/i> <h2 class=\"side-content-title\" >15 Y\u0131ll\u0131k Tecr\u00fcbe<\/h2><h6 class=\"side-content-subtitle\" >TZL Y\u00f6netim Dan\u0131\u015fmanl\u0131\u011f\u0131 giri\u015fimi olan Ch\u00e2teau E\u011fitim T\u00fcrkiye\u2019nin \u00f6nde gelen Frans\u0131zca E\u011fitim Kurumu olup 15 y\u0131ll\u0131k tecr\u00fcbesi boyunca,<\/h6><div class=\"side-content-text\" ><\/p>\n<ul>\n<li>Language training on a sector and process basis, thanks to the Industrial Engineering team who speaks French<\/li>\n<li>Fast, effective and permanent language learning thanks to the education consisting of 100% visual and audio language techniques.<\/li>\n<li>Adaptation to employees&#039; flexible work schedules thanks to technology-based language training<\/li>\n<li>Ensuring practical acquisition of managers through &quot;Focus Meetings&quot; held in the areas of presentation techniques, correspondence and bargaining offers.<\/li>\n<li>20% grammar, 80% practice-based language training<\/li>\n<li>Curriculum carried out in parallel by French and Turkish teachers<\/li>\n<li>Continuous impression within the scope of level consultancy<\/li>\n<\/ul>\n<p>&nbsp;<\/p>\n<p class=\"font_8\"><span class=\"color_2\">It has contributed to the value of companies with the help of its features.<\/span><\/p>\n<p>\n<\/div><\/div><div class=\"side-featured-wrapper fss-rectangle kd-animated fadeInRight fss-shadow-image\" data-animation-delay=\"200\">\r\n      <div class=\"featured-image\"><img loading=\"lazy\" decoding=\"async\" width=\"1920\" height=\"1885\" src=\"https:\/\/chateauegitim.com\/wp-content\/uploads\/2020\/11\/10yilliktecrube.jpg\" class=\"attachment-full\" alt=\"\" srcset=\"https:\/\/chateauegitim.com\/wp-content\/uploads\/2020\/11\/10yilliktecrube.jpg 1920w, https:\/\/chateauegitim.com\/wp-content\/uploads\/2020\/11\/10yilliktecrube-300x295.jpg 300w, https:\/\/chateauegitim.com\/wp-content\/uploads\/2020\/11\/10yilliktecrube-1024x1005.jpg 1024w, https:\/\/chateauegitim.com\/wp-content\/uploads\/2020\/11\/10yilliktecrube-768x754.jpg 768w, https:\/\/chateauegitim.com\/wp-content\/uploads\/2020\/11\/10yilliktecrube-1536x1508.jpg 1536w, https:\/\/chateauegitim.com\/wp-content\/uploads\/2020\/11\/10yilliktecrube-24x24.jpg 24w, https:\/\/chateauegitim.com\/wp-content\/uploads\/2020\/11\/10yilliktecrube-36x36.jpg 36w, https:\/\/chateauegitim.com\/wp-content\/uploads\/2020\/11\/10yilliktecrube-48x48.jpg 48w\" sizes=\"auto, (max-width: 1920px) 100vw, 1920px\" \/><\/div>\r\n    <\/div><\/div>\r\n            <\/section><section id=\"kd-fss-69e892f0f1028\" class=\"featured-left\"><li class=\"nav-label\"><a class=\"feature-tabs-scroll\" href=\"#kd-fss-69e892f0f1028\"><i class=\"iconsmind-Approved-Window fss-nav-icon\" style=\" \"><\/i> Program Details<\/a><\/li><div class=\"container\">\r\n                <div class=\"side-content-wrapper kd-animated fadeInRight\" data-animation-delay=\"200\"><i class=\"section-icon\" style=\" \"><\/i> <h2 class=\"side-content-title\" >Program Details<\/h2><h6 class=\"side-content-subtitle\" >The details of the program prepared by Ch\u00e2teau Education specifically for French Companies or companies requesting a French Language Course are as follows:<\/h6><div class=\"side-content-text\" ><\/p>\n<p class=\"font_8\"><strong><span class=\"color_15\">A) Speaking Classes<br \/>\n<\/span><\/strong><span class=\"color_2\">Weekly Hours: 3 Hours<br \/>\n<\/span><span class=\"color_2\">Total Training Time: 36 Hours<br \/>\n<\/span><span class=\"color_2\">Training Duration: 3 Months<\/span><\/p>\n<p class=\"font_8\"><strong><span class=\"color_15\">B) Intensive French for Executives for 1-5 People<br \/>\n<\/span><\/strong><span class=\"color_2\">Weekly Hours: 6 Hours<br \/>\n<\/span><span class=\"color_2\">Total Training Time: 144 Hours<br \/>\n<\/span><span class=\"color_2\">Training Duration: 6 Months\u00a0<\/span><\/p>\n<p class=\"font_8\"><strong><span class=\"color_15\">C) French for Beginners<br \/>\n<\/span><\/strong><span class=\"color_2\">Weekly Hours: 3 Hours<br \/>\n<\/span><span class=\"color_2\">Total Training Time: 144 Hours<br \/>\n<\/span><span class=\"color_2\">Training Duration: 12 Months<\/span><\/p>\n<p class=\"font_8\"><strong><span class=\"color_15\">D) Level Consultancy<br \/>\n<\/span><\/strong><span class=\"color_2\">It is applied to measure the level of new staff or to measure the French level of existing company staff.\u00a0<\/span><\/p>\n<p>\n<\/div><\/div><div class=\"side-featured-wrapper fss-rectangle kd-animated fadeInLeft fss-shadow-image\" data-animation-delay=\"200\">\r\n      <div class=\"featured-image\"><img loading=\"lazy\" decoding=\"async\" width=\"1920\" height=\"1885\" src=\"https:\/\/chateauegitim.com\/wp-content\/uploads\/2020\/11\/KurumsalProgram.jpg\" class=\"attachment-full\" alt=\"\" srcset=\"https:\/\/chateauegitim.com\/wp-content\/uploads\/2020\/11\/KurumsalProgram.jpg 1920w, https:\/\/chateauegitim.com\/wp-content\/uploads\/2020\/11\/KurumsalProgram-300x295.jpg 300w, https:\/\/chateauegitim.com\/wp-content\/uploads\/2020\/11\/KurumsalProgram-1024x1005.jpg 1024w, https:\/\/chateauegitim.com\/wp-content\/uploads\/2020\/11\/KurumsalProgram-768x754.jpg 768w, https:\/\/chateauegitim.com\/wp-content\/uploads\/2020\/11\/KurumsalProgram-1536x1508.jpg 1536w, https:\/\/chateauegitim.com\/wp-content\/uploads\/2020\/11\/KurumsalProgram-24x24.jpg 24w, https:\/\/chateauegitim.com\/wp-content\/uploads\/2020\/11\/KurumsalProgram-36x36.jpg 36w, https:\/\/chateauegitim.com\/wp-content\/uploads\/2020\/11\/KurumsalProgram-48x48.jpg 48w\" sizes=\"auto, (max-width: 1920px) 100vw, 1920px\" \/><\/div>\r\n    <\/div><\/div>\r\n            <\/section>\r\n            <\/div><style type=\"text\/css\"><\/style><\/div><\/div><\/div><\/div><div data-vc-full-width=\"true\" data-vc-full-width-init=\"false\" data-vc-kd-parallax=\"1.4\" class=\"vc_row wpb_row vc_row-fluid vc_custom_1607100142519 vc_row-has-fill vc_general kd_vc_parallax kd_vc_parallax-content-moving\"><div class=\"parallax-overlay\" data-vc-kd-parallax=\"1.4\"><\/div><div class=\"kd-overlay\"  style=\"background-color:rgba(0,0,0,0.7);\"><\/div><div class=\"wpb_column vc_column_container vc_col-sm-12\"><div class=\"vc_column-inner vc_custom_1516095225433\"><div class=\"wpb_wrapper\"><div class=\"vc_row wpb_row vc_inner vc_row-fluid vc_custom_1555673013129 vc_row-has-padding-top vc_row-has-padding-bottom\"><div class=\"wpb_column vc_column_container vc_col-sm-1\"><div class=\"vc_column-inner vc_custom_1515166784808\"><div class=\"wpb_wrapper\"><\/div><\/div><\/div><div class=\"wpb_column vc_column_container vc_col-sm-4\"><div class=\"vc_column-inner\"><div class=\"wpb_wrapper\"><header class=\"kd-section-title col-lg-12 text-left  kd-animated fadeIn   vc_custom_1583491120092\" data-animation-delay=\"200\"><h2 class=\"separator_off\" style=\"color: #ffffff;\">You are invited to our free introductory lessons!<\/h2><h6 class=\"subtitle\" style=\"color: #eeeeee;\">If you expect your French Language Program to be qualified and concentrated; We offer to hold an introductory lesson with you without charging any fee.<\/h6><\/header><\/div><\/div><\/div><div class=\"wpb_column vc_column_container vc_col-sm-1\"><div class=\"vc_column-inner\"><div class=\"wpb_wrapper\"><\/div><\/div><\/div><div class=\"wpb_column vc_column_container vc_col-sm-5\"><div class=\"vc_column-inner\"><div class=\"wpb_wrapper\"><h4 style=\"color: #ffffff;text-align: left\" class=\"vc_custom_heading wpb_animate_when_almost_visible wpb_fadeIn fadeIn vc_custom_1583491141958\" >We will get back to you as soon as possible.<\/h4><div class=\"kd-contact-form full-width-cf white-input-bg\" ><div role=\"form\" class=\"wpcf7\" id=\"wpcf7-f4439-o1\" lang=\"en-US\" dir=\"ltr\">\n<div class=\"screen-reader-response\"><p role=\"status\" aria-live=\"polite\" aria-atomic=\"true\"><\/p> <ul><\/ul><\/div>\n<form action=\"\/en\/wp-json\/wp\/v2\/pages\/7445#wpcf7-f4439-o1\" method=\"post\" class=\"wpcf7-form init\" novalidate=\"novalidate\" data-status=\"init\" data-trp-original-action=\"\/en\/wp-json\/wp\/v2\/pages\/7445#wpcf7-f4439-o1\">\n<div style=\"display: none;\">\n<input type=\"hidden\" name=\"_wpcf7\" value=\"4439\" \/>\n<input type=\"hidden\" name=\"_wpcf7_version\" value=\"5.3.2\" \/>\n<input type=\"hidden\" name=\"_wpcf7_locale\" value=\"en_US\" \/>\n<input type=\"hidden\" name=\"_wpcf7_unit_tag\" value=\"wpcf7-f4439-o1\" \/>\n<input type=\"hidden\" name=\"_wpcf7_container_post\" value=\"0\" \/>\n<input type=\"hidden\" name=\"_wpcf7_posted_data_hash\" value=\"\" \/>\n<input type=\"hidden\" name=\"_wpcf7_recaptcha_response\" value=\"\" \/>\n<\/div>\n<p><span class=\"wpcf7-form-control-wrap your-name\"><input type=\"text\" name=\"your-name\" value=\"\" size=\"40\" class=\"wpcf7-form-control wpcf7-text wpcf7-validates-as-required\" aria-required=\"true\" aria-invalid=\"false\" placeholder=\"Your name\" \/><\/span><br \/>\n<span class=\"wpcf7-form-control-wrap your-phone\"><input type=\"tel\" name=\"your-phone\" value=\"\" size=\"40\" class=\"wpcf7-form-control wpcf7-text wpcf7-tel wpcf7-validates-as-required wpcf7-validates-as-tel\" aria-required=\"true\" aria-invalid=\"false\" placeholder=\"Telephone\" \/><\/span><br \/>\n<span class=\"wpcf7-form-control-wrap your-email\"><input type=\"email\" name=\"your-email\" value=\"\" size=\"40\" class=\"wpcf7-form-control wpcf7-text wpcf7-email wpcf7-validates-as-required wpcf7-validates-as-email\" aria-required=\"true\" aria-invalid=\"false\" placeholder=\"Email\" \/><\/span><br \/>\n<span class=\"wpcf7-form-control-wrap acceptance-630\"><span class=\"wpcf7-form-control wpcf7-acceptance\"><span class=\"wpcf7-list-item\"><label><input type=\"checkbox\" name=\"acceptance-630\" value=\"1\" aria-invalid=\"false\" \/><span class=\"wpcf7-list-item-label\"><a href=\"https:\/\/chateauegitim.com\/en\/gizlilik-politikasi\/\" target=\"_blank\"> Privacy Policy <\/a> I have read the text and I approve it.<\/span><\/label><\/span><\/span><\/span><br \/>\n<span class=\"wpcf7-form-control-wrap acceptance-123\"><span class=\"wpcf7-form-control wpcf7-acceptance\"><span class=\"wpcf7-list-item\"><label><input type=\"checkbox\" name=\"acceptance-123\" value=\"1\" aria-invalid=\"false\" \/><span class=\"wpcf7-list-item-label\"><a href=\"https:\/\/chateauegitim.com\/en\/acik-riza-onayi\/\" target=\"_blank\"> Explicit Consent Approval<\/a> I have read the form and I accept it.<\/span><\/label><\/span><\/span><\/span><br \/>\n<input type=\"submit\" value=\"Send\" class=\"wpcf7-form-control wpcf7-submit\" \/><\/p>\n<input type='hidden' class='wpcf7-pum' value='{\"closepopup\":false,\"closedelay\":0,\"openpopup\":false,\"openpopup_id\":0}' \/><div class=\"wpcf7-response-output\" aria-hidden=\"true\"><\/div><input type=\"hidden\" name=\"trp-form-language\" value=\"en\"\/><\/form><\/div><\/div><\/div><\/div><\/div><div class=\"wpb_column vc_column_container vc_col-sm-1\"><div class=\"vc_column-inner\"><div class=\"wpb_wrapper\"><\/div><\/div><\/div><\/div><\/div><\/div><\/div><\/div><div class=\"vc_row-full-width vc_clearfix\"><\/div>","protected":false},"excerpt":{"rendered":"What are our references? What is it? Programs prepared by Ch\u00e2teau Education for those who want to learn French as a hobby and\/or commercially; People [...]","protected":false},"author":1,"featured_media":7880,"parent":0,"menu_order":0,"comment_status":"closed","ping_status":"closed","template":"","meta":{"footnotes":""},"class_list":["post-7445","page","type-page","status-publish","has-post-thumbnail","hentry"],"yoast_head":"<!-- This site is optimized with the Yoast SEO plugin v15.5 - https:\/\/yoast.com\/wordpress\/plugins\/seo\/ -->\n<title>Kurumsal Frans\u0131zca Program\u0131 | Chateau E\u011fitim<\/title>\n<meta name=\"robots\" content=\"index, follow, max-snippet:-1, max-image-preview:large, max-video-preview:-1\" \/>\n<link rel=\"canonical\" href=\"https:\/\/chateauegitim.com\/en\/kurumsal-fransizca-programi\/\" \/>\n<meta property=\"og:locale\" content=\"en_US\" \/>\n<meta property=\"og:type\" content=\"article\" \/>\n<meta property=\"og:title\" content=\"Kurumsal Frans\u0131zca Program\u0131 | Chateau E\u011fitim\" \/>\n<meta property=\"og:url\" content=\"https:\/\/chateauegitim.com\/en\/kurumsal-fransizca-programi\/\" \/>\n<meta property=\"og:site_name\" content=\"Chateau E\u011fitim\" \/>\n<meta property=\"article:modified_time\" content=\"2025-09-18T07:51:26+00:00\" \/>\n<meta property=\"og:image\" content=\"https:\/\/chateauegitim.com\/wp-content\/uploads\/2020\/03\/kurumsal-2.jpg\" \/>\n\t<meta property=\"og:image:width\" content=\"1920\" \/>\n\t<meta property=\"og:image:height\" content=\"500\" \/>\n<meta name=\"twitter:card\" content=\"summary_large_image\" \/>\n<meta name=\"twitter:label1\" content=\"Est. reading time\">\n\t<meta name=\"twitter:data1\" content=\"5 minutes\">\n<script type=\"application\/ld+json\" class=\"yoast-schema-graph\">{\"@context\":\"https:\/\/schema.org\",\"@graph\":[{\"@type\":\"WebSite\",\"@id\":\"https:\/\/chateauegitim.com\/en\/#website\",\"url\":\"https:\/\/chateauegitim.com\/en\/\",\"name\":\"Chateau E\\u011fitim\",\"description\":\"\\u0130novatif E\\u011fitim\",\"potentialAction\":[{\"@type\":\"SearchAction\",\"target\":\"https:\/\/chateauegitim.com\/en\/?s={search_term_string}\",\"query-input\":\"required name=search_term_string\"}],\"inLanguage\":\"en-US\"},{\"@type\":\"ImageObject\",\"@id\":\"https:\/\/chateauegitim.com\/en\/kurumsal-fransizca-programi\/#primaryimage\",\"inLanguage\":\"en-US\",\"url\":\"https:\/\/chateauegitim.com\/wp-content\/uploads\/2020\/03\/kurumsal-2.jpg\",\"width\":1920,\"height\":500},{\"@type\":\"WebPage\",\"@id\":\"https:\/\/chateauegitim.com\/en\/kurumsal-fransizca-programi\/#webpage\",\"url\":\"https:\/\/chateauegitim.com\/en\/kurumsal-fransizca-programi\/\",\"name\":\"Kurumsal Frans\\u0131zca Program\\u0131 | Chateau E\\u011fitim\",\"isPartOf\":{\"@id\":\"https:\/\/chateauegitim.com\/en\/#website\"},\"primaryImageOfPage\":{\"@id\":\"https:\/\/chateauegitim.com\/en\/kurumsal-fransizca-programi\/#primaryimage\"},\"datePublished\":\"2020-03-06T09:53:28+00:00\",\"dateModified\":\"2025-09-18T07:51:26+00:00\",\"inLanguage\":\"en-US\",\"potentialAction\":[{\"@type\":\"ReadAction\",\"target\":[\"https:\/\/chateauegitim.com\/en\/kurumsal-fransizca-programi\/\"]}]}]}<\/script>\n<!-- \/ Yoast SEO plugin. -->","_links":{"self":[{"href":"https:\/\/chateauegitim.com\/en\/wp-json\/wp\/v2\/pages\/7445","targetHints":{"allow":["GET"]}}],"collection":[{"href":"https:\/\/chateauegitim.com\/en\/wp-json\/wp\/v2\/pages"}],"about":[{"href":"https:\/\/chateauegitim.com\/en\/wp-json\/wp\/v2\/types\/page"}],"author":[{"embeddable":true,"href":"https:\/\/chateauegitim.com\/en\/wp-json\/wp\/v2\/users\/1"}],"replies":[{"embeddable":true,"href":"https:\/\/chateauegitim.com\/en\/wp-json\/wp\/v2\/comments?post=7445"}],"version-history":[{"count":45,"href":"https:\/\/chateauegitim.com\/en\/wp-json\/wp\/v2\/pages\/7445\/revisions"}],"predecessor-version":[{"id":9783,"href":"https:\/\/chateauegitim.com\/en\/wp-json\/wp\/v2\/pages\/7445\/revisions\/9783"}],"wp:featuredmedia":[{"embeddable":true,"href":"https:\/\/chateauegitim.com\/en\/wp-json\/wp\/v2\/media\/7880"}],"wp:attachment":[{"href":"https:\/\/chateauegitim.com\/en\/wp-json\/wp\/v2\/media?parent=7445"}],"curies":[{"name":"wp","href":"https:\/\/api.w.org\/{rel}","templated":true}]}}