{"id":7480,"date":"2020-03-06T13:39:49","date_gmt":"2020-03-06T10:39:49","guid":{"rendered":"http:\/\/chateauegitim.com\/?page_id=7480"},"modified":"2022-10-24T11:12:31","modified_gmt":"2022-10-24T08:12:31","slug":"fransiz-okullarina-ozel-programlar","status":"publish","type":"page","link":"https:\/\/chateauegitim.com\/en\/fransiz-okullarina-ozel-programlar\/","title":{"rendered":"Special Programs for French Schools"},"content":{"rendered":"<div class=\"vc_row wpb_row vc_row-fluid vc_custom_1556018461316 vc_row-has-padding-top vc_row-has-padding-bottom\"><div class=\"wpb_column vc_column_container vc_col-sm-12\"><div class=\"vc_column-inner\"><div class=\"wpb_wrapper\"><div class=\"feature-sections-wrapper kd-fsp-69e895e42f6f0\">\r\n            <section class=\"feature-sections-tabs\">\r\n              <nav class=\"kd-feature-tabs\">\r\n                <ul class=\"nav nav-tabs sticky-tabs container\">\r\n                <\/ul>\r\n              <\/nav>\r\n            <\/section>\r\n            <section id=\"kd-fss-69e895e42f76a\" class=\"featured-right\"><li class=\"nav-label\"><a class=\"feature-tabs-scroll\" href=\"#kd-fss-69e895e42f76a\"><i class=\"iconsmind-Information fss-nav-icon\" style=\" \"><\/i> Why?<\/a><\/li><div class=\"container\">\r\n                <div class=\"side-content-wrapper kd-animated fadeInLeft\" data-animation-delay=\"200\"><i class=\"section-icon\" style=\" \"><\/i> <h2 class=\"side-content-title\" >Why?<\/h2><h6 class=\"side-content-subtitle\" >The French education system is an education system with its own dynamics and characteristics. Therefore, students&#039; success in their education is only possible by meeting the requirements of the education system in question.<\/h6><div class=\"side-content-text\" ><\/p>\n<p class=\"font_8\"><span class=\"color_3\">Ch\u00e2teau Education<\/span><span class=\"color_2\"> All of the teachers in the Ch\u00e2teau Education team have experience in meeting and teaching students from all French schools<\/span><\/p>\n<p class=\"font_8\"><span class=\"color_2\">We pay special attention to the fact that the teacher who will help you, who has proven his success in his field, has worked with students in the school your student attends in the past and has mastered the curriculum of the relevant school.<\/span><\/p>\n<p>\n<\/div><\/div><div class=\"side-featured-wrapper fss-rectangle kd-animated fadeInRight fss-shadow-image\" data-animation-delay=\"200\">\r\n      <div class=\"featured-image\"><img loading=\"lazy\" decoding=\"async\" width=\"1536\" height=\"2048\" src=\"https:\/\/chateauegitim.com\/wp-content\/uploads\/2022\/10\/4932be47-5fc3-4e66-9640-7f9a5ae6a499.jpg\" class=\"attachment-full\" alt=\"\" srcset=\"https:\/\/chateauegitim.com\/wp-content\/uploads\/2022\/10\/4932be47-5fc3-4e66-9640-7f9a5ae6a499.jpg 1536w, https:\/\/chateauegitim.com\/wp-content\/uploads\/2022\/10\/4932be47-5fc3-4e66-9640-7f9a5ae6a499-225x300.jpg 225w, https:\/\/chateauegitim.com\/wp-content\/uploads\/2022\/10\/4932be47-5fc3-4e66-9640-7f9a5ae6a499-768x1024.jpg 768w, https:\/\/chateauegitim.com\/wp-content\/uploads\/2022\/10\/4932be47-5fc3-4e66-9640-7f9a5ae6a499-1152x1536.jpg 1152w, https:\/\/chateauegitim.com\/wp-content\/uploads\/2022\/10\/4932be47-5fc3-4e66-9640-7f9a5ae6a499-9x12.jpg 9w, https:\/\/chateauegitim.com\/wp-content\/uploads\/2022\/10\/4932be47-5fc3-4e66-9640-7f9a5ae6a499-18x24.jpg 18w, https:\/\/chateauegitim.com\/wp-content\/uploads\/2022\/10\/4932be47-5fc3-4e66-9640-7f9a5ae6a499-27x36.jpg 27w, https:\/\/chateauegitim.com\/wp-content\/uploads\/2022\/10\/4932be47-5fc3-4e66-9640-7f9a5ae6a499-36x48.jpg 36w\" sizes=\"auto, (max-width: 1536px) 100vw, 1536px\" \/><\/div>\r\n    <\/div><\/div>\r\n            <\/section><section id=\"kd-fss-69e895e42fbb3\" class=\"featured-left\"><li class=\"nav-label\"><a class=\"feature-tabs-scroll\" href=\"#kd-fss-69e895e42fbb3\"><i class=\"iconsmind-Arrow-Mix fss-nav-icon\" style=\" \"><\/i> Hybrid Education Model<\/a><\/li><div class=\"container\">\r\n                <div class=\"side-content-wrapper kd-animated fadeInRight\" data-animation-delay=\"200\"><i class=\"section-icon\" style=\" \"><\/i> <h2 class=\"side-content-title\" >Hybrid Education Model<\/h2><h6 class=\"side-content-subtitle\" >Hybrid Education Model is implemented in Ch\u00e2teau Educational Institutions. In-house for students who want face-to-face; Distance education is provided to our students who want it remotely.<\/h6><div class=\"side-content-text\" ><p>In Distance Learning, remote education is provided in classes of 1, 2-3, or 4-5 individuals with the quality of face-to-face education using our digital education platforms and equipment.<\/p>\n<p>The teachers in the Ch\u00e2teau Education team are competent professionals in their field; particularly, they have a high command of school curricula, strong communication skills with children, and they establish communication more like a sibling than just a teacher.<\/p>\n<p>All of our teachers have completed the 30-hour Ch\u00e2teau Education Academy Trainer Training and developed their competencies in line with innovative education dynamics. (They received training on Digital Learning Techniques and Systems, Interactive Learning Methodology, New Generation Teacher Tools, Education with Games, Stem Education, Relationship between Education and Psychology, Emotional Intelligence and Management of Problematic Behaviors.)<\/p>\n<\/div><\/div><div class=\"side-featured-wrapper fss-rectangle kd-animated fadeInLeft fss-shadow-image\" data-animation-delay=\"200\">\r\n      <div class=\"featured-image\"><img loading=\"lazy\" decoding=\"async\" width=\"1366\" height=\"1920\" src=\"https:\/\/chateauegitim.com\/wp-content\/uploads\/2020\/11\/FransizOkullariHibrit.jpg\" class=\"attachment-full\" alt=\"\" srcset=\"https:\/\/chateauegitim.com\/wp-content\/uploads\/2020\/11\/FransizOkullariHibrit.jpg 1366w, https:\/\/chateauegitim.com\/wp-content\/uploads\/2020\/11\/FransizOkullariHibrit-213x300.jpg 213w, https:\/\/chateauegitim.com\/wp-content\/uploads\/2020\/11\/FransizOkullariHibrit-729x1024.jpg 729w, https:\/\/chateauegitim.com\/wp-content\/uploads\/2020\/11\/FransizOkullariHibrit-768x1079.jpg 768w, https:\/\/chateauegitim.com\/wp-content\/uploads\/2020\/11\/FransizOkullariHibrit-1093x1536.jpg 1093w, https:\/\/chateauegitim.com\/wp-content\/uploads\/2020\/11\/FransizOkullariHibrit-17x24.jpg 17w, https:\/\/chateauegitim.com\/wp-content\/uploads\/2020\/11\/FransizOkullariHibrit-26x36.jpg 26w, https:\/\/chateauegitim.com\/wp-content\/uploads\/2020\/11\/FransizOkullariHibrit-34x48.jpg 34w\" sizes=\"auto, (max-width: 1366px) 100vw, 1366px\" \/><\/div>\r\n    <\/div><\/div>\r\n            <\/section><section id=\"kd-fss-69e895e42ff12\" class=\"featured-right\"><li class=\"nav-label\"><a class=\"feature-tabs-scroll\" href=\"#kd-fss-69e895e42ff12\"><i class=\"iconsmind-Affiliate fss-nav-icon\" style=\" \"><\/i> Private Lesson Opportunity<\/a><\/li><div class=\"container\">\r\n                <div class=\"side-content-wrapper kd-animated fadeInRight\" data-animation-delay=\"200\"><i class=\"section-icon\" style=\" \"><\/i> <h2 class=\"side-content-title\" >Private Lesson Opportunity<\/h2><h6 class=\"side-content-subtitle\" >Students taking part in French High School School Reinforcement Programs have the opportunity to take private lessons in classes of 1 person, 2-3 people or 4-5 people whenever they want.<\/h6><div class=\"side-content-text\" ><p><span class=\"color_2\">We offer students the opportunity to take a free trial lesson before enrolling them in relevant school reinforcement programs. After trial lessons, students&#039; levels are determined and student-specific programs are drawn.\u00a0<\/span><\/p>\n<\/div><\/div><div class=\"side-featured-wrapper fss-rectangle kd-animated fadeInLeft fss-shadow-image\" data-animation-delay=\"200\">\r\n      <div class=\"featured-image\"><img loading=\"lazy\" decoding=\"async\" width=\"1920\" height=\"1468\" src=\"https:\/\/chateauegitim.com\/wp-content\/uploads\/2020\/11\/O\u0308zelDers.jpg\" class=\"attachment-full\" alt=\"\" srcset=\"https:\/\/chateauegitim.com\/wp-content\/uploads\/2020\/11\/O\u0308zelDers.jpg 1920w, https:\/\/chateauegitim.com\/wp-content\/uploads\/2020\/11\/O\u0308zelDers-300x229.jpg 300w, https:\/\/chateauegitim.com\/wp-content\/uploads\/2020\/11\/O\u0308zelDers-1024x783.jpg 1024w, https:\/\/chateauegitim.com\/wp-content\/uploads\/2020\/11\/O\u0308zelDers-768x587.jpg 768w, https:\/\/chateauegitim.com\/wp-content\/uploads\/2020\/11\/O\u0308zelDers-1536x1174.jpg 1536w, https:\/\/chateauegitim.com\/wp-content\/uploads\/2020\/11\/O\u0308zelDers-24x18.jpg 24w, https:\/\/chateauegitim.com\/wp-content\/uploads\/2020\/11\/O\u0308zelDers-36x28.jpg 36w, https:\/\/chateauegitim.com\/wp-content\/uploads\/2020\/11\/O\u0308zelDers-48x37.jpg 48w\" sizes=\"auto, (max-width: 1920px) 100vw, 1920px\" \/><\/div>\r\n    <\/div><\/div>\r\n            <\/section><section id=\"kd-fss-69e895e43023b\" class=\"featured-left\"><li class=\"nav-label\"><a class=\"feature-tabs-scroll\" href=\"#kd-fss-69e895e43023b\"><i class=\"iconsmind-The-WhiteHouse fss-nav-icon\" style=\" \"><\/i> Why free trial lesson?<\/a><\/li><div class=\"container\">\r\n                <div class=\"side-content-wrapper kd-animated fadeInLeft\" data-animation-delay=\"200\"><i class=\"section-icon\" style=\" \"><\/i> <h2 class=\"side-content-title\" >Why do we offer a free trial lesson?<\/h2><h6 class=\"side-content-subtitle\" >The purpose of the free trial lessons held with students before admission to the French High School School Reinforcement Program is two-fold:<\/h6><div class=\"side-content-text\" ><\/p>\n<p class=\"font_8\"><span class=\"color_2\">1. With trial lessons, the student gets to know the Ch\u00e2teau Education concept and all hesitations of the parent and the student are eliminated before making the decision to enroll.<\/span><\/p>\n<p class=\"font_8\"><span class=\"color_2\">2. Teachers should be able to design the most appropriate education program that will lead the student to success and provide the guarantee of success to the parents with a solid analysis infrastructure.<\/span><\/p>\n<p class=\"font_8\">Only academics and expert teachers from Galatasaray University\u00a0<span class=\"color_2\">You can contact us to benefit from the free trial lesson opportunities offered by.<\/span><\/p>\n<p>Due to the intensity of our teachers&#039; regular schedules, weekly free trial lessons\u00a0<span class=\"color_2\">quotas are limited. Please contact us and make an appointment.<\/span><\/p>\n<\/div><div class=\"side-content-link sc-primary-btn\"><a href=\"#form\" target=\"_self\" title=\"Contact Us\" class=\"tt_button tt_primary_button btn_primary_color button-action-link\">Contact Us<\/a><\/div><\/div><div class=\"side-featured-wrapper fss-rectangle kd-animated fadeInRight fss-shadow-image\" data-animation-delay=\"200\">\r\n      <div class=\"featured-image\"><img loading=\"lazy\" decoding=\"async\" width=\"1600\" height=\"1200\" src=\"https:\/\/chateauegitim.com\/wp-content\/uploads\/2020\/03\/WhatsApp-Image-2020-03-24-at-14.57.16.jpeg\" class=\"attachment-full\" alt=\"\" srcset=\"https:\/\/chateauegitim.com\/wp-content\/uploads\/2020\/03\/WhatsApp-Image-2020-03-24-at-14.57.16.jpeg 1600w, https:\/\/chateauegitim.com\/wp-content\/uploads\/2020\/03\/WhatsApp-Image-2020-03-24-at-14.57.16-800x600.jpeg 800w, https:\/\/chateauegitim.com\/wp-content\/uploads\/2020\/03\/WhatsApp-Image-2020-03-24-at-14.57.16-300x225.jpeg 300w, https:\/\/chateauegitim.com\/wp-content\/uploads\/2020\/03\/WhatsApp-Image-2020-03-24-at-14.57.16-1024x768.jpeg 1024w, https:\/\/chateauegitim.com\/wp-content\/uploads\/2020\/03\/WhatsApp-Image-2020-03-24-at-14.57.16-768x576.jpeg 768w, https:\/\/chateauegitim.com\/wp-content\/uploads\/2020\/03\/WhatsApp-Image-2020-03-24-at-14.57.16-1536x1152.jpeg 1536w, https:\/\/chateauegitim.com\/wp-content\/uploads\/2020\/03\/WhatsApp-Image-2020-03-24-at-14.57.16-24x18.jpeg 24w, https:\/\/chateauegitim.com\/wp-content\/uploads\/2020\/03\/WhatsApp-Image-2020-03-24-at-14.57.16-36x27.jpeg 36w, https:\/\/chateauegitim.com\/wp-content\/uploads\/2020\/03\/WhatsApp-Image-2020-03-24-at-14.57.16-48x36.jpeg 48w\" sizes=\"auto, (max-width: 1600px) 100vw, 1600px\" \/><\/div>\r\n    <\/div><\/div>\r\n            <\/section>\r\n            <\/div><style type=\"text\/css\"><\/style><\/div><\/div><\/div><\/div><div id=\"form\" data-vc-full-width=\"true\" data-vc-full-width-init=\"false\" data-vc-kd-parallax=\"1.4\" class=\"vc_row wpb_row vc_row-fluid vc_custom_1607099908341 vc_row-has-fill vc_general kd_vc_parallax kd_vc_parallax-content-moving\"><div class=\"parallax-overlay\" data-vc-kd-parallax=\"1.4\"><\/div><div class=\"kd-overlay\"  style=\"background-color:rgba(0,0,0,0.7);\"><\/div><div class=\"wpb_column vc_column_container vc_col-sm-12\"><div class=\"vc_column-inner vc_custom_1516095225433\"><div class=\"wpb_wrapper\"><div class=\"vc_row wpb_row vc_inner vc_row-fluid vc_custom_1555673013129 vc_row-has-padding-top vc_row-has-padding-bottom\"><div class=\"wpb_column vc_column_container vc_col-sm-1\"><div class=\"vc_column-inner vc_custom_1515166784808\"><div class=\"wpb_wrapper\"><\/div><\/div><\/div><div class=\"wpb_column vc_column_container vc_col-sm-4\"><div class=\"vc_column-inner\"><div class=\"wpb_wrapper\"><header class=\"kd-section-title col-lg-12 text-left  kd-animated fadeIn   vc_custom_1583491120092\" data-animation-delay=\"200\"><h2 class=\"separator_off\" style=\"color: #ffffff;\">You are invited to our free introductory lessons!<\/h2><h6 class=\"subtitle\" style=\"color: #eeeeee;\">If you expect your French Language Program to be qualified and concentrated; We offer to hold an introductory lesson with you without charging any fee.<\/h6><\/header><\/div><\/div><\/div><div class=\"wpb_column vc_column_container vc_col-sm-1\"><div class=\"vc_column-inner\"><div class=\"wpb_wrapper\"><\/div><\/div><\/div><div class=\"wpb_column vc_column_container vc_col-sm-5\"><div class=\"vc_column-inner\"><div class=\"wpb_wrapper\"><h4 style=\"color: #ffffff;text-align: left\" class=\"vc_custom_heading wpb_animate_when_almost_visible wpb_fadeIn fadeIn vc_custom_1583491141958\" >We will get back to you as soon as possible.<\/h4><div class=\"kd-contact-form full-width-cf white-input-bg\" ><div role=\"form\" class=\"wpcf7\" id=\"wpcf7-f4439-o1\" lang=\"en-US\" dir=\"ltr\">\n<div class=\"screen-reader-response\"><p role=\"status\" aria-live=\"polite\" aria-atomic=\"true\"><\/p> <ul><\/ul><\/div>\n<form action=\"\/en\/wp-json\/wp\/v2\/pages\/7480#wpcf7-f4439-o1\" method=\"post\" class=\"wpcf7-form init\" novalidate=\"novalidate\" data-status=\"init\" data-trp-original-action=\"\/en\/wp-json\/wp\/v2\/pages\/7480#wpcf7-f4439-o1\">\n<div style=\"display: none;\">\n<input type=\"hidden\" name=\"_wpcf7\" value=\"4439\" \/>\n<input type=\"hidden\" name=\"_wpcf7_version\" value=\"5.3.2\" \/>\n<input type=\"hidden\" name=\"_wpcf7_locale\" value=\"en_US\" \/>\n<input type=\"hidden\" name=\"_wpcf7_unit_tag\" value=\"wpcf7-f4439-o1\" \/>\n<input type=\"hidden\" name=\"_wpcf7_container_post\" value=\"0\" \/>\n<input type=\"hidden\" name=\"_wpcf7_posted_data_hash\" value=\"\" \/>\n<input type=\"hidden\" name=\"_wpcf7_recaptcha_response\" value=\"\" \/>\n<\/div>\n<p><span class=\"wpcf7-form-control-wrap your-name\"><input type=\"text\" name=\"your-name\" value=\"\" size=\"40\" class=\"wpcf7-form-control wpcf7-text wpcf7-validates-as-required\" aria-required=\"true\" aria-invalid=\"false\" placeholder=\"Your name\" \/><\/span><br \/>\n<span class=\"wpcf7-form-control-wrap your-phone\"><input type=\"tel\" name=\"your-phone\" value=\"\" size=\"40\" class=\"wpcf7-form-control wpcf7-text wpcf7-tel wpcf7-validates-as-required wpcf7-validates-as-tel\" aria-required=\"true\" aria-invalid=\"false\" placeholder=\"Telephone\" \/><\/span><br \/>\n<span class=\"wpcf7-form-control-wrap your-email\"><input type=\"email\" name=\"your-email\" value=\"\" size=\"40\" class=\"wpcf7-form-control wpcf7-text wpcf7-email wpcf7-validates-as-required wpcf7-validates-as-email\" aria-required=\"true\" aria-invalid=\"false\" placeholder=\"Email\" \/><\/span><br \/>\n<span class=\"wpcf7-form-control-wrap acceptance-630\"><span class=\"wpcf7-form-control wpcf7-acceptance\"><span class=\"wpcf7-list-item\"><label><input type=\"checkbox\" name=\"acceptance-630\" value=\"1\" aria-invalid=\"false\" \/><span class=\"wpcf7-list-item-label\"><a href=\"https:\/\/chateauegitim.com\/en\/gizlilik-politikasi\/\" target=\"_blank\"> Privacy Policy <\/a> I have read the text and I approve it.<\/span><\/label><\/span><\/span><\/span><br \/>\n<span class=\"wpcf7-form-control-wrap acceptance-123\"><span class=\"wpcf7-form-control wpcf7-acceptance\"><span class=\"wpcf7-list-item\"><label><input type=\"checkbox\" name=\"acceptance-123\" value=\"1\" aria-invalid=\"false\" \/><span class=\"wpcf7-list-item-label\"><a href=\"https:\/\/chateauegitim.com\/en\/acik-riza-onayi\/\" target=\"_blank\"> Explicit Consent Approval<\/a> I have read the form and I accept it.<\/span><\/label><\/span><\/span><\/span><br \/>\n<input type=\"submit\" value=\"Send\" class=\"wpcf7-form-control wpcf7-submit\" \/><\/p>\n<input type='hidden' class='wpcf7-pum' value='{\"closepopup\":false,\"closedelay\":0,\"openpopup\":false,\"openpopup_id\":0}' \/><div class=\"wpcf7-response-output\" aria-hidden=\"true\"><\/div><input type=\"hidden\" name=\"trp-form-language\" value=\"en\"\/><\/form><\/div><\/div><\/div><\/div><\/div><div class=\"wpb_column vc_column_container vc_col-sm-1\"><div class=\"vc_column-inner\"><div class=\"wpb_wrapper\"><\/div><\/div><\/div><\/div><\/div><\/div><\/div><\/div><div class=\"vc_row-full-width vc_clearfix\"><\/div>","protected":false},"excerpt":{"rendered":"Why? What is it?The French education system is an education system with its own dynamics and characteristics. Because, [...]","protected":false},"author":1,"featured_media":8728,"parent":0,"menu_order":0,"comment_status":"closed","ping_status":"closed","template":"","meta":{"footnotes":""},"class_list":["post-7480","page","type-page","status-publish","has-post-thumbnail","hentry"],"yoast_head":"<!-- This site is optimized with the Yoast SEO plugin v15.5 - https:\/\/yoast.com\/wordpress\/plugins\/seo\/ -->\n<title>Frans\u0131z Okullar\u0131na \u00d6zel Programlar | Chateau E\u011fitim<\/title>\n<meta name=\"robots\" content=\"index, follow, max-snippet:-1, max-image-preview:large, max-video-preview:-1\" \/>\n<link rel=\"canonical\" href=\"https:\/\/chateauegitim.com\/en\/fransiz-okullarina-ozel-programlar\/\" \/>\n<meta property=\"og:locale\" content=\"en_US\" \/>\n<meta property=\"og:type\" content=\"article\" \/>\n<meta property=\"og:title\" content=\"Frans\u0131z Okullar\u0131na \u00d6zel Programlar | Chateau E\u011fitim\" \/>\n<meta property=\"og:url\" content=\"https:\/\/chateauegitim.com\/en\/fransiz-okullarina-ozel-programlar\/\" \/>\n<meta property=\"og:site_name\" content=\"Chateau E\u011fitim\" \/>\n<meta property=\"article:modified_time\" content=\"2022-10-24T08:12:31+00:00\" \/>\n<meta property=\"og:image\" content=\"https:\/\/chateauegitim.com\/wp-content\/uploads\/2020\/12\/1Yuzyuze1-1.jpg\" \/>\n\t<meta property=\"og:image:width\" content=\"1920\" \/>\n\t<meta property=\"og:image:height\" content=\"744\" \/>\n<meta name=\"twitter:card\" content=\"summary_large_image\" \/>\n<meta name=\"twitter:label1\" content=\"Est. reading time\">\n\t<meta name=\"twitter:data1\" content=\"5 minutes\">\n<script type=\"application\/ld+json\" class=\"yoast-schema-graph\">{\"@context\":\"https:\/\/schema.org\",\"@graph\":[{\"@type\":\"WebSite\",\"@id\":\"https:\/\/chateauegitim.com\/en\/#website\",\"url\":\"https:\/\/chateauegitim.com\/en\/\",\"name\":\"Chateau E\\u011fitim\",\"description\":\"\\u0130novatif E\\u011fitim\",\"potentialAction\":[{\"@type\":\"SearchAction\",\"target\":\"https:\/\/chateauegitim.com\/en\/?s={search_term_string}\",\"query-input\":\"required name=search_term_string\"}],\"inLanguage\":\"en-US\"},{\"@type\":\"ImageObject\",\"@id\":\"https:\/\/chateauegitim.com\/en\/fransiz-okullarina-ozel-programlar\/#primaryimage\",\"inLanguage\":\"en-US\",\"url\":\"https:\/\/chateauegitim.com\/wp-content\/uploads\/2020\/12\/1Yuzyuze1-1.jpg\",\"width\":1920,\"height\":744},{\"@type\":\"WebPage\",\"@id\":\"https:\/\/chateauegitim.com\/en\/fransiz-okullarina-ozel-programlar\/#webpage\",\"url\":\"https:\/\/chateauegitim.com\/en\/fransiz-okullarina-ozel-programlar\/\",\"name\":\"Frans\\u0131z Okullar\\u0131na \\u00d6zel Programlar | Chateau E\\u011fitim\",\"isPartOf\":{\"@id\":\"https:\/\/chateauegitim.com\/en\/#website\"},\"primaryImageOfPage\":{\"@id\":\"https:\/\/chateauegitim.com\/en\/fransiz-okullarina-ozel-programlar\/#primaryimage\"},\"datePublished\":\"2020-03-06T10:39:49+00:00\",\"dateModified\":\"2022-10-24T08:12:31+00:00\",\"inLanguage\":\"en-US\",\"potentialAction\":[{\"@type\":\"ReadAction\",\"target\":[\"https:\/\/chateauegitim.com\/en\/fransiz-okullarina-ozel-programlar\/\"]}]}]}<\/script>\n<!-- \/ Yoast SEO plugin. -->","_links":{"self":[{"href":"https:\/\/chateauegitim.com\/en\/wp-json\/wp\/v2\/pages\/7480","targetHints":{"allow":["GET"]}}],"collection":[{"href":"https:\/\/chateauegitim.com\/en\/wp-json\/wp\/v2\/pages"}],"about":[{"href":"https:\/\/chateauegitim.com\/en\/wp-json\/wp\/v2\/types\/page"}],"author":[{"embeddable":true,"href":"https:\/\/chateauegitim.com\/en\/wp-json\/wp\/v2\/users\/1"}],"replies":[{"embeddable":true,"href":"https:\/\/chateauegitim.com\/en\/wp-json\/wp\/v2\/comments?post=7480"}],"version-history":[{"count":28,"href":"https:\/\/chateauegitim.com\/en\/wp-json\/wp\/v2\/pages\/7480\/revisions"}],"predecessor-version":[{"id":9110,"href":"https:\/\/chateauegitim.com\/en\/wp-json\/wp\/v2\/pages\/7480\/revisions\/9110"}],"wp:featuredmedia":[{"embeddable":true,"href":"https:\/\/chateauegitim.com\/en\/wp-json\/wp\/v2\/media\/8728"}],"wp:attachment":[{"href":"https:\/\/chateauegitim.com\/en\/wp-json\/wp\/v2\/media?parent=7480"}],"curies":[{"name":"wp","href":"https:\/\/api.w.org\/{rel}","templated":true}]}}