{"id":7500,"date":"2020-03-06T14:04:36","date_gmt":"2020-03-06T11:04:36","guid":{"rendered":"http:\/\/chateauegitim.com\/?page_id=7500"},"modified":"2020-12-04T19:44:18","modified_gmt":"2020-12-04T16:44:18","slug":"delf-dalf-hazirlik-programlari","status":"publish","type":"page","link":"https:\/\/chateauegitim.com\/en\/delf-dalf-hazirlik-programlari\/","title":{"rendered":"DELF-DALF Preparation Programs"},"content":{"rendered":"<div class=\"vc_row wpb_row vc_row-fluid vc_custom_1556018461316 vc_row-has-padding-top vc_row-has-padding-bottom\"><div class=\"wpb_column vc_column_container vc_col-sm-12\"><div class=\"vc_column-inner\"><div class=\"wpb_wrapper\"><div class=\"feature-sections-wrapper kd-fsp-69e895dfa7519\">\r\n            <section class=\"feature-sections-tabs\">\r\n              <nav class=\"kd-feature-tabs\">\r\n                <ul class=\"nav nav-tabs sticky-tabs container\">\r\n                <\/ul>\r\n              <\/nav>\r\n            <\/section>\r\n            <section id=\"kd-fss-69e895dfa75ab\" class=\"featured-right\"><li class=\"nav-label\"><a class=\"feature-tabs-scroll\" href=\"#kd-fss-69e895dfa75ab\"><i class=\"iconsmind-Information fss-nav-icon\" style=\" \"><\/i> DELF A1<\/a><\/li><div class=\"container\">\r\n                <div class=\"side-content-wrapper kd-animated fadeInLeft\" data-animation-delay=\"200\"><i class=\"section-icon\" style=\" \"><\/i> <h2 class=\"side-content-title\" >DELF A1<\/h2><div class=\"side-content-text\" ><\/p>\n<ul>\n<li>Ability to understand and use simple terms and sentences aimed at meeting concrete needs;<\/li>\n<li>Understand simple information given in conversations about these topics;<\/li>\n<li>Participating in conversations on specific and simple topics;<\/li>\n<li>Being able to express ideas and tastes on certain topics and in a simple way.<\/li>\n<li>It is the document that French high school preparatory class students are expected to receive at the end of the first semester.<\/li>\n<\/ul>\n<p>\n<\/div><\/div><div class=\"side-featured-wrapper fss-rectangle kd-animated fadeInRight fss-shadow-image\" data-animation-delay=\"200\">\r\n      <div class=\"featured-image\"><img loading=\"lazy\" decoding=\"async\" width=\"500\" height=\"500\" src=\"https:\/\/chateauegitim.com\/wp-content\/uploads\/2020\/03\/EstelleDELFDALF.jpg\" class=\"attachment-full\" alt=\"\" srcset=\"https:\/\/chateauegitim.com\/wp-content\/uploads\/2020\/03\/EstelleDELFDALF.jpg 500w, https:\/\/chateauegitim.com\/wp-content\/uploads\/2020\/03\/EstelleDELFDALF-300x300.jpg 300w, https:\/\/chateauegitim.com\/wp-content\/uploads\/2020\/03\/EstelleDELFDALF-150x150.jpg 150w, https:\/\/chateauegitim.com\/wp-content\/uploads\/2020\/03\/EstelleDELFDALF-320x320.jpg 320w, https:\/\/chateauegitim.com\/wp-content\/uploads\/2020\/03\/EstelleDELFDALF-24x24.jpg 24w, https:\/\/chateauegitim.com\/wp-content\/uploads\/2020\/03\/EstelleDELFDALF-36x36.jpg 36w, https:\/\/chateauegitim.com\/wp-content\/uploads\/2020\/03\/EstelleDELFDALF-48x48.jpg 48w\" sizes=\"auto, (max-width: 500px) 100vw, 500px\" \/><\/div>\r\n    <\/div><\/div>\r\n            <\/section><section id=\"kd-fss-69e895dfa79de\" class=\"featured-left\"><li class=\"nav-label\"><a class=\"feature-tabs-scroll\" href=\"#kd-fss-69e895dfa79de\"><i class=\"iconsmind-Information fss-nav-icon\" style=\" \"><\/i> DELF A2<\/a><\/li><div class=\"container\">\r\n                <div class=\"side-content-wrapper kd-animated fadeInRight\" data-animation-delay=\"200\"><i class=\"section-icon\" style=\" \"><\/i> <h2 class=\"side-content-title\" >DELF A2<\/h2><div class=\"side-content-text\" ><\/p>\n<ul>\n<li>Being able to express oneself on issues related to daily life;<\/li>\n<li>To be able to exchange information on ordinary daily topics;<\/li>\n<li>Able to participate in a routine conversation about simple topics;<\/li>\n<li>Being able to express needs, tastes, ideas and thoughts and understand what is said about them;<\/li>\n<li>Forming personal thoughts, asking questions to learn and understand others&#039; thoughts.<\/li>\n<li>At the end of the second semester of French high school preparatory class students\/9th. It is the document they are expected to receive in class.<\/li>\n<\/ul>\n<p>\n<\/div><\/div><div class=\"side-featured-wrapper fss-rectangle kd-animated fadeInLeft fss-shadow-image\" data-animation-delay=\"200\">\r\n      <div class=\"featured-image\"><img loading=\"lazy\" decoding=\"async\" width=\"640\" height=\"320\" src=\"https:\/\/chateauegitim.com\/wp-content\/uploads\/2020\/03\/delf-dalf-haz\u0131rl\u0131k-tu\u0308yolar\u0131.jpg\" class=\"attachment-full\" alt=\"\" srcset=\"https:\/\/chateauegitim.com\/wp-content\/uploads\/2020\/03\/delf-dalf-haz\u0131rl\u0131k-tu\u0308yolar\u0131.jpg 640w, https:\/\/chateauegitim.com\/wp-content\/uploads\/2020\/03\/delf-dalf-haz\u0131rl\u0131k-tu\u0308yolar\u0131-300x150.jpg 300w, https:\/\/chateauegitim.com\/wp-content\/uploads\/2020\/03\/delf-dalf-haz\u0131rl\u0131k-tu\u0308yolar\u0131-24x12.jpg 24w, https:\/\/chateauegitim.com\/wp-content\/uploads\/2020\/03\/delf-dalf-haz\u0131rl\u0131k-tu\u0308yolar\u0131-36x18.jpg 36w, https:\/\/chateauegitim.com\/wp-content\/uploads\/2020\/03\/delf-dalf-haz\u0131rl\u0131k-tu\u0308yolar\u0131-48x24.jpg 48w\" sizes=\"auto, (max-width: 640px) 100vw, 640px\" \/><\/div>\r\n    <\/div><\/div>\r\n            <\/section><section id=\"kd-fss-69e895dfa7d1c\" class=\"featured-right\"><li class=\"nav-label\"><a class=\"feature-tabs-scroll\" href=\"#kd-fss-69e895dfa7d1c\"><i class=\"iconsmind-Information fss-nav-icon\" style=\" \"><\/i> DELF B1<\/a><\/li><div class=\"container\">\r\n                <div class=\"side-content-wrapper kd-animated fadeInLeft\" data-animation-delay=\"200\"><i class=\"section-icon\" style=\" \"><\/i> <h2 class=\"side-content-title\" >DELF B1<\/h2><div class=\"side-content-text\" ><\/p>\n<ul>\n<li class=\"font_8\">Understand factual information on various topics in one&#039;s field;<\/li>\n<li class=\"font_8\">To mutually exchange information, to verify information;<\/li>\n<li class=\"font_8\">Starting an impromptu conversation on a familiar, familiar topic;<\/li>\n<li class=\"font_8\">Asking questions about individual perspectives, understanding the answers, and being able to create and express their own perspectives.<\/li>\n<li class=\"font_8\">It is the document that 9th and 10th grade students of French high schools are expected to receive.<\/li>\n<\/ul>\n<p>\n<\/div><\/div><div class=\"side-featured-wrapper fss-rectangle kd-animated fadeInRight fss-shadow-image\" data-animation-delay=\"200\">\r\n      <div class=\"featured-image\"><img loading=\"lazy\" decoding=\"async\" width=\"1600\" height=\"1600\" src=\"https:\/\/chateauegitim.com\/wp-content\/uploads\/2020\/03\/46914.jpg\" class=\"attachment-full\" alt=\"\" srcset=\"https:\/\/chateauegitim.com\/wp-content\/uploads\/2020\/03\/46914.jpg 1600w, https:\/\/chateauegitim.com\/wp-content\/uploads\/2020\/03\/46914-800x800.jpg 800w, https:\/\/chateauegitim.com\/wp-content\/uploads\/2020\/03\/46914-300x300.jpg 300w, https:\/\/chateauegitim.com\/wp-content\/uploads\/2020\/03\/46914-1024x1024.jpg 1024w, https:\/\/chateauegitim.com\/wp-content\/uploads\/2020\/03\/46914-150x150.jpg 150w, https:\/\/chateauegitim.com\/wp-content\/uploads\/2020\/03\/46914-768x768.jpg 768w, https:\/\/chateauegitim.com\/wp-content\/uploads\/2020\/03\/46914-1536x1536.jpg 1536w, https:\/\/chateauegitim.com\/wp-content\/uploads\/2020\/03\/46914-320x320.jpg 320w\" sizes=\"auto, (max-width: 1600px) 100vw, 1600px\" \/><\/div>\r\n    <\/div><\/div>\r\n            <\/section><section id=\"kd-fss-69e895dfa80cf\" class=\"featured-left\"><li class=\"nav-label\"><a class=\"feature-tabs-scroll\" href=\"#kd-fss-69e895dfa80cf\"><i class=\"iconsmind-Information fss-nav-icon\" style=\" \"><\/i> DELF B2<\/a><\/li><div class=\"container\">\r\n                <div class=\"side-content-wrapper kd-animated fadeInRight\" data-animation-delay=\"200\"><i class=\"section-icon\" style=\" \"><\/i> <h2 class=\"side-content-title\" >DELF B2<\/h2><div class=\"side-content-text\" ><\/p>\n<ul>\n<li>Understand conversations on as wide a range of concrete and abstract topics as possible, related to areas of special interest;<\/li>\n<li>Being able to make detailed descriptions and presentations;<\/li>\n<li>Actively participating in a discussion;<\/li>\n<li>To understand a not very simple argumentation on fairly familiar topics;<\/li>\n<li>Consistently expressing and defending an opinion on the subject.<\/li>\n<li>It is the document that 10th and 11th grade students of French high schools are expected to receive.<\/li>\n<li>This is the document that 12th grade students who will apply to universities in France must obtain during the application process.<\/li>\n<li>This is the document generally requested from students who will attend the third year of universities in France with the Erasmus program.<\/li>\n<\/ul>\n<p>\n<\/div><\/div><div class=\"side-featured-wrapper fss-rectangle kd-animated fadeInLeft fss-shadow-image\" data-animation-delay=\"200\">\r\n      <div class=\"featured-image\"><img loading=\"lazy\" decoding=\"async\" width=\"830\" height=\"369\" src=\"https:\/\/chateauegitim.com\/wp-content\/uploads\/2020\/03\/delf-dalf1.jpg\" class=\"attachment-full\" alt=\"\" srcset=\"https:\/\/chateauegitim.com\/wp-content\/uploads\/2020\/03\/delf-dalf1.jpg 830w, https:\/\/chateauegitim.com\/wp-content\/uploads\/2020\/03\/delf-dalf1-800x356.jpg 800w, https:\/\/chateauegitim.com\/wp-content\/uploads\/2020\/03\/delf-dalf1-300x133.jpg 300w, https:\/\/chateauegitim.com\/wp-content\/uploads\/2020\/03\/delf-dalf1-768x341.jpg 768w, https:\/\/chateauegitim.com\/wp-content\/uploads\/2020\/03\/delf-dalf1-24x11.jpg 24w, https:\/\/chateauegitim.com\/wp-content\/uploads\/2020\/03\/delf-dalf1-36x16.jpg 36w, https:\/\/chateauegitim.com\/wp-content\/uploads\/2020\/03\/delf-dalf1-48x21.jpg 48w\" sizes=\"auto, (max-width: 830px) 100vw, 830px\" \/><\/div>\r\n    <\/div><\/div>\r\n            <\/section><section id=\"kd-fss-69e895dfa8435\" class=\"featured-right\"><li class=\"nav-label\"><a class=\"feature-tabs-scroll\" href=\"#kd-fss-69e895dfa8435\"><i class=\"iconsmind-Information fss-nav-icon\" style=\" \"><\/i> DALF C1<\/a><\/li><div class=\"container\">\r\n                <div class=\"side-content-wrapper kd-animated fadeInLeft\" data-animation-delay=\"200\"><i class=\"section-icon\" style=\" \"><\/i> <h2 class=\"side-content-title\" >DALF C1<\/h2><div class=\"side-content-text\" ><\/p>\n<ul>\n<li>To be able to give detailed and clear presentations and descriptions on subjects that may be considered complex (not simple) and even on subjects that are outside of one&#039;s field of interest; To easily create and participate in discussions on complex (non-simple), abstract and current issues (social, educational, political, economic, environmental, demographic).<\/li>\n<li>It is the document that 11th grade students of French high schools with Delf B2 documents are expected to receive.<\/li>\n<li>This is the document required by some departments of universities in France from third-year students who will study under the Erasmus exchange program.<\/li>\n<\/ul>\n<p>&nbsp;<\/p>\n<p>DELF (Dipl\u00f4me d&#039;\u00e9tudes en langue fran\u00e7aise) and DALF (Dip\u00f4me approfondie de langue fran\u00e7aise) are mandatory documents for students, employees and educators who want to certify their French language proficiency with an international certificate.<\/p>\n<\/div><div class=\"side-content-link sc-primary-btn\"><a href=\"#form\" target=\"_self\" title=\"Contact Us\" class=\"tt_button tt_primary_button btn_primary_color\">Contact Us<\/a><\/div><\/div><div class=\"side-featured-wrapper fss-rectangle kd-animated fadeInRight fss-shadow-image\" data-animation-delay=\"200\">\r\n      <div class=\"featured-image\"><img loading=\"lazy\" decoding=\"async\" width=\"1600\" height=\"1067\" src=\"https:\/\/chateauegitim.com\/wp-content\/uploads\/2020\/03\/alphabet-class-conceptual-cube-301926.jpg\" class=\"attachment-full\" alt=\"\" srcset=\"https:\/\/chateauegitim.com\/wp-content\/uploads\/2020\/03\/alphabet-class-conceptual-cube-301926.jpg 1600w, https:\/\/chateauegitim.com\/wp-content\/uploads\/2020\/03\/alphabet-class-conceptual-cube-301926-800x534.jpg 800w, https:\/\/chateauegitim.com\/wp-content\/uploads\/2020\/03\/alphabet-class-conceptual-cube-301926-300x200.jpg 300w, https:\/\/chateauegitim.com\/wp-content\/uploads\/2020\/03\/alphabet-class-conceptual-cube-301926-1024x683.jpg 1024w, https:\/\/chateauegitim.com\/wp-content\/uploads\/2020\/03\/alphabet-class-conceptual-cube-301926-768x512.jpg 768w, https:\/\/chateauegitim.com\/wp-content\/uploads\/2020\/03\/alphabet-class-conceptual-cube-301926-1536x1024.jpg 1536w\" sizes=\"auto, (max-width: 1600px) 100vw, 1600px\" \/><\/div>\r\n    <\/div><\/div>\r\n            <\/section>\r\n            <\/div><style type=\"text\/css\"><\/style><\/div><\/div><\/div><\/div><div id=\"form\" data-vc-full-width=\"true\" data-vc-full-width-init=\"false\" data-vc-kd-parallax=\"1.4\" class=\"vc_row wpb_row vc_row-fluid vc_custom_1607100043032 vc_row-has-fill vc_general kd_vc_parallax kd_vc_parallax-content-moving\"><div class=\"parallax-overlay\" data-vc-kd-parallax=\"1.4\"><\/div><div class=\"kd-overlay\"  style=\"background-color:rgba(0,0,0,0.7);\"><\/div><div class=\"wpb_column vc_column_container vc_col-sm-12\"><div class=\"vc_column-inner vc_custom_1516095225433\"><div class=\"wpb_wrapper\"><div class=\"vc_row wpb_row vc_inner vc_row-fluid vc_custom_1555673013129 vc_row-has-padding-top vc_row-has-padding-bottom\"><div class=\"wpb_column vc_column_container vc_col-sm-1\"><div class=\"vc_column-inner vc_custom_1515166784808\"><div class=\"wpb_wrapper\"><\/div><\/div><\/div><div class=\"wpb_column vc_column_container vc_col-sm-4\"><div class=\"vc_column-inner\"><div class=\"wpb_wrapper\"><header class=\"kd-section-title col-lg-12 text-left  kd-animated fadeIn   vc_custom_1583491120092\" data-animation-delay=\"200\"><h2 class=\"separator_off\" style=\"color: #ffffff;\">You are invited to our free introductory lessons!<\/h2><h6 class=\"subtitle\" style=\"color: #eeeeee;\">If you expect your French Language Program to be qualified and concentrated; We offer to hold an introductory lesson with you without charging any fee.<\/h6><\/header><\/div><\/div><\/div><div class=\"wpb_column vc_column_container vc_col-sm-1\"><div class=\"vc_column-inner\"><div class=\"wpb_wrapper\"><\/div><\/div><\/div><div class=\"wpb_column vc_column_container vc_col-sm-5\"><div class=\"vc_column-inner\"><div class=\"wpb_wrapper\"><h4 style=\"color: #ffffff;text-align: left\" class=\"vc_custom_heading wpb_animate_when_almost_visible wpb_fadeIn fadeIn vc_custom_1583491141958\" >We will get back to you as soon as possible.<\/h4><div class=\"kd-contact-form full-width-cf white-input-bg\" ><div role=\"form\" class=\"wpcf7\" id=\"wpcf7-f4439-o1\" lang=\"en-US\" dir=\"ltr\">\n<div class=\"screen-reader-response\"><p role=\"status\" aria-live=\"polite\" aria-atomic=\"true\"><\/p> <ul><\/ul><\/div>\n<form action=\"\/en\/wp-json\/wp\/v2\/pages\/7500#wpcf7-f4439-o1\" method=\"post\" class=\"wpcf7-form init\" novalidate=\"novalidate\" data-status=\"init\" data-trp-original-action=\"\/en\/wp-json\/wp\/v2\/pages\/7500#wpcf7-f4439-o1\">\n<div style=\"display: none;\">\n<input type=\"hidden\" name=\"_wpcf7\" value=\"4439\" \/>\n<input type=\"hidden\" name=\"_wpcf7_version\" value=\"5.3.2\" \/>\n<input type=\"hidden\" name=\"_wpcf7_locale\" value=\"en_US\" \/>\n<input type=\"hidden\" name=\"_wpcf7_unit_tag\" value=\"wpcf7-f4439-o1\" \/>\n<input type=\"hidden\" name=\"_wpcf7_container_post\" value=\"0\" \/>\n<input type=\"hidden\" name=\"_wpcf7_posted_data_hash\" value=\"\" \/>\n<input type=\"hidden\" name=\"_wpcf7_recaptcha_response\" value=\"\" \/>\n<\/div>\n<p><span class=\"wpcf7-form-control-wrap your-name\"><input type=\"text\" name=\"your-name\" value=\"\" size=\"40\" class=\"wpcf7-form-control wpcf7-text wpcf7-validates-as-required\" aria-required=\"true\" aria-invalid=\"false\" placeholder=\"Your name\" \/><\/span><br \/>\n<span class=\"wpcf7-form-control-wrap your-phone\"><input type=\"tel\" name=\"your-phone\" value=\"\" size=\"40\" class=\"wpcf7-form-control wpcf7-text wpcf7-tel wpcf7-validates-as-required wpcf7-validates-as-tel\" aria-required=\"true\" aria-invalid=\"false\" placeholder=\"Telephone\" \/><\/span><br \/>\n<span class=\"wpcf7-form-control-wrap your-email\"><input type=\"email\" name=\"your-email\" value=\"\" size=\"40\" class=\"wpcf7-form-control wpcf7-text wpcf7-email wpcf7-validates-as-required wpcf7-validates-as-email\" aria-required=\"true\" aria-invalid=\"false\" placeholder=\"Email\" \/><\/span><br \/>\n<span class=\"wpcf7-form-control-wrap acceptance-630\"><span class=\"wpcf7-form-control wpcf7-acceptance\"><span class=\"wpcf7-list-item\"><label><input type=\"checkbox\" name=\"acceptance-630\" value=\"1\" aria-invalid=\"false\" \/><span class=\"wpcf7-list-item-label\"><a href=\"https:\/\/chateauegitim.com\/en\/gizlilik-politikasi\/\" target=\"_blank\"> Privacy Policy <\/a> I have read the text and I approve it.<\/span><\/label><\/span><\/span><\/span><br \/>\n<span class=\"wpcf7-form-control-wrap acceptance-123\"><span class=\"wpcf7-form-control wpcf7-acceptance\"><span class=\"wpcf7-list-item\"><label><input type=\"checkbox\" name=\"acceptance-123\" value=\"1\" aria-invalid=\"false\" \/><span class=\"wpcf7-list-item-label\"><a href=\"https:\/\/chateauegitim.com\/en\/acik-riza-onayi\/\" target=\"_blank\"> Explicit Consent Approval<\/a> I have read the form and I accept it.<\/span><\/label><\/span><\/span><\/span><br \/>\n<input type=\"submit\" value=\"Send\" class=\"wpcf7-form-control wpcf7-submit\" \/><\/p>\n<input type='hidden' class='wpcf7-pum' value='{\"closepopup\":false,\"closedelay\":0,\"openpopup\":false,\"openpopup_id\":0}' \/><div class=\"wpcf7-response-output\" aria-hidden=\"true\"><\/div><input type=\"hidden\" name=\"trp-form-language\" value=\"en\"\/><\/form><\/div><\/div><\/div><\/div><\/div><div class=\"wpb_column vc_column_container vc_col-sm-1\"><div class=\"vc_column-inner\"><div class=\"wpb_wrapper\"><\/div><\/div><\/div><\/div><\/div><\/div><\/div><\/div><div class=\"vc_row-full-width vc_clearfix\"><\/div>","protected":false},"excerpt":{"rendered":"DELF A1 DELF A1 Being able to understand and use simple terms and sentences aimed at meeting concrete needs; [...]","protected":false},"author":1,"featured_media":7872,"parent":0,"menu_order":0,"comment_status":"closed","ping_status":"closed","template":"","meta":{"footnotes":""},"class_list":["post-7500","page","type-page","status-publish","has-post-thumbnail","hentry"],"yoast_head":"<!-- This site is optimized with the Yoast SEO plugin v15.5 - https:\/\/yoast.com\/wordpress\/plugins\/seo\/ -->\n<title>DELF-DALF Haz\u0131rl\u0131k Programlar\u0131 | Chateau E\u011fitim<\/title>\n<meta name=\"robots\" content=\"index, follow, max-snippet:-1, max-image-preview:large, max-video-preview:-1\" \/>\n<link rel=\"canonical\" href=\"https:\/\/chateauegitim.com\/en\/delf-dalf-hazirlik-programlari\/\" \/>\n<meta property=\"og:locale\" content=\"en_US\" \/>\n<meta property=\"og:type\" content=\"article\" \/>\n<meta property=\"og:title\" content=\"DELF-DALF Haz\u0131rl\u0131k Programlar\u0131 | Chateau E\u011fitim\" \/>\n<meta property=\"og:url\" content=\"https:\/\/chateauegitim.com\/en\/delf-dalf-hazirlik-programlari\/\" \/>\n<meta property=\"og:site_name\" content=\"Chateau E\u011fitim\" \/>\n<meta property=\"article:modified_time\" content=\"2020-12-04T16:44:18+00:00\" \/>\n<meta property=\"og:image\" content=\"https:\/\/chateauegitim.com\/wp-content\/uploads\/2020\/03\/delfdalf-1.jpg\" \/>\n\t<meta property=\"og:image:width\" content=\"1920\" \/>\n\t<meta property=\"og:image:height\" content=\"500\" \/>\n<meta name=\"twitter:card\" content=\"summary_large_image\" \/>\n<meta name=\"twitter:label1\" content=\"Est. reading time\">\n\t<meta name=\"twitter:data1\" content=\"5 minutes\">\n<script type=\"application\/ld+json\" class=\"yoast-schema-graph\">{\"@context\":\"https:\/\/schema.org\",\"@graph\":[{\"@type\":\"WebSite\",\"@id\":\"https:\/\/chateauegitim.com\/en\/#website\",\"url\":\"https:\/\/chateauegitim.com\/en\/\",\"name\":\"Chateau E\\u011fitim\",\"description\":\"\\u0130novatif E\\u011fitim\",\"potentialAction\":[{\"@type\":\"SearchAction\",\"target\":\"https:\/\/chateauegitim.com\/en\/?s={search_term_string}\",\"query-input\":\"required name=search_term_string\"}],\"inLanguage\":\"en-US\"},{\"@type\":\"ImageObject\",\"@id\":\"https:\/\/chateauegitim.com\/en\/delf-dalf-hazirlik-programlari\/#primaryimage\",\"inLanguage\":\"en-US\",\"url\":\"https:\/\/chateauegitim.com\/wp-content\/uploads\/2020\/03\/delfdalf-1.jpg\",\"width\":1920,\"height\":500},{\"@type\":\"WebPage\",\"@id\":\"https:\/\/chateauegitim.com\/en\/delf-dalf-hazirlik-programlari\/#webpage\",\"url\":\"https:\/\/chateauegitim.com\/en\/delf-dalf-hazirlik-programlari\/\",\"name\":\"DELF-DALF Haz\\u0131rl\\u0131k Programlar\\u0131 | Chateau E\\u011fitim\",\"isPartOf\":{\"@id\":\"https:\/\/chateauegitim.com\/en\/#website\"},\"primaryImageOfPage\":{\"@id\":\"https:\/\/chateauegitim.com\/en\/delf-dalf-hazirlik-programlari\/#primaryimage\"},\"datePublished\":\"2020-03-06T11:04:36+00:00\",\"dateModified\":\"2020-12-04T16:44:18+00:00\",\"inLanguage\":\"en-US\",\"potentialAction\":[{\"@type\":\"ReadAction\",\"target\":[\"https:\/\/chateauegitim.com\/en\/delf-dalf-hazirlik-programlari\/\"]}]}]}<\/script>\n<!-- \/ Yoast SEO plugin. -->","_links":{"self":[{"href":"https:\/\/chateauegitim.com\/en\/wp-json\/wp\/v2\/pages\/7500","targetHints":{"allow":["GET"]}}],"collection":[{"href":"https:\/\/chateauegitim.com\/en\/wp-json\/wp\/v2\/pages"}],"about":[{"href":"https:\/\/chateauegitim.com\/en\/wp-json\/wp\/v2\/types\/page"}],"author":[{"embeddable":true,"href":"https:\/\/chateauegitim.com\/en\/wp-json\/wp\/v2\/users\/1"}],"replies":[{"embeddable":true,"href":"https:\/\/chateauegitim.com\/en\/wp-json\/wp\/v2\/comments?post=7500"}],"version-history":[{"count":14,"href":"https:\/\/chateauegitim.com\/en\/wp-json\/wp\/v2\/pages\/7500\/revisions"}],"predecessor-version":[{"id":8733,"href":"https:\/\/chateauegitim.com\/en\/wp-json\/wp\/v2\/pages\/7500\/revisions\/8733"}],"wp:featuredmedia":[{"embeddable":true,"href":"https:\/\/chateauegitim.com\/en\/wp-json\/wp\/v2\/media\/7872"}],"wp:attachment":[{"href":"https:\/\/chateauegitim.com\/en\/wp-json\/wp\/v2\/media?parent=7500"}],"curies":[{"name":"wp","href":"https:\/\/api.w.org\/{rel}","templated":true}]}}