{"id":7519,"date":"2020-03-06T14:29:47","date_gmt":"2020-03-06T11:29:47","guid":{"rendered":"http:\/\/chateauegitim.com\/?page_id=7519"},"modified":"2020-12-04T19:45:24","modified_gmt":"2020-12-04T16:45:24","slug":"galatasaray-lisesi-pasaj-hazirlik-programi","status":"publish","type":"page","link":"https:\/\/chateauegitim.com\/en\/galatasaray-lisesi-pasaj-hazirlik-programi\/","title":{"rendered":"Galatasaray High School Passage Preparation Program"},"content":{"rendered":"<div class=\"vc_row wpb_row vc_row-fluid vc_custom_1556018461316 vc_row-has-padding-top vc_row-has-padding-bottom\"><div class=\"wpb_column vc_column_container vc_col-sm-12\"><div class=\"vc_column-inner\"><div class=\"wpb_wrapper\"><div class=\"feature-sections-wrapper kd-fsp-69deb12a0740f\">\r\n            <section class=\"feature-sections-tabs\">\r\n              <nav class=\"kd-feature-tabs\">\r\n                <ul class=\"nav nav-tabs sticky-tabs container\">\r\n                <\/ul>\r\n              <\/nav>\r\n            <\/section>\r\n            <section id=\"kd-fss-69deb12a07497\" class=\"featured-right\"><li class=\"nav-label\"><a class=\"feature-tabs-scroll\" href=\"#kd-fss-69deb12a07497\"><i class=\"iconsmind-Information fss-nav-icon\" style=\" \"><\/i> General Information<\/a><\/li><div class=\"container\">\r\n                <div class=\"side-content-wrapper kd-animated fadeInLeft\" data-animation-delay=\"200\"><i class=\"section-icon\" style=\" \"><\/i> <h2 class=\"side-content-title\" >General Information<\/h2><h6 class=\"side-content-subtitle\" >Galatasaray \u0130lk ve Ortaokul mezunlar\u0131n\u0131n kurdu\u011fu \u0130LK ve TEK kurum olarak \u00f6\u011frencilerle ayn\u0131 yoldan ge\u00e7memizin verdi\u011fi tecr\u00fcbeyle PASAJ PROGRAMI haz\u0131rl\u0131k programlar\u0131m\u0131zda kuruldu\u011fumuz 2010 y\u0131l\u0131ndan bu yana %100 ba\u015far\u0131ya sahibiz. Pasaj Program\u0131'na haz\u0131rlad\u0131\u011f\u0131m\u0131z T\u00dcM \u00f6\u011frencilerimiz do\u011frudan 9. SINIFA ge\u00e7i\u015f yapm\u0131\u015ft\u0131r.<\/h6><div class=\"side-content-text\" ><\/p>\n<p class=\"font_8\"><span class=\"color_2\">As the FIRST and ONLY institution founded by graduates of Galatasaray Primary and Middle School, we have achieved 100% success in our preparation programs for the FRENCH HIGH SCHOOL ENTRANCE EXAMINATION \/ INTERNAL EXAMINATION, leveraging our experience of going through the same path as French Primary and Middle School students.<\/span><\/p>\n<p class=\"font_8\"><span class=\"color_2\">Galatasaray High School Internal Exam Preparation Program &quot;8. It consists of two stages: &quot;Classroom Passage Preparation Program&quot; and &quot;Summer Passage Preparation Program&quot;.<\/span><\/p>\n<p>\n<\/div><\/div><div class=\"side-featured-wrapper fss-rectangle kd-animated fadeInRight fss-shadow-image\" data-animation-delay=\"200\">\r\n      <div class=\"featured-image\"><img loading=\"lazy\" decoding=\"async\" width=\"950\" height=\"620\" src=\"https:\/\/chateauegitim.com\/wp-content\/uploads\/2020\/03\/galatasaray-lisesi-binasi.jpg\" class=\"attachment-full\" alt=\"\" srcset=\"https:\/\/chateauegitim.com\/wp-content\/uploads\/2020\/03\/galatasaray-lisesi-binasi.jpg 950w, https:\/\/chateauegitim.com\/wp-content\/uploads\/2020\/03\/galatasaray-lisesi-binasi-800x522.jpg 800w, https:\/\/chateauegitim.com\/wp-content\/uploads\/2020\/03\/galatasaray-lisesi-binasi-300x196.jpg 300w, https:\/\/chateauegitim.com\/wp-content\/uploads\/2020\/03\/galatasaray-lisesi-binasi-768x501.jpg 768w, https:\/\/chateauegitim.com\/wp-content\/uploads\/2020\/03\/galatasaray-lisesi-binasi-24x16.jpg 24w, https:\/\/chateauegitim.com\/wp-content\/uploads\/2020\/03\/galatasaray-lisesi-binasi-36x23.jpg 36w, https:\/\/chateauegitim.com\/wp-content\/uploads\/2020\/03\/galatasaray-lisesi-binasi-48x31.jpg 48w\" sizes=\"auto, (max-width: 950px) 100vw, 950px\" \/><\/div>\r\n    <\/div><\/div>\r\n            <\/section><section id=\"kd-fss-69deb12a078cf\" class=\"featured-left\"><li class=\"nav-label\"><a class=\"feature-tabs-scroll\" href=\"#kd-fss-69deb12a078cf\"><i class=\"iconsmind-Winter-2 fss-nav-icon\" style=\" \"><\/i> Winter Term Passage Preparation Program<\/a><\/li><div class=\"container\">\r\n                <div class=\"side-content-wrapper kd-animated fadeInRight\" data-animation-delay=\"200\"><i class=\"section-icon\" style=\" \"><\/i> <h2 class=\"side-content-title\" >8th Grade Winter Term Passage Preparation Program<\/h2><h6 class=\"side-content-subtitle\" >The content of the program we have prepared for students currently continuing their education in the 8th grade is as follows:<\/h6><div class=\"side-content-text\" ><\/p>\n<ul>\n<li><span class=\"color_2\">Lessons are taken in 2 sessions (2 * 1.5 hours = 3 hours), 2 days a week.<\/span><\/li>\n<li><span class=\"color_2\">\u00a0Lesson 1:<br \/>\n<\/span><span class=\"color_2\">Compr\u00e9hension Ecrite (Reading Comprehension)<br \/>\nCONVERSATION<br \/>\nVocabulaire study<\/span><\/li>\n<li><span class=\"color_2\">Lesson 2:<br \/>\nGrammaire<br \/>\nExpression Ecrite (Composition) work<\/span><\/li>\n<\/ul>\n<p>\n<\/div><\/div><div class=\"side-featured-wrapper fss-rectangle kd-animated fadeInLeft fss-shadow-image\" data-animation-delay=\"200\">\r\n      <div class=\"featured-image\"><img loading=\"lazy\" decoding=\"async\" width=\"640\" height=\"420\" src=\"https:\/\/chateauegitim.com\/wp-content\/uploads\/2020\/03\/galatasaray-lisesi-2.jpg\" class=\"attachment-full\" alt=\"\" srcset=\"https:\/\/chateauegitim.com\/wp-content\/uploads\/2020\/03\/galatasaray-lisesi-2.jpg 640w, https:\/\/chateauegitim.com\/wp-content\/uploads\/2020\/03\/galatasaray-lisesi-2-300x197.jpg 300w, https:\/\/chateauegitim.com\/wp-content\/uploads\/2020\/03\/galatasaray-lisesi-2-24x16.jpg 24w, https:\/\/chateauegitim.com\/wp-content\/uploads\/2020\/03\/galatasaray-lisesi-2-36x24.jpg 36w, https:\/\/chateauegitim.com\/wp-content\/uploads\/2020\/03\/galatasaray-lisesi-2-48x32.jpg 48w\" sizes=\"auto, (max-width: 640px) 100vw, 640px\" \/><\/div>\r\n    <\/div><\/div>\r\n            <\/section><section id=\"kd-fss-69deb12a07c4d\" class=\"featured-right\"><li class=\"nav-label\"><a class=\"feature-tabs-scroll\" href=\"#kd-fss-69deb12a07c4d\"><i class=\"iconsmind-Summer fss-nav-icon\" style=\" \"><\/i> Summer Term Passage Preparation Program<\/a><\/li><div class=\"container\">\r\n                <div class=\"side-content-wrapper kd-animated fadeInLeft\" data-animation-delay=\"200\"><i class=\"section-icon\" style=\" \"><\/i> <h2 class=\"side-content-title\" >Summer Term Passage Preparation Program<\/h2><h6 class=\"side-content-subtitle\" >The content of the program we have prepared for students who have completed the 8th grade is as follows:<\/h6><div class=\"side-content-text\" ><\/p>\n<p class=\"font_8\">At the beginning of July of each year, students who want to enroll are subjected to a 2.5-hour Placement Exam in the four main modules of French, namely grammar, composition, reading-comprehension and vocabulary, and a special program is drawn for the student by determining the student&#039;s deficiencies and level. Aim; It is to determine the information that students have forgotten within 1.5 months and measure their current levels.<\/p>\n<ul>\n<li>With the personalized training program that the student will be subjected to for a total of 8 or 10 weeks starting from the beginning of July, the student is properly prepared for the Internal Exam by experienced teachers, based on the areas in which he\/she is deficient. In this way, it is ensured that the student turns the opportunity gained by entering Galatasaray Primary School into success.<\/li>\n<li>French, Turkish and conversation classes consist of groups of maximum 8 people.<\/li>\n<li>In the exams to be administered within the program, the development of the students is observed and class (level) changes are made when necessary.<\/li>\n<li>If the exam is held after the planned date, individual lessons will continue to be given upon request.<\/li>\n<li>If Galatasaray Secondary School organizes a Passage Program, the hours of our education program are updated and the student is enabled to participate in the school program.<\/li>\n<\/ul>\n<p>\n<\/div><\/div><div class=\"side-featured-wrapper fss-rectangle kd-animated fadeInRight fss-shadow-image\" data-animation-delay=\"200\">\r\n      <div class=\"featured-image\"><img loading=\"lazy\" decoding=\"async\" width=\"1000\" height=\"667\" src=\"https:\/\/chateauegitim.com\/wp-content\/uploads\/2020\/03\/galatasaray-lisesi-1-1.jpg\" class=\"attachment-full\" alt=\"\" srcset=\"https:\/\/chateauegitim.com\/wp-content\/uploads\/2020\/03\/galatasaray-lisesi-1-1.jpg 1000w, https:\/\/chateauegitim.com\/wp-content\/uploads\/2020\/03\/galatasaray-lisesi-1-1-800x534.jpg 800w, https:\/\/chateauegitim.com\/wp-content\/uploads\/2020\/03\/galatasaray-lisesi-1-1-300x200.jpg 300w, https:\/\/chateauegitim.com\/wp-content\/uploads\/2020\/03\/galatasaray-lisesi-1-1-768x512.jpg 768w, https:\/\/chateauegitim.com\/wp-content\/uploads\/2020\/03\/galatasaray-lisesi-1-1-24x16.jpg 24w, https:\/\/chateauegitim.com\/wp-content\/uploads\/2020\/03\/galatasaray-lisesi-1-1-36x24.jpg 36w, https:\/\/chateauegitim.com\/wp-content\/uploads\/2020\/03\/galatasaray-lisesi-1-1-48x32.jpg 48w\" sizes=\"auto, (max-width: 1000px) 100vw, 1000px\" \/><\/div>\r\n    <\/div><\/div>\r\n            <\/section>\r\n            <\/div><style type=\"text\/css\"><\/style><\/div><\/div><\/div><\/div><div id=\"form\" data-vc-full-width=\"true\" data-vc-full-width-init=\"false\" data-vc-kd-parallax=\"1.4\" class=\"vc_row wpb_row vc_row-fluid vc_custom_1607100108597 vc_row-has-fill vc_general kd_vc_parallax kd_vc_parallax-content-moving\"><div class=\"parallax-overlay\" data-vc-kd-parallax=\"1.4\"><\/div><div class=\"kd-overlay\"  style=\"background-color:rgba(0,0,0,0.7);\"><\/div><div class=\"wpb_column vc_column_container vc_col-sm-12\"><div class=\"vc_column-inner vc_custom_1516095225433\"><div class=\"wpb_wrapper\"><div class=\"vc_row wpb_row vc_inner vc_row-fluid vc_custom_1555673013129 vc_row-has-padding-top vc_row-has-padding-bottom\"><div class=\"wpb_column vc_column_container vc_col-sm-1\"><div class=\"vc_column-inner vc_custom_1515166784808\"><div class=\"wpb_wrapper\"><\/div><\/div><\/div><div class=\"wpb_column vc_column_container vc_col-sm-4\"><div class=\"vc_column-inner\"><div class=\"wpb_wrapper\"><header class=\"kd-section-title col-lg-12 text-left  kd-animated fadeIn   vc_custom_1583491120092\" data-animation-delay=\"200\"><h2 class=\"separator_off\" style=\"color: #ffffff;\">You are invited to our free introductory lessons!<\/h2><h6 class=\"subtitle\" style=\"color: #eeeeee;\">If you expect your French Language Program to be qualified and concentrated; We offer to hold an introductory lesson with you without charging any fee.<\/h6><\/header><\/div><\/div><\/div><div class=\"wpb_column vc_column_container vc_col-sm-1\"><div class=\"vc_column-inner\"><div class=\"wpb_wrapper\"><\/div><\/div><\/div><div class=\"wpb_column vc_column_container vc_col-sm-5\"><div class=\"vc_column-inner\"><div class=\"wpb_wrapper\"><h4 style=\"color: #ffffff;text-align: left\" class=\"vc_custom_heading wpb_animate_when_almost_visible wpb_fadeIn fadeIn vc_custom_1583491141958\" >We will get back to you as soon as possible.<\/h4><div class=\"kd-contact-form full-width-cf white-input-bg\" ><div role=\"form\" class=\"wpcf7\" id=\"wpcf7-f4439-o1\" lang=\"en-US\" dir=\"ltr\">\n<div class=\"screen-reader-response\"><p role=\"status\" aria-live=\"polite\" aria-atomic=\"true\"><\/p> <ul><\/ul><\/div>\n<form action=\"\/en\/wp-json\/wp\/v2\/pages\/7519#wpcf7-f4439-o1\" method=\"post\" class=\"wpcf7-form init\" novalidate=\"novalidate\" data-status=\"init\" data-trp-original-action=\"\/en\/wp-json\/wp\/v2\/pages\/7519#wpcf7-f4439-o1\">\n<div style=\"display: none;\">\n<input type=\"hidden\" name=\"_wpcf7\" value=\"4439\" \/>\n<input type=\"hidden\" name=\"_wpcf7_version\" value=\"5.3.2\" \/>\n<input type=\"hidden\" name=\"_wpcf7_locale\" value=\"en_US\" \/>\n<input type=\"hidden\" name=\"_wpcf7_unit_tag\" value=\"wpcf7-f4439-o1\" \/>\n<input type=\"hidden\" name=\"_wpcf7_container_post\" value=\"0\" \/>\n<input type=\"hidden\" name=\"_wpcf7_posted_data_hash\" value=\"\" \/>\n<input type=\"hidden\" name=\"_wpcf7_recaptcha_response\" value=\"\" \/>\n<\/div>\n<p><span class=\"wpcf7-form-control-wrap your-name\"><input type=\"text\" name=\"your-name\" value=\"\" size=\"40\" class=\"wpcf7-form-control wpcf7-text wpcf7-validates-as-required\" aria-required=\"true\" aria-invalid=\"false\" placeholder=\"Your name\" \/><\/span><br \/>\n<span class=\"wpcf7-form-control-wrap your-phone\"><input type=\"tel\" name=\"your-phone\" value=\"\" size=\"40\" class=\"wpcf7-form-control wpcf7-text wpcf7-tel wpcf7-validates-as-required wpcf7-validates-as-tel\" aria-required=\"true\" aria-invalid=\"false\" placeholder=\"Telephone\" \/><\/span><br \/>\n<span class=\"wpcf7-form-control-wrap your-email\"><input type=\"email\" name=\"your-email\" value=\"\" size=\"40\" class=\"wpcf7-form-control wpcf7-text wpcf7-email wpcf7-validates-as-required wpcf7-validates-as-email\" aria-required=\"true\" aria-invalid=\"false\" placeholder=\"Email\" \/><\/span><br \/>\n<span class=\"wpcf7-form-control-wrap acceptance-630\"><span class=\"wpcf7-form-control wpcf7-acceptance\"><span class=\"wpcf7-list-item\"><label><input type=\"checkbox\" name=\"acceptance-630\" value=\"1\" aria-invalid=\"false\" \/><span class=\"wpcf7-list-item-label\"><a href=\"https:\/\/chateauegitim.com\/en\/gizlilik-politikasi\/\" target=\"_blank\"> Privacy Policy <\/a> I have read the text and I approve it.<\/span><\/label><\/span><\/span><\/span><br \/>\n<span class=\"wpcf7-form-control-wrap acceptance-123\"><span class=\"wpcf7-form-control wpcf7-acceptance\"><span class=\"wpcf7-list-item\"><label><input type=\"checkbox\" name=\"acceptance-123\" value=\"1\" aria-invalid=\"false\" \/><span class=\"wpcf7-list-item-label\"><a href=\"https:\/\/chateauegitim.com\/en\/acik-riza-onayi\/\" target=\"_blank\"> Explicit Consent Approval<\/a> I have read the form and I accept it.<\/span><\/label><\/span><\/span><\/span><br \/>\n<input type=\"submit\" value=\"Send\" class=\"wpcf7-form-control wpcf7-submit\" \/><\/p>\n<input type='hidden' class='wpcf7-pum' value='{\"closepopup\":false,\"closedelay\":0,\"openpopup\":false,\"openpopup_id\":0}' \/><div class=\"wpcf7-response-output\" aria-hidden=\"true\"><\/div><input type=\"hidden\" name=\"trp-form-language\" value=\"en\"\/><\/form><\/div><\/div><\/div><\/div><\/div><div class=\"wpb_column vc_column_container vc_col-sm-1\"><div class=\"vc_column-inner\"><div class=\"wpb_wrapper\"><\/div><\/div><\/div><\/div><\/div><\/div><\/div><\/div><div class=\"vc_row-full-width vc_clearfix\"><\/div>","protected":false},"excerpt":{"rendered":"General Information General InformationAs the FIRST and ONLY institution established by graduates of Galatasaray Primary and Secondary School, it is open to students [...]","protected":false},"author":1,"featured_media":7876,"parent":0,"menu_order":0,"comment_status":"closed","ping_status":"closed","template":"","meta":{"footnotes":""},"class_list":["post-7519","page","type-page","status-publish","has-post-thumbnail","hentry"],"yoast_head":"<!-- This site is optimized with the Yoast SEO plugin v15.5 - https:\/\/yoast.com\/wordpress\/plugins\/seo\/ -->\n<title>Galatasaray Lisesi Pasaj Haz\u0131rl\u0131k Program\u0131 | Chateau E\u011fitim<\/title>\n<meta name=\"robots\" content=\"index, follow, max-snippet:-1, max-image-preview:large, max-video-preview:-1\" \/>\n<link rel=\"canonical\" href=\"https:\/\/chateauegitim.com\/en\/galatasaray-lisesi-pasaj-hazirlik-programi\/\" \/>\n<meta property=\"og:locale\" content=\"en_US\" \/>\n<meta property=\"og:type\" content=\"article\" \/>\n<meta property=\"og:title\" content=\"Galatasaray Lisesi Pasaj Haz\u0131rl\u0131k Program\u0131 | Chateau E\u011fitim\" \/>\n<meta property=\"og:url\" content=\"https:\/\/chateauegitim.com\/en\/galatasaray-lisesi-pasaj-hazirlik-programi\/\" \/>\n<meta property=\"og:site_name\" content=\"Chateau E\u011fitim\" \/>\n<meta property=\"article:modified_time\" content=\"2020-12-04T16:45:24+00:00\" \/>\n<meta property=\"og:image\" content=\"https:\/\/chateauegitim.com\/wp-content\/uploads\/2020\/03\/galatasaray-lisesi-1.jpg\" \/>\n\t<meta property=\"og:image:width\" content=\"1920\" \/>\n\t<meta property=\"og:image:height\" content=\"500\" \/>\n<meta name=\"twitter:card\" content=\"summary_large_image\" \/>\n<meta name=\"twitter:label1\" content=\"Est. reading time\">\n\t<meta name=\"twitter:data1\" content=\"4 minutes\">\n<script type=\"application\/ld+json\" class=\"yoast-schema-graph\">{\"@context\":\"https:\/\/schema.org\",\"@graph\":[{\"@type\":\"WebSite\",\"@id\":\"https:\/\/chateauegitim.com\/en\/#website\",\"url\":\"https:\/\/chateauegitim.com\/en\/\",\"name\":\"Chateau E\\u011fitim\",\"description\":\"\\u0130novatif E\\u011fitim\",\"potentialAction\":[{\"@type\":\"SearchAction\",\"target\":\"https:\/\/chateauegitim.com\/en\/?s={search_term_string}\",\"query-input\":\"required name=search_term_string\"}],\"inLanguage\":\"en-US\"},{\"@type\":\"ImageObject\",\"@id\":\"https:\/\/chateauegitim.com\/en\/galatasaray-lisesi-pasaj-hazirlik-programi\/#primaryimage\",\"inLanguage\":\"en-US\",\"url\":\"https:\/\/chateauegitim.com\/wp-content\/uploads\/2020\/03\/galatasaray-lisesi-1.jpg\",\"width\":1920,\"height\":500},{\"@type\":\"WebPage\",\"@id\":\"https:\/\/chateauegitim.com\/en\/galatasaray-lisesi-pasaj-hazirlik-programi\/#webpage\",\"url\":\"https:\/\/chateauegitim.com\/en\/galatasaray-lisesi-pasaj-hazirlik-programi\/\",\"name\":\"Galatasaray Lisesi Pasaj Haz\\u0131rl\\u0131k Program\\u0131 | Chateau E\\u011fitim\",\"isPartOf\":{\"@id\":\"https:\/\/chateauegitim.com\/en\/#website\"},\"primaryImageOfPage\":{\"@id\":\"https:\/\/chateauegitim.com\/en\/galatasaray-lisesi-pasaj-hazirlik-programi\/#primaryimage\"},\"datePublished\":\"2020-03-06T11:29:47+00:00\",\"dateModified\":\"2020-12-04T16:45:24+00:00\",\"inLanguage\":\"en-US\",\"potentialAction\":[{\"@type\":\"ReadAction\",\"target\":[\"https:\/\/chateauegitim.com\/en\/galatasaray-lisesi-pasaj-hazirlik-programi\/\"]}]}]}<\/script>\n<!-- \/ Yoast SEO plugin. -->","_links":{"self":[{"href":"https:\/\/chateauegitim.com\/en\/wp-json\/wp\/v2\/pages\/7519","targetHints":{"allow":["GET"]}}],"collection":[{"href":"https:\/\/chateauegitim.com\/en\/wp-json\/wp\/v2\/pages"}],"about":[{"href":"https:\/\/chateauegitim.com\/en\/wp-json\/wp\/v2\/types\/page"}],"author":[{"embeddable":true,"href":"https:\/\/chateauegitim.com\/en\/wp-json\/wp\/v2\/users\/1"}],"replies":[{"embeddable":true,"href":"https:\/\/chateauegitim.com\/en\/wp-json\/wp\/v2\/comments?post=7519"}],"version-history":[{"count":16,"href":"https:\/\/chateauegitim.com\/en\/wp-json\/wp\/v2\/pages\/7519\/revisions"}],"predecessor-version":[{"id":8737,"href":"https:\/\/chateauegitim.com\/en\/wp-json\/wp\/v2\/pages\/7519\/revisions\/8737"}],"wp:featuredmedia":[{"embeddable":true,"href":"https:\/\/chateauegitim.com\/en\/wp-json\/wp\/v2\/media\/7876"}],"wp:attachment":[{"href":"https:\/\/chateauegitim.com\/en\/wp-json\/wp\/v2\/media?parent=7519"}],"curies":[{"name":"wp","href":"https:\/\/api.w.org\/{rel}","templated":true}]}}