{"id":7525,"date":"2020-03-06T14:44:58","date_gmt":"2020-03-06T11:44:58","guid":{"rendered":"http:\/\/chateauegitim.com\/?page_id=7525"},"modified":"2025-06-23T10:47:09","modified_gmt":"2025-06-23T07:47:09","slug":"kariyer","status":"publish","type":"page","link":"https:\/\/chateauegitim.com\/en\/kariyer\/","title":{"rendered":"Career"},"content":{"rendered":"<div data-vc-full-width=\"true\" data-vc-full-width-init=\"false\" class=\"vc_row wpb_row vc_row-fluid under-menu-topbar vc_custom_1606071009201 vc_row-has-fill vc_row-has-padding-top vc_row-has-padding-bottom\"><div class=\"wpb_column vc_column_container vc_col-sm-12\"><div class=\"vc_column-inner\"><div class=\"wpb_wrapper\"><header class=\"kd-section-title vc_col-lg-6 vc_col-sm-8 text-center     vc_custom_1606071020233\" ><h1 class=\"separator_off\" style=\"color: #ffffff;\">Career<\/h1><h6 class=\"subtitle\" style=\"color: #ffffff;\">Open positions<\/h6><\/header><\/div><\/div><\/div><\/div><div class=\"vc_row-full-width vc_clearfix\"><\/div><div class=\"vc_row wpb_row vc_row-fluid vc_custom_1555675892398 vc_row-has-fill\"><div class=\"wpb_column vc_column_container vc_col-sm-12\"><div class=\"vc_column-inner vc_custom_1555676580479\"><div class=\"wpb_wrapper\"><div class=\"vc_tta-container\" data-vc-action=\"collapse\"><div class=\"vc_general vc_tta vc_tta-tabs vc_tta-color-grey vc_tta-style-classic vc_tta-shape-rounded vc_tta-spacing-1 vc_tta-tabs-position-top vc_tta-controls-align-left vc_custom_1555676595790\"><div class=\"vc_tta-tabs-container\"><ul class=\"vc_tta-tabs-list\"><li class=\"vc_tta-tab vc_active\" data-vc-tab><a href=\"#1488725417825-2758920e-e7efd3eb-d2400966-8526\" data-vc-tabs data-vc-container=\".vc_tta\"><i class=\"vc_tta-icon vc_li vc_li-diamond\"><\/i><span class=\"vc_tta-title-text\">French Teacher<\/span><\/a><\/li><li class=\"vc_tta-tab\" data-vc-tab><a href=\"#1583495426411-db37380c-92df\" data-vc-tabs data-vc-container=\".vc_tta\"><i class=\"vc_tta-icon vc_li vc_li-diamond\"><\/i><span class=\"vc_tta-title-text\">English teacher<\/span><\/a><\/li><\/ul><\/div><div class=\"vc_tta-panels-container\"><div class=\"vc_tta-panels\"><div class=\"vc_tta-panel vc_active\" id=\"1488725417825-2758920e-e7efd3eb-d2400966-8526\" data-vc-content=\".vc_tta-panel-body\"><div class=\"vc_tta-panel-heading\"><h4 class=\"vc_tta-panel-title\"><a href=\"#1488725417825-2758920e-e7efd3eb-d2400966-8526\" data-vc-accordion data-vc-container=\".vc_tta-container\"><i class=\"vc_tta-icon vc_li vc_li-diamond\"><\/i><span class=\"vc_tta-title-text\">French Teacher<\/span><\/a><\/h4><\/div><div class=\"vc_tta-panel-body\"><div class=\"vc_row wpb_row vc_inner vc_row-fluid vc_custom_1536153128553 vc_row-has-padding-top vc_row-has-padding-bottom\"><div class=\"wpb_column vc_column_container vc_col-sm-12 vc_col-lg-8\"><div class=\"vc_column-inner vc_custom_1541432789170\"><div class=\"wpb_wrapper\">\n\t<div class=\"wpb_text_column wpb_content_element\" >\n\t\t<div class=\"wpb_wrapper\">\n\t\t\t<p>Ni\u015fanta\u015f\u0131 ve \u015ea\u015fk\u0131nbakkal\u2019da \u015fubeleri bulunan frankofon e\u011fitim kurumumuz Ch\u00e2teau E\u011fitim (<a href=\"https:\/\/chateauegitim.com\/en\/\" target=\"_blank\" rel=\"noopener noreferrer\" data-content=\"http:\/\/chateauegitim.com\/\" data-type=\"external\">www.chateauegitim.com<\/a>we are currently considering candidates for the position of full-time French Teacher. We are looking for determined individuals who love French, are eager to improve themselves both linguistically and pedagogically, and keep up with innovations in language education. Candidates must be graduates of relevant departments.<\/p>\n\n\t\t<\/div>\n\t<\/div>\n<div id=\"1489502905563-e29b0d23-e63e\" class=\"vc_toggle vc_toggle_default vc_toggle_color_default  vc_toggle_size_md\"><div class=\"vc_toggle_title\"><h4>General Qualifications<\/h4><i class=\"vc_toggle_icon\"><\/i><\/div><div class=\"vc_toggle_content\"><p>-Graduated from the &quot;French Language Teaching&quot; or &quot;French Language and Literature&quot; departments of universities and have pedagogical formation,<\/p>\n<p>-Complies with MEB Appointment conditions,<\/p>\n<p>-Has a native level of French knowledge,<\/p>\n<p>-Experienced in the field,<\/p>\n<p>- Proficient in MS Office programs,<\/p>\n<p>-Aptitude for teamwork,<\/p>\n<p>- Strong communication with students,<\/p>\n<p>-Success oriented, creative,<\/p>\n<p>- Open to self-improvement in technology and education,<\/p>\n<p>-Following educational technologies,<\/p>\n<p>-Dynamic, disciplined and patient,<\/p>\n<p>-Preferably a French High School graduate and a master&#039;s degree.<\/p>\n<\/div><\/div><div id=\"1489502905062-f32a7618-e6e0\" class=\"vc_toggle vc_toggle_default vc_toggle_color_default  vc_toggle_size_md\"><div class=\"vc_toggle_title\"><h4>Task\/Job Description<\/h4><i class=\"vc_toggle_icon\"><\/i><\/div><div class=\"vc_toggle_content\"><p>- Educational responsibility for school reinforcement programs in French primary schools, secondary schools and high schools,<\/p>\n<p>&#8211;<a href=\"http:\/\/www.chateaukids.com\/\" target=\"_blank\" rel=\"noopener noreferrer\" data-content=\"http:\/\/www.chateaukids.com\/\" data-type=\"external\">www.chateaukids.com<\/a> Within the scope of our project, taking part in the R&amp;D part of the education project with multi-sensory education methods for the group between the ages of 4-12,<\/p>\n<p>- Educational responsibility for registered students within the scope of the relevant project,<\/p>\n<p>-Contributing to educational and linguistic projects,<\/p>\n<p>-Being responsible for the preparation of all kinds of evaluation materials, documents, resources and exams,<\/p>\n<p>-To provide the best education to students and to take and implement the necessary measures to improve the quality of education,<\/p>\n<p>-Preparing lesson plans, evaluating student performance and tracking their development,<\/p>\n<p>-Guiding students in language learning processes.<\/p>\n<\/div><\/div><\/div><\/div><\/div><div class=\"wpb_column vc_column_container vc_col-sm-12 vc_col-lg-4\"><div class=\"vc_column-inner\"><div class=\"wpb_wrapper\"><header class=\"kd-section-title col-lg-12 text-left     vc_custom_1584012701649\" ><h3 class=\"separator_off\" >We would be happy to see you in the Chateau family!<\/h3><h6 class=\"subtitle\" >If you think this job is suitable for you, you can send your CV to info@chateauegitim.com.<\/h6><\/header><div class=\"vc_empty_space\"   style=\"height: 10px\"><span class=\"vc_empty_space_inner\"><\/span><\/div>\n\t<div class=\"wpb_text_column wpb_content_element\" >\n\t\t<div class=\"wpb_wrapper\">\n\t\t\t<p><a href=\"https:\/\/chateauegitim.com\/en\/fransizca-ogretmenleri-icin-egitici-egitimi\/\">Click to get information about our Ch\u00e2teau Academy French Teaching Trainer Training Program.<\/a><\/p>\n\n\t\t<\/div>\n\t<\/div>\n<\/div><\/div><\/div><\/div><\/div><\/div><div class=\"vc_tta-panel\" id=\"1583495426411-db37380c-92df\" data-vc-content=\".vc_tta-panel-body\"><div class=\"vc_tta-panel-heading\"><h4 class=\"vc_tta-panel-title\"><a href=\"#1583495426411-db37380c-92df\" data-vc-accordion data-vc-container=\".vc_tta-container\"><i class=\"vc_tta-icon vc_li vc_li-diamond\"><\/i><span class=\"vc_tta-title-text\">English teacher<\/span><\/a><\/h4><\/div><div class=\"vc_tta-panel-body\"><div class=\"vc_row wpb_row vc_inner vc_row-fluid vc_custom_1536153128553 vc_row-has-padding-top vc_row-has-padding-bottom\"><div class=\"wpb_column vc_column_container vc_col-sm-12 vc_col-lg-8\"><div class=\"vc_column-inner vc_custom_1541432789170\"><div class=\"wpb_wrapper\">\n\t<div class=\"wpb_text_column wpb_content_element\" >\n\t\t<div class=\"wpb_wrapper\">\n\t\t\t<p class=\"font_8\">At our French-speaking educational institution, Ch\u00e2teau Education (www.chateauegitim.com), which has branches in Ni\u015fanta\u015f\u0131, Florya, and \u015ea\u015fk\u0131nbakkal,<a href=\"https:\/\/chateauegitim.com\/en\/\" target=\"_blank\" rel=\"noopener noreferrer\" data-content=\"http:\/\/chateauegitim.com\/\" data-type=\"external\">www.chateauegitim.com<\/a>For the full-time English Teacher position in ; We will consider candidates who are determined, who love English, who want to improve themselves both linguistically and pedagogically, and who are graduates of relevant departments who follow the innovations in the field of language education.<\/p>\n\n\t\t<\/div>\n\t<\/div>\n<div  class=\"vc_toggle vc_toggle_default vc_toggle_color_default  vc_toggle_size_md\"><div class=\"vc_toggle_title\"><h4>General Qualifications<\/h4><i class=\"vc_toggle_icon\"><\/i><\/div><div class=\"vc_toggle_content\"><p class=\"font_8\">-Graduated from the &quot;English Language Teaching&quot; department of the universities or &quot;English Language and Literature&quot; department and have pedagogical formation,<\/p>\n<p class=\"font_8\">-Complies with MEB Appointment conditions,<\/p>\n<p class=\"font_8\">-Have knowledge of English at native level,<\/p>\n<p class=\"font_8\">-Experienced in the field,<\/p>\n<p class=\"font_8\">- Proficient in MS Office programs,<\/p>\n<p class=\"font_8\">-Aptitude for teamwork,<\/p>\n<p class=\"font_8\">- Strong communication with students,<\/p>\n<p class=\"font_8\">-Success oriented, creative,<\/p>\n<p class=\"font_8\">- Open to self-improvement in technology and education,<\/p>\n<p class=\"font_8\">-Following educational technologies,<\/p>\n<p class=\"font_8\">-Dynamic, disciplined and patient,<\/p>\n<p class=\"font_8\">-Preferably with a master&#039;s degree,<\/p>\n<p class=\"font_8\">-Preferably has SAT Experience.<\/p>\n<p class=\"font_8\"><span class=\"wixGuard\">\u200b<\/span><\/p>\n<\/div><\/div><div  class=\"vc_toggle vc_toggle_default vc_toggle_color_default  vc_toggle_size_md\"><div class=\"vc_toggle_title\"><h4>Task\/Job Description<\/h4><i class=\"vc_toggle_icon\"><\/i><\/div><div class=\"vc_toggle_content\"><p class=\"font_8\">- Educational responsibility in English school reinforcement programs,<\/p>\n<p class=\"font_8\">&#8211; <a href=\"http:\/\/www.chateaukids.com\/\" target=\"_blank\" rel=\"noopener noreferrer\" data-content=\"http:\/\/www.chateaukids.com\/\" data-type=\"external\">www.chateaukids.com<\/a> Within the scope of our project, taking part in the R&amp;D part of the education project with multi-sensory education methods for the group between the ages of 4-12,<\/p>\n<p class=\"font_8\">- Educational responsibility for registered students within the scope of the relevant project,<\/p>\n<p class=\"font_8\">-Contributing to educational and linguistic projects,<\/p>\n<p class=\"font_8\">-Being responsible for the preparation of all kinds of evaluation materials, documents, resources and exams,<\/p>\n<p class=\"font_8\">-To provide the best education to students and to take and implement the necessary measures to improve the quality of education,<\/p>\n<p class=\"font_8\">-Preparing lesson plans, evaluating student performance and tracking their development,<\/p>\n<p class=\"font_8\">-Guiding students in language learning processes.<\/p>\n<\/div><\/div><\/div><\/div><\/div><div class=\"wpb_column vc_column_container vc_col-sm-12 vc_col-lg-4\"><div class=\"vc_column-inner\"><div class=\"wpb_wrapper\"><header class=\"kd-section-title col-lg-12 text-left     vc_custom_1584012706999\" ><h3 class=\"separator_off\" >We would be happy to see you in the Chateau family!<\/h3><h6 class=\"subtitle\" >If you think this job is suitable for you, you can send your CV to info@chateauegitim.com.<\/h6><\/header><div class=\"vc_empty_space\"   style=\"height: 10px\"><span class=\"vc_empty_space_inner\"><\/span><\/div><\/div><\/div><\/div><\/div><\/div><\/div><\/div><\/div><\/div><\/div><\/div><\/div><\/div><\/div>","protected":false},"excerpt":{"rendered":"KariyerA\u00e7\u0131k PozisyonlarFrans\u0131zca \u00d6\u011fretmeni\u0130ngilizce \u00d6\u011fretmeniFrans\u0131zca \u00d6\u011fretmeni Ni\u015fanta\u015f\u0131 ve \u015ea\u015fk\u0131nbakkal\u2019da \u015fubeleri bulunan frankofon e\u011fitim kurumumuz Ch\u00e2teau E\u011fitim [...]","protected":false},"author":1,"featured_media":0,"parent":0,"menu_order":0,"comment_status":"closed","ping_status":"closed","template":"","meta":{"footnotes":""},"class_list":["post-7525","page","type-page","status-publish","hentry"],"yoast_head":"<!-- This site is optimized with the Yoast SEO plugin v15.5 - https:\/\/yoast.com\/wordpress\/plugins\/seo\/ -->\n<title>Kariyer | Chateau E\u011fitim<\/title>\n<meta name=\"robots\" content=\"index, follow, max-snippet:-1, max-image-preview:large, max-video-preview:-1\" \/>\n<link rel=\"canonical\" href=\"https:\/\/chateauegitim.com\/en\/kariyer\/\" \/>\n<meta property=\"og:locale\" content=\"en_US\" \/>\n<meta property=\"og:type\" content=\"article\" \/>\n<meta property=\"og:title\" content=\"Kariyer | Chateau E\u011fitim\" \/>\n<meta property=\"og:url\" content=\"https:\/\/chateauegitim.com\/en\/kariyer\/\" \/>\n<meta property=\"og:site_name\" content=\"Chateau E\u011fitim\" \/>\n<meta property=\"article:modified_time\" content=\"2025-06-23T07:47:09+00:00\" \/>\n<meta name=\"twitter:card\" content=\"summary_large_image\" \/>\n<meta name=\"twitter:label1\" content=\"Est. reading time\">\n\t<meta name=\"twitter:data1\" content=\"4 minutes\">\n<script type=\"application\/ld+json\" class=\"yoast-schema-graph\">{\"@context\":\"https:\/\/schema.org\",\"@graph\":[{\"@type\":\"WebSite\",\"@id\":\"https:\/\/chateauegitim.com\/en\/#website\",\"url\":\"https:\/\/chateauegitim.com\/en\/\",\"name\":\"Chateau E\\u011fitim\",\"description\":\"\\u0130novatif E\\u011fitim\",\"potentialAction\":[{\"@type\":\"SearchAction\",\"target\":\"https:\/\/chateauegitim.com\/en\/?s={search_term_string}\",\"query-input\":\"required name=search_term_string\"}],\"inLanguage\":\"en-US\"},{\"@type\":\"WebPage\",\"@id\":\"https:\/\/chateauegitim.com\/en\/kariyer\/#webpage\",\"url\":\"https:\/\/chateauegitim.com\/en\/kariyer\/\",\"name\":\"Kariyer | Chateau E\\u011fitim\",\"isPartOf\":{\"@id\":\"https:\/\/chateauegitim.com\/en\/#website\"},\"datePublished\":\"2020-03-06T11:44:58+00:00\",\"dateModified\":\"2025-06-23T07:47:09+00:00\",\"inLanguage\":\"en-US\",\"potentialAction\":[{\"@type\":\"ReadAction\",\"target\":[\"https:\/\/chateauegitim.com\/en\/kariyer\/\"]}]}]}<\/script>\n<!-- \/ Yoast SEO plugin. -->","_links":{"self":[{"href":"https:\/\/chateauegitim.com\/en\/wp-json\/wp\/v2\/pages\/7525","targetHints":{"allow":["GET"]}}],"collection":[{"href":"https:\/\/chateauegitim.com\/en\/wp-json\/wp\/v2\/pages"}],"about":[{"href":"https:\/\/chateauegitim.com\/en\/wp-json\/wp\/v2\/types\/page"}],"author":[{"embeddable":true,"href":"https:\/\/chateauegitim.com\/en\/wp-json\/wp\/v2\/users\/1"}],"replies":[{"embeddable":true,"href":"https:\/\/chateauegitim.com\/en\/wp-json\/wp\/v2\/comments?post=7525"}],"version-history":[{"count":22,"href":"https:\/\/chateauegitim.com\/en\/wp-json\/wp\/v2\/pages\/7525\/revisions"}],"predecessor-version":[{"id":9712,"href":"https:\/\/chateauegitim.com\/en\/wp-json\/wp\/v2\/pages\/7525\/revisions\/9712"}],"wp:attachment":[{"href":"https:\/\/chateauegitim.com\/en\/wp-json\/wp\/v2\/media?parent=7525"}],"curies":[{"name":"wp","href":"https:\/\/api.w.org\/{rel}","templated":true}]}}