{"id":7569,"date":"2020-03-06T15:32:27","date_gmt":"2020-03-06T12:32:27","guid":{"rendered":"http:\/\/chateauegitim.com\/?page_id=7569"},"modified":"2020-03-25T16:22:13","modified_gmt":"2020-03-25T13:22:13","slug":"fransada-universite-programlari","status":"publish","type":"page","link":"https:\/\/chateauegitim.com\/en\/fransada-universite-programlari\/","title":{"rendered":"University Programs in France"},"content":{"rendered":"<div class=\"vc_row wpb_row vc_row-fluid vc_custom_1556018461316 vc_row-has-padding-top vc_row-has-padding-bottom\"><div class=\"wpb_column vc_column_container vc_col-sm-12\"><div class=\"vc_column-inner\"><div class=\"wpb_wrapper\"><div class=\"feature-sections-wrapper kd-fsp-69e892fae17d9\">\r\n            <section class=\"feature-sections-tabs\">\r\n              <nav class=\"kd-feature-tabs\">\r\n                <ul class=\"nav nav-tabs sticky-tabs container\">\r\n                <\/ul>\r\n              <\/nav>\r\n            <\/section>\r\n            <section id=\"kd-fss-69e892fae181f\" class=\"featured-right\"><li class=\"nav-label\"><a class=\"feature-tabs-scroll\" href=\"#kd-fss-69e892fae181f\"><i class=\"iconsmind-Align-JustifyRight fss-nav-icon\" style=\" \"><\/i> Setting Goals<\/a><\/li><div class=\"container\">\r\n                <div class=\"side-content-wrapper kd-animated fadeInLeft\" data-animation-delay=\"200\"><i class=\"section-icon\" style=\" \"><\/i> <h2 class=\"side-content-title\" >Setting Goals<\/h2><div class=\"side-content-text\" ><p>A detailed preliminary interview is held with the student and the student&#039;s target undergraduate programs\/countries\/universities are determined. It is beneficial to conduct extensive research early on to find the university and program that suits your career goals and budget. Students are guided by taking into account every factor such as living conditions in France, the quality of universities and departments, and the equivalence of undergraduate programs with the Turkish Y\u00d6K System. The important thing is not the height of the dreams, but the realization of the high dreams set in parallel with the available possibilities. In this context, our consultants; Based on previous experiences, it creates a student-specific road map and targets the highest level the student can reach, taking into account all factors such as past educational success.<\/p>\n<\/div><\/div><div class=\"side-featured-wrapper fss-rectangle kd-animated fadeInRight fss-shadow-image\" data-animation-delay=\"200\">\r\n      <div class=\"featured-image\"><a data-size=\"800x600\" href=\"https:\/\/chateauegitim.com\/wp-content\/uploads\/2020\/03\/target.jpg\"><img loading=\"lazy\" decoding=\"async\" width=\"800\" height=\"600\" src=\"https:\/\/chateauegitim.com\/wp-content\/uploads\/2020\/03\/target.jpg\" class=\"attachment-full\" alt=\"\" srcset=\"https:\/\/chateauegitim.com\/wp-content\/uploads\/2020\/03\/target.jpg 800w, https:\/\/chateauegitim.com\/wp-content\/uploads\/2020\/03\/target-300x225.jpg 300w, https:\/\/chateauegitim.com\/wp-content\/uploads\/2020\/03\/target-768x576.jpg 768w, https:\/\/chateauegitim.com\/wp-content\/uploads\/2020\/03\/target-24x18.jpg 24w, https:\/\/chateauegitim.com\/wp-content\/uploads\/2020\/03\/target-36x27.jpg 36w, https:\/\/chateauegitim.com\/wp-content\/uploads\/2020\/03\/target-48x36.jpg 48w\" sizes=\"auto, (max-width: 800px) 100vw, 800px\" \/><\/a><\/div>\r\n    <\/div><\/div>\r\n            <\/section><section id=\"kd-fss-69e892fae1aee\" class=\"featured-left\"><li class=\"nav-label\"><a class=\"feature-tabs-scroll\" href=\"#kd-fss-69e892fae1aee\"><i class=\"iconsmind-Search-People fss-nav-icon\" style=\" \"><\/i> Resume Screening<\/a><\/li><div class=\"container\">\r\n                <div class=\"side-content-wrapper kd-animated fadeInRight\" data-animation-delay=\"200\"><i class=\"section-icon\" style=\" \"><\/i> <h2 class=\"side-content-title\" >Resume Screening<\/h2><div class=\"side-content-text\" ><p>Resumes that have completed the educational journey of the student&#039;s goals\/dreams are searched. By contacting people who have graduated from the student&#039;s target school and department, the student; It is shown how this education will shape your life.<\/p>\n<\/div><\/div><div class=\"side-featured-wrapper fss-rectangle kd-animated fadeInLeft fss-shadow-image\" data-animation-delay=\"200\">\r\n      <div class=\"featured-image\"><a data-size=\"626x626\" href=\"https:\/\/chateauegitim.com\/wp-content\/uploads\/2020\/03\/review-background-design_1300-14.jpg\"><img loading=\"lazy\" decoding=\"async\" width=\"626\" height=\"626\" src=\"https:\/\/chateauegitim.com\/wp-content\/uploads\/2020\/03\/review-background-design_1300-14.jpg\" class=\"attachment-full\" alt=\"\" srcset=\"https:\/\/chateauegitim.com\/wp-content\/uploads\/2020\/03\/review-background-design_1300-14.jpg 626w, https:\/\/chateauegitim.com\/wp-content\/uploads\/2020\/03\/review-background-design_1300-14-300x300.jpg 300w, https:\/\/chateauegitim.com\/wp-content\/uploads\/2020\/03\/review-background-design_1300-14-150x150.jpg 150w, https:\/\/chateauegitim.com\/wp-content\/uploads\/2020\/03\/review-background-design_1300-14-320x320.jpg 320w, https:\/\/chateauegitim.com\/wp-content\/uploads\/2020\/03\/review-background-design_1300-14-24x24.jpg 24w, https:\/\/chateauegitim.com\/wp-content\/uploads\/2020\/03\/review-background-design_1300-14-36x36.jpg 36w, https:\/\/chateauegitim.com\/wp-content\/uploads\/2020\/03\/review-background-design_1300-14-48x48.jpg 48w\" sizes=\"auto, (max-width: 626px) 100vw, 626px\" \/><\/a><\/div>\r\n    <\/div><\/div>\r\n            <\/section><section id=\"kd-fss-69e892fae1d22\" class=\"featured-right\"><li class=\"nav-label\"><a class=\"feature-tabs-scroll\" href=\"#kd-fss-69e892fae1d22\"><i class=\"iconsmind-Duplicate-Layer fss-nav-icon\" style=\" \"><\/i> Decision and Application<\/a><\/li><div class=\"container\">\r\n                <div class=\"side-content-wrapper kd-animated fadeInLeft\" data-animation-delay=\"200\"><i class=\"section-icon\" style=\" \"><\/i> <h2 class=\"side-content-title\" >Decision and Application<\/h2><div class=\"side-content-text\" ><p>As a result of the previous two stages, the school and department to which the application will be made are contacted. Based on the application conditions, the application documents are filled out together with the student, taking into account the priorities and dynamics of the school. Our consultants work with the student at every stage of the application process.<\/p>\n<\/div><\/div><div class=\"side-featured-wrapper fss-rectangle kd-animated fadeInRight fss-shadow-image\" data-animation-delay=\"200\">\r\n      <div class=\"featured-image\"><a data-size=\"624x345\" href=\"https:\/\/chateauegitim.com\/wp-content\/uploads\/2020\/03\/Applying-at-French-Universities-624x345-1.jpg\"><img loading=\"lazy\" decoding=\"async\" width=\"624\" height=\"345\" src=\"https:\/\/chateauegitim.com\/wp-content\/uploads\/2020\/03\/Applying-at-French-Universities-624x345-1.jpg\" class=\"attachment-full\" alt=\"\" srcset=\"https:\/\/chateauegitim.com\/wp-content\/uploads\/2020\/03\/Applying-at-French-Universities-624x345-1.jpg 624w, https:\/\/chateauegitim.com\/wp-content\/uploads\/2020\/03\/Applying-at-French-Universities-624x345-1-300x166.jpg 300w, https:\/\/chateauegitim.com\/wp-content\/uploads\/2020\/03\/Applying-at-French-Universities-624x345-1-24x13.jpg 24w, https:\/\/chateauegitim.com\/wp-content\/uploads\/2020\/03\/Applying-at-French-Universities-624x345-1-36x20.jpg 36w, https:\/\/chateauegitim.com\/wp-content\/uploads\/2020\/03\/Applying-at-French-Universities-624x345-1-48x27.jpg 48w\" sizes=\"auto, (max-width: 624px) 100vw, 624px\" \/><\/a><\/div>\r\n    <\/div><\/div>\r\n            <\/section><section id=\"kd-fss-69e892fae1fa1\" class=\"featured-left\"><li class=\"nav-label\"><a class=\"feature-tabs-scroll\" href=\"#kd-fss-69e892fae1fa1\"><i class=\"iconsmind-Consulting fss-nav-icon\" style=\" \"><\/i> Post-Application Consultancy<\/a><\/li><div class=\"container\">\r\n                <div class=\"side-content-wrapper kd-animated fadeInRight\" data-animation-delay=\"200\"><i class=\"section-icon\" style=\" \"><\/i> <h2 class=\"side-content-title\" >Post-Application Consultancy<\/h2><div class=\"side-content-text\" ><p>Following the positive outcome of the application, the student is given a country and city orientation. The student is informed about the climate, culture, nutritional habits and living standards of the relevant country. Students going abroad for the first time are informed about airport procedures for departure and arrival. If necessary, &quot;French Language Education Preliminary Studies&quot; are planned for the student. Our consultants on issues such as visa application and accommodation; They support you with their wide communication networks in different countries.<\/p>\n<\/div><\/div><div class=\"side-featured-wrapper fss-rectangle kd-animated fadeInLeft fss-shadow-image\" data-animation-delay=\"200\">\r\n      <div class=\"featured-image\"><a data-size=\"800x600\" href=\"https:\/\/chateauegitim.com\/wp-content\/uploads\/2020\/03\/thisdot_consulting.png\"><img loading=\"lazy\" decoding=\"async\" width=\"800\" height=\"600\" src=\"https:\/\/chateauegitim.com\/wp-content\/uploads\/2020\/03\/thisdot_consulting.png\" class=\"attachment-full\" alt=\"\" srcset=\"https:\/\/chateauegitim.com\/wp-content\/uploads\/2020\/03\/thisdot_consulting.png 800w, https:\/\/chateauegitim.com\/wp-content\/uploads\/2020\/03\/thisdot_consulting-300x225.png 300w, https:\/\/chateauegitim.com\/wp-content\/uploads\/2020\/03\/thisdot_consulting-768x576.png 768w, https:\/\/chateauegitim.com\/wp-content\/uploads\/2020\/03\/thisdot_consulting-24x18.png 24w, https:\/\/chateauegitim.com\/wp-content\/uploads\/2020\/03\/thisdot_consulting-36x27.png 36w, https:\/\/chateauegitim.com\/wp-content\/uploads\/2020\/03\/thisdot_consulting-48x36.png 48w\" sizes=\"auto, (max-width: 800px) 100vw, 800px\" \/><\/a><\/div>\r\n    <\/div><\/div>\r\n            <\/section>\r\n            <\/div><style type=\"text\/css\"><\/style><\/div><\/div><\/div><\/div><div data-vc-full-width=\"true\" data-vc-full-width-init=\"false\" class=\"vc_row wpb_row vc_row-fluid vc_custom_1555685960729 vc_row-has-fill\"><div class=\"wpb_column vc_column_container vc_col-sm-12\"><div class=\"vc_column-inner\"><div class=\"wpb_wrapper\"><div class=\"vc_row wpb_row vc_inner vc_row-fluid vc_custom_1555685968851 vc_row-has-padding-top vc_row-has-padding-bottom\"><div class=\"wpb_column vc_column_container vc_col-sm-12\"><div class=\"vc_column-inner\"><div class=\"wpb_wrapper\"><div class=\"slider clients lift-effect kd-client-69e892fae2558 black-navigation\"><div class=\"clients-content\" ><img loading=\"lazy\" decoding=\"async\" width=\"178\" height=\"99\" src=\"https:\/\/chateauegitim.com\/wp-content\/uploads\/2020\/03\/84d837_2ba0f2d3994a43288e8b87fea2c6f478.png\" class=\"attachment-full\" alt=\"\" \/><\/div><div class=\"clients-content\" ><img loading=\"lazy\" decoding=\"async\" width=\"658\" height=\"298\" src=\"https:\/\/chateauegitim.com\/wp-content\/uploads\/2020\/03\/84d837_ef1319105e3243fab340b4e3792aa410-1.jpg\" class=\"attachment-full\" alt=\"\" srcset=\"https:\/\/chateauegitim.com\/wp-content\/uploads\/2020\/03\/84d837_ef1319105e3243fab340b4e3792aa410-1.jpg 658w, https:\/\/chateauegitim.com\/wp-content\/uploads\/2020\/03\/84d837_ef1319105e3243fab340b4e3792aa410-1-300x136.jpg 300w\" sizes=\"auto, (max-width: 658px) 100vw, 658px\" \/><\/div><div class=\"clients-content\" ><img loading=\"lazy\" decoding=\"async\" width=\"450\" height=\"170\" src=\"https:\/\/chateauegitim.com\/wp-content\/uploads\/2020\/03\/Ekran-Resmi-2020-03-06-15.34.40.png\" class=\"attachment-full\" alt=\"\" srcset=\"https:\/\/chateauegitim.com\/wp-content\/uploads\/2020\/03\/Ekran-Resmi-2020-03-06-15.34.40.png 450w, https:\/\/chateauegitim.com\/wp-content\/uploads\/2020\/03\/Ekran-Resmi-2020-03-06-15.34.40-300x113.png 300w\" sizes=\"auto, (max-width: 450px) 100vw, 450px\" \/><\/div><div class=\"clients-content\" ><img loading=\"lazy\" decoding=\"async\" width=\"1320\" height=\"585\" src=\"https:\/\/chateauegitim.com\/wp-content\/uploads\/2020\/03\/84d837_8c0912a97334433b8dc221c6d5695206-1.jpg\" class=\"attachment-full\" alt=\"\" srcset=\"https:\/\/chateauegitim.com\/wp-content\/uploads\/2020\/03\/84d837_8c0912a97334433b8dc221c6d5695206-1.jpg 1320w, https:\/\/chateauegitim.com\/wp-content\/uploads\/2020\/03\/84d837_8c0912a97334433b8dc221c6d5695206-1-800x355.jpg 800w, https:\/\/chateauegitim.com\/wp-content\/uploads\/2020\/03\/84d837_8c0912a97334433b8dc221c6d5695206-1-300x133.jpg 300w, https:\/\/chateauegitim.com\/wp-content\/uploads\/2020\/03\/84d837_8c0912a97334433b8dc221c6d5695206-1-1024x454.jpg 1024w, https:\/\/chateauegitim.com\/wp-content\/uploads\/2020\/03\/84d837_8c0912a97334433b8dc221c6d5695206-1-768x340.jpg 768w\" sizes=\"auto, (max-width: 1320px) 100vw, 1320px\" \/><\/div><div class=\"clients-content\" ><img loading=\"lazy\" decoding=\"async\" width=\"2560\" height=\"1216\" src=\"https:\/\/chateauegitim.com\/wp-content\/uploads\/2020\/03\/84d837_9248c9c7c9a34a7b870a3983836fc6a8-1-scaled.jpg\" class=\"attachment-full\" alt=\"\" srcset=\"https:\/\/chateauegitim.com\/wp-content\/uploads\/2020\/03\/84d837_9248c9c7c9a34a7b870a3983836fc6a8-1-scaled.jpg 2560w, https:\/\/chateauegitim.com\/wp-content\/uploads\/2020\/03\/84d837_9248c9c7c9a34a7b870a3983836fc6a8-1-scaled-800x380.jpg 800w, https:\/\/chateauegitim.com\/wp-content\/uploads\/2020\/03\/84d837_9248c9c7c9a34a7b870a3983836fc6a8-1-300x142.jpg 300w, https:\/\/chateauegitim.com\/wp-content\/uploads\/2020\/03\/84d837_9248c9c7c9a34a7b870a3983836fc6a8-1-1024x486.jpg 1024w, https:\/\/chateauegitim.com\/wp-content\/uploads\/2020\/03\/84d837_9248c9c7c9a34a7b870a3983836fc6a8-1-768x365.jpg 768w, https:\/\/chateauegitim.com\/wp-content\/uploads\/2020\/03\/84d837_9248c9c7c9a34a7b870a3983836fc6a8-1-1536x729.jpg 1536w, https:\/\/chateauegitim.com\/wp-content\/uploads\/2020\/03\/84d837_9248c9c7c9a34a7b870a3983836fc6a8-1-2048x973.jpg 2048w\" sizes=\"auto, (max-width: 2560px) 100vw, 2560px\" \/><\/div><div class=\"clients-content\" ><img loading=\"lazy\" decoding=\"async\" width=\"222\" height=\"100\" src=\"https:\/\/chateauegitim.com\/wp-content\/uploads\/2020\/03\/84d837_d0d4cfa050894995a24ecf6233b4f5ae.png\" class=\"attachment-full\" alt=\"\" \/><\/div><\/div><script type=\"text\/javascript\">\r\n              jQuery(document).ready(function($){\r\n                if ($(\".slider.clients.kd-client-69e892fae2558\").length) {\r\n                  $(\".slider.clients.kd-client-69e892fae2558\").owlCarousel({\r\n                    stageClass: \"owl-wrapper\",\r\n                    stageOuterClass: \"owl-wrapper-outer\",\r\n                    loadedClass: \"owl-carousel\",\r\n                    responsiveClass:true,\r\n                    responsive:{\r\n                      0:{\r\n                          items:1,nav: true,\r\n                            navSpeed: 500,\r\n                            dots: false,},\r\n                      415:{\r\n                          items:3,nav: true,\r\n                            navSpeed: 500,\r\n                            dots: false,},\r\n                      960:{\r\n                          items:5,nav: true,\r\n                              navSpeed: 500,\r\n                              dots: false,}\r\n                    },loop: true,autoplay: true,autoplayTimeout: 8000,\r\n                  });\r\n                }\r\n              });\r\n            <\/script><\/div><\/div><\/div><\/div><\/div><\/div><\/div><\/div><div class=\"vc_row-full-width vc_clearfix\"><\/div><div id=\"form\" data-vc-full-width=\"true\" data-vc-full-width-init=\"false\" data-vc-kd-parallax=\"1.4\" class=\"vc_row wpb_row vc_row-fluid vc_custom_1583491359453 vc_row-has-fill vc_general kd_vc_parallax kd_vc_parallax-content-moving\"><div class=\"parallax-overlay\" data-vc-kd-parallax=\"1.4\"><\/div><div class=\"kd-overlay\"  style=\"background-color:rgba(0,0,0,0.7);\"><\/div><div class=\"wpb_column vc_column_container vc_col-sm-12\"><div class=\"vc_column-inner vc_custom_1516095225433\"><div class=\"wpb_wrapper\"><div class=\"vc_row wpb_row vc_inner vc_row-fluid vc_custom_1555673013129 vc_row-has-padding-top vc_row-has-padding-bottom\"><div class=\"wpb_column vc_column_container vc_col-sm-1\"><div class=\"vc_column-inner vc_custom_1515166784808\"><div class=\"wpb_wrapper\"><\/div><\/div><\/div><div class=\"wpb_column vc_column_container vc_col-sm-4\"><div class=\"vc_column-inner\"><div class=\"wpb_wrapper\"><header class=\"kd-section-title col-lg-12 text-left  kd-animated fadeIn   vc_custom_1583491120092\" data-animation-delay=\"200\"><h2 class=\"separator_off\" style=\"color: #ffffff;\">You are invited to our free introductory lessons!<\/h2><h6 class=\"subtitle\" style=\"color: #eeeeee;\">If you expect your French Language Program to be qualified and concentrated; We offer to hold an introductory lesson with you without charging any fee.<\/h6><\/header><\/div><\/div><\/div><div class=\"wpb_column vc_column_container vc_col-sm-1\"><div class=\"vc_column-inner\"><div class=\"wpb_wrapper\"><\/div><\/div><\/div><div class=\"wpb_column vc_column_container vc_col-sm-5\"><div class=\"vc_column-inner\"><div class=\"wpb_wrapper\"><h4 style=\"color: #ffffff;text-align: left\" class=\"vc_custom_heading wpb_animate_when_almost_visible wpb_fadeIn fadeIn vc_custom_1583491141958\" >We will get back to you as soon as possible.<\/h4><div class=\"kd-contact-form full-width-cf white-input-bg\" ><div role=\"form\" class=\"wpcf7\" id=\"wpcf7-f4439-o1\" lang=\"en-US\" dir=\"ltr\">\n<div class=\"screen-reader-response\"><p role=\"status\" aria-live=\"polite\" aria-atomic=\"true\"><\/p> <ul><\/ul><\/div>\n<form action=\"\/en\/wp-json\/wp\/v2\/pages\/7569#wpcf7-f4439-o1\" method=\"post\" class=\"wpcf7-form init\" novalidate=\"novalidate\" data-status=\"init\" data-trp-original-action=\"\/en\/wp-json\/wp\/v2\/pages\/7569#wpcf7-f4439-o1\">\n<div style=\"display: none;\">\n<input type=\"hidden\" name=\"_wpcf7\" value=\"4439\" \/>\n<input type=\"hidden\" name=\"_wpcf7_version\" value=\"5.3.2\" \/>\n<input type=\"hidden\" name=\"_wpcf7_locale\" value=\"en_US\" \/>\n<input type=\"hidden\" name=\"_wpcf7_unit_tag\" value=\"wpcf7-f4439-o1\" \/>\n<input type=\"hidden\" name=\"_wpcf7_container_post\" value=\"0\" \/>\n<input type=\"hidden\" name=\"_wpcf7_posted_data_hash\" value=\"\" \/>\n<input type=\"hidden\" name=\"_wpcf7_recaptcha_response\" value=\"\" \/>\n<\/div>\n<p><span class=\"wpcf7-form-control-wrap your-name\"><input type=\"text\" name=\"your-name\" value=\"\" size=\"40\" class=\"wpcf7-form-control wpcf7-text wpcf7-validates-as-required\" aria-required=\"true\" aria-invalid=\"false\" placeholder=\"Your name\" \/><\/span><br \/>\n<span class=\"wpcf7-form-control-wrap your-phone\"><input type=\"tel\" name=\"your-phone\" value=\"\" size=\"40\" class=\"wpcf7-form-control wpcf7-text wpcf7-tel wpcf7-validates-as-required wpcf7-validates-as-tel\" aria-required=\"true\" aria-invalid=\"false\" placeholder=\"Telephone\" \/><\/span><br \/>\n<span class=\"wpcf7-form-control-wrap your-email\"><input type=\"email\" name=\"your-email\" value=\"\" size=\"40\" class=\"wpcf7-form-control wpcf7-text wpcf7-email wpcf7-validates-as-required wpcf7-validates-as-email\" aria-required=\"true\" aria-invalid=\"false\" placeholder=\"Email\" \/><\/span><br \/>\n<span class=\"wpcf7-form-control-wrap acceptance-630\"><span class=\"wpcf7-form-control wpcf7-acceptance\"><span class=\"wpcf7-list-item\"><label><input type=\"checkbox\" name=\"acceptance-630\" value=\"1\" aria-invalid=\"false\" \/><span class=\"wpcf7-list-item-label\"><a href=\"https:\/\/chateauegitim.com\/en\/gizlilik-politikasi\/\" target=\"_blank\"> Privacy Policy <\/a> I have read the text and I approve it.<\/span><\/label><\/span><\/span><\/span><br \/>\n<span class=\"wpcf7-form-control-wrap acceptance-123\"><span class=\"wpcf7-form-control wpcf7-acceptance\"><span class=\"wpcf7-list-item\"><label><input type=\"checkbox\" name=\"acceptance-123\" value=\"1\" aria-invalid=\"false\" \/><span class=\"wpcf7-list-item-label\"><a href=\"https:\/\/chateauegitim.com\/en\/acik-riza-onayi\/\" target=\"_blank\"> Explicit Consent Approval<\/a> I have read the form and I accept it.<\/span><\/label><\/span><\/span><\/span><br \/>\n<input type=\"submit\" value=\"Send\" class=\"wpcf7-form-control wpcf7-submit\" \/><\/p>\n<input type='hidden' class='wpcf7-pum' value='{\"closepopup\":false,\"closedelay\":0,\"openpopup\":false,\"openpopup_id\":0}' \/><div class=\"wpcf7-response-output\" aria-hidden=\"true\"><\/div><input type=\"hidden\" name=\"trp-form-language\" value=\"en\"\/><\/form><\/div><\/div><\/div><\/div><\/div><div class=\"wpb_column vc_column_container vc_col-sm-1\"><div class=\"vc_column-inner\"><div class=\"wpb_wrapper\"><\/div><\/div><\/div><\/div><\/div><\/div><\/div><\/div><div class=\"vc_row-full-width vc_clearfix\"><\/div>","protected":false},"excerpt":{"rendered":"Determination of Goals Determination of Goals A detailed preliminary interview is held with the student and the student&#039;s target undergraduate programs\/countries\/universities are determined. [...]","protected":false},"author":1,"featured_media":7873,"parent":0,"menu_order":0,"comment_status":"closed","ping_status":"closed","template":"","meta":{"footnotes":""},"class_list":["post-7569","page","type-page","status-publish","has-post-thumbnail","hentry"],"yoast_head":"<!-- This site is optimized with the Yoast SEO plugin v15.5 - https:\/\/yoast.com\/wordpress\/plugins\/seo\/ -->\n<title>Fransa&#039;da \u00dcniversite Programlar\u0131 | Chateau E\u011fitim<\/title>\n<meta name=\"robots\" content=\"index, follow, max-snippet:-1, max-image-preview:large, max-video-preview:-1\" \/>\n<link rel=\"canonical\" href=\"https:\/\/chateauegitim.com\/en\/fransada-universite-programlari\/\" \/>\n<meta property=\"og:locale\" content=\"en_US\" \/>\n<meta property=\"og:type\" content=\"article\" \/>\n<meta property=\"og:title\" content=\"Fransa&#039;da \u00dcniversite Programlar\u0131 | Chateau E\u011fitim\" \/>\n<meta property=\"og:url\" content=\"https:\/\/chateauegitim.com\/en\/fransada-universite-programlari\/\" \/>\n<meta property=\"og:site_name\" content=\"Chateau E\u011fitim\" \/>\n<meta property=\"article:modified_time\" content=\"2020-03-25T13:22:13+00:00\" \/>\n<meta property=\"og:image\" content=\"https:\/\/chateauegitim.com\/wp-content\/uploads\/2020\/03\/fransa-univ-1.jpg\" \/>\n\t<meta property=\"og:image:width\" content=\"1920\" \/>\n\t<meta property=\"og:image:height\" content=\"500\" \/>\n<meta name=\"twitter:card\" content=\"summary_large_image\" \/>\n<meta name=\"twitter:label1\" content=\"Est. reading time\">\n\t<meta name=\"twitter:data1\" content=\"5 minutes\">\n<script type=\"application\/ld+json\" class=\"yoast-schema-graph\">{\"@context\":\"https:\/\/schema.org\",\"@graph\":[{\"@type\":\"WebSite\",\"@id\":\"https:\/\/chateauegitim.com\/en\/#website\",\"url\":\"https:\/\/chateauegitim.com\/en\/\",\"name\":\"Chateau E\\u011fitim\",\"description\":\"\\u0130novatif E\\u011fitim\",\"potentialAction\":[{\"@type\":\"SearchAction\",\"target\":\"https:\/\/chateauegitim.com\/en\/?s={search_term_string}\",\"query-input\":\"required name=search_term_string\"}],\"inLanguage\":\"en-US\"},{\"@type\":\"ImageObject\",\"@id\":\"https:\/\/chateauegitim.com\/en\/fransada-universite-programlari\/#primaryimage\",\"inLanguage\":\"en-US\",\"url\":\"https:\/\/chateauegitim.com\/wp-content\/uploads\/2020\/03\/fransa-univ-1.jpg\",\"width\":1920,\"height\":500},{\"@type\":\"WebPage\",\"@id\":\"https:\/\/chateauegitim.com\/en\/fransada-universite-programlari\/#webpage\",\"url\":\"https:\/\/chateauegitim.com\/en\/fransada-universite-programlari\/\",\"name\":\"Fransa'da \\u00dcniversite Programlar\\u0131 | Chateau E\\u011fitim\",\"isPartOf\":{\"@id\":\"https:\/\/chateauegitim.com\/en\/#website\"},\"primaryImageOfPage\":{\"@id\":\"https:\/\/chateauegitim.com\/en\/fransada-universite-programlari\/#primaryimage\"},\"datePublished\":\"2020-03-06T12:32:27+00:00\",\"dateModified\":\"2020-03-25T13:22:13+00:00\",\"inLanguage\":\"en-US\",\"potentialAction\":[{\"@type\":\"ReadAction\",\"target\":[\"https:\/\/chateauegitim.com\/en\/fransada-universite-programlari\/\"]}]}]}<\/script>\n<!-- \/ Yoast SEO plugin. -->","_links":{"self":[{"href":"https:\/\/chateauegitim.com\/en\/wp-json\/wp\/v2\/pages\/7569","targetHints":{"allow":["GET"]}}],"collection":[{"href":"https:\/\/chateauegitim.com\/en\/wp-json\/wp\/v2\/pages"}],"about":[{"href":"https:\/\/chateauegitim.com\/en\/wp-json\/wp\/v2\/types\/page"}],"author":[{"embeddable":true,"href":"https:\/\/chateauegitim.com\/en\/wp-json\/wp\/v2\/users\/1"}],"replies":[{"embeddable":true,"href":"https:\/\/chateauegitim.com\/en\/wp-json\/wp\/v2\/comments?post=7569"}],"version-history":[{"count":8,"href":"https:\/\/chateauegitim.com\/en\/wp-json\/wp\/v2\/pages\/7569\/revisions"}],"predecessor-version":[{"id":7571,"href":"https:\/\/chateauegitim.com\/en\/wp-json\/wp\/v2\/pages\/7569\/revisions\/7571"}],"wp:featuredmedia":[{"embeddable":true,"href":"https:\/\/chateauegitim.com\/en\/wp-json\/wp\/v2\/media\/7873"}],"wp:attachment":[{"href":"https:\/\/chateauegitim.com\/en\/wp-json\/wp\/v2\/media?parent=7569"}],"curies":[{"name":"wp","href":"https:\/\/api.w.org\/{rel}","templated":true}]}}