{"id":7606,"date":"2020-03-06T15:58:12","date_gmt":"2020-03-06T12:58:12","guid":{"rendered":"http:\/\/chateauegitim.com\/?page_id=7606"},"modified":"2020-03-25T16:23:23","modified_gmt":"2020-03-25T13:23:23","slug":"ingilizce-yaz-okullari","status":"publish","type":"page","link":"https:\/\/chateauegitim.com\/en\/ingilizce-yaz-okullari\/","title":{"rendered":"English Summer Schools"},"content":{"rendered":"<div class=\"vc_row wpb_row vc_row-fluid vc_custom_1556018461316 vc_row-has-padding-top vc_row-has-padding-bottom\"><div class=\"wpb_column vc_column_container vc_col-sm-12\"><div class=\"vc_column-inner\"><div class=\"wpb_wrapper\"><div class=\"feature-sections-wrapper kd-fsp-6a027ae7ee1c7\">\r\n            <section class=\"feature-sections-tabs\">\r\n              <nav class=\"kd-feature-tabs\">\r\n                <ul class=\"nav nav-tabs sticky-tabs container\">\r\n                <\/ul>\r\n              <\/nav>\r\n            <\/section>\r\n            <section id=\"kd-fss-6a027ae7ee231\" class=\"featured-right\"><li class=\"nav-label\"><a class=\"feature-tabs-scroll\" href=\"#kd-fss-6a027ae7ee231\"><i class=\"iconsmind-Information fss-nav-icon\" style=\" \"><\/i> General Information<\/a><\/li><div class=\"container\">\r\n                <div class=\"side-content-wrapper kd-animated fadeInLeft\" data-animation-delay=\"200\"><i class=\"section-icon\" style=\" \"><\/i> <h2 class=\"side-content-title\" >General Information<\/h2><h6 class=\"side-content-subtitle\" >Our experiences in previous years have shown us that; There is a very thin line between English Summer School Programs and Touristic Travel.<\/h6><div class=\"side-content-text\" ><\/p>\n<p class=\"font_8\"><span class=\"color_2\">Parents; English Summer School programs to which they send their children to improve their English; straying from the parents&#039; goals; It only serves children&#039;s entertainment goals. The reasons for this are; Not paying attention to the weight of foreign students in the programs attended, Overseas Education Consultancy companies working as agencies using the same chain schools, and choosing a language school without taking the student&#039;s current level as a basis.<\/span><\/p>\n<p class=\"font_8\"><span class=\"color_2\">In this context, as Ch\u00e2teau Education; We plan our &quot;English Summer Schools Program&quot; and &quot;English School Reinforcement Programs&quot; in an integrated manner; A personalized &quot;English Education Plan&quot; is drawn up for students before and after summer schools.\u00a0<\/span><\/p>\n<p>\n<\/div><\/div><div class=\"side-featured-wrapper fss-rectangle kd-animated fadeInRight fss-shadow-image\" data-animation-delay=\"200\">\r\n      <div class=\"featured-image\"><a data-size=\"626x559\" href=\"https:\/\/chateauegitim.com\/wp-content\/uploads\/2020\/03\/you-speak-english-question-lettering-creative-poster-with-question-foreign-language-school-classes-courses-speaking-club_167235-2.jpg\"><img loading=\"lazy\" decoding=\"async\" width=\"626\" height=\"559\" src=\"https:\/\/chateauegitim.com\/wp-content\/uploads\/2020\/03\/you-speak-english-question-lettering-creative-poster-with-question-foreign-language-school-classes-courses-speaking-club_167235-2.jpg\" class=\"attachment-full\" alt=\"\" srcset=\"https:\/\/chateauegitim.com\/wp-content\/uploads\/2020\/03\/you-speak-english-question-lettering-creative-poster-with-question-foreign-language-school-classes-courses-speaking-club_167235-2.jpg 626w, https:\/\/chateauegitim.com\/wp-content\/uploads\/2020\/03\/you-speak-english-question-lettering-creative-poster-with-question-foreign-language-school-classes-courses-speaking-club_167235-2-300x268.jpg 300w, https:\/\/chateauegitim.com\/wp-content\/uploads\/2020\/03\/you-speak-english-question-lettering-creative-poster-with-question-foreign-language-school-classes-courses-speaking-club_167235-2-24x21.jpg 24w, https:\/\/chateauegitim.com\/wp-content\/uploads\/2020\/03\/you-speak-english-question-lettering-creative-poster-with-question-foreign-language-school-classes-courses-speaking-club_167235-2-36x32.jpg 36w, https:\/\/chateauegitim.com\/wp-content\/uploads\/2020\/03\/you-speak-english-question-lettering-creative-poster-with-question-foreign-language-school-classes-courses-speaking-club_167235-2-48x43.jpg 48w\" sizes=\"auto, (max-width: 626px) 100vw, 626px\" \/><\/a><\/div>\r\n    <\/div><\/div>\r\n            <\/section><section id=\"kd-fss-6a027ae7ee673\" class=\"featured-left\"><li class=\"nav-label\"><a class=\"feature-tabs-scroll\" href=\"#kd-fss-6a027ae7ee673\"><i class=\"iconsmind-Check fss-nav-icon\" style=\" \"><\/i> English Education Plan<\/a><\/li><div class=\"container\">\r\n                <div class=\"side-content-wrapper kd-animated fadeInRight\" data-animation-delay=\"200\"><i class=\"section-icon\" style=\" \"><\/i> <h2 class=\"side-content-title\" >English Education Plan<\/h2><h6 class=\"side-content-subtitle\" >When deciding on summer school, the student who will attend;<\/h6><div class=\"side-content-text\" ><\/p>\n<ul>\n<li><span class=\"color_2\">Current French level,<\/span><\/li>\n<li><span class=\"color_2\">Whether there is previous experience abroad,<\/span><\/li>\n<li><span class=\"color_2\">What will be your upcoming (exam) goal?\u00a0<\/span><span class=\"color_2\">In the light of criteria such as\u00a0<\/span><span class=\"color_2\">For students and their parents,\u00a0<\/span><span class=\"color_2\">determination of place and duration<\/span><\/li>\n<li><span class=\"color_2\">budget creation\u00a0<\/span><span class=\"color_2\">We help them decide on issues such as.<\/span><\/li>\n<\/ul>\n<p>&nbsp;<\/p>\n<p>Programs where French and activities are carried out together; It is held in the summer months and includes young people between the ages of 3-18.<\/p>\n<\/div><\/div><div class=\"side-featured-wrapper fss-rectangle kd-animated fadeInLeft fss-shadow-image\" data-animation-delay=\"200\">\r\n      <div class=\"featured-image\"><a data-size=\"1024x768\" href=\"https:\/\/chateauegitim.com\/wp-content\/uploads\/2020\/03\/planning@2x-1024x768.png\"><img loading=\"lazy\" decoding=\"async\" width=\"1160\" height=\"870\" src=\"https:\/\/chateauegitim.com\/wp-content\/uploads\/2020\/03\/planning@2x.png\" class=\"attachment-full\" alt=\"\" srcset=\"https:\/\/chateauegitim.com\/wp-content\/uploads\/2020\/03\/planning@2x.png 1160w, https:\/\/chateauegitim.com\/wp-content\/uploads\/2020\/03\/planning@2x-800x600.png 800w, https:\/\/chateauegitim.com\/wp-content\/uploads\/2020\/03\/planning@2x-300x225.png 300w, https:\/\/chateauegitim.com\/wp-content\/uploads\/2020\/03\/planning@2x-1024x768.png 1024w, https:\/\/chateauegitim.com\/wp-content\/uploads\/2020\/03\/planning@2x-768x576.png 768w, https:\/\/chateauegitim.com\/wp-content\/uploads\/2020\/03\/planning@2x-24x18.png 24w, https:\/\/chateauegitim.com\/wp-content\/uploads\/2020\/03\/planning@2x-36x27.png 36w, https:\/\/chateauegitim.com\/wp-content\/uploads\/2020\/03\/planning@2x-48x36.png 48w\" sizes=\"auto, (max-width: 1160px) 100vw, 1160px\" \/><\/a><\/div>\r\n    <\/div><\/div>\r\n            <\/section><section id=\"kd-fss-6a027ae7eea1b\" class=\"featured-right\"><li class=\"nav-label\"><a class=\"feature-tabs-scroll\" href=\"#kd-fss-6a027ae7eea1b\"><i class=\"iconsmind-Handshake fss-nav-icon\" style=\" \"><\/i> Decision and Application<\/a><\/li><div class=\"container\">\r\n                <div class=\"side-content-wrapper kd-animated fadeInLeft\" data-animation-delay=\"200\"><i class=\"section-icon\" style=\" \"><\/i> <h2 class=\"side-content-title\" >English Summer Schools with Which We Have Contracts<\/h2><div class=\"side-content-text\" ><\/p>\n<ul>\n<li class=\"font_8\"><span class=\"color_2\">ST CLARE&#039;S OXFORD<\/span><\/li>\n<li class=\"font_8\"><span class=\"color_2\">OXFORD HOUSE COLLEGE<\/span><\/li>\n<li class=\"font_8\"><span class=\"color_2\">SOUTHAMPTON LANGUAGE COLLEGE<\/span><\/li>\n<li class=\"font_8\"><span class=\"color_2\">REGENT<\/span><\/li>\n<li class=\"font_8\"><span class=\"color_2\">EMBASSY ENGLISH<\/span><\/li>\n<li class=\"font_8\"><span class=\"color_2\">STUDIO CAMBRIDGE<\/span><\/li>\n<li class=\"font_8\"><span class=\"color_2\">LEWIS SCHOOL OF ENGLISH<\/span><\/li>\n<li class=\"font_8\"><span class=\"color_2\">BBSI BOURNEMOUTH<\/span><\/li>\n<li class=\"font_8\"><span class=\"color_2\">ST GILES INTERNATIONAL<\/span><\/li>\n<li class=\"font_8\"><span class=\"color_2\">BRITISH STUDY CENTRES \u00a0 \u00a0 \u00a0 \u00a0 \u00a0\u00a0<\/span><\/li>\n<li class=\"font_8\"><span class=\"color_2\">KINGS COLLEGES<\/span><\/li>\n<li class=\"font_8\"><span class=\"color_2\">BELL<\/span><\/li>\n<li class=\"font_8\"><span class=\"color_2\">EC ENGLISH<\/span><\/li>\n<li class=\"font_8\"><span class=\"color_2\">GEOS<\/span><\/li>\n<li class=\"font_8\"><span class=\"color_2\">SCOLA<\/span><\/li>\n<li class=\"font_8\"><span class=\"color_2\">ZONE<\/span><\/li>\n<li class=\"font_8\"><span class=\"color_2\">SPRACHCAFFE\u00a0 \u00a0\u00a0<\/span><\/li>\n<\/ul>\n<p>\n<\/div><\/div><div class=\"side-featured-wrapper fss-rectangle kd-animated fadeInRight fss-shadow-image\" data-animation-delay=\"200\">\r\n      <div class=\"featured-image\"><a data-size=\"1024x570\" href=\"https:\/\/chateauegitim.com\/wp-content\/uploads\/2020\/03\/text-on-shelf-256417-1024x570.jpg\"><img loading=\"lazy\" decoding=\"async\" width=\"1600\" height=\"891\" src=\"https:\/\/chateauegitim.com\/wp-content\/uploads\/2020\/03\/text-on-shelf-256417.jpg\" class=\"attachment-full\" alt=\"\" srcset=\"https:\/\/chateauegitim.com\/wp-content\/uploads\/2020\/03\/text-on-shelf-256417.jpg 1600w, https:\/\/chateauegitim.com\/wp-content\/uploads\/2020\/03\/text-on-shelf-256417-800x446.jpg 800w, https:\/\/chateauegitim.com\/wp-content\/uploads\/2020\/03\/text-on-shelf-256417-300x167.jpg 300w, https:\/\/chateauegitim.com\/wp-content\/uploads\/2020\/03\/text-on-shelf-256417-1024x570.jpg 1024w, https:\/\/chateauegitim.com\/wp-content\/uploads\/2020\/03\/text-on-shelf-256417-768x428.jpg 768w, https:\/\/chateauegitim.com\/wp-content\/uploads\/2020\/03\/text-on-shelf-256417-1536x855.jpg 1536w\" sizes=\"auto, (max-width: 1600px) 100vw, 1600px\" \/><\/a><\/div>\r\n    <\/div><\/div>\r\n            <\/section>\r\n            <\/div><style type=\"text\/css\"><\/style><div class=\"vc_empty_space\"   style=\"height: 22px\"><span class=\"vc_empty_space_inner\"><\/span><\/div>\n\t<div class=\"wpb_text_column wpb_content_element\" >\n\t\t<div class=\"wpb_wrapper\">\n\t\t\t<p>English summer schools are organized for children and young people aged 3 to 18 in countries where English is spoken as a native language, such as the UK, USA and Canada.<\/p>\n\n\t\t<\/div>\n\t<\/div>\n<\/div><\/div><\/div><\/div><div id=\"form\" data-vc-full-width=\"true\" data-vc-full-width-init=\"false\" data-vc-kd-parallax=\"1.4\" class=\"vc_row wpb_row vc_row-fluid vc_custom_1583491359453 vc_row-has-fill vc_general kd_vc_parallax kd_vc_parallax-content-moving\"><div class=\"parallax-overlay\" data-vc-kd-parallax=\"1.4\"><\/div><div class=\"kd-overlay\"  style=\"background-color:rgba(0,0,0,0.7);\"><\/div><div class=\"wpb_column vc_column_container vc_col-sm-12\"><div class=\"vc_column-inner vc_custom_1516095225433\"><div class=\"wpb_wrapper\"><div class=\"vc_row wpb_row vc_inner vc_row-fluid vc_custom_1555673013129 vc_row-has-padding-top vc_row-has-padding-bottom\"><div class=\"wpb_column vc_column_container vc_col-sm-1\"><div class=\"vc_column-inner vc_custom_1515166784808\"><div class=\"wpb_wrapper\"><\/div><\/div><\/div><div class=\"wpb_column vc_column_container vc_col-sm-4\"><div class=\"vc_column-inner\"><div class=\"wpb_wrapper\"><header class=\"kd-section-title col-lg-12 text-left  kd-animated fadeIn   vc_custom_1583491120092\" data-animation-delay=\"200\"><h2 class=\"separator_off\" style=\"color: #ffffff;\">You are invited to our free introductory lessons!<\/h2><h6 class=\"subtitle\" style=\"color: #eeeeee;\">If you expect your French Language Program to be qualified and concentrated; We offer to hold an introductory lesson with you without charging any fee.<\/h6><\/header><\/div><\/div><\/div><div class=\"wpb_column vc_column_container vc_col-sm-1\"><div class=\"vc_column-inner\"><div class=\"wpb_wrapper\"><\/div><\/div><\/div><div class=\"wpb_column vc_column_container vc_col-sm-5\"><div class=\"vc_column-inner\"><div class=\"wpb_wrapper\"><h4 style=\"color: #ffffff;text-align: left\" class=\"vc_custom_heading wpb_animate_when_almost_visible wpb_fadeIn fadeIn vc_custom_1583491141958\" >We will get back to you as soon as possible.<\/h4><div class=\"kd-contact-form full-width-cf white-input-bg\" ><div role=\"form\" class=\"wpcf7\" id=\"wpcf7-f4439-o1\" lang=\"en-US\" dir=\"ltr\">\n<div class=\"screen-reader-response\"><p role=\"status\" aria-live=\"polite\" aria-atomic=\"true\"><\/p> <ul><\/ul><\/div>\n<form action=\"\/en\/wp-json\/wp\/v2\/pages\/7606#wpcf7-f4439-o1\" method=\"post\" class=\"wpcf7-form init\" novalidate=\"novalidate\" data-status=\"init\" data-trp-original-action=\"\/en\/wp-json\/wp\/v2\/pages\/7606#wpcf7-f4439-o1\">\n<div style=\"display: none;\">\n<input type=\"hidden\" name=\"_wpcf7\" value=\"4439\" \/>\n<input type=\"hidden\" name=\"_wpcf7_version\" value=\"5.3.2\" \/>\n<input type=\"hidden\" name=\"_wpcf7_locale\" value=\"en_US\" \/>\n<input type=\"hidden\" name=\"_wpcf7_unit_tag\" value=\"wpcf7-f4439-o1\" \/>\n<input type=\"hidden\" name=\"_wpcf7_container_post\" value=\"0\" \/>\n<input type=\"hidden\" name=\"_wpcf7_posted_data_hash\" value=\"\" \/>\n<input type=\"hidden\" name=\"_wpcf7_recaptcha_response\" value=\"\" \/>\n<\/div>\n<p><span class=\"wpcf7-form-control-wrap your-name\"><input type=\"text\" name=\"your-name\" value=\"\" size=\"40\" class=\"wpcf7-form-control wpcf7-text wpcf7-validates-as-required\" aria-required=\"true\" aria-invalid=\"false\" placeholder=\"Your name\" \/><\/span><br \/>\n<span class=\"wpcf7-form-control-wrap your-phone\"><input type=\"tel\" name=\"your-phone\" value=\"\" size=\"40\" class=\"wpcf7-form-control wpcf7-text wpcf7-tel wpcf7-validates-as-required wpcf7-validates-as-tel\" aria-required=\"true\" aria-invalid=\"false\" placeholder=\"Telephone\" \/><\/span><br \/>\n<span class=\"wpcf7-form-control-wrap your-email\"><input type=\"email\" name=\"your-email\" value=\"\" size=\"40\" class=\"wpcf7-form-control wpcf7-text wpcf7-email wpcf7-validates-as-required wpcf7-validates-as-email\" aria-required=\"true\" aria-invalid=\"false\" placeholder=\"Email\" \/><\/span><br \/>\n<span class=\"wpcf7-form-control-wrap acceptance-630\"><span class=\"wpcf7-form-control wpcf7-acceptance\"><span class=\"wpcf7-list-item\"><label><input type=\"checkbox\" name=\"acceptance-630\" value=\"1\" aria-invalid=\"false\" \/><span class=\"wpcf7-list-item-label\"><a href=\"https:\/\/chateauegitim.com\/en\/gizlilik-politikasi\/\" target=\"_blank\"> Privacy Policy <\/a> I have read the text and I approve it.<\/span><\/label><\/span><\/span><\/span><br \/>\n<span class=\"wpcf7-form-control-wrap acceptance-123\"><span class=\"wpcf7-form-control wpcf7-acceptance\"><span class=\"wpcf7-list-item\"><label><input type=\"checkbox\" name=\"acceptance-123\" value=\"1\" aria-invalid=\"false\" \/><span class=\"wpcf7-list-item-label\"><a href=\"https:\/\/chateauegitim.com\/en\/acik-riza-onayi\/\" target=\"_blank\"> Explicit Consent Approval<\/a> I have read the form and I accept it.<\/span><\/label><\/span><\/span><\/span><br \/>\n<input type=\"submit\" value=\"Send\" class=\"wpcf7-form-control wpcf7-submit\" \/><\/p>\n<input type='hidden' class='wpcf7-pum' value='{\"closepopup\":false,\"closedelay\":0,\"openpopup\":false,\"openpopup_id\":0}' \/><div class=\"wpcf7-response-output\" aria-hidden=\"true\"><\/div><input type=\"hidden\" name=\"trp-form-language\" value=\"en\"\/><\/form><\/div><\/div><\/div><\/div><\/div><div class=\"wpb_column vc_column_container vc_col-sm-1\"><div class=\"vc_column-inner\"><div class=\"wpb_wrapper\"><\/div><\/div><\/div><\/div><\/div><\/div><\/div><\/div><div class=\"vc_row-full-width vc_clearfix\"><\/div>","protected":false},"excerpt":{"rendered":"General Information General Information Our experiences in previous years have shown us that; English Summer School Programs [...]","protected":false},"author":1,"featured_media":7879,"parent":0,"menu_order":0,"comment_status":"closed","ping_status":"closed","template":"","meta":{"footnotes":""},"class_list":["post-7606","page","type-page","status-publish","has-post-thumbnail","hentry"],"yoast_head":"<!-- This site is optimized with the Yoast SEO plugin v15.5 - https:\/\/yoast.com\/wordpress\/plugins\/seo\/ -->\n<title>\u0130ngilizce Yaz Okullar\u0131 | Chateau E\u011fitim<\/title>\n<meta name=\"robots\" content=\"index, follow, max-snippet:-1, max-image-preview:large, max-video-preview:-1\" \/>\n<link rel=\"canonical\" href=\"https:\/\/chateauegitim.com\/en\/ingilizce-yaz-okullari\/\" \/>\n<meta property=\"og:locale\" content=\"en_US\" \/>\n<meta property=\"og:type\" content=\"article\" \/>\n<meta property=\"og:title\" content=\"\u0130ngilizce Yaz Okullar\u0131 | Chateau E\u011fitim\" \/>\n<meta property=\"og:url\" content=\"https:\/\/chateauegitim.com\/en\/ingilizce-yaz-okullari\/\" \/>\n<meta property=\"og:site_name\" content=\"Chateau E\u011fitim\" \/>\n<meta property=\"article:modified_time\" content=\"2020-03-25T13:23:23+00:00\" \/>\n<meta property=\"og:image\" content=\"https:\/\/chateauegitim.com\/wp-content\/uploads\/2020\/03\/ingilizce-yaz-1.jpg\" \/>\n\t<meta property=\"og:image:width\" content=\"1920\" \/>\n\t<meta property=\"og:image:height\" content=\"500\" \/>\n<meta name=\"twitter:card\" content=\"summary_large_image\" \/>\n<meta name=\"twitter:label1\" content=\"Est. reading time\">\n\t<meta name=\"twitter:data1\" content=\"3 minutes\">\n<script type=\"application\/ld+json\" class=\"yoast-schema-graph\">{\"@context\":\"https:\/\/schema.org\",\"@graph\":[{\"@type\":\"WebSite\",\"@id\":\"https:\/\/chateauegitim.com\/en\/#website\",\"url\":\"https:\/\/chateauegitim.com\/en\/\",\"name\":\"Chateau E\\u011fitim\",\"description\":\"\\u0130novatif E\\u011fitim\",\"potentialAction\":[{\"@type\":\"SearchAction\",\"target\":\"https:\/\/chateauegitim.com\/en\/?s={search_term_string}\",\"query-input\":\"required name=search_term_string\"}],\"inLanguage\":\"en-US\"},{\"@type\":\"ImageObject\",\"@id\":\"https:\/\/chateauegitim.com\/en\/ingilizce-yaz-okullari\/#primaryimage\",\"inLanguage\":\"en-US\",\"url\":\"https:\/\/chateauegitim.com\/wp-content\/uploads\/2020\/03\/ingilizce-yaz-1.jpg\",\"width\":1920,\"height\":500},{\"@type\":\"WebPage\",\"@id\":\"https:\/\/chateauegitim.com\/en\/ingilizce-yaz-okullari\/#webpage\",\"url\":\"https:\/\/chateauegitim.com\/en\/ingilizce-yaz-okullari\/\",\"name\":\"\\u0130ngilizce Yaz Okullar\\u0131 | Chateau E\\u011fitim\",\"isPartOf\":{\"@id\":\"https:\/\/chateauegitim.com\/en\/#website\"},\"primaryImageOfPage\":{\"@id\":\"https:\/\/chateauegitim.com\/en\/ingilizce-yaz-okullari\/#primaryimage\"},\"datePublished\":\"2020-03-06T12:58:12+00:00\",\"dateModified\":\"2020-03-25T13:23:23+00:00\",\"inLanguage\":\"en-US\",\"potentialAction\":[{\"@type\":\"ReadAction\",\"target\":[\"https:\/\/chateauegitim.com\/en\/ingilizce-yaz-okullari\/\"]}]}]}<\/script>\n<!-- \/ Yoast SEO plugin. -->","_links":{"self":[{"href":"https:\/\/chateauegitim.com\/en\/wp-json\/wp\/v2\/pages\/7606","targetHints":{"allow":["GET"]}}],"collection":[{"href":"https:\/\/chateauegitim.com\/en\/wp-json\/wp\/v2\/pages"}],"about":[{"href":"https:\/\/chateauegitim.com\/en\/wp-json\/wp\/v2\/types\/page"}],"author":[{"embeddable":true,"href":"https:\/\/chateauegitim.com\/en\/wp-json\/wp\/v2\/users\/1"}],"replies":[{"embeddable":true,"href":"https:\/\/chateauegitim.com\/en\/wp-json\/wp\/v2\/comments?post=7606"}],"version-history":[{"count":9,"href":"https:\/\/chateauegitim.com\/en\/wp-json\/wp\/v2\/pages\/7606\/revisions"}],"predecessor-version":[{"id":8367,"href":"https:\/\/chateauegitim.com\/en\/wp-json\/wp\/v2\/pages\/7606\/revisions\/8367"}],"wp:featuredmedia":[{"embeddable":true,"href":"https:\/\/chateauegitim.com\/en\/wp-json\/wp\/v2\/media\/7879"}],"wp:attachment":[{"href":"https:\/\/chateauegitim.com\/en\/wp-json\/wp\/v2\/media?parent=7606"}],"curies":[{"name":"wp","href":"https:\/\/api.w.org\/{rel}","templated":true}]}}