{"id":7647,"date":"2020-03-09T14:51:01","date_gmt":"2020-03-09T11:51:01","guid":{"rendered":"http:\/\/chateauegitim.com\/?page_id=7647"},"modified":"2020-12-04T19:46:45","modified_gmt":"2020-12-04T16:46:45","slug":"bireysel-fransizca-programi","status":"publish","type":"page","link":"https:\/\/chateauegitim.com\/en\/bireysel-fransizca-programi\/","title":{"rendered":"Individual French Program"},"content":{"rendered":"<div class=\"vc_row wpb_row vc_row-fluid vc_custom_1556018461316 vc_row-has-padding-top vc_row-has-padding-bottom\"><div class=\"wpb_column vc_column_container vc_col-sm-12\"><div class=\"vc_column-inner\"><div class=\"wpb_wrapper\"><div class=\"feature-sections-wrapper kd-fsp-69e895bd40f76\">\r\n            <section class=\"feature-sections-tabs\">\r\n              <nav class=\"kd-feature-tabs\">\r\n                <ul class=\"nav nav-tabs sticky-tabs container\">\r\n                <\/ul>\r\n              <\/nav>\r\n            <\/section>\r\n            <section id=\"kd-fss-69e895bd40fcd\" class=\"featured-right\"><li class=\"nav-label\"><a class=\"feature-tabs-scroll\" href=\"#kd-fss-69e895bd40fcd\"><i class=\"iconsmind-Information fss-nav-icon\" style=\" \"><\/i> Individual French<\/a><\/li><div class=\"container\">\r\n                <div class=\"side-content-wrapper kd-animated fadeInLeft\" data-animation-delay=\"200\"><i class=\"section-icon\" style=\" \"><\/i> <h2 class=\"side-content-title\" >Individual French<\/h2><h6 class=\"side-content-subtitle\" >Programs prepared by Ch\u00e2teau Education for those who want to learn French as a hobby and\/or commercially;<\/h6><div class=\"side-content-text\" ><\/p>\n<ul>\n<li>It is organized according to the demands of individuals or institutions.<\/li>\n<li>Lesson hours are flexible.<\/li>\n<li>It is given in institutions or in our courses upon request.<\/li>\n<li>It is organized as a group or one-on-one private lesson.<\/li>\n<li>The weights of Listening Comprehension (Compr\u00e9hension Orale), Speaking (Expression Orale), Grammar (Grammaire), Reading (Compr\u00e9hension Ecrite) and Writing (Expression Ecrite) in the program are determined in accordance with the requested education.<\/li>\n<li>Trainings are given within the programs jointly managed by our French and Turkish instructors.<\/li>\n<\/ul>\n<p>If you expect the French Language Program you take for commercial or personal purposes to be qualified and concentrated; We offer to hold an introductory lesson with you without charging any fee.<\/p>\n<\/div><\/div><div class=\"side-featured-wrapper fss-rectangle kd-animated fadeInRight fss-shadow-image\" data-animation-delay=\"200\">\r\n      <div class=\"featured-image\"><img loading=\"lazy\" decoding=\"async\" width=\"416\" height=\"416\" src=\"https:\/\/chateauegitim.com\/wp-content\/uploads\/2020\/03\/istockphoto-1054778952-170667a.jpg\" class=\"attachment-full\" alt=\"\" srcset=\"https:\/\/chateauegitim.com\/wp-content\/uploads\/2020\/03\/istockphoto-1054778952-170667a.jpg 416w, https:\/\/chateauegitim.com\/wp-content\/uploads\/2020\/03\/istockphoto-1054778952-170667a-300x300.jpg 300w, https:\/\/chateauegitim.com\/wp-content\/uploads\/2020\/03\/istockphoto-1054778952-170667a-150x150.jpg 150w, https:\/\/chateauegitim.com\/wp-content\/uploads\/2020\/03\/istockphoto-1054778952-170667a-320x320.jpg 320w\" sizes=\"auto, (max-width: 416px) 100vw, 416px\" \/><\/div>\r\n    <\/div><\/div>\r\n            <\/section><section id=\"kd-fss-69e895bd41327\" class=\"featured-left\"><li class=\"nav-label\"><a class=\"feature-tabs-scroll\" href=\"#kd-fss-69e895bd41327\"><i class=\"iconsmind-Speach-BubbleComic3 fss-nav-icon\" style=\" \"><\/i> Francophone Evil Days<\/a><\/li><div class=\"container\">\r\n                <div class=\"side-content-wrapper kd-animated fadeInRight\" data-animation-delay=\"200\"><i class=\"section-icon\" style=\" \"><\/i> <h2 class=\"side-content-title\" >Francophone Evil Days<\/h2><h6 class=\"side-content-subtitle\" >People who have learned French at some point in their lives but have not used it for years are coming together!<\/h6><div class=\"side-content-text\" ><\/p>\n<p class=\"font_7\">We gather within the framework of any social event and speak French for 3 hours with two French instructors!<\/p>\n<p class=\"font_7\">\u00a0We gather at the determined location (cafe, restaurant, park, cinema, etc.) at the beginning of each week and chat simply and only in French, on a pre-determined topic that covers everyone&#039;s common interest.<\/p>\n<p class=\"font_8\">While eating, drinking coffee or walking\u2026 We shake hands again in French!<\/p>\n<ul>\n<li class=\"font_8\"><span class=\"color_2\">Groups are limited to a maximum of 10 people.<\/span><\/li>\n<li class=\"font_8\"><span class=\"color_2\">Events are held every week on Saturday.<\/span><\/li>\n<\/ul>\n<p>\n<\/div><\/div><div class=\"side-featured-wrapper fss-rectangle kd-animated fadeInLeft fss-shadow-image\" data-animation-delay=\"200\">\r\n      <div class=\"featured-image\"><img loading=\"lazy\" decoding=\"async\" width=\"667\" height=\"751\" src=\"https:\/\/chateauegitim.com\/wp-content\/uploads\/2020\/03\/84d837_f0c6b542174c40b3844a818069be9b05.jpg\" class=\"attachment-full\" alt=\"\" srcset=\"https:\/\/chateauegitim.com\/wp-content\/uploads\/2020\/03\/84d837_f0c6b542174c40b3844a818069be9b05.jpg 667w, https:\/\/chateauegitim.com\/wp-content\/uploads\/2020\/03\/84d837_f0c6b542174c40b3844a818069be9b05-266x300.jpg 266w\" sizes=\"auto, (max-width: 667px) 100vw, 667px\" \/><\/div>\r\n    <\/div><\/div>\r\n            <\/section>\r\n            <\/div><style type=\"text\/css\"><\/style><\/div><\/div><\/div><\/div><div data-vc-full-width=\"true\" data-vc-full-width-init=\"false\" class=\"vc_row wpb_row vc_row-fluid vc_custom_1583490826801 vc_row-has-fill vc_row-has-padding-top vc_row-has-padding-bottom\"><div class=\"wpb_column vc_column_container vc_col-sm-12\"><div class=\"vc_column-inner\"><div class=\"wpb_wrapper\"><div class=\"vc_row wpb_row vc_inner vc_row-fluid\"><div class=\"wpb_column vc_column_container vc_col-sm-12\"><div class=\"vc_column-inner\"><div class=\"wpb_wrapper\"><header class=\"kd-section-title col-lg-12 text-center\" ><h3 class=\"separator_off\" >French Course Program for Beginners<\/h3><h6 class=\"subtitle\" >Ch\u00e2teau Education is for those who want to learn French as a hobby and\/or commercially.<br \/>\nSpecially prepared programs are given within the scope of individual and group lessons.<\/h6><\/header><div class=\"vc_empty_space\"   style=\"height: 32px\"><span class=\"vc_empty_space_inner\"><\/span><\/div>\r\n            <div class=\"kd-process-steps process_four_elem process-checkbox-template\">\r\n                <ul>\r\n                <li class=\"pss-item\" >\r\n                    <div class=\"pss-container\" ><div class=\"pss-step-number\"><span >1<\/span><\/div><div class=\"pss-text-area\">\r\n                            <h5 >1. Install<\/h5>\r\n                            <p >It enables the student to learn basic French knowledge, basic grammar and current word patterns.<\/p><\/div>\r\n                    <\/div>\r\n                <\/li>\r\n                <li class=\"pss-item\" >\r\n                    <div class=\"pss-container\" ><div class=\"pss-step-number\"><span >2<\/span><\/div><div class=\"pss-text-area\">\r\n                            <h5 >2. Install<\/h5>\r\n                            <p >By detailing the basic French knowledge that the student learned in the first level, the exchange of information and general dialogue patterns in daily life are ensured.<\/p><\/div>\r\n                    <\/div>\r\n                <\/li>\r\n                <li class=\"pss-item\" >\r\n                    <div class=\"pss-container\" ><div class=\"pss-step-number\"><span >3<\/span><\/div><div class=\"pss-text-area\">\r\n                            <h5 >3. Install<\/h5>\r\n                            <p >It enables the student to gain the ability to understand\/manage discussion and present his\/her own ideas at a basic level.<\/p><\/div>\r\n                    <\/div>\r\n                <\/li>\r\n                <li class=\"pss-item\" >\r\n                    <div class=\"pss-container\" ><div class=\"pss-step-number\"><span >4<\/span><\/div><div class=\"pss-text-area\">\r\n                            <h5 >4. Install<\/h5>\r\n                            <p >Your student; It provides students with the ability to understand\/manage discussion, to present and defend their own ideas fluently and at an advanced level.<\/p><\/div>\r\n                    <\/div>\r\n                <\/li><\/ul>\r\n            <\/div><\/div><\/div><\/div><\/div><\/div><\/div><\/div><\/div><div class=\"vc_row-full-width vc_clearfix\"><\/div><div data-vc-full-width=\"true\" data-vc-full-width-init=\"false\" data-vc-kd-parallax=\"1.4\" class=\"vc_row wpb_row vc_row-fluid vc_custom_1607100189817 vc_row-has-fill vc_general kd_vc_parallax kd_vc_parallax-content-moving\"><div class=\"parallax-overlay\" data-vc-kd-parallax=\"1.4\"><\/div><div class=\"kd-overlay\"  style=\"background-color:rgba(0,0,0,0.7);\"><\/div><div class=\"wpb_column vc_column_container vc_col-sm-12\"><div class=\"vc_column-inner vc_custom_1516095225433\"><div class=\"wpb_wrapper\"><div class=\"vc_row wpb_row vc_inner vc_row-fluid vc_custom_1555673013129 vc_row-has-padding-top vc_row-has-padding-bottom\"><div class=\"wpb_column vc_column_container vc_col-sm-1\"><div class=\"vc_column-inner vc_custom_1515166784808\"><div class=\"wpb_wrapper\"><\/div><\/div><\/div><div class=\"wpb_column vc_column_container vc_col-sm-4\"><div class=\"vc_column-inner\"><div class=\"wpb_wrapper\"><header class=\"kd-section-title col-lg-12 text-left  kd-animated fadeIn   vc_custom_1583491120092\" data-animation-delay=\"200\"><h2 class=\"separator_off\" style=\"color: #ffffff;\">You are invited to our free introductory lessons!<\/h2><h6 class=\"subtitle\" style=\"color: #eeeeee;\">If you expect your French Language Program to be qualified and concentrated; We offer to hold an introductory lesson with you without charging any fee.<\/h6><\/header><\/div><\/div><\/div><div class=\"wpb_column vc_column_container vc_col-sm-1\"><div class=\"vc_column-inner\"><div class=\"wpb_wrapper\"><\/div><\/div><\/div><div class=\"wpb_column vc_column_container vc_col-sm-5\"><div class=\"vc_column-inner\"><div class=\"wpb_wrapper\"><h4 style=\"color: #ffffff;text-align: left\" class=\"vc_custom_heading wpb_animate_when_almost_visible wpb_fadeIn fadeIn vc_custom_1583491141958\" >We will get back to you as soon as possible.<\/h4><div class=\"kd-contact-form full-width-cf white-input-bg\" ><div role=\"form\" class=\"wpcf7\" id=\"wpcf7-f4439-o1\" lang=\"en-US\" dir=\"ltr\">\n<div class=\"screen-reader-response\"><p role=\"status\" aria-live=\"polite\" aria-atomic=\"true\"><\/p> <ul><\/ul><\/div>\n<form action=\"\/en\/wp-json\/wp\/v2\/pages\/7647#wpcf7-f4439-o1\" method=\"post\" class=\"wpcf7-form init\" novalidate=\"novalidate\" data-status=\"init\" data-trp-original-action=\"\/en\/wp-json\/wp\/v2\/pages\/7647#wpcf7-f4439-o1\">\n<div style=\"display: none;\">\n<input type=\"hidden\" name=\"_wpcf7\" value=\"4439\" \/>\n<input type=\"hidden\" name=\"_wpcf7_version\" value=\"5.3.2\" \/>\n<input type=\"hidden\" name=\"_wpcf7_locale\" value=\"en_US\" \/>\n<input type=\"hidden\" name=\"_wpcf7_unit_tag\" value=\"wpcf7-f4439-o1\" \/>\n<input type=\"hidden\" name=\"_wpcf7_container_post\" value=\"0\" \/>\n<input type=\"hidden\" name=\"_wpcf7_posted_data_hash\" value=\"\" \/>\n<input type=\"hidden\" name=\"_wpcf7_recaptcha_response\" value=\"\" \/>\n<\/div>\n<p><span class=\"wpcf7-form-control-wrap your-name\"><input type=\"text\" name=\"your-name\" value=\"\" size=\"40\" class=\"wpcf7-form-control wpcf7-text wpcf7-validates-as-required\" aria-required=\"true\" aria-invalid=\"false\" placeholder=\"Your name\" \/><\/span><br \/>\n<span class=\"wpcf7-form-control-wrap your-phone\"><input type=\"tel\" name=\"your-phone\" value=\"\" size=\"40\" class=\"wpcf7-form-control wpcf7-text wpcf7-tel wpcf7-validates-as-required wpcf7-validates-as-tel\" aria-required=\"true\" aria-invalid=\"false\" placeholder=\"Telephone\" \/><\/span><br \/>\n<span class=\"wpcf7-form-control-wrap your-email\"><input type=\"email\" name=\"your-email\" value=\"\" size=\"40\" class=\"wpcf7-form-control wpcf7-text wpcf7-email wpcf7-validates-as-required wpcf7-validates-as-email\" aria-required=\"true\" aria-invalid=\"false\" placeholder=\"Email\" \/><\/span><br \/>\n<span class=\"wpcf7-form-control-wrap acceptance-630\"><span class=\"wpcf7-form-control wpcf7-acceptance\"><span class=\"wpcf7-list-item\"><label><input type=\"checkbox\" name=\"acceptance-630\" value=\"1\" aria-invalid=\"false\" \/><span class=\"wpcf7-list-item-label\"><a href=\"https:\/\/chateauegitim.com\/en\/gizlilik-politikasi\/\" target=\"_blank\"> Privacy Policy <\/a> I have read the text and I approve it.<\/span><\/label><\/span><\/span><\/span><br \/>\n<span class=\"wpcf7-form-control-wrap acceptance-123\"><span class=\"wpcf7-form-control wpcf7-acceptance\"><span class=\"wpcf7-list-item\"><label><input type=\"checkbox\" name=\"acceptance-123\" value=\"1\" aria-invalid=\"false\" \/><span class=\"wpcf7-list-item-label\"><a href=\"https:\/\/chateauegitim.com\/en\/acik-riza-onayi\/\" target=\"_blank\"> Explicit Consent Approval<\/a> I have read the form and I accept it.<\/span><\/label><\/span><\/span><\/span><br \/>\n<input type=\"submit\" value=\"Send\" class=\"wpcf7-form-control wpcf7-submit\" \/><\/p>\n<input type='hidden' class='wpcf7-pum' value='{\"closepopup\":false,\"closedelay\":0,\"openpopup\":false,\"openpopup_id\":0}' \/><div class=\"wpcf7-response-output\" aria-hidden=\"true\"><\/div><input type=\"hidden\" name=\"trp-form-language\" value=\"en\"\/><\/form><\/div><\/div><\/div><\/div><\/div><div class=\"wpb_column vc_column_container vc_col-sm-1\"><div class=\"vc_column-inner\"><div class=\"wpb_wrapper\"><\/div><\/div><\/div><\/div><\/div><\/div><\/div><\/div><div class=\"vc_row-full-width vc_clearfix\"><\/div>","protected":false},"excerpt":{"rendered":"Individual French Individual French Programs prepared by Ch\u00e2teau Education for those who want to learn French as a hobby and\/or commercially; [...]","protected":false},"author":1,"featured_media":8693,"parent":0,"menu_order":0,"comment_status":"closed","ping_status":"closed","template":"","meta":{"footnotes":""},"class_list":["post-7647","page","type-page","status-publish","has-post-thumbnail","hentry"],"yoast_head":"<!-- This site is optimized with the Yoast SEO plugin v15.5 - https:\/\/yoast.com\/wordpress\/plugins\/seo\/ -->\n<title>Bireysel Frans\u0131zca Program\u0131 | Chateau E\u011fitim<\/title>\n<meta name=\"robots\" content=\"index, follow, max-snippet:-1, max-image-preview:large, max-video-preview:-1\" \/>\n<link rel=\"canonical\" href=\"https:\/\/chateauegitim.com\/en\/bireysel-fransizca-programi\/\" \/>\n<meta property=\"og:locale\" content=\"en_US\" \/>\n<meta property=\"og:type\" content=\"article\" \/>\n<meta property=\"og:title\" content=\"Bireysel Frans\u0131zca Program\u0131 | Chateau E\u011fitim\" \/>\n<meta property=\"og:url\" content=\"https:\/\/chateauegitim.com\/en\/bireysel-fransizca-programi\/\" \/>\n<meta property=\"og:site_name\" content=\"Chateau E\u011fitim\" \/>\n<meta property=\"article:modified_time\" content=\"2020-12-04T16:46:45+00:00\" \/>\n<meta property=\"og:image\" content=\"https:\/\/chateauegitim.com\/wp-content\/uploads\/2020\/11\/BireyselFransizcaTabletKagit-1.jpg\" \/>\n\t<meta property=\"og:image:width\" content=\"1920\" \/>\n\t<meta property=\"og:image:height\" content=\"1440\" \/>\n<meta name=\"twitter:card\" content=\"summary_large_image\" \/>\n<meta name=\"twitter:label1\" content=\"Est. reading time\">\n\t<meta name=\"twitter:data1\" content=\"4 minutes\">\n<script type=\"application\/ld+json\" class=\"yoast-schema-graph\">{\"@context\":\"https:\/\/schema.org\",\"@graph\":[{\"@type\":\"WebSite\",\"@id\":\"https:\/\/chateauegitim.com\/en\/#website\",\"url\":\"https:\/\/chateauegitim.com\/en\/\",\"name\":\"Chateau E\\u011fitim\",\"description\":\"\\u0130novatif E\\u011fitim\",\"potentialAction\":[{\"@type\":\"SearchAction\",\"target\":\"https:\/\/chateauegitim.com\/en\/?s={search_term_string}\",\"query-input\":\"required name=search_term_string\"}],\"inLanguage\":\"en-US\"},{\"@type\":\"ImageObject\",\"@id\":\"https:\/\/chateauegitim.com\/en\/bireysel-fransizca-programi\/#primaryimage\",\"inLanguage\":\"en-US\",\"url\":\"https:\/\/chateauegitim.com\/wp-content\/uploads\/2020\/11\/BireyselFransizcaTabletKagit-1.jpg\",\"width\":1920,\"height\":1440},{\"@type\":\"WebPage\",\"@id\":\"https:\/\/chateauegitim.com\/en\/bireysel-fransizca-programi\/#webpage\",\"url\":\"https:\/\/chateauegitim.com\/en\/bireysel-fransizca-programi\/\",\"name\":\"Bireysel Frans\\u0131zca Program\\u0131 | Chateau E\\u011fitim\",\"isPartOf\":{\"@id\":\"https:\/\/chateauegitim.com\/en\/#website\"},\"primaryImageOfPage\":{\"@id\":\"https:\/\/chateauegitim.com\/en\/bireysel-fransizca-programi\/#primaryimage\"},\"datePublished\":\"2020-03-09T11:51:01+00:00\",\"dateModified\":\"2020-12-04T16:46:45+00:00\",\"inLanguage\":\"en-US\",\"potentialAction\":[{\"@type\":\"ReadAction\",\"target\":[\"https:\/\/chateauegitim.com\/en\/bireysel-fransizca-programi\/\"]}]}]}<\/script>\n<!-- \/ Yoast SEO plugin. -->","_links":{"self":[{"href":"https:\/\/chateauegitim.com\/en\/wp-json\/wp\/v2\/pages\/7647","targetHints":{"allow":["GET"]}}],"collection":[{"href":"https:\/\/chateauegitim.com\/en\/wp-json\/wp\/v2\/pages"}],"about":[{"href":"https:\/\/chateauegitim.com\/en\/wp-json\/wp\/v2\/types\/page"}],"author":[{"embeddable":true,"href":"https:\/\/chateauegitim.com\/en\/wp-json\/wp\/v2\/users\/1"}],"replies":[{"embeddable":true,"href":"https:\/\/chateauegitim.com\/en\/wp-json\/wp\/v2\/comments?post=7647"}],"version-history":[{"count":15,"href":"https:\/\/chateauegitim.com\/en\/wp-json\/wp\/v2\/pages\/7647\/revisions"}],"predecessor-version":[{"id":8741,"href":"https:\/\/chateauegitim.com\/en\/wp-json\/wp\/v2\/pages\/7647\/revisions\/8741"}],"wp:featuredmedia":[{"embeddable":true,"href":"https:\/\/chateauegitim.com\/en\/wp-json\/wp\/v2\/media\/8693"}],"wp:attachment":[{"href":"https:\/\/chateauegitim.com\/en\/wp-json\/wp\/v2\/media?parent=7647"}],"curies":[{"name":"wp","href":"https:\/\/api.w.org\/{rel}","templated":true}]}}