{"id":7666,"date":"2020-03-10T17:00:18","date_gmt":"2020-03-10T14:00:18","guid":{"rendered":"http:\/\/chateauegitim.com\/?page_id=7666"},"modified":"2022-07-22T13:19:29","modified_gmt":"2022-07-22T10:19:29","slug":"uzaktan-egitim","status":"publish","type":"page","link":"https:\/\/chateauegitim.com\/en\/uzaktan-egitim\/","title":{"rendered":"Distance Learning"},"content":{"rendered":"<div data-vc-full-width=\"true\" data-vc-full-width-init=\"false\" class=\"vc_row wpb_row vc_row-fluid vc_custom_1585134940762 vc_row-has-fill vc_row-has-padding-top vc_row-has-padding-bottom\"><div class=\"wpb_column vc_column_container vc_col-sm-12\"><div class=\"vc_column-inner vc_custom_1585064815134\"><div class=\"wpb_wrapper\"><header class=\"kd-section-title col-lg-12 text-center\" ><h2 class=\"separator_off\" >Examples from our Ch\u00e2teau Distance Education System<\/h2><\/header><\/div><\/div><\/div><div class=\"wpb_column vc_column_container vc_col-sm-4\"><div class=\"vc_column-inner\"><div class=\"wpb_wrapper\"><div class=\"video-container play-button-center\" ><img loading=\"lazy\" decoding=\"async\" width=\"1488\" height=\"958\" src=\"https:\/\/chateauegitim.com\/wp-content\/uploads\/2020\/03\/Ekran-Resmi-2020-03-24-12.06.46-e1585041206704.png\" class=\"attachment-full\" alt=\"\" srcset=\"https:\/\/chateauegitim.com\/wp-content\/uploads\/2020\/03\/Ekran-Resmi-2020-03-24-12.06.46-e1585041206704.png 1488w, https:\/\/chateauegitim.com\/wp-content\/uploads\/2020\/03\/Ekran-Resmi-2020-03-24-12.06.46-e1585041206704-800x515.png 800w, https:\/\/chateauegitim.com\/wp-content\/uploads\/2020\/03\/Ekran-Resmi-2020-03-24-12.06.46-e1585041206704-300x193.png 300w, https:\/\/chateauegitim.com\/wp-content\/uploads\/2020\/03\/Ekran-Resmi-2020-03-24-12.06.46-e1585041206704-1024x659.png 1024w, https:\/\/chateauegitim.com\/wp-content\/uploads\/2020\/03\/Ekran-Resmi-2020-03-24-12.06.46-e1585041206704-768x494.png 768w\" sizes=\"auto, (max-width: 1488px) 100vw, 1488px\" \/><a data-toggle=\"modal\" data-target=\"#video-modal-kd-video-modal-69edd2d313ab8\" data-src=\"https:\/\/www.youtube.com\/embed\/KnPy9lhyti4\" data-backdrop=\"true\" class=\"play-btn-primary-color\"><span class=\"play-video\"><span class=\"fas fa-play\"><\/span><\/span><\/a><\/div><div class=\"modal fade video-modal\" id=\"video-modal-kd-video-modal-69edd2d313ab8\" role=\"dialog\">\n                            <div class=\"modal-content\">\n                            <button type=\"button\" class=\"close\" data-dismiss=\"modal\">\u00d7<\/button>\n                            <div class=\"row\"><iframe width=\"1024\" height=\"576\" webkitallowfullscreen mozallowfullscreen allowfullscreen><\/iframe><\/div>\n                            <\/div>\n                        <\/div><div class=\"vc_empty_space\"   style=\"height: 32px\"><span class=\"vc_empty_space_inner\"><\/span><\/div><\/div><\/div><\/div><div class=\"wpb_column vc_column_container vc_col-sm-4\"><div class=\"vc_column-inner\"><div class=\"wpb_wrapper\"><div class=\"video-container play-button-center\" ><img loading=\"lazy\" decoding=\"async\" width=\"1126\" height=\"722\" src=\"https:\/\/chateauegitim.com\/wp-content\/uploads\/2020\/03\/Ekran-Resmi-2020-03-24-12.07.12-e1585041178936.png\" class=\"attachment-full\" alt=\"\" srcset=\"https:\/\/chateauegitim.com\/wp-content\/uploads\/2020\/03\/Ekran-Resmi-2020-03-24-12.07.12-e1585041178936.png 1126w, https:\/\/chateauegitim.com\/wp-content\/uploads\/2020\/03\/Ekran-Resmi-2020-03-24-12.07.12-e1585041178936-800x513.png 800w, https:\/\/chateauegitim.com\/wp-content\/uploads\/2020\/03\/Ekran-Resmi-2020-03-24-12.07.12-e1585041178936-300x192.png 300w, https:\/\/chateauegitim.com\/wp-content\/uploads\/2020\/03\/Ekran-Resmi-2020-03-24-12.07.12-e1585041178936-1024x657.png 1024w, https:\/\/chateauegitim.com\/wp-content\/uploads\/2020\/03\/Ekran-Resmi-2020-03-24-12.07.12-e1585041178936-768x492.png 768w\" sizes=\"auto, (max-width: 1126px) 100vw, 1126px\" \/><a data-toggle=\"modal\" data-target=\"#video-modal-kd-video-modal-69edd2d313dc4\" data-src=\"https:\/\/www.youtube.com\/embed\/D2VjqP5vGrw\" data-backdrop=\"true\" class=\"play-btn-primary-color\"><span class=\"play-video\"><span class=\"fas fa-play\"><\/span><\/span><\/a><\/div><div class=\"modal fade video-modal\" id=\"video-modal-kd-video-modal-69edd2d313dc4\" role=\"dialog\">\n                            <div class=\"modal-content\">\n                            <button type=\"button\" class=\"close\" data-dismiss=\"modal\">\u00d7<\/button>\n                            <div class=\"row\"><iframe width=\"1024\" height=\"576\" webkitallowfullscreen mozallowfullscreen allowfullscreen><\/iframe><\/div>\n                            <\/div>\n                        <\/div><div class=\"vc_empty_space\"   style=\"height: 32px\"><span class=\"vc_empty_space_inner\"><\/span><\/div><\/div><\/div><\/div><div class=\"wpb_column vc_column_container vc_col-sm-4\"><div class=\"vc_column-inner\"><div class=\"wpb_wrapper\"><div class=\"video-container play-button-center\" ><img loading=\"lazy\" decoding=\"async\" width=\"1695\" height=\"1096\" src=\"https:\/\/chateauegitim.com\/wp-content\/uploads\/2020\/03\/Ekran-Resmi-2020-03-24-12.09.05-e1585041253369.png\" class=\"attachment-full\" alt=\"\" srcset=\"https:\/\/chateauegitim.com\/wp-content\/uploads\/2020\/03\/Ekran-Resmi-2020-03-24-12.09.05-e1585041253369.png 1695w, https:\/\/chateauegitim.com\/wp-content\/uploads\/2020\/03\/Ekran-Resmi-2020-03-24-12.09.05-e1585041253369-800x517.png 800w, https:\/\/chateauegitim.com\/wp-content\/uploads\/2020\/03\/Ekran-Resmi-2020-03-24-12.09.05-e1585041253369-300x194.png 300w, https:\/\/chateauegitim.com\/wp-content\/uploads\/2020\/03\/Ekran-Resmi-2020-03-24-12.09.05-e1585041253369-1024x662.png 1024w, https:\/\/chateauegitim.com\/wp-content\/uploads\/2020\/03\/Ekran-Resmi-2020-03-24-12.09.05-e1585041253369-768x497.png 768w, https:\/\/chateauegitim.com\/wp-content\/uploads\/2020\/03\/Ekran-Resmi-2020-03-24-12.09.05-e1585041253369-1536x993.png 1536w\" sizes=\"auto, (max-width: 1695px) 100vw, 1695px\" \/><a data-toggle=\"modal\" data-target=\"#video-modal-kd-video-modal-69edd2d314057\" data-src=\"https:\/\/www.youtube.com\/embed\/JfmH69oKQu4\" data-backdrop=\"true\" class=\"play-btn-primary-color\"><span class=\"play-video\"><span class=\"fas fa-play\"><\/span><\/span><\/a><\/div><div class=\"modal fade video-modal\" id=\"video-modal-kd-video-modal-69edd2d314057\" role=\"dialog\">\n                            <div class=\"modal-content\">\n                            <button type=\"button\" class=\"close\" data-dismiss=\"modal\">\u00d7<\/button>\n                            <div class=\"row\"><iframe width=\"1024\" height=\"576\" webkitallowfullscreen mozallowfullscreen allowfullscreen><\/iframe><\/div>\n                            <\/div>\n                        <\/div><div class=\"vc_empty_space\"   style=\"height: 32px\"><span class=\"vc_empty_space_inner\"><\/span><\/div><\/div><\/div><\/div><\/div><div class=\"vc_row-full-width vc_clearfix\"><\/div><div class=\"vc_row wpb_row vc_row-fluid vc_custom_1585064794639 vc_row-has-padding-top vc_row-has-padding-bottom\"><div class=\"wpb_column vc_column_container vc_col-sm-12\"><div class=\"vc_column-inner\"><div class=\"wpb_wrapper\"><div class=\"feature-sections-wrapper kd-fsp-69edd2d314300\">\r\n            <section class=\"feature-sections-tabs\">\r\n              <nav class=\"kd-feature-tabs\">\r\n                <ul class=\"nav nav-tabs sticky-tabs container\">\r\n                <\/ul>\r\n              <\/nav>\r\n            <\/section>\r\n            <section id=\"kd-fss-69edd2d314375\" class=\"featured-right\"><li class=\"nav-label\"><a class=\"feature-tabs-scroll\" href=\"#kd-fss-69edd2d314375\"><i class=\"iconsmind-Information fss-nav-icon\" style=\" \"><\/i> General Information<\/a><\/li><div class=\"container\">\r\n                <div class=\"side-content-wrapper kd-animated fadeInLeft\" data-animation-delay=\"200\"><i class=\"section-icon\" style=\" \"><\/i> <h2 class=\"side-content-title\" >General Information<\/h2><div class=\"side-content-text\" ><\/p>\n<p class=\"font_8\">Due to the epidemic that affected the whole world in 2020, the importance of Distance Education Programs was once again revealed.<br \/>\nThanks to our experience in our Distance Education Programs in the past years and as an institution that always follows innovations; We were proud to be the first educational institution in Turkey that digitalized all its courses in a very short period of 48 hours and enabled all its teachers and students to come together with LIVE and INTERACTIVE EDUCATION in classes of maximum 3 people, using #EVDEKAL.<\/p>\n<p>\n<\/div><\/div><div class=\"side-featured-wrapper fss-rectangle kd-animated fadeInRight fss-shadow-image\" data-animation-delay=\"200\">\r\n      <div class=\"featured-image\"><img loading=\"lazy\" decoding=\"async\" width=\"353\" height=\"236\" src=\"https:\/\/chateauegitim.com\/wp-content\/uploads\/2020\/11\/PerspektifMiniBilgisayar-e1606116488764.jpg\" class=\"attachment-full\" alt=\"\" \/><\/div>\r\n    <\/div><\/div>\r\n            <\/section><section id=\"kd-fss-69edd2d3146eb\" class=\"featured-left\"><li class=\"nav-label\"><a class=\"feature-tabs-scroll\" href=\"#kd-fss-69edd2d3146eb\"><i class=\"iconsmind-Cloud-Computer fss-nav-icon\" style=\" \"><\/i> Distance Learning<\/a><\/li><div class=\"container\">\r\n                <div class=\"side-content-wrapper kd-animated fadeInLeft\" data-animation-delay=\"200\"><i class=\"section-icon\" style=\" \"><\/i> <h2 class=\"side-content-title\" >Distance Learning<\/h2><h6 class=\"side-content-subtitle\" >In the summer months of previous years, we hosted many students from outside Istanbul at our institution.<\/h6><div class=\"side-content-text\" ><p>We established our Distance Education System in 2015 for students who do not have the opportunity to come from outside the city to receive Ch\u00e2teau Education Programs.<\/p>\n<p>The purpose of establishing the Ch\u00e2teau Distance Education Platform is; The student can take live, video and audio lessons in a completely virtual environment, without having to come to the institution, through existing computer technologies, and benefit from a contemporary and innovative education system where education and training are rapidly carried out in the computer environment in today&#039;s conditions.<\/p>\n<\/div><\/div><div class=\"side-featured-wrapper fss-rectangle kd-animated fadeInRight fss-shadow-image\" data-animation-delay=\"200\">\r\n      <div class=\"featured-image\"><img loading=\"lazy\" decoding=\"async\" width=\"1920\" height=\"1440\" src=\"https:\/\/chateauegitim.com\/wp-content\/uploads\/2020\/11\/TabletU\u0308st.jpg\" class=\"attachment-full\" alt=\"\" srcset=\"https:\/\/chateauegitim.com\/wp-content\/uploads\/2020\/11\/TabletU\u0308st.jpg 1920w, https:\/\/chateauegitim.com\/wp-content\/uploads\/2020\/11\/TabletU\u0308st-300x225.jpg 300w, https:\/\/chateauegitim.com\/wp-content\/uploads\/2020\/11\/TabletU\u0308st-1024x768.jpg 1024w, https:\/\/chateauegitim.com\/wp-content\/uploads\/2020\/11\/TabletU\u0308st-768x576.jpg 768w, https:\/\/chateauegitim.com\/wp-content\/uploads\/2020\/11\/TabletU\u0308st-1536x1152.jpg 1536w, https:\/\/chateauegitim.com\/wp-content\/uploads\/2020\/11\/TabletU\u0308st-24x18.jpg 24w, https:\/\/chateauegitim.com\/wp-content\/uploads\/2020\/11\/TabletU\u0308st-36x27.jpg 36w, https:\/\/chateauegitim.com\/wp-content\/uploads\/2020\/11\/TabletU\u0308st-48x36.jpg 48w\" sizes=\"auto, (max-width: 1920px) 100vw, 1920px\" \/><\/div>\r\n    <\/div><\/div>\r\n            <\/section><section id=\"kd-fss-69edd2d3149fa\" class=\"featured-right\"><li class=\"nav-label\"><a class=\"feature-tabs-scroll\" href=\"#kd-fss-69edd2d3149fa\"><i class=\"iconsmind-Speach-BubbleComic3 fss-nav-icon\" style=\" \"><\/i> Our Distance Education System<\/a><\/li><div class=\"container\">\r\n                <div class=\"side-content-wrapper kd-animated fadeInLeft\" data-animation-delay=\"200\"><i class=\"section-icon\" style=\" \"><\/i> <h2 class=\"side-content-title\" >Our Distance Education System<\/h2><div class=\"side-content-text\" ><\/p>\n<ul>\n<li>It is live and interactive.<\/li>\n<li>Education is provided in classes of maximum 5 people.<\/li>\n<li>Homework is delivered to the student through applications after the lesson, and homework is monitored and checked by our teachers.<\/li>\n<li>It is student focused.<\/li>\n<li>It offers equal opportunities and allows each student to learn at their own learning pace and experience an interactive and dynamic learning process with faculty members.<\/li>\n<li>Education is supported and measured with our live and interactive E-EXAM system.<\/li>\n<\/ul>\n<p>You can get acquainted with our Ch\u00e2teau Education Distance Education System with our free demo lesson. Please contact us to get detailed information about our system.<\/p>\n<\/div><div class=\"side-content-link sc-primary-btn\"><a href=\"#form\" target=\"_self\" title=\"Contact Form\" class=\"tt_button tt_primary_button btn_primary_color button-action-link\">Contact Form<\/a><\/div><\/div><div class=\"side-featured-wrapper fss-rectangle kd-animated fadeInRight fss-shadow-image\" data-animation-delay=\"200\">\r\n      <div class=\"featured-image\"><img loading=\"lazy\" decoding=\"async\" width=\"1866\" height=\"1920\" src=\"https:\/\/chateauegitim.com\/wp-content\/uploads\/2020\/11\/UzaktanEg\u0306itimSistemimiz.jpg\" class=\"attachment-full\" alt=\"\" srcset=\"https:\/\/chateauegitim.com\/wp-content\/uploads\/2020\/11\/UzaktanEg\u0306itimSistemimiz.jpg 1866w, https:\/\/chateauegitim.com\/wp-content\/uploads\/2020\/11\/UzaktanEg\u0306itimSistemimiz-292x300.jpg 292w, https:\/\/chateauegitim.com\/wp-content\/uploads\/2020\/11\/UzaktanEg\u0306itimSistemimiz-995x1024.jpg 995w, https:\/\/chateauegitim.com\/wp-content\/uploads\/2020\/11\/UzaktanEg\u0306itimSistemimiz-768x790.jpg 768w, https:\/\/chateauegitim.com\/wp-content\/uploads\/2020\/11\/UzaktanEg\u0306itimSistemimiz-1493x1536.jpg 1493w, https:\/\/chateauegitim.com\/wp-content\/uploads\/2020\/11\/UzaktanEg\u0306itimSistemimiz-24x24.jpg 24w, https:\/\/chateauegitim.com\/wp-content\/uploads\/2020\/11\/UzaktanEg\u0306itimSistemimiz-36x36.jpg 36w, https:\/\/chateauegitim.com\/wp-content\/uploads\/2020\/11\/UzaktanEg\u0306itimSistemimiz-48x48.jpg 48w\" sizes=\"auto, (max-width: 1866px) 100vw, 1866px\" \/><\/div>\r\n    <\/div><\/div>\r\n            <\/section>\r\n            <\/div><style type=\"text\/css\"><\/style><\/div><\/div><\/div><\/div><div id=\"form\" data-vc-full-width=\"true\" data-vc-full-width-init=\"false\" data-vc-kd-parallax=\"1.4\" class=\"vc_row wpb_row vc_row-fluid vc_custom_1607100120637 vc_row-has-fill vc_general kd_vc_parallax kd_vc_parallax-content-moving\"><div class=\"parallax-overlay\" data-vc-kd-parallax=\"1.4\"><\/div><div class=\"kd-overlay\"  style=\"background-color:rgba(0,0,0,0.7);\"><\/div><div class=\"wpb_column vc_column_container vc_col-sm-12\"><div class=\"vc_column-inner vc_custom_1516095225433\"><div class=\"wpb_wrapper\"><div class=\"vc_row wpb_row vc_inner vc_row-fluid vc_custom_1555673013129 vc_row-has-padding-top vc_row-has-padding-bottom\"><div class=\"wpb_column vc_column_container vc_col-sm-1\"><div class=\"vc_column-inner vc_custom_1515166784808\"><div class=\"wpb_wrapper\"><\/div><\/div><\/div><div class=\"wpb_column vc_column_container vc_col-sm-4\"><div class=\"vc_column-inner\"><div class=\"wpb_wrapper\"><header class=\"kd-section-title col-lg-12 text-left  kd-animated fadeIn   vc_custom_1583491120092\" data-animation-delay=\"200\"><h2 class=\"separator_off\" style=\"color: #ffffff;\">You are invited to our free introductory lessons!<\/h2><h6 class=\"subtitle\" style=\"color: #eeeeee;\">If you expect your French Language Program to be qualified and concentrated; We offer to hold an introductory lesson with you without charging any fee.<\/h6><\/header><\/div><\/div><\/div><div class=\"wpb_column vc_column_container vc_col-sm-1\"><div class=\"vc_column-inner\"><div class=\"wpb_wrapper\"><\/div><\/div><\/div><div class=\"wpb_column vc_column_container vc_col-sm-5\"><div class=\"vc_column-inner\"><div class=\"wpb_wrapper\"><h4 style=\"color: #ffffff;text-align: left\" class=\"vc_custom_heading wpb_animate_when_almost_visible wpb_fadeIn fadeIn vc_custom_1583491141958\" >We will get back to you as soon as possible.<\/h4><div class=\"kd-contact-form full-width-cf white-input-bg\" ><div role=\"form\" class=\"wpcf7\" id=\"wpcf7-f4439-o1\" lang=\"en-US\" dir=\"ltr\">\n<div class=\"screen-reader-response\"><p role=\"status\" aria-live=\"polite\" aria-atomic=\"true\"><\/p> <ul><\/ul><\/div>\n<form action=\"\/en\/wp-json\/wp\/v2\/pages\/7666#wpcf7-f4439-o1\" method=\"post\" class=\"wpcf7-form init\" novalidate=\"novalidate\" data-status=\"init\" data-trp-original-action=\"\/en\/wp-json\/wp\/v2\/pages\/7666#wpcf7-f4439-o1\">\n<div style=\"display: none;\">\n<input type=\"hidden\" name=\"_wpcf7\" value=\"4439\" \/>\n<input type=\"hidden\" name=\"_wpcf7_version\" value=\"5.3.2\" \/>\n<input type=\"hidden\" name=\"_wpcf7_locale\" value=\"en_US\" \/>\n<input type=\"hidden\" name=\"_wpcf7_unit_tag\" value=\"wpcf7-f4439-o1\" \/>\n<input type=\"hidden\" name=\"_wpcf7_container_post\" value=\"0\" \/>\n<input type=\"hidden\" name=\"_wpcf7_posted_data_hash\" value=\"\" \/>\n<input type=\"hidden\" name=\"_wpcf7_recaptcha_response\" value=\"\" \/>\n<\/div>\n<p><span class=\"wpcf7-form-control-wrap your-name\"><input type=\"text\" name=\"your-name\" value=\"\" size=\"40\" class=\"wpcf7-form-control wpcf7-text wpcf7-validates-as-required\" aria-required=\"true\" aria-invalid=\"false\" placeholder=\"Your name\" \/><\/span><br \/>\n<span class=\"wpcf7-form-control-wrap your-phone\"><input type=\"tel\" name=\"your-phone\" value=\"\" size=\"40\" class=\"wpcf7-form-control wpcf7-text wpcf7-tel wpcf7-validates-as-required wpcf7-validates-as-tel\" aria-required=\"true\" aria-invalid=\"false\" placeholder=\"Telephone\" \/><\/span><br \/>\n<span class=\"wpcf7-form-control-wrap your-email\"><input type=\"email\" name=\"your-email\" value=\"\" size=\"40\" class=\"wpcf7-form-control wpcf7-text wpcf7-email wpcf7-validates-as-required wpcf7-validates-as-email\" aria-required=\"true\" aria-invalid=\"false\" placeholder=\"Email\" \/><\/span><br \/>\n<span class=\"wpcf7-form-control-wrap acceptance-630\"><span class=\"wpcf7-form-control wpcf7-acceptance\"><span class=\"wpcf7-list-item\"><label><input type=\"checkbox\" name=\"acceptance-630\" value=\"1\" aria-invalid=\"false\" \/><span class=\"wpcf7-list-item-label\"><a href=\"https:\/\/chateauegitim.com\/en\/gizlilik-politikasi\/\" target=\"_blank\"> Privacy Policy <\/a> I have read the text and I approve it.<\/span><\/label><\/span><\/span><\/span><br \/>\n<span class=\"wpcf7-form-control-wrap acceptance-123\"><span class=\"wpcf7-form-control wpcf7-acceptance\"><span class=\"wpcf7-list-item\"><label><input type=\"checkbox\" name=\"acceptance-123\" value=\"1\" aria-invalid=\"false\" \/><span class=\"wpcf7-list-item-label\"><a href=\"https:\/\/chateauegitim.com\/en\/acik-riza-onayi\/\" target=\"_blank\"> Explicit Consent Approval<\/a> I have read the form and I accept it.<\/span><\/label><\/span><\/span><\/span><br \/>\n<input type=\"submit\" value=\"Send\" class=\"wpcf7-form-control wpcf7-submit\" \/><\/p>\n<input type='hidden' class='wpcf7-pum' value='{\"closepopup\":false,\"closedelay\":0,\"openpopup\":false,\"openpopup_id\":0}' \/><div class=\"wpcf7-response-output\" aria-hidden=\"true\"><\/div><input type=\"hidden\" name=\"trp-form-language\" value=\"en\"\/><\/form><\/div><\/div><\/div><\/div><\/div><div class=\"wpb_column vc_column_container vc_col-sm-1\"><div class=\"vc_column-inner\"><div class=\"wpb_wrapper\"><\/div><\/div><\/div><\/div><\/div><\/div><\/div><\/div><div class=\"vc_row-full-width vc_clearfix\"><\/div>","protected":false},"excerpt":{"rendered":"Examples from our Ch\u00e2teau Distance Education System \u00d7 \u00d7 \u00d7 General Information General Information [...]","protected":false},"author":1,"featured_media":8689,"parent":0,"menu_order":0,"comment_status":"closed","ping_status":"closed","template":"","meta":{"footnotes":""},"class_list":["post-7666","page","type-page","status-publish","has-post-thumbnail","hentry"],"yoast_head":"<!-- This site is optimized with the Yoast SEO plugin v15.5 - https:\/\/yoast.com\/wordpress\/plugins\/seo\/ -->\n<title>Uzaktan E\u011fitim | Chateau E\u011fitim<\/title>\n<meta name=\"robots\" content=\"index, follow, max-snippet:-1, max-image-preview:large, max-video-preview:-1\" \/>\n<link rel=\"canonical\" href=\"https:\/\/chateauegitim.com\/en\/uzaktan-egitim\/\" \/>\n<meta property=\"og:locale\" content=\"en_US\" \/>\n<meta property=\"og:type\" content=\"article\" \/>\n<meta property=\"og:title\" content=\"Uzaktan E\u011fitim | Chateau E\u011fitim\" \/>\n<meta property=\"og:url\" content=\"https:\/\/chateauegitim.com\/en\/uzaktan-egitim\/\" \/>\n<meta property=\"og:site_name\" content=\"Chateau E\u011fitim\" \/>\n<meta property=\"article:modified_time\" content=\"2022-07-22T10:19:29+00:00\" \/>\n<meta property=\"og:image\" content=\"https:\/\/chateauegitim.com\/wp-content\/uploads\/2020\/11\/PerspektifMiniBilgisayar-1.jpg\" \/>\n\t<meta property=\"og:image:width\" content=\"1920\" \/>\n\t<meta property=\"og:image:height\" content=\"1440\" \/>\n<meta name=\"twitter:card\" content=\"summary_large_image\" \/>\n<meta name=\"twitter:label1\" content=\"Est. reading time\">\n\t<meta name=\"twitter:data1\" content=\"4 minutes\">\n<script type=\"application\/ld+json\" class=\"yoast-schema-graph\">{\"@context\":\"https:\/\/schema.org\",\"@graph\":[{\"@type\":\"WebSite\",\"@id\":\"https:\/\/chateauegitim.com\/en\/#website\",\"url\":\"https:\/\/chateauegitim.com\/en\/\",\"name\":\"Chateau E\\u011fitim\",\"description\":\"\\u0130novatif E\\u011fitim\",\"potentialAction\":[{\"@type\":\"SearchAction\",\"target\":\"https:\/\/chateauegitim.com\/en\/?s={search_term_string}\",\"query-input\":\"required name=search_term_string\"}],\"inLanguage\":\"en-US\"},{\"@type\":\"ImageObject\",\"@id\":\"https:\/\/chateauegitim.com\/en\/uzaktan-egitim\/#primaryimage\",\"inLanguage\":\"en-US\",\"url\":\"https:\/\/chateauegitim.com\/wp-content\/uploads\/2020\/11\/PerspektifMiniBilgisayar-1.jpg\",\"width\":1920,\"height\":1440},{\"@type\":\"WebPage\",\"@id\":\"https:\/\/chateauegitim.com\/en\/uzaktan-egitim\/#webpage\",\"url\":\"https:\/\/chateauegitim.com\/en\/uzaktan-egitim\/\",\"name\":\"Uzaktan E\\u011fitim | Chateau E\\u011fitim\",\"isPartOf\":{\"@id\":\"https:\/\/chateauegitim.com\/en\/#website\"},\"primaryImageOfPage\":{\"@id\":\"https:\/\/chateauegitim.com\/en\/uzaktan-egitim\/#primaryimage\"},\"datePublished\":\"2020-03-10T14:00:18+00:00\",\"dateModified\":\"2022-07-22T10:19:29+00:00\",\"inLanguage\":\"en-US\",\"potentialAction\":[{\"@type\":\"ReadAction\",\"target\":[\"https:\/\/chateauegitim.com\/en\/uzaktan-egitim\/\"]}]}]}<\/script>\n<!-- \/ Yoast SEO plugin. -->","_links":{"self":[{"href":"https:\/\/chateauegitim.com\/en\/wp-json\/wp\/v2\/pages\/7666","targetHints":{"allow":["GET"]}}],"collection":[{"href":"https:\/\/chateauegitim.com\/en\/wp-json\/wp\/v2\/pages"}],"about":[{"href":"https:\/\/chateauegitim.com\/en\/wp-json\/wp\/v2\/types\/page"}],"author":[{"embeddable":true,"href":"https:\/\/chateauegitim.com\/en\/wp-json\/wp\/v2\/users\/1"}],"replies":[{"embeddable":true,"href":"https:\/\/chateauegitim.com\/en\/wp-json\/wp\/v2\/comments?post=7666"}],"version-history":[{"count":29,"href":"https:\/\/chateauegitim.com\/en\/wp-json\/wp\/v2\/pages\/7666\/revisions"}],"predecessor-version":[{"id":9020,"href":"https:\/\/chateauegitim.com\/en\/wp-json\/wp\/v2\/pages\/7666\/revisions\/9020"}],"wp:featuredmedia":[{"embeddable":true,"href":"https:\/\/chateauegitim.com\/en\/wp-json\/wp\/v2\/media\/8689"}],"wp:attachment":[{"href":"https:\/\/chateauegitim.com\/en\/wp-json\/wp\/v2\/media?parent=7666"}],"curies":[{"name":"wp","href":"https:\/\/api.w.org\/{rel}","templated":true}]}}