{"id":8120,"date":"2020-03-23T18:17:45","date_gmt":"2020-03-23T15:17:45","guid":{"rendered":"http:\/\/chateauegitim.com\/?page_id=8120"},"modified":"2020-12-04T19:46:59","modified_gmt":"2020-12-04T16:46:59","slug":"kucuk-prens-ile-fransizca","status":"publish","type":"page","link":"https:\/\/chateauegitim.com\/en\/kucuk-prens-ile-fransizca\/","title":{"rendered":"French with the Little Prince"},"content":{"rendered":"<div class=\"vc_row wpb_row vc_row-fluid vc_custom_1556018461316 vc_row-has-padding-top vc_row-has-padding-bottom\"><div class=\"wpb_column vc_column_container vc_col-sm-12\"><div class=\"vc_column-inner\"><div class=\"wpb_wrapper\"><div class=\"feature-sections-wrapper kd-fsp-69edcfbf0b692\">\r\n            <section class=\"feature-sections-tabs\">\r\n              <nav class=\"kd-feature-tabs\">\r\n                <ul class=\"nav nav-tabs sticky-tabs container\">\r\n                <\/ul>\r\n              <\/nav>\r\n            <\/section>\r\n            <section id=\"kd-fss-69edcfbf0b72e\" class=\"featured-right\"><li class=\"nav-label\"><a class=\"feature-tabs-scroll\" href=\"#kd-fss-69edcfbf0b72e\"><i class=\"iconsmind-Baby fss-nav-icon\" style=\" \"><\/i> French with the Little Prince<\/a><\/li><div class=\"container\">\r\n                <div class=\"side-content-wrapper kd-animated fadeInLeft\" data-animation-delay=\"200\"><i class=\"section-icon\" style=\" \"><\/i> <h2 class=\"side-content-title\" >French with the Little Prince<\/h2><h6 class=\"side-content-subtitle\" >\u201cFrench with the Little Prince\u201d program is the first \u201cLanguage\u201d, \u201cPhilosophy\u201d and \u201cTravel\u201d program in Turkey.<\/h6><div class=\"side-content-text\" ><\/p>\n<p class=\"font_4\"><span class=\"color_2\">Within the scope of the program, which will last a total of 8 weeks in the first or second semester, the book is summarized, analyzed and discussed in French with the students using creative reading and learning techniques.<\/span><\/p>\n<p class=\"font_4\"><span class=\"color_2\">It should not be forgotten that; The Little Prince is not only a children&#039;s book but also a philosophy of life. Author; As Saint Exup\u00e9ry said, \u201cPerfection is achieved not when there is nothing left to add to the writing, but when there is nothing left to take away from the writing.\u201d<\/span><\/p>\n<p class=\"font_4\"><span class=\"color_2\">Preparing children for adulthood; The book &quot;The Little Prince&quot;, which reminds adults how to be a &quot;good&quot; adult, is analyzed throughout the semester. Passing the threshold in the exam held at the end of 8 weeks; \u201cLe Parc du Petit Prince\u201d is visited with the students who have achieved the achievements of the program. (France-Alsace)\u00a0<\/span><\/p>\n<p>\n<\/div><\/div><div class=\"side-featured-wrapper fss-rectangle kd-animated fadeInRight fss-shadow-image\" data-animation-delay=\"200\">\r\n      <div class=\"featured-image\"><img loading=\"lazy\" decoding=\"async\" width=\"1080\" height=\"974\" src=\"https:\/\/chateauegitim.com\/wp-content\/uploads\/2020\/03\/ku\u0308c\u0327u\u0308k-prens-instagram-paylas\u0327\u0131m\u0131-1-1.jpg\" class=\"attachment-full\" alt=\"\" srcset=\"https:\/\/chateauegitim.com\/wp-content\/uploads\/2020\/03\/ku\u0308c\u0327u\u0308k-prens-instagram-paylas\u0327\u0131m\u0131-1-1.jpg 1080w, https:\/\/chateauegitim.com\/wp-content\/uploads\/2020\/03\/ku\u0308c\u0327u\u0308k-prens-instagram-paylas\u0327\u0131m\u0131-1-1-800x721.jpg 800w, https:\/\/chateauegitim.com\/wp-content\/uploads\/2020\/03\/ku\u0308c\u0327u\u0308k-prens-instagram-paylas\u0327\u0131m\u0131-1-1-300x271.jpg 300w, https:\/\/chateauegitim.com\/wp-content\/uploads\/2020\/03\/ku\u0308c\u0327u\u0308k-prens-instagram-paylas\u0327\u0131m\u0131-1-1-1024x923.jpg 1024w, https:\/\/chateauegitim.com\/wp-content\/uploads\/2020\/03\/ku\u0308c\u0327u\u0308k-prens-instagram-paylas\u0327\u0131m\u0131-1-1-768x693.jpg 768w, https:\/\/chateauegitim.com\/wp-content\/uploads\/2020\/03\/ku\u0308c\u0327u\u0308k-prens-instagram-paylas\u0327\u0131m\u0131-1-1-24x22.jpg 24w, https:\/\/chateauegitim.com\/wp-content\/uploads\/2020\/03\/ku\u0308c\u0327u\u0308k-prens-instagram-paylas\u0327\u0131m\u0131-1-1-36x32.jpg 36w, https:\/\/chateauegitim.com\/wp-content\/uploads\/2020\/03\/ku\u0308c\u0327u\u0308k-prens-instagram-paylas\u0327\u0131m\u0131-1-1-48x43.jpg 48w\" sizes=\"auto, (max-width: 1080px) 100vw, 1080px\" \/><\/div>\r\n    <\/div><\/div>\r\n            <\/section><section id=\"kd-fss-69edcfbf0bbfb\" class=\"featured-left\"><li class=\"nav-label\"><a class=\"feature-tabs-scroll\" href=\"#kd-fss-69edcfbf0bbfb\"><i class=\"iconsmind-Thumbs-UpSmiley fss-nav-icon\" style=\" \"><\/i> Gains of the Program:<\/a><\/li><div class=\"container\">\r\n                <div class=\"side-content-wrapper kd-animated fadeInRight\" data-animation-delay=\"200\"><i class=\"section-icon\" style=\" \"><\/i> <h2 class=\"side-content-title\" >Gains of the Program:<\/h2><div class=\"side-content-text\" ><\/p>\n<ul>\n<li class=\"font_3\"><span class=\"color_2\">Improving the student&#039;s book analysis ability with creative reading techniques<\/span><\/li>\n<li class=\"font_3\"><span class=\"color_2\">To ensure that the student learns summarizing methods<\/span><\/li>\n<li class=\"font_3\">Increasing the student&#039;s vocabulary level (Fr: Vocabulaire) with book reading activity and speaking classes<\/li>\n<li class=\"font_3\">Improving the student&#039;s French speaking practice in conversation\/discussion sessions on the book<\/li>\n<li class=\"font_3\">To make students adopt foreign language development methods through books<\/li>\n<li class=\"font_3\">To ensure that the student learns life lessons that he will remember throughout his life by READING and TRAVELING.<\/li>\n<li class=\"font_3\">Learning not just by reading or just traveling but by READING and TRAVELING; Showing that you are part of INNOVATIVE learning<\/li>\n<li class=\"font_3\">Providing personal development in students with a book that is not only a children&#039;s book but also a &quot;philosophy of life&quot;<\/li>\n<\/ul>\n<p>\n<\/div><\/div><div class=\"side-featured-wrapper fss-rectangle kd-animated fadeInLeft fss-shadow-image\" data-animation-delay=\"200\">\r\n      <div class=\"featured-image\"><img loading=\"lazy\" decoding=\"async\" width=\"1200\" height=\"1599\" src=\"https:\/\/chateauegitim.com\/wp-content\/uploads\/2020\/03\/WhatsApp-Image-2020-03-23-at-19.15.10.jpeg\" class=\"attachment-full\" alt=\"\" srcset=\"https:\/\/chateauegitim.com\/wp-content\/uploads\/2020\/03\/WhatsApp-Image-2020-03-23-at-19.15.10.jpeg 1200w, https:\/\/chateauegitim.com\/wp-content\/uploads\/2020\/03\/WhatsApp-Image-2020-03-23-at-19.15.10-800x1066.jpeg 800w, https:\/\/chateauegitim.com\/wp-content\/uploads\/2020\/03\/WhatsApp-Image-2020-03-23-at-19.15.10-225x300.jpeg 225w, https:\/\/chateauegitim.com\/wp-content\/uploads\/2020\/03\/WhatsApp-Image-2020-03-23-at-19.15.10-768x1023.jpeg 768w, https:\/\/chateauegitim.com\/wp-content\/uploads\/2020\/03\/WhatsApp-Image-2020-03-23-at-19.15.10-1153x1536.jpeg 1153w, https:\/\/chateauegitim.com\/wp-content\/uploads\/2020\/03\/WhatsApp-Image-2020-03-23-at-19.15.10-18x24.jpeg 18w, https:\/\/chateauegitim.com\/wp-content\/uploads\/2020\/03\/WhatsApp-Image-2020-03-23-at-19.15.10-27x36.jpeg 27w, https:\/\/chateauegitim.com\/wp-content\/uploads\/2020\/03\/WhatsApp-Image-2020-03-23-at-19.15.10-36x48.jpeg 36w\" sizes=\"auto, (max-width: 1200px) 100vw, 1200px\" \/><\/div>\r\n    <\/div><\/div>\r\n            <\/section><section id=\"kd-fss-69edcfbf0c040\" class=\"featured-right\"><li class=\"nav-label\"><a class=\"feature-tabs-scroll\" href=\"#kd-fss-69edcfbf0c040\"><i class=\"iconsmind-Boy fss-nav-icon\" style=\" \"><\/i> Who Can Participate?<\/a><\/li><div class=\"container\">\r\n                <div class=\"side-content-wrapper kd-animated fadeInLeft\" data-animation-delay=\"200\"><i class=\"section-icon\" style=\" \"><\/i> <h2 class=\"side-content-title\" >Students who can participate in the program:<\/h2><div class=\"side-content-text\" ><\/p>\n<ul>\n<li class=\"font_4\"><span class=\"color_2\">6th, 7th and 8th grades of French schools<\/span><\/li>\n<li class=\"font_4\"><span class=\"color_2\">Students attending the second semester of the preparatory class of French high schools<\/span><\/li>\n<li class=\"font_4\"><span class=\"color_2\">9th and 10th grade students of French high schools<\/span><\/li>\n<li class=\"font_4\"><span class=\"color_2\">Groups of students aged 12-17 who speak French<\/span><\/li>\n<\/ul>\n<p>\n<\/div><\/div><div class=\"side-featured-wrapper fss-rectangle kd-animated fadeInRight fss-shadow-image\" data-animation-delay=\"200\">\r\n      <div class=\"featured-image\"><img loading=\"lazy\" decoding=\"async\" width=\"1920\" height=\"1400\" src=\"https:\/\/chateauegitim.com\/wp-content\/uploads\/2020\/11\/KucukPrens.jpg\" class=\"attachment-full\" alt=\"\" srcset=\"https:\/\/chateauegitim.com\/wp-content\/uploads\/2020\/11\/KucukPrens.jpg 1920w, https:\/\/chateauegitim.com\/wp-content\/uploads\/2020\/11\/KucukPrens-300x219.jpg 300w, https:\/\/chateauegitim.com\/wp-content\/uploads\/2020\/11\/KucukPrens-1024x747.jpg 1024w, https:\/\/chateauegitim.com\/wp-content\/uploads\/2020\/11\/KucukPrens-768x560.jpg 768w, https:\/\/chateauegitim.com\/wp-content\/uploads\/2020\/11\/KucukPrens-1536x1120.jpg 1536w, https:\/\/chateauegitim.com\/wp-content\/uploads\/2020\/11\/KucukPrens-24x18.jpg 24w, https:\/\/chateauegitim.com\/wp-content\/uploads\/2020\/11\/KucukPrens-36x26.jpg 36w, https:\/\/chateauegitim.com\/wp-content\/uploads\/2020\/11\/KucukPrens-48x35.jpg 48w\" sizes=\"auto, (max-width: 1920px) 100vw, 1920px\" \/><\/div>\r\n    <\/div><\/div>\r\n            <\/section><section id=\"kd-fss-69edcfbf0c438\" class=\"featured-left\"><li class=\"nav-label\"><a class=\"feature-tabs-scroll\" href=\"#kd-fss-69edcfbf0c438\"><i class=\"iconsmind-Approved-Window fss-nav-icon\" style=\" \"><\/i> Program Details:<\/a><\/li><div class=\"container\">\r\n                <div class=\"side-content-wrapper kd-animated fadeInRight\" data-animation-delay=\"200\"><i class=\"section-icon\" style=\" \"><\/i> <h2 class=\"side-content-title\" >Program Details:<\/h2><div class=\"side-content-text\" ><\/p>\n<ul>\n<li class=\"font_4\"><span class=\"color_2\">Education is provided in classes of maximum 8 people.<\/span><\/li>\n<li class=\"font_4\"><span class=\"color_2\">The program lasts 8 weeks. Passing the threshold in the exam administered at the end of 8 weeks; &quot;Le Parc du Petit Prince&quot; in the Alsace region of France is visited with the students who have achieved the achievements of the program.<\/span><\/li>\n<li class=\"font_4\"><span class=\"color_2\">Sessions are held for 1.5 hours in two-week periods.<\/span><\/li>\n<li class=\"font_4\"><span class=\"color_2\">Using creative reading and learning techniques in lessons; Book analysis, summarization methods, vocabulary and speaking exercises are carried out.<\/span><\/li>\n<li class=\"font_4\"><span class=\"color_2\">The student who comes first in the exam at the end of the program wins a free tour program.<\/span><\/li>\n<li class=\"font_4\"><span class=\"color_2\">At the end of the program, every student who passes the threshold is entitled to receive a Little Prince Figurine created with his own picture. (bobble head)<\/span><\/li>\n<\/ul>\n<p>\n<\/div><\/div><div class=\"side-featured-wrapper fss-rectangle kd-animated fadeInLeft fss-shadow-image\" data-animation-delay=\"200\">\r\n      <div class=\"featured-image\"><img loading=\"lazy\" decoding=\"async\" width=\"2341\" height=\"1500\" src=\"https:\/\/chateauegitim.com\/wp-content\/uploads\/2020\/03\/pexels-photo-1337387.jpeg\" class=\"attachment-full\" alt=\"\" srcset=\"https:\/\/chateauegitim.com\/wp-content\/uploads\/2020\/03\/pexels-photo-1337387.jpeg 2341w, https:\/\/chateauegitim.com\/wp-content\/uploads\/2020\/03\/pexels-photo-1337387-800x513.jpeg 800w, https:\/\/chateauegitim.com\/wp-content\/uploads\/2020\/03\/pexels-photo-1337387-300x192.jpeg 300w, https:\/\/chateauegitim.com\/wp-content\/uploads\/2020\/03\/pexels-photo-1337387-1024x656.jpeg 1024w, https:\/\/chateauegitim.com\/wp-content\/uploads\/2020\/03\/pexels-photo-1337387-768x492.jpeg 768w, https:\/\/chateauegitim.com\/wp-content\/uploads\/2020\/03\/pexels-photo-1337387-1536x984.jpeg 1536w, https:\/\/chateauegitim.com\/wp-content\/uploads\/2020\/03\/pexels-photo-1337387-2048x1312.jpeg 2048w, https:\/\/chateauegitim.com\/wp-content\/uploads\/2020\/03\/pexels-photo-1337387-24x15.jpeg 24w, https:\/\/chateauegitim.com\/wp-content\/uploads\/2020\/03\/pexels-photo-1337387-36x23.jpeg 36w, https:\/\/chateauegitim.com\/wp-content\/uploads\/2020\/03\/pexels-photo-1337387-48x31.jpeg 48w\" sizes=\"auto, (max-width: 2341px) 100vw, 2341px\" \/><\/div>\r\n    <\/div><\/div>\r\n            <\/section>\r\n            <\/div><style type=\"text\/css\"><\/style><\/div><\/div><\/div><\/div><div id=\"form\" data-vc-full-width=\"true\" data-vc-full-width-init=\"false\" data-vc-kd-parallax=\"1.4\" class=\"vc_row wpb_row vc_row-fluid vc_custom_1607100203225 vc_row-has-fill vc_general kd_vc_parallax kd_vc_parallax-content-moving\"><div class=\"parallax-overlay\" data-vc-kd-parallax=\"1.4\"><\/div><div class=\"kd-overlay\"  style=\"background-color:rgba(0,0,0,0.7);\"><\/div><div class=\"wpb_column vc_column_container vc_col-sm-12\"><div class=\"vc_column-inner vc_custom_1516095225433\"><div class=\"wpb_wrapper\"><div class=\"vc_row wpb_row vc_inner vc_row-fluid vc_custom_1555673013129 vc_row-has-padding-top vc_row-has-padding-bottom\"><div class=\"wpb_column vc_column_container vc_col-sm-1\"><div class=\"vc_column-inner vc_custom_1515166784808\"><div class=\"wpb_wrapper\"><\/div><\/div><\/div><div class=\"wpb_column vc_column_container vc_col-sm-4\"><div class=\"vc_column-inner\"><div class=\"wpb_wrapper\"><header class=\"kd-section-title col-lg-12 text-left  kd-animated fadeIn   vc_custom_1583491120092\" data-animation-delay=\"200\"><h2 class=\"separator_off\" style=\"color: #ffffff;\">You are invited to our free introductory lessons!<\/h2><h6 class=\"subtitle\" style=\"color: #eeeeee;\">If you expect your French Language Program to be qualified and concentrated; We offer to hold an introductory lesson with you without charging any fee.<\/h6><\/header><\/div><\/div><\/div><div class=\"wpb_column vc_column_container vc_col-sm-1\"><div class=\"vc_column-inner\"><div class=\"wpb_wrapper\"><\/div><\/div><\/div><div class=\"wpb_column vc_column_container vc_col-sm-5\"><div class=\"vc_column-inner\"><div class=\"wpb_wrapper\"><h4 style=\"color: #ffffff;text-align: left\" class=\"vc_custom_heading wpb_animate_when_almost_visible wpb_fadeIn fadeIn vc_custom_1583491141958\" >We will get back to you as soon as possible.<\/h4><div class=\"kd-contact-form full-width-cf white-input-bg\" ><div role=\"form\" class=\"wpcf7\" id=\"wpcf7-f4439-o1\" lang=\"en-US\" dir=\"ltr\">\n<div class=\"screen-reader-response\"><p role=\"status\" aria-live=\"polite\" aria-atomic=\"true\"><\/p> <ul><\/ul><\/div>\n<form action=\"\/en\/wp-json\/wp\/v2\/pages\/8120#wpcf7-f4439-o1\" method=\"post\" class=\"wpcf7-form init\" novalidate=\"novalidate\" data-status=\"init\" data-trp-original-action=\"\/en\/wp-json\/wp\/v2\/pages\/8120#wpcf7-f4439-o1\">\n<div style=\"display: none;\">\n<input type=\"hidden\" name=\"_wpcf7\" value=\"4439\" \/>\n<input type=\"hidden\" name=\"_wpcf7_version\" value=\"5.3.2\" \/>\n<input type=\"hidden\" name=\"_wpcf7_locale\" value=\"en_US\" \/>\n<input type=\"hidden\" name=\"_wpcf7_unit_tag\" value=\"wpcf7-f4439-o1\" \/>\n<input type=\"hidden\" name=\"_wpcf7_container_post\" value=\"0\" \/>\n<input type=\"hidden\" name=\"_wpcf7_posted_data_hash\" value=\"\" \/>\n<input type=\"hidden\" name=\"_wpcf7_recaptcha_response\" value=\"\" \/>\n<\/div>\n<p><span class=\"wpcf7-form-control-wrap your-name\"><input type=\"text\" name=\"your-name\" value=\"\" size=\"40\" class=\"wpcf7-form-control wpcf7-text wpcf7-validates-as-required\" aria-required=\"true\" aria-invalid=\"false\" placeholder=\"Your name\" \/><\/span><br \/>\n<span class=\"wpcf7-form-control-wrap your-phone\"><input type=\"tel\" name=\"your-phone\" value=\"\" size=\"40\" class=\"wpcf7-form-control wpcf7-text wpcf7-tel wpcf7-validates-as-required wpcf7-validates-as-tel\" aria-required=\"true\" aria-invalid=\"false\" placeholder=\"Telephone\" \/><\/span><br \/>\n<span class=\"wpcf7-form-control-wrap your-email\"><input type=\"email\" name=\"your-email\" value=\"\" size=\"40\" class=\"wpcf7-form-control wpcf7-text wpcf7-email wpcf7-validates-as-required wpcf7-validates-as-email\" aria-required=\"true\" aria-invalid=\"false\" placeholder=\"Email\" \/><\/span><br \/>\n<span class=\"wpcf7-form-control-wrap acceptance-630\"><span class=\"wpcf7-form-control wpcf7-acceptance\"><span class=\"wpcf7-list-item\"><label><input type=\"checkbox\" name=\"acceptance-630\" value=\"1\" aria-invalid=\"false\" \/><span class=\"wpcf7-list-item-label\"><a href=\"https:\/\/chateauegitim.com\/en\/gizlilik-politikasi\/\" target=\"_blank\"> Privacy Policy <\/a> I have read the text and I approve it.<\/span><\/label><\/span><\/span><\/span><br \/>\n<span class=\"wpcf7-form-control-wrap acceptance-123\"><span class=\"wpcf7-form-control wpcf7-acceptance\"><span class=\"wpcf7-list-item\"><label><input type=\"checkbox\" name=\"acceptance-123\" value=\"1\" aria-invalid=\"false\" \/><span class=\"wpcf7-list-item-label\"><a href=\"https:\/\/chateauegitim.com\/en\/acik-riza-onayi\/\" target=\"_blank\"> Explicit Consent Approval<\/a> I have read the form and I accept it.<\/span><\/label><\/span><\/span><\/span><br \/>\n<input type=\"submit\" value=\"Send\" class=\"wpcf7-form-control wpcf7-submit\" \/><\/p>\n<input type='hidden' class='wpcf7-pum' value='{\"closepopup\":false,\"closedelay\":0,\"openpopup\":false,\"openpopup_id\":0}' \/><div class=\"wpcf7-response-output\" aria-hidden=\"true\"><\/div><input type=\"hidden\" name=\"trp-form-language\" value=\"en\"\/><\/form><\/div><\/div><\/div><\/div><\/div><div class=\"wpb_column vc_column_container vc_col-sm-1\"><div class=\"vc_column-inner\"><div class=\"wpb_wrapper\"><\/div><\/div><\/div><\/div><\/div><\/div><\/div><\/div><div class=\"vc_row-full-width vc_clearfix\"><\/div>","protected":false},"excerpt":{"rendered":"French with the Little Prince French with the Little Prince &quot;French with the Little Prince&quot; program is the first &quot;Language&quot; program in Turkey, [...]","protected":false},"author":1,"featured_media":8723,"parent":0,"menu_order":0,"comment_status":"closed","ping_status":"closed","template":"","meta":{"footnotes":""},"class_list":["post-8120","page","type-page","status-publish","has-post-thumbnail","hentry"],"yoast_head":"<!-- This site is optimized with the Yoast SEO plugin v15.5 - https:\/\/yoast.com\/wordpress\/plugins\/seo\/ -->\n<title>K\u00fc\u00e7\u00fck Prens ile Frans\u0131zca | Chateau E\u011fitim<\/title>\n<meta name=\"robots\" content=\"index, follow, max-snippet:-1, max-image-preview:large, max-video-preview:-1\" \/>\n<link rel=\"canonical\" href=\"https:\/\/chateauegitim.com\/en\/kucuk-prens-ile-fransizca\/\" \/>\n<meta property=\"og:locale\" content=\"en_US\" \/>\n<meta property=\"og:type\" content=\"article\" \/>\n<meta property=\"og:title\" content=\"K\u00fc\u00e7\u00fck Prens ile Frans\u0131zca | Chateau E\u011fitim\" \/>\n<meta property=\"og:url\" content=\"https:\/\/chateauegitim.com\/en\/kucuk-prens-ile-fransizca\/\" \/>\n<meta property=\"og:site_name\" content=\"Chateau E\u011fitim\" \/>\n<meta property=\"article:modified_time\" content=\"2020-12-04T16:46:59+00:00\" \/>\n<meta property=\"og:image\" content=\"https:\/\/chateauegitim.com\/wp-content\/uploads\/2020\/12\/KidsEkstraFotoAlanlar.jpg\" \/>\n\t<meta property=\"og:image:width\" content=\"1566\" \/>\n\t<meta property=\"og:image:height\" content=\"661\" \/>\n<meta name=\"twitter:card\" content=\"summary_large_image\" \/>\n<meta name=\"twitter:label1\" content=\"Est. reading time\">\n\t<meta name=\"twitter:data1\" content=\"4 minutes\">\n<script type=\"application\/ld+json\" class=\"yoast-schema-graph\">{\"@context\":\"https:\/\/schema.org\",\"@graph\":[{\"@type\":\"WebSite\",\"@id\":\"https:\/\/chateauegitim.com\/en\/#website\",\"url\":\"https:\/\/chateauegitim.com\/en\/\",\"name\":\"Chateau E\\u011fitim\",\"description\":\"\\u0130novatif E\\u011fitim\",\"potentialAction\":[{\"@type\":\"SearchAction\",\"target\":\"https:\/\/chateauegitim.com\/en\/?s={search_term_string}\",\"query-input\":\"required name=search_term_string\"}],\"inLanguage\":\"en-US\"},{\"@type\":\"ImageObject\",\"@id\":\"https:\/\/chateauegitim.com\/en\/kucuk-prens-ile-fransizca\/#primaryimage\",\"inLanguage\":\"en-US\",\"url\":\"https:\/\/chateauegitim.com\/wp-content\/uploads\/2020\/12\/KidsEkstraFotoAlanlar.jpg\",\"width\":1566,\"height\":661},{\"@type\":\"WebPage\",\"@id\":\"https:\/\/chateauegitim.com\/en\/kucuk-prens-ile-fransizca\/#webpage\",\"url\":\"https:\/\/chateauegitim.com\/en\/kucuk-prens-ile-fransizca\/\",\"name\":\"K\\u00fc\\u00e7\\u00fck Prens ile Frans\\u0131zca | Chateau E\\u011fitim\",\"isPartOf\":{\"@id\":\"https:\/\/chateauegitim.com\/en\/#website\"},\"primaryImageOfPage\":{\"@id\":\"https:\/\/chateauegitim.com\/en\/kucuk-prens-ile-fransizca\/#primaryimage\"},\"datePublished\":\"2020-03-23T15:17:45+00:00\",\"dateModified\":\"2020-12-04T16:46:59+00:00\",\"inLanguage\":\"en-US\",\"potentialAction\":[{\"@type\":\"ReadAction\",\"target\":[\"https:\/\/chateauegitim.com\/en\/kucuk-prens-ile-fransizca\/\"]}]}]}<\/script>\n<!-- \/ Yoast SEO plugin. -->","_links":{"self":[{"href":"https:\/\/chateauegitim.com\/en\/wp-json\/wp\/v2\/pages\/8120","targetHints":{"allow":["GET"]}}],"collection":[{"href":"https:\/\/chateauegitim.com\/en\/wp-json\/wp\/v2\/pages"}],"about":[{"href":"https:\/\/chateauegitim.com\/en\/wp-json\/wp\/v2\/types\/page"}],"author":[{"embeddable":true,"href":"https:\/\/chateauegitim.com\/en\/wp-json\/wp\/v2\/users\/1"}],"replies":[{"embeddable":true,"href":"https:\/\/chateauegitim.com\/en\/wp-json\/wp\/v2\/comments?post=8120"}],"version-history":[{"count":13,"href":"https:\/\/chateauegitim.com\/en\/wp-json\/wp\/v2\/pages\/8120\/revisions"}],"predecessor-version":[{"id":8742,"href":"https:\/\/chateauegitim.com\/en\/wp-json\/wp\/v2\/pages\/8120\/revisions\/8742"}],"wp:featuredmedia":[{"embeddable":true,"href":"https:\/\/chateauegitim.com\/en\/wp-json\/wp\/v2\/media\/8723"}],"wp:attachment":[{"href":"https:\/\/chateauegitim.com\/en\/wp-json\/wp\/v2\/media?parent=8120"}],"curies":[{"name":"wp","href":"https:\/\/api.w.org\/{rel}","templated":true}]}}