{"id":8169,"date":"2020-03-24T12:37:00","date_gmt":"2020-03-24T09:37:00","guid":{"rendered":"http:\/\/chateauegitim.com\/?page_id=8169"},"modified":"2021-09-11T14:56:15","modified_gmt":"2021-09-11T11:56:15","slug":"chateau-egitim-veli-ogrenci-kariyer-gelisim-seminerleri","status":"publish","type":"page","link":"https:\/\/chateauegitim.com\/en\/chateau-egitim-veli-ogrenci-kariyer-gelisim-seminerleri\/","title":{"rendered":"Chateau Education Parent\/Student Career &amp; Development Seminars"},"content":{"rendered":"<div class=\"vc_row wpb_row vc_row-fluid vc_custom_1556018461316 vc_row-has-padding-top vc_row-has-padding-bottom\"><div class=\"wpb_column vc_column_container vc_col-sm-12\"><div class=\"vc_column-inner\"><div class=\"wpb_wrapper\"><div class=\"feature-sections-wrapper kd-fsp-69eb9ad51396d\">\r\n            <section class=\"feature-sections-tabs\">\r\n              <nav class=\"kd-feature-tabs\">\r\n                <ul class=\"nav nav-tabs sticky-tabs container\">\r\n                <\/ul>\r\n              <\/nav>\r\n            <\/section>\r\n            <section id=\"kd-fss-69eb9ad5139d9\" class=\"featured-right\"><li class=\"nav-label\"><a class=\"feature-tabs-scroll\" href=\"#kd-fss-69eb9ad5139d9\"><i class=\"iconsmind-Information fss-nav-icon\" style=\" \"><\/i> General Information<\/a><\/li><div class=\"container\">\r\n                <div class=\"side-content-wrapper kd-animated fadeInLeft\" data-animation-delay=\"200\"><i class=\"section-icon\" style=\" \"><\/i> <h2 class=\"side-content-title\" >General Information<\/h2><div class=\"side-content-text\" ><p>Our students have repeatedly expressed their concerns about the future and questions about career choices over the past years.<\/p>\n<p>In order to answer all these concerns and questions, with the participation of speakers who have gone through the same paths as them in the recent or distant past.<br \/>\nWe are organizing Ch\u00e2teau Education - Career &amp; Development Seminars in the 2019\/2020 Education and Training Year.<\/p>\n<p>Our seminars regarding the &quot;Exam Anxiety&quot; experienced by our students in their school lives will be given by expert psychologists.<\/p>\n<\/div><\/div><div class=\"side-featured-wrapper fss-rectangle kd-animated fadeInRight fss-shadow-image\" data-animation-delay=\"200\">\r\n      <div class=\"featured-image\"><a data-size=\"819x1024\" href=\"https:\/\/chateauegitim.com\/wp-content\/uploads\/2020\/03\/WhatsApp-Image-2020-03-09-at-21.47.51-819x1024.jpeg\"><img loading=\"lazy\" decoding=\"async\" width=\"1280\" height=\"1600\" src=\"https:\/\/chateauegitim.com\/wp-content\/uploads\/2020\/03\/WhatsApp-Image-2020-03-09-at-21.47.51.jpeg\" class=\"attachment-full\" alt=\"\" srcset=\"https:\/\/chateauegitim.com\/wp-content\/uploads\/2020\/03\/WhatsApp-Image-2020-03-09-at-21.47.51.jpeg 1280w, https:\/\/chateauegitim.com\/wp-content\/uploads\/2020\/03\/WhatsApp-Image-2020-03-09-at-21.47.51-800x1000.jpeg 800w, https:\/\/chateauegitim.com\/wp-content\/uploads\/2020\/03\/WhatsApp-Image-2020-03-09-at-21.47.51-240x300.jpeg 240w, https:\/\/chateauegitim.com\/wp-content\/uploads\/2020\/03\/WhatsApp-Image-2020-03-09-at-21.47.51-819x1024.jpeg 819w, https:\/\/chateauegitim.com\/wp-content\/uploads\/2020\/03\/WhatsApp-Image-2020-03-09-at-21.47.51-768x960.jpeg 768w, https:\/\/chateauegitim.com\/wp-content\/uploads\/2020\/03\/WhatsApp-Image-2020-03-09-at-21.47.51-1229x1536.jpeg 1229w\" sizes=\"auto, (max-width: 1280px) 100vw, 1280px\" \/><\/a><\/div>\r\n    <\/div><\/div>\r\n            <\/section><section id=\"kd-fss-69eb9ad513f64\" class=\"featured-left\"><li class=\"nav-label\"><a class=\"feature-tabs-scroll\" href=\"#kd-fss-69eb9ad513f64\"><i class=\"iconsmind-Business-ManWoman fss-nav-icon\" style=\" \"><\/i> Career<\/a><\/li><div class=\"container\">\r\n                <div class=\"side-content-wrapper kd-animated fadeInRight\" data-animation-delay=\"200\"><i class=\"section-icon\" style=\" \"><\/i> <h2 class=\"side-content-title\" >Career<\/h2><div class=\"side-content-text\" ><p>In the vocational seminars we organize to support career planning, the experiences of brothers\/sisters studying at different universities in relevant departments and the experiences of experts graduated from relevant departments will be shared.<\/p>\n<p>As the Ch\u00e2teau Family, our wish is to be able to touch more the lives of our students, whom we see as our brothers, and to support them in the selection process imposed on them at an early age.<\/p>\n<\/div><\/div><div class=\"side-featured-wrapper fss-rectangle kd-animated fadeInLeft fss-shadow-image\" data-animation-delay=\"200\">\r\n      <div class=\"featured-image\"><a data-size=\"1024x683\" href=\"https:\/\/chateauegitim.com\/wp-content\/uploads\/2021\/09\/Ekran-Resmi-2021-09-11-14.48.09-1024x683.png\"><img loading=\"lazy\" decoding=\"async\" width=\"2172\" height=\"1449\" src=\"https:\/\/chateauegitim.com\/wp-content\/uploads\/2021\/09\/Ekran-Resmi-2021-09-11-14.48.09.png\" class=\"attachment-full\" alt=\"\" srcset=\"https:\/\/chateauegitim.com\/wp-content\/uploads\/2021\/09\/Ekran-Resmi-2021-09-11-14.48.09.png 2172w, https:\/\/chateauegitim.com\/wp-content\/uploads\/2021\/09\/Ekran-Resmi-2021-09-11-14.48.09-300x200.png 300w, https:\/\/chateauegitim.com\/wp-content\/uploads\/2021\/09\/Ekran-Resmi-2021-09-11-14.48.09-1024x683.png 1024w, https:\/\/chateauegitim.com\/wp-content\/uploads\/2021\/09\/Ekran-Resmi-2021-09-11-14.48.09-768x512.png 768w, https:\/\/chateauegitim.com\/wp-content\/uploads\/2021\/09\/Ekran-Resmi-2021-09-11-14.48.09-1536x1025.png 1536w, https:\/\/chateauegitim.com\/wp-content\/uploads\/2021\/09\/Ekran-Resmi-2021-09-11-14.48.09-2048x1366.png 2048w, https:\/\/chateauegitim.com\/wp-content\/uploads\/2021\/09\/Ekran-Resmi-2021-09-11-14.48.09-16x12.png 16w, https:\/\/chateauegitim.com\/wp-content\/uploads\/2021\/09\/Ekran-Resmi-2021-09-11-14.48.09-24x16.png 24w, https:\/\/chateauegitim.com\/wp-content\/uploads\/2021\/09\/Ekran-Resmi-2021-09-11-14.48.09-36x24.png 36w, https:\/\/chateauegitim.com\/wp-content\/uploads\/2021\/09\/Ekran-Resmi-2021-09-11-14.48.09-48x32.png 48w\" sizes=\"auto, (max-width: 2172px) 100vw, 2172px\" \/><\/a><\/div>\r\n    <\/div><\/div>\r\n            <\/section>\r\n            <\/div><style type=\"text\/css\"><\/style><\/div><\/div><\/div><\/div><div data-vc-full-width=\"true\" data-vc-full-width-init=\"false\" data-vc-kd-parallax=\"1.4\" class=\"vc_row wpb_row vc_row-fluid vc_custom_1555673004579 vc_row-has-fill vc_general kd_vc_parallax kd_vc_parallax-content-moving\"><div class=\"parallax-overlay\" data-vc-kd-parallax=\"1.4\"><\/div><div class=\"kd-overlay\"  style=\"background-color:rgba(0,0,0,0.7);\"><\/div><div class=\"wpb_column vc_column_container vc_col-sm-12\"><div class=\"vc_column-inner vc_custom_1516095225433\"><div class=\"wpb_wrapper\"><div class=\"vc_row wpb_row vc_inner vc_row-fluid vc_custom_1555673013129 vc_row-has-padding-top vc_row-has-padding-bottom\"><div class=\"wpb_column vc_column_container vc_col-sm-1\"><div class=\"vc_column-inner vc_custom_1515166784808\"><div class=\"wpb_wrapper\"><\/div><\/div><\/div><div class=\"wpb_column vc_column_container vc_col-sm-4\"><div class=\"vc_column-inner\"><div class=\"wpb_wrapper\"><header class=\"kd-section-title col-lg-12 text-left  kd-animated fadeIn   vc_custom_1583491120092\" data-animation-delay=\"200\"><h2 class=\"separator_off\" style=\"color: #ffffff;\">You are invited to our free introductory lessons!<\/h2><h6 class=\"subtitle\" style=\"color: #eeeeee;\">If you expect your French Language Program to be qualified and concentrated; We offer to hold an introductory lesson with you without charging any fee.<\/h6><\/header><\/div><\/div><\/div><div class=\"wpb_column vc_column_container vc_col-sm-1\"><div class=\"vc_column-inner\"><div class=\"wpb_wrapper\"><\/div><\/div><\/div><div class=\"wpb_column vc_column_container vc_col-sm-5\"><div class=\"vc_column-inner\"><div class=\"wpb_wrapper\"><h4 style=\"color: #ffffff;text-align: left\" class=\"vc_custom_heading wpb_animate_when_almost_visible wpb_fadeIn fadeIn vc_custom_1583491141958\" >We will get back to you as soon as possible.<\/h4><div class=\"kd-contact-form full-width-cf white-input-bg\" ><div role=\"form\" class=\"wpcf7\" id=\"wpcf7-f4439-o1\" lang=\"en-US\" dir=\"ltr\">\n<div class=\"screen-reader-response\"><p role=\"status\" aria-live=\"polite\" aria-atomic=\"true\"><\/p> <ul><\/ul><\/div>\n<form action=\"\/en\/wp-json\/wp\/v2\/pages\/8169#wpcf7-f4439-o1\" method=\"post\" class=\"wpcf7-form init\" novalidate=\"novalidate\" data-status=\"init\" data-trp-original-action=\"\/en\/wp-json\/wp\/v2\/pages\/8169#wpcf7-f4439-o1\">\n<div style=\"display: none;\">\n<input type=\"hidden\" name=\"_wpcf7\" value=\"4439\" \/>\n<input type=\"hidden\" name=\"_wpcf7_version\" value=\"5.3.2\" \/>\n<input type=\"hidden\" name=\"_wpcf7_locale\" value=\"en_US\" \/>\n<input type=\"hidden\" name=\"_wpcf7_unit_tag\" value=\"wpcf7-f4439-o1\" \/>\n<input type=\"hidden\" name=\"_wpcf7_container_post\" value=\"0\" \/>\n<input type=\"hidden\" name=\"_wpcf7_posted_data_hash\" value=\"\" \/>\n<input type=\"hidden\" name=\"_wpcf7_recaptcha_response\" value=\"\" \/>\n<\/div>\n<p><span class=\"wpcf7-form-control-wrap your-name\"><input type=\"text\" name=\"your-name\" value=\"\" size=\"40\" class=\"wpcf7-form-control wpcf7-text wpcf7-validates-as-required\" aria-required=\"true\" aria-invalid=\"false\" placeholder=\"Your name\" \/><\/span><br \/>\n<span class=\"wpcf7-form-control-wrap your-phone\"><input type=\"tel\" name=\"your-phone\" value=\"\" size=\"40\" class=\"wpcf7-form-control wpcf7-text wpcf7-tel wpcf7-validates-as-required wpcf7-validates-as-tel\" aria-required=\"true\" aria-invalid=\"false\" placeholder=\"Telephone\" \/><\/span><br \/>\n<span class=\"wpcf7-form-control-wrap your-email\"><input type=\"email\" name=\"your-email\" value=\"\" size=\"40\" class=\"wpcf7-form-control wpcf7-text wpcf7-email wpcf7-validates-as-required wpcf7-validates-as-email\" aria-required=\"true\" aria-invalid=\"false\" placeholder=\"Email\" \/><\/span><br \/>\n<span class=\"wpcf7-form-control-wrap acceptance-630\"><span class=\"wpcf7-form-control wpcf7-acceptance\"><span class=\"wpcf7-list-item\"><label><input type=\"checkbox\" name=\"acceptance-630\" value=\"1\" aria-invalid=\"false\" \/><span class=\"wpcf7-list-item-label\"><a href=\"https:\/\/chateauegitim.com\/en\/gizlilik-politikasi\/\" target=\"_blank\"> Privacy Policy <\/a> I have read the text and I approve it.<\/span><\/label><\/span><\/span><\/span><br \/>\n<span class=\"wpcf7-form-control-wrap acceptance-123\"><span class=\"wpcf7-form-control wpcf7-acceptance\"><span class=\"wpcf7-list-item\"><label><input type=\"checkbox\" name=\"acceptance-123\" value=\"1\" aria-invalid=\"false\" \/><span class=\"wpcf7-list-item-label\"><a href=\"https:\/\/chateauegitim.com\/en\/acik-riza-onayi\/\" target=\"_blank\"> Explicit Consent Approval<\/a> I have read the form and I accept it.<\/span><\/label><\/span><\/span><\/span><br \/>\n<input type=\"submit\" value=\"Send\" class=\"wpcf7-form-control wpcf7-submit\" \/><\/p>\n<input type='hidden' class='wpcf7-pum' value='{\"closepopup\":false,\"closedelay\":0,\"openpopup\":false,\"openpopup_id\":0}' \/><div class=\"wpcf7-response-output\" aria-hidden=\"true\"><\/div><input type=\"hidden\" name=\"trp-form-language\" value=\"en\"\/><\/form><\/div><\/div><\/div><\/div><\/div><div class=\"wpb_column vc_column_container vc_col-sm-1\"><div class=\"vc_column-inner\"><div class=\"wpb_wrapper\"><\/div><\/div><\/div><\/div><\/div><\/div><\/div><\/div><div class=\"vc_row-full-width vc_clearfix\"><\/div>","protected":false},"excerpt":{"rendered":"General Information General Information Over the past years, our students have repeatedly expressed their concerns about the future and their choice of career [...]","protected":false},"author":1,"featured_media":8090,"parent":0,"menu_order":0,"comment_status":"closed","ping_status":"closed","template":"","meta":{"footnotes":""},"class_list":["post-8169","page","type-page","status-publish","has-post-thumbnail","hentry"],"yoast_head":"<!-- This site is optimized with the Yoast SEO plugin v15.5 - https:\/\/yoast.com\/wordpress\/plugins\/seo\/ -->\n<title>Chateau E\u011fitim Veli\/\u00d6\u011frenci Kariyer &amp; Geli\u015fim Seminerleri | Chateau E\u011fitim<\/title>\n<meta name=\"robots\" content=\"index, follow, max-snippet:-1, max-image-preview:large, max-video-preview:-1\" \/>\n<link rel=\"canonical\" href=\"https:\/\/chateauegitim.com\/en\/chateau-egitim-veli-ogrenci-kariyer-gelisim-seminerleri\/\" \/>\n<meta property=\"og:locale\" content=\"en_US\" \/>\n<meta property=\"og:type\" content=\"article\" \/>\n<meta property=\"og:title\" content=\"Chateau E\u011fitim Veli\/\u00d6\u011frenci Kariyer &amp; Geli\u015fim Seminerleri | Chateau E\u011fitim\" \/>\n<meta property=\"og:url\" content=\"https:\/\/chateauegitim.com\/en\/chateau-egitim-veli-ogrenci-kariyer-gelisim-seminerleri\/\" \/>\n<meta property=\"og:site_name\" content=\"Chateau E\u011fitim\" \/>\n<meta property=\"article:modified_time\" content=\"2021-09-11T11:56:15+00:00\" \/>\n<meta property=\"og:image\" content=\"https:\/\/chateauegitim.com\/wp-content\/uploads\/2020\/03\/bireysel-copy.jpg\" \/>\n\t<meta property=\"og:image:width\" content=\"1920\" \/>\n\t<meta property=\"og:image:height\" content=\"500\" \/>\n<meta name=\"twitter:card\" content=\"summary_large_image\" \/>\n<meta name=\"twitter:label1\" content=\"Est. reading time\">\n\t<meta name=\"twitter:data1\" content=\"3 minutes\">\n<script type=\"application\/ld+json\" class=\"yoast-schema-graph\">{\"@context\":\"https:\/\/schema.org\",\"@graph\":[{\"@type\":\"WebSite\",\"@id\":\"https:\/\/chateauegitim.com\/en\/#website\",\"url\":\"https:\/\/chateauegitim.com\/en\/\",\"name\":\"Chateau E\\u011fitim\",\"description\":\"\\u0130novatif E\\u011fitim\",\"potentialAction\":[{\"@type\":\"SearchAction\",\"target\":\"https:\/\/chateauegitim.com\/en\/?s={search_term_string}\",\"query-input\":\"required name=search_term_string\"}],\"inLanguage\":\"en-US\"},{\"@type\":\"ImageObject\",\"@id\":\"https:\/\/chateauegitim.com\/en\/chateau-egitim-veli-ogrenci-kariyer-gelisim-seminerleri\/#primaryimage\",\"inLanguage\":\"en-US\",\"url\":\"https:\/\/chateauegitim.com\/wp-content\/uploads\/2020\/03\/bireysel-copy.jpg\",\"width\":1920,\"height\":500},{\"@type\":\"WebPage\",\"@id\":\"https:\/\/chateauegitim.com\/en\/chateau-egitim-veli-ogrenci-kariyer-gelisim-seminerleri\/#webpage\",\"url\":\"https:\/\/chateauegitim.com\/en\/chateau-egitim-veli-ogrenci-kariyer-gelisim-seminerleri\/\",\"name\":\"Chateau E\\u011fitim Veli\/\\u00d6\\u011frenci Kariyer & Geli\\u015fim Seminerleri | Chateau E\\u011fitim\",\"isPartOf\":{\"@id\":\"https:\/\/chateauegitim.com\/en\/#website\"},\"primaryImageOfPage\":{\"@id\":\"https:\/\/chateauegitim.com\/en\/chateau-egitim-veli-ogrenci-kariyer-gelisim-seminerleri\/#primaryimage\"},\"datePublished\":\"2020-03-24T09:37:00+00:00\",\"dateModified\":\"2021-09-11T11:56:15+00:00\",\"inLanguage\":\"en-US\",\"potentialAction\":[{\"@type\":\"ReadAction\",\"target\":[\"https:\/\/chateauegitim.com\/en\/chateau-egitim-veli-ogrenci-kariyer-gelisim-seminerleri\/\"]}]}]}<\/script>\n<!-- \/ Yoast SEO plugin. -->","_links":{"self":[{"href":"https:\/\/chateauegitim.com\/en\/wp-json\/wp\/v2\/pages\/8169","targetHints":{"allow":["GET"]}}],"collection":[{"href":"https:\/\/chateauegitim.com\/en\/wp-json\/wp\/v2\/pages"}],"about":[{"href":"https:\/\/chateauegitim.com\/en\/wp-json\/wp\/v2\/types\/page"}],"author":[{"embeddable":true,"href":"https:\/\/chateauegitim.com\/en\/wp-json\/wp\/v2\/users\/1"}],"replies":[{"embeddable":true,"href":"https:\/\/chateauegitim.com\/en\/wp-json\/wp\/v2\/comments?post=8169"}],"version-history":[{"count":3,"href":"https:\/\/chateauegitim.com\/en\/wp-json\/wp\/v2\/pages\/8169\/revisions"}],"predecessor-version":[{"id":8948,"href":"https:\/\/chateauegitim.com\/en\/wp-json\/wp\/v2\/pages\/8169\/revisions\/8948"}],"wp:featuredmedia":[{"embeddable":true,"href":"https:\/\/chateauegitim.com\/en\/wp-json\/wp\/v2\/media\/8090"}],"wp:attachment":[{"href":"https:\/\/chateauegitim.com\/en\/wp-json\/wp\/v2\/media?parent=8169"}],"curies":[{"name":"wp","href":"https:\/\/api.w.org\/{rel}","templated":true}]}}