{"id":8424,"date":"2020-05-17T21:20:53","date_gmt":"2020-05-17T18:20:53","guid":{"rendered":"http:\/\/chateauegitim.com\/?page_id=8424"},"modified":"2026-04-28T18:23:10","modified_gmt":"2026-04-28T15:23:10","slug":"2026-yaz-doping-programlari","status":"publish","type":"page","link":"https:\/\/chateauegitim.com\/en\/2026-yaz-doping-programlari\/","title":{"rendered":"2026 Yaz Doping Programlar\u0131"},"content":{"rendered":"<div class=\"vc_row wpb_row vc_row-fluid vc_custom_1556018461316 vc_row-has-padding-top vc_row-has-padding-bottom\"><div class=\"wpb_column vc_column_container vc_col-sm-12\"><div class=\"vc_column-inner\"><div class=\"wpb_wrapper\"><div class=\"feature-sections-wrapper kd-fsp-69f0f9f3de0ae\">\r\n            <section class=\"feature-sections-tabs\">\r\n              <nav class=\"kd-feature-tabs\">\r\n                <ul class=\"nav nav-tabs sticky-tabs container\">\r\n                <\/ul>\r\n              <\/nav>\r\n            <\/section>\r\n            <section id=\"kd-fss-69f0f9f3de107\" class=\"featured-right\"><li class=\"nav-label\"><a class=\"feature-tabs-scroll\" href=\"#kd-fss-69f0f9f3de107\"><i class=\"iconsmind-Information fss-nav-icon\" style=\" \"><\/i> Why?<\/a><\/li><div class=\"container\">\r\n                <div class=\"side-content-wrapper kd-animated fadeInLeft\" data-animation-delay=\"200\"><i class=\"section-icon\" style=\" \"><\/i> <h2 class=\"side-content-title\" >Why?<\/h2><h6 class=\"side-content-subtitle\" >11 senedir ger\u00e7ekle\u015ftirdi\u011fimiz yo\u011fun ilgi ve talep g\u00f6ren 2 HAFTALIK YAZ DOP\u0130NG PROGRAMLARIMIZIN 2026 YAZ D\u00d6NEM\u0130 detaylar\u0131 belli olmu\u015ftur.<\/h6><div class=\"side-content-text\" ><p>1.Yaz Okulu D\u00f6nemi: 29 Haziran \u2013 10 Temmuz<\/p>\n<p>2.Yaz Okulu D\u00f6nemi: 13 Temmuz \u2013 24 Temmuz<\/p>\n<p>3.Yaz Okulu D\u00f6nemi: 27 Temmuz \u2013 7 A\u011fustos<\/p>\n<p>4.\u2060 \u2060Yaz Okulu D\u00f6nemi: 10 A\u011fustos &#8211; 21 A\u011fustos<\/p>\n<p>5.\u2060 \u2060Yaz Okulu D\u00f6nemi: 24 A\u011fustos &#8211; 4 Eyl\u00fcl<\/p>\n<\/div><\/div><div class=\"side-featured-wrapper fss-rectangle kd-animated fadeInRight\" data-animation-delay=\"200\">\r\n      <div class=\"featured-image\"><img loading=\"lazy\" decoding=\"async\" width=\"800\" height=\"450\" src=\"https:\/\/chateauegitim.com\/wp-content\/uploads\/2020\/05\/iStock-520374378.jpg\" class=\"attachment-full\" alt=\"\" srcset=\"https:\/\/chateauegitim.com\/wp-content\/uploads\/2020\/05\/iStock-520374378.jpg 800w, https:\/\/chateauegitim.com\/wp-content\/uploads\/2020\/05\/iStock-520374378-300x169.jpg 300w, https:\/\/chateauegitim.com\/wp-content\/uploads\/2020\/05\/iStock-520374378-768x432.jpg 768w, https:\/\/chateauegitim.com\/wp-content\/uploads\/2020\/05\/iStock-520374378-24x14.jpg 24w, https:\/\/chateauegitim.com\/wp-content\/uploads\/2020\/05\/iStock-520374378-36x20.jpg 36w, https:\/\/chateauegitim.com\/wp-content\/uploads\/2020\/05\/iStock-520374378-48x27.jpg 48w\" sizes=\"auto, (max-width: 800px) 100vw, 800px\" \/><\/div>\r\n    <\/div><\/div>\r\n            <\/section><section id=\"kd-fss-69f0f9f3de422\" class=\"featured-left\"><li class=\"nav-label\"><a class=\"feature-tabs-scroll\" href=\"#kd-fss-69f0f9f3de422\"><i class=\"iconsmind-Check fss-nav-icon\" style=\" \"><\/i> Program Content<\/a><\/li><div class=\"container\">\r\n                <div class=\"side-content-wrapper kd-animated fadeInRight\" data-animation-delay=\"200\"><i class=\"section-icon\" style=\" \"><\/i> <h2 class=\"side-content-title\" >Program Content<\/h2><div class=\"side-content-text\" ><\/p>\n<ul>\n<li><strong>Previous Year Review<\/strong> (French &amp; Numerical Lessons)<\/li>\n<li><strong>Preparation for Next Year<\/strong> (French &amp; Numerical Lessons<\/li>\n<\/ul>\n<p>\n<\/div><\/div><div class=\"side-featured-wrapper fss-rectangle kd-animated fadeInLeft fss-shadow-image\" data-animation-delay=\"200\">\r\n      <div class=\"featured-image\"><img loading=\"lazy\" decoding=\"async\" width=\"800\" height=\"533\" src=\"https:\/\/chateauegitim.com\/wp-content\/uploads\/2020\/05\/people-on-a-video-call-4226261.jpg\" class=\"attachment-full\" alt=\"\" srcset=\"https:\/\/chateauegitim.com\/wp-content\/uploads\/2020\/05\/people-on-a-video-call-4226261.jpg 800w, https:\/\/chateauegitim.com\/wp-content\/uploads\/2020\/05\/people-on-a-video-call-4226261-300x200.jpg 300w, https:\/\/chateauegitim.com\/wp-content\/uploads\/2020\/05\/people-on-a-video-call-4226261-768x512.jpg 768w, https:\/\/chateauegitim.com\/wp-content\/uploads\/2020\/05\/people-on-a-video-call-4226261-24x16.jpg 24w, https:\/\/chateauegitim.com\/wp-content\/uploads\/2020\/05\/people-on-a-video-call-4226261-36x24.jpg 36w, https:\/\/chateauegitim.com\/wp-content\/uploads\/2020\/05\/people-on-a-video-call-4226261-48x32.jpg 48w\" sizes=\"auto, (max-width: 800px) 100vw, 800px\" \/><\/div>\r\n    <\/div><\/div>\r\n            <\/section><section id=\"kd-fss-69f0f9f3de681\" class=\"featured-right\"><li class=\"nav-label\"><a class=\"feature-tabs-scroll\" href=\"#kd-fss-69f0f9f3de681\"><i class=\"iconsmind-Teacher fss-nav-icon\" style=\" \"><\/i> Program Options<\/a><\/li><div class=\"container\">\r\n                <div class=\"side-content-wrapper kd-animated fadeInLeft\" data-animation-delay=\"200\"><i class=\"section-icon\" style=\" \"><\/i> <h2 class=\"side-content-title\" >Program Options<\/h2><h6 class=\"side-content-subtitle\" >Our Summer Doping Programs:<\/h6><div class=\"side-content-text\" ><\/p>\n<ul>\n<li>GS\u00dc Internal Exam Summer Doping Program<\/li>\n<li>French High Schools Summer Doping Program for Transition to Next Year<\/li>\n<li>French Secondary Schools Transition to Next Year Summer Doping Program<\/li>\n<li>Ch\u00e2teauKIDS Summer Doping Programs for Ages 2-5<\/li>\n<li>Ch\u00e2teaukids Summer Doping Program for Ages 6-12<\/li>\n<li>French Conversation Summer Doping Program<\/li>\n<li>DELF\/DALF Summer Doping Program<\/li>\n<\/ul>\n<p>&nbsp;<\/p>\n<p>For other details and questions, see the bottom right of the page. <strong><u>&quot;Online appointment&quot; <\/u><\/strong>You can request a 30-minute online meeting with our Education Consultants or Branch Managers from the section or you can call us on 0850 532 39 81.<\/p>\n<\/div><\/div><div class=\"side-featured-wrapper fss-rectangle kd-animated fadeInRight fss-shadow-image\" data-animation-delay=\"200\">\r\n      <div class=\"featured-image\"><img loading=\"lazy\" decoding=\"async\" width=\"800\" height=\"534\" src=\"https:\/\/chateauegitim.com\/wp-content\/uploads\/2020\/05\/person-writing-on-notebook-4145190.jpg\" class=\"attachment-full\" alt=\"\" srcset=\"https:\/\/chateauegitim.com\/wp-content\/uploads\/2020\/05\/person-writing-on-notebook-4145190.jpg 800w, https:\/\/chateauegitim.com\/wp-content\/uploads\/2020\/05\/person-writing-on-notebook-4145190-300x200.jpg 300w, https:\/\/chateauegitim.com\/wp-content\/uploads\/2020\/05\/person-writing-on-notebook-4145190-768x513.jpg 768w, https:\/\/chateauegitim.com\/wp-content\/uploads\/2020\/05\/person-writing-on-notebook-4145190-24x16.jpg 24w, https:\/\/chateauegitim.com\/wp-content\/uploads\/2020\/05\/person-writing-on-notebook-4145190-36x24.jpg 36w, https:\/\/chateauegitim.com\/wp-content\/uploads\/2020\/05\/person-writing-on-notebook-4145190-48x32.jpg 48w\" sizes=\"auto, (max-width: 800px) 100vw, 800px\" \/><\/div>\r\n    <\/div><\/div>\r\n            <\/section>\r\n            <\/div><style type=\"text\/css\"><\/style><\/div><\/div><\/div><\/div><div id=\"form\" data-vc-full-width=\"true\" data-vc-full-width-init=\"false\" data-vc-kd-parallax=\"1.4\" class=\"vc_row wpb_row vc_row-fluid vc_custom_1583491359453 vc_row-has-fill vc_general kd_vc_parallax kd_vc_parallax-content-moving\"><div class=\"parallax-overlay\" data-vc-kd-parallax=\"1.4\"><\/div><div class=\"kd-overlay\"  style=\"background-color:rgba(0,0,0,0.7);\"><\/div><div class=\"wpb_column vc_column_container vc_col-sm-12\"><div class=\"vc_column-inner vc_custom_1516095225433\"><div class=\"wpb_wrapper\"><div class=\"vc_row wpb_row vc_inner vc_row-fluid vc_custom_1555673013129 vc_row-has-padding-top vc_row-has-padding-bottom\"><div class=\"wpb_column vc_column_container vc_col-sm-1\"><div class=\"vc_column-inner vc_custom_1515166784808\"><div class=\"wpb_wrapper\"><\/div><\/div><\/div><div class=\"wpb_column vc_column_container vc_col-sm-4\"><div class=\"vc_column-inner\"><div class=\"wpb_wrapper\"><header class=\"kd-section-title col-lg-12 text-left  kd-animated fadeIn   vc_custom_1583491120092\" data-animation-delay=\"200\"><h2 class=\"separator_off\" style=\"color: #ffffff;\">You are invited to our free introductory lessons!<\/h2><h6 class=\"subtitle\" style=\"color: #eeeeee;\">If you expect your French Language Program to be qualified and concentrated; We offer to hold an introductory lesson with you without charging any fee.<\/h6><\/header><\/div><\/div><\/div><div class=\"wpb_column vc_column_container vc_col-sm-1\"><div class=\"vc_column-inner\"><div class=\"wpb_wrapper\"><\/div><\/div><\/div><div class=\"wpb_column vc_column_container vc_col-sm-5\"><div class=\"vc_column-inner\"><div class=\"wpb_wrapper\"><h4 style=\"color: #ffffff;text-align: left\" class=\"vc_custom_heading wpb_animate_when_almost_visible wpb_fadeIn fadeIn vc_custom_1583491141958\" >We will get back to you as soon as possible.<\/h4><div class=\"kd-contact-form full-width-cf white-input-bg\" ><div role=\"form\" class=\"wpcf7\" id=\"wpcf7-f4439-o1\" lang=\"en-US\" dir=\"ltr\">\n<div class=\"screen-reader-response\"><p role=\"status\" aria-live=\"polite\" aria-atomic=\"true\"><\/p> <ul><\/ul><\/div>\n<form action=\"\/en\/wp-json\/wp\/v2\/pages\/8424#wpcf7-f4439-o1\" method=\"post\" class=\"wpcf7-form init\" novalidate=\"novalidate\" data-status=\"init\" data-trp-original-action=\"\/en\/wp-json\/wp\/v2\/pages\/8424#wpcf7-f4439-o1\">\n<div style=\"display: none;\">\n<input type=\"hidden\" name=\"_wpcf7\" value=\"4439\" \/>\n<input type=\"hidden\" name=\"_wpcf7_version\" value=\"5.3.2\" \/>\n<input type=\"hidden\" name=\"_wpcf7_locale\" value=\"en_US\" \/>\n<input type=\"hidden\" name=\"_wpcf7_unit_tag\" value=\"wpcf7-f4439-o1\" \/>\n<input type=\"hidden\" name=\"_wpcf7_container_post\" value=\"0\" \/>\n<input type=\"hidden\" name=\"_wpcf7_posted_data_hash\" value=\"\" \/>\n<input type=\"hidden\" name=\"_wpcf7_recaptcha_response\" value=\"\" \/>\n<\/div>\n<p><span class=\"wpcf7-form-control-wrap your-name\"><input type=\"text\" name=\"your-name\" value=\"\" size=\"40\" class=\"wpcf7-form-control wpcf7-text wpcf7-validates-as-required\" aria-required=\"true\" aria-invalid=\"false\" placeholder=\"Your name\" \/><\/span><br \/>\n<span class=\"wpcf7-form-control-wrap your-phone\"><input type=\"tel\" name=\"your-phone\" value=\"\" size=\"40\" class=\"wpcf7-form-control wpcf7-text wpcf7-tel wpcf7-validates-as-required wpcf7-validates-as-tel\" aria-required=\"true\" aria-invalid=\"false\" placeholder=\"Telephone\" \/><\/span><br \/>\n<span class=\"wpcf7-form-control-wrap your-email\"><input type=\"email\" name=\"your-email\" value=\"\" size=\"40\" class=\"wpcf7-form-control wpcf7-text wpcf7-email wpcf7-validates-as-required wpcf7-validates-as-email\" aria-required=\"true\" aria-invalid=\"false\" placeholder=\"Email\" \/><\/span><br \/>\n<span class=\"wpcf7-form-control-wrap acceptance-630\"><span class=\"wpcf7-form-control wpcf7-acceptance\"><span class=\"wpcf7-list-item\"><label><input type=\"checkbox\" name=\"acceptance-630\" value=\"1\" aria-invalid=\"false\" \/><span class=\"wpcf7-list-item-label\"><a href=\"https:\/\/chateauegitim.com\/en\/gizlilik-politikasi\/\" target=\"_blank\"> Privacy Policy <\/a> I have read the text and I approve it.<\/span><\/label><\/span><\/span><\/span><br \/>\n<span class=\"wpcf7-form-control-wrap acceptance-123\"><span class=\"wpcf7-form-control wpcf7-acceptance\"><span class=\"wpcf7-list-item\"><label><input type=\"checkbox\" name=\"acceptance-123\" value=\"1\" aria-invalid=\"false\" \/><span class=\"wpcf7-list-item-label\"><a href=\"https:\/\/chateauegitim.com\/en\/acik-riza-onayi\/\" target=\"_blank\"> Explicit Consent Approval<\/a> I have read the form and I accept it.<\/span><\/label><\/span><\/span><\/span><br \/>\n<input type=\"submit\" value=\"Send\" class=\"wpcf7-form-control wpcf7-submit\" \/><\/p>\n<input type='hidden' class='wpcf7-pum' value='{\"closepopup\":false,\"closedelay\":0,\"openpopup\":false,\"openpopup_id\":0}' \/><div class=\"wpcf7-response-output\" aria-hidden=\"true\"><\/div><input type=\"hidden\" name=\"trp-form-language\" value=\"en\"\/><\/form><\/div><\/div><\/div><\/div><\/div><div class=\"wpb_column vc_column_container vc_col-sm-1\"><div class=\"vc_column-inner\"><div class=\"wpb_wrapper\"><\/div><\/div><\/div><\/div><\/div><\/div><\/div><\/div><div class=\"vc_row-full-width vc_clearfix\"><\/div>","protected":false},"excerpt":{"rendered":"Nedir? Nedir?11 senedir ger\u00e7ekle\u015ftirdi\u011fimiz yo\u011fun ilgi ve talep g\u00f6ren 2 HAFTALIK YAZ DOP\u0130NG PROGRAMLARIMIZIN 2026 [...]","protected":false},"author":1,"featured_media":8436,"parent":0,"menu_order":0,"comment_status":"closed","ping_status":"closed","template":"","meta":{"footnotes":""},"class_list":["post-8424","page","type-page","status-publish","has-post-thumbnail","hentry"],"yoast_head":"<!-- This site is optimized with the Yoast SEO plugin v15.5 - https:\/\/yoast.com\/wordpress\/plugins\/seo\/ -->\n<title>2026 Yaz Doping Programlar\u0131 | Chateau E\u011fitim<\/title>\n<meta name=\"robots\" content=\"index, follow, max-snippet:-1, max-image-preview:large, max-video-preview:-1\" \/>\n<link rel=\"canonical\" href=\"https:\/\/chateauegitim.com\/en\/2026-yaz-doping-programlari\/\" \/>\n<meta property=\"og:locale\" content=\"en_US\" \/>\n<meta property=\"og:type\" content=\"article\" \/>\n<meta property=\"og:title\" content=\"2026 Yaz Doping Programlar\u0131 | Chateau E\u011fitim\" \/>\n<meta property=\"og:url\" content=\"https:\/\/chateauegitim.com\/en\/2026-yaz-doping-programlari\/\" \/>\n<meta property=\"og:site_name\" content=\"Chateau E\u011fitim\" \/>\n<meta property=\"article:modified_time\" content=\"2026-04-28T15:23:10+00:00\" \/>\n<meta property=\"og:image\" content=\"https:\/\/chateauegitim.com\/wp-content\/uploads\/2020\/05\/person-writing-on-notebook-4145190-1.jpg\" \/>\n\t<meta property=\"og:image:width\" content=\"1920\" \/>\n\t<meta property=\"og:image:height\" content=\"500\" \/>\n<meta name=\"twitter:card\" content=\"summary_large_image\" \/>\n<meta name=\"twitter:label1\" content=\"Est. reading time\">\n\t<meta name=\"twitter:data1\" content=\"3 minutes\">\n<script type=\"application\/ld+json\" class=\"yoast-schema-graph\">{\"@context\":\"https:\/\/schema.org\",\"@graph\":[{\"@type\":\"WebSite\",\"@id\":\"https:\/\/chateauegitim.com\/en\/#website\",\"url\":\"https:\/\/chateauegitim.com\/en\/\",\"name\":\"Chateau E\\u011fitim\",\"description\":\"\\u0130novatif E\\u011fitim\",\"potentialAction\":[{\"@type\":\"SearchAction\",\"target\":\"https:\/\/chateauegitim.com\/en\/?s={search_term_string}\",\"query-input\":\"required name=search_term_string\"}],\"inLanguage\":\"en-US\"},{\"@type\":\"ImageObject\",\"@id\":\"https:\/\/chateauegitim.com\/en\/2026-yaz-doping-programlari\/#primaryimage\",\"inLanguage\":\"en-US\",\"url\":\"https:\/\/chateauegitim.com\/wp-content\/uploads\/2020\/05\/person-writing-on-notebook-4145190-1.jpg\",\"width\":1920,\"height\":500},{\"@type\":\"WebPage\",\"@id\":\"https:\/\/chateauegitim.com\/en\/2026-yaz-doping-programlari\/#webpage\",\"url\":\"https:\/\/chateauegitim.com\/en\/2026-yaz-doping-programlari\/\",\"name\":\"2026 Yaz Doping Programlar\\u0131 | Chateau E\\u011fitim\",\"isPartOf\":{\"@id\":\"https:\/\/chateauegitim.com\/en\/#website\"},\"primaryImageOfPage\":{\"@id\":\"https:\/\/chateauegitim.com\/en\/2026-yaz-doping-programlari\/#primaryimage\"},\"datePublished\":\"2020-05-17T18:20:53+00:00\",\"dateModified\":\"2026-04-28T15:23:10+00:00\",\"inLanguage\":\"en-US\",\"potentialAction\":[{\"@type\":\"ReadAction\",\"target\":[\"https:\/\/chateauegitim.com\/en\/2026-yaz-doping-programlari\/\"]}]}]}<\/script>\n<!-- \/ Yoast SEO plugin. -->","_links":{"self":[{"href":"https:\/\/chateauegitim.com\/en\/wp-json\/wp\/v2\/pages\/8424","targetHints":{"allow":["GET"]}}],"collection":[{"href":"https:\/\/chateauegitim.com\/en\/wp-json\/wp\/v2\/pages"}],"about":[{"href":"https:\/\/chateauegitim.com\/en\/wp-json\/wp\/v2\/types\/page"}],"author":[{"embeddable":true,"href":"https:\/\/chateauegitim.com\/en\/wp-json\/wp\/v2\/users\/1"}],"replies":[{"embeddable":true,"href":"https:\/\/chateauegitim.com\/en\/wp-json\/wp\/v2\/comments?post=8424"}],"version-history":[{"count":29,"href":"https:\/\/chateauegitim.com\/en\/wp-json\/wp\/v2\/pages\/8424\/revisions"}],"predecessor-version":[{"id":10054,"href":"https:\/\/chateauegitim.com\/en\/wp-json\/wp\/v2\/pages\/8424\/revisions\/10054"}],"wp:featuredmedia":[{"embeddable":true,"href":"https:\/\/chateauegitim.com\/en\/wp-json\/wp\/v2\/media\/8436"}],"wp:attachment":[{"href":"https:\/\/chateauegitim.com\/en\/wp-json\/wp\/v2\/media?parent=8424"}],"curies":[{"name":"wp","href":"https:\/\/api.w.org\/{rel}","templated":true}]}}