{"id":8545,"date":"2020-09-01T16:23:40","date_gmt":"2020-09-01T13:23:40","guid":{"rendered":"http:\/\/chateauegitim.com\/?page_id=8545"},"modified":"2020-12-04T19:44:03","modified_gmt":"2020-12-04T16:44:03","slug":"fransiz-liselerine-gecis-yeterlilik-sinavi-hazirlik-programi","status":"publish","type":"page","link":"https:\/\/chateauegitim.com\/en\/fransiz-liselerine-gecis-yeterlilik-sinavi-hazirlik-programi\/","title":{"rendered":"Transition to French High Schools \u2013 Proficiency Exam Preparation Program"},"content":{"rendered":"<div class=\"vc_row wpb_row vc_row-fluid vc_custom_1556018461316 vc_row-has-padding-top vc_row-has-padding-bottom\"><div class=\"wpb_column vc_column_container vc_col-sm-12\"><div class=\"vc_column-inner\"><div class=\"wpb_wrapper\"><div class=\"feature-sections-wrapper kd-fsp-69e892dbb613a\">\r\n            <section class=\"feature-sections-tabs\">\r\n              <nav class=\"kd-feature-tabs\">\r\n                <ul class=\"nav nav-tabs sticky-tabs container\">\r\n                <\/ul>\r\n              <\/nav>\r\n            <\/section>\r\n            <section id=\"kd-fss-69e892dbb61b9\" class=\"featured-right\"><li class=\"nav-label\"><a class=\"feature-tabs-scroll\" href=\"#kd-fss-69e892dbb61b9\"><i class=\"iconsmind-Information fss-nav-icon\" style=\" \"><\/i> Why?<\/a><\/li><div class=\"container\">\r\n                <div class=\"side-content-wrapper kd-animated fadeInLeft\" data-animation-delay=\"200\"><i class=\"section-icon\" style=\" \"><\/i> <h2 class=\"side-content-title\" >Why?<\/h2><h6 class=\"side-content-subtitle\" >Galatasaray \u0130lk ve Ortaokul mezunlar\u0131n\u0131n kurdu\u011fu \u0130LK ve TEK kurum olarak Frans\u0131z \u0130lk ve Ortaokullar\u0131 \u00f6\u011frencilerle ayn\u0131 yoldan ge\u00e7memizin verdi\u011fi tecr\u00fcbeyle FRANSIZ L\u0130SELER\u0130NE GE\u00c7\u0130\u015e \u2013 YETERL\u0130L\u0130K SINAVI \/\u0130\u00c7 SINAV haz\u0131rl\u0131k programlar\u0131m\u0131zda %100 ba\u015far\u0131ya sahibiz.<\/h6><div class=\"side-content-text\" ><p>The program we recommend for students in 6th, 7th and 8th grades is as follows.<\/p>\n<ul>\n<li>1 session (2*1.5 hours=3 hours) is taken 2 days a week.<\/li>\n<li>\u00a0Lesson 1:<br \/>\nCompr\u00e9hension Ecrite (Reading Comprehension)<br \/>\nCONVERSATION<br \/>\nVocabulaire study<\/li>\n<li>Lesson 2:<br \/>\nGrammaire<br \/>\nExpression Ecrite (Composition) work<\/li>\n<\/ul>\n<p>Mathematics and Science Vocabulary<\/p>\n<p><em><u>After the introductory lesson, the program may be intensified depending on the student&#039;s level and proximity to the exam date.<\/u><\/em><\/p>\n<\/div><\/div><div class=\"side-featured-wrapper fss-rectangle kd-animated fadeInRight fss-shadow-image\" data-animation-delay=\"200\">\r\n      <div class=\"featured-image\"><img loading=\"lazy\" decoding=\"async\" width=\"1024\" height=\"768\" src=\"https:\/\/chateauegitim.com\/wp-content\/uploads\/2020\/08\/ozel-notre-dame-de-sion-fransiz-lisesi-a71038ffd21b9bb8fa59e38b5e8.jpg\" class=\"attachment-full\" alt=\"Notre-Dame de Sion Frans\u0131z Lisesi 2019 2020 \u00d6\u011fretim D\u00f6nemi Taban Puan\u0131 E\u011fitim S\u00fcresi Kontenjan Say\u0131s\u0131 \u00d6\u011fretim \u00dccreti\" srcset=\"https:\/\/chateauegitim.com\/wp-content\/uploads\/2020\/08\/ozel-notre-dame-de-sion-fransiz-lisesi-a71038ffd21b9bb8fa59e38b5e8.jpg 1024w, https:\/\/chateauegitim.com\/wp-content\/uploads\/2020\/08\/ozel-notre-dame-de-sion-fransiz-lisesi-a71038ffd21b9bb8fa59e38b5e8-300x225.jpg 300w, https:\/\/chateauegitim.com\/wp-content\/uploads\/2020\/08\/ozel-notre-dame-de-sion-fransiz-lisesi-a71038ffd21b9bb8fa59e38b5e8-768x576.jpg 768w, https:\/\/chateauegitim.com\/wp-content\/uploads\/2020\/08\/ozel-notre-dame-de-sion-fransiz-lisesi-a71038ffd21b9bb8fa59e38b5e8-24x18.jpg 24w, https:\/\/chateauegitim.com\/wp-content\/uploads\/2020\/08\/ozel-notre-dame-de-sion-fransiz-lisesi-a71038ffd21b9bb8fa59e38b5e8-36x27.jpg 36w, https:\/\/chateauegitim.com\/wp-content\/uploads\/2020\/08\/ozel-notre-dame-de-sion-fransiz-lisesi-a71038ffd21b9bb8fa59e38b5e8-48x36.jpg 48w, https:\/\/chateauegitim.com\/wp-content\/uploads\/2020\/08\/ozel-notre-dame-de-sion-fransiz-lisesi-a71038ffd21b9bb8fa59e38b5e8-800x600.jpg 800w\" sizes=\"auto, (max-width: 1024px) 100vw, 1024px\" \/><\/div>\r\n    <\/div><\/div>\r\n            <\/section><section id=\"kd-fss-69e892dbb6606\" class=\"featured-left\"><li class=\"nav-label\"><a class=\"feature-tabs-scroll\" href=\"#kd-fss-69e892dbb6606\"><i class=\"iconsmind-Check fss-nav-icon\" style=\" \"><\/i> Detail<\/a><\/li><div class=\"container\">\r\n                <div class=\"side-content-wrapper kd-animated fadeInRight\" data-animation-delay=\"200\"><i class=\"section-icon\" style=\" \"><\/i> <h2 class=\"side-content-title\" >Details About the Exam<\/h2><h6 class=\"side-content-subtitle\" >The French High School Transition \/ Internal Exam Preparation Course that we offer to you as Ch\u00e2teau Education includes the following details:<\/h6><div class=\"side-content-text\" ><\/p>\n<ul>\n<li>Opportunity to receive the best training for the personalized Internal Exam<\/li>\n<li>Boutique training in classes of maximum 3 people<\/li>\n<li>The most comprehensive archive specially prepared for the Proficiency Exam<\/li>\n<\/ul>\n<p><strong>In 2018-2019 <\/strong>Private Notre Dame de Sion French High School and Private Sainte Pulch\u00e9rie French High School made a significant change in their internal regulations, so that students who took the central exam (LGS) and whose first foreign language is French can only <strong>&quot;Proficiency test&quot;<\/strong> within the quota allocated by <strong>so that they can proceed directly to high school<\/strong> decided. These exams;<\/p>\n<p><strong>\u2013 Private Bah\u00e7e\u015fehir Changing Voice of the Generation Secondary School<br \/>\n\u2013 New Generation 2000 Secondary School<br \/>\n\u2013 Little Prince Secondary School<\/strong>Students who have completed the 8th grade can enter.<\/p>\n<p>The quotas announced by the schools for the 2020-2021 Education and Training Period, organized by Sainte Pulch\u00e9rie French High School this year, are as follows:<\/p>\n<ul>\n<li>Notre Dame de Sion French High School <strong>16 people<\/strong><\/li>\n<li>Sainte Pulch\u00e9rie French High School <strong>12 people<\/strong><\/li>\n<li>Saint Beno\u00eet French High School <strong>8 people<\/strong><\/li>\n<\/ul>\n<p>&nbsp;<\/p>\n<p>Total quota: <strong>36 students<\/strong><\/p>\n<p>Students coming from primary schools of French schools, in addition to their LGS success, also have a minimum score in this exam. <strong>Getting 70 out of 100<\/strong> They are obliged.<\/p>\n<\/div><\/div><div class=\"side-featured-wrapper fss-rectangle kd-animated fadeInLeft fss-shadow-image\" data-animation-delay=\"200\">\r\n      <div class=\"featured-image\"><img loading=\"lazy\" decoding=\"async\" width=\"1431\" height=\"1080\" src=\"https:\/\/chateauegitim.com\/wp-content\/uploads\/2020\/09\/saintbenoit-1559120624.jpg\" class=\"attachment-full\" alt=\"\" srcset=\"https:\/\/chateauegitim.com\/wp-content\/uploads\/2020\/09\/saintbenoit-1559120624.jpg 1431w, https:\/\/chateauegitim.com\/wp-content\/uploads\/2020\/09\/saintbenoit-1559120624-300x226.jpg 300w, https:\/\/chateauegitim.com\/wp-content\/uploads\/2020\/09\/saintbenoit-1559120624-1024x773.jpg 1024w, https:\/\/chateauegitim.com\/wp-content\/uploads\/2020\/09\/saintbenoit-1559120624-768x580.jpg 768w, https:\/\/chateauegitim.com\/wp-content\/uploads\/2020\/09\/saintbenoit-1559120624-24x18.jpg 24w, https:\/\/chateauegitim.com\/wp-content\/uploads\/2020\/09\/saintbenoit-1559120624-36x27.jpg 36w, https:\/\/chateauegitim.com\/wp-content\/uploads\/2020\/09\/saintbenoit-1559120624-48x36.jpg 48w\" sizes=\"auto, (max-width: 1431px) 100vw, 1431px\" \/><\/div>\r\n    <\/div><\/div>\r\n            <\/section><section id=\"kd-fss-69e892dbb6a1a\" class=\"featured-right\"><li class=\"nav-label\"><a class=\"feature-tabs-scroll\" href=\"#kd-fss-69e892dbb6a1a\"><i class=\"iconsmind-Testimonal fss-nav-icon\" style=\" \"><\/i> proficiency test<\/a><\/li><div class=\"container\">\r\n                <div class=\"side-content-wrapper kd-animated fadeInRight\" data-animation-delay=\"200\"><i class=\"section-icon\" style=\" \"><\/i> <h2 class=\"side-content-title\" >proficiency test<\/h2><div class=\"side-content-text\" ><p>\u2013 Preparatory Turkish Language and Literature<br \/>\n\u2013 Mathematics and Science vocabulary<br \/>\n\u2013 Foreign Language courses are administered as oral and written exams.<\/p>\n<p>Students who get at least 70 points from the total of oral and written exams are considered successful and are directly enrolled in the 9th grade.<\/p>\n<p>Students who are successful in the Proficiency Exams are ranked according to the following criteria.<br \/>\nStudents;<br \/>\n1- According to the priority of the scores they received in the central exam,<br \/>\n2- According to the score they received in the French Proficiency Exam,<br \/>\n3- According to the score they received in the Preparatory Turkish Language and Literature Proficiency Exam,<br \/>\n4- Sorted by date of birth.<\/p>\n<\/div><\/div><div class=\"side-featured-wrapper fss-rectangle kd-animated fadeInLeft fss-shadow-image\" data-animation-delay=\"200\">\r\n      <div class=\"featured-image\"><img loading=\"lazy\" decoding=\"async\" width=\"1600\" height=\"1067\" src=\"https:\/\/chateauegitim.com\/wp-content\/uploads\/2020\/09\/0.jpeg\" class=\"attachment-full\" alt=\"\" srcset=\"https:\/\/chateauegitim.com\/wp-content\/uploads\/2020\/09\/0.jpeg 1600w, https:\/\/chateauegitim.com\/wp-content\/uploads\/2020\/09\/0-300x200.jpeg 300w, https:\/\/chateauegitim.com\/wp-content\/uploads\/2020\/09\/0-1024x683.jpeg 1024w, https:\/\/chateauegitim.com\/wp-content\/uploads\/2020\/09\/0-768x512.jpeg 768w, https:\/\/chateauegitim.com\/wp-content\/uploads\/2020\/09\/0-1536x1024.jpeg 1536w, https:\/\/chateauegitim.com\/wp-content\/uploads\/2020\/09\/0-24x16.jpeg 24w, https:\/\/chateauegitim.com\/wp-content\/uploads\/2020\/09\/0-36x24.jpeg 36w, https:\/\/chateauegitim.com\/wp-content\/uploads\/2020\/09\/0-48x32.jpeg 48w\" sizes=\"auto, (max-width: 1600px) 100vw, 1600px\" \/><\/div>\r\n    <\/div><\/div>\r\n            <\/section>\r\n            <\/div><style type=\"text\/css\"><\/style><\/div><\/div><\/div><\/div><div id=\"form\" data-vc-full-width=\"true\" data-vc-full-width-init=\"false\" data-vc-kd-parallax=\"1.4\" class=\"vc_row wpb_row vc_row-fluid vc_custom_1607100027128 vc_row-has-fill vc_general kd_vc_parallax kd_vc_parallax-content-moving\"><div class=\"parallax-overlay\" data-vc-kd-parallax=\"1.4\"><\/div><div class=\"kd-overlay\"  style=\"background-color:rgba(0,0,0,0.7);\"><\/div><div class=\"wpb_column vc_column_container vc_col-sm-12\"><div class=\"vc_column-inner vc_custom_1516095225433\"><div class=\"wpb_wrapper\"><div class=\"vc_row wpb_row vc_inner vc_row-fluid vc_custom_1555673013129 vc_row-has-padding-top vc_row-has-padding-bottom\"><div class=\"wpb_column vc_column_container vc_col-sm-1\"><div class=\"vc_column-inner vc_custom_1515166784808\"><div class=\"wpb_wrapper\"><\/div><\/div><\/div><div class=\"wpb_column vc_column_container vc_col-sm-4\"><div class=\"vc_column-inner\"><div class=\"wpb_wrapper\"><header class=\"kd-section-title col-lg-12 text-left  kd-animated fadeIn   vc_custom_1598967119290\" data-animation-delay=\"200\"><h2 class=\"separator_off\" style=\"color: #ffffff;\">You are invited to our free introductory lessons!<\/h2><h6 class=\"subtitle\" style=\"color: #eeeeee;\">If you want to receive qualified and concentrated education; We offer to hold an introductory lesson with you without charging any fee.<\/h6><\/header><\/div><\/div><\/div><div class=\"wpb_column vc_column_container vc_col-sm-1\"><div class=\"vc_column-inner\"><div class=\"wpb_wrapper\"><\/div><\/div><\/div><div class=\"wpb_column vc_column_container vc_col-sm-5\"><div class=\"vc_column-inner\"><div class=\"wpb_wrapper\"><h4 style=\"color: #ffffff;text-align: left\" class=\"vc_custom_heading wpb_animate_when_almost_visible wpb_fadeIn fadeIn vc_custom_1583491141958\" >We will get back to you as soon as possible.<\/h4><div class=\"kd-contact-form full-width-cf white-input-bg\" ><div role=\"form\" class=\"wpcf7\" id=\"wpcf7-f4439-o1\" lang=\"en-US\" dir=\"ltr\">\n<div class=\"screen-reader-response\"><p role=\"status\" aria-live=\"polite\" aria-atomic=\"true\"><\/p> <ul><\/ul><\/div>\n<form action=\"\/en\/wp-json\/wp\/v2\/pages\/8545#wpcf7-f4439-o1\" method=\"post\" class=\"wpcf7-form init\" novalidate=\"novalidate\" data-status=\"init\" data-trp-original-action=\"\/en\/wp-json\/wp\/v2\/pages\/8545#wpcf7-f4439-o1\">\n<div style=\"display: none;\">\n<input type=\"hidden\" name=\"_wpcf7\" value=\"4439\" \/>\n<input type=\"hidden\" name=\"_wpcf7_version\" value=\"5.3.2\" \/>\n<input type=\"hidden\" name=\"_wpcf7_locale\" value=\"en_US\" \/>\n<input type=\"hidden\" name=\"_wpcf7_unit_tag\" value=\"wpcf7-f4439-o1\" \/>\n<input type=\"hidden\" name=\"_wpcf7_container_post\" value=\"0\" \/>\n<input type=\"hidden\" name=\"_wpcf7_posted_data_hash\" value=\"\" \/>\n<input type=\"hidden\" name=\"_wpcf7_recaptcha_response\" value=\"\" \/>\n<\/div>\n<p><span class=\"wpcf7-form-control-wrap your-name\"><input type=\"text\" name=\"your-name\" value=\"\" size=\"40\" class=\"wpcf7-form-control wpcf7-text wpcf7-validates-as-required\" aria-required=\"true\" aria-invalid=\"false\" placeholder=\"Your name\" \/><\/span><br \/>\n<span class=\"wpcf7-form-control-wrap your-phone\"><input type=\"tel\" name=\"your-phone\" value=\"\" size=\"40\" class=\"wpcf7-form-control wpcf7-text wpcf7-tel wpcf7-validates-as-required wpcf7-validates-as-tel\" aria-required=\"true\" aria-invalid=\"false\" placeholder=\"Telephone\" \/><\/span><br \/>\n<span class=\"wpcf7-form-control-wrap your-email\"><input type=\"email\" name=\"your-email\" value=\"\" size=\"40\" class=\"wpcf7-form-control wpcf7-text wpcf7-email wpcf7-validates-as-required wpcf7-validates-as-email\" aria-required=\"true\" aria-invalid=\"false\" placeholder=\"Email\" \/><\/span><br \/>\n<span class=\"wpcf7-form-control-wrap acceptance-630\"><span class=\"wpcf7-form-control wpcf7-acceptance\"><span class=\"wpcf7-list-item\"><label><input type=\"checkbox\" name=\"acceptance-630\" value=\"1\" aria-invalid=\"false\" \/><span class=\"wpcf7-list-item-label\"><a href=\"https:\/\/chateauegitim.com\/en\/gizlilik-politikasi\/\" target=\"_blank\"> Privacy Policy <\/a> I have read the text and I approve it.<\/span><\/label><\/span><\/span><\/span><br \/>\n<span class=\"wpcf7-form-control-wrap acceptance-123\"><span class=\"wpcf7-form-control wpcf7-acceptance\"><span class=\"wpcf7-list-item\"><label><input type=\"checkbox\" name=\"acceptance-123\" value=\"1\" aria-invalid=\"false\" \/><span class=\"wpcf7-list-item-label\"><a href=\"https:\/\/chateauegitim.com\/en\/acik-riza-onayi\/\" target=\"_blank\"> Explicit Consent Approval<\/a> I have read the form and I accept it.<\/span><\/label><\/span><\/span><\/span><br \/>\n<input type=\"submit\" value=\"Send\" class=\"wpcf7-form-control wpcf7-submit\" \/><\/p>\n<input type='hidden' class='wpcf7-pum' value='{\"closepopup\":false,\"closedelay\":0,\"openpopup\":false,\"openpopup_id\":0}' \/><div class=\"wpcf7-response-output\" aria-hidden=\"true\"><\/div><input type=\"hidden\" name=\"trp-form-language\" value=\"en\"\/><\/form><\/div><\/div><\/div><\/div><\/div><div class=\"wpb_column vc_column_container vc_col-sm-1\"><div class=\"vc_column-inner\"><div class=\"wpb_wrapper\"><\/div><\/div><\/div><\/div><\/div><\/div><\/div><\/div><div class=\"vc_row-full-width vc_clearfix\"><\/div>","protected":false},"excerpt":{"rendered":"Why? What is it?As the FIRST and ONLY institution founded by Galatasaray Primary and Secondary School graduates, French Primary and [...]","protected":false},"author":1,"featured_media":8551,"parent":0,"menu_order":0,"comment_status":"closed","ping_status":"closed","template":"","meta":{"footnotes":""},"class_list":["post-8545","page","type-page","status-publish","has-post-thumbnail","hentry"],"yoast_head":"<!-- This site is optimized with the Yoast SEO plugin v15.5 - https:\/\/yoast.com\/wordpress\/plugins\/seo\/ -->\n<title>Frans\u0131z Liselerine Ge\u00e7i\u015f - Yeterlilik S\u0131nav\u0131 Haz\u0131rl\u0131k Program\u0131 | Chateau E\u011fitim<\/title>\n<meta name=\"robots\" content=\"index, follow, max-snippet:-1, max-image-preview:large, max-video-preview:-1\" \/>\n<link rel=\"canonical\" href=\"https:\/\/chateauegitim.com\/en\/fransiz-liselerine-gecis-yeterlilik-sinavi-hazirlik-programi\/\" \/>\n<meta property=\"og:locale\" content=\"en_US\" \/>\n<meta property=\"og:type\" content=\"article\" \/>\n<meta property=\"og:title\" content=\"Frans\u0131z Liselerine Ge\u00e7i\u015f - Yeterlilik S\u0131nav\u0131 Haz\u0131rl\u0131k Program\u0131 | Chateau E\u011fitim\" \/>\n<meta property=\"og:url\" content=\"https:\/\/chateauegitim.com\/en\/fransiz-liselerine-gecis-yeterlilik-sinavi-hazirlik-programi\/\" \/>\n<meta property=\"og:site_name\" content=\"Chateau E\u011fitim\" \/>\n<meta property=\"article:modified_time\" content=\"2020-12-04T16:44:03+00:00\" \/>\n<meta property=\"og:image\" content=\"https:\/\/chateauegitim.com\/wp-content\/uploads\/2020\/09\/Logo-article-histoire-du-lyce\u0301e-2017.jpg\" \/>\n\t<meta property=\"og:image:width\" content=\"1920\" \/>\n\t<meta property=\"og:image:height\" content=\"500\" \/>\n<meta name=\"twitter:card\" content=\"summary_large_image\" \/>\n<meta name=\"twitter:label1\" content=\"Est. reading time\">\n\t<meta name=\"twitter:data1\" content=\"4 minutes\">\n<script type=\"application\/ld+json\" class=\"yoast-schema-graph\">{\"@context\":\"https:\/\/schema.org\",\"@graph\":[{\"@type\":\"WebSite\",\"@id\":\"https:\/\/chateauegitim.com\/en\/#website\",\"url\":\"https:\/\/chateauegitim.com\/en\/\",\"name\":\"Chateau E\\u011fitim\",\"description\":\"\\u0130novatif E\\u011fitim\",\"potentialAction\":[{\"@type\":\"SearchAction\",\"target\":\"https:\/\/chateauegitim.com\/en\/?s={search_term_string}\",\"query-input\":\"required name=search_term_string\"}],\"inLanguage\":\"en-US\"},{\"@type\":\"ImageObject\",\"@id\":\"https:\/\/chateauegitim.com\/en\/fransiz-liselerine-gecis-yeterlilik-sinavi-hazirlik-programi\/#primaryimage\",\"inLanguage\":\"en-US\",\"url\":\"https:\/\/chateauegitim.com\/wp-content\/uploads\/2020\/09\/Logo-article-histoire-du-lyce\\u0301e-2017.jpg\",\"width\":1920,\"height\":500},{\"@type\":\"WebPage\",\"@id\":\"https:\/\/chateauegitim.com\/en\/fransiz-liselerine-gecis-yeterlilik-sinavi-hazirlik-programi\/#webpage\",\"url\":\"https:\/\/chateauegitim.com\/en\/fransiz-liselerine-gecis-yeterlilik-sinavi-hazirlik-programi\/\",\"name\":\"Frans\\u0131z Liselerine Ge\\u00e7i\\u015f - Yeterlilik S\\u0131nav\\u0131 Haz\\u0131rl\\u0131k Program\\u0131 | Chateau E\\u011fitim\",\"isPartOf\":{\"@id\":\"https:\/\/chateauegitim.com\/en\/#website\"},\"primaryImageOfPage\":{\"@id\":\"https:\/\/chateauegitim.com\/en\/fransiz-liselerine-gecis-yeterlilik-sinavi-hazirlik-programi\/#primaryimage\"},\"datePublished\":\"2020-09-01T13:23:40+00:00\",\"dateModified\":\"2020-12-04T16:44:03+00:00\",\"inLanguage\":\"en-US\",\"potentialAction\":[{\"@type\":\"ReadAction\",\"target\":[\"https:\/\/chateauegitim.com\/en\/fransiz-liselerine-gecis-yeterlilik-sinavi-hazirlik-programi\/\"]}]}]}<\/script>\n<!-- \/ Yoast SEO plugin. -->","_links":{"self":[{"href":"https:\/\/chateauegitim.com\/en\/wp-json\/wp\/v2\/pages\/8545","targetHints":{"allow":["GET"]}}],"collection":[{"href":"https:\/\/chateauegitim.com\/en\/wp-json\/wp\/v2\/pages"}],"about":[{"href":"https:\/\/chateauegitim.com\/en\/wp-json\/wp\/v2\/types\/page"}],"author":[{"embeddable":true,"href":"https:\/\/chateauegitim.com\/en\/wp-json\/wp\/v2\/users\/1"}],"replies":[{"embeddable":true,"href":"https:\/\/chateauegitim.com\/en\/wp-json\/wp\/v2\/comments?post=8545"}],"version-history":[{"count":8,"href":"https:\/\/chateauegitim.com\/en\/wp-json\/wp\/v2\/pages\/8545\/revisions"}],"predecessor-version":[{"id":8732,"href":"https:\/\/chateauegitim.com\/en\/wp-json\/wp\/v2\/pages\/8545\/revisions\/8732"}],"wp:featuredmedia":[{"embeddable":true,"href":"https:\/\/chateauegitim.com\/en\/wp-json\/wp\/v2\/media\/8551"}],"wp:attachment":[{"href":"https:\/\/chateauegitim.com\/en\/wp-json\/wp\/v2\/media?parent=8545"}],"curies":[{"name":"wp","href":"https:\/\/api.w.org\/{rel}","templated":true}]}}