{"id":9262,"date":"2023-09-11T11:37:53","date_gmt":"2023-09-11T08:37:53","guid":{"rendered":"https:\/\/chateauegitim.com\/?page_id=9262"},"modified":"2023-09-11T11:37:54","modified_gmt":"2023-09-11T08:37:54","slug":"acik-riza-onayi","status":"publish","type":"page","link":"https:\/\/chateauegitim.com\/en\/acik-riza-onayi\/","title":{"rendered":"EXPRESS CONSENT APPROVAL"},"content":{"rendered":"<p>I have been provided with the necessary information within the scope of the Personal Data Protection Law No. 6698. In this regard, the crime was committed against me and the parent\/first degree relative of \u2026\u2026\u2026\u2026\u2026\u2026\u2026\u2026\u2026\u2026\u2026\u2026\u2026\u2026\u2026.. with TR Identity Number who studied at Ch\u00e2teau Educational Institutions. Our visual and audio personal data belonging to the student named \u2026\u2026\u2026\u2026\u2026\u2026; I approve the activities\/events organized within the scope of education and training processes to be shared with the public and to be shared on the official websites and social media accounts of the central and provincial organizations of the Ministry, including the educational institution where my student is studying, for the purpose of promotion.\u00a0\u00a0\u00a0\u00a0\u00a0\u00a0\u00a0\u00a0\u00a0\u00a0\u00a0\u00a0\u00a0\u00a0\u00a0\u00a0\u00a0\u00a0\u00a0\u00a0\u00a0\u00a0\u00a0\u00a0<\/p>","protected":false},"excerpt":{"rendered":"<p>I have been provided with the necessary information within the scope of the Personal Data Protection Law No. 6698. In this regard, [\u2026]<\/p>","protected":false},"author":1,"featured_media":0,"parent":0,"menu_order":0,"comment_status":"closed","ping_status":"closed","template":"","meta":{"footnotes":""},"class_list":["post-9262","page","type-page","status-publish","hentry"],"yoast_head":"<!-- This site is optimized with the Yoast SEO plugin v15.5 - https:\/\/yoast.com\/wordpress\/plugins\/seo\/ -->\n<title>A\u00c7IK RIZA ONAYI | Chateau E\u011fitim<\/title>\n<meta name=\"robots\" content=\"index, follow, max-snippet:-1, max-image-preview:large, max-video-preview:-1\" \/>\n<link rel=\"canonical\" href=\"https:\/\/chateauegitim.com\/en\/acik-riza-onayi\/\" \/>\n<meta property=\"og:locale\" content=\"en_US\" \/>\n<meta property=\"og:type\" content=\"article\" \/>\n<meta property=\"og:title\" content=\"A\u00c7IK RIZA ONAYI | Chateau E\u011fitim\" \/>\n<meta property=\"og:description\" content=\"6698 say\u0131l\u0131 Ki\u015fisel Verilerin Korunmas\u0131 Kanunu kapsam\u0131nda taraf\u0131ma gerekli bilgilendirme yap\u0131lm\u0131\u015ft\u0131r. Bu do\u011frultuda ,i\u015flendi\u011fi belirtilen [&hellip;]\" \/>\n<meta property=\"og:url\" content=\"https:\/\/chateauegitim.com\/en\/acik-riza-onayi\/\" \/>\n<meta property=\"og:site_name\" content=\"Chateau E\u011fitim\" \/>\n<meta property=\"article:modified_time\" content=\"2023-09-11T08:37:54+00:00\" \/>\n<meta name=\"twitter:card\" content=\"summary_large_image\" \/>\n<meta name=\"twitter:label1\" content=\"Est. reading time\">\n\t<meta name=\"twitter:data1\" content=\"0 minutes\">\n<script type=\"application\/ld+json\" class=\"yoast-schema-graph\">{\"@context\":\"https:\/\/schema.org\",\"@graph\":[{\"@type\":\"WebSite\",\"@id\":\"https:\/\/chateauegitim.com\/en\/#website\",\"url\":\"https:\/\/chateauegitim.com\/en\/\",\"name\":\"Chateau E\\u011fitim\",\"description\":\"\\u0130novatif E\\u011fitim\",\"potentialAction\":[{\"@type\":\"SearchAction\",\"target\":\"https:\/\/chateauegitim.com\/en\/?s={search_term_string}\",\"query-input\":\"required name=search_term_string\"}],\"inLanguage\":\"en-US\"},{\"@type\":\"WebPage\",\"@id\":\"https:\/\/chateauegitim.com\/en\/acik-riza-onayi\/#webpage\",\"url\":\"https:\/\/chateauegitim.com\/en\/acik-riza-onayi\/\",\"name\":\"A\\u00c7IK RIZA ONAYI | Chateau E\\u011fitim\",\"isPartOf\":{\"@id\":\"https:\/\/chateauegitim.com\/en\/#website\"},\"datePublished\":\"2023-09-11T08:37:53+00:00\",\"dateModified\":\"2023-09-11T08:37:54+00:00\",\"inLanguage\":\"en-US\",\"potentialAction\":[{\"@type\":\"ReadAction\",\"target\":[\"https:\/\/chateauegitim.com\/en\/acik-riza-onayi\/\"]}]}]}<\/script>\n<!-- \/ Yoast SEO plugin. -->","_links":{"self":[{"href":"https:\/\/chateauegitim.com\/en\/wp-json\/wp\/v2\/pages\/9262","targetHints":{"allow":["GET"]}}],"collection":[{"href":"https:\/\/chateauegitim.com\/en\/wp-json\/wp\/v2\/pages"}],"about":[{"href":"https:\/\/chateauegitim.com\/en\/wp-json\/wp\/v2\/types\/page"}],"author":[{"embeddable":true,"href":"https:\/\/chateauegitim.com\/en\/wp-json\/wp\/v2\/users\/1"}],"replies":[{"embeddable":true,"href":"https:\/\/chateauegitim.com\/en\/wp-json\/wp\/v2\/comments?post=9262"}],"version-history":[{"count":1,"href":"https:\/\/chateauegitim.com\/en\/wp-json\/wp\/v2\/pages\/9262\/revisions"}],"predecessor-version":[{"id":9264,"href":"https:\/\/chateauegitim.com\/en\/wp-json\/wp\/v2\/pages\/9262\/revisions\/9264"}],"wp:attachment":[{"href":"https:\/\/chateauegitim.com\/en\/wp-json\/wp\/v2\/media?parent=9262"}],"curies":[{"name":"wp","href":"https:\/\/api.w.org\/{rel}","templated":true}]}}