{"id":9354,"date":"2024-03-29T17:33:58","date_gmt":"2024-03-29T14:33:58","guid":{"rendered":"https:\/\/chateauegitim.com\/?page_id=9354"},"modified":"2024-03-29T19:21:55","modified_gmt":"2024-03-29T16:21:55","slug":"chateau-egitim-lisans-programlari","status":"publish","type":"page","link":"https:\/\/chateauegitim.com\/en\/chateau-egitim-lisans-programlari\/","title":{"rendered":"Ch\u00e2teau Education Undergraduate Programs"},"content":{"rendered":"<div class=\"vc_row wpb_row vc_row-fluid vc_custom_1556018461316 vc_row-has-padding-top vc_row-has-padding-bottom\"><div class=\"wpb_column vc_column_container vc_col-sm-12\"><div class=\"vc_column-inner\"><div class=\"wpb_wrapper\"><div class=\"feature-sections-wrapper kd-fsp-69e8ae3e144d7\">\r\n            <section class=\"feature-sections-tabs\">\r\n              <nav class=\"kd-feature-tabs\">\r\n                <ul class=\"nav nav-tabs sticky-tabs container\">\r\n                <\/ul>\r\n              <\/nav>\r\n            <\/section>\r\n            <section id=\"kd-fss-69e8ae3e14553\" class=\"featured-left\"><li class=\"nav-label\"><a class=\"feature-tabs-scroll\" href=\"#kd-fss-69e8ae3e14553\"><i class=\"fas fa-info-circle fss-nav-icon\" style=\" \"><\/i> Undergraduate Programs<\/a><\/li><div class=\"container\">\r\n                <div class=\"side-content-wrapper kd-animated fadeInLeft\" data-animation-delay=\"200\"><i class=\"section-icon\" style=\" \"><\/i> <h2 class=\"side-content-title\" >Undergraduate Programs<\/h2><div class=\"side-content-text\" ><p>As Ch\u00e2teau Education, <strong>With our undergraduate programs specially prepared for students who want to study undergraduate education in France,<\/strong> We aim to help our students achieve their academic and professional goals. This is one of our programs <strong>French Language and Literature, the other one is Economics and Business Administration, the third one is Law.<\/strong> focuses on the fields.<\/p>\n<p>The general purpose of our programs is to <strong>To provide our students with the academic and cultural infrastructure necessary to integrate into the French university education system. <\/strong>In addition, to encourage our students to specialize in their chosen fields, <strong>develop critical thinking skills and gain global perspective<\/strong> is also among the goals of our programs.<\/p>\n<p>In all our undergraduate programs, our students <strong>Meeting individual needs, providing comprehensive academic support and guidance, encouraging interactive learning in small class environments, and contributing to the academic and personal development of our students are among our top priorities. <\/strong>The success of our programs is measured by our students successfully completing their undergraduate education and playing an important role in their future careers.<\/p>\n<\/div><\/div><div class=\"side-featured-wrapper fss-rectangle kd-animated fadeInRight\" data-animation-delay=\"200\">\r\n      <div class=\"featured-image\"><img loading=\"lazy\" decoding=\"async\" width=\"1000\" height=\"665\" src=\"https:\/\/chateauegitim.com\/wp-content\/uploads\/2024\/03\/Adsiz-tasarim-55.jpg\" class=\"attachment-full\" alt=\"\" srcset=\"https:\/\/chateauegitim.com\/wp-content\/uploads\/2024\/03\/Adsiz-tasarim-55.jpg 1000w, https:\/\/chateauegitim.com\/wp-content\/uploads\/2024\/03\/Adsiz-tasarim-55-300x200.jpg 300w, https:\/\/chateauegitim.com\/wp-content\/uploads\/2024\/03\/Adsiz-tasarim-55-768x511.jpg 768w, https:\/\/chateauegitim.com\/wp-content\/uploads\/2024\/03\/Adsiz-tasarim-55-18x12.jpg 18w, https:\/\/chateauegitim.com\/wp-content\/uploads\/2024\/03\/Adsiz-tasarim-55-24x16.jpg 24w, https:\/\/chateauegitim.com\/wp-content\/uploads\/2024\/03\/Adsiz-tasarim-55-36x24.jpg 36w, https:\/\/chateauegitim.com\/wp-content\/uploads\/2024\/03\/Adsiz-tasarim-55-48x32.jpg 48w\" sizes=\"auto, (max-width: 1000px) 100vw, 1000px\" \/><\/div>\r\n    <\/div><\/div>\r\n            <\/section><section id=\"kd-fss-69e8ae3e14932\" class=\"featured-right\"><li class=\"nav-label\"><a class=\"feature-tabs-scroll\" href=\"#kd-fss-69e8ae3e14932\"><i class=\"fas fa-language fss-nav-icon\" style=\" \"><\/i> French Literature<\/a><\/li><div class=\"container\">\r\n                <div class=\"side-content-wrapper kd-animated fadeInLeft\" data-animation-delay=\"200\"><i class=\"section-icon\" style=\" \"><\/i> <h2 class=\"side-content-title\" >French Literature Undergraduate Program<\/h2><div class=\"side-content-text\" ><p><strong>French Literature Undergraduate Program<\/strong>While offering students the opportunity to delve into the depths of French literature, it also aims to gain an in-depth perspective on French culture and language. We aim to help our students achieve success in their future academic and professional careers by enabling them to dive into the fascinating world of French literature and develop their critical analytical skills.<\/p>\n<p>The courses offered in this program are as follows:<\/p>\n<ul>\n<li>Histoire de la Culture Occidentale<\/li>\n<li>Histoire Litt\u00e9raire<\/li>\n<li>Approche des Genres Litt\u00e9raires<\/li>\n<li>Grammaire et Histoire de la Langue<\/li>\n<li>Culture Latin<\/li>\n<\/ul>\n<p>\n<\/div><\/div><div class=\"side-featured-wrapper fss-rectangle kd-animated fadeInRight\" data-animation-delay=\"200\">\r\n      <div class=\"featured-image\"><img loading=\"lazy\" decoding=\"async\" width=\"1000\" height=\"667\" src=\"https:\/\/chateauegitim.com\/wp-content\/uploads\/2023\/03\/french5.jpg\" class=\"attachment-full\" alt=\"\" srcset=\"https:\/\/chateauegitim.com\/wp-content\/uploads\/2023\/03\/french5.jpg 1000w, https:\/\/chateauegitim.com\/wp-content\/uploads\/2023\/03\/french5-300x200.jpg 300w, https:\/\/chateauegitim.com\/wp-content\/uploads\/2023\/03\/french5-768x512.jpg 768w, https:\/\/chateauegitim.com\/wp-content\/uploads\/2023\/03\/french5-16x12.jpg 16w, https:\/\/chateauegitim.com\/wp-content\/uploads\/2023\/03\/french5-24x16.jpg 24w, https:\/\/chateauegitim.com\/wp-content\/uploads\/2023\/03\/french5-36x24.jpg 36w, https:\/\/chateauegitim.com\/wp-content\/uploads\/2023\/03\/french5-48x32.jpg 48w\" sizes=\"auto, (max-width: 1000px) 100vw, 1000px\" \/><\/div>\r\n    <\/div><\/div>\r\n            <\/section><section id=\"kd-fss-69e8ae3e14c18\" class=\"featured-left\"><li class=\"nav-label\"><a class=\"feature-tabs-scroll\" href=\"#kd-fss-69e8ae3e14c18\"><i class=\"far fa-chart-bar fss-nav-icon\" style=\" \"><\/i> Economy and Business<\/a><\/li><div class=\"container\">\r\n                <div class=\"side-content-wrapper kd-animated fadeInRight\" data-animation-delay=\"200\"><i class=\"section-icon\" style=\" \"><\/i> <h2 class=\"side-content-title\" >Economics and Business Administration Undergraduate Program<\/h2><div class=\"side-content-text\" ><p><strong>Economics and Business Administration Undergraduate Program<\/strong> While teaching students the basic principles of the business world, it aims to support their specialization in economic and business fields. This program offers students the opportunity to develop their analytical thinking abilities, understand current trends in the business world, and apply business skills.<\/p>\n<p>The courses offered in this program are as follows:<\/p>\n<ul>\n<li>Th\u00e9ories \u00e9conomiques comparees<\/li>\n<li>Micro\u00e9conomie : Le Producteur et Le Consommateur<\/li>\n<li>Macro\u00e9conomie : Comptabilit\u00e9 Nationale<\/li>\n<li>Economie Internationale<\/li>\n<li>Histoire des Faits Economiques<\/li>\n<\/ul>\n<p>\n<\/div><\/div><div class=\"side-featured-wrapper fss-rectangle kd-animated fadeInLeft fss-shadow-image\" data-animation-delay=\"200\">\r\n      <div class=\"featured-image\"><img loading=\"lazy\" decoding=\"async\" width=\"1920\" height=\"1300\" src=\"https:\/\/chateauegitim.com\/wp-content\/uploads\/2024\/03\/Adsiz-tasarim-54.jpg\" class=\"attachment-full\" alt=\"\" srcset=\"https:\/\/chateauegitim.com\/wp-content\/uploads\/2024\/03\/Adsiz-tasarim-54.jpg 1920w, https:\/\/chateauegitim.com\/wp-content\/uploads\/2024\/03\/Adsiz-tasarim-54-300x203.jpg 300w, https:\/\/chateauegitim.com\/wp-content\/uploads\/2024\/03\/Adsiz-tasarim-54-1024x693.jpg 1024w, https:\/\/chateauegitim.com\/wp-content\/uploads\/2024\/03\/Adsiz-tasarim-54-768x520.jpg 768w, https:\/\/chateauegitim.com\/wp-content\/uploads\/2024\/03\/Adsiz-tasarim-54-1536x1040.jpg 1536w, https:\/\/chateauegitim.com\/wp-content\/uploads\/2024\/03\/Adsiz-tasarim-54-18x12.jpg 18w, https:\/\/chateauegitim.com\/wp-content\/uploads\/2024\/03\/Adsiz-tasarim-54-24x16.jpg 24w, https:\/\/chateauegitim.com\/wp-content\/uploads\/2024\/03\/Adsiz-tasarim-54-36x24.jpg 36w, https:\/\/chateauegitim.com\/wp-content\/uploads\/2024\/03\/Adsiz-tasarim-54-48x33.jpg 48w\" sizes=\"auto, (max-width: 1920px) 100vw, 1920px\" \/><\/div>\r\n    <\/div><\/div>\r\n            <\/section><section id=\"kd-fss-69e8ae3e14f4e\" class=\"featured-right\"><li class=\"nav-label\"><a class=\"feature-tabs-scroll\" href=\"#kd-fss-69e8ae3e14f4e\"><i class=\"fas fa-gavel fss-nav-icon\" style=\" \"><\/i> Law<\/a><\/li><div class=\"container\">\r\n                <div class=\"side-content-wrapper kd-animated fadeInLeft\" data-animation-delay=\"200\"><i class=\"section-icon\" style=\" \"><\/i> <h2 class=\"side-content-title\" >Undergraduate Law Program<\/h2><div class=\"side-content-text\" ><p><strong>Undergraduate Law Program<\/strong> It helps students understand the basic concepts of law, legal systems and the importance of justice, while encouraging them to specialize in various areas of law. This program offers students the opportunity to work in different areas of law while emphasizing the principles of ethics and justice.<\/p>\n<p>The courses offered in this program are as follows:<\/p>\n<ul>\n<li>Grand probl\u00e8mes politiques du monde contemporain<\/li>\n<li>Introduction au droit priv\u00e9<\/li>\n<li>Institutions juridictionnelles<\/li>\n<li>Droid Civil<\/li>\n<li>Droit Constitutionnel<\/li>\n<\/ul>\n<p>\n<\/div><\/div><div class=\"side-featured-wrapper fss-rectangle kd-animated fadeInRight fss-shadow-image\" data-animation-delay=\"200\">\r\n      <div class=\"featured-image\"><img loading=\"lazy\" decoding=\"async\" width=\"1920\" height=\"1300\" src=\"https:\/\/chateauegitim.com\/wp-content\/uploads\/2024\/03\/Adsiz-tasarim-53.jpg\" class=\"attachment-full\" alt=\"\" srcset=\"https:\/\/chateauegitim.com\/wp-content\/uploads\/2024\/03\/Adsiz-tasarim-53.jpg 1920w, https:\/\/chateauegitim.com\/wp-content\/uploads\/2024\/03\/Adsiz-tasarim-53-300x203.jpg 300w, https:\/\/chateauegitim.com\/wp-content\/uploads\/2024\/03\/Adsiz-tasarim-53-1024x693.jpg 1024w, https:\/\/chateauegitim.com\/wp-content\/uploads\/2024\/03\/Adsiz-tasarim-53-768x520.jpg 768w, https:\/\/chateauegitim.com\/wp-content\/uploads\/2024\/03\/Adsiz-tasarim-53-1536x1040.jpg 1536w, https:\/\/chateauegitim.com\/wp-content\/uploads\/2024\/03\/Adsiz-tasarim-53-18x12.jpg 18w, https:\/\/chateauegitim.com\/wp-content\/uploads\/2024\/03\/Adsiz-tasarim-53-24x16.jpg 24w, https:\/\/chateauegitim.com\/wp-content\/uploads\/2024\/03\/Adsiz-tasarim-53-36x24.jpg 36w, https:\/\/chateauegitim.com\/wp-content\/uploads\/2024\/03\/Adsiz-tasarim-53-48x33.jpg 48w\" sizes=\"auto, (max-width: 1920px) 100vw, 1920px\" \/><\/div>\r\n    <\/div><\/div>\r\n            <\/section><section id=\"kd-fss-69e8ae3e1526e\" class=\"featured-left\"><li class=\"nav-label\"><a class=\"feature-tabs-scroll\" href=\"#kd-fss-69e8ae3e1526e\"><i class=\"fas fa-info-circle fss-nav-icon\" style=\" \"><\/i> Program Information<\/a><\/li><div class=\"container\">\r\n                <div class=\"side-content-wrapper kd-animated fadeInLeft\" data-animation-delay=\"200\"><i class=\"section-icon\" style=\" \"><\/i> <h2 class=\"side-content-title\" >Program Information<\/h2><div class=\"side-content-text\" ><p>\u2013 Within the scope of the Ch\u00e2teau Education Undergraduate Program, <strong>90 minutes of training 2 days a week <\/strong>is given.<\/p>\n<p>\u2013 All trainings <strong>online<\/strong> is happening.<\/p>\n<p>\u2013 The whole process <strong>From our Paris branch<\/strong> is coordinated; all trainings, <strong>by people who have completed their entire education life in relevant departments in France<\/strong> is provided.<\/p>\n<p>\u2013 Students who are successful in the exam to be held at the end of the training <strong>certificate is given<\/strong>. program <strong>minimum %85\u2018ine kat\u0131l\u0131m sa\u011flayan \u00f6\u011frenciler<\/strong> is eligible to take the exam.<\/p>\n<p>\u2013 This certificate received, <strong>Approved from France<\/strong> will be given to our students in France. <strong>It plays an important role in license applications.<\/strong><\/p>\n<\/div><\/div><div class=\"side-featured-wrapper fss-rectangle kd-animated fadeInRight fss-shadow-image\" data-animation-delay=\"200\">\r\n      <div class=\"featured-image\"><img loading=\"lazy\" decoding=\"async\" width=\"1000\" height=\"665\" src=\"https:\/\/chateauegitim.com\/wp-content\/uploads\/2024\/03\/Adsiz-tasarim-56.jpg\" class=\"attachment-full\" alt=\"\" srcset=\"https:\/\/chateauegitim.com\/wp-content\/uploads\/2024\/03\/Adsiz-tasarim-56.jpg 1000w, https:\/\/chateauegitim.com\/wp-content\/uploads\/2024\/03\/Adsiz-tasarim-56-300x200.jpg 300w, https:\/\/chateauegitim.com\/wp-content\/uploads\/2024\/03\/Adsiz-tasarim-56-768x511.jpg 768w, https:\/\/chateauegitim.com\/wp-content\/uploads\/2024\/03\/Adsiz-tasarim-56-18x12.jpg 18w, https:\/\/chateauegitim.com\/wp-content\/uploads\/2024\/03\/Adsiz-tasarim-56-24x16.jpg 24w, https:\/\/chateauegitim.com\/wp-content\/uploads\/2024\/03\/Adsiz-tasarim-56-36x24.jpg 36w, https:\/\/chateauegitim.com\/wp-content\/uploads\/2024\/03\/Adsiz-tasarim-56-48x32.jpg 48w\" sizes=\"auto, (max-width: 1000px) 100vw, 1000px\" \/><\/div>\r\n    <\/div><\/div>\r\n            <\/section>\r\n            <\/div><style type=\"text\/css\"><\/style><\/div><\/div><\/div><\/div><div id=\"form\" data-vc-full-width=\"true\" data-vc-full-width-init=\"false\" data-vc-kd-parallax=\"1.4\" class=\"vc_row wpb_row vc_row-fluid vc_custom_1583491359453 vc_row-has-fill vc_general kd_vc_parallax kd_vc_parallax-content-moving\"><div class=\"parallax-overlay\" data-vc-kd-parallax=\"1.4\"><\/div><div class=\"kd-overlay\"  style=\"background-color:rgba(0,0,0,0.7);\"><\/div><div class=\"wpb_column vc_column_container vc_col-sm-12\"><div class=\"vc_column-inner vc_custom_1516095225433\"><div class=\"wpb_wrapper\"><div class=\"vc_row wpb_row vc_inner vc_row-fluid vc_custom_1555673013129 vc_row-has-padding-top vc_row-has-padding-bottom\"><div class=\"wpb_column vc_column_container vc_col-sm-1\"><div class=\"vc_column-inner vc_custom_1515166784808\"><div class=\"wpb_wrapper\"><\/div><\/div><\/div><div class=\"wpb_column vc_column_container vc_col-sm-4\"><div class=\"vc_column-inner\"><div class=\"wpb_wrapper\"><header class=\"kd-section-title col-lg-12 text-left  kd-animated fadeIn   vc_custom_1583491120092\" data-animation-delay=\"200\"><h2 class=\"separator_off\" style=\"color: #ffffff;\">You are invited to our free introductory lessons!<\/h2><h6 class=\"subtitle\" style=\"color: #eeeeee;\">If you expect your French Language Program to be qualified and concentrated; We offer to hold an introductory lesson with you without charging any fee.<\/h6><\/header><\/div><\/div><\/div><div class=\"wpb_column vc_column_container vc_col-sm-1\"><div class=\"vc_column-inner\"><div class=\"wpb_wrapper\"><\/div><\/div><\/div><div class=\"wpb_column vc_column_container vc_col-sm-5\"><div class=\"vc_column-inner\"><div class=\"wpb_wrapper\"><h4 style=\"color: #ffffff;text-align: left\" class=\"vc_custom_heading wpb_animate_when_almost_visible wpb_fadeIn fadeIn vc_custom_1583491141958\" >We will get back to you as soon as possible.<\/h4><div class=\"kd-contact-form full-width-cf white-input-bg\" ><div role=\"form\" class=\"wpcf7\" id=\"wpcf7-f4439-o1\" lang=\"en-US\" dir=\"ltr\">\n<div class=\"screen-reader-response\"><p role=\"status\" aria-live=\"polite\" aria-atomic=\"true\"><\/p> <ul><\/ul><\/div>\n<form action=\"\/en\/wp-json\/wp\/v2\/pages\/9354#wpcf7-f4439-o1\" method=\"post\" class=\"wpcf7-form init\" novalidate=\"novalidate\" data-status=\"init\" data-trp-original-action=\"\/en\/wp-json\/wp\/v2\/pages\/9354#wpcf7-f4439-o1\">\n<div style=\"display: none;\">\n<input type=\"hidden\" name=\"_wpcf7\" value=\"4439\" \/>\n<input type=\"hidden\" name=\"_wpcf7_version\" value=\"5.3.2\" \/>\n<input type=\"hidden\" name=\"_wpcf7_locale\" value=\"en_US\" \/>\n<input type=\"hidden\" name=\"_wpcf7_unit_tag\" value=\"wpcf7-f4439-o1\" \/>\n<input type=\"hidden\" name=\"_wpcf7_container_post\" value=\"0\" \/>\n<input type=\"hidden\" name=\"_wpcf7_posted_data_hash\" value=\"\" \/>\n<input type=\"hidden\" name=\"_wpcf7_recaptcha_response\" value=\"\" \/>\n<\/div>\n<p><span class=\"wpcf7-form-control-wrap your-name\"><input type=\"text\" name=\"your-name\" value=\"\" size=\"40\" class=\"wpcf7-form-control wpcf7-text wpcf7-validates-as-required\" aria-required=\"true\" aria-invalid=\"false\" placeholder=\"Your name\" \/><\/span><br \/>\n<span class=\"wpcf7-form-control-wrap your-phone\"><input type=\"tel\" name=\"your-phone\" value=\"\" size=\"40\" class=\"wpcf7-form-control wpcf7-text wpcf7-tel wpcf7-validates-as-required wpcf7-validates-as-tel\" aria-required=\"true\" aria-invalid=\"false\" placeholder=\"Telephone\" \/><\/span><br \/>\n<span class=\"wpcf7-form-control-wrap your-email\"><input type=\"email\" name=\"your-email\" value=\"\" size=\"40\" class=\"wpcf7-form-control wpcf7-text wpcf7-email wpcf7-validates-as-required wpcf7-validates-as-email\" aria-required=\"true\" aria-invalid=\"false\" placeholder=\"Email\" \/><\/span><br \/>\n<span class=\"wpcf7-form-control-wrap acceptance-630\"><span class=\"wpcf7-form-control wpcf7-acceptance\"><span class=\"wpcf7-list-item\"><label><input type=\"checkbox\" name=\"acceptance-630\" value=\"1\" aria-invalid=\"false\" \/><span class=\"wpcf7-list-item-label\"><a href=\"https:\/\/chateauegitim.com\/en\/gizlilik-politikasi\/\" target=\"_blank\"> Privacy Policy <\/a> I have read the text and I approve it.<\/span><\/label><\/span><\/span><\/span><br \/>\n<span class=\"wpcf7-form-control-wrap acceptance-123\"><span class=\"wpcf7-form-control wpcf7-acceptance\"><span class=\"wpcf7-list-item\"><label><input type=\"checkbox\" name=\"acceptance-123\" value=\"1\" aria-invalid=\"false\" \/><span class=\"wpcf7-list-item-label\"><a href=\"https:\/\/chateauegitim.com\/en\/acik-riza-onayi\/\" target=\"_blank\"> Explicit Consent Approval<\/a> I have read the form and I accept it.<\/span><\/label><\/span><\/span><\/span><br \/>\n<input type=\"submit\" value=\"Send\" class=\"wpcf7-form-control wpcf7-submit\" \/><\/p>\n<input type='hidden' class='wpcf7-pum' value='{\"closepopup\":false,\"closedelay\":0,\"openpopup\":false,\"openpopup_id\":0}' \/><div class=\"wpcf7-response-output\" aria-hidden=\"true\"><\/div><input type=\"hidden\" name=\"trp-form-language\" value=\"en\"\/><\/form><\/div><\/div><\/div><\/div><\/div><div class=\"wpb_column vc_column_container vc_col-sm-1\"><div class=\"vc_column-inner\"><div class=\"wpb_wrapper\"><\/div><\/div><\/div><\/div><\/div><\/div><\/div><\/div><div class=\"vc_row-full-width vc_clearfix\"><\/div>","protected":false},"excerpt":{"rendered":"Undergraduate Programs Undergraduate ProgramsAs Ch\u00e2teau Education, we have prepared specially for students who want to receive undergraduate education in France [...]","protected":false},"author":1,"featured_media":9352,"parent":0,"menu_order":0,"comment_status":"closed","ping_status":"closed","template":"","meta":{"footnotes":""},"class_list":["post-9354","page","type-page","status-publish","has-post-thumbnail","hentry"],"yoast_head":"<!-- This site is optimized with the Yoast SEO plugin v15.5 - https:\/\/yoast.com\/wordpress\/plugins\/seo\/ -->\n<title>Ch\u00e2teau E\u011fitim Lisans Programlar\u0131 | Chateau E\u011fitim<\/title>\n<meta name=\"robots\" content=\"index, follow, max-snippet:-1, max-image-preview:large, max-video-preview:-1\" \/>\n<link rel=\"canonical\" href=\"https:\/\/chateauegitim.com\/en\/chateau-egitim-lisans-programlari\/\" \/>\n<meta property=\"og:locale\" content=\"en_US\" \/>\n<meta property=\"og:type\" content=\"article\" \/>\n<meta property=\"og:title\" content=\"Ch\u00e2teau E\u011fitim Lisans Programlar\u0131 | Chateau E\u011fitim\" \/>\n<meta property=\"og:url\" content=\"https:\/\/chateauegitim.com\/en\/chateau-egitim-lisans-programlari\/\" \/>\n<meta property=\"og:site_name\" content=\"Chateau E\u011fitim\" \/>\n<meta property=\"article:modified_time\" content=\"2024-03-29T16:21:55+00:00\" \/>\n<meta property=\"og:image\" content=\"https:\/\/chateauegitim.com\/wp-content\/uploads\/2024\/03\/Adsiz-tasarim-15.png\" \/>\n\t<meta property=\"og:image:width\" content=\"1920\" \/>\n\t<meta property=\"og:image:height\" content=\"1080\" \/>\n<meta name=\"twitter:card\" content=\"summary_large_image\" \/>\n<meta name=\"twitter:label1\" content=\"Est. reading time\">\n\t<meta name=\"twitter:data1\" content=\"5 minutes\">\n<script type=\"application\/ld+json\" class=\"yoast-schema-graph\">{\"@context\":\"https:\/\/schema.org\",\"@graph\":[{\"@type\":\"WebSite\",\"@id\":\"https:\/\/chateauegitim.com\/en\/#website\",\"url\":\"https:\/\/chateauegitim.com\/en\/\",\"name\":\"Chateau E\\u011fitim\",\"description\":\"\\u0130novatif E\\u011fitim\",\"potentialAction\":[{\"@type\":\"SearchAction\",\"target\":\"https:\/\/chateauegitim.com\/en\/?s={search_term_string}\",\"query-input\":\"required name=search_term_string\"}],\"inLanguage\":\"en-US\"},{\"@type\":\"ImageObject\",\"@id\":\"https:\/\/chateauegitim.com\/en\/chateau-egitim-lisans-programlari\/#primaryimage\",\"inLanguage\":\"en-US\",\"url\":\"https:\/\/chateauegitim.com\/wp-content\/uploads\/2024\/03\/Adsiz-tasarim-15.png\",\"width\":1920,\"height\":1080},{\"@type\":\"WebPage\",\"@id\":\"https:\/\/chateauegitim.com\/en\/chateau-egitim-lisans-programlari\/#webpage\",\"url\":\"https:\/\/chateauegitim.com\/en\/chateau-egitim-lisans-programlari\/\",\"name\":\"Ch\\u00e2teau E\\u011fitim Lisans Programlar\\u0131 | Chateau E\\u011fitim\",\"isPartOf\":{\"@id\":\"https:\/\/chateauegitim.com\/en\/#website\"},\"primaryImageOfPage\":{\"@id\":\"https:\/\/chateauegitim.com\/en\/chateau-egitim-lisans-programlari\/#primaryimage\"},\"datePublished\":\"2024-03-29T14:33:58+00:00\",\"dateModified\":\"2024-03-29T16:21:55+00:00\",\"inLanguage\":\"en-US\",\"potentialAction\":[{\"@type\":\"ReadAction\",\"target\":[\"https:\/\/chateauegitim.com\/en\/chateau-egitim-lisans-programlari\/\"]}]}]}<\/script>\n<!-- \/ Yoast SEO plugin. -->","_links":{"self":[{"href":"https:\/\/chateauegitim.com\/en\/wp-json\/wp\/v2\/pages\/9354","targetHints":{"allow":["GET"]}}],"collection":[{"href":"https:\/\/chateauegitim.com\/en\/wp-json\/wp\/v2\/pages"}],"about":[{"href":"https:\/\/chateauegitim.com\/en\/wp-json\/wp\/v2\/types\/page"}],"author":[{"embeddable":true,"href":"https:\/\/chateauegitim.com\/en\/wp-json\/wp\/v2\/users\/1"}],"replies":[{"embeddable":true,"href":"https:\/\/chateauegitim.com\/en\/wp-json\/wp\/v2\/comments?post=9354"}],"version-history":[{"count":16,"href":"https:\/\/chateauegitim.com\/en\/wp-json\/wp\/v2\/pages\/9354\/revisions"}],"predecessor-version":[{"id":9377,"href":"https:\/\/chateauegitim.com\/en\/wp-json\/wp\/v2\/pages\/9354\/revisions\/9377"}],"wp:featuredmedia":[{"embeddable":true,"href":"https:\/\/chateauegitim.com\/en\/wp-json\/wp\/v2\/media\/9352"}],"wp:attachment":[{"href":"https:\/\/chateauegitim.com\/en\/wp-json\/wp\/v2\/media?parent=9354"}],"curies":[{"name":"wp","href":"https:\/\/api.w.org\/{rel}","templated":true}]}}