{"id":3,"date":"2020-03-04T00:06:03","date_gmt":"2020-03-03T21:06:03","guid":{"rendered":"http:\/\/chateauegitim.com\/?page_id=3"},"modified":"2023-07-31T12:15:48","modified_gmt":"2023-07-31T09:15:48","slug":"gizlilik-politikasi","status":"publish","type":"page","link":"https:\/\/chateauegitim.com\/fr\/gizlilik-politikasi\/","title":{"rendered":"POLITIQUE DE CONFIDENTIALIT\u00c9 ET TEXTE D&#039;INFORMATION ET DE CONSENTEMENT SUR LE TRAITEMENT DES DONN\u00c9ES PERSONNELLES"},"content":{"rendered":"<p>TZL Conseil en Gestion SA. Ltd. (d\u00e9sormais <strong>Entreprise <\/strong>www.chateauegitim.com, www.chateaukids.com (ensemble d\u00e9nomm\u00e9s www.chateauegitim.com) appartenant \u00e0 notre Soci\u00e9t\u00e9 (ci-apr\u00e8s d\u00e9nomm\u00e9e <strong>Plate-forme <\/strong>Nous faisons preuve de la plus grande prudence et sensibilit\u00e9 concernant la confidentialit\u00e9 et la s\u00e9curit\u00e9 des donn\u00e9es personnelles que vous partagerez avec notre Soci\u00e9t\u00e9 afin de garantir que nos utilisateurs qui remplissent nos formulaires via notre site Web puissent b\u00e9n\u00e9ficier de nos services en toute s\u00e9curit\u00e9.<\/p>\n\n\n\n<p>Cette politique de confidentialit\u00e9 et le texte d&#039;information et de consentement concernant le traitement des donn\u00e9es personnelles (<strong>Le text de politique de confidentialit\u00e9<\/strong>), Loi sur la protection des donn\u00e9es personnelles n\u00b0 6698 (<strong>KVKK<\/strong>) Utilisateurs de la plateforme, membres, visiteurs, zones de service et prestataires de services (tous ensemble <strong>Propri\u00e9taire des donn\u00e9es <\/strong>Conform\u00e9ment \u00e0 l&#039;article intitul\u00e9 \u00ab Obligation d&#039;information du responsable du traitement \u00bb de l&#039;article 10 du KVKK, les donn\u00e9es personnelles partag\u00e9es par la Soci\u00e9t\u00e9 avec la Soci\u00e9t\u00e9 ou produites par le Propri\u00e9taire des donn\u00e9es lors de l&#039;utilisation de la Plateforme\u00a0; Il a \u00e9t\u00e9 pr\u00e9par\u00e9 dans le but de vous informer sur l&#039;identit\u00e9 du responsable du traitement, la m\u00e9thode et la raison juridique de la collecte de vos donn\u00e9es personnelles, la finalit\u00e9 pour laquelle ces donn\u00e9es seront trait\u00e9es, \u00e0 qui et dans quel but elles peuvent \u00eatre transf\u00e9r\u00e9es, la dur\u00e9e du traitement des donn\u00e9es et quels sont vos droits sont \u00e9num\u00e9r\u00e9s \u00e0 l&#039;article 11 du KVKK. Les explications donn\u00e9es pour les \u00ab Donn\u00e9es personnelles \u00bb dans la pr\u00e9sente Politique de confidentialit\u00e9 incluent \u00e9galement les \u00ab Donn\u00e9es personnelles d&#039;une cat\u00e9gorie sp\u00e9ciale \u00bb.<\/p>\n\n\n\n<p><strong>1. Donn\u00e9es personnelles<\/strong><\/p>\n\n\n\n<p>Notre soci\u00e9t\u00e9 prend toutes les mesures techniques et administratives pour assurer le niveau de s\u00e9curit\u00e9 appropri\u00e9 afin de prot\u00e9ger les droits et libert\u00e9s fondamentaux des personnes physiques, notamment l&#039;intimit\u00e9 de la vie priv\u00e9e, et pr\u00e9venir le traitement illicite de vos donn\u00e9es personnelles conform\u00e9ment aux lois et r\u00e9glementations \u00e9mises pour la protection des donn\u00e9es personnelles.<\/p>\n\n\n\n<p>Les donn\u00e9es personnelles qui peuvent \u00eatre collect\u00e9es, stock\u00e9es, utilis\u00e9es, trait\u00e9es et transf\u00e9r\u00e9es en fonction de l&#039;acc\u00e8s du Propri\u00e9taire des donn\u00e9es \u00e0 la Plateforme et des transactions effectu\u00e9es via la Plateforme sont les suivantes\u00a0:<\/p>\n\n\n\n<ul class=\"wp-block-list\"><li>Informations d&#039;identit\u00e9 (nom, pr\u00e9nom, num\u00e9ro TR ID, date de naissance, sexe et informations d&#039;identification similaires)<\/li><li>Coordonn\u00e9es (adresse, num\u00e9ro de t\u00e9l\u00e9phone, adresse e-mail et coordonn\u00e9es similaires)<\/li><li>Informations sur la sant\u00e9 (groupe sanguin, ant\u00e9c\u00e9dents de maladie, m\u00e9dicaments utilis\u00e9s et informations similaires)<\/li><li>Informations sur l&#039;\u00e9ducation<\/li><li>Informations requises pour l&#039;utilisation des cartes de cr\u00e9dit, des cartes d&#039;argent, des informations bancaires et d&#039;autres m\u00e9thodes de paiement<\/li><li>Informations sur les comptes de r\u00e9seaux sociaux (y compris les informations sur le contenu et les publicit\u00e9s que vous consultez et aimez depuis vos comptes de r\u00e9seaux sociaux, s&#039;ils sont li\u00e9s au compte que vous connecterez \u00e0 la Plateforme)<\/li><li>Enregistrement photo, vid\u00e9o<\/li><li>Informations sur la s\u00e9curit\u00e9 des transactions<\/li><li>Informations sur l&#039;adresse IP<\/li><li>Informations sur les actions en justice et la conformit\u00e9<\/li><li>Informations sur la gestion des demandes et des r\u00e9clamations<\/li><\/ul>\n\n\n\n<ul class=\"wp-block-list\"><li>Informations sur la gestion des incidents<\/li><li>Informations sur les transactions du propri\u00e9taire des donn\u00e9es Le propri\u00e9taire des donn\u00e9es est conscient que la soci\u00e9t\u00e9 a le droit de collecter les donn\u00e9es \u00e9num\u00e9r\u00e9es ci-dessus et d&#039;autres informations consid\u00e9r\u00e9es comme des donn\u00e9es personnelles conform\u00e9ment au KVKK et \u00e0 toute la l\u00e9gislation pertinente, et consent express\u00e9ment au traitement des donn\u00e9es avec lesquelles il peut partager. la Soci\u00e9t\u00e9 \u00e0 sa propre discr\u00e9tion, dans le cadre sp\u00e9cifi\u00e9 dans la pr\u00e9sente Politique de Confidentialit\u00e9. Conform\u00e9ment aux articles 3 et 7 du KVKK, les donn\u00e9es anonymis\u00e9es de mani\u00e8re irr\u00e9versible ne sont pas consid\u00e9r\u00e9es comme des donn\u00e9es personnelles et les activit\u00e9s de traitement li\u00e9es \u00e0 ces donn\u00e9es sont effectu\u00e9es ind\u00e9pendamment des dispositions de la pr\u00e9sente politique de confidentialit\u00e9.<\/li><\/ul>\n\n\n\n<p><strong>2. Raison et m\u00e9thode de collecte des donn\u00e9es personnelles<\/strong><\/p>\n\n\n\n<p>Bien que vos donn\u00e9es personnelles puissent varier en fonction de votre relation avec la Soci\u00e9t\u00e9, elles peuvent \u00eatre collect\u00e9es verbalement, par \u00e9crit ou \u00e9lectroniquement par des m\u00e9thodes automatiques ou non automatiques, des contrats, un site Web, des canaux de m\u00e9dias sociaux, un centre d&#039;appels, des applications mobiles et des moyens similaires. Vos donn\u00e9es personnelles sont conserv\u00e9es tant num\u00e9riquement que physiquement dans le cadre des obligations l\u00e9gales.<\/p>\n\n\n\n<p>Vos donn\u00e9es personnelles sont trait\u00e9es aux fins indiqu\u00e9es dans l&#039;article ci-dessous et dans le cadre des conditions et finalit\u00e9s de traitement des donn\u00e9es personnelles sp\u00e9cifi\u00e9es aux articles 5 et 6 du KVKK.<\/p>\n\n\n\n<p><strong>3. Finalit\u00e9s du traitement des donn\u00e9es personnelles<\/strong><\/p>\n\n\n\n<p>Donn\u00e9es personnelles;<\/p>\n\n\n\n<ul class=\"wp-block-list\"><li>fournir un acc\u00e8s \u00e0 des services et des produits, introduire de nouveaux services et produits,<\/li><li>mener des activit\u00e9s promotionnelles,<\/li><li>Enrichir les exp\u00e9riences d&#039;utilisation de la plateforme,<\/li><li>R\u00e9aliser les activit\u00e9s de reporting et de d\u00e9veloppement commercial,<\/li><li>faire des \u00e9valuations statistiques,<\/li><li>\u00e9tude de march\u00e9,<\/li><li>envoyer des e-mails ou des SMS personnels ou massifs et communiquer par d&#039;autres moyens,<\/li><li>suivi des demandes et r\u00e9clamations,<\/li><li>ex\u00e9cution des processus contractuels,<\/li><li>Fournir des informations aux personnes, institutions et organisations autoris\u00e9es,<\/li><li>D\u00e9terminer, d\u00e9velopper et mettre en \u0153uvre des strat\u00e9gies commerciales et des processus de conformit\u00e9 l\u00e9gale,<\/li><li>exercer des activit\u00e9s conform\u00e9ment \u00e0 la l\u00e9gislation,<\/li><li>R\u00e9aliser les processus d&#039;audit et de respect des r\u00e8gles \u00e9thiques,<\/li><li>ex\u00e9cution de processus de s\u00e9curit\u00e9 de l&#039;information,<\/li><li>R\u00e9aliser des activit\u00e9s de stockage et d&#039;archivage,<\/li><li>Recevoir et \u00e9valuer les suggestions d&#039;am\u00e9lioration des processus d&#039;affaires,<\/li><li>planifier les processus de ressources humaines,<\/li><li>mener des activit\u00e9s de communication,<\/li><li>Suivi et ex\u00e9cution des affaires juridiques,<\/li><li>R\u00e9aliser des op\u00e9rations financi\u00e8res et comptables,<\/li><li>protection de l&#039;ordre public et de la sant\u00e9, et<\/li><li>Cr\u00e9er une base de donn\u00e9es \u00e0 toutes ces fins<\/li><\/ul>\n\n\n\n<p>Aux fins du traitement des donn\u00e9es personnelles, celles-ci sont trait\u00e9es dans le cadre des conditions et finalit\u00e9s de traitement des donn\u00e9es personnelles sp\u00e9cifi\u00e9es aux articles 5 et 6 du KVKK n\u00b0 6698. Si le Propri\u00e9taire des donn\u00e9es utilise les services existants, il est r\u00e9put\u00e9 avoir express\u00e9ment consenti \u00e0 ces activit\u00e9s de traitement de donn\u00e9es.<\/p>\n\n\n\n<p>Conform\u00e9ment au KVKK et\/ou en pr\u00e9sence d&#039;exceptions dans la l\u00e9gislation applicable, les donn\u00e9es personnelles peuvent \u00eatre trait\u00e9es et partag\u00e9es avec des tiers sans obtenir le consentement s\u00e9par\u00e9 du propri\u00e9taire des donn\u00e9es. Les exceptions \u00e9num\u00e9r\u00e9es \u00e0 l&#039;article 5 du KVKK sont indiqu\u00e9es ci-dessous\u00a0:<\/p>\n\n\n\n<ul class=\"wp-block-list\"><li>Il est clairement stipul\u00e9 dans la loi que les donn\u00e9es peuvent \u00eatre trait\u00e9es sans le consentement du propri\u00e9taire des donn\u00e9es.<\/li><li>Elle est n\u00e9cessaire \u00e0 la protection de la vie ou de l&#039;int\u00e9grit\u00e9 physique de la personne ou de quelqu&#039;un d&#039;autre qui n&#039;est pas en mesure d&#039;exprimer son consentement en raison d&#039;une impossibilit\u00e9 r\u00e9elle ou dont le consentement n&#039;est pas l\u00e9galement valable.<\/li><li>Il est n\u00e9cessaire de traiter les donn\u00e9es personnelles des parties au contrat, \u00e0 condition qu&#039;elles soient directement li\u00e9es \u00e0 l&#039;\u00e9tablissement ou \u00e0 l&#039;ex\u00e9cution d&#039;un contrat.<\/li><li>Il est obligatoire pour le responsable du traitement de remplir son obligation l\u00e9gale<\/li><li>Il a \u00e9t\u00e9 rendu public par la personne concern\u00e9e<\/li><li>Le traitement des donn\u00e9es est obligatoire pour la constatation, l&#039;exercice ou la protection d&#039;un droit.<\/li><li>Le traitement des donn\u00e9es est obligatoire pour les int\u00e9r\u00eats l\u00e9gitimes du responsable du traitement, \u00e0 condition qu&#039;il ne porte pas atteinte aux droits et libert\u00e9s fondamentaux de la personne concern\u00e9e.<\/li><\/ul>\n\n\n\n<p><strong>4. Personnes auxquelles les donn\u00e9es personnelles trait\u00e9es peuvent \u00eatre transf\u00e9r\u00e9es et finalit\u00e9s du transfert<\/strong><\/p>\n\n\n\n<p>Les donn\u00e9es personnelles trait\u00e9es dans le cadre du KVKK et de la l\u00e9gislation applicable peuvent \u00eatre transf\u00e9r\u00e9es \u00e0 des sous-traitants et \u00e0 des institutions et organisations publiques ou priv\u00e9es tierces l\u00e9galement autoris\u00e9es, fournisseurs, soci\u00e9t\u00e9s du groupe, filiales, soci\u00e9t\u00e9s affili\u00e9es ou contr\u00f4lantes pour traitement si n\u00e9cessaire, dont la Soci\u00e9t\u00e9 re\u00e7oit services contractuellement pour r\u00e9aliser ses services ou \u00e0 des institutions et organismes tiers r\u00e9els et\/ou l\u00e9gaux dans le pays et\/ou \u00e0 l&#039;\u00e9tranger avec lesquels elle coop\u00e8re dans tout domaine, au public, limit\u00e9 aux activit\u00e9s promotionnelles, aux conditions de traitement des donn\u00e9es personnelles et les finalit\u00e9s sp\u00e9cifi\u00e9es aux articles 8 et 9 du KVKK peuvent \u00eatre transf\u00e9r\u00e9es dans le cadre de.<\/p>\n\n\n\n<p><strong>5. Utilisation des \u00ab Cookies \u00bb<\/strong><\/p>\n\n\n\n<p>Les donn\u00e9es telles que les sections visit\u00e9es et les zones cliqu\u00e9es par le Propri\u00e9taire des Donn\u00e9es lors de sa navigation sur la Plateforme sont automatiquement collect\u00e9es par la Soci\u00e9t\u00e9. Ces donn\u00e9es obtenues gr\u00e2ce \u00e0 la technologie dite \u00ab cookie \u00bb sont des informations statistiques. Le but de cette technologie est de rendre plus facilement accessible le contenu des rubriques visit\u00e9es par le Propri\u00e9taire des Donn\u00e9es d\u00e8s la premi\u00e8re visite du site. La plupart des navigateurs sont con\u00e7us pour accepter ces \u00ab cookies \u00bb, qui sont principalement des fichiers de communication technique, mais le Propri\u00e9taire des donn\u00e9es peut toujours modifier les param\u00e8tres du navigateur afin que le fichier de communication technique ne soit pas re\u00e7u ou qu&#039;un avertissement soit donn\u00e9 lorsque le fichier de communication technique est envoy\u00e9.<\/p>\n\n\n\n<p><strong>6. D\u00e9lai de traitement des donn\u00e9es<\/strong><\/p>\n\n\n\n<p>Vos donn\u00e9es personnelles sont limit\u00e9es aux finalit\u00e9s sp\u00e9cifi\u00e9es \u00e0 l&#039;article 3 du pr\u00e9sent accord de confidentialit\u00e9\u00a0; Elles seront trait\u00e9es conform\u00e9ment aux modalit\u00e9s de traitement des donn\u00e9es et aux d\u00e9lais de prescription pr\u00e9cis\u00e9s par la l\u00e9gislation \u00e0 laquelle la Soci\u00e9t\u00e9 est soumise. En cas de modifications de la l\u00e9gislation concernant les d\u00e9lais de traitement des donn\u00e9es, les nouveaux d\u00e9lais d\u00e9termin\u00e9s servent de base.<\/p>\n\n\n\n<p><strong>7. Pr\u00e9cautions, engagements et responsabilit\u00e9 concernant la s\u00e9curit\u00e9 des donn\u00e9es<\/strong><\/p>\n\n\n\n<p>La Soci\u00e9t\u00e9 s&#039;engage \u00e0 prendre les mesures techniques et administratives n\u00e9cessaires et \u00e0 proc\u00e9der aux inspections n\u00e9cessaires pour assurer le niveau de s\u00e9curit\u00e9 appropri\u00e9 afin de garantir que les donn\u00e9es personnelles ne soient pas trait\u00e9es ill\u00e9galement, que les donn\u00e9es personnelles ne soient pas consult\u00e9es ill\u00e9galement et que les donn\u00e9es personnelles soient conserv\u00e9es. dans les conditions sp\u00e9cifi\u00e9es dans la l\u00e9gislation pertinente ou exprim\u00e9es dans la pr\u00e9sente politique de confidentialit\u00e9.<\/p>\n\n\n\n<p>Si des liens vers d&#039;autres applications sont fournis sur la plateforme, la Soci\u00e9t\u00e9 n&#039;est pas responsable des politiques de confidentialit\u00e9 et du contenu de ces applications.<\/p>\n\n\n\n<p>La Soci\u00e9t\u00e9 n&#039;est pas responsable des dommages qui pourraient survenir du fait de l&#039;utilisation des donn\u00e9es personnelles dans le cadre des conditions ci-dessus.<\/p>\n\n\n\n<p><strong>8. Droits du propri\u00e9taire des donn\u00e9es \u00e9num\u00e9r\u00e9s \u00e0 l&#039;article 11 du KVKK<\/strong><\/p>\n\n\n\n<p>Sans pr\u00e9judice des circonstances stipul\u00e9es \u00e0 l&#039;article 28 du KVKK intitul\u00e9 \u00ab Exceptions \u00bb, en demandant \u00e0 la Soci\u00e9t\u00e9 dans le cadre de l&#039;article 11 du KVKK, vos donn\u00e9es personnelles ;<\/p>\n\n\n\n<ul class=\"wp-block-list\"><li>Apprendre s&#039;il a \u00e9t\u00e9 trait\u00e9 ou non,<\/li><li>S&#039;il a \u00e9t\u00e9 trait\u00e9, pour demander des informations \u00e0 ce sujet,<\/li><li>Conna\u00eetre la finalit\u00e9 du traitement et savoir s&#039;il est utilis\u00e9 conform\u00e9ment \u00e0 cette finalit\u00e9,<\/li><li>Conna\u00eetre les tiers auxquels il est transf\u00e9r\u00e9 en France ou \u00e0 l&#039;\u00e9tranger,<\/li><li>Demander une correction si elle est incompl\u00e8te ou mal trait\u00e9e,<\/li><li>Demander la suppression ou la destruction de vos donn\u00e9es personnelles dans le cadre des conditions pr\u00e9vues \u00e0 l&#039;article 7 de la Loi,<\/li><li>Demander que les transactions effectu\u00e9es conform\u00e9ment \u00e0 la demande de rectification en cas de traitement incomplet ou incorrect et \u00e0 la demande de suppression en cas d&#039;\u00e9limination des raisons n\u00e9cessitant le traitement, soient notifi\u00e9es aux tiers auxquels les donn\u00e9es personnelles ont \u00e9t\u00e9 transf\u00e9r\u00e9es,<\/li><li>S&#039;opposer \u00e0 l&#039;\u00e9mergence d&#039;un r\u00e9sultat \u00e0 votre encontre du fait d&#039;une analyse exclusivement par des syst\u00e8mes automatiques,<\/li><li>Demander une indemnisation pour le dommage si vous subissez un dommage d\u00fb \u00e0 un traitement ill\u00e9gal<\/li><\/ul>\n\n\n\n<p>Vous avez les droits.<br>\u00c0 cet \u00e9gard, vous pouvez envoyer vos candidatures au \u00ab Me\u015frutiyet Mahallesi Rumeli Caddesi No. 4\/6 \u015ei\u015fli Istanbul \u00bb ou info@chateauegitim.com.<\/p>\n\n\n\n<p>Vos demandes adress\u00e9es \u00e0 la Soci\u00e9t\u00e9 recevront une r\u00e9ponse par \u00e9crit ou par voie \u00e9lectronique dans les plus brefs d\u00e9lais et au plus tard dans un d\u00e9lai de trente (30) jours, selon la nature de votre demande.<\/p>","protected":false},"excerpt":{"rendered":"<p>TZL Conseil en Gestion SA. Ltd. www.chateauegitim.com, propri\u00e9t\u00e9 de notre Soci\u00e9t\u00e9 (ci-apr\u00e8s d\u00e9nomm\u00e9e la Soci\u00e9t\u00e9) [\u2026]<\/p>","protected":false},"author":1,"featured_media":0,"parent":0,"menu_order":0,"comment_status":"closed","ping_status":"open","template":"","meta":{"footnotes":""},"class_list":["post-3","page","type-page","status-publish","hentry"],"yoast_head":"<!-- This site is optimized with the Yoast SEO plugin v15.5 - https:\/\/yoast.com\/wordpress\/plugins\/seo\/ -->\n<title>G\u0130ZL\u0130L\u0130K POL\u0130T\u0130KASI VE K\u0130\u015e\u0130SEL VER\u0130LER\u0130N \u0130\u015eLENMES\u0130NE DA\u0130R AYDINLATMA VE RIZA METN\u0130 | Chateau E\u011fitim<\/title>\n<meta name=\"robots\" content=\"index, follow, max-snippet:-1, max-image-preview:large, max-video-preview:-1\" \/>\n<link rel=\"canonical\" href=\"https:\/\/chateauegitim.com\/fr\/gizlilik-politikasi\/\" \/>\n<meta property=\"og:locale\" content=\"fr_FR\" \/>\n<meta property=\"og:type\" content=\"article\" \/>\n<meta property=\"og:title\" content=\"G\u0130ZL\u0130L\u0130K POL\u0130T\u0130KASI VE K\u0130\u015e\u0130SEL VER\u0130LER\u0130N \u0130\u015eLENMES\u0130NE DA\u0130R AYDINLATMA VE RIZA METN\u0130 | Chateau E\u011fitim\" \/>\n<meta property=\"og:description\" content=\"TZL Y\u00f6netim Dan\u0131\u015fmanl\u0131\u011f\u0131 Ltd. \u015eti. (bundan b\u00f6yle \u015eirket olarak an\u0131lacakt\u0131r) olarak \u015eirketimizin sahibi oldu\u011fu www.chateauegitim.com [&hellip;]\" \/>\n<meta property=\"og:url\" content=\"https:\/\/chateauegitim.com\/fr\/gizlilik-politikasi\/\" \/>\n<meta property=\"og:site_name\" content=\"Chateau E\u011fitim\" \/>\n<meta property=\"article:modified_time\" content=\"2023-07-31T09:15:48+00:00\" \/>\n<meta name=\"twitter:card\" content=\"summary_large_image\" \/>\n<meta name=\"twitter:label1\" content=\"Dur\u00e9e de lecture est.\">\n\t<meta name=\"twitter:data1\" content=\"7 minutes\">\n<script type=\"application\/ld+json\" class=\"yoast-schema-graph\">{\"@context\":\"https:\/\/schema.org\",\"@graph\":[{\"@type\":\"WebSite\",\"@id\":\"https:\/\/chateauegitim.com\/fr\/#website\",\"url\":\"https:\/\/chateauegitim.com\/fr\/\",\"name\":\"Chateau E\\u011fitim\",\"description\":\"\\u0130novatif E\\u011fitim\",\"potentialAction\":[{\"@type\":\"SearchAction\",\"target\":\"https:\/\/chateauegitim.com\/fr\/?s={search_term_string}\",\"query-input\":\"required name=search_term_string\"}],\"inLanguage\":\"fr-FR\"},{\"@type\":\"WebPage\",\"@id\":\"https:\/\/chateauegitim.com\/fr\/gizlilik-politikasi\/#webpage\",\"url\":\"https:\/\/chateauegitim.com\/fr\/gizlilik-politikasi\/\",\"name\":\"G\\u0130ZL\\u0130L\\u0130K POL\\u0130T\\u0130KASI VE K\\u0130\\u015e\\u0130SEL VER\\u0130LER\\u0130N \\u0130\\u015eLENMES\\u0130NE DA\\u0130R AYDINLATMA VE RIZA METN\\u0130 | Chateau E\\u011fitim\",\"isPartOf\":{\"@id\":\"https:\/\/chateauegitim.com\/fr\/#website\"},\"datePublished\":\"2020-03-03T21:06:03+00:00\",\"dateModified\":\"2023-07-31T09:15:48+00:00\",\"inLanguage\":\"fr-FR\",\"potentialAction\":[{\"@type\":\"ReadAction\",\"target\":[\"https:\/\/chateauegitim.com\/fr\/gizlilik-politikasi\/\"]}]}]}<\/script>\n<!-- \/ Yoast SEO plugin. -->","_links":{"self":[{"href":"https:\/\/chateauegitim.com\/fr\/wp-json\/wp\/v2\/pages\/3","targetHints":{"allow":["GET"]}}],"collection":[{"href":"https:\/\/chateauegitim.com\/fr\/wp-json\/wp\/v2\/pages"}],"about":[{"href":"https:\/\/chateauegitim.com\/fr\/wp-json\/wp\/v2\/types\/page"}],"author":[{"embeddable":true,"href":"https:\/\/chateauegitim.com\/fr\/wp-json\/wp\/v2\/users\/1"}],"replies":[{"embeddable":true,"href":"https:\/\/chateauegitim.com\/fr\/wp-json\/wp\/v2\/comments?post=3"}],"version-history":[{"count":2,"href":"https:\/\/chateauegitim.com\/fr\/wp-json\/wp\/v2\/pages\/3\/revisions"}],"predecessor-version":[{"id":9230,"href":"https:\/\/chateauegitim.com\/fr\/wp-json\/wp\/v2\/pages\/3\/revisions\/9230"}],"wp:attachment":[{"href":"https:\/\/chateauegitim.com\/fr\/wp-json\/wp\/v2\/media?parent=3"}],"curies":[{"name":"wp","href":"https:\/\/api.w.org\/{rel}","templated":true}]}}