{"id":5722,"date":"2018-10-22T13:45:24","date_gmt":"2018-10-22T13:45:24","guid":{"rendered":"https:\/\/www.ekko-wp.com\/?page_id=5722"},"modified":"2025-07-15T13:31:28","modified_gmt":"2025-07-15T10:31:28","slug":"gurur-tablomuz-sayisal-veriler","status":"publish","type":"page","link":"https:\/\/chateauegitim.com\/fr\/gurur-tablomuz-sayisal-veriler\/","title":{"rendered":"Les Donn\u00e9es Num\u00e9riques"},"content":{"rendered":"<div class=\"vc_row wpb_row vc_row-fluid\"><div class=\"wpb_column vc_column_container vc_col-sm-12\"><div class=\"vc_column-inner\"><div class=\"wpb_wrapper\"><div class=\"kd-alertbox ab_success\">\n                <div class=\"ab-icon\"><i class=\"fas fa-check iconita\"><\/i><\/div>\n                <div class=\"ab-message\">Frans\u0131z Liseleri 9.S\u0131n\u0131fa do\u011frudan ge\u00e7i\u015f s\u0131nav\u0131n\u0131 ge\u00e7erek 2025-2026 E\u011fitim-\u00d6\u011fretim Y\u0131l\u0131'nda 9.s\u0131n\u0131fa ba\u015flayacak olan \u00f6\u011frencimiz Duru Naz \u00d6zkalan'\u0131 tebrik ediyoruz.<\/div>\n                <a href=\"#\" class=\"ab-close\"><i class=\"fas fa-times iconita\"><\/i><\/a>\n            <\/div><\/div><\/div><\/div><\/div><div data-vc-full-width=\"true\" data-vc-full-width-init=\"false\" class=\"vc_row wpb_row vc_row-fluid vc_custom_1556017133374 vc_row-has-padding-bottom\"><div class=\"wpb_column vc_column_container vc_col-sm-12 vc_col-lg-6\"><div class=\"vc_column-inner vc_custom_1541587114185\"><div class=\"wpb_wrapper\"><div class=\"vc_row wpb_row vc_inner vc_row-fluid\"><div class=\"wpb_column vc_column_container vc_col-sm-12\"><div class=\"vc_column-inner vc_custom_1541587107649\"><div class=\"wpb_wrapper\"><header class=\"kd-section-title col-lg-12 text-right  kd-animated fadeIn\" data-animation-delay=\"200\"><h3 class=\"separator_off\" >Depuis notre cr\u00e9ation, de la classe pr\u00e9paratoire \u00e0 la Terminale 1392 de nos \u00e9l\u00e8ves ont r\u00e9ussi de nombreuses \u00e9tapes durant toute la p\u00e9riode de leur formation.<\/h3><\/header><\/div><\/div><\/div><\/div><div class=\"vc_row wpb_row vc_inner vc_row-fluid vc_custom_1555686642129\"><div class=\"wpb_column vc_column_container vc_col-sm-6 vc_hidden-md vc_hidden-sm vc_hidden-xs\"><div class=\"vc_column-inner\"><div class=\"wpb_wrapper\"><div  class= \"vc_pie_chart wpb_content_element\" data-pie-value=\"80\" data-pie-label-value=\"\" data-pie-units=\"%\" data-pie-color=\"#75d69c\"><div class=\"wpb_wrapper\"><div class=\"vc_pie_wrapper\"><span class=\"vc_pie_chart_back\" style=\"border-color: #75d69c\"><\/span><span class=\"vc_pie_chart_value\"><\/span><canvas width=\"101\" height=\"101\"><\/canvas><\/div><h4 class=\"wpb_heading wpb_pie_chart_heading\">80 % des parents qui ont particip\u00e9 \u00e0 notre sondage d'\u00e9valuation de fin d'ann\u00e9e ont d\u00e9clar\u00e9 avoir postul\u00e9 \u00e0 Ch\u00e2teau E\u011fitim part REFERENCE. Nous remercions tous les parents qui nous ont donn\u00e9 en r\u00e9f\u00e9rence.<\/h4><\/div><\/div><\/div><\/div><\/div><div class=\"wpb_column vc_column_container vc_col-sm-6\"><div class=\"vc_column-inner\"><div class=\"wpb_wrapper\"><div  class= \"vc_pie_chart wpb_content_element\" data-pie-value=\"100\" data-pie-label-value=\"\" data-pie-units=\"%\" data-pie-color=\"#75d69c\"><div class=\"wpb_wrapper\"><div class=\"vc_pie_wrapper\"><span class=\"vc_pie_chart_back\" style=\"border-color: #75d69c\"><\/span><span class=\"vc_pie_chart_value\"><\/span><canvas width=\"101\" height=\"101\"><\/canvas><\/div><h4 class=\"wpb_heading wpb_pie_chart_heading\">81 des parents qui ont particip\u00e9 \u00e0 notre sondage d'\u00e9valuation de fin d'ann\u00e9e ont dit qu'ils recommanderaient Ch\u00e2teau Education. Merci aux parents de nos \u00e9l\u00e8ves et \u00e0 nos professeurs qui sont le fruit de cette satisfaction !<\/h4><\/div><\/div><\/div><\/div><\/div><\/div><\/div><\/div><\/div><div class=\"wpb_column vc_column_container vc_col-sm-12 vc_col-lg-6 vc_hidden-md vc_hidden-sm\"><div class=\"vc_column-inner vc_custom_1541587225605\"><div class=\"wpb_wrapper\"><div class=\"key-icon-box icon-default icon-left cont-left ib-no-effect  kd-animated fadeInUp\" style=\"background-color: transparent;\" ><i class=\"iconsmind-University-2\" style=\" \"><\/i> <h6 class=\"service-heading\" >Nos \u00e9tudiants dipl\u00f4m\u00e9s<\/h6><p >Nos \u00e9tudiants de Ch\u00e2teau, dipl\u00f4m\u00e9s des lyc\u00e9es fran\u00e7ais, ont poursuivi leurs \u00e9tudes dans les meilleures universit\u00e9s reconnues dans le domaine national et international.<\/p><\/div><div class=\"vc_empty_space\"   style=\"height: 40px\"><span class=\"vc_empty_space_inner\"><\/span><\/div><div class=\"key-icon-box icon-default icon-left cont-left ib-no-effect  kd-animated fadeInUp\" style=\"background-color: transparent;\" data-animation-delay=\"200\"><i class=\"iconsmind-Business-ManWoman\" style=\" \"><\/i> <h6 class=\"service-heading\" >Beaucoup plus qu\u2019un \u00e9tablissement scolaire<\/h6><p >Certains de nos \u00e9tudiants qui ont suivi leurs \u00e9tudes dans notre \u00e9tablissement au cours des ann\u00e9es o\u00f9 nous avons \u00e9t\u00e9 fond\u00e9s, ont obtenu leur dipl\u00f4me universitaire et travaillent maintenant dans notre \u00e9tablissement ; Ils m\u00e8nent les \u00e9l\u00e8ves qui poursuivent le m\u00eame chemin qu\u2019eux, \u00e0 la fois comme enseignant et comme r\u00f4le mod\u00e8le, \u00e0 la r\u00e9ussite.<\/p><\/div><div class=\"vc_empty_space\"   style=\"height: 40px\"><span class=\"vc_empty_space_inner\"><\/span><\/div><\/div><\/div><\/div><\/div><div class=\"vc_row-full-width vc_clearfix\"><\/div><div data-vc-full-width=\"true\" data-vc-full-width-init=\"false\" class=\"vc_row wpb_row vc_row-fluid vc_custom_1584010211978 vc_row-has-fill vc_row-has-padding-top vc_row-has-padding-bottom\"><div class=\"wpb_column vc_column_container vc_col-sm-12\"><div class=\"vc_column-inner vc_custom_1515612866550\"><div class=\"wpb_wrapper\"><div class=\"vc_row wpb_row vc_inner vc_row-fluid\"><div class=\"wpb_column vc_column_container vc_col-sm-12\"><div class=\"vc_column-inner\"><div class=\"wpb_wrapper\"><header class=\"kd-section-title vc_col-lg-6 vc_col-sm-8 text-center  kd-animated fadeIn   vc_custom_1584009164502\" data-animation-delay=\"200\"><h2 class=\"separator_off\" >De 2010 \u00e0 nos jours<\/h2><\/header><\/div><\/div><\/div><\/div><div class=\"vc_row wpb_row vc_inner vc_row-fluid vc_custom_1583855254754 vc_row-has-padding-top vc_row-has-padding-bottom\"><div class=\"wpb_column vc_column_container vc_col-sm-1\/5\"><div class=\"vc_column-inner vc_custom_1583855014730\"><div class=\"wpb_wrapper\"><div class=\"kd_counter icon-top\" ><div class=\"kd_counter_content\"><div class=\"kd_counter_icon\"><div class=\"kd-counter-icon\"><i class=\"iconsmind-Medal-3 iconsmind-Sports\" style=\"  \"><\/i><\/div><\/div><h4 class=\"kd_counter_number\"><span class=\"kd_number_string\"  data-from=\"0\" data-to=\"923\" data-refresh-interval=\"50\" >0<\/span>\n                                  <span class=\"kd_counter_units\" >Notre Dame de Sion<\/span><\/h4><\/div><\/div><\/div><\/div><\/div><div class=\"wpb_column vc_column_container vc_col-sm-1\/5\"><div class=\"vc_column-inner vc_custom_1583855010531\"><div class=\"wpb_wrapper\"><div class=\"kd_counter icon-top\" ><div class=\"kd_counter_content\"><div class=\"kd_counter_icon\"><div class=\"kd-counter-icon\"><i class=\"iconsmind-Medal-3 iconsmind-Sports\" style=\"  \"><\/i><\/div><\/div><h4 class=\"kd_counter_number\"><span class=\"kd_number_string\"  data-from=\"0\" data-to=\"742\" data-refresh-interval=\"50\" >0<\/span>\n                                  <span class=\"kd_counter_units\" >Saint Beno\u00eet<\/span><\/h4><\/div><\/div><\/div><\/div><\/div><div class=\"wpb_column vc_column_container vc_col-sm-1\/5\"><div class=\"vc_column-inner vc_custom_1583855003671\"><div class=\"wpb_wrapper\"><div class=\"kd_counter icon-top\" ><div class=\"kd_counter_content\"><div class=\"kd_counter_icon\"><div class=\"kd-counter-icon\"><i class=\"iconsmind-Medal-3 iconsmind-Sports\" style=\"  \"><\/i><\/div><\/div><h4 class=\"kd_counter_number\"><span class=\"kd_number_string\"  data-from=\"0\" data-to=\"592\" data-refresh-interval=\"50\" >0<\/span>\n                                  <span class=\"kd_counter_units\" >Saint-Michel<\/span><\/h4><\/div><\/div><\/div><\/div><\/div><div class=\"wpb_column vc_column_container vc_col-sm-1\/5\"><div class=\"vc_column-inner vc_custom_1583854994702\"><div class=\"wpb_wrapper\"><div class=\"kd_counter icon-top\" ><div class=\"kd_counter_content\"><div class=\"kd_counter_icon\"><div class=\"kd-counter-icon\"><i class=\"iconsmind-Medal-3 iconsmind-Sports\" style=\"  \"><\/i><\/div><\/div><h4 class=\"kd_counter_number\"><span class=\"kd_number_string\"  data-from=\"0\" data-to=\"451\" data-refresh-interval=\"50\" >0<\/span>\n                                  <span class=\"kd_counter_units\" >Saint Joseph<\/span><\/h4><\/div><\/div><\/div><\/div><\/div><div class=\"wpb_column vc_column_container vc_col-sm-1\/5\"><div class=\"vc_column-inner vc_custom_1583855019428\"><div class=\"wpb_wrapper\"><div class=\"kd_counter icon-top\" ><div class=\"kd_counter_content\"><div class=\"kd_counter_icon\"><div class=\"kd-counter-icon\"><i class=\"iconsmind-Medal-3 iconsmind-Sports\" style=\"  \"><\/i><\/div><\/div><h4 class=\"kd_counter_number\"><span class=\"kd_number_string\"  data-from=\"0\" data-to=\"215\" data-refresh-interval=\"50\" >0<\/span>\n                                  <span class=\"kd_counter_units\" >Sainte Pulch\u00e9rie<\/span><\/h4><\/div><\/div><\/div><\/div><\/div><\/div><div class=\"vc_row wpb_row vc_inner vc_row-fluid vc_custom_1583855254754 vc_row-has-padding-top vc_row-has-padding-bottom\"><div class=\"wpb_column vc_column_container vc_col-sm-1\/5\"><div class=\"vc_column-inner vc_custom_1583855014730\"><div class=\"wpb_wrapper\"><div class=\"kd_counter icon-top\" ><div class=\"kd_counter_content\"><div class=\"kd_counter_icon\"><div class=\"kd-counter-icon\"><i class=\"iconsmind-Medal-3 iconsmind-Sports\" style=\"  \"><\/i><\/div><\/div><h4 class=\"kd_counter_number\"><span class=\"kd_number_string\"  data-from=\"0\" data-to=\"38\" data-refresh-interval=\"50\" >0<\/span>\n                                  <span class=\"kd_counter_units\" >Pierre Loti<\/span><\/h4><\/div><\/div><\/div><\/div><\/div><div class=\"wpb_column vc_column_container vc_col-sm-1\/5\"><div class=\"vc_column-inner vc_custom_1583855010531\"><div class=\"wpb_wrapper\"><div class=\"kd_counter icon-top\" ><div class=\"kd_counter_content\"><div class=\"kd_counter_icon\"><div class=\"kd-counter-icon\"><i class=\"iconsmind-Medal-3 iconsmind-Sports\" style=\"  \"><\/i><\/div><\/div><h4 class=\"kd_counter_number\"><span class=\"kd_number_string\"  data-from=\"0\" data-to=\"21\" data-refresh-interval=\"50\" >0<\/span>\n                                  <span class=\"kd_counter_units\" >Ankara Tevfik Fikret<\/span><\/h4><\/div><\/div><\/div><\/div><\/div><div class=\"wpb_column vc_column_container vc_col-sm-1\/5\"><div class=\"vc_column-inner vc_custom_1583855003671\"><div class=\"wpb_wrapper\"><div class=\"kd_counter icon-top\" ><div class=\"kd_counter_content\"><div class=\"kd_counter_icon\"><div class=\"kd-counter-icon\"><i class=\"iconsmind-Medal-3 iconsmind-Sports\" style=\"  \"><\/i><\/div><\/div><h4 class=\"kd_counter_number\"><span class=\"kd_number_string\"  data-from=\"0\" data-to=\"24\" data-refresh-interval=\"50\" >0<\/span>\n                                  <span class=\"kd_counter_units\" >Ankara Charles de Gaule<\/span><\/h4><\/div><\/div><\/div><\/div><\/div><div class=\"wpb_column vc_column_container vc_col-sm-1\/5\"><div class=\"vc_column-inner vc_custom_1583854994702\"><div class=\"wpb_wrapper\"><div class=\"kd_counter icon-top\" ><div class=\"kd_counter_content\"><div class=\"kd_counter_icon\"><div class=\"kd-counter-icon\"><i class=\"iconsmind-Medal-3 iconsmind-Sports\" style=\"  \"><\/i><\/div><\/div><h4 class=\"kd_counter_number\"><span class=\"kd_number_string\"  data-from=\"0\" data-to=\"102\" data-refresh-interval=\"50\" >0<\/span>\n                                  <span class=\"kd_counter_units\" >Izmir Saint Joseph<\/span><\/h4><\/div><\/div><\/div><\/div><\/div><div class=\"wpb_column vc_column_container vc_col-sm-1\/5\"><div class=\"vc_column-inner vc_custom_1583855019428\"><div class=\"wpb_wrapper\"><div class=\"kd_counter icon-top\" ><div class=\"kd_counter_content\"><div class=\"kd_counter_icon\"><div class=\"kd-counter-icon\"><i class=\"iconsmind-Medal-3 iconsmind-Sports\" style=\"  \"><\/i><\/div><\/div><h4 class=\"kd_counter_number\"><span class=\"kd_number_string\"  data-from=\"0\" data-to=\"92\" data-refresh-interval=\"50\" >0<\/span>\n                                  <span class=\"kd_counter_units\" >Izmir Tevfik Fikret<\/span><\/h4><\/div><\/div><\/div><\/div><\/div><\/div><div class=\"vc_row wpb_row vc_inner vc_row-fluid vc_custom_1583865136763 vc_row-has-padding-bottom\"><div class=\"wpb_column vc_column_container vc_col-sm-12\"><div class=\"vc_column-inner\"><div class=\"wpb_wrapper\"><header class=\"kd-section-title vc_col-lg-6 vc_col-sm-8 text-center  kd-animated fadeIn   vc_custom_1584009287172\" data-animation-delay=\"200\"><h6 class=\"subtitle\" >Nos \u00e9l\u00e8ves ont r\u00e9ussi de nombreuses \u00e9tapes de leur formation, de la classe pr\u00e9paratoire \u00e0 la derni\u00e8re ann\u00e9e.<\/h6><\/header><\/div><\/div><\/div><\/div><\/div><\/div><\/div><\/div><div class=\"vc_row-full-width vc_clearfix\"><\/div><div data-vc-full-width=\"true\" data-vc-full-width-init=\"false\" class=\"vc_row wpb_row vc_row-fluid\"><div class=\"wpb_column vc_column_container vc_col-sm-12\"><div class=\"vc_column-inner\"><div class=\"wpb_wrapper\"><div class=\"vc_row wpb_row vc_inner vc_row-fluid vc_custom_1513764983907 vc_row-has-padding-top vc_row-has-padding-bottom\"><div class=\"wpb_column vc_column_container vc_col-sm-3\"><div class=\"vc_column-inner vc_custom_1584106866055\"><div class=\"wpb_wrapper\"><div  class= \"vc_pie_chart wpb_content_element\" data-pie-value=\"95\" data-pie-label-value=\"\" data-pie-units=\"%\" data-pie-color=\"#75d69c\"><div class=\"wpb_wrapper\"><div class=\"vc_pie_wrapper\"><span class=\"vc_pie_chart_back\" style=\"border-color: #75d69c\"><\/span><span class=\"vc_pie_chart_value\"><\/span><canvas width=\"101\" height=\"101\"><\/canvas><\/div><h4 class=\"wpb_heading wpb_pie_chart_heading\">Gagnant du GS Secondaire 2013\u00a0; Alara \u015eener, dipl\u00f4m\u00e9e du lyc\u00e9e GS en 2017 avec une moyenne de 95%, a \u00e9tudi\u00e9 dans la famille Ch\u00e2teau pendant 8 ans.<\/h4><\/div><\/div><\/div><\/div><\/div><div class=\"wpb_column vc_column_container vc_col-sm-3\"><div class=\"vc_column-inner vc_custom_1535972934416\"><div class=\"wpb_wrapper\"><div  class= \"vc_pie_chart wpb_content_element\" data-pie-value=\"95\" data-pie-label-value=\"\" data-pie-units=\"%\" data-pie-color=\"#75d69c\"><div class=\"wpb_wrapper\"><div class=\"vc_pie_wrapper\"><span class=\"vc_pie_chart_back\" style=\"border-color: #75d69c\"><\/span><span class=\"vc_pie_chart_value\"><\/span><canvas width=\"101\" height=\"101\"><\/canvas><\/div><h4 class=\"wpb_heading wpb_pie_chart_heading\">La moyenne de l\u2019ann\u00e9e 2017 de Roberto Emre S\u00f6kmen, \u00e9tudiant de 4eme \u00e0 Saint Michel.<\/h4><\/div><\/div><\/div><\/div><\/div><div class=\"wpb_column vc_column_container vc_col-sm-3\"><div class=\"vc_column-inner vc_custom_1535972937262\"><div class=\"wpb_wrapper\"><div  class= \"vc_pie_chart wpb_content_element\" data-pie-value=\"95\" data-pie-label-value=\"\" data-pie-units=\"%\" data-pie-color=\"#75d69c\"><div class=\"wpb_wrapper\"><div class=\"vc_pie_wrapper\"><span class=\"vc_pie_chart_back\" style=\"border-color: #75d69c\"><\/span><span class=\"vc_pie_chart_value\"><\/span><canvas width=\"101\" height=\"101\"><\/canvas><\/div><h4 class=\"wpb_heading wpb_pie_chart_heading\">La moyenne d\u2019Antonio Can S\u00f6kmen, \u00e9tudiant \u00e0 Sainte Pulch\u00e9rie et qui est pass\u00e9 en 3eme, \u00e9tudie dans notre \u00e9tablissement depuis 4 ans.<\/h4><\/div><\/div><\/div><\/div><\/div><div class=\"wpb_column vc_column_container vc_col-sm-3\"><div class=\"vc_column-inner vc_custom_1535972941143\"><div class=\"wpb_wrapper\"><div  class= \"vc_pie_chart wpb_content_element\" data-pie-value=\"85\" data-pie-label-value=\"\" data-pie-units=\"%\" data-pie-color=\"#75d69c\"><div class=\"wpb_wrapper\"><div class=\"vc_pie_wrapper\"><span class=\"vc_pie_chart_back\" style=\"border-color: #75d69c\"><\/span><span class=\"vc_pie_chart_value\"><\/span><canvas width=\"101\" height=\"101\"><\/canvas><\/div><h4 class=\"wpb_heading wpb_pie_chart_heading\">La moyenne de Lila \u00d6zkan, \u00e9tudiante \u00e0 Saint Beno\u00eet et qui est pass\u00e9e en 4\u00e8me, \u00e9tudie dans notre \u00e9tablissement depuis 2 ans.<\/h4><\/div><\/div><\/div><\/div><\/div><\/div><\/div><\/div><\/div><\/div><div class=\"vc_row-full-width vc_clearfix\"><\/div><div data-vc-full-width=\"true\" data-vc-full-width-init=\"false\" class=\"vc_row wpb_row vc_row-fluid vc_custom_1583856557883 vc_row-has-fill\"><div class=\"wpb_column vc_column_container vc_col-sm-12\"><div class=\"vc_column-inner\"><div class=\"wpb_wrapper\"><div class=\"vc_row wpb_row vc_inner vc_row-fluid vc_custom_1513764983907 vc_row-has-padding-top vc_row-has-padding-bottom\"><div class=\"wpb_column vc_column_container vc_col-sm-3\"><div class=\"vc_column-inner vc_custom_1584106873116\"><div class=\"wpb_wrapper\"><div  class= \"vc_pie_chart wpb_content_element\" data-pie-value=\"95\" data-pie-label-value=\"\" data-pie-units=\"%\" data-pie-color=\"#75d69c\"><div class=\"wpb_wrapper\"><div class=\"vc_pie_wrapper\"><span class=\"vc_pie_chart_back\" style=\"border-color: #75d69c\"><\/span><span class=\"vc_pie_chart_value\"><\/span><canvas width=\"101\" height=\"101\"><\/canvas><\/div><h4 class=\"wpb_heading wpb_pie_chart_heading\">95% des \u00e9l\u00e8ves que nous avons pr\u00e9par\u00e9s pour les examens de classe pr\u00e9paratoire, ont r\u00e9ussi les examens et sont pass\u00e9s directement en 6eme.<\/h4><\/div><\/div><\/div><\/div><\/div><div class=\"wpb_column vc_column_container vc_col-sm-3\"><div class=\"vc_column-inner vc_custom_1584106877180\"><div class=\"wpb_wrapper\"><div  class= \"vc_pie_chart wpb_content_element\" data-pie-value=\"85\" data-pie-label-value=\"\" data-pie-units=\"%\" data-pie-color=\"#75d69c\"><div class=\"wpb_wrapper\"><div class=\"vc_pie_wrapper\"><span class=\"vc_pie_chart_back\" style=\"border-color: #75d69c\"><\/span><span class=\"vc_pie_chart_value\"><\/span><canvas width=\"101\" height=\"101\"><\/canvas><\/div><h4 class=\"wpb_heading wpb_pie_chart_heading\">La moyenne en langue fran\u00e7aise de nos \u00e9l\u00e8ves de classe pr\u00e9paratoire, en 2017.<\/h4><\/div><\/div><\/div><\/div><\/div><div class=\"wpb_column vc_column_container vc_col-sm-3\"><div class=\"vc_column-inner vc_custom_1584106882524\"><div class=\"wpb_wrapper\"><div  class= \"vc_pie_chart wpb_content_element\" data-pie-value=\"100\" data-pie-label-value=\"\" data-pie-units=\"%\" data-pie-color=\"#75d69c\"><div class=\"wpb_wrapper\"><div class=\"vc_pie_wrapper\"><span class=\"vc_pie_chart_back\" style=\"border-color: #75d69c\"><\/span><span class=\"vc_pie_chart_value\"><\/span><canvas width=\"101\" height=\"101\"><\/canvas><\/div><h4 class=\"wpb_heading wpb_pie_chart_heading\">Succ\u00e8s obtenu \u00e0 l'examen de passage au lyc\u00e9e de Galatasaray chaque ann\u00e9e, depuis 2011.<\/h4><\/div><\/div><\/div><\/div><\/div><div class=\"wpb_column vc_column_container vc_col-sm-3\"><div class=\"vc_column-inner vc_custom_1584106887781\"><div class=\"wpb_wrapper\"><div class=\"kd-alertbox ab_success\">\n                <div class=\"ab-icon\"><i class=\"fas fa-check iconita\"><\/i><\/div>\n                <div class=\"ab-message\">2 \u00e9l\u00e8ves qui ont redoubl\u00e9 la classe pr\u00e9paratoire pour la deuxi\u00e8me fois et qui \u00e9taient sur le point d'\u00eatre expuls\u00e9s de l'\u00e9cole ont \u00e9t\u00e9 autoris\u00e9s \u00e0 poursuivre leurs \u00e9tudes \u00e0 Galatasaray en d\u00e9passant le seuil de 70 points.<\/div>\n                <a href=\"#\" class=\"ab-close\"><i class=\"fas fa-times iconita\"><\/i><\/a>\n            <\/div><div class=\"vc_empty_space\"   style=\"height: 20px\"><span class=\"vc_empty_space_inner\"><\/span><\/div><\/div><\/div><\/div><\/div><\/div><\/div><\/div><\/div><div class=\"vc_row-full-width vc_clearfix\"><\/div>","protected":false},"excerpt":{"rendered":"Frans\u0131z Liseleri 9.S\u0131n\u0131fa do\u011frudan ge\u00e7i\u015f s\u0131nav\u0131n\u0131 ge\u00e7erek 2025-2026 E\u011fitim-\u00d6\u011fretim Y\u0131l\u0131'nda 9.s\u0131n\u0131fa ba\u015flayacak olan \u00f6\u011frencimiz Duru [...]","protected":false},"author":1,"featured_media":0,"parent":0,"menu_order":0,"comment_status":"closed","ping_status":"closed","template":"","meta":{"footnotes":""},"class_list":["post-5722","page","type-page","status-publish","hentry"],"yoast_head":"<!-- This site is optimized with the Yoast SEO plugin v15.5 - https:\/\/yoast.com\/wordpress\/plugins\/seo\/ -->\n<title>Say\u0131sal Veriler | Chateau E\u011fitim<\/title>\n<meta name=\"robots\" content=\"index, follow, max-snippet:-1, max-image-preview:large, max-video-preview:-1\" \/>\n<link rel=\"canonical\" href=\"https:\/\/chateauegitim.com\/fr\/gurur-tablomuz-sayisal-veriler\/\" \/>\n<meta property=\"og:locale\" content=\"fr_FR\" \/>\n<meta property=\"og:type\" content=\"article\" \/>\n<meta property=\"og:title\" content=\"Say\u0131sal Veriler | Chateau E\u011fitim\" \/>\n<meta property=\"og:url\" content=\"https:\/\/chateauegitim.com\/fr\/gurur-tablomuz-sayisal-veriler\/\" \/>\n<meta property=\"og:site_name\" content=\"Chateau E\u011fitim\" \/>\n<meta property=\"article:modified_time\" content=\"2025-07-15T10:31:28+00:00\" \/>\n<meta name=\"twitter:card\" content=\"summary_large_image\" \/>\n<meta name=\"twitter:label1\" content=\"Dur\u00e9e de lecture est.\">\n\t<meta name=\"twitter:data1\" content=\"6 minutes\">\n<script type=\"application\/ld+json\" class=\"yoast-schema-graph\">{\"@context\":\"https:\/\/schema.org\",\"@graph\":[{\"@type\":\"WebSite\",\"@id\":\"https:\/\/chateauegitim.com\/fr\/#website\",\"url\":\"https:\/\/chateauegitim.com\/fr\/\",\"name\":\"Chateau E\\u011fitim\",\"description\":\"\\u0130novatif E\\u011fitim\",\"potentialAction\":[{\"@type\":\"SearchAction\",\"target\":\"https:\/\/chateauegitim.com\/fr\/?s={search_term_string}\",\"query-input\":\"required name=search_term_string\"}],\"inLanguage\":\"fr-FR\"},{\"@type\":\"WebPage\",\"@id\":\"https:\/\/chateauegitim.com\/fr\/gurur-tablomuz-sayisal-veriler\/#webpage\",\"url\":\"https:\/\/chateauegitim.com\/fr\/gurur-tablomuz-sayisal-veriler\/\",\"name\":\"Say\\u0131sal Veriler | Chateau E\\u011fitim\",\"isPartOf\":{\"@id\":\"https:\/\/chateauegitim.com\/fr\/#website\"},\"datePublished\":\"2018-10-22T13:45:24+00:00\",\"dateModified\":\"2025-07-15T10:31:28+00:00\",\"inLanguage\":\"fr-FR\",\"potentialAction\":[{\"@type\":\"ReadAction\",\"target\":[\"https:\/\/chateauegitim.com\/fr\/gurur-tablomuz-sayisal-veriler\/\"]}]}]}<\/script>\n<!-- \/ Yoast SEO plugin. -->","_links":{"self":[{"href":"https:\/\/chateauegitim.com\/fr\/wp-json\/wp\/v2\/pages\/5722","targetHints":{"allow":["GET"]}}],"collection":[{"href":"https:\/\/chateauegitim.com\/fr\/wp-json\/wp\/v2\/pages"}],"about":[{"href":"https:\/\/chateauegitim.com\/fr\/wp-json\/wp\/v2\/types\/page"}],"author":[{"embeddable":true,"href":"https:\/\/chateauegitim.com\/fr\/wp-json\/wp\/v2\/users\/1"}],"replies":[{"embeddable":true,"href":"https:\/\/chateauegitim.com\/fr\/wp-json\/wp\/v2\/comments?post=5722"}],"version-history":[{"count":97,"href":"https:\/\/chateauegitim.com\/fr\/wp-json\/wp\/v2\/pages\/5722\/revisions"}],"predecessor-version":[{"id":9721,"href":"https:\/\/chateauegitim.com\/fr\/wp-json\/wp\/v2\/pages\/5722\/revisions\/9721"}],"wp:attachment":[{"href":"https:\/\/chateauegitim.com\/fr\/wp-json\/wp\/v2\/media?parent=5722"}],"curies":[{"name":"wp","href":"https:\/\/api.w.org\/{rel}","templated":true}]}}