{"id":7480,"date":"2020-03-06T13:39:49","date_gmt":"2020-03-06T10:39:49","guid":{"rendered":"http:\/\/chateauegitim.com\/?page_id=7480"},"modified":"2022-10-24T11:12:31","modified_gmt":"2022-10-24T08:12:31","slug":"fransiz-okullarina-ozel-programlar","status":"publish","type":"page","link":"https:\/\/chateauegitim.com\/fr\/fransiz-okullarina-ozel-programlar\/","title":{"rendered":"Des Programmes Sp\u00e9ciaux pour les Ecoles Fran\u00e7aises"},"content":{"rendered":"<div class=\"vc_row wpb_row vc_row-fluid vc_custom_1556018461316 vc_row-has-padding-top vc_row-has-padding-bottom\"><div class=\"wpb_column vc_column_container vc_col-sm-12\"><div class=\"vc_column-inner\"><div class=\"wpb_wrapper\"><div class=\"feature-sections-wrapper kd-fsp-6a04925e05f80\">\r\n            <section class=\"feature-sections-tabs\">\r\n              <nav class=\"kd-feature-tabs\">\r\n                <ul class=\"nav nav-tabs sticky-tabs container\">\r\n                <\/ul>\r\n              <\/nav>\r\n            <\/section>\r\n            <section id=\"kd-fss-6a04925e06005\" class=\"featured-right\"><li class=\"nav-label\"><a class=\"feature-tabs-scroll\" href=\"#kd-fss-6a04925e06005\"><i class=\"iconsmind-Information fss-nav-icon\" style=\" \"><\/i> De quoi s'agit-il ?<\/a><\/li><div class=\"container\">\r\n                <div class=\"side-content-wrapper kd-animated fadeInLeft\" data-animation-delay=\"200\"><i class=\"section-icon\" style=\" \"><\/i> <h2 class=\"side-content-title\" >De quoi s'agit-il ?<\/h2><h6 class=\"side-content-subtitle\" >Le syst\u00e8me \u00e9ducatif fran\u00e7ais est un syst\u00e8me \u00e9ducatif poss\u00e9dant ses propres dynamiques et caract\u00e9ristiques. Pour cette raison, il est n\u00e9cessaire pour que tous \u00e9l\u00e8ves r\u00e9ussissent, que leur \u00e9ducation r\u00e9ponde aux exigences du syst\u00e8me \u00e9ducatif en question.<\/h6><div class=\"side-content-text\" ><\/p>\n<p class=\"font_8\"><span class=\"color_3\">Dans ce contexte en tant que Ch\u00e2teau E\u011fitim;<\/span><span class=\"color_2\"> Ch\u00e2teau E\u011fitim a l'exp\u00e9rience de rencontre et d'enseignement des \u00e9l\u00e8ves de toutes les \u00e9coles fran\u00e7aises.<\/span><\/p>\n<p class=\"font_8\"><span class=\"color_2\">Nous accordons une attention particuli\u00e8re au fait que notre enseignant, qui a prouv\u00e9 sa r\u00e9ussite dans son domaine, a travaill\u00e9 dans le pass\u00e9 avec les \u00e9l\u00e8ves de l'\u00e9cole dans lequel votre enfant \u00e9tudie, et ma\u00eetrise parfaitement le programme de l'\u00e9cole concern\u00e9e.<\/span><\/p>\n<p>\n<\/div><\/div><div class=\"side-featured-wrapper fss-rectangle kd-animated fadeInRight fss-shadow-image\" data-animation-delay=\"200\">\r\n      <div class=\"featured-image\"><img loading=\"lazy\" decoding=\"async\" width=\"1536\" height=\"2048\" src=\"https:\/\/chateauegitim.com\/wp-content\/uploads\/2022\/10\/4932be47-5fc3-4e66-9640-7f9a5ae6a499.jpg\" class=\"attachment-full\" alt=\"\" srcset=\"https:\/\/chateauegitim.com\/wp-content\/uploads\/2022\/10\/4932be47-5fc3-4e66-9640-7f9a5ae6a499.jpg 1536w, https:\/\/chateauegitim.com\/wp-content\/uploads\/2022\/10\/4932be47-5fc3-4e66-9640-7f9a5ae6a499-225x300.jpg 225w, https:\/\/chateauegitim.com\/wp-content\/uploads\/2022\/10\/4932be47-5fc3-4e66-9640-7f9a5ae6a499-768x1024.jpg 768w, https:\/\/chateauegitim.com\/wp-content\/uploads\/2022\/10\/4932be47-5fc3-4e66-9640-7f9a5ae6a499-1152x1536.jpg 1152w, https:\/\/chateauegitim.com\/wp-content\/uploads\/2022\/10\/4932be47-5fc3-4e66-9640-7f9a5ae6a499-9x12.jpg 9w, https:\/\/chateauegitim.com\/wp-content\/uploads\/2022\/10\/4932be47-5fc3-4e66-9640-7f9a5ae6a499-18x24.jpg 18w, https:\/\/chateauegitim.com\/wp-content\/uploads\/2022\/10\/4932be47-5fc3-4e66-9640-7f9a5ae6a499-27x36.jpg 27w, https:\/\/chateauegitim.com\/wp-content\/uploads\/2022\/10\/4932be47-5fc3-4e66-9640-7f9a5ae6a499-36x48.jpg 36w\" sizes=\"auto, (max-width: 1536px) 100vw, 1536px\" \/><\/div>\r\n    <\/div><\/div>\r\n            <\/section><section id=\"kd-fss-6a04925e0646a\" class=\"featured-left\"><li class=\"nav-label\"><a class=\"feature-tabs-scroll\" href=\"#kd-fss-6a04925e0646a\"><i class=\"iconsmind-Arrow-Mix fss-nav-icon\" style=\" \"><\/i> Le mod\u00e8le d\u2019\u00e9ducation hybride<\/a><\/li><div class=\"container\">\r\n                <div class=\"side-content-wrapper kd-animated fadeInRight\" data-animation-delay=\"200\"><i class=\"section-icon\" style=\" \"><\/i> <h2 class=\"side-content-title\" >Le mod\u00e8le d\u2019\u00e9ducation hybride<\/h2><h6 class=\"side-content-subtitle\" >Le mod\u00e8le d'\u00e9ducation hybride est appliqu\u00e9 dans les \u00e9tablissements d'enseignement du ch\u00e2teau selon le d\u00e9sire de nos \u00e9tudiants; Ils peuvent choisir entre un enseignement pr\u00e9sentiel ou \u00e0 distance .<\/h6><div class=\"side-content-text\" ><p>Dans l'enseignement \u00e0 distance, nous proposons une formation de qualit\u00e9, dans des salles de classe de 1-2,3 ou 4-5 personnes avec nos plateformes et \u00e9quipements de formation num\u00e9rique.<\/p>\n<p>Les enseignants, qui font partie du personnel de Ch\u00e2teau E\u011fitim (Ch\u00e2teau Education), sont des professeurs comp\u00e9tents dans leur domaine et surtout des enseignants qui ma\u00eetrisent parfaitement les programmes scolaires, qui savent communiquer amicalement avec les enfants comme fr\u00e8re et s\u0153ur, plut\u00f4t que comme un enseignant.<\/p>\n<p>Tous nos enseignants ont suivi une formation \u00e9ducative de 30 heures chez Ch\u00e2teau E\u011fitim et ont d\u00e9velopp\u00e9 leurs comp\u00e9tences selon les dynamiques d\u2019une \u00e9ducation innovative (m\u00e9thodes et syst\u00e8mes d\u2019apprentissage digitaux, m\u00e9thodologie d\u2019apprentissage interactive, outils p\u00e9dagogiques de nouvelle g\u00e9n\u00e9ration, \u00e9ducation ludique, \u00e9ducation STEM, la relation entre l'\u00e9ducation et la psychologie, l'intelligence \u00e9motionnelle et la gestion des comportements probl\u00e9matiques).<\/p>\n<\/div><\/div><div class=\"side-featured-wrapper fss-rectangle kd-animated fadeInLeft fss-shadow-image\" data-animation-delay=\"200\">\r\n      <div class=\"featured-image\"><img loading=\"lazy\" decoding=\"async\" width=\"1366\" height=\"1920\" src=\"https:\/\/chateauegitim.com\/wp-content\/uploads\/2020\/11\/FransizOkullariHibrit.jpg\" class=\"attachment-full\" alt=\"\" srcset=\"https:\/\/chateauegitim.com\/wp-content\/uploads\/2020\/11\/FransizOkullariHibrit.jpg 1366w, https:\/\/chateauegitim.com\/wp-content\/uploads\/2020\/11\/FransizOkullariHibrit-213x300.jpg 213w, https:\/\/chateauegitim.com\/wp-content\/uploads\/2020\/11\/FransizOkullariHibrit-729x1024.jpg 729w, https:\/\/chateauegitim.com\/wp-content\/uploads\/2020\/11\/FransizOkullariHibrit-768x1079.jpg 768w, https:\/\/chateauegitim.com\/wp-content\/uploads\/2020\/11\/FransizOkullariHibrit-1093x1536.jpg 1093w, https:\/\/chateauegitim.com\/wp-content\/uploads\/2020\/11\/FransizOkullariHibrit-17x24.jpg 17w, https:\/\/chateauegitim.com\/wp-content\/uploads\/2020\/11\/FransizOkullariHibrit-26x36.jpg 26w, https:\/\/chateauegitim.com\/wp-content\/uploads\/2020\/11\/FransizOkullariHibrit-34x48.jpg 34w\" sizes=\"auto, (max-width: 1366px) 100vw, 1366px\" \/><\/div>\r\n    <\/div><\/div>\r\n            <\/section><section id=\"kd-fss-6a04925e06749\" class=\"featured-right\"><li class=\"nav-label\"><a class=\"feature-tabs-scroll\" href=\"#kd-fss-6a04925e06749\"><i class=\"iconsmind-Affiliate fss-nav-icon\" style=\" \"><\/i> Opportunit\u00e9s de Cours Particuliers<\/a><\/li><div class=\"container\">\r\n                <div class=\"side-content-wrapper kd-animated fadeInRight\" data-animation-delay=\"200\"><i class=\"section-icon\" style=\" \"><\/i> <h2 class=\"side-content-title\" >Opportunit\u00e9s de Cours Particuliers<\/h2><h6 class=\"side-content-subtitle\" >Les \u00e9l\u00e8ves des Programmes de Renforcement Scolaire des Lyc\u00e9es Fran\u00e7ais ont la possibilit\u00e9 de suivre, quand ils le souhaitent, des cours particuliers dans des classes de 1, 2-3 ou 4-5 personnes.<\/h6><div class=\"side-content-text\" ><p><span class=\"color_2\">Nous offrons un cours d'essai avant leur inscription aux programmes de renforcement scolaire appropri\u00e9s. Apr\u00e8s les cours d'essai, les niveaux des \u00e9tudiants sont d\u00e9termin\u00e9s et un emploi du temps personnalis\u00e9s est pr\u00e9par\u00e9 pour l'\u00e9tudiant.\u00a0<\/span><\/p>\n<\/div><\/div><div class=\"side-featured-wrapper fss-rectangle kd-animated fadeInLeft fss-shadow-image\" data-animation-delay=\"200\">\r\n      <div class=\"featured-image\"><img loading=\"lazy\" decoding=\"async\" width=\"1920\" height=\"1468\" src=\"https:\/\/chateauegitim.com\/wp-content\/uploads\/2020\/11\/O\u0308zelDers.jpg\" class=\"attachment-full\" alt=\"\" srcset=\"https:\/\/chateauegitim.com\/wp-content\/uploads\/2020\/11\/O\u0308zelDers.jpg 1920w, https:\/\/chateauegitim.com\/wp-content\/uploads\/2020\/11\/O\u0308zelDers-300x229.jpg 300w, https:\/\/chateauegitim.com\/wp-content\/uploads\/2020\/11\/O\u0308zelDers-1024x783.jpg 1024w, https:\/\/chateauegitim.com\/wp-content\/uploads\/2020\/11\/O\u0308zelDers-768x587.jpg 768w, https:\/\/chateauegitim.com\/wp-content\/uploads\/2020\/11\/O\u0308zelDers-1536x1174.jpg 1536w, https:\/\/chateauegitim.com\/wp-content\/uploads\/2020\/11\/O\u0308zelDers-24x18.jpg 24w, https:\/\/chateauegitim.com\/wp-content\/uploads\/2020\/11\/O\u0308zelDers-36x28.jpg 36w, https:\/\/chateauegitim.com\/wp-content\/uploads\/2020\/11\/O\u0308zelDers-48x37.jpg 48w\" sizes=\"auto, (max-width: 1920px) 100vw, 1920px\" \/><\/div>\r\n    <\/div><\/div>\r\n            <\/section><section id=\"kd-fss-6a04925e06a0f\" class=\"featured-left\"><li class=\"nav-label\"><a class=\"feature-tabs-scroll\" href=\"#kd-fss-6a04925e06a0f\"><i class=\"iconsmind-The-WhiteHouse fss-nav-icon\" style=\" \"><\/i> Pourquoi nous offrons un cours d\u2019essai ?<\/a><\/li><div class=\"container\">\r\n                <div class=\"side-content-wrapper kd-animated fadeInLeft\" data-animation-delay=\"200\"><i class=\"section-icon\" style=\" \"><\/i> <h2 class=\"side-content-title\" >Pourquoi nous offrons un cours d\u2019essai ?<\/h2><h6 class=\"side-content-subtitle\" >Les cours d'essai avec les \u00e9l\u00e8ves avant l'inscription au programme de renforcement scolaires ont deux objectifs:<\/h6><div class=\"side-content-text\" ><\/p>\n<p class=\"font_8\"><span class=\"color_2\">Pour que l\u2019\u00e9tudiant puisse conna\u00eetre le concept de Ch\u00e2teau E\u011fitim et pour permettre aux \u00e9tudiants et parents de pouvoir faire leur choix sans aucune h\u00e9sitation.<\/span><\/p>\n<p class=\"font_8\"><span class=\"color_2\">Pour que les enseignants puissent concevoir le programme \u00e9ducatif le plus appropri\u00e9 qui m\u00e8nera l'\u00e9l\u00e8ve \u00e0 la r\u00e9ussite et donnera une garantie aux parents. Sur une base d\u2019analyse solide<\/span><\/p>\n<p class=\"font_8\">Vous pouvez nous contacter pour profiter des opportunit\u00e9s de cours d'essai gratuites fournies uniquement par des acad\u00e9miciens dont certains de l'Universit\u00e9 de Galatasaray et des enseignants experts dans leur domaine.\u00a0<span class=\"color_2\">uniquement par des acad\u00e9miciens et des acad\u00e9miciens de l'Universit\u00e9 de Galatasaray et des enseignants experts dans leur domaine<\/span><\/p>\n<p>En raison de l'intensit\u00e9 des horaires r\u00e9guliers de nos enseignants, les quotas de cours d'essai hebdomadaires gratuits\u00a0<span class=\"color_2\">sont limit\u00e9s. Veuillez nous contacter et prendre un rendez-vous.<\/span><\/p>\n<\/div><div class=\"side-content-link sc-primary-btn\"><a href=\"#form\" target=\"_self\" title=\"Contactez-nous\" class=\"tt_button tt_primary_button btn_primary_color button-action-link\">Contactez-nous<\/a><\/div><\/div><div class=\"side-featured-wrapper fss-rectangle kd-animated fadeInRight fss-shadow-image\" data-animation-delay=\"200\">\r\n      <div class=\"featured-image\"><img loading=\"lazy\" decoding=\"async\" width=\"1600\" height=\"1200\" src=\"https:\/\/chateauegitim.com\/wp-content\/uploads\/2020\/03\/WhatsApp-Image-2020-03-24-at-14.57.16.jpeg\" class=\"attachment-full\" alt=\"\" srcset=\"https:\/\/chateauegitim.com\/wp-content\/uploads\/2020\/03\/WhatsApp-Image-2020-03-24-at-14.57.16.jpeg 1600w, https:\/\/chateauegitim.com\/wp-content\/uploads\/2020\/03\/WhatsApp-Image-2020-03-24-at-14.57.16-800x600.jpeg 800w, https:\/\/chateauegitim.com\/wp-content\/uploads\/2020\/03\/WhatsApp-Image-2020-03-24-at-14.57.16-300x225.jpeg 300w, https:\/\/chateauegitim.com\/wp-content\/uploads\/2020\/03\/WhatsApp-Image-2020-03-24-at-14.57.16-1024x768.jpeg 1024w, https:\/\/chateauegitim.com\/wp-content\/uploads\/2020\/03\/WhatsApp-Image-2020-03-24-at-14.57.16-768x576.jpeg 768w, https:\/\/chateauegitim.com\/wp-content\/uploads\/2020\/03\/WhatsApp-Image-2020-03-24-at-14.57.16-1536x1152.jpeg 1536w, https:\/\/chateauegitim.com\/wp-content\/uploads\/2020\/03\/WhatsApp-Image-2020-03-24-at-14.57.16-24x18.jpeg 24w, https:\/\/chateauegitim.com\/wp-content\/uploads\/2020\/03\/WhatsApp-Image-2020-03-24-at-14.57.16-36x27.jpeg 36w, https:\/\/chateauegitim.com\/wp-content\/uploads\/2020\/03\/WhatsApp-Image-2020-03-24-at-14.57.16-48x36.jpeg 48w\" sizes=\"auto, (max-width: 1600px) 100vw, 1600px\" \/><\/div>\r\n    <\/div><\/div>\r\n            <\/section>\r\n            <\/div><style type=\"text\/css\"><\/style><\/div><\/div><\/div><\/div><div id=\"form\" data-vc-full-width=\"true\" data-vc-full-width-init=\"false\" data-vc-kd-parallax=\"1.4\" class=\"vc_row wpb_row vc_row-fluid vc_custom_1607099908341 vc_row-has-fill vc_general kd_vc_parallax kd_vc_parallax-content-moving\"><div class=\"parallax-overlay\" data-vc-kd-parallax=\"1.4\"><\/div><div class=\"kd-overlay\"  style=\"background-color:rgba(0,0,0,0.7);\"><\/div><div class=\"wpb_column vc_column_container vc_col-sm-12\"><div class=\"vc_column-inner vc_custom_1516095225433\"><div class=\"wpb_wrapper\"><div class=\"vc_row wpb_row vc_inner vc_row-fluid vc_custom_1555673013129 vc_row-has-padding-top vc_row-has-padding-bottom\"><div class=\"wpb_column vc_column_container vc_col-sm-1\"><div class=\"vc_column-inner vc_custom_1515166784808\"><div class=\"wpb_wrapper\"><\/div><\/div><\/div><div class=\"wpb_column vc_column_container vc_col-sm-4\"><div class=\"vc_column-inner\"><div class=\"wpb_wrapper\"><header class=\"kd-section-title col-lg-12 text-left  kd-animated fadeIn   vc_custom_1583491120092\" data-animation-delay=\"200\"><h2 class=\"separator_off\" style=\"color: #ffffff;\">Vous \u00eates invit\u00e9 \u00e0 nos cours d\u2019introductions gratuits !<\/h2><h6 class=\"subtitle\" style=\"color: #eeeeee;\">Si vous souhaitez que votre programme de fran\u00e7ais soit qualifi\u00e9 et intensif ; Nous vous offrons une le\u00e7on d'introduction.<\/h6><\/header><\/div><\/div><\/div><div class=\"wpb_column vc_column_container vc_col-sm-1\"><div class=\"vc_column-inner\"><div class=\"wpb_wrapper\"><\/div><\/div><\/div><div class=\"wpb_column vc_column_container vc_col-sm-5\"><div class=\"vc_column-inner\"><div class=\"wpb_wrapper\"><h4 style=\"color: #ffffff;text-align: left\" class=\"vc_custom_heading wpb_animate_when_almost_visible wpb_fadeIn fadeIn vc_custom_1583491141958\" >Nous allons revenir vers vous dans le plus cours des d\u00e9lais.<\/h4><div class=\"kd-contact-form full-width-cf white-input-bg\" ><div role=\"form\" class=\"wpcf7\" id=\"wpcf7-f4439-o1\" lang=\"en-US\" dir=\"ltr\">\n<div class=\"screen-reader-response\"><p role=\"status\" aria-live=\"polite\" aria-atomic=\"true\"><\/p> <ul><\/ul><\/div>\n<form action=\"\/fr\/wp-json\/wp\/v2\/pages\/7480#wpcf7-f4439-o1\" method=\"post\" class=\"wpcf7-form init\" novalidate=\"novalidate\" data-status=\"init\" data-trp-original-action=\"\/fr\/wp-json\/wp\/v2\/pages\/7480#wpcf7-f4439-o1\">\n<div style=\"display: none;\">\n<input type=\"hidden\" name=\"_wpcf7\" value=\"4439\" \/>\n<input type=\"hidden\" name=\"_wpcf7_version\" value=\"5.3.2\" \/>\n<input type=\"hidden\" name=\"_wpcf7_locale\" value=\"en_US\" \/>\n<input type=\"hidden\" name=\"_wpcf7_unit_tag\" value=\"wpcf7-f4439-o1\" \/>\n<input type=\"hidden\" name=\"_wpcf7_container_post\" value=\"0\" \/>\n<input type=\"hidden\" name=\"_wpcf7_posted_data_hash\" value=\"\" \/>\n<input type=\"hidden\" name=\"_wpcf7_recaptcha_response\" value=\"\" \/>\n<\/div>\n<p><span class=\"wpcf7-form-control-wrap your-name\"><input type=\"text\" name=\"your-name\" value=\"\" size=\"40\" class=\"wpcf7-form-control wpcf7-text wpcf7-validates-as-required\" aria-required=\"true\" aria-invalid=\"false\" placeholder=\"Nom*\" \/><\/span><br \/>\n<span class=\"wpcf7-form-control-wrap your-phone\"><input type=\"tel\" name=\"your-phone\" value=\"\" size=\"40\" class=\"wpcf7-form-control wpcf7-text wpcf7-tel wpcf7-validates-as-required wpcf7-validates-as-tel\" aria-required=\"true\" aria-invalid=\"false\" placeholder=\"GSM*\" \/><\/span><br \/>\n<span class=\"wpcf7-form-control-wrap your-email\"><input type=\"email\" name=\"your-email\" value=\"\" size=\"40\" class=\"wpcf7-form-control wpcf7-text wpcf7-email wpcf7-validates-as-required wpcf7-validates-as-email\" aria-required=\"true\" aria-invalid=\"false\" placeholder=\"E-mail*\" \/><\/span><br \/>\n<span class=\"wpcf7-form-control-wrap acceptance-630\"><span class=\"wpcf7-form-control wpcf7-acceptance\"><span class=\"wpcf7-list-item\"><label><input type=\"checkbox\" name=\"acceptance-630\" value=\"1\" aria-invalid=\"false\" \/><span class=\"wpcf7-list-item-label\"><a href=\"https:\/\/chateauegitim.com\/fr\/gizlilik-politikasi\/\" target=\"_blank\"> Le text de politique de confidentialit\u00e9 <\/a> J'ai lu le texte, j'approuve.<\/span><\/label><\/span><\/span><\/span><br \/>\n<span class=\"wpcf7-form-control-wrap acceptance-123\"><span class=\"wpcf7-form-control wpcf7-acceptance\"><span class=\"wpcf7-list-item\"><label><input type=\"checkbox\" name=\"acceptance-123\" value=\"1\" aria-invalid=\"false\" \/><span class=\"wpcf7-list-item-label\"><a href=\"https:\/\/chateauegitim.com\/fr\/acik-riza-onayi\/\" target=\"_blank\"> Approbation du consentement explicite<\/a> J&#039;ai lu le formulaire et je l&#039;accepte.<\/span><\/label><\/span><\/span><\/span><br \/>\n<input type=\"submit\" value=\"Envoyer\" class=\"wpcf7-form-control wpcf7-submit\" \/><\/p>\n<input type='hidden' class='wpcf7-pum' value='{\"closepopup\":false,\"closedelay\":0,\"openpopup\":false,\"openpopup_id\":0}' \/><div class=\"wpcf7-response-output\" aria-hidden=\"true\"><\/div><input type=\"hidden\" name=\"trp-form-language\" value=\"fr\"\/><\/form><\/div><\/div><\/div><\/div><\/div><div class=\"wpb_column vc_column_container vc_col-sm-1\"><div class=\"vc_column-inner\"><div class=\"wpb_wrapper\"><\/div><\/div><\/div><\/div><\/div><\/div><\/div><\/div><div class=\"vc_row-full-width vc_clearfix\"><\/div>","protected":false},"excerpt":{"rendered":"Pourquoi? De quoi s\u2019agit-il ?Le syst\u00e8me \u00e9ducatif fran\u00e7ais est un syst\u00e8me \u00e9ducatif avec ses propres dynamiques et caract\u00e9ristiques. Parce que, [...]","protected":false},"author":1,"featured_media":8728,"parent":0,"menu_order":0,"comment_status":"closed","ping_status":"closed","template":"","meta":{"footnotes":""},"class_list":["post-7480","page","type-page","status-publish","has-post-thumbnail","hentry"],"yoast_head":"<!-- This site is optimized with the Yoast SEO plugin v15.5 - https:\/\/yoast.com\/wordpress\/plugins\/seo\/ -->\n<title>Frans\u0131z Okullar\u0131na \u00d6zel Programlar | Chateau E\u011fitim<\/title>\n<meta name=\"robots\" content=\"index, follow, max-snippet:-1, max-image-preview:large, max-video-preview:-1\" \/>\n<link rel=\"canonical\" href=\"https:\/\/chateauegitim.com\/fr\/fransiz-okullarina-ozel-programlar\/\" \/>\n<meta property=\"og:locale\" content=\"fr_FR\" \/>\n<meta property=\"og:type\" content=\"article\" \/>\n<meta property=\"og:title\" content=\"Frans\u0131z Okullar\u0131na \u00d6zel Programlar | Chateau E\u011fitim\" \/>\n<meta property=\"og:url\" content=\"https:\/\/chateauegitim.com\/fr\/fransiz-okullarina-ozel-programlar\/\" \/>\n<meta property=\"og:site_name\" content=\"Chateau E\u011fitim\" \/>\n<meta property=\"article:modified_time\" content=\"2022-10-24T08:12:31+00:00\" \/>\n<meta property=\"og:image\" content=\"https:\/\/chateauegitim.com\/wp-content\/uploads\/2020\/12\/1Yuzyuze1-1.jpg\" \/>\n\t<meta property=\"og:image:width\" content=\"1920\" \/>\n\t<meta property=\"og:image:height\" content=\"744\" \/>\n<meta name=\"twitter:card\" content=\"summary_large_image\" \/>\n<meta name=\"twitter:label1\" content=\"Dur\u00e9e de lecture est.\">\n\t<meta name=\"twitter:data1\" content=\"5 minutes\">\n<script type=\"application\/ld+json\" class=\"yoast-schema-graph\">{\"@context\":\"https:\/\/schema.org\",\"@graph\":[{\"@type\":\"WebSite\",\"@id\":\"https:\/\/chateauegitim.com\/fr\/#website\",\"url\":\"https:\/\/chateauegitim.com\/fr\/\",\"name\":\"Chateau E\\u011fitim\",\"description\":\"\\u0130novatif E\\u011fitim\",\"potentialAction\":[{\"@type\":\"SearchAction\",\"target\":\"https:\/\/chateauegitim.com\/fr\/?s={search_term_string}\",\"query-input\":\"required name=search_term_string\"}],\"inLanguage\":\"fr-FR\"},{\"@type\":\"ImageObject\",\"@id\":\"https:\/\/chateauegitim.com\/fr\/fransiz-okullarina-ozel-programlar\/#primaryimage\",\"inLanguage\":\"fr-FR\",\"url\":\"https:\/\/chateauegitim.com\/wp-content\/uploads\/2020\/12\/1Yuzyuze1-1.jpg\",\"width\":1920,\"height\":744},{\"@type\":\"WebPage\",\"@id\":\"https:\/\/chateauegitim.com\/fr\/fransiz-okullarina-ozel-programlar\/#webpage\",\"url\":\"https:\/\/chateauegitim.com\/fr\/fransiz-okullarina-ozel-programlar\/\",\"name\":\"Frans\\u0131z Okullar\\u0131na \\u00d6zel Programlar | Chateau E\\u011fitim\",\"isPartOf\":{\"@id\":\"https:\/\/chateauegitim.com\/fr\/#website\"},\"primaryImageOfPage\":{\"@id\":\"https:\/\/chateauegitim.com\/fr\/fransiz-okullarina-ozel-programlar\/#primaryimage\"},\"datePublished\":\"2020-03-06T10:39:49+00:00\",\"dateModified\":\"2022-10-24T08:12:31+00:00\",\"inLanguage\":\"fr-FR\",\"potentialAction\":[{\"@type\":\"ReadAction\",\"target\":[\"https:\/\/chateauegitim.com\/fr\/fransiz-okullarina-ozel-programlar\/\"]}]}]}<\/script>\n<!-- \/ Yoast SEO plugin. -->","_links":{"self":[{"href":"https:\/\/chateauegitim.com\/fr\/wp-json\/wp\/v2\/pages\/7480","targetHints":{"allow":["GET"]}}],"collection":[{"href":"https:\/\/chateauegitim.com\/fr\/wp-json\/wp\/v2\/pages"}],"about":[{"href":"https:\/\/chateauegitim.com\/fr\/wp-json\/wp\/v2\/types\/page"}],"author":[{"embeddable":true,"href":"https:\/\/chateauegitim.com\/fr\/wp-json\/wp\/v2\/users\/1"}],"replies":[{"embeddable":true,"href":"https:\/\/chateauegitim.com\/fr\/wp-json\/wp\/v2\/comments?post=7480"}],"version-history":[{"count":28,"href":"https:\/\/chateauegitim.com\/fr\/wp-json\/wp\/v2\/pages\/7480\/revisions"}],"predecessor-version":[{"id":9110,"href":"https:\/\/chateauegitim.com\/fr\/wp-json\/wp\/v2\/pages\/7480\/revisions\/9110"}],"wp:featuredmedia":[{"embeddable":true,"href":"https:\/\/chateauegitim.com\/fr\/wp-json\/wp\/v2\/media\/8728"}],"wp:attachment":[{"href":"https:\/\/chateauegitim.com\/fr\/wp-json\/wp\/v2\/media?parent=7480"}],"curies":[{"name":"wp","href":"https:\/\/api.w.org\/{rel}","templated":true}]}}