{"id":7500,"date":"2020-03-06T14:04:36","date_gmt":"2020-03-06T11:04:36","guid":{"rendered":"http:\/\/chateauegitim.com\/?page_id=7500"},"modified":"2020-12-04T19:44:18","modified_gmt":"2020-12-04T16:44:18","slug":"delf-dalf-hazirlik-programlari","status":"publish","type":"page","link":"https:\/\/chateauegitim.com\/fr\/delf-dalf-hazirlik-programlari\/","title":{"rendered":"Programmes de pr\u00e9paration au DELF-DALF"},"content":{"rendered":"<div class=\"vc_row wpb_row vc_row-fluid vc_custom_1556018461316 vc_row-has-padding-top vc_row-has-padding-bottom\"><div class=\"wpb_column vc_column_container vc_col-sm-12\"><div class=\"vc_column-inner\"><div class=\"wpb_wrapper\"><div class=\"feature-sections-wrapper kd-fsp-69e8accfecbb8\">\r\n            <section class=\"feature-sections-tabs\">\r\n              <nav class=\"kd-feature-tabs\">\r\n                <ul class=\"nav nav-tabs sticky-tabs container\">\r\n                <\/ul>\r\n              <\/nav>\r\n            <\/section>\r\n            <section id=\"kd-fss-69e8accfecc47\" class=\"featured-right\"><li class=\"nav-label\"><a class=\"feature-tabs-scroll\" href=\"#kd-fss-69e8accfecc47\"><i class=\"iconsmind-Information fss-nav-icon\" style=\" \"><\/i> DELF-A1<\/a><\/li><div class=\"container\">\r\n                <div class=\"side-content-wrapper kd-animated fadeInLeft\" data-animation-delay=\"200\"><i class=\"section-icon\" style=\" \"><\/i> <h2 class=\"side-content-title\" >DELF-A1<\/h2><div class=\"side-content-text\" ><\/p>\n<ul>\n<li>\u00catre capable de comprendre et d'utiliser des termes et des phrases simples visant \u00e0 r\u00e9pondre \u00e0 des exigences concr\u00e8tes ;<\/li>\n<li>Comprendre les informations simples donn\u00e9es dans les conversations sur les sujets suivants ;<\/li>\n<li>Participer \u00e0 des conversations sur des sujets sp\u00e9cifiques et simples ;<\/li>\n<li>\u00catre capable d'expliquer ses id\u00e9es et ses go\u00fbts sur certains sujets et de mani\u00e8re simple ;<\/li>\n<li>C\u2019est le certificat que les \u00e9l\u00e8ves de la classe pr\u00e9paratoire des lyc\u00e9e fran\u00e7ais devraient recevoir \u00e0 la fin du premier semestre.<\/li>\n<\/ul>\n<p>\n<\/div><\/div><div class=\"side-featured-wrapper fss-rectangle kd-animated fadeInRight fss-shadow-image\" data-animation-delay=\"200\">\r\n      <div class=\"featured-image\"><img loading=\"lazy\" decoding=\"async\" width=\"500\" height=\"500\" src=\"https:\/\/chateauegitim.com\/wp-content\/uploads\/2020\/03\/EstelleDELFDALF.jpg\" class=\"attachment-full\" alt=\"\" srcset=\"https:\/\/chateauegitim.com\/wp-content\/uploads\/2020\/03\/EstelleDELFDALF.jpg 500w, https:\/\/chateauegitim.com\/wp-content\/uploads\/2020\/03\/EstelleDELFDALF-300x300.jpg 300w, https:\/\/chateauegitim.com\/wp-content\/uploads\/2020\/03\/EstelleDELFDALF-150x150.jpg 150w, https:\/\/chateauegitim.com\/wp-content\/uploads\/2020\/03\/EstelleDELFDALF-320x320.jpg 320w, https:\/\/chateauegitim.com\/wp-content\/uploads\/2020\/03\/EstelleDELFDALF-24x24.jpg 24w, https:\/\/chateauegitim.com\/wp-content\/uploads\/2020\/03\/EstelleDELFDALF-36x36.jpg 36w, https:\/\/chateauegitim.com\/wp-content\/uploads\/2020\/03\/EstelleDELFDALF-48x48.jpg 48w\" sizes=\"auto, (max-width: 500px) 100vw, 500px\" \/><\/div>\r\n    <\/div><\/div>\r\n            <\/section><section id=\"kd-fss-69e8accfed070\" class=\"featured-left\"><li class=\"nav-label\"><a class=\"feature-tabs-scroll\" href=\"#kd-fss-69e8accfed070\"><i class=\"iconsmind-Information fss-nav-icon\" style=\" \"><\/i> DELF-A2<\/a><\/li><div class=\"container\">\r\n                <div class=\"side-content-wrapper kd-animated fadeInRight\" data-animation-delay=\"200\"><i class=\"section-icon\" style=\" \"><\/i> <h2 class=\"side-content-title\" >DELF-A2<\/h2><div class=\"side-content-text\" ><\/p>\n<ul>\n<li>\u00catre capable de s'exprimer sur la vie quotidienne;<\/li>\n<li>\u00catre capable d'\u00e9changer des informations sur des sujets de routine quotidiens;<\/li>\n<li>\u00catre capable de participer \u00e0 une conversation de routine sur des sujets simples;<\/li>\n<li>Exprimer ses besoins, ses go\u00fbts, ses id\u00e9es et ses pens\u00e9es et comprendre ce qu'on en dit;<\/li>\n<li>Former des pens\u00e9es personnelles, poser des questions et comprendre les pens\u00e9es des autres.<\/li>\n<li>C\u2019est le certificat que les \u00e9l\u00e8ves des lyc\u00e9es fran\u00e7ais de 9e \u2013 second de la classe pr\u00e9paratoire \/ du second semestre sont cens\u00e9s recevoir.<\/li>\n<\/ul>\n<p>\n<\/div><\/div><div class=\"side-featured-wrapper fss-rectangle kd-animated fadeInLeft fss-shadow-image\" data-animation-delay=\"200\">\r\n      <div class=\"featured-image\"><img loading=\"lazy\" decoding=\"async\" width=\"640\" height=\"320\" src=\"https:\/\/chateauegitim.com\/wp-content\/uploads\/2020\/03\/delf-dalf-haz\u0131rl\u0131k-tu\u0308yolar\u0131.jpg\" class=\"attachment-full\" alt=\"\" srcset=\"https:\/\/chateauegitim.com\/wp-content\/uploads\/2020\/03\/delf-dalf-haz\u0131rl\u0131k-tu\u0308yolar\u0131.jpg 640w, https:\/\/chateauegitim.com\/wp-content\/uploads\/2020\/03\/delf-dalf-haz\u0131rl\u0131k-tu\u0308yolar\u0131-300x150.jpg 300w, https:\/\/chateauegitim.com\/wp-content\/uploads\/2020\/03\/delf-dalf-haz\u0131rl\u0131k-tu\u0308yolar\u0131-24x12.jpg 24w, https:\/\/chateauegitim.com\/wp-content\/uploads\/2020\/03\/delf-dalf-haz\u0131rl\u0131k-tu\u0308yolar\u0131-36x18.jpg 36w, https:\/\/chateauegitim.com\/wp-content\/uploads\/2020\/03\/delf-dalf-haz\u0131rl\u0131k-tu\u0308yolar\u0131-48x24.jpg 48w\" sizes=\"auto, (max-width: 640px) 100vw, 640px\" \/><\/div>\r\n    <\/div><\/div>\r\n            <\/section><section id=\"kd-fss-69e8accfed3ae\" class=\"featured-right\"><li class=\"nav-label\"><a class=\"feature-tabs-scroll\" href=\"#kd-fss-69e8accfed3ae\"><i class=\"iconsmind-Information fss-nav-icon\" style=\" \"><\/i> DELF-B1<\/a><\/li><div class=\"container\">\r\n                <div class=\"side-content-wrapper kd-animated fadeInLeft\" data-animation-delay=\"200\"><i class=\"section-icon\" style=\" \"><\/i> <h2 class=\"side-content-title\" >DELF-B1<\/h2><div class=\"side-content-text\" ><\/p>\n<ul>\n<li class=\"font_8\">Comprendre des informations factuelles sur diff\u00e9rents sujets dans votre domaine;<\/li>\n<li class=\"font_8\">\u00c9change mutuel d'informations, v\u00e9rification d'informations;<\/li>\n<li class=\"font_8\">Initier une conversation inattendue sur un sujet familier et habituel;<\/li>\n<li class=\"font_8\">Poser des questions sur les perspectives individuelles, comprendre les r\u00e9ponses et \u00eatre en mesure de former et d'exprimer leur propre point de vue.<\/li>\n<li class=\"font_8\">C'est le document que les \u00e9l\u00e8ves de 9e \u2013 Second et 10e \u2013 Premi\u00e8re ann\u00e9e des lyc\u00e9es fran\u00e7ais devraient recevoir.<\/li>\n<\/ul>\n<p>\n<\/div><\/div><div class=\"side-featured-wrapper fss-rectangle kd-animated fadeInRight fss-shadow-image\" data-animation-delay=\"200\">\r\n      <div class=\"featured-image\"><img loading=\"lazy\" decoding=\"async\" width=\"1600\" height=\"1600\" src=\"https:\/\/chateauegitim.com\/wp-content\/uploads\/2020\/03\/46914.jpg\" class=\"attachment-full\" alt=\"\" srcset=\"https:\/\/chateauegitim.com\/wp-content\/uploads\/2020\/03\/46914.jpg 1600w, https:\/\/chateauegitim.com\/wp-content\/uploads\/2020\/03\/46914-800x800.jpg 800w, https:\/\/chateauegitim.com\/wp-content\/uploads\/2020\/03\/46914-300x300.jpg 300w, https:\/\/chateauegitim.com\/wp-content\/uploads\/2020\/03\/46914-1024x1024.jpg 1024w, https:\/\/chateauegitim.com\/wp-content\/uploads\/2020\/03\/46914-150x150.jpg 150w, https:\/\/chateauegitim.com\/wp-content\/uploads\/2020\/03\/46914-768x768.jpg 768w, https:\/\/chateauegitim.com\/wp-content\/uploads\/2020\/03\/46914-1536x1536.jpg 1536w, https:\/\/chateauegitim.com\/wp-content\/uploads\/2020\/03\/46914-320x320.jpg 320w\" sizes=\"auto, (max-width: 1600px) 100vw, 1600px\" \/><\/div>\r\n    <\/div><\/div>\r\n            <\/section><section id=\"kd-fss-69e8accfed75a\" class=\"featured-left\"><li class=\"nav-label\"><a class=\"feature-tabs-scroll\" href=\"#kd-fss-69e8accfed75a\"><i class=\"iconsmind-Information fss-nav-icon\" style=\" \"><\/i> DELF-B2<\/a><\/li><div class=\"container\">\r\n                <div class=\"side-content-wrapper kd-animated fadeInRight\" data-animation-delay=\"200\"><i class=\"section-icon\" style=\" \"><\/i> <h2 class=\"side-content-title\" >DELF-B2<\/h2><div class=\"side-content-text\" ><\/p>\n<ul>\n<li>Compr\u00e9hension des conversations sur des int\u00e9r\u00eats sp\u00e9cifiques, sur un \u00e9ventail aussi large que possible de sujets concrets et abstraits;<\/li>\n<li>\u00catre en mesure de faire des descriptions et des pr\u00e9sentations d\u00e9taill\u00e9es;<\/li>\n<li>Participer activement \u00e0 une discussion;<\/li>\n<li>Comprendre une argumentation pas si simple sur des sujets bien connus;<\/li>\n<li>\u00c9noncer et d\u00e9fendre son opinion sur le sujet de mani\u00e8re coh\u00e9rente.<\/li>\n<li>C'est le certificat que les \u00e9l\u00e8ves de 10e et 11e ann\u00e9e des lyc\u00e9es fran\u00e7ais devraient recevoir.<\/li>\n<li>C'est le certificat que les \u00e9tudiants de 12e ann\u00e9e \u2013 Terminale qui postuleront dans les universit\u00e9s de France doivent obtenir lors du processus de candidature.<\/li>\n<li>C'est le certificat g\u00e9n\u00e9ralement demand\u00e9 aux \u00e9tudiants qui continueront en 3e ann\u00e9e des universit\u00e9s de France avec le programme Erasmus.<\/li>\n<\/ul>\n<p>\n<\/div><\/div><div class=\"side-featured-wrapper fss-rectangle kd-animated fadeInLeft fss-shadow-image\" data-animation-delay=\"200\">\r\n      <div class=\"featured-image\"><img loading=\"lazy\" decoding=\"async\" width=\"830\" height=\"369\" src=\"https:\/\/chateauegitim.com\/wp-content\/uploads\/2020\/03\/delf-dalf1.jpg\" class=\"attachment-full\" alt=\"\" srcset=\"https:\/\/chateauegitim.com\/wp-content\/uploads\/2020\/03\/delf-dalf1.jpg 830w, https:\/\/chateauegitim.com\/wp-content\/uploads\/2020\/03\/delf-dalf1-800x356.jpg 800w, https:\/\/chateauegitim.com\/wp-content\/uploads\/2020\/03\/delf-dalf1-300x133.jpg 300w, https:\/\/chateauegitim.com\/wp-content\/uploads\/2020\/03\/delf-dalf1-768x341.jpg 768w, https:\/\/chateauegitim.com\/wp-content\/uploads\/2020\/03\/delf-dalf1-24x11.jpg 24w, https:\/\/chateauegitim.com\/wp-content\/uploads\/2020\/03\/delf-dalf1-36x16.jpg 36w, https:\/\/chateauegitim.com\/wp-content\/uploads\/2020\/03\/delf-dalf1-48x21.jpg 48w\" sizes=\"auto, (max-width: 830px) 100vw, 830px\" \/><\/div>\r\n    <\/div><\/div>\r\n            <\/section><section id=\"kd-fss-69e8accfedadd\" class=\"featured-right\"><li class=\"nav-label\"><a class=\"feature-tabs-scroll\" href=\"#kd-fss-69e8accfedadd\"><i class=\"iconsmind-Information fss-nav-icon\" style=\" \"><\/i> DALF C1<\/a><\/li><div class=\"container\">\r\n                <div class=\"side-content-wrapper kd-animated fadeInLeft\" data-animation-delay=\"200\"><i class=\"section-icon\" style=\" \"><\/i> <h2 class=\"side-content-title\" >DALF C1<\/h2><div class=\"side-content-text\" ><\/p>\n<ul>\n<li>\u00catre capable de faire une pr\u00e9sentation et une description d\u00e9taill\u00e9es et claires qui peuvent \u00eatre consid\u00e9r\u00e9es comme complexes (pas simples) ou m\u00eame sur des sujets en dehors de son domaine d'int\u00e9r\u00eat. Cr\u00e9er facilement et \u00eatre partie prenante \u00e0 cette discussion sur des sujets (sociaux, \u00e9ducatifs, politiques, \u00e9conomiques, environnementaux, d\u00e9mographiques) qui s'inscrivent \u00e9galement dans une gamme complexe (pas simple), abstraite et contemporaine.<\/li>\n<li>C'est le certificat attendu pour les \u00e9l\u00e8ves de 11e \u2013 1ere ann\u00e9e des lyc\u00e9es fran\u00e7ais qui ont un certificat Delf B2.<\/li>\n<li>C'est le certificat que certains d\u00e9partements d'universit\u00e9s en France demandent aux \u00e9tudiants de 3e ann\u00e9e dans le cadre du programme d'\u00e9change Erasmus.<\/li>\n<\/ul>\n<p>&nbsp;<\/p>\n<p>DELF (Dipl\u00f4me d\u2019\u00e9tudes en langue fran\u00e7aise) et DALF (Dip\u00f4me approfondie de langue fran\u00e7aise), servent a certifier le niveau de langue des \u00e9tudiants, travailleurs et instituteurs qui le souhaitent avec un certificat international de langue fran\u00e7aise qui est obligatoire.<\/p>\n<\/div><div class=\"side-content-link sc-primary-btn\"><a href=\"#form\" target=\"_self\" title=\"Contactez-nous\" class=\"tt_button tt_primary_button btn_primary_color\">Contactez-nous<\/a><\/div><\/div><div class=\"side-featured-wrapper fss-rectangle kd-animated fadeInRight fss-shadow-image\" data-animation-delay=\"200\">\r\n      <div class=\"featured-image\"><img loading=\"lazy\" decoding=\"async\" width=\"1600\" height=\"1067\" src=\"https:\/\/chateauegitim.com\/wp-content\/uploads\/2020\/03\/alphabet-class-conceptual-cube-301926.jpg\" class=\"attachment-full\" alt=\"\" srcset=\"https:\/\/chateauegitim.com\/wp-content\/uploads\/2020\/03\/alphabet-class-conceptual-cube-301926.jpg 1600w, https:\/\/chateauegitim.com\/wp-content\/uploads\/2020\/03\/alphabet-class-conceptual-cube-301926-800x534.jpg 800w, https:\/\/chateauegitim.com\/wp-content\/uploads\/2020\/03\/alphabet-class-conceptual-cube-301926-300x200.jpg 300w, https:\/\/chateauegitim.com\/wp-content\/uploads\/2020\/03\/alphabet-class-conceptual-cube-301926-1024x683.jpg 1024w, https:\/\/chateauegitim.com\/wp-content\/uploads\/2020\/03\/alphabet-class-conceptual-cube-301926-768x512.jpg 768w, https:\/\/chateauegitim.com\/wp-content\/uploads\/2020\/03\/alphabet-class-conceptual-cube-301926-1536x1024.jpg 1536w\" sizes=\"auto, (max-width: 1600px) 100vw, 1600px\" \/><\/div>\r\n    <\/div><\/div>\r\n            <\/section>\r\n            <\/div><style type=\"text\/css\"><\/style><\/div><\/div><\/div><\/div><div id=\"form\" data-vc-full-width=\"true\" data-vc-full-width-init=\"false\" data-vc-kd-parallax=\"1.4\" class=\"vc_row wpb_row vc_row-fluid vc_custom_1607100043032 vc_row-has-fill vc_general kd_vc_parallax kd_vc_parallax-content-moving\"><div class=\"parallax-overlay\" data-vc-kd-parallax=\"1.4\"><\/div><div class=\"kd-overlay\"  style=\"background-color:rgba(0,0,0,0.7);\"><\/div><div class=\"wpb_column vc_column_container vc_col-sm-12\"><div class=\"vc_column-inner vc_custom_1516095225433\"><div class=\"wpb_wrapper\"><div class=\"vc_row wpb_row vc_inner vc_row-fluid vc_custom_1555673013129 vc_row-has-padding-top vc_row-has-padding-bottom\"><div class=\"wpb_column vc_column_container vc_col-sm-1\"><div class=\"vc_column-inner vc_custom_1515166784808\"><div class=\"wpb_wrapper\"><\/div><\/div><\/div><div class=\"wpb_column vc_column_container vc_col-sm-4\"><div class=\"vc_column-inner\"><div class=\"wpb_wrapper\"><header class=\"kd-section-title col-lg-12 text-left  kd-animated fadeIn   vc_custom_1583491120092\" data-animation-delay=\"200\"><h2 class=\"separator_off\" style=\"color: #ffffff;\">Vous \u00eates invit\u00e9 \u00e0 nos cours d\u2019introductions gratuits !<\/h2><h6 class=\"subtitle\" style=\"color: #eeeeee;\">Si vous souhaitez que votre programme de fran\u00e7ais soit qualifi\u00e9 et intensif ; Nous vous offrons une le\u00e7on d'introduction.<\/h6><\/header><\/div><\/div><\/div><div class=\"wpb_column vc_column_container vc_col-sm-1\"><div class=\"vc_column-inner\"><div class=\"wpb_wrapper\"><\/div><\/div><\/div><div class=\"wpb_column vc_column_container vc_col-sm-5\"><div class=\"vc_column-inner\"><div class=\"wpb_wrapper\"><h4 style=\"color: #ffffff;text-align: left\" class=\"vc_custom_heading wpb_animate_when_almost_visible wpb_fadeIn fadeIn vc_custom_1583491141958\" >Nous allons revenir vers vous dans le plus cours des d\u00e9lais.<\/h4><div class=\"kd-contact-form full-width-cf white-input-bg\" ><div role=\"form\" class=\"wpcf7\" id=\"wpcf7-f4439-o1\" lang=\"en-US\" dir=\"ltr\">\n<div class=\"screen-reader-response\"><p role=\"status\" aria-live=\"polite\" aria-atomic=\"true\"><\/p> <ul><\/ul><\/div>\n<form action=\"\/fr\/wp-json\/wp\/v2\/pages\/7500#wpcf7-f4439-o1\" method=\"post\" class=\"wpcf7-form init\" novalidate=\"novalidate\" data-status=\"init\" data-trp-original-action=\"\/fr\/wp-json\/wp\/v2\/pages\/7500#wpcf7-f4439-o1\">\n<div style=\"display: none;\">\n<input type=\"hidden\" name=\"_wpcf7\" value=\"4439\" \/>\n<input type=\"hidden\" name=\"_wpcf7_version\" value=\"5.3.2\" \/>\n<input type=\"hidden\" name=\"_wpcf7_locale\" value=\"en_US\" \/>\n<input type=\"hidden\" name=\"_wpcf7_unit_tag\" value=\"wpcf7-f4439-o1\" \/>\n<input type=\"hidden\" name=\"_wpcf7_container_post\" value=\"0\" \/>\n<input type=\"hidden\" name=\"_wpcf7_posted_data_hash\" value=\"\" \/>\n<input type=\"hidden\" name=\"_wpcf7_recaptcha_response\" value=\"\" \/>\n<\/div>\n<p><span class=\"wpcf7-form-control-wrap your-name\"><input type=\"text\" name=\"your-name\" value=\"\" size=\"40\" class=\"wpcf7-form-control wpcf7-text wpcf7-validates-as-required\" aria-required=\"true\" aria-invalid=\"false\" placeholder=\"Nom*\" \/><\/span><br \/>\n<span class=\"wpcf7-form-control-wrap your-phone\"><input type=\"tel\" name=\"your-phone\" value=\"\" size=\"40\" class=\"wpcf7-form-control wpcf7-text wpcf7-tel wpcf7-validates-as-required wpcf7-validates-as-tel\" aria-required=\"true\" aria-invalid=\"false\" placeholder=\"GSM*\" \/><\/span><br \/>\n<span class=\"wpcf7-form-control-wrap your-email\"><input type=\"email\" name=\"your-email\" value=\"\" size=\"40\" class=\"wpcf7-form-control wpcf7-text wpcf7-email wpcf7-validates-as-required wpcf7-validates-as-email\" aria-required=\"true\" aria-invalid=\"false\" placeholder=\"E-mail*\" \/><\/span><br \/>\n<span class=\"wpcf7-form-control-wrap acceptance-630\"><span class=\"wpcf7-form-control wpcf7-acceptance\"><span class=\"wpcf7-list-item\"><label><input type=\"checkbox\" name=\"acceptance-630\" value=\"1\" aria-invalid=\"false\" \/><span class=\"wpcf7-list-item-label\"><a href=\"https:\/\/chateauegitim.com\/fr\/gizlilik-politikasi\/\" target=\"_blank\"> Le text de politique de confidentialit\u00e9 <\/a> J'ai lu le texte, j'approuve.<\/span><\/label><\/span><\/span><\/span><br \/>\n<span class=\"wpcf7-form-control-wrap acceptance-123\"><span class=\"wpcf7-form-control wpcf7-acceptance\"><span class=\"wpcf7-list-item\"><label><input type=\"checkbox\" name=\"acceptance-123\" value=\"1\" aria-invalid=\"false\" \/><span class=\"wpcf7-list-item-label\"><a href=\"https:\/\/chateauegitim.com\/fr\/acik-riza-onayi\/\" target=\"_blank\"> Approbation du consentement explicite<\/a> J&#039;ai lu le formulaire et je l&#039;accepte.<\/span><\/label><\/span><\/span><\/span><br \/>\n<input type=\"submit\" value=\"Envoyer\" class=\"wpcf7-form-control wpcf7-submit\" \/><\/p>\n<input type='hidden' class='wpcf7-pum' value='{\"closepopup\":false,\"closedelay\":0,\"openpopup\":false,\"openpopup_id\":0}' \/><div class=\"wpcf7-response-output\" aria-hidden=\"true\"><\/div><input type=\"hidden\" name=\"trp-form-language\" value=\"fr\"\/><\/form><\/div><\/div><\/div><\/div><\/div><div class=\"wpb_column vc_column_container vc_col-sm-1\"><div class=\"vc_column-inner\"><div class=\"wpb_wrapper\"><\/div><\/div><\/div><\/div><\/div><\/div><\/div><\/div><div class=\"vc_row-full-width vc_clearfix\"><\/div>","protected":false},"excerpt":{"rendered":"DELF A1 DELF A1 \u00catre capable de comprendre et d&#039;utiliser des termes et des phrases simples visant \u00e0 r\u00e9pondre \u00e0 des besoins concrets ; [...]","protected":false},"author":1,"featured_media":7872,"parent":0,"menu_order":0,"comment_status":"closed","ping_status":"closed","template":"","meta":{"footnotes":""},"class_list":["post-7500","page","type-page","status-publish","has-post-thumbnail","hentry"],"yoast_head":"<!-- This site is optimized with the Yoast SEO plugin v15.5 - https:\/\/yoast.com\/wordpress\/plugins\/seo\/ -->\n<title>DELF-DALF Haz\u0131rl\u0131k Programlar\u0131 | Chateau E\u011fitim<\/title>\n<meta name=\"robots\" content=\"index, follow, max-snippet:-1, max-image-preview:large, max-video-preview:-1\" \/>\n<link rel=\"canonical\" href=\"https:\/\/chateauegitim.com\/fr\/delf-dalf-hazirlik-programlari\/\" \/>\n<meta property=\"og:locale\" content=\"fr_FR\" \/>\n<meta property=\"og:type\" content=\"article\" \/>\n<meta property=\"og:title\" content=\"DELF-DALF Haz\u0131rl\u0131k Programlar\u0131 | Chateau E\u011fitim\" \/>\n<meta property=\"og:url\" content=\"https:\/\/chateauegitim.com\/fr\/delf-dalf-hazirlik-programlari\/\" \/>\n<meta property=\"og:site_name\" content=\"Chateau E\u011fitim\" \/>\n<meta property=\"article:modified_time\" content=\"2020-12-04T16:44:18+00:00\" \/>\n<meta property=\"og:image\" content=\"https:\/\/chateauegitim.com\/wp-content\/uploads\/2020\/03\/delfdalf-1.jpg\" \/>\n\t<meta property=\"og:image:width\" content=\"1920\" \/>\n\t<meta property=\"og:image:height\" content=\"500\" \/>\n<meta name=\"twitter:card\" content=\"summary_large_image\" \/>\n<meta name=\"twitter:label1\" content=\"Dur\u00e9e de lecture est.\">\n\t<meta name=\"twitter:data1\" content=\"5 minutes\">\n<script type=\"application\/ld+json\" class=\"yoast-schema-graph\">{\"@context\":\"https:\/\/schema.org\",\"@graph\":[{\"@type\":\"WebSite\",\"@id\":\"https:\/\/chateauegitim.com\/fr\/#website\",\"url\":\"https:\/\/chateauegitim.com\/fr\/\",\"name\":\"Chateau E\\u011fitim\",\"description\":\"\\u0130novatif E\\u011fitim\",\"potentialAction\":[{\"@type\":\"SearchAction\",\"target\":\"https:\/\/chateauegitim.com\/fr\/?s={search_term_string}\",\"query-input\":\"required name=search_term_string\"}],\"inLanguage\":\"fr-FR\"},{\"@type\":\"ImageObject\",\"@id\":\"https:\/\/chateauegitim.com\/fr\/delf-dalf-hazirlik-programlari\/#primaryimage\",\"inLanguage\":\"fr-FR\",\"url\":\"https:\/\/chateauegitim.com\/wp-content\/uploads\/2020\/03\/delfdalf-1.jpg\",\"width\":1920,\"height\":500},{\"@type\":\"WebPage\",\"@id\":\"https:\/\/chateauegitim.com\/fr\/delf-dalf-hazirlik-programlari\/#webpage\",\"url\":\"https:\/\/chateauegitim.com\/fr\/delf-dalf-hazirlik-programlari\/\",\"name\":\"DELF-DALF Haz\\u0131rl\\u0131k Programlar\\u0131 | Chateau E\\u011fitim\",\"isPartOf\":{\"@id\":\"https:\/\/chateauegitim.com\/fr\/#website\"},\"primaryImageOfPage\":{\"@id\":\"https:\/\/chateauegitim.com\/fr\/delf-dalf-hazirlik-programlari\/#primaryimage\"},\"datePublished\":\"2020-03-06T11:04:36+00:00\",\"dateModified\":\"2020-12-04T16:44:18+00:00\",\"inLanguage\":\"fr-FR\",\"potentialAction\":[{\"@type\":\"ReadAction\",\"target\":[\"https:\/\/chateauegitim.com\/fr\/delf-dalf-hazirlik-programlari\/\"]}]}]}<\/script>\n<!-- \/ Yoast SEO plugin. -->","_links":{"self":[{"href":"https:\/\/chateauegitim.com\/fr\/wp-json\/wp\/v2\/pages\/7500","targetHints":{"allow":["GET"]}}],"collection":[{"href":"https:\/\/chateauegitim.com\/fr\/wp-json\/wp\/v2\/pages"}],"about":[{"href":"https:\/\/chateauegitim.com\/fr\/wp-json\/wp\/v2\/types\/page"}],"author":[{"embeddable":true,"href":"https:\/\/chateauegitim.com\/fr\/wp-json\/wp\/v2\/users\/1"}],"replies":[{"embeddable":true,"href":"https:\/\/chateauegitim.com\/fr\/wp-json\/wp\/v2\/comments?post=7500"}],"version-history":[{"count":14,"href":"https:\/\/chateauegitim.com\/fr\/wp-json\/wp\/v2\/pages\/7500\/revisions"}],"predecessor-version":[{"id":8733,"href":"https:\/\/chateauegitim.com\/fr\/wp-json\/wp\/v2\/pages\/7500\/revisions\/8733"}],"wp:featuredmedia":[{"embeddable":true,"href":"https:\/\/chateauegitim.com\/fr\/wp-json\/wp\/v2\/media\/7872"}],"wp:attachment":[{"href":"https:\/\/chateauegitim.com\/fr\/wp-json\/wp\/v2\/media?parent=7500"}],"curies":[{"name":"wp","href":"https:\/\/api.w.org\/{rel}","templated":true}]}}