{"id":7519,"date":"2020-03-06T14:29:47","date_gmt":"2020-03-06T11:29:47","guid":{"rendered":"http:\/\/chateauegitim.com\/?page_id=7519"},"modified":"2020-12-04T19:45:24","modified_gmt":"2020-12-04T16:45:24","slug":"galatasaray-lisesi-pasaj-hazirlik-programi","status":"publish","type":"page","link":"https:\/\/chateauegitim.com\/fr\/galatasaray-lisesi-pasaj-hazirlik-programi\/","title":{"rendered":"Programmes de Pr\u00e9paration du Passage aux Lyc\u00e9e Galatasaray"},"content":{"rendered":"<div class=\"vc_row wpb_row vc_row-fluid vc_custom_1556018461316 vc_row-has-padding-top vc_row-has-padding-bottom\"><div class=\"wpb_column vc_column_container vc_col-sm-12\"><div class=\"vc_column-inner\"><div class=\"wpb_wrapper\"><div class=\"feature-sections-wrapper kd-fsp-69e8acb96ade2\">\r\n            <section class=\"feature-sections-tabs\">\r\n              <nav class=\"kd-feature-tabs\">\r\n                <ul class=\"nav nav-tabs sticky-tabs container\">\r\n                <\/ul>\r\n              <\/nav>\r\n            <\/section>\r\n            <section id=\"kd-fss-69e8acb96ae66\" class=\"featured-right\"><li class=\"nav-label\"><a class=\"feature-tabs-scroll\" href=\"#kd-fss-69e8acb96ae66\"><i class=\"iconsmind-Information fss-nav-icon\" style=\" \"><\/i> Information G\u00e9n\u00e9rale<\/a><\/li><div class=\"container\">\r\n                <div class=\"side-content-wrapper kd-animated fadeInLeft\" data-animation-delay=\"200\"><i class=\"section-icon\" style=\" \"><\/i> <h2 class=\"side-content-title\" >Information G\u00e9n\u00e9rale<\/h2><h6 class=\"side-content-subtitle\" >En tant que PREMIER et SEUL \u00e9tablissement \u00e9tablie par les dipl\u00f4m\u00e9s des \u00e9coles primaires et des coll\u00e8ges de Galatasaray, nous avons obtenu 100% de succ\u00e8s depuis 2010, dans nos programmes de pr\u00e9paration au PROGRAMME DE PASSAGE avec l'exp\u00e9rience de suivre le m\u00eame chemin que nos \u00e9tudiants. TOUS nos \u00e9tudiants que nous avons pr\u00e9par\u00e9s pour le programme de Passage sont pass\u00e9s directement en 9e \u2013 3\u00e8me.<\/h6><div class=\"side-content-text\" ><\/p>\n<p class=\"font_8\"><span class=\"color_2\">Les 50 \u00e9l\u00e8ves qui ont commenc\u00e9 leurs \u00e9tudes \u00e0 l'\u00e9cole primaire \/ au coll\u00e8ge de Galatasaray, qui est le premier cercle des \u00e9tablissements d'enseignement de Galatasaray, transforment cette chance en succ\u00e8s avec le syst\u00e8me \u00e9ducatif sp\u00e9cialement d\u00e9velopp\u00e9 pour la dynamique de l'\u00e9cole primaire \/ du coll\u00e8ge Galatasaray.<\/span><\/p>\n<p class=\"font_8\"><span class=\"color_2\">Le Programme de pr\u00e9paration \u00e0 l'examen interne du lyc\u00e9e Galatasaray, auquel chaque \u00e9tudiant dipl\u00f4m\u00e9 du coll\u00e8ge Galatasaray est soumis en 8eme \u2013 4eme se compose de deux phases : \u00ab Le Programme de Pr\u00e9paration au Passage de la 8eme \u2013 4eme \u00bb et \u00ab Le Programme d\u2019\u00e9t\u00e9 de pr\u00e9paration au passage \u00bb.<\/span><\/p>\n<p>\n<\/div><\/div><div class=\"side-featured-wrapper fss-rectangle kd-animated fadeInRight fss-shadow-image\" data-animation-delay=\"200\">\r\n      <div class=\"featured-image\"><img loading=\"lazy\" decoding=\"async\" width=\"950\" height=\"620\" src=\"https:\/\/chateauegitim.com\/wp-content\/uploads\/2020\/03\/galatasaray-lisesi-binasi.jpg\" class=\"attachment-full\" alt=\"\" srcset=\"https:\/\/chateauegitim.com\/wp-content\/uploads\/2020\/03\/galatasaray-lisesi-binasi.jpg 950w, https:\/\/chateauegitim.com\/wp-content\/uploads\/2020\/03\/galatasaray-lisesi-binasi-800x522.jpg 800w, https:\/\/chateauegitim.com\/wp-content\/uploads\/2020\/03\/galatasaray-lisesi-binasi-300x196.jpg 300w, https:\/\/chateauegitim.com\/wp-content\/uploads\/2020\/03\/galatasaray-lisesi-binasi-768x501.jpg 768w, https:\/\/chateauegitim.com\/wp-content\/uploads\/2020\/03\/galatasaray-lisesi-binasi-24x16.jpg 24w, https:\/\/chateauegitim.com\/wp-content\/uploads\/2020\/03\/galatasaray-lisesi-binasi-36x23.jpg 36w, https:\/\/chateauegitim.com\/wp-content\/uploads\/2020\/03\/galatasaray-lisesi-binasi-48x31.jpg 48w\" sizes=\"auto, (max-width: 950px) 100vw, 950px\" \/><\/div>\r\n    <\/div><\/div>\r\n            <\/section><section id=\"kd-fss-69e8acb96b273\" class=\"featured-left\"><li class=\"nav-label\"><a class=\"feature-tabs-scroll\" href=\"#kd-fss-69e8acb96b273\"><i class=\"iconsmind-Winter-2 fss-nav-icon\" style=\" \"><\/i> Le Programme Hivernal de Pr\u00e9paration au Passage de 8e- 4\u00e8me ann\u00e9e<\/a><\/li><div class=\"container\">\r\n                <div class=\"side-content-wrapper kd-animated fadeInRight\" data-animation-delay=\"200\"><i class=\"section-icon\" style=\" \"><\/i> <h2 class=\"side-content-title\" >Le Programme Hivernal de Pr\u00e9paration au Passage de 8e- 4\u00e8me ann\u00e9e<\/h2><h6 class=\"side-content-subtitle\" >Le contenu du programme que nous avons pr\u00e9par\u00e9 pour les \u00e9tudiants qui \u00e9tudient actuellement en 8e- 4e est le suivant :<\/h6><div class=\"side-content-text\" ><\/p>\n<ul>\n<li><span class=\"color_2\">2 Cours par semaine (2*1,5 = 3 heures)<\/span><\/li>\n<li><span class=\"color_2\">\u00a0Le 1er cours :<br \/>\n<\/span><span class=\"color_2\">Compr\u00e9hension Ecrite<br \/>\nConversation<br \/>\nVocabulaire<\/span><\/li>\n<li><span class=\"color_2\">Le 2\u00e8me cours:<br \/>\nGrammaire<br \/>\nExpression Ecrite<\/span><\/li>\n<\/ul>\n<p>\n<\/div><\/div><div class=\"side-featured-wrapper fss-rectangle kd-animated fadeInLeft fss-shadow-image\" data-animation-delay=\"200\">\r\n      <div class=\"featured-image\"><img loading=\"lazy\" decoding=\"async\" width=\"640\" height=\"420\" src=\"https:\/\/chateauegitim.com\/wp-content\/uploads\/2020\/03\/galatasaray-lisesi-2.jpg\" class=\"attachment-full\" alt=\"\" srcset=\"https:\/\/chateauegitim.com\/wp-content\/uploads\/2020\/03\/galatasaray-lisesi-2.jpg 640w, https:\/\/chateauegitim.com\/wp-content\/uploads\/2020\/03\/galatasaray-lisesi-2-300x197.jpg 300w, https:\/\/chateauegitim.com\/wp-content\/uploads\/2020\/03\/galatasaray-lisesi-2-24x16.jpg 24w, https:\/\/chateauegitim.com\/wp-content\/uploads\/2020\/03\/galatasaray-lisesi-2-36x24.jpg 36w, https:\/\/chateauegitim.com\/wp-content\/uploads\/2020\/03\/galatasaray-lisesi-2-48x32.jpg 48w\" sizes=\"auto, (max-width: 640px) 100vw, 640px\" \/><\/div>\r\n    <\/div><\/div>\r\n            <\/section><section id=\"kd-fss-69e8acb96b5c2\" class=\"featured-right\"><li class=\"nav-label\"><a class=\"feature-tabs-scroll\" href=\"#kd-fss-69e8acb96b5c2\"><i class=\"iconsmind-Summer fss-nav-icon\" style=\" \"><\/i> Le Programme d\u2019\u00e9t\u00e9 de Pr\u00e9paration au Passage<\/a><\/li><div class=\"container\">\r\n                <div class=\"side-content-wrapper kd-animated fadeInLeft\" data-animation-delay=\"200\"><i class=\"section-icon\" style=\" \"><\/i> <h2 class=\"side-content-title\" >Le Programme d\u2019\u00e9t\u00e9 de Pr\u00e9paration au Passage<\/h2><h6 class=\"side-content-subtitle\" >Le contenu du programme que nous avons pr\u00e9par\u00e9 pour les \u00e9l\u00e8ves qui ont termin\u00e9 la 8e \u2013 4e est le suivant :<\/h6><div class=\"side-content-text\" ><\/p>\n<p class=\"font_8\">Les \u00e9tudiants qui souhaitent s'inscrire au d\u00e9but du mois de juillet de chaque ann\u00e9e sont soumis \u00e0 un examen de classement de 2,5 heures, qui comprend 4 modules principaux en fran\u00e7ais, qui sont la grammaire, l\u2019expression \u00e9crite, la compr\u00e9hension \u00e9crite, le vocabulaire. Ces modules d\u00e9terminent les d\u00e9ficiences et le niveau de l'\u00e9l\u00e8ve et un programme sp\u00e9cial pour l'\u00e9tudiant est pr\u00e9par\u00e9 selon son niveau. Notre objectif est de d\u00e9terminer les informations que les \u00e9l\u00e8ves oublient dans un d\u00e9lai d'un mois et demi et mesurer leur niveau actuel.<\/p>\n<ul>\n<li>Avec le programme de formation personnalis\u00e9 \u00e0 soumettre \u00e0 un total de 8 ou 10 semaines \u00e0 partir de d\u00e9but juillet, l'\u00e9tudiant est correctement pr\u00e9par\u00e9 pour l'examen interne par des professeurs exp\u00e9riment\u00e9s en fonction des domaines o\u00f9 il \/ elle a des lacunes. De cette mani\u00e8re, il est assur\u00e9 que l'\u00e9l\u00e8ve transforme la chance acquise en entrant \u00e0 l'\u00e9cole primaire de Galatasaray en succ\u00e8s.<\/li>\n<li>Les cours de fran\u00e7ais, de turc et de conversation se composent de groupes de 8 personnes maximum.<\/li>\n<li>La classe (le niveau) des \u00e9l\u00e8ves peut \u00eatre chang\u00e9e selon leurs succ\u00e8s aux examens qui sont inclus aux programmes.<\/li>\n<li>Si l'examen a lieu apr\u00e8s la date pr\u00e9vue, des le\u00e7ons individuelles continueront d'\u00eatre donn\u00e9es sur demande.<\/li>\n<li>Dans le cas o\u00f9 le coll\u00e8ge Galatasaray organise le programme de Passage, les heures de notre programme de formation seront mises \u00e0 jour et l'\u00e9tudiant participe au programme scolaire.<\/li>\n<\/ul>\n<p>\n<\/div><\/div><div class=\"side-featured-wrapper fss-rectangle kd-animated fadeInRight fss-shadow-image\" data-animation-delay=\"200\">\r\n      <div class=\"featured-image\"><img loading=\"lazy\" decoding=\"async\" width=\"1000\" height=\"667\" src=\"https:\/\/chateauegitim.com\/wp-content\/uploads\/2020\/03\/galatasaray-lisesi-1-1.jpg\" class=\"attachment-full\" alt=\"\" srcset=\"https:\/\/chateauegitim.com\/wp-content\/uploads\/2020\/03\/galatasaray-lisesi-1-1.jpg 1000w, https:\/\/chateauegitim.com\/wp-content\/uploads\/2020\/03\/galatasaray-lisesi-1-1-800x534.jpg 800w, https:\/\/chateauegitim.com\/wp-content\/uploads\/2020\/03\/galatasaray-lisesi-1-1-300x200.jpg 300w, https:\/\/chateauegitim.com\/wp-content\/uploads\/2020\/03\/galatasaray-lisesi-1-1-768x512.jpg 768w, https:\/\/chateauegitim.com\/wp-content\/uploads\/2020\/03\/galatasaray-lisesi-1-1-24x16.jpg 24w, https:\/\/chateauegitim.com\/wp-content\/uploads\/2020\/03\/galatasaray-lisesi-1-1-36x24.jpg 36w, https:\/\/chateauegitim.com\/wp-content\/uploads\/2020\/03\/galatasaray-lisesi-1-1-48x32.jpg 48w\" sizes=\"auto, (max-width: 1000px) 100vw, 1000px\" \/><\/div>\r\n    <\/div><\/div>\r\n            <\/section>\r\n            <\/div><style type=\"text\/css\"><\/style><\/div><\/div><\/div><\/div><div id=\"form\" data-vc-full-width=\"true\" data-vc-full-width-init=\"false\" data-vc-kd-parallax=\"1.4\" class=\"vc_row wpb_row vc_row-fluid vc_custom_1607100108597 vc_row-has-fill vc_general kd_vc_parallax kd_vc_parallax-content-moving\"><div class=\"parallax-overlay\" data-vc-kd-parallax=\"1.4\"><\/div><div class=\"kd-overlay\"  style=\"background-color:rgba(0,0,0,0.7);\"><\/div><div class=\"wpb_column vc_column_container vc_col-sm-12\"><div class=\"vc_column-inner vc_custom_1516095225433\"><div class=\"wpb_wrapper\"><div class=\"vc_row wpb_row vc_inner vc_row-fluid vc_custom_1555673013129 vc_row-has-padding-top vc_row-has-padding-bottom\"><div class=\"wpb_column vc_column_container vc_col-sm-1\"><div class=\"vc_column-inner vc_custom_1515166784808\"><div class=\"wpb_wrapper\"><\/div><\/div><\/div><div class=\"wpb_column vc_column_container vc_col-sm-4\"><div class=\"vc_column-inner\"><div class=\"wpb_wrapper\"><header class=\"kd-section-title col-lg-12 text-left  kd-animated fadeIn   vc_custom_1583491120092\" data-animation-delay=\"200\"><h2 class=\"separator_off\" style=\"color: #ffffff;\">Vous \u00eates invit\u00e9 \u00e0 nos cours d\u2019introductions gratuits !<\/h2><h6 class=\"subtitle\" style=\"color: #eeeeee;\">Si vous souhaitez que votre programme de fran\u00e7ais soit qualifi\u00e9 et intensif ; Nous vous offrons une le\u00e7on d'introduction.<\/h6><\/header><\/div><\/div><\/div><div class=\"wpb_column vc_column_container vc_col-sm-1\"><div class=\"vc_column-inner\"><div class=\"wpb_wrapper\"><\/div><\/div><\/div><div class=\"wpb_column vc_column_container vc_col-sm-5\"><div class=\"vc_column-inner\"><div class=\"wpb_wrapper\"><h4 style=\"color: #ffffff;text-align: left\" class=\"vc_custom_heading wpb_animate_when_almost_visible wpb_fadeIn fadeIn vc_custom_1583491141958\" >Nous allons revenir vers vous dans le plus cours des d\u00e9lais.<\/h4><div class=\"kd-contact-form full-width-cf white-input-bg\" ><div role=\"form\" class=\"wpcf7\" id=\"wpcf7-f4439-o1\" lang=\"en-US\" dir=\"ltr\">\n<div class=\"screen-reader-response\"><p role=\"status\" aria-live=\"polite\" aria-atomic=\"true\"><\/p> <ul><\/ul><\/div>\n<form action=\"\/fr\/wp-json\/wp\/v2\/pages\/7519#wpcf7-f4439-o1\" method=\"post\" class=\"wpcf7-form init\" novalidate=\"novalidate\" data-status=\"init\" data-trp-original-action=\"\/fr\/wp-json\/wp\/v2\/pages\/7519#wpcf7-f4439-o1\">\n<div style=\"display: none;\">\n<input type=\"hidden\" name=\"_wpcf7\" value=\"4439\" \/>\n<input type=\"hidden\" name=\"_wpcf7_version\" value=\"5.3.2\" \/>\n<input type=\"hidden\" name=\"_wpcf7_locale\" value=\"en_US\" \/>\n<input type=\"hidden\" name=\"_wpcf7_unit_tag\" value=\"wpcf7-f4439-o1\" \/>\n<input type=\"hidden\" name=\"_wpcf7_container_post\" value=\"0\" \/>\n<input type=\"hidden\" name=\"_wpcf7_posted_data_hash\" value=\"\" \/>\n<input type=\"hidden\" name=\"_wpcf7_recaptcha_response\" value=\"\" \/>\n<\/div>\n<p><span class=\"wpcf7-form-control-wrap your-name\"><input type=\"text\" name=\"your-name\" value=\"\" size=\"40\" class=\"wpcf7-form-control wpcf7-text wpcf7-validates-as-required\" aria-required=\"true\" aria-invalid=\"false\" placeholder=\"Nom*\" \/><\/span><br \/>\n<span class=\"wpcf7-form-control-wrap your-phone\"><input type=\"tel\" name=\"your-phone\" value=\"\" size=\"40\" class=\"wpcf7-form-control wpcf7-text wpcf7-tel wpcf7-validates-as-required wpcf7-validates-as-tel\" aria-required=\"true\" aria-invalid=\"false\" placeholder=\"GSM*\" \/><\/span><br \/>\n<span class=\"wpcf7-form-control-wrap your-email\"><input type=\"email\" name=\"your-email\" value=\"\" size=\"40\" class=\"wpcf7-form-control wpcf7-text wpcf7-email wpcf7-validates-as-required wpcf7-validates-as-email\" aria-required=\"true\" aria-invalid=\"false\" placeholder=\"E-mail*\" \/><\/span><br \/>\n<span class=\"wpcf7-form-control-wrap acceptance-630\"><span class=\"wpcf7-form-control wpcf7-acceptance\"><span class=\"wpcf7-list-item\"><label><input type=\"checkbox\" name=\"acceptance-630\" value=\"1\" aria-invalid=\"false\" \/><span class=\"wpcf7-list-item-label\"><a href=\"https:\/\/chateauegitim.com\/fr\/gizlilik-politikasi\/\" target=\"_blank\"> Le text de politique de confidentialit\u00e9 <\/a> J'ai lu le texte, j'approuve.<\/span><\/label><\/span><\/span><\/span><br \/>\n<span class=\"wpcf7-form-control-wrap acceptance-123\"><span class=\"wpcf7-form-control wpcf7-acceptance\"><span class=\"wpcf7-list-item\"><label><input type=\"checkbox\" name=\"acceptance-123\" value=\"1\" aria-invalid=\"false\" \/><span class=\"wpcf7-list-item-label\"><a href=\"https:\/\/chateauegitim.com\/fr\/acik-riza-onayi\/\" target=\"_blank\"> Approbation du consentement explicite<\/a> J&#039;ai lu le formulaire et je l&#039;accepte.<\/span><\/label><\/span><\/span><\/span><br \/>\n<input type=\"submit\" value=\"Envoyer\" class=\"wpcf7-form-control wpcf7-submit\" \/><\/p>\n<input type='hidden' class='wpcf7-pum' value='{\"closepopup\":false,\"closedelay\":0,\"openpopup\":false,\"openpopup_id\":0}' \/><div class=\"wpcf7-response-output\" aria-hidden=\"true\"><\/div><input type=\"hidden\" name=\"trp-form-language\" value=\"fr\"\/><\/form><\/div><\/div><\/div><\/div><\/div><div class=\"wpb_column vc_column_container vc_col-sm-1\"><div class=\"vc_column-inner\"><div class=\"wpb_wrapper\"><\/div><\/div><\/div><\/div><\/div><\/div><\/div><\/div><div class=\"vc_row-full-width vc_clearfix\"><\/div>","protected":false},"excerpt":{"rendered":"Informations g\u00e9n\u00e9rales Informations g\u00e9n\u00e9rales En tant que PREMI\u00c8RE et SEULE institution cr\u00e9\u00e9e par des dipl\u00f4m\u00e9s de l&#039;\u00e9cole primaire et secondaire de Galatasaray, nous [...]","protected":false},"author":1,"featured_media":7876,"parent":0,"menu_order":0,"comment_status":"closed","ping_status":"closed","template":"","meta":{"footnotes":""},"class_list":["post-7519","page","type-page","status-publish","has-post-thumbnail","hentry"],"yoast_head":"<!-- This site is optimized with the Yoast SEO plugin v15.5 - https:\/\/yoast.com\/wordpress\/plugins\/seo\/ -->\n<title>Galatasaray Lisesi Pasaj Haz\u0131rl\u0131k Program\u0131 | Chateau E\u011fitim<\/title>\n<meta name=\"robots\" content=\"index, follow, max-snippet:-1, max-image-preview:large, max-video-preview:-1\" \/>\n<link rel=\"canonical\" href=\"https:\/\/chateauegitim.com\/fr\/galatasaray-lisesi-pasaj-hazirlik-programi\/\" \/>\n<meta property=\"og:locale\" content=\"fr_FR\" \/>\n<meta property=\"og:type\" content=\"article\" \/>\n<meta property=\"og:title\" content=\"Galatasaray Lisesi Pasaj Haz\u0131rl\u0131k Program\u0131 | Chateau E\u011fitim\" \/>\n<meta property=\"og:url\" content=\"https:\/\/chateauegitim.com\/fr\/galatasaray-lisesi-pasaj-hazirlik-programi\/\" \/>\n<meta property=\"og:site_name\" content=\"Chateau E\u011fitim\" \/>\n<meta property=\"article:modified_time\" content=\"2020-12-04T16:45:24+00:00\" \/>\n<meta property=\"og:image\" content=\"https:\/\/chateauegitim.com\/wp-content\/uploads\/2020\/03\/galatasaray-lisesi-1.jpg\" \/>\n\t<meta property=\"og:image:width\" content=\"1920\" \/>\n\t<meta property=\"og:image:height\" content=\"500\" \/>\n<meta name=\"twitter:card\" content=\"summary_large_image\" \/>\n<meta name=\"twitter:label1\" content=\"Dur\u00e9e de lecture est.\">\n\t<meta name=\"twitter:data1\" content=\"4 minutes\">\n<script type=\"application\/ld+json\" class=\"yoast-schema-graph\">{\"@context\":\"https:\/\/schema.org\",\"@graph\":[{\"@type\":\"WebSite\",\"@id\":\"https:\/\/chateauegitim.com\/fr\/#website\",\"url\":\"https:\/\/chateauegitim.com\/fr\/\",\"name\":\"Chateau E\\u011fitim\",\"description\":\"\\u0130novatif E\\u011fitim\",\"potentialAction\":[{\"@type\":\"SearchAction\",\"target\":\"https:\/\/chateauegitim.com\/fr\/?s={search_term_string}\",\"query-input\":\"required name=search_term_string\"}],\"inLanguage\":\"fr-FR\"},{\"@type\":\"ImageObject\",\"@id\":\"https:\/\/chateauegitim.com\/fr\/galatasaray-lisesi-pasaj-hazirlik-programi\/#primaryimage\",\"inLanguage\":\"fr-FR\",\"url\":\"https:\/\/chateauegitim.com\/wp-content\/uploads\/2020\/03\/galatasaray-lisesi-1.jpg\",\"width\":1920,\"height\":500},{\"@type\":\"WebPage\",\"@id\":\"https:\/\/chateauegitim.com\/fr\/galatasaray-lisesi-pasaj-hazirlik-programi\/#webpage\",\"url\":\"https:\/\/chateauegitim.com\/fr\/galatasaray-lisesi-pasaj-hazirlik-programi\/\",\"name\":\"Galatasaray Lisesi Pasaj Haz\\u0131rl\\u0131k Program\\u0131 | Chateau E\\u011fitim\",\"isPartOf\":{\"@id\":\"https:\/\/chateauegitim.com\/fr\/#website\"},\"primaryImageOfPage\":{\"@id\":\"https:\/\/chateauegitim.com\/fr\/galatasaray-lisesi-pasaj-hazirlik-programi\/#primaryimage\"},\"datePublished\":\"2020-03-06T11:29:47+00:00\",\"dateModified\":\"2020-12-04T16:45:24+00:00\",\"inLanguage\":\"fr-FR\",\"potentialAction\":[{\"@type\":\"ReadAction\",\"target\":[\"https:\/\/chateauegitim.com\/fr\/galatasaray-lisesi-pasaj-hazirlik-programi\/\"]}]}]}<\/script>\n<!-- \/ Yoast SEO plugin. -->","_links":{"self":[{"href":"https:\/\/chateauegitim.com\/fr\/wp-json\/wp\/v2\/pages\/7519","targetHints":{"allow":["GET"]}}],"collection":[{"href":"https:\/\/chateauegitim.com\/fr\/wp-json\/wp\/v2\/pages"}],"about":[{"href":"https:\/\/chateauegitim.com\/fr\/wp-json\/wp\/v2\/types\/page"}],"author":[{"embeddable":true,"href":"https:\/\/chateauegitim.com\/fr\/wp-json\/wp\/v2\/users\/1"}],"replies":[{"embeddable":true,"href":"https:\/\/chateauegitim.com\/fr\/wp-json\/wp\/v2\/comments?post=7519"}],"version-history":[{"count":16,"href":"https:\/\/chateauegitim.com\/fr\/wp-json\/wp\/v2\/pages\/7519\/revisions"}],"predecessor-version":[{"id":8737,"href":"https:\/\/chateauegitim.com\/fr\/wp-json\/wp\/v2\/pages\/7519\/revisions\/8737"}],"wp:featuredmedia":[{"embeddable":true,"href":"https:\/\/chateauegitim.com\/fr\/wp-json\/wp\/v2\/media\/7876"}],"wp:attachment":[{"href":"https:\/\/chateauegitim.com\/fr\/wp-json\/wp\/v2\/media?parent=7519"}],"curies":[{"name":"wp","href":"https:\/\/api.w.org\/{rel}","templated":true}]}}