{"id":7525,"date":"2020-03-06T14:44:58","date_gmt":"2020-03-06T11:44:58","guid":{"rendered":"http:\/\/chateauegitim.com\/?page_id=7525"},"modified":"2025-06-23T10:47:09","modified_gmt":"2025-06-23T07:47:09","slug":"kariyer","status":"publish","type":"page","link":"https:\/\/chateauegitim.com\/fr\/kariyer\/","title":{"rendered":"Carri\u00e8re"},"content":{"rendered":"<div data-vc-full-width=\"true\" data-vc-full-width-init=\"false\" class=\"vc_row wpb_row vc_row-fluid under-menu-topbar vc_custom_1606071009201 vc_row-has-fill vc_row-has-padding-top vc_row-has-padding-bottom\"><div class=\"wpb_column vc_column_container vc_col-sm-12\"><div class=\"vc_column-inner\"><div class=\"wpb_wrapper\"><header class=\"kd-section-title vc_col-lg-6 vc_col-sm-8 text-center     vc_custom_1606071020233\" ><h1 class=\"separator_off\" style=\"color: #ffffff;\">Carri\u00e8re<\/h1><h6 class=\"subtitle\" style=\"color: #ffffff;\">Offres d'Emploi<\/h6><\/header><\/div><\/div><\/div><\/div><div class=\"vc_row-full-width vc_clearfix\"><\/div><div class=\"vc_row wpb_row vc_row-fluid vc_custom_1555675892398 vc_row-has-fill\"><div class=\"wpb_column vc_column_container vc_col-sm-12\"><div class=\"vc_column-inner vc_custom_1555676580479\"><div class=\"wpb_wrapper\"><div class=\"vc_tta-container\" data-vc-action=\"collapse\"><div class=\"vc_general vc_tta vc_tta-tabs vc_tta-color-grey vc_tta-style-classic vc_tta-shape-rounded vc_tta-spacing-1 vc_tta-tabs-position-top vc_tta-controls-align-left vc_custom_1555676595790\"><div class=\"vc_tta-tabs-container\"><ul class=\"vc_tta-tabs-list\"><li class=\"vc_tta-tab vc_active\" data-vc-tab><a href=\"#1488725417825-2758920e-e7efd3eb-d2400966-8526\" data-vc-tabs data-vc-container=\".vc_tta\"><i class=\"vc_tta-icon vc_li vc_li-diamond\"><\/i><span class=\"vc_tta-title-text\">Professeur(e) de Fran\u00e7ais<\/span><\/a><\/li><li class=\"vc_tta-tab\" data-vc-tab><a href=\"#1583495426411-db37380c-92df\" data-vc-tabs data-vc-container=\".vc_tta\"><i class=\"vc_tta-icon vc_li vc_li-diamond\"><\/i><span class=\"vc_tta-title-text\">Professeur(e) d'Anglais<\/span><\/a><\/li><\/ul><\/div><div class=\"vc_tta-panels-container\"><div class=\"vc_tta-panels\"><div class=\"vc_tta-panel vc_active\" id=\"1488725417825-2758920e-e7efd3eb-d2400966-8526\" data-vc-content=\".vc_tta-panel-body\"><div class=\"vc_tta-panel-heading\"><h4 class=\"vc_tta-panel-title\"><a href=\"#1488725417825-2758920e-e7efd3eb-d2400966-8526\" data-vc-accordion data-vc-container=\".vc_tta-container\"><i class=\"vc_tta-icon vc_li vc_li-diamond\"><\/i><span class=\"vc_tta-title-text\">Professeur(e) de Fran\u00e7ais<\/span><\/a><\/h4><\/div><div class=\"vc_tta-panel-body\"><div class=\"vc_row wpb_row vc_inner vc_row-fluid vc_custom_1536153128553 vc_row-has-padding-top vc_row-has-padding-bottom\"><div class=\"wpb_column vc_column_container vc_col-sm-12 vc_col-lg-8\"><div class=\"vc_column-inner vc_custom_1541432789170\"><div class=\"wpb_wrapper\">\n\t<div class=\"wpb_text_column wpb_content_element\" >\n\t\t<div class=\"wpb_wrapper\">\n\t\t\t<p>Ni\u015fanta\u015f\u0131 ve \u015ea\u015fk\u0131nbakkal\u2019da \u015fubeleri bulunan frankofon e\u011fitim kurumumuz Ch\u00e2teau E\u011fitim (<a href=\"https:\/\/chateauegitim.com\/fr\/\" target=\"_blank\" rel=\"noopener noreferrer\" data-content=\"http:\/\/chateauegitim.com\/\" data-type=\"external\">www.chateauegitim.com<\/a>(www.chateauegitim.com) qui comporte des filiales \u00e0 Ni\u015fanta\u015f\u0131, Florya et \u015ea\u015fk\u0131nbakkal; Nous \u00e9valuerons les dipl\u00f4m\u00e9s des d\u00e9partements de langues qui sont d\u00e9termin\u00e9s, qui aiment le fran\u00e7ais, qui veulent enseigner et se d\u00e9velopper dans le domaine p\u00e9dagogique et suivre les innovations dans l\u2018\u00e9ducation des langues.<\/p>\n\n\t\t<\/div>\n\t<\/div>\n<div id=\"1489502905563-e29b0d23-e63e\" class=\"vc_toggle vc_toggle_default vc_toggle_color_default  vc_toggle_size_md\"><div class=\"vc_toggle_title\"><h4>Les Qualit\u00e9s Requises<\/h4><i class=\"vc_toggle_icon\"><\/i><\/div><div class=\"vc_toggle_content\"><p>-Etre dipl\u00f4m\u00e9 des d\u00e9partements \u00ab Enseignement du fran\u00e7ais \u00bb ou \u00ab Langue et litt\u00e9rature fran\u00e7aises \u00bb des universit\u00e9s et poss\u00e9der une formation p\u00e9dagogique,<\/p>\n<p>-Etre conforme aux exigences de nomination du MEB,<\/p>\n<p>-Avoir une connaissance du fran\u00e7ais au niveau de la langue maternelle,<\/p>\n<p>-Avoir de l\u2019exp\u00e9rience dans le domaine,<\/p>\n<p>-Ma\u00eetriser les programmes MS Office,<\/p>\n<p>-Etre apte au travail d'\u00e9quipe,<\/p>\n<p>-Avoir une forte communication avec l'\u00e9tudiant,<\/p>\n<p>-Etre orient\u00e9 vers le succ\u00e8s, \u00eatre cr\u00e9atif,<\/p>\n<p>-Etre ouvert \u00e0 l'auto-am\u00e9lioration dans l'\u00e9ducation avec la technologie,<\/p>\n<p>-Suivre les innovations technologiques \u00e9ducatives,<\/p>\n<p>-Etre dynamique, disciplin\u00e9 et patient,<\/p>\n<p>-Etre de pr\u00e9f\u00e9rence dipl\u00f4m\u00e9 d\u2019un lyc\u00e9e fran\u00e7ais et titulaire d'un master.<\/p>\n<\/div><\/div><div id=\"1489502905062-f32a7618-e6e0\" class=\"vc_toggle vc_toggle_default vc_toggle_color_default  vc_toggle_size_md\"><div class=\"vc_toggle_title\"><h4>Mission\/Obligation<\/h4><i class=\"vc_toggle_icon\"><\/i><\/div><div class=\"vc_toggle_content\"><p>-Responsabilit\u00e9 p\u00e9dagogique dans les programmes de renforcement scolaire des \u00e9coles primaires, secondaires et lyc\u00e9es fran\u00e7ais,<\/p>\n<p>&#8211;<a href=\"http:\/\/www.chateaukids.com\/\" target=\"_blank\" rel=\"noopener noreferrer\" data-content=\"http:\/\/www.chateaukids.com\/\" data-type=\"external\">-Dans le cadre de notre projet www.chateaukids.com<\/a> , participer \u00e0 la partie R&amp;D du projet d'\u00e9ducation pour le groupe  d'\u00e2ge 4-12 ans avec des m\u00e9thodes de formation multi-sensorielles,<\/p>\n<p>-Responsabilit\u00e9 p\u00e9dagogique des \u00e9tudiants inscrits dans le cadre du projet concern\u00e9,<\/p>\n<p>-Contribuer \u00e0 des projets \u00e9ducatifs et linguistiques,<\/p>\n<p>-Etre responsable de la pr\u00e9paration de toutes sortes de mat\u00e9riels d'\u00e9valuation, de documents, de ressources et d'examens,<\/p>\n<p>-Prendre et mettre en \u0153uvre les mesures n\u00e9cessaires pour offrir une \u00e9ducation aux \u00e9tudiants de la meilleure fa\u00e7on et pour augmenter la qualit\u00e9 de l'\u00e9ducation,<\/p>\n<p>-Pr\u00e9parer les plans de cours, faire les \u00e9valuations des performances des \u00e9l\u00e8ves et suivre leur d\u00e9veloppement,<\/p>\n<p>-Guider les \u00e9tudiants dans les processus d'apprentissage de la langue.<\/p>\n<\/div><\/div><\/div><\/div><\/div><div class=\"wpb_column vc_column_container vc_col-sm-12 vc_col-lg-4\"><div class=\"vc_column-inner\"><div class=\"wpb_wrapper\"><header class=\"kd-section-title col-lg-12 text-left     vc_custom_1584012701649\" ><h3 class=\"separator_off\" >Nous serions heureux de vous voir dans la famille Ch\u00e2teau !<\/h3><h6 class=\"subtitle\" >Si vous pensez que ce poste vous convient, vous pouvez envoyer votre CV \u00e0 info@chateauegitim.com.<\/h6><\/header><div class=\"vc_empty_space\"   style=\"height: 10px\"><span class=\"vc_empty_space_inner\"><\/span><\/div>\n\t<div class=\"wpb_text_column wpb_content_element\" >\n\t\t<div class=\"wpb_wrapper\">\n\t\t\t<p><a href=\"https:\/\/chateauegitim.com\/fr\/fransizca-ogretmenleri-icin-egitici-egitimi\/\">Cliquez pour obtenir des informations sur notre programme de formation de formateur en enseignement du fran\u00e7ais Ch\u00e2teau Academy.<\/a><\/p>\n\n\t\t<\/div>\n\t<\/div>\n<\/div><\/div><\/div><\/div><\/div><\/div><div class=\"vc_tta-panel\" id=\"1583495426411-db37380c-92df\" data-vc-content=\".vc_tta-panel-body\"><div class=\"vc_tta-panel-heading\"><h4 class=\"vc_tta-panel-title\"><a href=\"#1583495426411-db37380c-92df\" data-vc-accordion data-vc-container=\".vc_tta-container\"><i class=\"vc_tta-icon vc_li vc_li-diamond\"><\/i><span class=\"vc_tta-title-text\">Professeur(e) d'Anglais<\/span><\/a><\/h4><\/div><div class=\"vc_tta-panel-body\"><div class=\"vc_row wpb_row vc_inner vc_row-fluid vc_custom_1536153128553 vc_row-has-padding-top vc_row-has-padding-bottom\"><div class=\"wpb_column vc_column_container vc_col-sm-12 vc_col-lg-8\"><div class=\"vc_column-inner vc_custom_1541432789170\"><div class=\"wpb_wrapper\">\n\t<div class=\"wpb_text_column wpb_content_element\" >\n\t\t<div class=\"wpb_wrapper\">\n\t\t\t<p class=\"font_8\">Pour le un poste de professeur de fran\u00e7ais \u00e0 plein temps au sein de notre \u00e9tablissement d'enseignement francophone Ch\u00e2teau E\u011fitim, www.chateauegitim.com  (www.chateauegitim.com) qui comprend des filiales \u00e0 Ni\u015fanta\u015f\u0131, Florya et \u015ea\u015fk\u0131nbakkal;<a href=\"https:\/\/chateauegitim.com\/fr\/\" target=\"_blank\" rel=\"noopener noreferrer\" data-content=\"http:\/\/chateauegitim.com\/\" data-type=\"external\">www.chateauegitim.com<\/a>(www.chateauegitim.com) qui comporte des filiales \u00e0 Ni\u015fanta\u015f\u0131, Florya et \u015ea\u015fk\u0131nbakkal; Nous \u00e9valuerons les dipl\u00f4m\u00e9s des d\u00e9partements de langues qui sont d\u00e9termin\u00e9s, qui aiment le fran\u00e7ais, qui veulent enseigner et se d\u00e9velopper dans le domaine p\u00e9dagogique et suivre les innovations dans l\u2018\u00e9ducation des langues.<\/p>\n\n\t\t<\/div>\n\t<\/div>\n<div  class=\"vc_toggle vc_toggle_default vc_toggle_color_default  vc_toggle_size_md\"><div class=\"vc_toggle_title\"><h4>Les Qualit\u00e9s Requises<\/h4><i class=\"vc_toggle_icon\"><\/i><\/div><div class=\"vc_toggle_content\"><p class=\"font_8\">-Dipl\u00f4m\u00e9 du d\u00e9partement \u00ab Enseignement de la langue anglaise \u00bb des universit\u00e9s ou du d\u00e9partement \u00ab Langue et litt\u00e9rature anglaises \u00bb et avoir une formation p\u00e9dagogique,<\/p>\n<p class=\"font_8\">-Etre conforme aux exigences de nomination du MEB,<\/p>\n<p class=\"font_8\">-Avoir une connaissance de l&#039;anglais au niveau natif,<\/p>\n<p class=\"font_8\">-Avoir de l\u2019exp\u00e9rience dans le domaine,<\/p>\n<p class=\"font_8\">-Ma\u00eetriser les programmes MS Office,<\/p>\n<p class=\"font_8\">-Etre apte au travail d'\u00e9quipe,<\/p>\n<p class=\"font_8\">-Avoir une forte communication avec l'\u00e9tudiant,<\/p>\n<p class=\"font_8\">-Etre orient\u00e9 vers le succ\u00e8s, \u00eatre cr\u00e9atif,<\/p>\n<p class=\"font_8\">-Etre ouvert \u00e0 l'auto-am\u00e9lioration dans l'\u00e9ducation avec la technologie,<\/p>\n<p class=\"font_8\">-Suivre les innovations technologiques \u00e9ducatives,<\/p>\n<p class=\"font_8\">-Etre dynamique, disciplin\u00e9 et patient,<\/p>\n<p class=\"font_8\">-De pr\u00e9f\u00e9rence titulaire d&#039;un master,<\/p>\n<p class=\"font_8\">-A de pr\u00e9f\u00e9rence une exp\u00e9rience SAT.<\/p>\n<p class=\"font_8\"><span class=\"wixGuard\">\u200b<\/span><\/p>\n<\/div><\/div><div  class=\"vc_toggle vc_toggle_default vc_toggle_color_default  vc_toggle_size_md\"><div class=\"vc_toggle_title\"><h4>Mission\/Obligation<\/h4><i class=\"vc_toggle_icon\"><\/i><\/div><div class=\"vc_toggle_content\"><p class=\"font_8\">- Responsabilit\u00e9 p\u00e9dagogique dans les programmes de renforcement des \u00e9coles d&#039;anglais,<\/p>\n<p class=\"font_8\">&#8211; <a href=\"http:\/\/www.chateaukids.com\/\" target=\"_blank\" rel=\"noopener noreferrer\" data-content=\"http:\/\/www.chateaukids.com\/\" data-type=\"external\">-Dans le cadre de notre projet www.chateaukids.com<\/a> , participer \u00e0 la partie R&amp;D du projet d'\u00e9ducation pour le groupe  d'\u00e2ge 4-12 ans avec des m\u00e9thodes de formation multi-sensorielles,<\/p>\n<p class=\"font_8\">-Responsabilit\u00e9 p\u00e9dagogique des \u00e9tudiants inscrits dans le cadre du projet concern\u00e9,<\/p>\n<p class=\"font_8\">-Contribuer \u00e0 des projets p\u00e9dagogiques et linguistiques,<\/p>\n<p class=\"font_8\">-Etre responsable de la pr\u00e9paration de toutes sortes de mat\u00e9riels d'\u00e9valuation, de documents, de ressources et d'examens,<\/p>\n<p class=\"font_8\">-Prendre et mettre en \u0153uvre les mesures n\u00e9cessaires pour offrir une \u00e9ducation aux \u00e9tudiants de la meilleure fa\u00e7on et pour augmenter la qualit\u00e9 de l'\u00e9ducation,<\/p>\n<p class=\"font_8\">-Pr\u00e9parer les plans de cours, faire les \u00e9valuations des performances des \u00e9l\u00e8ves et suivre leur d\u00e9veloppement,<\/p>\n<p class=\"font_8\">-Guider les \u00e9tudiants dans les processus d'apprentissage de la langue.<\/p>\n<\/div><\/div><\/div><\/div><\/div><div class=\"wpb_column vc_column_container vc_col-sm-12 vc_col-lg-4\"><div class=\"vc_column-inner\"><div class=\"wpb_wrapper\"><header class=\"kd-section-title col-lg-12 text-left     vc_custom_1584012706999\" ><h3 class=\"separator_off\" >Nous serions heureux de vous voir dans la famille Ch\u00e2teau !<\/h3><h6 class=\"subtitle\" >Si vous pensez que ce poste vous convient, vous pouvez envoyer votre CV \u00e0 info@chateauegitim.com.<\/h6><\/header><div class=\"vc_empty_space\"   style=\"height: 10px\"><span class=\"vc_empty_space_inner\"><\/span><\/div><\/div><\/div><\/div><\/div><\/div><\/div><\/div><\/div><\/div><\/div><\/div><\/div><\/div><\/div>","protected":false},"excerpt":{"rendered":"KariyerA\u00e7\u0131k PozisyonlarFrans\u0131zca \u00d6\u011fretmeni\u0130ngilizce \u00d6\u011fretmeniFrans\u0131zca \u00d6\u011fretmeni Ni\u015fanta\u015f\u0131 ve \u015ea\u015fk\u0131nbakkal\u2019da \u015fubeleri bulunan frankofon e\u011fitim kurumumuz Ch\u00e2teau E\u011fitim [...]","protected":false},"author":1,"featured_media":0,"parent":0,"menu_order":0,"comment_status":"closed","ping_status":"closed","template":"","meta":{"footnotes":""},"class_list":["post-7525","page","type-page","status-publish","hentry"],"yoast_head":"<!-- This site is optimized with the Yoast SEO plugin v15.5 - https:\/\/yoast.com\/wordpress\/plugins\/seo\/ -->\n<title>Kariyer | Chateau E\u011fitim<\/title>\n<meta name=\"robots\" content=\"index, follow, max-snippet:-1, max-image-preview:large, max-video-preview:-1\" \/>\n<link rel=\"canonical\" href=\"https:\/\/chateauegitim.com\/fr\/kariyer\/\" \/>\n<meta property=\"og:locale\" content=\"fr_FR\" \/>\n<meta property=\"og:type\" content=\"article\" \/>\n<meta property=\"og:title\" content=\"Kariyer | Chateau E\u011fitim\" \/>\n<meta property=\"og:url\" content=\"https:\/\/chateauegitim.com\/fr\/kariyer\/\" \/>\n<meta property=\"og:site_name\" content=\"Chateau E\u011fitim\" \/>\n<meta property=\"article:modified_time\" content=\"2025-06-23T07:47:09+00:00\" \/>\n<meta name=\"twitter:card\" content=\"summary_large_image\" \/>\n<meta name=\"twitter:label1\" content=\"Dur\u00e9e de lecture est.\">\n\t<meta name=\"twitter:data1\" content=\"4 minutes\">\n<script type=\"application\/ld+json\" class=\"yoast-schema-graph\">{\"@context\":\"https:\/\/schema.org\",\"@graph\":[{\"@type\":\"WebSite\",\"@id\":\"https:\/\/chateauegitim.com\/fr\/#website\",\"url\":\"https:\/\/chateauegitim.com\/fr\/\",\"name\":\"Chateau E\\u011fitim\",\"description\":\"\\u0130novatif E\\u011fitim\",\"potentialAction\":[{\"@type\":\"SearchAction\",\"target\":\"https:\/\/chateauegitim.com\/fr\/?s={search_term_string}\",\"query-input\":\"required name=search_term_string\"}],\"inLanguage\":\"fr-FR\"},{\"@type\":\"WebPage\",\"@id\":\"https:\/\/chateauegitim.com\/fr\/kariyer\/#webpage\",\"url\":\"https:\/\/chateauegitim.com\/fr\/kariyer\/\",\"name\":\"Kariyer | Chateau E\\u011fitim\",\"isPartOf\":{\"@id\":\"https:\/\/chateauegitim.com\/fr\/#website\"},\"datePublished\":\"2020-03-06T11:44:58+00:00\",\"dateModified\":\"2025-06-23T07:47:09+00:00\",\"inLanguage\":\"fr-FR\",\"potentialAction\":[{\"@type\":\"ReadAction\",\"target\":[\"https:\/\/chateauegitim.com\/fr\/kariyer\/\"]}]}]}<\/script>\n<!-- \/ Yoast SEO plugin. -->","_links":{"self":[{"href":"https:\/\/chateauegitim.com\/fr\/wp-json\/wp\/v2\/pages\/7525","targetHints":{"allow":["GET"]}}],"collection":[{"href":"https:\/\/chateauegitim.com\/fr\/wp-json\/wp\/v2\/pages"}],"about":[{"href":"https:\/\/chateauegitim.com\/fr\/wp-json\/wp\/v2\/types\/page"}],"author":[{"embeddable":true,"href":"https:\/\/chateauegitim.com\/fr\/wp-json\/wp\/v2\/users\/1"}],"replies":[{"embeddable":true,"href":"https:\/\/chateauegitim.com\/fr\/wp-json\/wp\/v2\/comments?post=7525"}],"version-history":[{"count":22,"href":"https:\/\/chateauegitim.com\/fr\/wp-json\/wp\/v2\/pages\/7525\/revisions"}],"predecessor-version":[{"id":9712,"href":"https:\/\/chateauegitim.com\/fr\/wp-json\/wp\/v2\/pages\/7525\/revisions\/9712"}],"wp:attachment":[{"href":"https:\/\/chateauegitim.com\/fr\/wp-json\/wp\/v2\/media?parent=7525"}],"curies":[{"name":"wp","href":"https:\/\/api.w.org\/{rel}","templated":true}]}}