{"id":7569,"date":"2020-03-06T15:32:27","date_gmt":"2020-03-06T12:32:27","guid":{"rendered":"http:\/\/chateauegitim.com\/?page_id=7569"},"modified":"2020-03-25T16:22:13","modified_gmt":"2020-03-25T13:22:13","slug":"fransada-universite-programlari","status":"publish","type":"page","link":"https:\/\/chateauegitim.com\/fr\/fransada-universite-programlari\/","title":{"rendered":"Les Programmes d'Universit\u00e9 en France"},"content":{"rendered":"<div class=\"vc_row wpb_row vc_row-fluid vc_custom_1556018461316 vc_row-has-padding-top vc_row-has-padding-bottom\"><div class=\"wpb_column vc_column_container vc_col-sm-12\"><div class=\"vc_column-inner\"><div class=\"wpb_wrapper\"><div class=\"feature-sections-wrapper kd-fsp-69e8a8650b03e\">\r\n            <section class=\"feature-sections-tabs\">\r\n              <nav class=\"kd-feature-tabs\">\r\n                <ul class=\"nav nav-tabs sticky-tabs container\">\r\n                <\/ul>\r\n              <\/nav>\r\n            <\/section>\r\n            <section id=\"kd-fss-69e8a8650b0a3\" class=\"featured-right\"><li class=\"nav-label\"><a class=\"feature-tabs-scroll\" href=\"#kd-fss-69e8a8650b0a3\"><i class=\"iconsmind-Align-JustifyRight fss-nav-icon\" style=\" \"><\/i> Fixer des objectifs<\/a><\/li><div class=\"container\">\r\n                <div class=\"side-content-wrapper kd-animated fadeInLeft\" data-animation-delay=\"200\"><i class=\"section-icon\" style=\" \"><\/i> <h2 class=\"side-content-title\" >Fixer des objectifs<\/h2><div class=\"side-content-text\" ><p>Un entretien pr\u00e9liminaire d\u00e9taill\u00e9 est organis\u00e9 avec l&#039;\u00e9tudiant et les programmes\/pays\/universit\u00e9s de premier cycle cibles de l&#039;\u00e9tudiant sont d\u00e9termin\u00e9s. Il est avantageux d\u2019effectuer des recherches approfondies d\u00e8s le d\u00e9but pour trouver l\u2019universit\u00e9 et le programme qui conviennent \u00e0 vos objectifs de carri\u00e8re et \u00e0 votre budget. Les \u00e9tudiants sont guid\u00e9s en tenant compte de tous les facteurs tels que les conditions de vie en France, la qualit\u00e9 des universit\u00e9s et des d\u00e9partements et l&#039;\u00e9quivalence des programmes de premier cycle avec le syst\u00e8me Y\u00d6K turc. L&#039;important n&#039;est pas la hauteur des r\u00eaves, mais la r\u00e9alisation des r\u00eaves \u00e9lev\u00e9s en parall\u00e8le avec les possibilit\u00e9s disponibles. Dans ce contexte, nos consultants ; Sur la base des exp\u00e9riences ant\u00e9rieures, il cr\u00e9e une feuille de route sp\u00e9cifique \u00e0 l&#039;\u00e9tudiant et cible le niveau le plus \u00e9lev\u00e9 que l&#039;\u00e9tudiant peut atteindre, en tenant compte de tous les facteurs tels que la r\u00e9ussite scolaire pass\u00e9e.<\/p>\n<\/div><\/div><div class=\"side-featured-wrapper fss-rectangle kd-animated fadeInRight fss-shadow-image\" data-animation-delay=\"200\">\r\n      <div class=\"featured-image\"><a data-size=\"800x600\" href=\"https:\/\/chateauegitim.com\/wp-content\/uploads\/2020\/03\/target.jpg\"><img loading=\"lazy\" decoding=\"async\" width=\"800\" height=\"600\" src=\"https:\/\/chateauegitim.com\/wp-content\/uploads\/2020\/03\/target.jpg\" class=\"attachment-full\" alt=\"\" srcset=\"https:\/\/chateauegitim.com\/wp-content\/uploads\/2020\/03\/target.jpg 800w, https:\/\/chateauegitim.com\/wp-content\/uploads\/2020\/03\/target-300x225.jpg 300w, https:\/\/chateauegitim.com\/wp-content\/uploads\/2020\/03\/target-768x576.jpg 768w, https:\/\/chateauegitim.com\/wp-content\/uploads\/2020\/03\/target-24x18.jpg 24w, https:\/\/chateauegitim.com\/wp-content\/uploads\/2020\/03\/target-36x27.jpg 36w, https:\/\/chateauegitim.com\/wp-content\/uploads\/2020\/03\/target-48x36.jpg 48w\" sizes=\"auto, (max-width: 800px) 100vw, 800px\" \/><\/a><\/div>\r\n    <\/div><\/div>\r\n            <\/section><section id=\"kd-fss-69e8a8650b4c0\" class=\"featured-left\"><li class=\"nav-label\"><a class=\"feature-tabs-scroll\" href=\"#kd-fss-69e8a8650b4c0\"><i class=\"iconsmind-Search-People fss-nav-icon\" style=\" \"><\/i> Reprendre la s\u00e9lection<\/a><\/li><div class=\"container\">\r\n                <div class=\"side-content-wrapper kd-animated fadeInRight\" data-animation-delay=\"200\"><i class=\"section-icon\" style=\" \"><\/i> <h2 class=\"side-content-title\" >Reprendre la s\u00e9lection<\/h2><div class=\"side-content-text\" ><p>Les curriculum vitae qui ont compl\u00e9t\u00e9 le parcours \u00e9ducatif des objectifs\/r\u00eaves de l&#039;\u00e9tudiant sont recherch\u00e9s. En contactant les personnes dipl\u00f4m\u00e9es de l&#039;\u00e9cole et du d\u00e9partement cible de l&#039;\u00e9tudiant, l&#039;\u00e9tudiant\u00a0; Il montre comment cette \u00e9ducation fa\u00e7onnera votre vie.<\/p>\n<\/div><\/div><div class=\"side-featured-wrapper fss-rectangle kd-animated fadeInLeft fss-shadow-image\" data-animation-delay=\"200\">\r\n      <div class=\"featured-image\"><a data-size=\"626x626\" href=\"https:\/\/chateauegitim.com\/wp-content\/uploads\/2020\/03\/review-background-design_1300-14.jpg\"><img loading=\"lazy\" decoding=\"async\" width=\"626\" height=\"626\" src=\"https:\/\/chateauegitim.com\/wp-content\/uploads\/2020\/03\/review-background-design_1300-14.jpg\" class=\"attachment-full\" alt=\"\" srcset=\"https:\/\/chateauegitim.com\/wp-content\/uploads\/2020\/03\/review-background-design_1300-14.jpg 626w, https:\/\/chateauegitim.com\/wp-content\/uploads\/2020\/03\/review-background-design_1300-14-300x300.jpg 300w, https:\/\/chateauegitim.com\/wp-content\/uploads\/2020\/03\/review-background-design_1300-14-150x150.jpg 150w, https:\/\/chateauegitim.com\/wp-content\/uploads\/2020\/03\/review-background-design_1300-14-320x320.jpg 320w, https:\/\/chateauegitim.com\/wp-content\/uploads\/2020\/03\/review-background-design_1300-14-24x24.jpg 24w, https:\/\/chateauegitim.com\/wp-content\/uploads\/2020\/03\/review-background-design_1300-14-36x36.jpg 36w, https:\/\/chateauegitim.com\/wp-content\/uploads\/2020\/03\/review-background-design_1300-14-48x48.jpg 48w\" sizes=\"auto, (max-width: 626px) 100vw, 626px\" \/><\/a><\/div>\r\n    <\/div><\/div>\r\n            <\/section><section id=\"kd-fss-69e8a8650b83e\" class=\"featured-right\"><li class=\"nav-label\"><a class=\"feature-tabs-scroll\" href=\"#kd-fss-69e8a8650b83e\"><i class=\"iconsmind-Duplicate-Layer fss-nav-icon\" style=\" \"><\/i> D\u00e9cision et inscription<\/a><\/li><div class=\"container\">\r\n                <div class=\"side-content-wrapper kd-animated fadeInLeft\" data-animation-delay=\"200\"><i class=\"section-icon\" style=\" \"><\/i> <h2 class=\"side-content-title\" >D\u00e9cision et inscription<\/h2><div class=\"side-content-text\" ><p>A l\u2019issue des deux \u00e9tapes pr\u00e9c\u00e9dentes, l\u2019\u00e9cole et le d\u00e9partement aupr\u00e8s desquels la candidature sera adress\u00e9e sont contact\u00e9s. Sur la base des conditions de candidature, les dossiers de candidature sont remplis avec l&#039;\u00e9tudiant en tenant compte des priorit\u00e9s et de la dynamique de l&#039;\u00e9cole. Nos consultants travaillent avec l&#039;\u00e9tudiant \u00e0 chaque \u00e9tape du processus de candidature.<\/p>\n<\/div><\/div><div class=\"side-featured-wrapper fss-rectangle kd-animated fadeInRight fss-shadow-image\" data-animation-delay=\"200\">\r\n      <div class=\"featured-image\"><a data-size=\"624x345\" href=\"https:\/\/chateauegitim.com\/wp-content\/uploads\/2020\/03\/Applying-at-French-Universities-624x345-1.jpg\"><img loading=\"lazy\" decoding=\"async\" width=\"624\" height=\"345\" src=\"https:\/\/chateauegitim.com\/wp-content\/uploads\/2020\/03\/Applying-at-French-Universities-624x345-1.jpg\" class=\"attachment-full\" alt=\"\" srcset=\"https:\/\/chateauegitim.com\/wp-content\/uploads\/2020\/03\/Applying-at-French-Universities-624x345-1.jpg 624w, https:\/\/chateauegitim.com\/wp-content\/uploads\/2020\/03\/Applying-at-French-Universities-624x345-1-300x166.jpg 300w, https:\/\/chateauegitim.com\/wp-content\/uploads\/2020\/03\/Applying-at-French-Universities-624x345-1-24x13.jpg 24w, https:\/\/chateauegitim.com\/wp-content\/uploads\/2020\/03\/Applying-at-French-Universities-624x345-1-36x20.jpg 36w, https:\/\/chateauegitim.com\/wp-content\/uploads\/2020\/03\/Applying-at-French-Universities-624x345-1-48x27.jpg 48w\" sizes=\"auto, (max-width: 624px) 100vw, 624px\" \/><\/a><\/div>\r\n    <\/div><\/div>\r\n            <\/section><section id=\"kd-fss-69e8a8650bb5f\" class=\"featured-left\"><li class=\"nav-label\"><a class=\"feature-tabs-scroll\" href=\"#kd-fss-69e8a8650bb5f\"><i class=\"iconsmind-Consulting fss-nav-icon\" style=\" \"><\/i> Conseil post-candidature<\/a><\/li><div class=\"container\">\r\n                <div class=\"side-content-wrapper kd-animated fadeInRight\" data-animation-delay=\"200\"><i class=\"section-icon\" style=\" \"><\/i> <h2 class=\"side-content-title\" >Conseil post-candidature<\/h2><div class=\"side-content-text\" ><p>Suite au r\u00e9sultat positif de la candidature, l&#039;\u00e9tudiant re\u00e7oit une orientation vers le pays et la ville. L&#039;\u00e9tudiant est inform\u00e9 du climat, de la culture, des habitudes alimentaires et du niveau de vie du pays concern\u00e9. Les \u00e9tudiants partant pour la premi\u00e8re fois \u00e0 l\u2019\u00e9tranger sont inform\u00e9s des proc\u00e9dures a\u00e9roportuaires de d\u00e9part et d\u2019arriv\u00e9e. Si n\u00e9cessaire, des \u00ab \u00e9tudes pr\u00e9liminaires \u00e0 l&#039;enseignement de la langue fran\u00e7aise \u00bb sont pr\u00e9vues pour l&#039;\u00e9tudiant. Nos consultants sur des questions telles que la demande de visa et l&#039;h\u00e9bergement\u00a0; Ils vous soutiennent gr\u00e2ce \u00e0 leurs vastes r\u00e9seaux de communication dans diff\u00e9rents pays.<\/p>\n<\/div><\/div><div class=\"side-featured-wrapper fss-rectangle kd-animated fadeInLeft fss-shadow-image\" data-animation-delay=\"200\">\r\n      <div class=\"featured-image\"><a data-size=\"800x600\" href=\"https:\/\/chateauegitim.com\/wp-content\/uploads\/2020\/03\/thisdot_consulting.png\"><img loading=\"lazy\" decoding=\"async\" width=\"800\" height=\"600\" src=\"https:\/\/chateauegitim.com\/wp-content\/uploads\/2020\/03\/thisdot_consulting.png\" class=\"attachment-full\" alt=\"\" srcset=\"https:\/\/chateauegitim.com\/wp-content\/uploads\/2020\/03\/thisdot_consulting.png 800w, https:\/\/chateauegitim.com\/wp-content\/uploads\/2020\/03\/thisdot_consulting-300x225.png 300w, https:\/\/chateauegitim.com\/wp-content\/uploads\/2020\/03\/thisdot_consulting-768x576.png 768w, https:\/\/chateauegitim.com\/wp-content\/uploads\/2020\/03\/thisdot_consulting-24x18.png 24w, https:\/\/chateauegitim.com\/wp-content\/uploads\/2020\/03\/thisdot_consulting-36x27.png 36w, https:\/\/chateauegitim.com\/wp-content\/uploads\/2020\/03\/thisdot_consulting-48x36.png 48w\" sizes=\"auto, (max-width: 800px) 100vw, 800px\" \/><\/a><\/div>\r\n    <\/div><\/div>\r\n            <\/section>\r\n            <\/div><style type=\"text\/css\"><\/style><\/div><\/div><\/div><\/div><div data-vc-full-width=\"true\" data-vc-full-width-init=\"false\" class=\"vc_row wpb_row vc_row-fluid vc_custom_1555685960729 vc_row-has-fill\"><div class=\"wpb_column vc_column_container vc_col-sm-12\"><div class=\"vc_column-inner\"><div class=\"wpb_wrapper\"><div class=\"vc_row wpb_row vc_inner vc_row-fluid vc_custom_1555685968851 vc_row-has-padding-top vc_row-has-padding-bottom\"><div class=\"wpb_column vc_column_container vc_col-sm-12\"><div class=\"vc_column-inner\"><div class=\"wpb_wrapper\"><div class=\"slider clients lift-effect kd-client-69e8a8650c30e black-navigation\"><div class=\"clients-content\" ><img loading=\"lazy\" decoding=\"async\" width=\"178\" height=\"99\" src=\"https:\/\/chateauegitim.com\/wp-content\/uploads\/2020\/03\/84d837_2ba0f2d3994a43288e8b87fea2c6f478.png\" class=\"attachment-full\" alt=\"\" \/><\/div><div class=\"clients-content\" ><img loading=\"lazy\" decoding=\"async\" width=\"658\" height=\"298\" src=\"https:\/\/chateauegitim.com\/wp-content\/uploads\/2020\/03\/84d837_ef1319105e3243fab340b4e3792aa410-1.jpg\" class=\"attachment-full\" alt=\"\" srcset=\"https:\/\/chateauegitim.com\/wp-content\/uploads\/2020\/03\/84d837_ef1319105e3243fab340b4e3792aa410-1.jpg 658w, https:\/\/chateauegitim.com\/wp-content\/uploads\/2020\/03\/84d837_ef1319105e3243fab340b4e3792aa410-1-300x136.jpg 300w\" sizes=\"auto, (max-width: 658px) 100vw, 658px\" \/><\/div><div class=\"clients-content\" ><img loading=\"lazy\" decoding=\"async\" width=\"450\" height=\"170\" src=\"https:\/\/chateauegitim.com\/wp-content\/uploads\/2020\/03\/Ekran-Resmi-2020-03-06-15.34.40.png\" class=\"attachment-full\" alt=\"\" srcset=\"https:\/\/chateauegitim.com\/wp-content\/uploads\/2020\/03\/Ekran-Resmi-2020-03-06-15.34.40.png 450w, https:\/\/chateauegitim.com\/wp-content\/uploads\/2020\/03\/Ekran-Resmi-2020-03-06-15.34.40-300x113.png 300w\" sizes=\"auto, (max-width: 450px) 100vw, 450px\" \/><\/div><div class=\"clients-content\" ><img loading=\"lazy\" decoding=\"async\" width=\"1320\" height=\"585\" src=\"https:\/\/chateauegitim.com\/wp-content\/uploads\/2020\/03\/84d837_8c0912a97334433b8dc221c6d5695206-1.jpg\" class=\"attachment-full\" alt=\"\" srcset=\"https:\/\/chateauegitim.com\/wp-content\/uploads\/2020\/03\/84d837_8c0912a97334433b8dc221c6d5695206-1.jpg 1320w, https:\/\/chateauegitim.com\/wp-content\/uploads\/2020\/03\/84d837_8c0912a97334433b8dc221c6d5695206-1-800x355.jpg 800w, https:\/\/chateauegitim.com\/wp-content\/uploads\/2020\/03\/84d837_8c0912a97334433b8dc221c6d5695206-1-300x133.jpg 300w, https:\/\/chateauegitim.com\/wp-content\/uploads\/2020\/03\/84d837_8c0912a97334433b8dc221c6d5695206-1-1024x454.jpg 1024w, https:\/\/chateauegitim.com\/wp-content\/uploads\/2020\/03\/84d837_8c0912a97334433b8dc221c6d5695206-1-768x340.jpg 768w\" sizes=\"auto, (max-width: 1320px) 100vw, 1320px\" \/><\/div><div class=\"clients-content\" ><img loading=\"lazy\" decoding=\"async\" width=\"2560\" height=\"1216\" src=\"https:\/\/chateauegitim.com\/wp-content\/uploads\/2020\/03\/84d837_9248c9c7c9a34a7b870a3983836fc6a8-1-scaled.jpg\" class=\"attachment-full\" alt=\"\" srcset=\"https:\/\/chateauegitim.com\/wp-content\/uploads\/2020\/03\/84d837_9248c9c7c9a34a7b870a3983836fc6a8-1-scaled.jpg 2560w, https:\/\/chateauegitim.com\/wp-content\/uploads\/2020\/03\/84d837_9248c9c7c9a34a7b870a3983836fc6a8-1-scaled-800x380.jpg 800w, https:\/\/chateauegitim.com\/wp-content\/uploads\/2020\/03\/84d837_9248c9c7c9a34a7b870a3983836fc6a8-1-300x142.jpg 300w, https:\/\/chateauegitim.com\/wp-content\/uploads\/2020\/03\/84d837_9248c9c7c9a34a7b870a3983836fc6a8-1-1024x486.jpg 1024w, https:\/\/chateauegitim.com\/wp-content\/uploads\/2020\/03\/84d837_9248c9c7c9a34a7b870a3983836fc6a8-1-768x365.jpg 768w, https:\/\/chateauegitim.com\/wp-content\/uploads\/2020\/03\/84d837_9248c9c7c9a34a7b870a3983836fc6a8-1-1536x729.jpg 1536w, https:\/\/chateauegitim.com\/wp-content\/uploads\/2020\/03\/84d837_9248c9c7c9a34a7b870a3983836fc6a8-1-2048x973.jpg 2048w\" sizes=\"auto, (max-width: 2560px) 100vw, 2560px\" \/><\/div><div class=\"clients-content\" ><img loading=\"lazy\" decoding=\"async\" width=\"222\" height=\"100\" src=\"https:\/\/chateauegitim.com\/wp-content\/uploads\/2020\/03\/84d837_d0d4cfa050894995a24ecf6233b4f5ae.png\" class=\"attachment-full\" alt=\"\" \/><\/div><\/div><script type=\"text\/javascript\">\r\n              jQuery(document).ready(function($){\r\n                if ($(\".slider.clients.kd-client-69e8a8650c30e\").length) {\r\n                  $(\".slider.clients.kd-client-69e8a8650c30e\").owlCarousel({\r\n                    stageClass: \"owl-wrapper\",\r\n                    stageOuterClass: \"owl-wrapper-outer\",\r\n                    loadedClass: \"owl-carousel\",\r\n                    responsiveClass:true,\r\n                    responsive:{\r\n                      0:{\r\n                          items:1,nav: true,\r\n                            navSpeed: 500,\r\n                            dots: false,},\r\n                      415:{\r\n                          items:3,nav: true,\r\n                            navSpeed: 500,\r\n                            dots: false,},\r\n                      960:{\r\n                          items:5,nav: true,\r\n                              navSpeed: 500,\r\n                              dots: false,}\r\n                    },loop: true,autoplay: true,autoplayTimeout: 8000,\r\n                  });\r\n                }\r\n              });\r\n            <\/script><\/div><\/div><\/div><\/div><\/div><\/div><\/div><\/div><div class=\"vc_row-full-width vc_clearfix\"><\/div><div id=\"form\" data-vc-full-width=\"true\" data-vc-full-width-init=\"false\" data-vc-kd-parallax=\"1.4\" class=\"vc_row wpb_row vc_row-fluid vc_custom_1583491359453 vc_row-has-fill vc_general kd_vc_parallax kd_vc_parallax-content-moving\"><div class=\"parallax-overlay\" data-vc-kd-parallax=\"1.4\"><\/div><div class=\"kd-overlay\"  style=\"background-color:rgba(0,0,0,0.7);\"><\/div><div class=\"wpb_column vc_column_container vc_col-sm-12\"><div class=\"vc_column-inner vc_custom_1516095225433\"><div class=\"wpb_wrapper\"><div class=\"vc_row wpb_row vc_inner vc_row-fluid vc_custom_1555673013129 vc_row-has-padding-top vc_row-has-padding-bottom\"><div class=\"wpb_column vc_column_container vc_col-sm-1\"><div class=\"vc_column-inner vc_custom_1515166784808\"><div class=\"wpb_wrapper\"><\/div><\/div><\/div><div class=\"wpb_column vc_column_container vc_col-sm-4\"><div class=\"vc_column-inner\"><div class=\"wpb_wrapper\"><header class=\"kd-section-title col-lg-12 text-left  kd-animated fadeIn   vc_custom_1583491120092\" data-animation-delay=\"200\"><h2 class=\"separator_off\" style=\"color: #ffffff;\">Vous \u00eates invit\u00e9 \u00e0 nos cours d\u2019introductions gratuits !<\/h2><h6 class=\"subtitle\" style=\"color: #eeeeee;\">Si vous souhaitez que votre programme de fran\u00e7ais soit qualifi\u00e9 et intensif ; Nous vous offrons une le\u00e7on d'introduction.<\/h6><\/header><\/div><\/div><\/div><div class=\"wpb_column vc_column_container vc_col-sm-1\"><div class=\"vc_column-inner\"><div class=\"wpb_wrapper\"><\/div><\/div><\/div><div class=\"wpb_column vc_column_container vc_col-sm-5\"><div class=\"vc_column-inner\"><div class=\"wpb_wrapper\"><h4 style=\"color: #ffffff;text-align: left\" class=\"vc_custom_heading wpb_animate_when_almost_visible wpb_fadeIn fadeIn vc_custom_1583491141958\" >Nous allons revenir vers vous dans le plus cours des d\u00e9lais.<\/h4><div class=\"kd-contact-form full-width-cf white-input-bg\" ><div role=\"form\" class=\"wpcf7\" id=\"wpcf7-f4439-o1\" lang=\"en-US\" dir=\"ltr\">\n<div class=\"screen-reader-response\"><p role=\"status\" aria-live=\"polite\" aria-atomic=\"true\"><\/p> <ul><\/ul><\/div>\n<form action=\"\/fr\/wp-json\/wp\/v2\/pages\/7569#wpcf7-f4439-o1\" method=\"post\" class=\"wpcf7-form init\" novalidate=\"novalidate\" data-status=\"init\" data-trp-original-action=\"\/fr\/wp-json\/wp\/v2\/pages\/7569#wpcf7-f4439-o1\">\n<div style=\"display: none;\">\n<input type=\"hidden\" name=\"_wpcf7\" value=\"4439\" \/>\n<input type=\"hidden\" name=\"_wpcf7_version\" value=\"5.3.2\" \/>\n<input type=\"hidden\" name=\"_wpcf7_locale\" value=\"en_US\" \/>\n<input type=\"hidden\" name=\"_wpcf7_unit_tag\" value=\"wpcf7-f4439-o1\" \/>\n<input type=\"hidden\" name=\"_wpcf7_container_post\" value=\"0\" \/>\n<input type=\"hidden\" name=\"_wpcf7_posted_data_hash\" value=\"\" \/>\n<input type=\"hidden\" name=\"_wpcf7_recaptcha_response\" value=\"\" \/>\n<\/div>\n<p><span class=\"wpcf7-form-control-wrap your-name\"><input type=\"text\" name=\"your-name\" value=\"\" size=\"40\" class=\"wpcf7-form-control wpcf7-text wpcf7-validates-as-required\" aria-required=\"true\" aria-invalid=\"false\" placeholder=\"Nom*\" \/><\/span><br \/>\n<span class=\"wpcf7-form-control-wrap your-phone\"><input type=\"tel\" name=\"your-phone\" value=\"\" size=\"40\" class=\"wpcf7-form-control wpcf7-text wpcf7-tel wpcf7-validates-as-required wpcf7-validates-as-tel\" aria-required=\"true\" aria-invalid=\"false\" placeholder=\"GSM*\" \/><\/span><br \/>\n<span class=\"wpcf7-form-control-wrap your-email\"><input type=\"email\" name=\"your-email\" value=\"\" size=\"40\" class=\"wpcf7-form-control wpcf7-text wpcf7-email wpcf7-validates-as-required wpcf7-validates-as-email\" aria-required=\"true\" aria-invalid=\"false\" placeholder=\"E-mail*\" \/><\/span><br \/>\n<span class=\"wpcf7-form-control-wrap acceptance-630\"><span class=\"wpcf7-form-control wpcf7-acceptance\"><span class=\"wpcf7-list-item\"><label><input type=\"checkbox\" name=\"acceptance-630\" value=\"1\" aria-invalid=\"false\" \/><span class=\"wpcf7-list-item-label\"><a href=\"https:\/\/chateauegitim.com\/fr\/gizlilik-politikasi\/\" target=\"_blank\"> Le text de politique de confidentialit\u00e9 <\/a> J'ai lu le texte, j'approuve.<\/span><\/label><\/span><\/span><\/span><br \/>\n<span class=\"wpcf7-form-control-wrap acceptance-123\"><span class=\"wpcf7-form-control wpcf7-acceptance\"><span class=\"wpcf7-list-item\"><label><input type=\"checkbox\" name=\"acceptance-123\" value=\"1\" aria-invalid=\"false\" \/><span class=\"wpcf7-list-item-label\"><a href=\"https:\/\/chateauegitim.com\/fr\/acik-riza-onayi\/\" target=\"_blank\"> Approbation du consentement explicite<\/a> J&#039;ai lu le formulaire et je l&#039;accepte.<\/span><\/label><\/span><\/span><\/span><br \/>\n<input type=\"submit\" value=\"Envoyer\" class=\"wpcf7-form-control wpcf7-submit\" \/><\/p>\n<input type='hidden' class='wpcf7-pum' value='{\"closepopup\":false,\"closedelay\":0,\"openpopup\":false,\"openpopup_id\":0}' \/><div class=\"wpcf7-response-output\" aria-hidden=\"true\"><\/div><input type=\"hidden\" name=\"trp-form-language\" value=\"fr\"\/><\/form><\/div><\/div><\/div><\/div><\/div><div class=\"wpb_column vc_column_container vc_col-sm-1\"><div class=\"vc_column-inner\"><div class=\"wpb_wrapper\"><\/div><\/div><\/div><\/div><\/div><\/div><\/div><\/div><div class=\"vc_row-full-width vc_clearfix\"><\/div>","protected":false},"excerpt":{"rendered":"D\u00e9termination des objectifs D\u00e9termination des objectifs Un entretien pr\u00e9liminaire d\u00e9taill\u00e9 a lieu avec l&#039;\u00e9tudiant et les programmes\/pays\/universit\u00e9s de premier cycle cibles de l&#039;\u00e9tudiant sont d\u00e9termin\u00e9s. [...]","protected":false},"author":1,"featured_media":7873,"parent":0,"menu_order":0,"comment_status":"closed","ping_status":"closed","template":"","meta":{"footnotes":""},"class_list":["post-7569","page","type-page","status-publish","has-post-thumbnail","hentry"],"yoast_head":"<!-- This site is optimized with the Yoast SEO plugin v15.5 - https:\/\/yoast.com\/wordpress\/plugins\/seo\/ -->\n<title>Fransa&#039;da \u00dcniversite Programlar\u0131 | Chateau E\u011fitim<\/title>\n<meta name=\"robots\" content=\"index, follow, max-snippet:-1, max-image-preview:large, max-video-preview:-1\" \/>\n<link rel=\"canonical\" href=\"https:\/\/chateauegitim.com\/fr\/fransada-universite-programlari\/\" \/>\n<meta property=\"og:locale\" content=\"fr_FR\" \/>\n<meta property=\"og:type\" content=\"article\" \/>\n<meta property=\"og:title\" content=\"Fransa&#039;da \u00dcniversite Programlar\u0131 | Chateau E\u011fitim\" \/>\n<meta property=\"og:url\" content=\"https:\/\/chateauegitim.com\/fr\/fransada-universite-programlari\/\" \/>\n<meta property=\"og:site_name\" content=\"Chateau E\u011fitim\" \/>\n<meta property=\"article:modified_time\" content=\"2020-03-25T13:22:13+00:00\" \/>\n<meta property=\"og:image\" content=\"https:\/\/chateauegitim.com\/wp-content\/uploads\/2020\/03\/fransa-univ-1.jpg\" \/>\n\t<meta property=\"og:image:width\" content=\"1920\" \/>\n\t<meta property=\"og:image:height\" content=\"500\" \/>\n<meta name=\"twitter:card\" content=\"summary_large_image\" \/>\n<meta name=\"twitter:label1\" content=\"Dur\u00e9e de lecture est.\">\n\t<meta name=\"twitter:data1\" content=\"5 minutes\">\n<script type=\"application\/ld+json\" class=\"yoast-schema-graph\">{\"@context\":\"https:\/\/schema.org\",\"@graph\":[{\"@type\":\"WebSite\",\"@id\":\"https:\/\/chateauegitim.com\/fr\/#website\",\"url\":\"https:\/\/chateauegitim.com\/fr\/\",\"name\":\"Chateau E\\u011fitim\",\"description\":\"\\u0130novatif E\\u011fitim\",\"potentialAction\":[{\"@type\":\"SearchAction\",\"target\":\"https:\/\/chateauegitim.com\/fr\/?s={search_term_string}\",\"query-input\":\"required name=search_term_string\"}],\"inLanguage\":\"fr-FR\"},{\"@type\":\"ImageObject\",\"@id\":\"https:\/\/chateauegitim.com\/fr\/fransada-universite-programlari\/#primaryimage\",\"inLanguage\":\"fr-FR\",\"url\":\"https:\/\/chateauegitim.com\/wp-content\/uploads\/2020\/03\/fransa-univ-1.jpg\",\"width\":1920,\"height\":500},{\"@type\":\"WebPage\",\"@id\":\"https:\/\/chateauegitim.com\/fr\/fransada-universite-programlari\/#webpage\",\"url\":\"https:\/\/chateauegitim.com\/fr\/fransada-universite-programlari\/\",\"name\":\"Fransa'da \\u00dcniversite Programlar\\u0131 | Chateau E\\u011fitim\",\"isPartOf\":{\"@id\":\"https:\/\/chateauegitim.com\/fr\/#website\"},\"primaryImageOfPage\":{\"@id\":\"https:\/\/chateauegitim.com\/fr\/fransada-universite-programlari\/#primaryimage\"},\"datePublished\":\"2020-03-06T12:32:27+00:00\",\"dateModified\":\"2020-03-25T13:22:13+00:00\",\"inLanguage\":\"fr-FR\",\"potentialAction\":[{\"@type\":\"ReadAction\",\"target\":[\"https:\/\/chateauegitim.com\/fr\/fransada-universite-programlari\/\"]}]}]}<\/script>\n<!-- \/ Yoast SEO plugin. -->","_links":{"self":[{"href":"https:\/\/chateauegitim.com\/fr\/wp-json\/wp\/v2\/pages\/7569","targetHints":{"allow":["GET"]}}],"collection":[{"href":"https:\/\/chateauegitim.com\/fr\/wp-json\/wp\/v2\/pages"}],"about":[{"href":"https:\/\/chateauegitim.com\/fr\/wp-json\/wp\/v2\/types\/page"}],"author":[{"embeddable":true,"href":"https:\/\/chateauegitim.com\/fr\/wp-json\/wp\/v2\/users\/1"}],"replies":[{"embeddable":true,"href":"https:\/\/chateauegitim.com\/fr\/wp-json\/wp\/v2\/comments?post=7569"}],"version-history":[{"count":8,"href":"https:\/\/chateauegitim.com\/fr\/wp-json\/wp\/v2\/pages\/7569\/revisions"}],"predecessor-version":[{"id":7571,"href":"https:\/\/chateauegitim.com\/fr\/wp-json\/wp\/v2\/pages\/7569\/revisions\/7571"}],"wp:featuredmedia":[{"embeddable":true,"href":"https:\/\/chateauegitim.com\/fr\/wp-json\/wp\/v2\/media\/7873"}],"wp:attachment":[{"href":"https:\/\/chateauegitim.com\/fr\/wp-json\/wp\/v2\/media?parent=7569"}],"curies":[{"name":"wp","href":"https:\/\/api.w.org\/{rel}","templated":true}]}}