{"id":7585,"date":"2020-03-06T15:43:45","date_gmt":"2020-03-06T12:43:45","guid":{"rendered":"http:\/\/chateauegitim.com\/?page_id=7585"},"modified":"2020-03-22T17:41:23","modified_gmt":"2020-03-22T14:41:23","slug":"fransizca-yaz-okullari","status":"publish","type":"page","link":"https:\/\/chateauegitim.com\/fr\/fransizca-yaz-okullari\/","title":{"rendered":"Cours d'\u00e9t\u00e9 Fran\u00e7ais"},"content":{"rendered":"<div class=\"vc_row wpb_row vc_row-fluid vc_custom_1556018461316 vc_row-has-padding-top vc_row-has-padding-bottom\"><div class=\"wpb_column vc_column_container vc_col-sm-12\"><div class=\"vc_column-inner\"><div class=\"wpb_wrapper\"><div class=\"feature-sections-wrapper kd-fsp-69f605a29c8c7\">\r\n            <section class=\"feature-sections-tabs\">\r\n              <nav class=\"kd-feature-tabs\">\r\n                <ul class=\"nav nav-tabs sticky-tabs container\">\r\n                <\/ul>\r\n              <\/nav>\r\n            <\/section>\r\n            <section id=\"kd-fss-69f605a29c956\" class=\"featured-right\"><li class=\"nav-label\"><a class=\"feature-tabs-scroll\" href=\"#kd-fss-69f605a29c956\"><i class=\"iconsmind-Information fss-nav-icon\" style=\" \"><\/i> Informations G\u00e9n\u00e9rales<\/a><\/li><div class=\"container\">\r\n                <div class=\"side-content-wrapper kd-animated fadeInLeft\" data-animation-delay=\"200\"><i class=\"section-icon\" style=\" \"><\/i> <h2 class=\"side-content-title\" >Informations G\u00e9n\u00e9rales<\/h2><h6 class=\"side-content-subtitle\" >Nos exp\u00e9riences des ann\u00e9es pr\u00e9c\u00e9dentes nous ont montr\u00e9 qu'on confond entre les programmes d\u2019\u00e9t\u00e9 en fran\u00e7ais et les voyages touristiques.<\/h6><div class=\"side-content-text\" ><\/p>\n<p class=\"font_8\"><span class=\"color_2\">Les parents envoient leurs enfants aux programmes d'\u00e9cole d'\u00e9t\u00e9 pour qu'ils am\u00e9liore leur fran\u00e7ais; Mais certains programme s'\u00e9loigne des objectifs des parents; Il ne sert qu'\u00e0 divertir les enfants. Les raisons en sont que\u00a0: Ne pr\u00eatant pas attention au niveau des \u00e9tudiants \u00e9trangers dans les programmes suivis, les soci\u00e9t\u00e9s de conseil et formation en orientation scolaire travaillent comme des agences utilisant les m\u00eames chaine d'\u00e9coles et choisissent une \u00e9cole de langues sans se baser sur le niveau actuel de l'\u00e9tudiant.<\/span><\/p>\n<p class=\"font_8\"><span class=\"color_2\">Dans ce contexte <\/span><span class=\"color_3\">Dans ce contexte en tant que Ch\u00e2teau E\u011fitim;<\/span><span class=\"color_2\">\u00a0Nous planifions nos \u00ab programmes d'\u00e9t\u00e9 fran\u00e7ais \u00bb et nos \u00ab programmes pour renforcer le fran\u00e7ais\u00bb de mani\u00e8re int\u00e9gr\u00e9e ; Un \u00ab Plan d'\u00c9ducation Fran\u00e7aise \u00bb personnalis\u00e9 est \u00e9labor\u00e9 pour les \u00e9tudiants avant et apr\u00e8s les \u00e9coles d'\u00e9t\u00e9.\u00a0<\/span><\/p>\n<p>\n<\/div><\/div><div class=\"side-featured-wrapper fss-rectangle kd-animated fadeInRight fss-shadow-image\" data-animation-delay=\"200\">\r\n      <div class=\"featured-image\"><a data-size=\"852x1024\" href=\"https:\/\/chateauegitim.com\/wp-content\/uploads\/2020\/03\/1189-e1584887289482-852x1024.jpg\"><img loading=\"lazy\" decoding=\"async\" width=\"992\" height=\"1192\" src=\"https:\/\/chateauegitim.com\/wp-content\/uploads\/2020\/03\/1189-e1584887289482.jpg\" class=\"attachment-full\" alt=\"\" srcset=\"https:\/\/chateauegitim.com\/wp-content\/uploads\/2020\/03\/1189-e1584887289482.jpg 992w, https:\/\/chateauegitim.com\/wp-content\/uploads\/2020\/03\/1189-e1584887289482-800x961.jpg 800w, https:\/\/chateauegitim.com\/wp-content\/uploads\/2020\/03\/1189-e1584887289482-250x300.jpg 250w, https:\/\/chateauegitim.com\/wp-content\/uploads\/2020\/03\/1189-e1584887289482-852x1024.jpg 852w, https:\/\/chateauegitim.com\/wp-content\/uploads\/2020\/03\/1189-e1584887289482-768x923.jpg 768w\" sizes=\"auto, (max-width: 992px) 100vw, 992px\" \/><\/a><\/div>\r\n    <\/div><\/div>\r\n            <\/section><section id=\"kd-fss-69f605a29ce24\" class=\"featured-left\"><li class=\"nav-label\"><a class=\"feature-tabs-scroll\" href=\"#kd-fss-69f605a29ce24\"><i class=\"iconsmind-Check fss-nav-icon\" style=\" \"><\/i> Plan d&#039;\u00e9ducation fran\u00e7aise<\/a><\/li><div class=\"container\">\r\n                <div class=\"side-content-wrapper kd-animated fadeInRight\" data-animation-delay=\"200\"><i class=\"section-icon\" style=\" \"><\/i> <h2 class=\"side-content-title\" >Plan d&#039;\u00e9ducation fran\u00e7aise<\/h2><h6 class=\"side-content-subtitle\" >Au moment o\u00f9 l'\u00e9tudiant a d\u00e9cid\u00e9 de participer  \u00e0 l'\u00e9cole d'\u00e9t\u00e9:<\/h6><div class=\"side-content-text\" ><\/p>\n<ul>\n<li><span class=\"color_2\">Niveau de fran\u00e7ais actuel,<\/span><\/li>\n<li><span class=\"color_2\">S'il a d\u00e9j\u00e0 une exp\u00e9rience \u00e0 l'\u00e9tranger,<\/span><\/li>\n<li><span class=\"color_2\">Quel sera votre prochain objectif (d\u2019examen)\u00a0? <\/span><span class=\"color_2\">\u00c0 fur et \u00e0 mesure de crit\u00e8res tels que <\/span><span class=\"color_2\">Pour les \u00e9tudiants et leurs parents, <\/span><span class=\"color_2\">d\u00e9terminer le lieu et de la dur\u00e9e<\/span><\/li>\n<li><span class=\"color_2\">Constituer un budget\u00a0<\/span><span class=\"color_2\">Nous les aidons \u00e0 d\u00e9cider sur des questions telles que.<\/span><\/li>\n<\/ul>\n<p>&nbsp;<\/p>\n<p class=\"font_8\"><span class=\"color_2\">Les programmes de fran\u00e7ais et les activit\u00e9s se d\u00e9roulent ensemble\u00a0; Il a lieu en \u00e9t\u00e9 et accueille des jeunes \u00e2g\u00e9s de 3 \u00e0 18 ans.\u00a0<\/span><\/p>\n<p>\n<\/div><\/div><div class=\"side-featured-wrapper fss-rectangle kd-animated fadeInLeft fss-shadow-image\" data-animation-delay=\"200\">\r\n      <div class=\"featured-image\"><a data-size=\"1024x1024\" href=\"https:\/\/chateauegitim.com\/wp-content\/uploads\/2020\/03\/304890-P7U2BJ-340-1024x1024.jpg\"><img loading=\"lazy\" decoding=\"async\" width=\"1600\" height=\"1600\" src=\"https:\/\/chateauegitim.com\/wp-content\/uploads\/2020\/03\/304890-P7U2BJ-340.jpg\" class=\"attachment-full\" alt=\"\" srcset=\"https:\/\/chateauegitim.com\/wp-content\/uploads\/2020\/03\/304890-P7U2BJ-340.jpg 1600w, https:\/\/chateauegitim.com\/wp-content\/uploads\/2020\/03\/304890-P7U2BJ-340-800x800.jpg 800w, https:\/\/chateauegitim.com\/wp-content\/uploads\/2020\/03\/304890-P7U2BJ-340-300x300.jpg 300w, https:\/\/chateauegitim.com\/wp-content\/uploads\/2020\/03\/304890-P7U2BJ-340-1024x1024.jpg 1024w, https:\/\/chateauegitim.com\/wp-content\/uploads\/2020\/03\/304890-P7U2BJ-340-150x150.jpg 150w, https:\/\/chateauegitim.com\/wp-content\/uploads\/2020\/03\/304890-P7U2BJ-340-768x768.jpg 768w, https:\/\/chateauegitim.com\/wp-content\/uploads\/2020\/03\/304890-P7U2BJ-340-1536x1536.jpg 1536w, https:\/\/chateauegitim.com\/wp-content\/uploads\/2020\/03\/304890-P7U2BJ-340-320x320.jpg 320w\" sizes=\"auto, (max-width: 1600px) 100vw, 1600px\" \/><\/a><\/div>\r\n    <\/div><\/div>\r\n            <\/section><section id=\"kd-fss-69f605a29d258\" class=\"featured-right\"><li class=\"nav-label\"><a class=\"feature-tabs-scroll\" href=\"#kd-fss-69f605a29d258\"><i class=\"iconsmind-Superman fss-nav-icon\" style=\" \"><\/i> Les diff\u00e9rents groupes d'\u00e2ge et les choix<\/a><\/li><div class=\"container\">\r\n                <div class=\"side-content-wrapper kd-animated fadeInLeft\" data-animation-delay=\"200\"><i class=\"section-icon\" style=\" \"><\/i> <h2 class=\"side-content-title\" >Les diff\u00e9rents groupes d'\u00e2ge et les choix<\/h2><h6 class=\"side-content-subtitle\" >En termes de groupes d&#039;\u00e2ge, les alternatives de programmes vers lesquelles nous orientons nos \u00e9tudiants sont les suivantes\u00a0:<\/h6><div class=\"side-content-text\" ><\/p>\n<ul>\n<li>Les \u00e9tudiants \u00e2g\u00e9s de 3 \u00e0 10 ans peuvent s\u00e9journer avec leur famille dans les campus scolaires ou des appartements journ\u00e9e et fr\u00e9quenter quotidiennement des \u00e9coles dans des lieux pertinents en France.<\/li>\n<li>M\u00eame si les \u00e9tudiants \u00e2g\u00e9s de 10 \u00e0 15 ans peuvent participer seuls aux programmes, ils sont constamment sous la surveillance des \u00e9coles d\u00e8s leur arriver \u00e0 l'a\u00e9roport jusqu'\u00e0 leur retour en Turquie.<\/li>\n<li>Bien que les 15-17 ans soient sous la responsabilit\u00e9 des \u00e9coles tout au long du programme, ils peuvent passer du temps libre \u00e0 proximit\u00e9 de l&#039;\u00e9cole.<\/li>\n<\/ul>\n<p>\n<\/div><\/div><div class=\"side-featured-wrapper fss-rectangle kd-animated fadeInRight fss-shadow-image\" data-animation-delay=\"200\">\r\n      <div class=\"featured-image\"><a data-size=\"1024x681\" href=\"https:\/\/chateauegitim.com\/wp-content\/uploads\/2020\/03\/education@2x-1024x681.png\"><img loading=\"lazy\" decoding=\"async\" width=\"1160\" height=\"772\" src=\"https:\/\/chateauegitim.com\/wp-content\/uploads\/2020\/03\/education@2x.png\" class=\"attachment-full\" alt=\"\" srcset=\"https:\/\/chateauegitim.com\/wp-content\/uploads\/2020\/03\/education@2x.png 1160w, https:\/\/chateauegitim.com\/wp-content\/uploads\/2020\/03\/education@2x-800x532.png 800w, https:\/\/chateauegitim.com\/wp-content\/uploads\/2020\/03\/education@2x-300x200.png 300w, https:\/\/chateauegitim.com\/wp-content\/uploads\/2020\/03\/education@2x-1024x681.png 1024w, https:\/\/chateauegitim.com\/wp-content\/uploads\/2020\/03\/education@2x-768x511.png 768w\" sizes=\"auto, (max-width: 1160px) 100vw, 1160px\" \/><\/a><\/div>\r\n    <\/div><\/div>\r\n            <\/section>\r\n            <\/div><style type=\"text\/css\"><\/style><\/div><\/div><\/div><\/div><div data-vc-full-width=\"true\" data-vc-full-width-init=\"false\" class=\"vc_row wpb_row vc_row-fluid vc_custom_1555685960729 vc_row-has-fill\"><div class=\"wpb_column vc_column_container vc_col-sm-12\"><div class=\"vc_column-inner\"><div class=\"wpb_wrapper\"><div class=\"vc_row wpb_row vc_inner vc_row-fluid vc_custom_1583499176712 vc_row-has-padding-top vc_row-has-padding-bottom\"><div class=\"wpb_column vc_column_container vc_col-sm-3\"><div class=\"vc_column-inner\"><div class=\"wpb_wrapper\"><\/div><\/div><\/div><div class=\"wpb_column vc_column_container vc_col-sm-3\"><div class=\"vc_column-inner\"><div class=\"wpb_wrapper\">\n\t<div  class=\"wpb_single_image wpb_content_element vc_align_left\">\n\t\t\n\t\t<figure class=\"wpb_wrapper vc_figure\">\n\t\t\t<div class=\"vc_single_image-wrapper   vc_box_border_grey\"><img loading=\"lazy\" decoding=\"async\" width=\"412\" height=\"217\" src=\"https:\/\/chateauegitim.com\/wp-content\/uploads\/2020\/03\/84d837_581ca7c8f0ff43c08fc338ebf57c9968.png\" class=\"vc_single_image-img attachment-full\" alt=\"\" srcset=\"https:\/\/chateauegitim.com\/wp-content\/uploads\/2020\/03\/84d837_581ca7c8f0ff43c08fc338ebf57c9968.png 412w, https:\/\/chateauegitim.com\/wp-content\/uploads\/2020\/03\/84d837_581ca7c8f0ff43c08fc338ebf57c9968-300x158.png 300w\" sizes=\"auto, (max-width: 412px) 100vw, 412px\" \/><\/div>\n\t\t<\/figure>\n\t<\/div>\n<\/div><\/div><\/div><div class=\"wpb_column vc_column_container vc_col-sm-3\"><div class=\"vc_column-inner\"><div class=\"wpb_wrapper\">\n\t<div  class=\"wpb_single_image wpb_content_element vc_align_left\">\n\t\t\n\t\t<figure class=\"wpb_wrapper vc_figure\">\n\t\t\t<div class=\"vc_single_image-wrapper   vc_box_border_grey\"><img loading=\"lazy\" decoding=\"async\" width=\"388\" height=\"216\" src=\"https:\/\/chateauegitim.com\/wp-content\/uploads\/2020\/03\/Ekran-Resmi-2020-03-06-15.48.40.png\" class=\"vc_single_image-img attachment-full\" alt=\"\" srcset=\"https:\/\/chateauegitim.com\/wp-content\/uploads\/2020\/03\/Ekran-Resmi-2020-03-06-15.48.40.png 388w, https:\/\/chateauegitim.com\/wp-content\/uploads\/2020\/03\/Ekran-Resmi-2020-03-06-15.48.40-300x167.png 300w\" sizes=\"auto, (max-width: 388px) 100vw, 388px\" \/><\/div>\n\t\t<\/figure>\n\t<\/div>\n<\/div><\/div><\/div><div class=\"wpb_column vc_column_container vc_col-sm-3\"><div class=\"vc_column-inner\"><div class=\"wpb_wrapper\"><\/div><\/div><\/div><\/div><\/div><\/div><\/div><\/div><div class=\"vc_row-full-width vc_clearfix\"><\/div><div id=\"form\" data-vc-full-width=\"true\" data-vc-full-width-init=\"false\" data-vc-kd-parallax=\"1.4\" class=\"vc_row wpb_row vc_row-fluid vc_custom_1583491359453 vc_row-has-fill vc_general kd_vc_parallax kd_vc_parallax-content-moving\"><div class=\"parallax-overlay\" data-vc-kd-parallax=\"1.4\"><\/div><div class=\"kd-overlay\"  style=\"background-color:rgba(0,0,0,0.7);\"><\/div><div class=\"wpb_column vc_column_container vc_col-sm-12\"><div class=\"vc_column-inner vc_custom_1516095225433\"><div class=\"wpb_wrapper\"><div class=\"vc_row wpb_row vc_inner vc_row-fluid vc_custom_1555673013129 vc_row-has-padding-top vc_row-has-padding-bottom\"><div class=\"wpb_column vc_column_container vc_col-sm-1\"><div class=\"vc_column-inner vc_custom_1515166784808\"><div class=\"wpb_wrapper\"><\/div><\/div><\/div><div class=\"wpb_column vc_column_container vc_col-sm-4\"><div class=\"vc_column-inner\"><div class=\"wpb_wrapper\"><header class=\"kd-section-title col-lg-12 text-left  kd-animated fadeIn   vc_custom_1583491120092\" data-animation-delay=\"200\"><h2 class=\"separator_off\" style=\"color: #ffffff;\">Vous \u00eates invit\u00e9 \u00e0 nos cours d\u2019introductions gratuits !<\/h2><h6 class=\"subtitle\" style=\"color: #eeeeee;\">Si vous souhaitez que votre programme de fran\u00e7ais soit qualifi\u00e9 et intensif ; Nous vous offrons une le\u00e7on d'introduction.<\/h6><\/header><\/div><\/div><\/div><div class=\"wpb_column vc_column_container vc_col-sm-1\"><div class=\"vc_column-inner\"><div class=\"wpb_wrapper\"><\/div><\/div><\/div><div class=\"wpb_column vc_column_container vc_col-sm-5\"><div class=\"vc_column-inner\"><div class=\"wpb_wrapper\"><h4 style=\"color: #ffffff;text-align: left\" class=\"vc_custom_heading wpb_animate_when_almost_visible wpb_fadeIn fadeIn vc_custom_1583491141958\" >Nous allons revenir vers vous dans le plus cours des d\u00e9lais.<\/h4><div class=\"kd-contact-form full-width-cf white-input-bg\" ><div role=\"form\" class=\"wpcf7\" id=\"wpcf7-f4439-o1\" lang=\"en-US\" dir=\"ltr\">\n<div class=\"screen-reader-response\"><p role=\"status\" aria-live=\"polite\" aria-atomic=\"true\"><\/p> <ul><\/ul><\/div>\n<form action=\"\/fr\/wp-json\/wp\/v2\/pages\/7585#wpcf7-f4439-o1\" method=\"post\" class=\"wpcf7-form init\" novalidate=\"novalidate\" data-status=\"init\" data-trp-original-action=\"\/fr\/wp-json\/wp\/v2\/pages\/7585#wpcf7-f4439-o1\">\n<div style=\"display: none;\">\n<input type=\"hidden\" name=\"_wpcf7\" value=\"4439\" \/>\n<input type=\"hidden\" name=\"_wpcf7_version\" value=\"5.3.2\" \/>\n<input type=\"hidden\" name=\"_wpcf7_locale\" value=\"en_US\" \/>\n<input type=\"hidden\" name=\"_wpcf7_unit_tag\" value=\"wpcf7-f4439-o1\" \/>\n<input type=\"hidden\" name=\"_wpcf7_container_post\" value=\"0\" \/>\n<input type=\"hidden\" name=\"_wpcf7_posted_data_hash\" value=\"\" \/>\n<input type=\"hidden\" name=\"_wpcf7_recaptcha_response\" value=\"\" \/>\n<\/div>\n<p><span class=\"wpcf7-form-control-wrap your-name\"><input type=\"text\" name=\"your-name\" value=\"\" size=\"40\" class=\"wpcf7-form-control wpcf7-text wpcf7-validates-as-required\" aria-required=\"true\" aria-invalid=\"false\" placeholder=\"Nom*\" \/><\/span><br \/>\n<span class=\"wpcf7-form-control-wrap your-phone\"><input type=\"tel\" name=\"your-phone\" value=\"\" size=\"40\" class=\"wpcf7-form-control wpcf7-text wpcf7-tel wpcf7-validates-as-required wpcf7-validates-as-tel\" aria-required=\"true\" aria-invalid=\"false\" placeholder=\"GSM*\" \/><\/span><br \/>\n<span class=\"wpcf7-form-control-wrap your-email\"><input type=\"email\" name=\"your-email\" value=\"\" size=\"40\" class=\"wpcf7-form-control wpcf7-text wpcf7-email wpcf7-validates-as-required wpcf7-validates-as-email\" aria-required=\"true\" aria-invalid=\"false\" placeholder=\"E-mail*\" \/><\/span><br \/>\n<span class=\"wpcf7-form-control-wrap acceptance-630\"><span class=\"wpcf7-form-control wpcf7-acceptance\"><span class=\"wpcf7-list-item\"><label><input type=\"checkbox\" name=\"acceptance-630\" value=\"1\" aria-invalid=\"false\" \/><span class=\"wpcf7-list-item-label\"><a href=\"https:\/\/chateauegitim.com\/fr\/gizlilik-politikasi\/\" target=\"_blank\"> Le text de politique de confidentialit\u00e9 <\/a> J'ai lu le texte, j'approuve.<\/span><\/label><\/span><\/span><\/span><br \/>\n<span class=\"wpcf7-form-control-wrap acceptance-123\"><span class=\"wpcf7-form-control wpcf7-acceptance\"><span class=\"wpcf7-list-item\"><label><input type=\"checkbox\" name=\"acceptance-123\" value=\"1\" aria-invalid=\"false\" \/><span class=\"wpcf7-list-item-label\"><a href=\"https:\/\/chateauegitim.com\/fr\/acik-riza-onayi\/\" target=\"_blank\"> Approbation du consentement explicite<\/a> J&#039;ai lu le formulaire et je l&#039;accepte.<\/span><\/label><\/span><\/span><\/span><br \/>\n<input type=\"submit\" value=\"Envoyer\" class=\"wpcf7-form-control wpcf7-submit\" \/><\/p>\n<input type='hidden' class='wpcf7-pum' value='{\"closepopup\":false,\"closedelay\":0,\"openpopup\":false,\"openpopup_id\":0}' \/><div class=\"wpcf7-response-output\" aria-hidden=\"true\"><\/div><input type=\"hidden\" name=\"trp-form-language\" value=\"fr\"\/><\/form><\/div><\/div><\/div><\/div><\/div><div class=\"wpb_column vc_column_container vc_col-sm-1\"><div class=\"vc_column-inner\"><div class=\"wpb_wrapper\"><\/div><\/div><\/div><\/div><\/div><\/div><\/div><\/div><div class=\"vc_row-full-width vc_clearfix\"><\/div>","protected":false},"excerpt":{"rendered":"Informations g\u00e9n\u00e9rales Informations g\u00e9n\u00e9rales Nos exp\u00e9riences des ann\u00e9es pr\u00e9c\u00e9dentes nous ont montr\u00e9 que\u00a0: Programmes d&#039;\u00e9cole d&#039;\u00e9t\u00e9 en fran\u00e7ais [...]","protected":false},"author":1,"featured_media":7874,"parent":0,"menu_order":0,"comment_status":"closed","ping_status":"closed","template":"","meta":{"footnotes":""},"class_list":["post-7585","page","type-page","status-publish","has-post-thumbnail","hentry"],"yoast_head":"<!-- This site is optimized with the Yoast SEO plugin v15.5 - https:\/\/yoast.com\/wordpress\/plugins\/seo\/ -->\n<title>Frans\u0131zca Yaz Okullar\u0131 | Chateau E\u011fitim<\/title>\n<meta name=\"robots\" content=\"index, follow, max-snippet:-1, max-image-preview:large, max-video-preview:-1\" \/>\n<link rel=\"canonical\" href=\"https:\/\/chateauegitim.com\/fr\/fransizca-yaz-okullari\/\" \/>\n<meta property=\"og:locale\" content=\"fr_FR\" \/>\n<meta property=\"og:type\" content=\"article\" \/>\n<meta property=\"og:title\" content=\"Frans\u0131zca Yaz Okullar\u0131 | Chateau E\u011fitim\" \/>\n<meta property=\"og:url\" content=\"https:\/\/chateauegitim.com\/fr\/fransizca-yaz-okullari\/\" \/>\n<meta property=\"og:site_name\" content=\"Chateau E\u011fitim\" \/>\n<meta property=\"article:modified_time\" content=\"2020-03-22T14:41:23+00:00\" \/>\n<meta property=\"og:image\" content=\"https:\/\/chateauegitim.com\/wp-content\/uploads\/2020\/03\/frans\u0131zca-yaz-1.jpg\" \/>\n\t<meta property=\"og:image:width\" content=\"1920\" \/>\n\t<meta property=\"og:image:height\" content=\"500\" \/>\n<meta name=\"twitter:card\" content=\"summary_large_image\" \/>\n<meta name=\"twitter:label1\" content=\"Dur\u00e9e de lecture est.\">\n\t<meta name=\"twitter:data1\" content=\"4 minutes\">\n<script type=\"application\/ld+json\" class=\"yoast-schema-graph\">{\"@context\":\"https:\/\/schema.org\",\"@graph\":[{\"@type\":\"WebSite\",\"@id\":\"https:\/\/chateauegitim.com\/fr\/#website\",\"url\":\"https:\/\/chateauegitim.com\/fr\/\",\"name\":\"Chateau E\\u011fitim\",\"description\":\"\\u0130novatif E\\u011fitim\",\"potentialAction\":[{\"@type\":\"SearchAction\",\"target\":\"https:\/\/chateauegitim.com\/fr\/?s={search_term_string}\",\"query-input\":\"required name=search_term_string\"}],\"inLanguage\":\"fr-FR\"},{\"@type\":\"ImageObject\",\"@id\":\"https:\/\/chateauegitim.com\/fr\/fransizca-yaz-okullari\/#primaryimage\",\"inLanguage\":\"fr-FR\",\"url\":\"https:\/\/chateauegitim.com\/wp-content\/uploads\/2020\/03\/frans\\u0131zca-yaz-1.jpg\",\"width\":1920,\"height\":500},{\"@type\":\"WebPage\",\"@id\":\"https:\/\/chateauegitim.com\/fr\/fransizca-yaz-okullari\/#webpage\",\"url\":\"https:\/\/chateauegitim.com\/fr\/fransizca-yaz-okullari\/\",\"name\":\"Frans\\u0131zca Yaz Okullar\\u0131 | Chateau E\\u011fitim\",\"isPartOf\":{\"@id\":\"https:\/\/chateauegitim.com\/fr\/#website\"},\"primaryImageOfPage\":{\"@id\":\"https:\/\/chateauegitim.com\/fr\/fransizca-yaz-okullari\/#primaryimage\"},\"datePublished\":\"2020-03-06T12:43:45+00:00\",\"dateModified\":\"2020-03-22T14:41:23+00:00\",\"inLanguage\":\"fr-FR\",\"potentialAction\":[{\"@type\":\"ReadAction\",\"target\":[\"https:\/\/chateauegitim.com\/fr\/fransizca-yaz-okullari\/\"]}]}]}<\/script>\n<!-- \/ Yoast SEO plugin. -->","_links":{"self":[{"href":"https:\/\/chateauegitim.com\/fr\/wp-json\/wp\/v2\/pages\/7585","targetHints":{"allow":["GET"]}}],"collection":[{"href":"https:\/\/chateauegitim.com\/fr\/wp-json\/wp\/v2\/pages"}],"about":[{"href":"https:\/\/chateauegitim.com\/fr\/wp-json\/wp\/v2\/types\/page"}],"author":[{"embeddable":true,"href":"https:\/\/chateauegitim.com\/fr\/wp-json\/wp\/v2\/users\/1"}],"replies":[{"embeddable":true,"href":"https:\/\/chateauegitim.com\/fr\/wp-json\/wp\/v2\/comments?post=7585"}],"version-history":[{"count":14,"href":"https:\/\/chateauegitim.com\/fr\/wp-json\/wp\/v2\/pages\/7585\/revisions"}],"predecessor-version":[{"id":8099,"href":"https:\/\/chateauegitim.com\/fr\/wp-json\/wp\/v2\/pages\/7585\/revisions\/8099"}],"wp:featuredmedia":[{"embeddable":true,"href":"https:\/\/chateauegitim.com\/fr\/wp-json\/wp\/v2\/media\/7874"}],"wp:attachment":[{"href":"https:\/\/chateauegitim.com\/fr\/wp-json\/wp\/v2\/media?parent=7585"}],"curies":[{"name":"wp","href":"https:\/\/api.w.org\/{rel}","templated":true}]}}