{"id":7647,"date":"2020-03-09T14:51:01","date_gmt":"2020-03-09T11:51:01","guid":{"rendered":"http:\/\/chateauegitim.com\/?page_id=7647"},"modified":"2020-12-04T19:46:45","modified_gmt":"2020-12-04T16:46:45","slug":"bireysel-fransizca-programi","status":"publish","type":"page","link":"https:\/\/chateauegitim.com\/fr\/bireysel-fransizca-programi\/","title":{"rendered":"Programme de fran\u00e7ais individuel"},"content":{"rendered":"<div class=\"vc_row wpb_row vc_row-fluid vc_custom_1556018461316 vc_row-has-padding-top vc_row-has-padding-bottom\"><div class=\"wpb_column vc_column_container vc_col-sm-12\"><div class=\"vc_column-inner\"><div class=\"wpb_wrapper\"><div class=\"feature-sections-wrapper kd-fsp-69de323386040\">\r\n            <section class=\"feature-sections-tabs\">\r\n              <nav class=\"kd-feature-tabs\">\r\n                <ul class=\"nav nav-tabs sticky-tabs container\">\r\n                <\/ul>\r\n              <\/nav>\r\n            <\/section>\r\n            <section id=\"kd-fss-69de323386099\" class=\"featured-right\"><li class=\"nav-label\"><a class=\"feature-tabs-scroll\" href=\"#kd-fss-69de323386099\"><i class=\"iconsmind-Information fss-nav-icon\" style=\" \"><\/i> Fran\u00e7ais individuel<\/a><\/li><div class=\"container\">\r\n                <div class=\"side-content-wrapper kd-animated fadeInLeft\" data-animation-delay=\"200\"><i class=\"section-icon\" style=\" \"><\/i> <h2 class=\"side-content-title\" >Fran\u00e7ais individuel<\/h2><h6 class=\"side-content-subtitle\" >Les programmes pr\u00e9par\u00e9s par Ch\u00e2teau E\u011fitim pour ceux qui veulent apprendre le fran\u00e7ais comme passe-temps et \/ ou pour but commercial ;<\/h6><div class=\"side-content-text\" ><\/p>\n<ul>\n<li>Les cours sont organis\u00e9s en fonction des demandes des individus ou des institutions.<\/li>\n<li>Les horaires sont flexibles.<\/li>\n<li>Les cours sont donn\u00e9s dans les institutions ou dans notre \u00e9tablissement en fonction des demandes.<\/li>\n<li>Les cours sont organis\u00e9s en groupe ou en cours priv\u00e9.<\/li>\n<li>Les taux de la compr\u00e9hension orale, de l'expression orale, de la grammaire, Compr\u00e9hension Ecrite, de l\u2019expression \u00e9crite dans le programme sont d\u00e9termin\u00e9s en fonction de l'enseignement demand\u00e9.<\/li>\n<li>Les cours sont dispens\u00e9es dans le cadre des programmes g\u00e9r\u00e9s par nos moniteurs fran\u00e7ais et turcs.<\/li>\n<\/ul>\n<p>Si vous voulez que votre programme de langue fran\u00e7aise soit intensif et qualifi\u00e9, nous vous invitons \u00e0 un cours d\u2019essai gratuit.<\/p>\n<\/div><\/div><div class=\"side-featured-wrapper fss-rectangle kd-animated fadeInRight fss-shadow-image\" data-animation-delay=\"200\">\r\n      <div class=\"featured-image\"><img loading=\"lazy\" decoding=\"async\" width=\"416\" height=\"416\" src=\"https:\/\/chateauegitim.com\/wp-content\/uploads\/2020\/03\/istockphoto-1054778952-170667a.jpg\" class=\"attachment-full\" alt=\"\" srcset=\"https:\/\/chateauegitim.com\/wp-content\/uploads\/2020\/03\/istockphoto-1054778952-170667a.jpg 416w, https:\/\/chateauegitim.com\/wp-content\/uploads\/2020\/03\/istockphoto-1054778952-170667a-300x300.jpg 300w, https:\/\/chateauegitim.com\/wp-content\/uploads\/2020\/03\/istockphoto-1054778952-170667a-150x150.jpg 150w, https:\/\/chateauegitim.com\/wp-content\/uploads\/2020\/03\/istockphoto-1054778952-170667a-320x320.jpg 320w\" sizes=\"auto, (max-width: 416px) 100vw, 416px\" \/><\/div>\r\n    <\/div><\/div>\r\n            <\/section><section id=\"kd-fss-69de323386410\" class=\"featured-left\"><li class=\"nav-label\"><a class=\"feature-tabs-scroll\" href=\"#kd-fss-69de323386410\"><i class=\"iconsmind-Speach-BubbleComic3 fss-nav-icon\" style=\" \"><\/i> Journ\u00e9es francophones de Bafouillage<\/a><\/li><div class=\"container\">\r\n                <div class=\"side-content-wrapper kd-animated fadeInRight\" data-animation-delay=\"200\"><i class=\"section-icon\" style=\" \"><\/i> <h2 class=\"side-content-title\" >Journ\u00e9es francophones de Bafouillage<\/h2><h6 class=\"side-content-subtitle\" >Ceux qui ont appris le fran\u00e7ais \u00e0 un moment de leur vie mais ne l'ont pas utilis\u00e9 depuis des ann\u00e9es se retrouvent !<\/h6><div class=\"side-content-text\" ><\/p>\n<p class=\"font_7\">Nous parlons fran\u00e7ais en compagnie de deux enseignants fran\u00e7ais pendant 3 heures, r\u00e9unis lors de tout \u00e9v\u00e9nement social !<\/p>\n<p class=\"font_7\">\u00a0Nous nous r\u00e9unissons dans un endroit d\u00e9termin\u00e9 (caf\u00e9, restaurant, parc, cin\u00e9ma, etc.) en d\u00e9but de chaque semaine, et discutons sur un sujet simple qui couvre l'espace commun d'int\u00e9r\u00eat pour tout le monde et uniquement en fran\u00e7ais.<\/p>\n<p class=\"font_8\">En mangeant, en buvant un caf\u00e9 ou en marchant ... on fait de nouveau la paix avec le fran\u00e7ais !<\/p>\n<ul>\n<li class=\"font_8\"><span class=\"color_2\">Les groupes sont jusqu'\u00e0 10 personnes.<\/span><\/li>\n<li class=\"font_8\"><span class=\"color_2\">Des \u00e9v\u00e9nements ont lieu tous les samedis.<\/span><\/li>\n<\/ul>\n<p>\n<\/div><\/div><div class=\"side-featured-wrapper fss-rectangle kd-animated fadeInLeft fss-shadow-image\" data-animation-delay=\"200\">\r\n      <div class=\"featured-image\"><img loading=\"lazy\" decoding=\"async\" width=\"667\" height=\"751\" src=\"https:\/\/chateauegitim.com\/wp-content\/uploads\/2020\/03\/84d837_f0c6b542174c40b3844a818069be9b05.jpg\" class=\"attachment-full\" alt=\"\" srcset=\"https:\/\/chateauegitim.com\/wp-content\/uploads\/2020\/03\/84d837_f0c6b542174c40b3844a818069be9b05.jpg 667w, https:\/\/chateauegitim.com\/wp-content\/uploads\/2020\/03\/84d837_f0c6b542174c40b3844a818069be9b05-266x300.jpg 266w\" sizes=\"auto, (max-width: 667px) 100vw, 667px\" \/><\/div>\r\n    <\/div><\/div>\r\n            <\/section>\r\n            <\/div><style type=\"text\/css\"><\/style><\/div><\/div><\/div><\/div><div data-vc-full-width=\"true\" data-vc-full-width-init=\"false\" class=\"vc_row wpb_row vc_row-fluid vc_custom_1583490826801 vc_row-has-fill vc_row-has-padding-top vc_row-has-padding-bottom\"><div class=\"wpb_column vc_column_container vc_col-sm-12\"><div class=\"vc_column-inner\"><div class=\"wpb_wrapper\"><div class=\"vc_row wpb_row vc_inner vc_row-fluid\"><div class=\"wpb_column vc_column_container vc_col-sm-12\"><div class=\"vc_column-inner\"><div class=\"wpb_wrapper\"><header class=\"kd-section-title col-lg-12 text-center\" ><h3 class=\"separator_off\" >Le Programme de Fran\u00e7ais Pour les D\u00e9butants<\/h3><h6 class=\"subtitle\" >Les cours sp\u00e9cialement pr\u00e9par\u00e9s pour les d\u00e9butants au programme de fran\u00e7ais de Ch\u00e2teau E\u011fitim et pour ceux qui veulent apprendre le fran\u00e7ais comme passe-temps<br \/>\net \/ ou commercial sont donn\u00e9s dans le cadre de cours individuels et collectifs.<\/h6><\/header><div class=\"vc_empty_space\"   style=\"height: 32px\"><span class=\"vc_empty_space_inner\"><\/span><\/div>\r\n            <div class=\"kd-process-steps process_four_elem process-checkbox-template\">\r\n                <ul>\r\n                <li class=\"pss-item\" >\r\n                    <div class=\"pss-container\" ><div class=\"pss-step-number\"><span >1<\/span><\/div><div class=\"pss-text-area\">\r\n                            <h5 >Le 1er cours<\/h5>\r\n                            <p >Permet \u00e0 l'\u00e9tudiant d'apprendre les connaissances de base du fran\u00e7ais, la grammaire de base et les mod\u00e8les de mots courants.<\/p><\/div>\r\n                    <\/div>\r\n                <\/li>\r\n                <li class=\"pss-item\" >\r\n                    <div class=\"pss-container\" ><div class=\"pss-step-number\"><span >2<\/span><\/div><div class=\"pss-text-area\">\r\n                            <h5 >Le 2\u00e8me cours<\/h5>\r\n                            <p >En d\u00e9taillant les connaissances de base du fran\u00e7ais que l'\u00e9tudiant a acquises au premier cours, on s'assure que l'\u00e9change d'informations et les sch\u00e9mas g\u00e9n\u00e9raux de dialogue dans la vie quotidienne sont ma\u00eetris\u00e9s.<\/p><\/div>\r\n                    <\/div>\r\n                <\/li>\r\n                <li class=\"pss-item\" >\r\n                    <div class=\"pss-container\" ><div class=\"pss-step-number\"><span >3<\/span><\/div><div class=\"pss-text-area\">\r\n                            <h5 >Le 3\u00e8me cours<\/h5>\r\n                            <p >Il donne \u00e0 l'\u00e9tudiant la capacit\u00e9 de comprendre \/ g\u00e9rer la discussion et de pr\u00e9senter ses id\u00e9es \u00e0 un niveau de base.<\/p><\/div>\r\n                    <\/div>\r\n                <\/li>\r\n                <li class=\"pss-item\" >\r\n                    <div class=\"pss-container\" ><div class=\"pss-step-number\"><span >4<\/span><\/div><div class=\"pss-text-area\">\r\n                            <h5 >Le 4\u00e8me cours<\/h5>\r\n                            <p >Fournit aux \u00e9tudiants la capacit\u00e9 de discuter \/ comprendre \/ g\u00e9rer, de pr\u00e9senter et de d\u00e9fendre leurs propres id\u00e9es couramment et \u00e0 un niveau avanc\u00e9.<\/p><\/div>\r\n                    <\/div>\r\n                <\/li><\/ul>\r\n            <\/div><\/div><\/div><\/div><\/div><\/div><\/div><\/div><\/div><div class=\"vc_row-full-width vc_clearfix\"><\/div><div data-vc-full-width=\"true\" data-vc-full-width-init=\"false\" data-vc-kd-parallax=\"1.4\" class=\"vc_row wpb_row vc_row-fluid vc_custom_1607100189817 vc_row-has-fill vc_general kd_vc_parallax kd_vc_parallax-content-moving\"><div class=\"parallax-overlay\" data-vc-kd-parallax=\"1.4\"><\/div><div class=\"kd-overlay\"  style=\"background-color:rgba(0,0,0,0.7);\"><\/div><div class=\"wpb_column vc_column_container vc_col-sm-12\"><div class=\"vc_column-inner vc_custom_1516095225433\"><div class=\"wpb_wrapper\"><div class=\"vc_row wpb_row vc_inner vc_row-fluid vc_custom_1555673013129 vc_row-has-padding-top vc_row-has-padding-bottom\"><div class=\"wpb_column vc_column_container vc_col-sm-1\"><div class=\"vc_column-inner vc_custom_1515166784808\"><div class=\"wpb_wrapper\"><\/div><\/div><\/div><div class=\"wpb_column vc_column_container vc_col-sm-4\"><div class=\"vc_column-inner\"><div class=\"wpb_wrapper\"><header class=\"kd-section-title col-lg-12 text-left  kd-animated fadeIn   vc_custom_1583491120092\" data-animation-delay=\"200\"><h2 class=\"separator_off\" style=\"color: #ffffff;\">Vous \u00eates invit\u00e9 \u00e0 nos cours d\u2019introductions gratuits !<\/h2><h6 class=\"subtitle\" style=\"color: #eeeeee;\">Si vous souhaitez que votre programme de fran\u00e7ais soit qualifi\u00e9 et intensif ; Nous vous offrons une le\u00e7on d'introduction.<\/h6><\/header><\/div><\/div><\/div><div class=\"wpb_column vc_column_container vc_col-sm-1\"><div class=\"vc_column-inner\"><div class=\"wpb_wrapper\"><\/div><\/div><\/div><div class=\"wpb_column vc_column_container vc_col-sm-5\"><div class=\"vc_column-inner\"><div class=\"wpb_wrapper\"><h4 style=\"color: #ffffff;text-align: left\" class=\"vc_custom_heading wpb_animate_when_almost_visible wpb_fadeIn fadeIn vc_custom_1583491141958\" >Nous allons revenir vers vous dans le plus cours des d\u00e9lais.<\/h4><div class=\"kd-contact-form full-width-cf white-input-bg\" ><div role=\"form\" class=\"wpcf7\" id=\"wpcf7-f4439-o1\" lang=\"en-US\" dir=\"ltr\">\n<div class=\"screen-reader-response\"><p role=\"status\" aria-live=\"polite\" aria-atomic=\"true\"><\/p> <ul><\/ul><\/div>\n<form action=\"\/fr\/wp-json\/wp\/v2\/pages\/7647#wpcf7-f4439-o1\" method=\"post\" class=\"wpcf7-form init\" novalidate=\"novalidate\" data-status=\"init\" data-trp-original-action=\"\/fr\/wp-json\/wp\/v2\/pages\/7647#wpcf7-f4439-o1\">\n<div style=\"display: none;\">\n<input type=\"hidden\" name=\"_wpcf7\" value=\"4439\" \/>\n<input type=\"hidden\" name=\"_wpcf7_version\" value=\"5.3.2\" \/>\n<input type=\"hidden\" name=\"_wpcf7_locale\" value=\"en_US\" \/>\n<input type=\"hidden\" name=\"_wpcf7_unit_tag\" value=\"wpcf7-f4439-o1\" \/>\n<input type=\"hidden\" name=\"_wpcf7_container_post\" value=\"0\" \/>\n<input type=\"hidden\" name=\"_wpcf7_posted_data_hash\" value=\"\" \/>\n<input type=\"hidden\" name=\"_wpcf7_recaptcha_response\" value=\"\" \/>\n<\/div>\n<p><span class=\"wpcf7-form-control-wrap your-name\"><input type=\"text\" name=\"your-name\" value=\"\" size=\"40\" class=\"wpcf7-form-control wpcf7-text wpcf7-validates-as-required\" aria-required=\"true\" aria-invalid=\"false\" placeholder=\"Nom*\" \/><\/span><br \/>\n<span class=\"wpcf7-form-control-wrap your-phone\"><input type=\"tel\" name=\"your-phone\" value=\"\" size=\"40\" class=\"wpcf7-form-control wpcf7-text wpcf7-tel wpcf7-validates-as-required wpcf7-validates-as-tel\" aria-required=\"true\" aria-invalid=\"false\" placeholder=\"GSM*\" \/><\/span><br \/>\n<span class=\"wpcf7-form-control-wrap your-email\"><input type=\"email\" name=\"your-email\" value=\"\" size=\"40\" class=\"wpcf7-form-control wpcf7-text wpcf7-email wpcf7-validates-as-required wpcf7-validates-as-email\" aria-required=\"true\" aria-invalid=\"false\" placeholder=\"E-mail*\" \/><\/span><br \/>\n<span class=\"wpcf7-form-control-wrap acceptance-630\"><span class=\"wpcf7-form-control wpcf7-acceptance\"><span class=\"wpcf7-list-item\"><label><input type=\"checkbox\" name=\"acceptance-630\" value=\"1\" aria-invalid=\"false\" \/><span class=\"wpcf7-list-item-label\"><a href=\"https:\/\/chateauegitim.com\/fr\/gizlilik-politikasi\/\" target=\"_blank\"> Le text de politique de confidentialit\u00e9 <\/a> J'ai lu le texte, j'approuve.<\/span><\/label><\/span><\/span><\/span><br \/>\n<span class=\"wpcf7-form-control-wrap acceptance-123\"><span class=\"wpcf7-form-control wpcf7-acceptance\"><span class=\"wpcf7-list-item\"><label><input type=\"checkbox\" name=\"acceptance-123\" value=\"1\" aria-invalid=\"false\" \/><span class=\"wpcf7-list-item-label\"><a href=\"https:\/\/chateauegitim.com\/fr\/acik-riza-onayi\/\" target=\"_blank\"> Approbation du consentement explicite<\/a> J&#039;ai lu le formulaire et je l&#039;accepte.<\/span><\/label><\/span><\/span><\/span><br \/>\n<input type=\"submit\" value=\"Envoyer\" class=\"wpcf7-form-control wpcf7-submit\" \/><\/p>\n<input type='hidden' class='wpcf7-pum' value='{\"closepopup\":false,\"closedelay\":0,\"openpopup\":false,\"openpopup_id\":0}' \/><div class=\"wpcf7-response-output\" aria-hidden=\"true\"><\/div><input type=\"hidden\" name=\"trp-form-language\" value=\"fr\"\/><\/form><\/div><\/div><\/div><\/div><\/div><div class=\"wpb_column vc_column_container vc_col-sm-1\"><div class=\"vc_column-inner\"><div class=\"wpb_wrapper\"><\/div><\/div><\/div><\/div><\/div><\/div><\/div><\/div><div class=\"vc_row-full-width vc_clearfix\"><\/div>","protected":false},"excerpt":{"rendered":"Fran\u00e7ais Individuel Programmes de Fran\u00e7ais Individuels pr\u00e9par\u00e9s par Ch\u00e2teau Education pour ceux qui souhaitent apprendre le fran\u00e7ais comme passe-temps et\/ou commercialement ; [...]","protected":false},"author":1,"featured_media":8693,"parent":0,"menu_order":0,"comment_status":"closed","ping_status":"closed","template":"","meta":{"footnotes":""},"class_list":["post-7647","page","type-page","status-publish","has-post-thumbnail","hentry"],"yoast_head":"<!-- This site is optimized with the Yoast SEO plugin v15.5 - https:\/\/yoast.com\/wordpress\/plugins\/seo\/ -->\n<title>Bireysel Frans\u0131zca Program\u0131 | Chateau E\u011fitim<\/title>\n<meta name=\"robots\" content=\"index, follow, max-snippet:-1, max-image-preview:large, max-video-preview:-1\" \/>\n<link rel=\"canonical\" href=\"https:\/\/chateauegitim.com\/fr\/bireysel-fransizca-programi\/\" \/>\n<meta property=\"og:locale\" content=\"fr_FR\" \/>\n<meta property=\"og:type\" content=\"article\" \/>\n<meta property=\"og:title\" content=\"Bireysel Frans\u0131zca Program\u0131 | Chateau E\u011fitim\" \/>\n<meta property=\"og:url\" content=\"https:\/\/chateauegitim.com\/fr\/bireysel-fransizca-programi\/\" \/>\n<meta property=\"og:site_name\" content=\"Chateau E\u011fitim\" \/>\n<meta property=\"article:modified_time\" content=\"2020-12-04T16:46:45+00:00\" \/>\n<meta property=\"og:image\" content=\"https:\/\/chateauegitim.com\/wp-content\/uploads\/2020\/11\/BireyselFransizcaTabletKagit-1.jpg\" \/>\n\t<meta property=\"og:image:width\" content=\"1920\" \/>\n\t<meta property=\"og:image:height\" content=\"1440\" \/>\n<meta name=\"twitter:card\" content=\"summary_large_image\" \/>\n<meta name=\"twitter:label1\" content=\"Dur\u00e9e de lecture est.\">\n\t<meta name=\"twitter:data1\" content=\"4 minutes\">\n<script type=\"application\/ld+json\" class=\"yoast-schema-graph\">{\"@context\":\"https:\/\/schema.org\",\"@graph\":[{\"@type\":\"WebSite\",\"@id\":\"https:\/\/chateauegitim.com\/fr\/#website\",\"url\":\"https:\/\/chateauegitim.com\/fr\/\",\"name\":\"Chateau E\\u011fitim\",\"description\":\"\\u0130novatif E\\u011fitim\",\"potentialAction\":[{\"@type\":\"SearchAction\",\"target\":\"https:\/\/chateauegitim.com\/fr\/?s={search_term_string}\",\"query-input\":\"required name=search_term_string\"}],\"inLanguage\":\"fr-FR\"},{\"@type\":\"ImageObject\",\"@id\":\"https:\/\/chateauegitim.com\/fr\/bireysel-fransizca-programi\/#primaryimage\",\"inLanguage\":\"fr-FR\",\"url\":\"https:\/\/chateauegitim.com\/wp-content\/uploads\/2020\/11\/BireyselFransizcaTabletKagit-1.jpg\",\"width\":1920,\"height\":1440},{\"@type\":\"WebPage\",\"@id\":\"https:\/\/chateauegitim.com\/fr\/bireysel-fransizca-programi\/#webpage\",\"url\":\"https:\/\/chateauegitim.com\/fr\/bireysel-fransizca-programi\/\",\"name\":\"Bireysel Frans\\u0131zca Program\\u0131 | Chateau E\\u011fitim\",\"isPartOf\":{\"@id\":\"https:\/\/chateauegitim.com\/fr\/#website\"},\"primaryImageOfPage\":{\"@id\":\"https:\/\/chateauegitim.com\/fr\/bireysel-fransizca-programi\/#primaryimage\"},\"datePublished\":\"2020-03-09T11:51:01+00:00\",\"dateModified\":\"2020-12-04T16:46:45+00:00\",\"inLanguage\":\"fr-FR\",\"potentialAction\":[{\"@type\":\"ReadAction\",\"target\":[\"https:\/\/chateauegitim.com\/fr\/bireysel-fransizca-programi\/\"]}]}]}<\/script>\n<!-- \/ Yoast SEO plugin. -->","_links":{"self":[{"href":"https:\/\/chateauegitim.com\/fr\/wp-json\/wp\/v2\/pages\/7647","targetHints":{"allow":["GET"]}}],"collection":[{"href":"https:\/\/chateauegitim.com\/fr\/wp-json\/wp\/v2\/pages"}],"about":[{"href":"https:\/\/chateauegitim.com\/fr\/wp-json\/wp\/v2\/types\/page"}],"author":[{"embeddable":true,"href":"https:\/\/chateauegitim.com\/fr\/wp-json\/wp\/v2\/users\/1"}],"replies":[{"embeddable":true,"href":"https:\/\/chateauegitim.com\/fr\/wp-json\/wp\/v2\/comments?post=7647"}],"version-history":[{"count":15,"href":"https:\/\/chateauegitim.com\/fr\/wp-json\/wp\/v2\/pages\/7647\/revisions"}],"predecessor-version":[{"id":8741,"href":"https:\/\/chateauegitim.com\/fr\/wp-json\/wp\/v2\/pages\/7647\/revisions\/8741"}],"wp:featuredmedia":[{"embeddable":true,"href":"https:\/\/chateauegitim.com\/fr\/wp-json\/wp\/v2\/media\/8693"}],"wp:attachment":[{"href":"https:\/\/chateauegitim.com\/fr\/wp-json\/wp\/v2\/media?parent=7647"}],"curies":[{"name":"wp","href":"https:\/\/api.w.org\/{rel}","templated":true}]}}