{"id":7660,"date":"2020-03-10T16:54:38","date_gmt":"2020-03-10T13:54:38","guid":{"rendered":"http:\/\/chateauegitim.com\/?page_id=7660"},"modified":"2020-12-04T19:44:59","modified_gmt":"2020-12-04T16:44:59","slug":"fransiz-liseleri-butunleme-programlari","status":"publish","type":"page","link":"https:\/\/chateauegitim.com\/fr\/fransiz-liseleri-butunleme-programlari\/","title":{"rendered":"Programmes de reprise du lyc\u00e9e fran\u00e7ais"},"content":{"rendered":"<div class=\"vc_row wpb_row vc_row-fluid vc_custom_1556018461316 vc_row-has-padding-top vc_row-has-padding-bottom\"><div class=\"wpb_column vc_column_container vc_col-sm-12\"><div class=\"vc_column-inner\"><div class=\"wpb_wrapper\"><div class=\"feature-sections-wrapper kd-fsp-69e892a750622\">\r\n            <section class=\"feature-sections-tabs\">\r\n              <nav class=\"kd-feature-tabs\">\r\n                <ul class=\"nav nav-tabs sticky-tabs container\">\r\n                <\/ul>\r\n              <\/nav>\r\n            <\/section>\r\n            <section id=\"kd-fss-69e892a7506a6\" class=\"featured-right\"><li class=\"nav-label\"><a class=\"feature-tabs-scroll\" href=\"#kd-fss-69e892a7506a6\"><i class=\"iconsmind-Information fss-nav-icon\" style=\" \"><\/i> Les Avantages<\/a><\/li><div class=\"container\">\r\n                <div class=\"side-content-wrapper kd-animated fadeInLeft\" data-animation-delay=\"200\"><i class=\"section-icon\" style=\" \"><\/i> <h2 class=\"side-content-title\" >Les Avantages<\/h2><h6 class=\"side-content-subtitle\" >Les Exp\u00e9riences<\/h6><div class=\"side-content-text\" ><p>En tant que Chateau Education, cr\u00e9\u00e9 en 2010 et dispensant un enseignement uniquement aux \u00e9coles fran\u00e7aises, nous appliquons un programme enti\u00e8rement sp\u00e9cifique \u00e0 l&#039;\u00e9cole gr\u00e2ce \u00e0 nos 10 ann\u00e9es d&#039;exp\u00e9rience et nos vastes archives.<\/p>\n<p>&nbsp;<\/p>\n<p>Avec ce programme, o\u00f9 nous travaillons comme un syst\u00e8me de camp, la r\u00e9p\u00e9tition \/ renforcement de toutes les mati\u00e8res que les \u00e9l\u00e8ves voient \u00e0 l'\u00e9cole tout au long de l'ann\u00e9e se fait sous notre supervision.<\/p>\n<div class=\"side-featured-wrapper fss-rectangle kd-animated fadeInLeft fss-shadow-image kd-animate\" data-animation-delay=\"200\"><\/div>\n<p>\n<\/div><\/div><div class=\"side-featured-wrapper fss-rectangle kd-animated fadeInRight fss-shadow-image\" data-animation-delay=\"200\">\r\n      <div class=\"featured-image\"><img loading=\"lazy\" decoding=\"async\" width=\"840\" height=\"560\" src=\"https:\/\/chateauegitim.com\/wp-content\/uploads\/2020\/03\/53828.jpg\" class=\"attachment-full\" alt=\"\" srcset=\"https:\/\/chateauegitim.com\/wp-content\/uploads\/2020\/03\/53828.jpg 840w, https:\/\/chateauegitim.com\/wp-content\/uploads\/2020\/03\/53828-800x533.jpg 800w, https:\/\/chateauegitim.com\/wp-content\/uploads\/2020\/03\/53828-300x200.jpg 300w, https:\/\/chateauegitim.com\/wp-content\/uploads\/2020\/03\/53828-768x512.jpg 768w, https:\/\/chateauegitim.com\/wp-content\/uploads\/2020\/03\/53828-24x16.jpg 24w, https:\/\/chateauegitim.com\/wp-content\/uploads\/2020\/03\/53828-36x24.jpg 36w, https:\/\/chateauegitim.com\/wp-content\/uploads\/2020\/03\/53828-48x32.jpg 48w\" sizes=\"auto, (max-width: 840px) 100vw, 840px\" \/><\/div>\r\n    <\/div><\/div>\r\n            <\/section><section id=\"kd-fss-69e892a750cb4\" class=\"featured-left\"><li class=\"nav-label\"><a class=\"feature-tabs-scroll\" href=\"#kd-fss-69e892a750cb4\"><i class=\"iconsmind-Approved-Window fss-nav-icon\" style=\" \"><\/i> Exemple de Programme<\/a><\/li><div class=\"container\">\r\n                <div class=\"side-content-wrapper kd-animated fadeInRight\" data-animation-delay=\"200\"><i class=\"section-icon\" style=\" \"><\/i> <h2 class=\"side-content-title\" >Exemple de Programme de Camp de Travail de Soutien Illimit\u00e9<\/h2><div class=\"side-content-text\" ><p>4 Jours par semaine<\/p>\n<ul>\n<li>Lundi - Mardi - Mercredi - Jeudi<\/li>\n<\/ul>\n<p>&nbsp;<\/p>\n<p>Exemple d\u2019horaires :<\/p>\n<ul>\n<li>Cours 11h00 \u2013 12h30<\/li>\n<li>Travail des \u00e9l\u00e8ves 12h30 \u2013 16h00<\/li>\n<li>Contr\u00f4le du travail des \u00e9l\u00e8ves 16h30 \u2013 17h00<\/li>\n<\/ul>\n<p>&nbsp;<\/p>\n<p>Ainsi, chaque fois que l'\u00e9tudiant vient, il reste dans nos locaux au moins 4 \u00e0 6 heures.<\/p>\n<p>L\u2019\u00e9l\u00e8ve fait un exercice, v\u00e9rifi\u00e9 ensuite par l\u2019enseignant, afin de bien assimiler le donn\u00e9es re\u00e7us pendant le cours d\u2019une heure et demie.<\/p>\n<\/div><\/div><div class=\"side-featured-wrapper fss-rectangle kd-animated fadeInLeft fss-shadow-image\" data-animation-delay=\"200\">\r\n      <div class=\"featured-image\"><img loading=\"lazy\" decoding=\"async\" width=\"1600\" height=\"1200\" src=\"https:\/\/chateauegitim.com\/wp-content\/uploads\/2020\/03\/WhatsApp-Image-2020-03-09-at-21.58.48.jpeg\" class=\"attachment-full\" alt=\"\" srcset=\"https:\/\/chateauegitim.com\/wp-content\/uploads\/2020\/03\/WhatsApp-Image-2020-03-09-at-21.58.48.jpeg 1600w, https:\/\/chateauegitim.com\/wp-content\/uploads\/2020\/03\/WhatsApp-Image-2020-03-09-at-21.58.48-800x600.jpeg 800w, https:\/\/chateauegitim.com\/wp-content\/uploads\/2020\/03\/WhatsApp-Image-2020-03-09-at-21.58.48-300x225.jpeg 300w, https:\/\/chateauegitim.com\/wp-content\/uploads\/2020\/03\/WhatsApp-Image-2020-03-09-at-21.58.48-1024x768.jpeg 1024w, https:\/\/chateauegitim.com\/wp-content\/uploads\/2020\/03\/WhatsApp-Image-2020-03-09-at-21.58.48-768x576.jpeg 768w, https:\/\/chateauegitim.com\/wp-content\/uploads\/2020\/03\/WhatsApp-Image-2020-03-09-at-21.58.48-1536x1152.jpeg 1536w\" sizes=\"auto, (max-width: 1600px) 100vw, 1600px\" \/><\/div>\r\n    <\/div><\/div>\r\n            <\/section><section id=\"kd-fss-69e892a7510b5\" class=\"featured-right\"><li class=\"nav-label\"><a class=\"feature-tabs-scroll\" href=\"#kd-fss-69e892a7510b5\"><i class=\"iconsmind-Business-Mens fss-nav-icon\" style=\" \"><\/i> Regroupement sp\u00e9cifique selon le niveau<\/a><\/li><div class=\"container\">\r\n                <div class=\"side-content-wrapper kd-animated fadeInLeft\" data-animation-delay=\"200\"><i class=\"section-icon\" style=\" \"><\/i> <h2 class=\"side-content-title\" >Regroupement sp\u00e9cifique selon l\u2019\u00e9cole et le niveau<\/h2><h6 class=\"side-content-subtitle\" >Chaque \u00e9tudiant inscrit au programme participe \u00e0 un cours d'essai gratuit, et nous d\u00e9terminons \u00e0 la fois la motivation et ce qu'ils attendent de ce programme intensif et le niveau actuel de son fran\u00e7ais. La volont\u00e9 et la motivation de l'\u00e9tudiant sont essentielles pour participer au programme. Sans quoi, il ne sera pas inscrit au programme car il n'y obtiendra pas de succ\u00e8s.<\/h6><div class=\"side-content-text\" ><\/p>\n<h4>Suite \u00e0 l\u2019examen fait \u00e0 la fin du 1er mois, l'\u00e9tudiant est inscrit pour le 2\u00e8me mois.<\/h4>\n<p>\u00c0 la fin du premier mois, les \u00e9tudiants passent un examen. La progression obtenu et l\u2019influence favorable du programme de travail est pris en compte lors de leur inscription pour le deuxi\u00e8me mois. Les parents sont inform\u00e9s de la contribution du programme \/ de la discipline de l'\u00e9l\u00e8ve et de sa r\u00e9ussite ou non.<\/p>\n<\/div><\/div><div class=\"side-featured-wrapper fss-rectangle kd-animated fadeInRight fss-shadow-image\" data-animation-delay=\"200\">\r\n      <div class=\"featured-image\"><img loading=\"lazy\" decoding=\"async\" width=\"1600\" height=\"1200\" src=\"https:\/\/chateauegitim.com\/wp-content\/uploads\/2020\/03\/WhatsApp-Image-2020-03-24-at-14.57.16.jpeg\" class=\"attachment-full\" alt=\"\" srcset=\"https:\/\/chateauegitim.com\/wp-content\/uploads\/2020\/03\/WhatsApp-Image-2020-03-24-at-14.57.16.jpeg 1600w, https:\/\/chateauegitim.com\/wp-content\/uploads\/2020\/03\/WhatsApp-Image-2020-03-24-at-14.57.16-800x600.jpeg 800w, https:\/\/chateauegitim.com\/wp-content\/uploads\/2020\/03\/WhatsApp-Image-2020-03-24-at-14.57.16-300x225.jpeg 300w, https:\/\/chateauegitim.com\/wp-content\/uploads\/2020\/03\/WhatsApp-Image-2020-03-24-at-14.57.16-1024x768.jpeg 1024w, https:\/\/chateauegitim.com\/wp-content\/uploads\/2020\/03\/WhatsApp-Image-2020-03-24-at-14.57.16-768x576.jpeg 768w, https:\/\/chateauegitim.com\/wp-content\/uploads\/2020\/03\/WhatsApp-Image-2020-03-24-at-14.57.16-1536x1152.jpeg 1536w, https:\/\/chateauegitim.com\/wp-content\/uploads\/2020\/03\/WhatsApp-Image-2020-03-24-at-14.57.16-24x18.jpeg 24w, https:\/\/chateauegitim.com\/wp-content\/uploads\/2020\/03\/WhatsApp-Image-2020-03-24-at-14.57.16-36x27.jpeg 36w, https:\/\/chateauegitim.com\/wp-content\/uploads\/2020\/03\/WhatsApp-Image-2020-03-24-at-14.57.16-48x36.jpeg 48w\" sizes=\"auto, (max-width: 1600px) 100vw, 1600px\" \/><\/div>\r\n    <\/div><\/div>\r\n            <\/section><section id=\"kd-fss-69e892a75149c\" class=\"featured-left\"><li class=\"nav-label\"><a class=\"feature-tabs-scroll\" href=\"#kd-fss-69e892a75149c\"><i class=\"iconsmind-Statistic fss-nav-icon\" style=\" \"><\/i> Cours d\u2019essai Gratuit<\/a><\/li><div class=\"container\">\r\n                <div class=\"side-content-wrapper kd-animated fadeInRight\" data-animation-delay=\"200\"><i class=\"section-icon\" style=\" \"><\/i> <h2 class=\"side-content-title\" >Cours d\u2019essai Gratuit<\/h2><h6 class=\"side-content-subtitle\" >L'\u00e9l\u00e8ve est regroup\u00e9 simplement et uniquement avec des \u00e9l\u00e8ves de sa propre \u00e9cole et de son niveau. La formation est donn\u00e9e dans des classes de 4 personnes maximum.<\/h6><div class=\"side-content-link sc-primary-btn\"><a href=\"#form\" target=\"_self\" title=\"Contactez-nous\" class=\"tt_button tt_primary_button btn_primary_color\">Contactez-nous<\/a><\/div><\/div><div class=\"side-featured-wrapper fss-rectangle kd-animated fadeInLeft fss-shadow-image\" data-animation-delay=\"200\">\r\n      <div class=\"featured-image\"><img loading=\"lazy\" decoding=\"async\" width=\"2560\" height=\"1709\" src=\"https:\/\/chateauegitim.com\/wp-content\/uploads\/2020\/03\/apple-book-business-calendar-301943-scaled.jpg\" class=\"attachment-full\" alt=\"\" srcset=\"https:\/\/chateauegitim.com\/wp-content\/uploads\/2020\/03\/apple-book-business-calendar-301943-scaled.jpg 2560w, https:\/\/chateauegitim.com\/wp-content\/uploads\/2020\/03\/apple-book-business-calendar-301943-scaled-800x534.jpg 800w, https:\/\/chateauegitim.com\/wp-content\/uploads\/2020\/03\/apple-book-business-calendar-301943-300x200.jpg 300w, https:\/\/chateauegitim.com\/wp-content\/uploads\/2020\/03\/apple-book-business-calendar-301943-1024x684.jpg 1024w, https:\/\/chateauegitim.com\/wp-content\/uploads\/2020\/03\/apple-book-business-calendar-301943-768x513.jpg 768w, https:\/\/chateauegitim.com\/wp-content\/uploads\/2020\/03\/apple-book-business-calendar-301943-1536x1025.jpg 1536w, https:\/\/chateauegitim.com\/wp-content\/uploads\/2020\/03\/apple-book-business-calendar-301943-2048x1367.jpg 2048w\" sizes=\"auto, (max-width: 2560px) 100vw, 2560px\" \/><\/div>\r\n    <\/div><\/div>\r\n            <\/section>\r\n            <\/div><style type=\"text\/css\"><\/style><\/div><\/div><\/div><\/div><div id=\"form\" data-vc-full-width=\"true\" data-vc-full-width-init=\"false\" data-vc-kd-parallax=\"1.4\" class=\"vc_row wpb_row vc_row-fluid vc_custom_1607100083944 vc_row-has-fill vc_general kd_vc_parallax kd_vc_parallax-content-moving\"><div class=\"parallax-overlay\" data-vc-kd-parallax=\"1.4\"><\/div><div class=\"kd-overlay\"  style=\"background-color:rgba(0,0,0,0.7);\"><\/div><div class=\"wpb_column vc_column_container vc_col-sm-12\"><div class=\"vc_column-inner vc_custom_1516095225433\"><div class=\"wpb_wrapper\"><div class=\"vc_row wpb_row vc_inner vc_row-fluid vc_custom_1555673013129 vc_row-has-padding-top vc_row-has-padding-bottom\"><div class=\"wpb_column vc_column_container vc_col-sm-1\"><div class=\"vc_column-inner vc_custom_1515166784808\"><div class=\"wpb_wrapper\"><\/div><\/div><\/div><div class=\"wpb_column vc_column_container vc_col-sm-4\"><div class=\"vc_column-inner\"><div class=\"wpb_wrapper\"><header class=\"kd-section-title col-lg-12 text-left  kd-animated fadeIn   vc_custom_1583491120092\" data-animation-delay=\"200\"><h2 class=\"separator_off\" style=\"color: #ffffff;\">Vous \u00eates invit\u00e9 \u00e0 nos cours d\u2019introductions gratuits !<\/h2><h6 class=\"subtitle\" style=\"color: #eeeeee;\">Si vous souhaitez que votre programme de fran\u00e7ais soit qualifi\u00e9 et intensif ; Nous vous offrons une le\u00e7on d'introduction.<\/h6><\/header><\/div><\/div><\/div><div class=\"wpb_column vc_column_container vc_col-sm-1\"><div class=\"vc_column-inner\"><div class=\"wpb_wrapper\"><\/div><\/div><\/div><div class=\"wpb_column vc_column_container vc_col-sm-5\"><div class=\"vc_column-inner\"><div class=\"wpb_wrapper\"><h4 style=\"color: #ffffff;text-align: left\" class=\"vc_custom_heading wpb_animate_when_almost_visible wpb_fadeIn fadeIn vc_custom_1583491141958\" >Nous allons revenir vers vous dans le plus cours des d\u00e9lais.<\/h4><div class=\"kd-contact-form full-width-cf white-input-bg\" ><div role=\"form\" class=\"wpcf7\" id=\"wpcf7-f4439-o1\" lang=\"en-US\" dir=\"ltr\">\n<div class=\"screen-reader-response\"><p role=\"status\" aria-live=\"polite\" aria-atomic=\"true\"><\/p> <ul><\/ul><\/div>\n<form action=\"\/fr\/wp-json\/wp\/v2\/pages\/7660#wpcf7-f4439-o1\" method=\"post\" class=\"wpcf7-form init\" novalidate=\"novalidate\" data-status=\"init\" data-trp-original-action=\"\/fr\/wp-json\/wp\/v2\/pages\/7660#wpcf7-f4439-o1\">\n<div style=\"display: none;\">\n<input type=\"hidden\" name=\"_wpcf7\" value=\"4439\" \/>\n<input type=\"hidden\" name=\"_wpcf7_version\" value=\"5.3.2\" \/>\n<input type=\"hidden\" name=\"_wpcf7_locale\" value=\"en_US\" \/>\n<input type=\"hidden\" name=\"_wpcf7_unit_tag\" value=\"wpcf7-f4439-o1\" \/>\n<input type=\"hidden\" name=\"_wpcf7_container_post\" value=\"0\" \/>\n<input type=\"hidden\" name=\"_wpcf7_posted_data_hash\" value=\"\" \/>\n<input type=\"hidden\" name=\"_wpcf7_recaptcha_response\" value=\"\" \/>\n<\/div>\n<p><span class=\"wpcf7-form-control-wrap your-name\"><input type=\"text\" name=\"your-name\" value=\"\" size=\"40\" class=\"wpcf7-form-control wpcf7-text wpcf7-validates-as-required\" aria-required=\"true\" aria-invalid=\"false\" placeholder=\"Nom*\" \/><\/span><br \/>\n<span class=\"wpcf7-form-control-wrap your-phone\"><input type=\"tel\" name=\"your-phone\" value=\"\" size=\"40\" class=\"wpcf7-form-control wpcf7-text wpcf7-tel wpcf7-validates-as-required wpcf7-validates-as-tel\" aria-required=\"true\" aria-invalid=\"false\" placeholder=\"GSM*\" \/><\/span><br \/>\n<span class=\"wpcf7-form-control-wrap your-email\"><input type=\"email\" name=\"your-email\" value=\"\" size=\"40\" class=\"wpcf7-form-control wpcf7-text wpcf7-email wpcf7-validates-as-required wpcf7-validates-as-email\" aria-required=\"true\" aria-invalid=\"false\" placeholder=\"E-mail*\" \/><\/span><br \/>\n<span class=\"wpcf7-form-control-wrap acceptance-630\"><span class=\"wpcf7-form-control wpcf7-acceptance\"><span class=\"wpcf7-list-item\"><label><input type=\"checkbox\" name=\"acceptance-630\" value=\"1\" aria-invalid=\"false\" \/><span class=\"wpcf7-list-item-label\"><a href=\"https:\/\/chateauegitim.com\/fr\/gizlilik-politikasi\/\" target=\"_blank\"> Le text de politique de confidentialit\u00e9 <\/a> J'ai lu le texte, j'approuve.<\/span><\/label><\/span><\/span><\/span><br \/>\n<span class=\"wpcf7-form-control-wrap acceptance-123\"><span class=\"wpcf7-form-control wpcf7-acceptance\"><span class=\"wpcf7-list-item\"><label><input type=\"checkbox\" name=\"acceptance-123\" value=\"1\" aria-invalid=\"false\" \/><span class=\"wpcf7-list-item-label\"><a href=\"https:\/\/chateauegitim.com\/fr\/acik-riza-onayi\/\" target=\"_blank\"> Approbation du consentement explicite<\/a> J&#039;ai lu le formulaire et je l&#039;accepte.<\/span><\/label><\/span><\/span><\/span><br \/>\n<input type=\"submit\" value=\"Envoyer\" class=\"wpcf7-form-control wpcf7-submit\" \/><\/p>\n<input type='hidden' class='wpcf7-pum' value='{\"closepopup\":false,\"closedelay\":0,\"openpopup\":false,\"openpopup_id\":0}' \/><div class=\"wpcf7-response-output\" aria-hidden=\"true\"><\/div><input type=\"hidden\" name=\"trp-form-language\" value=\"fr\"\/><\/form><\/div><\/div><\/div><\/div><\/div><div class=\"wpb_column vc_column_container vc_col-sm-1\"><div class=\"vc_column-inner\"><div class=\"wpb_wrapper\"><\/div><\/div><\/div><\/div><\/div><\/div><\/div><\/div><div class=\"vc_row-full-width vc_clearfix\"><\/div>","protected":false},"excerpt":{"rendered":"Avantages AvantagesExp\u00e9rience Comme Chateau Education, qui a \u00e9t\u00e9 cr\u00e9\u00e9 en 2010 et propose un enseignement uniquement aux \u00e9coles fran\u00e7aises, [...]","protected":false},"author":1,"featured_media":8340,"parent":0,"menu_order":0,"comment_status":"closed","ping_status":"closed","template":"","meta":{"footnotes":""},"class_list":["post-7660","page","type-page","status-publish","has-post-thumbnail","hentry"],"yoast_head":"<!-- This site is optimized with the Yoast SEO plugin v15.5 - https:\/\/yoast.com\/wordpress\/plugins\/seo\/ -->\n<title>Frans\u0131z Liseleri B\u00fct\u00fcnleme Programlar\u0131 | Chateau E\u011fitim<\/title>\n<meta name=\"robots\" content=\"index, follow, max-snippet:-1, max-image-preview:large, max-video-preview:-1\" \/>\n<link rel=\"canonical\" href=\"https:\/\/chateauegitim.com\/fr\/fransiz-liseleri-butunleme-programlari\/\" \/>\n<meta property=\"og:locale\" content=\"fr_FR\" \/>\n<meta property=\"og:type\" content=\"article\" \/>\n<meta property=\"og:title\" content=\"Frans\u0131z Liseleri B\u00fct\u00fcnleme Programlar\u0131 | Chateau E\u011fitim\" \/>\n<meta property=\"og:url\" content=\"https:\/\/chateauegitim.com\/fr\/fransiz-liseleri-butunleme-programlari\/\" \/>\n<meta property=\"og:site_name\" content=\"Chateau E\u011fitim\" \/>\n<meta property=\"article:modified_time\" content=\"2020-12-04T16:44:59+00:00\" \/>\n<meta property=\"og:image\" content=\"https:\/\/chateauegitim.com\/wp-content\/uploads\/2020\/03\/gsu\u0308-kopyas\u0131-copy-copy-1.jpg\" \/>\n\t<meta property=\"og:image:width\" content=\"1920\" \/>\n\t<meta property=\"og:image:height\" content=\"500\" \/>\n<meta name=\"twitter:card\" content=\"summary_large_image\" \/>\n<meta name=\"twitter:label1\" content=\"Dur\u00e9e de lecture est.\">\n\t<meta name=\"twitter:data1\" content=\"4 minutes\">\n<script type=\"application\/ld+json\" class=\"yoast-schema-graph\">{\"@context\":\"https:\/\/schema.org\",\"@graph\":[{\"@type\":\"WebSite\",\"@id\":\"https:\/\/chateauegitim.com\/fr\/#website\",\"url\":\"https:\/\/chateauegitim.com\/fr\/\",\"name\":\"Chateau E\\u011fitim\",\"description\":\"\\u0130novatif E\\u011fitim\",\"potentialAction\":[{\"@type\":\"SearchAction\",\"target\":\"https:\/\/chateauegitim.com\/fr\/?s={search_term_string}\",\"query-input\":\"required name=search_term_string\"}],\"inLanguage\":\"fr-FR\"},{\"@type\":\"ImageObject\",\"@id\":\"https:\/\/chateauegitim.com\/fr\/fransiz-liseleri-butunleme-programlari\/#primaryimage\",\"inLanguage\":\"fr-FR\",\"url\":\"https:\/\/chateauegitim.com\/wp-content\/uploads\/2020\/03\/gsu\\u0308-kopyas\\u0131-copy-copy-1.jpg\",\"width\":1920,\"height\":500},{\"@type\":\"WebPage\",\"@id\":\"https:\/\/chateauegitim.com\/fr\/fransiz-liseleri-butunleme-programlari\/#webpage\",\"url\":\"https:\/\/chateauegitim.com\/fr\/fransiz-liseleri-butunleme-programlari\/\",\"name\":\"Frans\\u0131z Liseleri B\\u00fct\\u00fcnleme Programlar\\u0131 | Chateau E\\u011fitim\",\"isPartOf\":{\"@id\":\"https:\/\/chateauegitim.com\/fr\/#website\"},\"primaryImageOfPage\":{\"@id\":\"https:\/\/chateauegitim.com\/fr\/fransiz-liseleri-butunleme-programlari\/#primaryimage\"},\"datePublished\":\"2020-03-10T13:54:38+00:00\",\"dateModified\":\"2020-12-04T16:44:59+00:00\",\"inLanguage\":\"fr-FR\",\"potentialAction\":[{\"@type\":\"ReadAction\",\"target\":[\"https:\/\/chateauegitim.com\/fr\/fransiz-liseleri-butunleme-programlari\/\"]}]}]}<\/script>\n<!-- \/ Yoast SEO plugin. -->","_links":{"self":[{"href":"https:\/\/chateauegitim.com\/fr\/wp-json\/wp\/v2\/pages\/7660","targetHints":{"allow":["GET"]}}],"collection":[{"href":"https:\/\/chateauegitim.com\/fr\/wp-json\/wp\/v2\/pages"}],"about":[{"href":"https:\/\/chateauegitim.com\/fr\/wp-json\/wp\/v2\/types\/page"}],"author":[{"embeddable":true,"href":"https:\/\/chateauegitim.com\/fr\/wp-json\/wp\/v2\/users\/1"}],"replies":[{"embeddable":true,"href":"https:\/\/chateauegitim.com\/fr\/wp-json\/wp\/v2\/comments?post=7660"}],"version-history":[{"count":15,"href":"https:\/\/chateauegitim.com\/fr\/wp-json\/wp\/v2\/pages\/7660\/revisions"}],"predecessor-version":[{"id":8735,"href":"https:\/\/chateauegitim.com\/fr\/wp-json\/wp\/v2\/pages\/7660\/revisions\/8735"}],"wp:featuredmedia":[{"embeddable":true,"href":"https:\/\/chateauegitim.com\/fr\/wp-json\/wp\/v2\/media\/8340"}],"wp:attachment":[{"href":"https:\/\/chateauegitim.com\/fr\/wp-json\/wp\/v2\/media?parent=7660"}],"curies":[{"name":"wp","href":"https:\/\/api.w.org\/{rel}","templated":true}]}}