{"id":7666,"date":"2020-03-10T17:00:18","date_gmt":"2020-03-10T14:00:18","guid":{"rendered":"http:\/\/chateauegitim.com\/?page_id=7666"},"modified":"2022-07-22T13:19:29","modified_gmt":"2022-07-22T10:19:29","slug":"uzaktan-egitim","status":"publish","type":"page","link":"https:\/\/chateauegitim.com\/fr\/uzaktan-egitim\/","title":{"rendered":"Cours A Distance"},"content":{"rendered":"<div data-vc-full-width=\"true\" data-vc-full-width-init=\"false\" class=\"vc_row wpb_row vc_row-fluid vc_custom_1585134940762 vc_row-has-fill vc_row-has-padding-top vc_row-has-padding-bottom\"><div class=\"wpb_column vc_column_container vc_col-sm-12\"><div class=\"vc_column-inner vc_custom_1585064815134\"><div class=\"wpb_wrapper\"><header class=\"kd-section-title col-lg-12 text-center\" ><h2 class=\"separator_off\" >Exemples de Nos Cours Ch\u00e2teau A Distance<\/h2><\/header><\/div><\/div><\/div><div class=\"wpb_column vc_column_container vc_col-sm-4\"><div class=\"vc_column-inner\"><div class=\"wpb_wrapper\"><div class=\"video-container play-button-center\" ><img loading=\"lazy\" decoding=\"async\" width=\"1488\" height=\"958\" src=\"https:\/\/chateauegitim.com\/wp-content\/uploads\/2020\/03\/Ekran-Resmi-2020-03-24-12.06.46-e1585041206704.png\" class=\"attachment-full\" alt=\"\" srcset=\"https:\/\/chateauegitim.com\/wp-content\/uploads\/2020\/03\/Ekran-Resmi-2020-03-24-12.06.46-e1585041206704.png 1488w, https:\/\/chateauegitim.com\/wp-content\/uploads\/2020\/03\/Ekran-Resmi-2020-03-24-12.06.46-e1585041206704-800x515.png 800w, https:\/\/chateauegitim.com\/wp-content\/uploads\/2020\/03\/Ekran-Resmi-2020-03-24-12.06.46-e1585041206704-300x193.png 300w, https:\/\/chateauegitim.com\/wp-content\/uploads\/2020\/03\/Ekran-Resmi-2020-03-24-12.06.46-e1585041206704-1024x659.png 1024w, https:\/\/chateauegitim.com\/wp-content\/uploads\/2020\/03\/Ekran-Resmi-2020-03-24-12.06.46-e1585041206704-768x494.png 768w\" sizes=\"auto, (max-width: 1488px) 100vw, 1488px\" \/><a data-toggle=\"modal\" data-target=\"#video-modal-kd-video-modal-69e8adbac090d\" data-src=\"https:\/\/www.youtube.com\/embed\/KnPy9lhyti4\" data-backdrop=\"true\" class=\"play-btn-primary-color\"><span class=\"play-video\"><span class=\"fas fa-play\"><\/span><\/span><\/a><\/div><div class=\"modal fade video-modal\" id=\"video-modal-kd-video-modal-69e8adbac090d\" role=\"dialog\">\n                            <div class=\"modal-content\">\n                            <button type=\"button\" class=\"close\" data-dismiss=\"modal\">\u00d7<\/button>\n                            <div class=\"row\"><iframe width=\"1024\" height=\"576\" webkitallowfullscreen mozallowfullscreen allowfullscreen><\/iframe><\/div>\n                            <\/div>\n                        <\/div><div class=\"vc_empty_space\"   style=\"height: 32px\"><span class=\"vc_empty_space_inner\"><\/span><\/div><\/div><\/div><\/div><div class=\"wpb_column vc_column_container vc_col-sm-4\"><div class=\"vc_column-inner\"><div class=\"wpb_wrapper\"><div class=\"video-container play-button-center\" ><img loading=\"lazy\" decoding=\"async\" width=\"1126\" height=\"722\" src=\"https:\/\/chateauegitim.com\/wp-content\/uploads\/2020\/03\/Ekran-Resmi-2020-03-24-12.07.12-e1585041178936.png\" class=\"attachment-full\" alt=\"\" srcset=\"https:\/\/chateauegitim.com\/wp-content\/uploads\/2020\/03\/Ekran-Resmi-2020-03-24-12.07.12-e1585041178936.png 1126w, https:\/\/chateauegitim.com\/wp-content\/uploads\/2020\/03\/Ekran-Resmi-2020-03-24-12.07.12-e1585041178936-800x513.png 800w, https:\/\/chateauegitim.com\/wp-content\/uploads\/2020\/03\/Ekran-Resmi-2020-03-24-12.07.12-e1585041178936-300x192.png 300w, https:\/\/chateauegitim.com\/wp-content\/uploads\/2020\/03\/Ekran-Resmi-2020-03-24-12.07.12-e1585041178936-1024x657.png 1024w, https:\/\/chateauegitim.com\/wp-content\/uploads\/2020\/03\/Ekran-Resmi-2020-03-24-12.07.12-e1585041178936-768x492.png 768w\" sizes=\"auto, (max-width: 1126px) 100vw, 1126px\" \/><a data-toggle=\"modal\" data-target=\"#video-modal-kd-video-modal-69e8adbac0d00\" data-src=\"https:\/\/www.youtube.com\/embed\/D2VjqP5vGrw\" data-backdrop=\"true\" class=\"play-btn-primary-color\"><span class=\"play-video\"><span class=\"fas fa-play\"><\/span><\/span><\/a><\/div><div class=\"modal fade video-modal\" id=\"video-modal-kd-video-modal-69e8adbac0d00\" role=\"dialog\">\n                            <div class=\"modal-content\">\n                            <button type=\"button\" class=\"close\" data-dismiss=\"modal\">\u00d7<\/button>\n                            <div class=\"row\"><iframe width=\"1024\" height=\"576\" webkitallowfullscreen mozallowfullscreen allowfullscreen><\/iframe><\/div>\n                            <\/div>\n                        <\/div><div class=\"vc_empty_space\"   style=\"height: 32px\"><span class=\"vc_empty_space_inner\"><\/span><\/div><\/div><\/div><\/div><div class=\"wpb_column vc_column_container vc_col-sm-4\"><div class=\"vc_column-inner\"><div class=\"wpb_wrapper\"><div class=\"video-container play-button-center\" ><img loading=\"lazy\" decoding=\"async\" width=\"1695\" height=\"1096\" src=\"https:\/\/chateauegitim.com\/wp-content\/uploads\/2020\/03\/Ekran-Resmi-2020-03-24-12.09.05-e1585041253369.png\" class=\"attachment-full\" alt=\"\" srcset=\"https:\/\/chateauegitim.com\/wp-content\/uploads\/2020\/03\/Ekran-Resmi-2020-03-24-12.09.05-e1585041253369.png 1695w, https:\/\/chateauegitim.com\/wp-content\/uploads\/2020\/03\/Ekran-Resmi-2020-03-24-12.09.05-e1585041253369-800x517.png 800w, https:\/\/chateauegitim.com\/wp-content\/uploads\/2020\/03\/Ekran-Resmi-2020-03-24-12.09.05-e1585041253369-300x194.png 300w, https:\/\/chateauegitim.com\/wp-content\/uploads\/2020\/03\/Ekran-Resmi-2020-03-24-12.09.05-e1585041253369-1024x662.png 1024w, https:\/\/chateauegitim.com\/wp-content\/uploads\/2020\/03\/Ekran-Resmi-2020-03-24-12.09.05-e1585041253369-768x497.png 768w, https:\/\/chateauegitim.com\/wp-content\/uploads\/2020\/03\/Ekran-Resmi-2020-03-24-12.09.05-e1585041253369-1536x993.png 1536w\" sizes=\"auto, (max-width: 1695px) 100vw, 1695px\" \/><a data-toggle=\"modal\" data-target=\"#video-modal-kd-video-modal-69e8adbac1092\" data-src=\"https:\/\/www.youtube.com\/embed\/JfmH69oKQu4\" data-backdrop=\"true\" class=\"play-btn-primary-color\"><span class=\"play-video\"><span class=\"fas fa-play\"><\/span><\/span><\/a><\/div><div class=\"modal fade video-modal\" id=\"video-modal-kd-video-modal-69e8adbac1092\" role=\"dialog\">\n                            <div class=\"modal-content\">\n                            <button type=\"button\" class=\"close\" data-dismiss=\"modal\">\u00d7<\/button>\n                            <div class=\"row\"><iframe width=\"1024\" height=\"576\" webkitallowfullscreen mozallowfullscreen allowfullscreen><\/iframe><\/div>\n                            <\/div>\n                        <\/div><div class=\"vc_empty_space\"   style=\"height: 32px\"><span class=\"vc_empty_space_inner\"><\/span><\/div><\/div><\/div><\/div><\/div><div class=\"vc_row-full-width vc_clearfix\"><\/div><div class=\"vc_row wpb_row vc_row-fluid vc_custom_1585064794639 vc_row-has-padding-top vc_row-has-padding-bottom\"><div class=\"wpb_column vc_column_container vc_col-sm-12\"><div class=\"vc_column-inner\"><div class=\"wpb_wrapper\"><div class=\"feature-sections-wrapper kd-fsp-69e8adbac1350\">\r\n            <section class=\"feature-sections-tabs\">\r\n              <nav class=\"kd-feature-tabs\">\r\n                <ul class=\"nav nav-tabs sticky-tabs container\">\r\n                <\/ul>\r\n              <\/nav>\r\n            <\/section>\r\n            <section id=\"kd-fss-69e8adbac13bd\" class=\"featured-right\"><li class=\"nav-label\"><a class=\"feature-tabs-scroll\" href=\"#kd-fss-69e8adbac13bd\"><i class=\"iconsmind-Information fss-nav-icon\" style=\" \"><\/i> Information G\u00e9n\u00e9rale<\/a><\/li><div class=\"container\">\r\n                <div class=\"side-content-wrapper kd-animated fadeInLeft\" data-animation-delay=\"200\"><i class=\"section-icon\" style=\" \"><\/i> <h2 class=\"side-content-title\" >Information G\u00e9n\u00e9rale<\/h2><div class=\"side-content-text\" ><\/p>\n<p class=\"font_8\">En raison de l'\u00e9pid\u00e9mie affectant le monde entier en 2020, l'importance des programmes d'enseignement \u00e0 distance a de nouveau \u00e9merg\u00e9.<br \/>\nGr\u00e2ce \u00e0 notre exp\u00e9rience dans nos programmes d'enseignement \u00e0 distance au cours des derni\u00e8res ann\u00e9es et \u00e9tant une institution qui suit toujours les innovations ; Nous avons num\u00e9ris\u00e9 tous les cours dans un laps de temps tr\u00e8s court tel que 48 heures, avec nos enseignants et \u00e9tudiants qui #restetalamaison et avec des classes jusqu'\u00e0 3 personnes. Nous sommes fiers de pouvoir \u00eatre le premier \u00e9tablissement d'enseignement en Turquie qui permet UNE EDUCATION INTERACTIVE et qui permet de se r\u00e9unir EN LIGNE.<\/p>\n<p>\n<\/div><\/div><div class=\"side-featured-wrapper fss-rectangle kd-animated fadeInRight fss-shadow-image\" data-animation-delay=\"200\">\r\n      <div class=\"featured-image\"><img loading=\"lazy\" decoding=\"async\" width=\"353\" height=\"236\" src=\"https:\/\/chateauegitim.com\/wp-content\/uploads\/2020\/11\/PerspektifMiniBilgisayar-e1606116488764.jpg\" class=\"attachment-full\" alt=\"\" \/><\/div>\r\n    <\/div><\/div>\r\n            <\/section><section id=\"kd-fss-69e8adbac175a\" class=\"featured-left\"><li class=\"nav-label\"><a class=\"feature-tabs-scroll\" href=\"#kd-fss-69e8adbac175a\"><i class=\"iconsmind-Cloud-Computer fss-nav-icon\" style=\" \"><\/i> Cours A Distance<\/a><\/li><div class=\"container\">\r\n                <div class=\"side-content-wrapper kd-animated fadeInLeft\" data-animation-delay=\"200\"><i class=\"section-icon\" style=\" \"><\/i> <h2 class=\"side-content-title\" >Cours A Distance<\/h2><h6 class=\"side-content-subtitle\" >Nous avons accueilli de nombreux \u00e9tudiants en dehors d\u2019Istanbul dans notre institution pendant les mois d'\u00e9t\u00e9 ces derni\u00e8res ann\u00e9es.<\/h6><div class=\"side-content-text\" ><p>Nous avons mis en place notre syst\u00e8me d'enseignement \u00e0 distance en 2015 pour les \u00e9tudiants hors de la ville qui ne peuvent pas se d\u00e9placer pour venir recevoir les programmes d'enseignement de Ch\u00e2teau,<\/p>\n<p>Le but de notre mise en place de la plateforme d'enseignement \u00e0 distance Ch\u00e2teau ; C\u2019est de donner la possibilit\u00e9 a l'\u00e9tudiant de pouvoir \u00e9tudier les cours en direct, avec vid\u00e9o et audio dans un environnement virtuel au moyen des technologies informatiques existantes sans l'obligation de venir \u00e0 l'institution, et de b\u00e9n\u00e9ficier d'un syst\u00e8me \u00e9ducatif moderne et innovant dans lequel l'\u00e9ducation et la formation passent rapidement dans l'environnement informatique dans les conditions d'aujourd'hui.<\/p>\n<\/div><\/div><div class=\"side-featured-wrapper fss-rectangle kd-animated fadeInRight fss-shadow-image\" data-animation-delay=\"200\">\r\n      <div class=\"featured-image\"><img loading=\"lazy\" decoding=\"async\" width=\"1920\" height=\"1440\" src=\"https:\/\/chateauegitim.com\/wp-content\/uploads\/2020\/11\/TabletU\u0308st.jpg\" class=\"attachment-full\" alt=\"\" srcset=\"https:\/\/chateauegitim.com\/wp-content\/uploads\/2020\/11\/TabletU\u0308st.jpg 1920w, https:\/\/chateauegitim.com\/wp-content\/uploads\/2020\/11\/TabletU\u0308st-300x225.jpg 300w, https:\/\/chateauegitim.com\/wp-content\/uploads\/2020\/11\/TabletU\u0308st-1024x768.jpg 1024w, https:\/\/chateauegitim.com\/wp-content\/uploads\/2020\/11\/TabletU\u0308st-768x576.jpg 768w, https:\/\/chateauegitim.com\/wp-content\/uploads\/2020\/11\/TabletU\u0308st-1536x1152.jpg 1536w, https:\/\/chateauegitim.com\/wp-content\/uploads\/2020\/11\/TabletU\u0308st-24x18.jpg 24w, https:\/\/chateauegitim.com\/wp-content\/uploads\/2020\/11\/TabletU\u0308st-36x27.jpg 36w, https:\/\/chateauegitim.com\/wp-content\/uploads\/2020\/11\/TabletU\u0308st-48x36.jpg 48w\" sizes=\"auto, (max-width: 1920px) 100vw, 1920px\" \/><\/div>\r\n    <\/div><\/div>\r\n            <\/section><section id=\"kd-fss-69e8adbac1aaf\" class=\"featured-right\"><li class=\"nav-label\"><a class=\"feature-tabs-scroll\" href=\"#kd-fss-69e8adbac1aaf\"><i class=\"iconsmind-Speach-BubbleComic3 fss-nav-icon\" style=\" \"><\/i> Notre Syst\u00e8me d'Enseignement A Distance<\/a><\/li><div class=\"container\">\r\n                <div class=\"side-content-wrapper kd-animated fadeInLeft\" data-animation-delay=\"200\"><i class=\"section-icon\" style=\" \"><\/i> <h2 class=\"side-content-title\" >Notre Syst\u00e8me d'Enseignement A Distance<\/h2><div class=\"side-content-text\" ><\/p>\n<ul>\n<li>En ligne et interactif.<\/li>\n<li>L&#039;enseignement est dispens\u00e9 dans des classes de 5 personnes maximum.<\/li>\n<li>Les devoirs sont livr\u00e9s \u00e0 l'\u00e9l\u00e8ve via des applications apr\u00e8s la le\u00e7on et le suivi des devoirs est effectu\u00e9 par nos professeurs.<\/li>\n<li>Le cours est orient\u00e9 vers l\u2019\u00e9tudiant.<\/li>\n<li>Il offre des chances \u00e9gales et permet \u00e0 chaque \u00e9tudiant d'apprendre \u00e0 son rythme et de vivre un processus d'apprentissage interactif et dynamique avec les enseignants.<\/li>\n<li>Les cours sont prises en charge et mesur\u00e9s avec notre syst\u00e8me E-SINAV en direct et interactif.<\/li>\n<\/ul>\n<p>Vous pouvez rencontrer notre syst\u00e8me d'enseignement \u00e0 distance Ch\u00e2teau E\u011fitim avec notre cours d\u2019essai gratuit. Veuillez nous contacter pour plus d\u2019informations sur notre syst\u00e8me.<\/p>\n<\/div><div class=\"side-content-link sc-primary-btn\"><a href=\"#form\" target=\"_self\" title=\"Formulaire de contact :\" class=\"tt_button tt_primary_button btn_primary_color button-action-link\">Formulaire de contact :<\/a><\/div><\/div><div class=\"side-featured-wrapper fss-rectangle kd-animated fadeInRight fss-shadow-image\" data-animation-delay=\"200\">\r\n      <div class=\"featured-image\"><img loading=\"lazy\" decoding=\"async\" width=\"1866\" height=\"1920\" src=\"https:\/\/chateauegitim.com\/wp-content\/uploads\/2020\/11\/UzaktanEg\u0306itimSistemimiz.jpg\" class=\"attachment-full\" alt=\"\" srcset=\"https:\/\/chateauegitim.com\/wp-content\/uploads\/2020\/11\/UzaktanEg\u0306itimSistemimiz.jpg 1866w, https:\/\/chateauegitim.com\/wp-content\/uploads\/2020\/11\/UzaktanEg\u0306itimSistemimiz-292x300.jpg 292w, https:\/\/chateauegitim.com\/wp-content\/uploads\/2020\/11\/UzaktanEg\u0306itimSistemimiz-995x1024.jpg 995w, https:\/\/chateauegitim.com\/wp-content\/uploads\/2020\/11\/UzaktanEg\u0306itimSistemimiz-768x790.jpg 768w, https:\/\/chateauegitim.com\/wp-content\/uploads\/2020\/11\/UzaktanEg\u0306itimSistemimiz-1493x1536.jpg 1493w, https:\/\/chateauegitim.com\/wp-content\/uploads\/2020\/11\/UzaktanEg\u0306itimSistemimiz-24x24.jpg 24w, https:\/\/chateauegitim.com\/wp-content\/uploads\/2020\/11\/UzaktanEg\u0306itimSistemimiz-36x36.jpg 36w, https:\/\/chateauegitim.com\/wp-content\/uploads\/2020\/11\/UzaktanEg\u0306itimSistemimiz-48x48.jpg 48w\" sizes=\"auto, (max-width: 1866px) 100vw, 1866px\" \/><\/div>\r\n    <\/div><\/div>\r\n            <\/section>\r\n            <\/div><style type=\"text\/css\"><\/style><\/div><\/div><\/div><\/div><div id=\"form\" data-vc-full-width=\"true\" data-vc-full-width-init=\"false\" data-vc-kd-parallax=\"1.4\" class=\"vc_row wpb_row vc_row-fluid vc_custom_1607100120637 vc_row-has-fill vc_general kd_vc_parallax kd_vc_parallax-content-moving\"><div class=\"parallax-overlay\" data-vc-kd-parallax=\"1.4\"><\/div><div class=\"kd-overlay\"  style=\"background-color:rgba(0,0,0,0.7);\"><\/div><div class=\"wpb_column vc_column_container vc_col-sm-12\"><div class=\"vc_column-inner vc_custom_1516095225433\"><div class=\"wpb_wrapper\"><div class=\"vc_row wpb_row vc_inner vc_row-fluid vc_custom_1555673013129 vc_row-has-padding-top vc_row-has-padding-bottom\"><div class=\"wpb_column vc_column_container vc_col-sm-1\"><div class=\"vc_column-inner vc_custom_1515166784808\"><div class=\"wpb_wrapper\"><\/div><\/div><\/div><div class=\"wpb_column vc_column_container vc_col-sm-4\"><div class=\"vc_column-inner\"><div class=\"wpb_wrapper\"><header class=\"kd-section-title col-lg-12 text-left  kd-animated fadeIn   vc_custom_1583491120092\" data-animation-delay=\"200\"><h2 class=\"separator_off\" style=\"color: #ffffff;\">Vous \u00eates invit\u00e9 \u00e0 nos cours d\u2019introductions gratuits !<\/h2><h6 class=\"subtitle\" style=\"color: #eeeeee;\">Si vous souhaitez que votre programme de fran\u00e7ais soit qualifi\u00e9 et intensif ; Nous vous offrons une le\u00e7on d'introduction.<\/h6><\/header><\/div><\/div><\/div><div class=\"wpb_column vc_column_container vc_col-sm-1\"><div class=\"vc_column-inner\"><div class=\"wpb_wrapper\"><\/div><\/div><\/div><div class=\"wpb_column vc_column_container vc_col-sm-5\"><div class=\"vc_column-inner\"><div class=\"wpb_wrapper\"><h4 style=\"color: #ffffff;text-align: left\" class=\"vc_custom_heading wpb_animate_when_almost_visible wpb_fadeIn fadeIn vc_custom_1583491141958\" >Nous allons revenir vers vous dans le plus cours des d\u00e9lais.<\/h4><div class=\"kd-contact-form full-width-cf white-input-bg\" ><div role=\"form\" class=\"wpcf7\" id=\"wpcf7-f4439-o1\" lang=\"en-US\" dir=\"ltr\">\n<div class=\"screen-reader-response\"><p role=\"status\" aria-live=\"polite\" aria-atomic=\"true\"><\/p> <ul><\/ul><\/div>\n<form action=\"\/fr\/wp-json\/wp\/v2\/pages\/7666#wpcf7-f4439-o1\" method=\"post\" class=\"wpcf7-form init\" novalidate=\"novalidate\" data-status=\"init\" data-trp-original-action=\"\/fr\/wp-json\/wp\/v2\/pages\/7666#wpcf7-f4439-o1\">\n<div style=\"display: none;\">\n<input type=\"hidden\" name=\"_wpcf7\" value=\"4439\" \/>\n<input type=\"hidden\" name=\"_wpcf7_version\" value=\"5.3.2\" \/>\n<input type=\"hidden\" name=\"_wpcf7_locale\" value=\"en_US\" \/>\n<input type=\"hidden\" name=\"_wpcf7_unit_tag\" value=\"wpcf7-f4439-o1\" \/>\n<input type=\"hidden\" name=\"_wpcf7_container_post\" value=\"0\" \/>\n<input type=\"hidden\" name=\"_wpcf7_posted_data_hash\" value=\"\" \/>\n<input type=\"hidden\" name=\"_wpcf7_recaptcha_response\" value=\"\" \/>\n<\/div>\n<p><span class=\"wpcf7-form-control-wrap your-name\"><input type=\"text\" name=\"your-name\" value=\"\" size=\"40\" class=\"wpcf7-form-control wpcf7-text wpcf7-validates-as-required\" aria-required=\"true\" aria-invalid=\"false\" placeholder=\"Nom*\" \/><\/span><br \/>\n<span class=\"wpcf7-form-control-wrap your-phone\"><input type=\"tel\" name=\"your-phone\" value=\"\" size=\"40\" class=\"wpcf7-form-control wpcf7-text wpcf7-tel wpcf7-validates-as-required wpcf7-validates-as-tel\" aria-required=\"true\" aria-invalid=\"false\" placeholder=\"GSM*\" \/><\/span><br \/>\n<span class=\"wpcf7-form-control-wrap your-email\"><input type=\"email\" name=\"your-email\" value=\"\" size=\"40\" class=\"wpcf7-form-control wpcf7-text wpcf7-email wpcf7-validates-as-required wpcf7-validates-as-email\" aria-required=\"true\" aria-invalid=\"false\" placeholder=\"E-mail*\" \/><\/span><br \/>\n<span class=\"wpcf7-form-control-wrap acceptance-630\"><span class=\"wpcf7-form-control wpcf7-acceptance\"><span class=\"wpcf7-list-item\"><label><input type=\"checkbox\" name=\"acceptance-630\" value=\"1\" aria-invalid=\"false\" \/><span class=\"wpcf7-list-item-label\"><a href=\"https:\/\/chateauegitim.com\/fr\/gizlilik-politikasi\/\" target=\"_blank\"> Le text de politique de confidentialit\u00e9 <\/a> J'ai lu le texte, j'approuve.<\/span><\/label><\/span><\/span><\/span><br \/>\n<span class=\"wpcf7-form-control-wrap acceptance-123\"><span class=\"wpcf7-form-control wpcf7-acceptance\"><span class=\"wpcf7-list-item\"><label><input type=\"checkbox\" name=\"acceptance-123\" value=\"1\" aria-invalid=\"false\" \/><span class=\"wpcf7-list-item-label\"><a href=\"https:\/\/chateauegitim.com\/fr\/acik-riza-onayi\/\" target=\"_blank\"> Approbation du consentement explicite<\/a> J&#039;ai lu le formulaire et je l&#039;accepte.<\/span><\/label><\/span><\/span><\/span><br \/>\n<input type=\"submit\" value=\"Envoyer\" class=\"wpcf7-form-control wpcf7-submit\" \/><\/p>\n<input type='hidden' class='wpcf7-pum' value='{\"closepopup\":false,\"closedelay\":0,\"openpopup\":false,\"openpopup_id\":0}' \/><div class=\"wpcf7-response-output\" aria-hidden=\"true\"><\/div><input type=\"hidden\" name=\"trp-form-language\" value=\"fr\"\/><\/form><\/div><\/div><\/div><\/div><\/div><div class=\"wpb_column vc_column_container vc_col-sm-1\"><div class=\"vc_column-inner\"><div class=\"wpb_wrapper\"><\/div><\/div><\/div><\/div><\/div><\/div><\/div><\/div><div class=\"vc_row-full-width vc_clearfix\"><\/div>","protected":false},"excerpt":{"rendered":"Exemples de notre syst\u00e8me d&#039;enseignement \u00e0 distance Ch\u00e2teau \u00d7 \u00d7 \u00d7 Informations g\u00e9n\u00e9rales Informations g\u00e9n\u00e9rales [...]","protected":false},"author":1,"featured_media":8689,"parent":0,"menu_order":0,"comment_status":"closed","ping_status":"closed","template":"","meta":{"footnotes":""},"class_list":["post-7666","page","type-page","status-publish","has-post-thumbnail","hentry"],"yoast_head":"<!-- This site is optimized with the Yoast SEO plugin v15.5 - https:\/\/yoast.com\/wordpress\/plugins\/seo\/ -->\n<title>Uzaktan E\u011fitim | Chateau E\u011fitim<\/title>\n<meta name=\"robots\" content=\"index, follow, max-snippet:-1, max-image-preview:large, max-video-preview:-1\" \/>\n<link rel=\"canonical\" href=\"https:\/\/chateauegitim.com\/fr\/uzaktan-egitim\/\" \/>\n<meta property=\"og:locale\" content=\"fr_FR\" \/>\n<meta property=\"og:type\" content=\"article\" \/>\n<meta property=\"og:title\" content=\"Uzaktan E\u011fitim | Chateau E\u011fitim\" \/>\n<meta property=\"og:url\" content=\"https:\/\/chateauegitim.com\/fr\/uzaktan-egitim\/\" \/>\n<meta property=\"og:site_name\" content=\"Chateau E\u011fitim\" \/>\n<meta property=\"article:modified_time\" content=\"2022-07-22T10:19:29+00:00\" \/>\n<meta property=\"og:image\" content=\"https:\/\/chateauegitim.com\/wp-content\/uploads\/2020\/11\/PerspektifMiniBilgisayar-1.jpg\" \/>\n\t<meta property=\"og:image:width\" content=\"1920\" \/>\n\t<meta property=\"og:image:height\" content=\"1440\" \/>\n<meta name=\"twitter:card\" content=\"summary_large_image\" \/>\n<meta name=\"twitter:label1\" content=\"Dur\u00e9e de lecture est.\">\n\t<meta name=\"twitter:data1\" content=\"4 minutes\">\n<script type=\"application\/ld+json\" class=\"yoast-schema-graph\">{\"@context\":\"https:\/\/schema.org\",\"@graph\":[{\"@type\":\"WebSite\",\"@id\":\"https:\/\/chateauegitim.com\/fr\/#website\",\"url\":\"https:\/\/chateauegitim.com\/fr\/\",\"name\":\"Chateau E\\u011fitim\",\"description\":\"\\u0130novatif E\\u011fitim\",\"potentialAction\":[{\"@type\":\"SearchAction\",\"target\":\"https:\/\/chateauegitim.com\/fr\/?s={search_term_string}\",\"query-input\":\"required name=search_term_string\"}],\"inLanguage\":\"fr-FR\"},{\"@type\":\"ImageObject\",\"@id\":\"https:\/\/chateauegitim.com\/fr\/uzaktan-egitim\/#primaryimage\",\"inLanguage\":\"fr-FR\",\"url\":\"https:\/\/chateauegitim.com\/wp-content\/uploads\/2020\/11\/PerspektifMiniBilgisayar-1.jpg\",\"width\":1920,\"height\":1440},{\"@type\":\"WebPage\",\"@id\":\"https:\/\/chateauegitim.com\/fr\/uzaktan-egitim\/#webpage\",\"url\":\"https:\/\/chateauegitim.com\/fr\/uzaktan-egitim\/\",\"name\":\"Uzaktan E\\u011fitim | Chateau E\\u011fitim\",\"isPartOf\":{\"@id\":\"https:\/\/chateauegitim.com\/fr\/#website\"},\"primaryImageOfPage\":{\"@id\":\"https:\/\/chateauegitim.com\/fr\/uzaktan-egitim\/#primaryimage\"},\"datePublished\":\"2020-03-10T14:00:18+00:00\",\"dateModified\":\"2022-07-22T10:19:29+00:00\",\"inLanguage\":\"fr-FR\",\"potentialAction\":[{\"@type\":\"ReadAction\",\"target\":[\"https:\/\/chateauegitim.com\/fr\/uzaktan-egitim\/\"]}]}]}<\/script>\n<!-- \/ Yoast SEO plugin. -->","_links":{"self":[{"href":"https:\/\/chateauegitim.com\/fr\/wp-json\/wp\/v2\/pages\/7666","targetHints":{"allow":["GET"]}}],"collection":[{"href":"https:\/\/chateauegitim.com\/fr\/wp-json\/wp\/v2\/pages"}],"about":[{"href":"https:\/\/chateauegitim.com\/fr\/wp-json\/wp\/v2\/types\/page"}],"author":[{"embeddable":true,"href":"https:\/\/chateauegitim.com\/fr\/wp-json\/wp\/v2\/users\/1"}],"replies":[{"embeddable":true,"href":"https:\/\/chateauegitim.com\/fr\/wp-json\/wp\/v2\/comments?post=7666"}],"version-history":[{"count":29,"href":"https:\/\/chateauegitim.com\/fr\/wp-json\/wp\/v2\/pages\/7666\/revisions"}],"predecessor-version":[{"id":9020,"href":"https:\/\/chateauegitim.com\/fr\/wp-json\/wp\/v2\/pages\/7666\/revisions\/9020"}],"wp:featuredmedia":[{"embeddable":true,"href":"https:\/\/chateauegitim.com\/fr\/wp-json\/wp\/v2\/media\/8689"}],"wp:attachment":[{"href":"https:\/\/chateauegitim.com\/fr\/wp-json\/wp\/v2\/media?parent=7666"}],"curies":[{"name":"wp","href":"https:\/\/api.w.org\/{rel}","templated":true}]}}