{"id":8120,"date":"2020-03-23T18:17:45","date_gmt":"2020-03-23T15:17:45","guid":{"rendered":"http:\/\/chateauegitim.com\/?page_id=8120"},"modified":"2020-12-04T19:46:59","modified_gmt":"2020-12-04T16:46:59","slug":"kucuk-prens-ile-fransizca","status":"publish","type":"page","link":"https:\/\/chateauegitim.com\/fr\/kucuk-prens-ile-fransizca\/","title":{"rendered":"Apprendre le fran\u00e7ais avec Le Petit Prince"},"content":{"rendered":"<div class=\"vc_row wpb_row vc_row-fluid vc_custom_1556018461316 vc_row-has-padding-top vc_row-has-padding-bottom\"><div class=\"wpb_column vc_column_container vc_col-sm-12\"><div class=\"vc_column-inner\"><div class=\"wpb_wrapper\"><div class=\"feature-sections-wrapper kd-fsp-69e8ad741820c\">\r\n            <section class=\"feature-sections-tabs\">\r\n              <nav class=\"kd-feature-tabs\">\r\n                <ul class=\"nav nav-tabs sticky-tabs container\">\r\n                <\/ul>\r\n              <\/nav>\r\n            <\/section>\r\n            <section id=\"kd-fss-69e8ad74182a8\" class=\"featured-right\"><li class=\"nav-label\"><a class=\"feature-tabs-scroll\" href=\"#kd-fss-69e8ad74182a8\"><i class=\"iconsmind-Baby fss-nav-icon\" style=\" \"><\/i> Apprendre le fran\u00e7ais avec Le Petit Prince<\/a><\/li><div class=\"container\">\r\n                <div class=\"side-content-wrapper kd-animated fadeInLeft\" data-animation-delay=\"200\"><i class=\"section-icon\" style=\" \"><\/i> <h2 class=\"side-content-title\" >Apprendre le fran\u00e7ais avec Le Petit Prince<\/h2><h6 class=\"side-content-subtitle\" >Le programme \u00ab Apprendre le Fran\u00e7ais avec Le Petit Prince \u00bb est le premier programme de \u00ab Langue \u00bb, \u00ab Philosophie \u00bb et \u00ab Voyage \u00bb de Turquie.<\/h6><div class=\"side-content-text\" ><\/p>\n<p class=\"font_4\"><span class=\"color_2\">Dans le cadre du programme qui dure 8 semaines au premier ou au deuxi\u00e8me semestre, des techniques de lecture et d'apprentissage cr\u00e9atives et un r\u00e9sum\u00e9 du livre fran\u00e7ais Le Petit Prince est pr\u00e9par\u00e9, le livre est analys\u00e9 et discut\u00e9.<\/span><\/p>\n<p class=\"font_4\"><span class=\"color_2\">Il ne faut pas oublier que Le Petit Prince n\u2019est pas seulement un livre pour les enfants, il est aussi une philosophie de la vie. Et comme le dit son auteur Saint Exup\u00e9ry, \u00ab La perfection est atteinte, non pas lorsqu'il n'y a plus rien \u00e0 ajouter, mais lorsqu'il n'y a plus rien \u00e0 retirer. \u00bb<\/span><\/p>\n<p class=\"font_4\"><span class=\"color_2\">Le Petit Prince, ce livre qui pr\u00e9pare non seulement les enfants \u00e0 l\u2019\u00e2ge adulte mais rappelle aussi aux adultes comment faut-il \u00eatre \u00ab bon \u00bb est analys\u00e9 pendant tout le semestre.\nA la fin de 8 semaines, les \u00e9tudiants qui r\u00e9ussissent \u00e0 passer le barrage gagnent le voyage du Parc du Petit Prince (France- Alsace).\u00a0<\/span><\/p>\n<p>\n<\/div><\/div><div class=\"side-featured-wrapper fss-rectangle kd-animated fadeInRight fss-shadow-image\" data-animation-delay=\"200\">\r\n      <div class=\"featured-image\"><img loading=\"lazy\" decoding=\"async\" width=\"1080\" height=\"974\" src=\"https:\/\/chateauegitim.com\/wp-content\/uploads\/2020\/03\/ku\u0308c\u0327u\u0308k-prens-instagram-paylas\u0327\u0131m\u0131-1-1.jpg\" class=\"attachment-full\" alt=\"\" srcset=\"https:\/\/chateauegitim.com\/wp-content\/uploads\/2020\/03\/ku\u0308c\u0327u\u0308k-prens-instagram-paylas\u0327\u0131m\u0131-1-1.jpg 1080w, https:\/\/chateauegitim.com\/wp-content\/uploads\/2020\/03\/ku\u0308c\u0327u\u0308k-prens-instagram-paylas\u0327\u0131m\u0131-1-1-800x721.jpg 800w, https:\/\/chateauegitim.com\/wp-content\/uploads\/2020\/03\/ku\u0308c\u0327u\u0308k-prens-instagram-paylas\u0327\u0131m\u0131-1-1-300x271.jpg 300w, https:\/\/chateauegitim.com\/wp-content\/uploads\/2020\/03\/ku\u0308c\u0327u\u0308k-prens-instagram-paylas\u0327\u0131m\u0131-1-1-1024x923.jpg 1024w, https:\/\/chateauegitim.com\/wp-content\/uploads\/2020\/03\/ku\u0308c\u0327u\u0308k-prens-instagram-paylas\u0327\u0131m\u0131-1-1-768x693.jpg 768w, https:\/\/chateauegitim.com\/wp-content\/uploads\/2020\/03\/ku\u0308c\u0327u\u0308k-prens-instagram-paylas\u0327\u0131m\u0131-1-1-24x22.jpg 24w, https:\/\/chateauegitim.com\/wp-content\/uploads\/2020\/03\/ku\u0308c\u0327u\u0308k-prens-instagram-paylas\u0327\u0131m\u0131-1-1-36x32.jpg 36w, https:\/\/chateauegitim.com\/wp-content\/uploads\/2020\/03\/ku\u0308c\u0327u\u0308k-prens-instagram-paylas\u0327\u0131m\u0131-1-1-48x43.jpg 48w\" sizes=\"auto, (max-width: 1080px) 100vw, 1080px\" \/><\/div>\r\n    <\/div><\/div>\r\n            <\/section><section id=\"kd-fss-69e8ad741878b\" class=\"featured-left\"><li class=\"nav-label\"><a class=\"feature-tabs-scroll\" href=\"#kd-fss-69e8ad741878b\"><i class=\"iconsmind-Thumbs-UpSmiley fss-nav-icon\" style=\" \"><\/i> Les Avantages du Programme :<\/a><\/li><div class=\"container\">\r\n                <div class=\"side-content-wrapper kd-animated fadeInRight\" data-animation-delay=\"200\"><i class=\"section-icon\" style=\" \"><\/i> <h2 class=\"side-content-title\" >Les Avantages du Programme :<\/h2><div class=\"side-content-text\" ><\/p>\n<ul>\n<li class=\"font_3\"><span class=\"color_2\">D\u00e9velopper la capacit\u00e9 de l'\u00e9l\u00e8ve \u00e0 analyser des livres avec des techniques de lecture cr\u00e9atives<\/span><\/li>\n<li class=\"font_3\"><span class=\"color_2\">Permettre \u00e0 l'\u00e9tudiant d'apprendre les m\u00e9thodes de synth\u00e8se<\/span><\/li>\n<li class=\"font_3\">Augmenter le niveau de vocabulaire de l'\u00e9l\u00e8ve avec l'activit\u00e9 de lecture de livres, cours de parole<\/li>\n<li class=\"font_3\">Am\u00e9liorer la pratique de la langue fran\u00e7aise de l'\u00e9tudiant dans les s\u00e9ances de discours \/ discussion sur le livre<\/li>\n<li class=\"font_3\">Faire adopter aux \u00e9tudiants des m\u00e9thodes de d\u00e9veloppement des langues \u00e9trang\u00e8res avec le livre<\/li>\n<li class=\"font_3\">S'assurer que l'\u00e9l\u00e8ve se souviendra des le\u00e7ons de vie en LISANT et EN VOYAGEANT<\/li>\n<li class=\"font_3\">D\u00e9montrez que l\u2019on n\u2019apprend pas seulement en lisant ou en voyageant mais que LIRE et VOYAGER fait partie d'un apprentissage INNOVANT<\/li>\n<li class=\"font_3\">Offrir un d\u00e9veloppement personnel aux \u00e9tudiants non seulement avec un livre pour enfants, mais aussi avec un livre de \u00ab philosophie de la vie \u00bb.<\/li>\n<\/ul>\n<p>\n<\/div><\/div><div class=\"side-featured-wrapper fss-rectangle kd-animated fadeInLeft fss-shadow-image\" data-animation-delay=\"200\">\r\n      <div class=\"featured-image\"><img loading=\"lazy\" decoding=\"async\" width=\"1200\" height=\"1599\" src=\"https:\/\/chateauegitim.com\/wp-content\/uploads\/2020\/03\/WhatsApp-Image-2020-03-23-at-19.15.10.jpeg\" class=\"attachment-full\" alt=\"\" srcset=\"https:\/\/chateauegitim.com\/wp-content\/uploads\/2020\/03\/WhatsApp-Image-2020-03-23-at-19.15.10.jpeg 1200w, https:\/\/chateauegitim.com\/wp-content\/uploads\/2020\/03\/WhatsApp-Image-2020-03-23-at-19.15.10-800x1066.jpeg 800w, https:\/\/chateauegitim.com\/wp-content\/uploads\/2020\/03\/WhatsApp-Image-2020-03-23-at-19.15.10-225x300.jpeg 225w, https:\/\/chateauegitim.com\/wp-content\/uploads\/2020\/03\/WhatsApp-Image-2020-03-23-at-19.15.10-768x1023.jpeg 768w, https:\/\/chateauegitim.com\/wp-content\/uploads\/2020\/03\/WhatsApp-Image-2020-03-23-at-19.15.10-1153x1536.jpeg 1153w, https:\/\/chateauegitim.com\/wp-content\/uploads\/2020\/03\/WhatsApp-Image-2020-03-23-at-19.15.10-18x24.jpeg 18w, https:\/\/chateauegitim.com\/wp-content\/uploads\/2020\/03\/WhatsApp-Image-2020-03-23-at-19.15.10-27x36.jpeg 27w, https:\/\/chateauegitim.com\/wp-content\/uploads\/2020\/03\/WhatsApp-Image-2020-03-23-at-19.15.10-36x48.jpeg 36w\" sizes=\"auto, (max-width: 1200px) 100vw, 1200px\" \/><\/div>\r\n    <\/div><\/div>\r\n            <\/section><section id=\"kd-fss-69e8ad7418bbc\" class=\"featured-right\"><li class=\"nav-label\"><a class=\"feature-tabs-scroll\" href=\"#kd-fss-69e8ad7418bbc\"><i class=\"iconsmind-Boy fss-nav-icon\" style=\" \"><\/i> Qui peut participer?<\/a><\/li><div class=\"container\">\r\n                <div class=\"side-content-wrapper kd-animated fadeInLeft\" data-animation-delay=\"200\"><i class=\"section-icon\" style=\" \"><\/i> <h2 class=\"side-content-title\" >Les \u00e9tudiants qui peuvent participer au programme :<\/h2><div class=\"side-content-text\" ><\/p>\n<ul>\n<li class=\"font_4\"><span class=\"color_2\">6e, 7e et 8e des \u00e9coles fran\u00e7aises<\/span><\/li>\n<li class=\"font_4\"><span class=\"color_2\">\u00c9l\u00e8ves fr\u00e9quentant la classe pr\u00e9paratoire en deuxi\u00e8me semestre des lyc\u00e9es fran\u00e7ais<\/span><\/li>\n<li class=\"font_4\"><span class=\"color_2\">\u00c9l\u00e8ves de 9e et 10e des lyc\u00e9es fran\u00e7ais<\/span><\/li>\n<li class=\"font_4\"><span class=\"color_2\">Groupes d'\u00e9l\u00e8ves \u00e2g\u00e9s de 12 \u00e0 17 ans parlant fran\u00e7ais<\/span><\/li>\n<\/ul>\n<p>\n<\/div><\/div><div class=\"side-featured-wrapper fss-rectangle kd-animated fadeInRight fss-shadow-image\" data-animation-delay=\"200\">\r\n      <div class=\"featured-image\"><img loading=\"lazy\" decoding=\"async\" width=\"1920\" height=\"1400\" src=\"https:\/\/chateauegitim.com\/wp-content\/uploads\/2020\/11\/KucukPrens.jpg\" class=\"attachment-full\" alt=\"\" srcset=\"https:\/\/chateauegitim.com\/wp-content\/uploads\/2020\/11\/KucukPrens.jpg 1920w, https:\/\/chateauegitim.com\/wp-content\/uploads\/2020\/11\/KucukPrens-300x219.jpg 300w, https:\/\/chateauegitim.com\/wp-content\/uploads\/2020\/11\/KucukPrens-1024x747.jpg 1024w, https:\/\/chateauegitim.com\/wp-content\/uploads\/2020\/11\/KucukPrens-768x560.jpg 768w, https:\/\/chateauegitim.com\/wp-content\/uploads\/2020\/11\/KucukPrens-1536x1120.jpg 1536w, https:\/\/chateauegitim.com\/wp-content\/uploads\/2020\/11\/KucukPrens-24x18.jpg 24w, https:\/\/chateauegitim.com\/wp-content\/uploads\/2020\/11\/KucukPrens-36x26.jpg 36w, https:\/\/chateauegitim.com\/wp-content\/uploads\/2020\/11\/KucukPrens-48x35.jpg 48w\" sizes=\"auto, (max-width: 1920px) 100vw, 1920px\" \/><\/div>\r\n    <\/div><\/div>\r\n            <\/section><section id=\"kd-fss-69e8ad7418f65\" class=\"featured-left\"><li class=\"nav-label\"><a class=\"feature-tabs-scroll\" href=\"#kd-fss-69e8ad7418f65\"><i class=\"iconsmind-Approved-Window fss-nav-icon\" style=\" \"><\/i> D\u00e9tails du programme :<\/a><\/li><div class=\"container\">\r\n                <div class=\"side-content-wrapper kd-animated fadeInRight\" data-animation-delay=\"200\"><i class=\"section-icon\" style=\" \"><\/i> <h2 class=\"side-content-title\" >D\u00e9tails du programme :<\/h2><div class=\"side-content-text\" ><\/p>\n<ul>\n<li class=\"font_4\"><span class=\"color_2\">L'\u00e9ducation est disponible dans des classes de 8 personnes maximum.<\/span><\/li>\n<li class=\"font_4\"><span class=\"color_2\">Le programme dure 8 semaines. Ceux qui passent le barrage de l\u2019examen r\u00e9alis\u00e9 \u00e0 la fin de ces 8 semaines, gagnent l\u2019opportunit\u00e9 de visiter Le Parc du Petit Prince, en Alsace \u2013 France.<\/span><\/li>\n<li class=\"font_4\"><span class=\"color_2\">Les sessions ont lieu en p\u00e9riodes de deux semaines pendant 1,5 heure.<\/span><\/li>\n<li class=\"font_4\"><span class=\"color_2\">En utilisant des techniques de lecture et d'apprentissage cr\u00e9atives dans les cours ; analyse de livres, m\u00e9thodes de synth\u00e8se, vocabulaire, exercices de prise de parole.<\/span><\/li>\n<li class=\"font_4\"><span class=\"color_2\">L'\u00e9tudiant qui arrive en premier \u00e0 l'examen \u00e0 la fin du programme gagne un programme de voyage gratuit.<\/span><\/li>\n<li class=\"font_4\"><span class=\"color_2\">\u00c0 la fin du programme, chaque \u00e9l\u00e8ve qui franchit le barrage, a le droit de recevoir le jouet du Petit Prince cr\u00e9\u00e9 avec sa propre photo. (Bobblehead)<\/span><\/li>\n<\/ul>\n<p>\n<\/div><\/div><div class=\"side-featured-wrapper fss-rectangle kd-animated fadeInLeft fss-shadow-image\" data-animation-delay=\"200\">\r\n      <div class=\"featured-image\"><img loading=\"lazy\" decoding=\"async\" width=\"2341\" height=\"1500\" src=\"https:\/\/chateauegitim.com\/wp-content\/uploads\/2020\/03\/pexels-photo-1337387.jpeg\" class=\"attachment-full\" alt=\"\" srcset=\"https:\/\/chateauegitim.com\/wp-content\/uploads\/2020\/03\/pexels-photo-1337387.jpeg 2341w, https:\/\/chateauegitim.com\/wp-content\/uploads\/2020\/03\/pexels-photo-1337387-800x513.jpeg 800w, https:\/\/chateauegitim.com\/wp-content\/uploads\/2020\/03\/pexels-photo-1337387-300x192.jpeg 300w, https:\/\/chateauegitim.com\/wp-content\/uploads\/2020\/03\/pexels-photo-1337387-1024x656.jpeg 1024w, https:\/\/chateauegitim.com\/wp-content\/uploads\/2020\/03\/pexels-photo-1337387-768x492.jpeg 768w, https:\/\/chateauegitim.com\/wp-content\/uploads\/2020\/03\/pexels-photo-1337387-1536x984.jpeg 1536w, https:\/\/chateauegitim.com\/wp-content\/uploads\/2020\/03\/pexels-photo-1337387-2048x1312.jpeg 2048w, https:\/\/chateauegitim.com\/wp-content\/uploads\/2020\/03\/pexels-photo-1337387-24x15.jpeg 24w, https:\/\/chateauegitim.com\/wp-content\/uploads\/2020\/03\/pexels-photo-1337387-36x23.jpeg 36w, https:\/\/chateauegitim.com\/wp-content\/uploads\/2020\/03\/pexels-photo-1337387-48x31.jpeg 48w\" sizes=\"auto, (max-width: 2341px) 100vw, 2341px\" \/><\/div>\r\n    <\/div><\/div>\r\n            <\/section>\r\n            <\/div><style type=\"text\/css\"><\/style><\/div><\/div><\/div><\/div><div id=\"form\" data-vc-full-width=\"true\" data-vc-full-width-init=\"false\" data-vc-kd-parallax=\"1.4\" class=\"vc_row wpb_row vc_row-fluid vc_custom_1607100203225 vc_row-has-fill vc_general kd_vc_parallax kd_vc_parallax-content-moving\"><div class=\"parallax-overlay\" data-vc-kd-parallax=\"1.4\"><\/div><div class=\"kd-overlay\"  style=\"background-color:rgba(0,0,0,0.7);\"><\/div><div class=\"wpb_column vc_column_container vc_col-sm-12\"><div class=\"vc_column-inner vc_custom_1516095225433\"><div class=\"wpb_wrapper\"><div class=\"vc_row wpb_row vc_inner vc_row-fluid vc_custom_1555673013129 vc_row-has-padding-top vc_row-has-padding-bottom\"><div class=\"wpb_column vc_column_container vc_col-sm-1\"><div class=\"vc_column-inner vc_custom_1515166784808\"><div class=\"wpb_wrapper\"><\/div><\/div><\/div><div class=\"wpb_column vc_column_container vc_col-sm-4\"><div class=\"vc_column-inner\"><div class=\"wpb_wrapper\"><header class=\"kd-section-title col-lg-12 text-left  kd-animated fadeIn   vc_custom_1583491120092\" data-animation-delay=\"200\"><h2 class=\"separator_off\" style=\"color: #ffffff;\">Vous \u00eates invit\u00e9 \u00e0 nos cours d\u2019introductions gratuits !<\/h2><h6 class=\"subtitle\" style=\"color: #eeeeee;\">Si vous souhaitez que votre programme de fran\u00e7ais soit qualifi\u00e9 et intensif ; Nous vous offrons une le\u00e7on d'introduction.<\/h6><\/header><\/div><\/div><\/div><div class=\"wpb_column vc_column_container vc_col-sm-1\"><div class=\"vc_column-inner\"><div class=\"wpb_wrapper\"><\/div><\/div><\/div><div class=\"wpb_column vc_column_container vc_col-sm-5\"><div class=\"vc_column-inner\"><div class=\"wpb_wrapper\"><h4 style=\"color: #ffffff;text-align: left\" class=\"vc_custom_heading wpb_animate_when_almost_visible wpb_fadeIn fadeIn vc_custom_1583491141958\" >Nous allons revenir vers vous dans le plus cours des d\u00e9lais.<\/h4><div class=\"kd-contact-form full-width-cf white-input-bg\" ><div role=\"form\" class=\"wpcf7\" id=\"wpcf7-f4439-o1\" lang=\"en-US\" dir=\"ltr\">\n<div class=\"screen-reader-response\"><p role=\"status\" aria-live=\"polite\" aria-atomic=\"true\"><\/p> <ul><\/ul><\/div>\n<form action=\"\/fr\/wp-json\/wp\/v2\/pages\/8120#wpcf7-f4439-o1\" method=\"post\" class=\"wpcf7-form init\" novalidate=\"novalidate\" data-status=\"init\" data-trp-original-action=\"\/fr\/wp-json\/wp\/v2\/pages\/8120#wpcf7-f4439-o1\">\n<div style=\"display: none;\">\n<input type=\"hidden\" name=\"_wpcf7\" value=\"4439\" \/>\n<input type=\"hidden\" name=\"_wpcf7_version\" value=\"5.3.2\" \/>\n<input type=\"hidden\" name=\"_wpcf7_locale\" value=\"en_US\" \/>\n<input type=\"hidden\" name=\"_wpcf7_unit_tag\" value=\"wpcf7-f4439-o1\" \/>\n<input type=\"hidden\" name=\"_wpcf7_container_post\" value=\"0\" \/>\n<input type=\"hidden\" name=\"_wpcf7_posted_data_hash\" value=\"\" \/>\n<input type=\"hidden\" name=\"_wpcf7_recaptcha_response\" value=\"\" \/>\n<\/div>\n<p><span class=\"wpcf7-form-control-wrap your-name\"><input type=\"text\" name=\"your-name\" value=\"\" size=\"40\" class=\"wpcf7-form-control wpcf7-text wpcf7-validates-as-required\" aria-required=\"true\" aria-invalid=\"false\" placeholder=\"Nom*\" \/><\/span><br \/>\n<span class=\"wpcf7-form-control-wrap your-phone\"><input type=\"tel\" name=\"your-phone\" value=\"\" size=\"40\" class=\"wpcf7-form-control wpcf7-text wpcf7-tel wpcf7-validates-as-required wpcf7-validates-as-tel\" aria-required=\"true\" aria-invalid=\"false\" placeholder=\"GSM*\" \/><\/span><br \/>\n<span class=\"wpcf7-form-control-wrap your-email\"><input type=\"email\" name=\"your-email\" value=\"\" size=\"40\" class=\"wpcf7-form-control wpcf7-text wpcf7-email wpcf7-validates-as-required wpcf7-validates-as-email\" aria-required=\"true\" aria-invalid=\"false\" placeholder=\"E-mail*\" \/><\/span><br \/>\n<span class=\"wpcf7-form-control-wrap acceptance-630\"><span class=\"wpcf7-form-control wpcf7-acceptance\"><span class=\"wpcf7-list-item\"><label><input type=\"checkbox\" name=\"acceptance-630\" value=\"1\" aria-invalid=\"false\" \/><span class=\"wpcf7-list-item-label\"><a href=\"https:\/\/chateauegitim.com\/fr\/gizlilik-politikasi\/\" target=\"_blank\"> Le text de politique de confidentialit\u00e9 <\/a> J'ai lu le texte, j'approuve.<\/span><\/label><\/span><\/span><\/span><br \/>\n<span class=\"wpcf7-form-control-wrap acceptance-123\"><span class=\"wpcf7-form-control wpcf7-acceptance\"><span class=\"wpcf7-list-item\"><label><input type=\"checkbox\" name=\"acceptance-123\" value=\"1\" aria-invalid=\"false\" \/><span class=\"wpcf7-list-item-label\"><a href=\"https:\/\/chateauegitim.com\/fr\/acik-riza-onayi\/\" target=\"_blank\"> Approbation du consentement explicite<\/a> J&#039;ai lu le formulaire et je l&#039;accepte.<\/span><\/label><\/span><\/span><\/span><br \/>\n<input type=\"submit\" value=\"Envoyer\" class=\"wpcf7-form-control wpcf7-submit\" \/><\/p>\n<input type='hidden' class='wpcf7-pum' value='{\"closepopup\":false,\"closedelay\":0,\"openpopup\":false,\"openpopup_id\":0}' \/><div class=\"wpcf7-response-output\" aria-hidden=\"true\"><\/div><input type=\"hidden\" name=\"trp-form-language\" value=\"fr\"\/><\/form><\/div><\/div><\/div><\/div><\/div><div class=\"wpb_column vc_column_container vc_col-sm-1\"><div class=\"vc_column-inner\"><div class=\"wpb_wrapper\"><\/div><\/div><\/div><\/div><\/div><\/div><\/div><\/div><div class=\"vc_row-full-width vc_clearfix\"><\/div>","protected":false},"excerpt":{"rendered":"Fran\u00e7ais avec le Petit Prince Fran\u00e7ais avec le Petit Prince Le programme \u00ab Fran\u00e7ais avec le Petit Prince \u00bb est le premier programme \u00ab Langue \u00bb en Turquie, [...]","protected":false},"author":1,"featured_media":8723,"parent":0,"menu_order":0,"comment_status":"closed","ping_status":"closed","template":"","meta":{"footnotes":""},"class_list":["post-8120","page","type-page","status-publish","has-post-thumbnail","hentry"],"yoast_head":"<!-- This site is optimized with the Yoast SEO plugin v15.5 - https:\/\/yoast.com\/wordpress\/plugins\/seo\/ -->\n<title>K\u00fc\u00e7\u00fck Prens ile Frans\u0131zca | Chateau E\u011fitim<\/title>\n<meta name=\"robots\" content=\"index, follow, max-snippet:-1, max-image-preview:large, max-video-preview:-1\" \/>\n<link rel=\"canonical\" href=\"https:\/\/chateauegitim.com\/fr\/kucuk-prens-ile-fransizca\/\" \/>\n<meta property=\"og:locale\" content=\"fr_FR\" \/>\n<meta property=\"og:type\" content=\"article\" \/>\n<meta property=\"og:title\" content=\"K\u00fc\u00e7\u00fck Prens ile Frans\u0131zca | Chateau E\u011fitim\" \/>\n<meta property=\"og:url\" content=\"https:\/\/chateauegitim.com\/fr\/kucuk-prens-ile-fransizca\/\" \/>\n<meta property=\"og:site_name\" content=\"Chateau E\u011fitim\" \/>\n<meta property=\"article:modified_time\" content=\"2020-12-04T16:46:59+00:00\" \/>\n<meta property=\"og:image\" content=\"https:\/\/chateauegitim.com\/wp-content\/uploads\/2020\/12\/KidsEkstraFotoAlanlar.jpg\" \/>\n\t<meta property=\"og:image:width\" content=\"1566\" \/>\n\t<meta property=\"og:image:height\" content=\"661\" \/>\n<meta name=\"twitter:card\" content=\"summary_large_image\" \/>\n<meta name=\"twitter:label1\" content=\"Dur\u00e9e de lecture est.\">\n\t<meta name=\"twitter:data1\" content=\"4 minutes\">\n<script type=\"application\/ld+json\" class=\"yoast-schema-graph\">{\"@context\":\"https:\/\/schema.org\",\"@graph\":[{\"@type\":\"WebSite\",\"@id\":\"https:\/\/chateauegitim.com\/fr\/#website\",\"url\":\"https:\/\/chateauegitim.com\/fr\/\",\"name\":\"Chateau E\\u011fitim\",\"description\":\"\\u0130novatif E\\u011fitim\",\"potentialAction\":[{\"@type\":\"SearchAction\",\"target\":\"https:\/\/chateauegitim.com\/fr\/?s={search_term_string}\",\"query-input\":\"required name=search_term_string\"}],\"inLanguage\":\"fr-FR\"},{\"@type\":\"ImageObject\",\"@id\":\"https:\/\/chateauegitim.com\/fr\/kucuk-prens-ile-fransizca\/#primaryimage\",\"inLanguage\":\"fr-FR\",\"url\":\"https:\/\/chateauegitim.com\/wp-content\/uploads\/2020\/12\/KidsEkstraFotoAlanlar.jpg\",\"width\":1566,\"height\":661},{\"@type\":\"WebPage\",\"@id\":\"https:\/\/chateauegitim.com\/fr\/kucuk-prens-ile-fransizca\/#webpage\",\"url\":\"https:\/\/chateauegitim.com\/fr\/kucuk-prens-ile-fransizca\/\",\"name\":\"K\\u00fc\\u00e7\\u00fck Prens ile Frans\\u0131zca | Chateau E\\u011fitim\",\"isPartOf\":{\"@id\":\"https:\/\/chateauegitim.com\/fr\/#website\"},\"primaryImageOfPage\":{\"@id\":\"https:\/\/chateauegitim.com\/fr\/kucuk-prens-ile-fransizca\/#primaryimage\"},\"datePublished\":\"2020-03-23T15:17:45+00:00\",\"dateModified\":\"2020-12-04T16:46:59+00:00\",\"inLanguage\":\"fr-FR\",\"potentialAction\":[{\"@type\":\"ReadAction\",\"target\":[\"https:\/\/chateauegitim.com\/fr\/kucuk-prens-ile-fransizca\/\"]}]}]}<\/script>\n<!-- \/ Yoast SEO plugin. -->","_links":{"self":[{"href":"https:\/\/chateauegitim.com\/fr\/wp-json\/wp\/v2\/pages\/8120","targetHints":{"allow":["GET"]}}],"collection":[{"href":"https:\/\/chateauegitim.com\/fr\/wp-json\/wp\/v2\/pages"}],"about":[{"href":"https:\/\/chateauegitim.com\/fr\/wp-json\/wp\/v2\/types\/page"}],"author":[{"embeddable":true,"href":"https:\/\/chateauegitim.com\/fr\/wp-json\/wp\/v2\/users\/1"}],"replies":[{"embeddable":true,"href":"https:\/\/chateauegitim.com\/fr\/wp-json\/wp\/v2\/comments?post=8120"}],"version-history":[{"count":13,"href":"https:\/\/chateauegitim.com\/fr\/wp-json\/wp\/v2\/pages\/8120\/revisions"}],"predecessor-version":[{"id":8742,"href":"https:\/\/chateauegitim.com\/fr\/wp-json\/wp\/v2\/pages\/8120\/revisions\/8742"}],"wp:featuredmedia":[{"embeddable":true,"href":"https:\/\/chateauegitim.com\/fr\/wp-json\/wp\/v2\/media\/8723"}],"wp:attachment":[{"href":"https:\/\/chateauegitim.com\/fr\/wp-json\/wp\/v2\/media?parent=8120"}],"curies":[{"name":"wp","href":"https:\/\/api.w.org\/{rel}","templated":true}]}}