{"id":8169,"date":"2020-03-24T12:37:00","date_gmt":"2020-03-24T09:37:00","guid":{"rendered":"http:\/\/chateauegitim.com\/?page_id=8169"},"modified":"2021-09-11T14:56:15","modified_gmt":"2021-09-11T11:56:15","slug":"chateau-egitim-veli-ogrenci-kariyer-gelisim-seminerleri","status":"publish","type":"page","link":"https:\/\/chateauegitim.com\/fr\/chateau-egitim-veli-ogrenci-kariyer-gelisim-seminerleri\/","title":{"rendered":"Chateau Education S\u00e9minaires de carri\u00e8re et de d\u00e9veloppement pour parents\/\u00e9tudiants"},"content":{"rendered":"<div class=\"vc_row wpb_row vc_row-fluid vc_custom_1556018461316 vc_row-has-padding-top vc_row-has-padding-bottom\"><div class=\"wpb_column vc_column_container vc_col-sm-12\"><div class=\"vc_column-inner\"><div class=\"wpb_wrapper\"><div class=\"feature-sections-wrapper kd-fsp-69eb77a2ead3f\">\r\n            <section class=\"feature-sections-tabs\">\r\n              <nav class=\"kd-feature-tabs\">\r\n                <ul class=\"nav nav-tabs sticky-tabs container\">\r\n                <\/ul>\r\n              <\/nav>\r\n            <\/section>\r\n            <section id=\"kd-fss-69eb77a2eadaf\" class=\"featured-right\"><li class=\"nav-label\"><a class=\"feature-tabs-scroll\" href=\"#kd-fss-69eb77a2eadaf\"><i class=\"iconsmind-Information fss-nav-icon\" style=\" \"><\/i> Information G\u00e9n\u00e9rale<\/a><\/li><div class=\"container\">\r\n                <div class=\"side-content-wrapper kd-animated fadeInLeft\" data-animation-delay=\"200\"><i class=\"section-icon\" style=\" \"><\/i> <h2 class=\"side-content-title\" >Information G\u00e9n\u00e9rale<\/h2><div class=\"side-content-text\" ><p>Au cours des derni\u00e8res ann\u00e9es, nos \u00e9tudiants ont exprim\u00e9 leurs inqui\u00e9tudes vis-\u00e0-vis de l'avenir et pos\u00e9s leurs questions sur leur choix professionnel.<\/p>\n<p>Afin de r\u00e9pondre \u00e0 toutes ces pr\u00e9occupations et questions, au cours de l'ann\u00e9e scolaire 2019\/2020, nous avons organisez des s\u00e9minaires Ch\u00e2teau E\u011fitim - Carri\u00e8re &amp; D\u00e9veloppement avec la participation d'intervenants qui sont pass\u00e9s par les m\u00eames itin\u00e9raire qu\u2019eux.<br \/>\nnous organisons des s\u00e9minaires Ch\u00e2teau E\u011fitim - Carri\u00e8re &amp; D\u00e9veloppement au cours de l'ann\u00e9e scolaire 2019\/2020.<\/p>\n<p>Nos s\u00e9minaires sur \u00ab le stress face aux examens \u00bb que nos \u00e9tudiants rencontre durant leur vie scolaire sont anim\u00e9s par des psychologues sp\u00e9cialis\u00e9s.<\/p>\n<\/div><\/div><div class=\"side-featured-wrapper fss-rectangle kd-animated fadeInRight fss-shadow-image\" data-animation-delay=\"200\">\r\n      <div class=\"featured-image\"><a data-size=\"819x1024\" href=\"https:\/\/chateauegitim.com\/wp-content\/uploads\/2020\/03\/WhatsApp-Image-2020-03-09-at-21.47.51-819x1024.jpeg\"><img loading=\"lazy\" decoding=\"async\" width=\"1280\" height=\"1600\" src=\"https:\/\/chateauegitim.com\/wp-content\/uploads\/2020\/03\/WhatsApp-Image-2020-03-09-at-21.47.51.jpeg\" class=\"attachment-full\" alt=\"\" srcset=\"https:\/\/chateauegitim.com\/wp-content\/uploads\/2020\/03\/WhatsApp-Image-2020-03-09-at-21.47.51.jpeg 1280w, https:\/\/chateauegitim.com\/wp-content\/uploads\/2020\/03\/WhatsApp-Image-2020-03-09-at-21.47.51-800x1000.jpeg 800w, https:\/\/chateauegitim.com\/wp-content\/uploads\/2020\/03\/WhatsApp-Image-2020-03-09-at-21.47.51-240x300.jpeg 240w, https:\/\/chateauegitim.com\/wp-content\/uploads\/2020\/03\/WhatsApp-Image-2020-03-09-at-21.47.51-819x1024.jpeg 819w, https:\/\/chateauegitim.com\/wp-content\/uploads\/2020\/03\/WhatsApp-Image-2020-03-09-at-21.47.51-768x960.jpeg 768w, https:\/\/chateauegitim.com\/wp-content\/uploads\/2020\/03\/WhatsApp-Image-2020-03-09-at-21.47.51-1229x1536.jpeg 1229w\" sizes=\"auto, (max-width: 1280px) 100vw, 1280px\" \/><\/a><\/div>\r\n    <\/div><\/div>\r\n            <\/section><section id=\"kd-fss-69eb77a2eb23f\" class=\"featured-left\"><li class=\"nav-label\"><a class=\"feature-tabs-scroll\" href=\"#kd-fss-69eb77a2eb23f\"><i class=\"iconsmind-Business-ManWoman fss-nav-icon\" style=\" \"><\/i> Carri\u00e8re<\/a><\/li><div class=\"container\">\r\n                <div class=\"side-content-wrapper kd-animated fadeInRight\" data-animation-delay=\"200\"><i class=\"section-icon\" style=\" \"><\/i> <h2 class=\"side-content-title\" >Carri\u00e8re<\/h2><div class=\"side-content-text\" ><p>A partir des s\u00e9minaires professionnels que nous organisons pour soutenir la planification de carri\u00e8re, nos \u00e9tudiants d\u00e9couvriront les exp\u00e9riences de leurs a\u00een\u00e9s \u00e9tudiants dans diff\u00e9rentes universit\u00e9s des d\u00e9partements concern\u00e9s et les exp\u00e9riences des experts dipl\u00f4m\u00e9s des d\u00e9partements concern\u00e9s.<\/p>\n<p>Notre souhait, en tant que la Famille Ch\u00e2teau, est de toucher la vie de nos \u00e9l\u00e8ves, que nous consid\u00e9rons comme nos petits fr\u00e8res et s\u0153urs, et de les accompagner dans leurs parcours de choix impos\u00e9 d\u00e8s leur plus jeune \u00e2ge.<\/p>\n<\/div><\/div><div class=\"side-featured-wrapper fss-rectangle kd-animated fadeInLeft fss-shadow-image\" data-animation-delay=\"200\">\r\n      <div class=\"featured-image\"><a data-size=\"1024x683\" href=\"https:\/\/chateauegitim.com\/wp-content\/uploads\/2021\/09\/Ekran-Resmi-2021-09-11-14.48.09-1024x683.png\"><img loading=\"lazy\" decoding=\"async\" width=\"2172\" height=\"1449\" src=\"https:\/\/chateauegitim.com\/wp-content\/uploads\/2021\/09\/Ekran-Resmi-2021-09-11-14.48.09.png\" class=\"attachment-full\" alt=\"\" srcset=\"https:\/\/chateauegitim.com\/wp-content\/uploads\/2021\/09\/Ekran-Resmi-2021-09-11-14.48.09.png 2172w, https:\/\/chateauegitim.com\/wp-content\/uploads\/2021\/09\/Ekran-Resmi-2021-09-11-14.48.09-300x200.png 300w, https:\/\/chateauegitim.com\/wp-content\/uploads\/2021\/09\/Ekran-Resmi-2021-09-11-14.48.09-1024x683.png 1024w, https:\/\/chateauegitim.com\/wp-content\/uploads\/2021\/09\/Ekran-Resmi-2021-09-11-14.48.09-768x512.png 768w, https:\/\/chateauegitim.com\/wp-content\/uploads\/2021\/09\/Ekran-Resmi-2021-09-11-14.48.09-1536x1025.png 1536w, https:\/\/chateauegitim.com\/wp-content\/uploads\/2021\/09\/Ekran-Resmi-2021-09-11-14.48.09-2048x1366.png 2048w, https:\/\/chateauegitim.com\/wp-content\/uploads\/2021\/09\/Ekran-Resmi-2021-09-11-14.48.09-16x12.png 16w, https:\/\/chateauegitim.com\/wp-content\/uploads\/2021\/09\/Ekran-Resmi-2021-09-11-14.48.09-24x16.png 24w, https:\/\/chateauegitim.com\/wp-content\/uploads\/2021\/09\/Ekran-Resmi-2021-09-11-14.48.09-36x24.png 36w, https:\/\/chateauegitim.com\/wp-content\/uploads\/2021\/09\/Ekran-Resmi-2021-09-11-14.48.09-48x32.png 48w\" sizes=\"auto, (max-width: 2172px) 100vw, 2172px\" \/><\/a><\/div>\r\n    <\/div><\/div>\r\n            <\/section>\r\n            <\/div><style type=\"text\/css\"><\/style><\/div><\/div><\/div><\/div><div data-vc-full-width=\"true\" data-vc-full-width-init=\"false\" data-vc-kd-parallax=\"1.4\" class=\"vc_row wpb_row vc_row-fluid vc_custom_1555673004579 vc_row-has-fill vc_general kd_vc_parallax kd_vc_parallax-content-moving\"><div class=\"parallax-overlay\" data-vc-kd-parallax=\"1.4\"><\/div><div class=\"kd-overlay\"  style=\"background-color:rgba(0,0,0,0.7);\"><\/div><div class=\"wpb_column vc_column_container vc_col-sm-12\"><div class=\"vc_column-inner vc_custom_1516095225433\"><div class=\"wpb_wrapper\"><div class=\"vc_row wpb_row vc_inner vc_row-fluid vc_custom_1555673013129 vc_row-has-padding-top vc_row-has-padding-bottom\"><div class=\"wpb_column vc_column_container vc_col-sm-1\"><div class=\"vc_column-inner vc_custom_1515166784808\"><div class=\"wpb_wrapper\"><\/div><\/div><\/div><div class=\"wpb_column vc_column_container vc_col-sm-4\"><div class=\"vc_column-inner\"><div class=\"wpb_wrapper\"><header class=\"kd-section-title col-lg-12 text-left  kd-animated fadeIn   vc_custom_1583491120092\" data-animation-delay=\"200\"><h2 class=\"separator_off\" style=\"color: #ffffff;\">Vous \u00eates invit\u00e9 \u00e0 nos cours d\u2019introductions gratuits !<\/h2><h6 class=\"subtitle\" style=\"color: #eeeeee;\">Si vous souhaitez que votre programme de fran\u00e7ais soit qualifi\u00e9 et intensif ; Nous vous offrons une le\u00e7on d'introduction.<\/h6><\/header><\/div><\/div><\/div><div class=\"wpb_column vc_column_container vc_col-sm-1\"><div class=\"vc_column-inner\"><div class=\"wpb_wrapper\"><\/div><\/div><\/div><div class=\"wpb_column vc_column_container vc_col-sm-5\"><div class=\"vc_column-inner\"><div class=\"wpb_wrapper\"><h4 style=\"color: #ffffff;text-align: left\" class=\"vc_custom_heading wpb_animate_when_almost_visible wpb_fadeIn fadeIn vc_custom_1583491141958\" >Nous allons revenir vers vous dans le plus cours des d\u00e9lais.<\/h4><div class=\"kd-contact-form full-width-cf white-input-bg\" ><div role=\"form\" class=\"wpcf7\" id=\"wpcf7-f4439-o1\" lang=\"en-US\" dir=\"ltr\">\n<div class=\"screen-reader-response\"><p role=\"status\" aria-live=\"polite\" aria-atomic=\"true\"><\/p> <ul><\/ul><\/div>\n<form action=\"\/fr\/wp-json\/wp\/v2\/pages\/8169#wpcf7-f4439-o1\" method=\"post\" class=\"wpcf7-form init\" novalidate=\"novalidate\" data-status=\"init\" data-trp-original-action=\"\/fr\/wp-json\/wp\/v2\/pages\/8169#wpcf7-f4439-o1\">\n<div style=\"display: none;\">\n<input type=\"hidden\" name=\"_wpcf7\" value=\"4439\" \/>\n<input type=\"hidden\" name=\"_wpcf7_version\" value=\"5.3.2\" \/>\n<input type=\"hidden\" name=\"_wpcf7_locale\" value=\"en_US\" \/>\n<input type=\"hidden\" name=\"_wpcf7_unit_tag\" value=\"wpcf7-f4439-o1\" \/>\n<input type=\"hidden\" name=\"_wpcf7_container_post\" value=\"0\" \/>\n<input type=\"hidden\" name=\"_wpcf7_posted_data_hash\" value=\"\" \/>\n<input type=\"hidden\" name=\"_wpcf7_recaptcha_response\" value=\"\" \/>\n<\/div>\n<p><span class=\"wpcf7-form-control-wrap your-name\"><input type=\"text\" name=\"your-name\" value=\"\" size=\"40\" class=\"wpcf7-form-control wpcf7-text wpcf7-validates-as-required\" aria-required=\"true\" aria-invalid=\"false\" placeholder=\"Nom*\" \/><\/span><br \/>\n<span class=\"wpcf7-form-control-wrap your-phone\"><input type=\"tel\" name=\"your-phone\" value=\"\" size=\"40\" class=\"wpcf7-form-control wpcf7-text wpcf7-tel wpcf7-validates-as-required wpcf7-validates-as-tel\" aria-required=\"true\" aria-invalid=\"false\" placeholder=\"GSM*\" \/><\/span><br \/>\n<span class=\"wpcf7-form-control-wrap your-email\"><input type=\"email\" name=\"your-email\" value=\"\" size=\"40\" class=\"wpcf7-form-control wpcf7-text wpcf7-email wpcf7-validates-as-required wpcf7-validates-as-email\" aria-required=\"true\" aria-invalid=\"false\" placeholder=\"E-mail*\" \/><\/span><br \/>\n<span class=\"wpcf7-form-control-wrap acceptance-630\"><span class=\"wpcf7-form-control wpcf7-acceptance\"><span class=\"wpcf7-list-item\"><label><input type=\"checkbox\" name=\"acceptance-630\" value=\"1\" aria-invalid=\"false\" \/><span class=\"wpcf7-list-item-label\"><a href=\"https:\/\/chateauegitim.com\/fr\/gizlilik-politikasi\/\" target=\"_blank\"> Le text de politique de confidentialit\u00e9 <\/a> J'ai lu le texte, j'approuve.<\/span><\/label><\/span><\/span><\/span><br \/>\n<span class=\"wpcf7-form-control-wrap acceptance-123\"><span class=\"wpcf7-form-control wpcf7-acceptance\"><span class=\"wpcf7-list-item\"><label><input type=\"checkbox\" name=\"acceptance-123\" value=\"1\" aria-invalid=\"false\" \/><span class=\"wpcf7-list-item-label\"><a href=\"https:\/\/chateauegitim.com\/fr\/acik-riza-onayi\/\" target=\"_blank\"> Approbation du consentement explicite<\/a> J&#039;ai lu le formulaire et je l&#039;accepte.<\/span><\/label><\/span><\/span><\/span><br \/>\n<input type=\"submit\" value=\"Envoyer\" class=\"wpcf7-form-control wpcf7-submit\" \/><\/p>\n<input type='hidden' class='wpcf7-pum' value='{\"closepopup\":false,\"closedelay\":0,\"openpopup\":false,\"openpopup_id\":0}' \/><div class=\"wpcf7-response-output\" aria-hidden=\"true\"><\/div><input type=\"hidden\" name=\"trp-form-language\" value=\"fr\"\/><\/form><\/div><\/div><\/div><\/div><\/div><div class=\"wpb_column vc_column_container vc_col-sm-1\"><div class=\"vc_column-inner\"><div class=\"wpb_wrapper\"><\/div><\/div><\/div><\/div><\/div><\/div><\/div><\/div><div class=\"vc_row-full-width vc_clearfix\"><\/div>","protected":false},"excerpt":{"rendered":"Informations g\u00e9n\u00e9rales Informations g\u00e9n\u00e9rales Au cours des derni\u00e8res ann\u00e9es, nos \u00e9tudiants ont exprim\u00e9 \u00e0 plusieurs reprises leurs inqui\u00e9tudes quant \u00e0 l&#039;avenir et \u00e0 leur choix de carri\u00e8re [...]","protected":false},"author":1,"featured_media":8090,"parent":0,"menu_order":0,"comment_status":"closed","ping_status":"closed","template":"","meta":{"footnotes":""},"class_list":["post-8169","page","type-page","status-publish","has-post-thumbnail","hentry"],"yoast_head":"<!-- This site is optimized with the Yoast SEO plugin v15.5 - https:\/\/yoast.com\/wordpress\/plugins\/seo\/ -->\n<title>Chateau E\u011fitim Veli\/\u00d6\u011frenci Kariyer &amp; Geli\u015fim Seminerleri | Chateau E\u011fitim<\/title>\n<meta name=\"robots\" content=\"index, follow, max-snippet:-1, max-image-preview:large, max-video-preview:-1\" \/>\n<link rel=\"canonical\" href=\"https:\/\/chateauegitim.com\/fr\/chateau-egitim-veli-ogrenci-kariyer-gelisim-seminerleri\/\" \/>\n<meta property=\"og:locale\" content=\"fr_FR\" \/>\n<meta property=\"og:type\" content=\"article\" \/>\n<meta property=\"og:title\" content=\"Chateau E\u011fitim Veli\/\u00d6\u011frenci Kariyer &amp; Geli\u015fim Seminerleri | Chateau E\u011fitim\" \/>\n<meta property=\"og:url\" content=\"https:\/\/chateauegitim.com\/fr\/chateau-egitim-veli-ogrenci-kariyer-gelisim-seminerleri\/\" \/>\n<meta property=\"og:site_name\" content=\"Chateau E\u011fitim\" \/>\n<meta property=\"article:modified_time\" content=\"2021-09-11T11:56:15+00:00\" \/>\n<meta property=\"og:image\" content=\"https:\/\/chateauegitim.com\/wp-content\/uploads\/2020\/03\/bireysel-copy.jpg\" \/>\n\t<meta property=\"og:image:width\" content=\"1920\" \/>\n\t<meta property=\"og:image:height\" content=\"500\" \/>\n<meta name=\"twitter:card\" content=\"summary_large_image\" \/>\n<meta name=\"twitter:label1\" content=\"Dur\u00e9e de lecture est.\">\n\t<meta name=\"twitter:data1\" content=\"3 minutes\">\n<script type=\"application\/ld+json\" class=\"yoast-schema-graph\">{\"@context\":\"https:\/\/schema.org\",\"@graph\":[{\"@type\":\"WebSite\",\"@id\":\"https:\/\/chateauegitim.com\/fr\/#website\",\"url\":\"https:\/\/chateauegitim.com\/fr\/\",\"name\":\"Chateau E\\u011fitim\",\"description\":\"\\u0130novatif E\\u011fitim\",\"potentialAction\":[{\"@type\":\"SearchAction\",\"target\":\"https:\/\/chateauegitim.com\/fr\/?s={search_term_string}\",\"query-input\":\"required name=search_term_string\"}],\"inLanguage\":\"fr-FR\"},{\"@type\":\"ImageObject\",\"@id\":\"https:\/\/chateauegitim.com\/fr\/chateau-egitim-veli-ogrenci-kariyer-gelisim-seminerleri\/#primaryimage\",\"inLanguage\":\"fr-FR\",\"url\":\"https:\/\/chateauegitim.com\/wp-content\/uploads\/2020\/03\/bireysel-copy.jpg\",\"width\":1920,\"height\":500},{\"@type\":\"WebPage\",\"@id\":\"https:\/\/chateauegitim.com\/fr\/chateau-egitim-veli-ogrenci-kariyer-gelisim-seminerleri\/#webpage\",\"url\":\"https:\/\/chateauegitim.com\/fr\/chateau-egitim-veli-ogrenci-kariyer-gelisim-seminerleri\/\",\"name\":\"Chateau E\\u011fitim Veli\/\\u00d6\\u011frenci Kariyer & Geli\\u015fim Seminerleri | Chateau E\\u011fitim\",\"isPartOf\":{\"@id\":\"https:\/\/chateauegitim.com\/fr\/#website\"},\"primaryImageOfPage\":{\"@id\":\"https:\/\/chateauegitim.com\/fr\/chateau-egitim-veli-ogrenci-kariyer-gelisim-seminerleri\/#primaryimage\"},\"datePublished\":\"2020-03-24T09:37:00+00:00\",\"dateModified\":\"2021-09-11T11:56:15+00:00\",\"inLanguage\":\"fr-FR\",\"potentialAction\":[{\"@type\":\"ReadAction\",\"target\":[\"https:\/\/chateauegitim.com\/fr\/chateau-egitim-veli-ogrenci-kariyer-gelisim-seminerleri\/\"]}]}]}<\/script>\n<!-- \/ Yoast SEO plugin. -->","_links":{"self":[{"href":"https:\/\/chateauegitim.com\/fr\/wp-json\/wp\/v2\/pages\/8169","targetHints":{"allow":["GET"]}}],"collection":[{"href":"https:\/\/chateauegitim.com\/fr\/wp-json\/wp\/v2\/pages"}],"about":[{"href":"https:\/\/chateauegitim.com\/fr\/wp-json\/wp\/v2\/types\/page"}],"author":[{"embeddable":true,"href":"https:\/\/chateauegitim.com\/fr\/wp-json\/wp\/v2\/users\/1"}],"replies":[{"embeddable":true,"href":"https:\/\/chateauegitim.com\/fr\/wp-json\/wp\/v2\/comments?post=8169"}],"version-history":[{"count":3,"href":"https:\/\/chateauegitim.com\/fr\/wp-json\/wp\/v2\/pages\/8169\/revisions"}],"predecessor-version":[{"id":8948,"href":"https:\/\/chateauegitim.com\/fr\/wp-json\/wp\/v2\/pages\/8169\/revisions\/8948"}],"wp:featuredmedia":[{"embeddable":true,"href":"https:\/\/chateauegitim.com\/fr\/wp-json\/wp\/v2\/media\/8090"}],"wp:attachment":[{"href":"https:\/\/chateauegitim.com\/fr\/wp-json\/wp\/v2\/media?parent=8169"}],"curies":[{"name":"wp","href":"https:\/\/api.w.org\/{rel}","templated":true}]}}