{"id":8424,"date":"2020-05-17T21:20:53","date_gmt":"2020-05-17T18:20:53","guid":{"rendered":"http:\/\/chateauegitim.com\/?page_id=8424"},"modified":"2026-04-28T18:23:10","modified_gmt":"2026-04-28T15:23:10","slug":"2026-yaz-doping-programlari","status":"publish","type":"page","link":"https:\/\/chateauegitim.com\/fr\/2026-yaz-doping-programlari\/","title":{"rendered":"2026 Yaz Doping Programlar\u0131"},"content":{"rendered":"<div class=\"vc_row wpb_row vc_row-fluid vc_custom_1556018461316 vc_row-has-padding-top vc_row-has-padding-bottom\"><div class=\"wpb_column vc_column_container vc_col-sm-12\"><div class=\"vc_column-inner\"><div class=\"wpb_wrapper\"><div class=\"feature-sections-wrapper kd-fsp-69f0f89790071\">\r\n            <section class=\"feature-sections-tabs\">\r\n              <nav class=\"kd-feature-tabs\">\r\n                <ul class=\"nav nav-tabs sticky-tabs container\">\r\n                <\/ul>\r\n              <\/nav>\r\n            <\/section>\r\n            <section id=\"kd-fss-69f0f897900f5\" class=\"featured-right\"><li class=\"nav-label\"><a class=\"feature-tabs-scroll\" href=\"#kd-fss-69f0f897900f5\"><i class=\"iconsmind-Information fss-nav-icon\" style=\" \"><\/i> De quoi s'agit-il ?<\/a><\/li><div class=\"container\">\r\n                <div class=\"side-content-wrapper kd-animated fadeInLeft\" data-animation-delay=\"200\"><i class=\"section-icon\" style=\" \"><\/i> <h2 class=\"side-content-title\" >De quoi s'agit-il ?<\/h2><h6 class=\"side-content-subtitle\" >11 senedir ger\u00e7ekle\u015ftirdi\u011fimiz yo\u011fun ilgi ve talep g\u00f6ren 2 HAFTALIK YAZ DOP\u0130NG PROGRAMLARIMIZIN 2026 YAZ D\u00d6NEM\u0130 detaylar\u0131 belli olmu\u015ftur.<\/h6><div class=\"side-content-text\" ><p>1.Yaz Okulu D\u00f6nemi: 29 Haziran \u2013 10 Temmuz<\/p>\n<p>2.Yaz Okulu D\u00f6nemi: 13 Temmuz \u2013 24 Temmuz<\/p>\n<p>3.Yaz Okulu D\u00f6nemi: 27 Temmuz \u2013 7 A\u011fustos<\/p>\n<p>4.\u2060 \u2060Yaz Okulu D\u00f6nemi: 10 A\u011fustos &#8211; 21 A\u011fustos<\/p>\n<p>5.\u2060 \u2060Yaz Okulu D\u00f6nemi: 24 A\u011fustos &#8211; 4 Eyl\u00fcl<\/p>\n<\/div><\/div><div class=\"side-featured-wrapper fss-rectangle kd-animated fadeInRight\" data-animation-delay=\"200\">\r\n      <div class=\"featured-image\"><img loading=\"lazy\" decoding=\"async\" width=\"800\" height=\"450\" src=\"https:\/\/chateauegitim.com\/wp-content\/uploads\/2020\/05\/iStock-520374378.jpg\" class=\"attachment-full\" alt=\"\" srcset=\"https:\/\/chateauegitim.com\/wp-content\/uploads\/2020\/05\/iStock-520374378.jpg 800w, https:\/\/chateauegitim.com\/wp-content\/uploads\/2020\/05\/iStock-520374378-300x169.jpg 300w, https:\/\/chateauegitim.com\/wp-content\/uploads\/2020\/05\/iStock-520374378-768x432.jpg 768w, https:\/\/chateauegitim.com\/wp-content\/uploads\/2020\/05\/iStock-520374378-24x14.jpg 24w, https:\/\/chateauegitim.com\/wp-content\/uploads\/2020\/05\/iStock-520374378-36x20.jpg 36w, https:\/\/chateauegitim.com\/wp-content\/uploads\/2020\/05\/iStock-520374378-48x27.jpg 48w\" sizes=\"auto, (max-width: 800px) 100vw, 800px\" \/><\/div>\r\n    <\/div><\/div>\r\n            <\/section><section id=\"kd-fss-69f0f89790514\" class=\"featured-left\"><li class=\"nav-label\"><a class=\"feature-tabs-scroll\" href=\"#kd-fss-69f0f89790514\"><i class=\"iconsmind-Check fss-nav-icon\" style=\" \"><\/i> Contenus du Programme<\/a><\/li><div class=\"container\">\r\n                <div class=\"side-content-wrapper kd-animated fadeInRight\" data-animation-delay=\"200\"><i class=\"section-icon\" style=\" \"><\/i> <h2 class=\"side-content-title\" >Contenus du Programme<\/h2><div class=\"side-content-text\" ><\/p>\n<ul>\n<li><strong>R\u00e9p\u00e9tition de l'ann\u00e9e pr\u00e9c\u00e9dente<\/strong> (Fran\u00e7ais &amp; Les Cours Scientifiques)<\/li>\n<li><strong>Pr\u00e9paration pour l'ann\u00e9e prochaine<\/strong> (Cours de fran\u00e7ais et de num\u00e9rique<\/li>\n<\/ul>\n<p>\n<\/div><\/div><div class=\"side-featured-wrapper fss-rectangle kd-animated fadeInLeft fss-shadow-image\" data-animation-delay=\"200\">\r\n      <div class=\"featured-image\"><img loading=\"lazy\" decoding=\"async\" width=\"800\" height=\"533\" src=\"https:\/\/chateauegitim.com\/wp-content\/uploads\/2020\/05\/people-on-a-video-call-4226261.jpg\" class=\"attachment-full\" alt=\"\" srcset=\"https:\/\/chateauegitim.com\/wp-content\/uploads\/2020\/05\/people-on-a-video-call-4226261.jpg 800w, https:\/\/chateauegitim.com\/wp-content\/uploads\/2020\/05\/people-on-a-video-call-4226261-300x200.jpg 300w, https:\/\/chateauegitim.com\/wp-content\/uploads\/2020\/05\/people-on-a-video-call-4226261-768x512.jpg 768w, https:\/\/chateauegitim.com\/wp-content\/uploads\/2020\/05\/people-on-a-video-call-4226261-24x16.jpg 24w, https:\/\/chateauegitim.com\/wp-content\/uploads\/2020\/05\/people-on-a-video-call-4226261-36x24.jpg 36w, https:\/\/chateauegitim.com\/wp-content\/uploads\/2020\/05\/people-on-a-video-call-4226261-48x32.jpg 48w\" sizes=\"auto, (max-width: 800px) 100vw, 800px\" \/><\/div>\r\n    <\/div><\/div>\r\n            <\/section><section id=\"kd-fss-69f0f8979085f\" class=\"featured-right\"><li class=\"nav-label\"><a class=\"feature-tabs-scroll\" href=\"#kd-fss-69f0f8979085f\"><i class=\"iconsmind-Teacher fss-nav-icon\" style=\" \"><\/i> Les Choix de Programme<\/a><\/li><div class=\"container\">\r\n                <div class=\"side-content-wrapper kd-animated fadeInLeft\" data-animation-delay=\"200\"><i class=\"section-icon\" style=\" \"><\/i> <h2 class=\"side-content-title\" >Les Choix de Programme<\/h2><h6 class=\"side-content-subtitle\" >Nos programmes estivals intensifs:<\/h6><div class=\"side-content-text\" ><\/p>\n<ul>\n<li>Programme d'examen interne intensif d'\u00e9t\u00e9 de l'Universit\u00e9 de Galatasaray (GS\u00dc)<\/li>\n<li>Passage des lyc\u00e9es fran\u00e7ais \u00e0 l'ann\u00e9e suivante avec le programme intensif d'\u00e9t\u00e9<\/li>\n<li>Passage des coll\u00e8ges fran\u00e7ais \u00e0 l'ann\u00e9e suivante avec le programme intensif d'\u00e9t\u00e9<\/li>\n<li>Programmes intensifs d'\u00e9t\u00e9 de ChateauKIDS pour les \u00e2ges de 2 \u00e0 5 ans<\/li>\n<li>Programmes intensifs d'\u00e9t\u00e9 de ChateauKIDS pour les \u00e2ges de 6 \u00e0 12 ans<\/li>\n<li>Programme d'\u00e9t\u00e9 intensif de conversation en fran\u00e7ais<\/li>\n<li>Programme intensif d'\u00e9t\u00e9 DELF\/DALF<\/li>\n<\/ul>\n<p>&nbsp;<\/p>\n<p>Pour plus de d\u00e9tails et autres questions, vous pouvez solliciter une r\u00e9union en ligne de 30 minutes avec nos conseillers p\u00e9dagogiques ou directeurs d'agence depuis la section <strong><u>\"Rendez-vous en ligne\" <\/u><\/strong>en bas \u00e0 droite de la page, ou vous pouvez nous contacter au 0850 532 39 81.<\/p>\n<\/div><\/div><div class=\"side-featured-wrapper fss-rectangle kd-animated fadeInRight fss-shadow-image\" data-animation-delay=\"200\">\r\n      <div class=\"featured-image\"><img loading=\"lazy\" decoding=\"async\" width=\"800\" height=\"534\" src=\"https:\/\/chateauegitim.com\/wp-content\/uploads\/2020\/05\/person-writing-on-notebook-4145190.jpg\" class=\"attachment-full\" alt=\"\" srcset=\"https:\/\/chateauegitim.com\/wp-content\/uploads\/2020\/05\/person-writing-on-notebook-4145190.jpg 800w, https:\/\/chateauegitim.com\/wp-content\/uploads\/2020\/05\/person-writing-on-notebook-4145190-300x200.jpg 300w, https:\/\/chateauegitim.com\/wp-content\/uploads\/2020\/05\/person-writing-on-notebook-4145190-768x513.jpg 768w, https:\/\/chateauegitim.com\/wp-content\/uploads\/2020\/05\/person-writing-on-notebook-4145190-24x16.jpg 24w, https:\/\/chateauegitim.com\/wp-content\/uploads\/2020\/05\/person-writing-on-notebook-4145190-36x24.jpg 36w, https:\/\/chateauegitim.com\/wp-content\/uploads\/2020\/05\/person-writing-on-notebook-4145190-48x32.jpg 48w\" sizes=\"auto, (max-width: 800px) 100vw, 800px\" \/><\/div>\r\n    <\/div><\/div>\r\n            <\/section>\r\n            <\/div><style type=\"text\/css\"><\/style><\/div><\/div><\/div><\/div><div id=\"form\" data-vc-full-width=\"true\" data-vc-full-width-init=\"false\" data-vc-kd-parallax=\"1.4\" class=\"vc_row wpb_row vc_row-fluid vc_custom_1583491359453 vc_row-has-fill vc_general kd_vc_parallax kd_vc_parallax-content-moving\"><div class=\"parallax-overlay\" data-vc-kd-parallax=\"1.4\"><\/div><div class=\"kd-overlay\"  style=\"background-color:rgba(0,0,0,0.7);\"><\/div><div class=\"wpb_column vc_column_container vc_col-sm-12\"><div class=\"vc_column-inner vc_custom_1516095225433\"><div class=\"wpb_wrapper\"><div class=\"vc_row wpb_row vc_inner vc_row-fluid vc_custom_1555673013129 vc_row-has-padding-top vc_row-has-padding-bottom\"><div class=\"wpb_column vc_column_container vc_col-sm-1\"><div class=\"vc_column-inner vc_custom_1515166784808\"><div class=\"wpb_wrapper\"><\/div><\/div><\/div><div class=\"wpb_column vc_column_container vc_col-sm-4\"><div class=\"vc_column-inner\"><div class=\"wpb_wrapper\"><header class=\"kd-section-title col-lg-12 text-left  kd-animated fadeIn   vc_custom_1583491120092\" data-animation-delay=\"200\"><h2 class=\"separator_off\" style=\"color: #ffffff;\">Vous \u00eates invit\u00e9 \u00e0 nos cours d\u2019introductions gratuits !<\/h2><h6 class=\"subtitle\" style=\"color: #eeeeee;\">Si vous souhaitez que votre programme de fran\u00e7ais soit qualifi\u00e9 et intensif ; Nous vous offrons une le\u00e7on d'introduction.<\/h6><\/header><\/div><\/div><\/div><div class=\"wpb_column vc_column_container vc_col-sm-1\"><div class=\"vc_column-inner\"><div class=\"wpb_wrapper\"><\/div><\/div><\/div><div class=\"wpb_column vc_column_container vc_col-sm-5\"><div class=\"vc_column-inner\"><div class=\"wpb_wrapper\"><h4 style=\"color: #ffffff;text-align: left\" class=\"vc_custom_heading wpb_animate_when_almost_visible wpb_fadeIn fadeIn vc_custom_1583491141958\" >Nous allons revenir vers vous dans le plus cours des d\u00e9lais.<\/h4><div class=\"kd-contact-form full-width-cf white-input-bg\" ><div role=\"form\" class=\"wpcf7\" id=\"wpcf7-f4439-o1\" lang=\"en-US\" dir=\"ltr\">\n<div class=\"screen-reader-response\"><p role=\"status\" aria-live=\"polite\" aria-atomic=\"true\"><\/p> <ul><\/ul><\/div>\n<form action=\"\/fr\/wp-json\/wp\/v2\/pages\/8424#wpcf7-f4439-o1\" method=\"post\" class=\"wpcf7-form init\" novalidate=\"novalidate\" data-status=\"init\" data-trp-original-action=\"\/fr\/wp-json\/wp\/v2\/pages\/8424#wpcf7-f4439-o1\">\n<div style=\"display: none;\">\n<input type=\"hidden\" name=\"_wpcf7\" value=\"4439\" \/>\n<input type=\"hidden\" name=\"_wpcf7_version\" value=\"5.3.2\" \/>\n<input type=\"hidden\" name=\"_wpcf7_locale\" value=\"en_US\" \/>\n<input type=\"hidden\" name=\"_wpcf7_unit_tag\" value=\"wpcf7-f4439-o1\" \/>\n<input type=\"hidden\" name=\"_wpcf7_container_post\" value=\"0\" \/>\n<input type=\"hidden\" name=\"_wpcf7_posted_data_hash\" value=\"\" \/>\n<input type=\"hidden\" name=\"_wpcf7_recaptcha_response\" value=\"\" \/>\n<\/div>\n<p><span class=\"wpcf7-form-control-wrap your-name\"><input type=\"text\" name=\"your-name\" value=\"\" size=\"40\" class=\"wpcf7-form-control wpcf7-text wpcf7-validates-as-required\" aria-required=\"true\" aria-invalid=\"false\" placeholder=\"Nom*\" \/><\/span><br \/>\n<span class=\"wpcf7-form-control-wrap your-phone\"><input type=\"tel\" name=\"your-phone\" value=\"\" size=\"40\" class=\"wpcf7-form-control wpcf7-text wpcf7-tel wpcf7-validates-as-required wpcf7-validates-as-tel\" aria-required=\"true\" aria-invalid=\"false\" placeholder=\"GSM*\" \/><\/span><br \/>\n<span class=\"wpcf7-form-control-wrap your-email\"><input type=\"email\" name=\"your-email\" value=\"\" size=\"40\" class=\"wpcf7-form-control wpcf7-text wpcf7-email wpcf7-validates-as-required wpcf7-validates-as-email\" aria-required=\"true\" aria-invalid=\"false\" placeholder=\"E-mail*\" \/><\/span><br \/>\n<span class=\"wpcf7-form-control-wrap acceptance-630\"><span class=\"wpcf7-form-control wpcf7-acceptance\"><span class=\"wpcf7-list-item\"><label><input type=\"checkbox\" name=\"acceptance-630\" value=\"1\" aria-invalid=\"false\" \/><span class=\"wpcf7-list-item-label\"><a href=\"https:\/\/chateauegitim.com\/fr\/gizlilik-politikasi\/\" target=\"_blank\"> Le text de politique de confidentialit\u00e9 <\/a> J'ai lu le texte, j'approuve.<\/span><\/label><\/span><\/span><\/span><br \/>\n<span class=\"wpcf7-form-control-wrap acceptance-123\"><span class=\"wpcf7-form-control wpcf7-acceptance\"><span class=\"wpcf7-list-item\"><label><input type=\"checkbox\" name=\"acceptance-123\" value=\"1\" aria-invalid=\"false\" \/><span class=\"wpcf7-list-item-label\"><a href=\"https:\/\/chateauegitim.com\/fr\/acik-riza-onayi\/\" target=\"_blank\"> Approbation du consentement explicite<\/a> J&#039;ai lu le formulaire et je l&#039;accepte.<\/span><\/label><\/span><\/span><\/span><br \/>\n<input type=\"submit\" value=\"Envoyer\" class=\"wpcf7-form-control wpcf7-submit\" \/><\/p>\n<input type='hidden' class='wpcf7-pum' value='{\"closepopup\":false,\"closedelay\":0,\"openpopup\":false,\"openpopup_id\":0}' \/><div class=\"wpcf7-response-output\" aria-hidden=\"true\"><\/div><input type=\"hidden\" name=\"trp-form-language\" value=\"fr\"\/><\/form><\/div><\/div><\/div><\/div><\/div><div class=\"wpb_column vc_column_container vc_col-sm-1\"><div class=\"vc_column-inner\"><div class=\"wpb_wrapper\"><\/div><\/div><\/div><\/div><\/div><\/div><\/div><\/div><div class=\"vc_row-full-width vc_clearfix\"><\/div>","protected":false},"excerpt":{"rendered":"Nedir? Nedir?11 senedir ger\u00e7ekle\u015ftirdi\u011fimiz yo\u011fun ilgi ve talep g\u00f6ren 2 HAFTALIK YAZ DOP\u0130NG PROGRAMLARIMIZIN 2026 [...]","protected":false},"author":1,"featured_media":8436,"parent":0,"menu_order":0,"comment_status":"closed","ping_status":"closed","template":"","meta":{"footnotes":""},"class_list":["post-8424","page","type-page","status-publish","has-post-thumbnail","hentry"],"yoast_head":"<!-- This site is optimized with the Yoast SEO plugin v15.5 - https:\/\/yoast.com\/wordpress\/plugins\/seo\/ -->\n<title>2026 Yaz Doping Programlar\u0131 | Chateau E\u011fitim<\/title>\n<meta name=\"robots\" content=\"index, follow, max-snippet:-1, max-image-preview:large, max-video-preview:-1\" \/>\n<link rel=\"canonical\" href=\"https:\/\/chateauegitim.com\/fr\/2026-yaz-doping-programlari\/\" \/>\n<meta property=\"og:locale\" content=\"fr_FR\" \/>\n<meta property=\"og:type\" content=\"article\" \/>\n<meta property=\"og:title\" content=\"2026 Yaz Doping Programlar\u0131 | Chateau E\u011fitim\" \/>\n<meta property=\"og:url\" content=\"https:\/\/chateauegitim.com\/fr\/2026-yaz-doping-programlari\/\" \/>\n<meta property=\"og:site_name\" content=\"Chateau E\u011fitim\" \/>\n<meta property=\"article:modified_time\" content=\"2026-04-28T15:23:10+00:00\" \/>\n<meta property=\"og:image\" content=\"https:\/\/chateauegitim.com\/wp-content\/uploads\/2020\/05\/person-writing-on-notebook-4145190-1.jpg\" \/>\n\t<meta property=\"og:image:width\" content=\"1920\" \/>\n\t<meta property=\"og:image:height\" content=\"500\" \/>\n<meta name=\"twitter:card\" content=\"summary_large_image\" \/>\n<meta name=\"twitter:label1\" content=\"Dur\u00e9e de lecture est.\">\n\t<meta name=\"twitter:data1\" content=\"3 minutes\">\n<script type=\"application\/ld+json\" class=\"yoast-schema-graph\">{\"@context\":\"https:\/\/schema.org\",\"@graph\":[{\"@type\":\"WebSite\",\"@id\":\"https:\/\/chateauegitim.com\/fr\/#website\",\"url\":\"https:\/\/chateauegitim.com\/fr\/\",\"name\":\"Chateau E\\u011fitim\",\"description\":\"\\u0130novatif E\\u011fitim\",\"potentialAction\":[{\"@type\":\"SearchAction\",\"target\":\"https:\/\/chateauegitim.com\/fr\/?s={search_term_string}\",\"query-input\":\"required name=search_term_string\"}],\"inLanguage\":\"fr-FR\"},{\"@type\":\"ImageObject\",\"@id\":\"https:\/\/chateauegitim.com\/fr\/2026-yaz-doping-programlari\/#primaryimage\",\"inLanguage\":\"fr-FR\",\"url\":\"https:\/\/chateauegitim.com\/wp-content\/uploads\/2020\/05\/person-writing-on-notebook-4145190-1.jpg\",\"width\":1920,\"height\":500},{\"@type\":\"WebPage\",\"@id\":\"https:\/\/chateauegitim.com\/fr\/2026-yaz-doping-programlari\/#webpage\",\"url\":\"https:\/\/chateauegitim.com\/fr\/2026-yaz-doping-programlari\/\",\"name\":\"2026 Yaz Doping Programlar\\u0131 | Chateau E\\u011fitim\",\"isPartOf\":{\"@id\":\"https:\/\/chateauegitim.com\/fr\/#website\"},\"primaryImageOfPage\":{\"@id\":\"https:\/\/chateauegitim.com\/fr\/2026-yaz-doping-programlari\/#primaryimage\"},\"datePublished\":\"2020-05-17T18:20:53+00:00\",\"dateModified\":\"2026-04-28T15:23:10+00:00\",\"inLanguage\":\"fr-FR\",\"potentialAction\":[{\"@type\":\"ReadAction\",\"target\":[\"https:\/\/chateauegitim.com\/fr\/2026-yaz-doping-programlari\/\"]}]}]}<\/script>\n<!-- \/ Yoast SEO plugin. -->","_links":{"self":[{"href":"https:\/\/chateauegitim.com\/fr\/wp-json\/wp\/v2\/pages\/8424","targetHints":{"allow":["GET"]}}],"collection":[{"href":"https:\/\/chateauegitim.com\/fr\/wp-json\/wp\/v2\/pages"}],"about":[{"href":"https:\/\/chateauegitim.com\/fr\/wp-json\/wp\/v2\/types\/page"}],"author":[{"embeddable":true,"href":"https:\/\/chateauegitim.com\/fr\/wp-json\/wp\/v2\/users\/1"}],"replies":[{"embeddable":true,"href":"https:\/\/chateauegitim.com\/fr\/wp-json\/wp\/v2\/comments?post=8424"}],"version-history":[{"count":29,"href":"https:\/\/chateauegitim.com\/fr\/wp-json\/wp\/v2\/pages\/8424\/revisions"}],"predecessor-version":[{"id":10054,"href":"https:\/\/chateauegitim.com\/fr\/wp-json\/wp\/v2\/pages\/8424\/revisions\/10054"}],"wp:featuredmedia":[{"embeddable":true,"href":"https:\/\/chateauegitim.com\/fr\/wp-json\/wp\/v2\/media\/8436"}],"wp:attachment":[{"href":"https:\/\/chateauegitim.com\/fr\/wp-json\/wp\/v2\/media?parent=8424"}],"curies":[{"name":"wp","href":"https:\/\/api.w.org\/{rel}","templated":true}]}}