{"id":8545,"date":"2020-09-01T16:23:40","date_gmt":"2020-09-01T13:23:40","guid":{"rendered":"http:\/\/chateauegitim.com\/?page_id=8545"},"modified":"2020-12-04T19:44:03","modified_gmt":"2020-12-04T16:44:03","slug":"fransiz-liselerine-gecis-yeterlilik-sinavi-hazirlik-programi","status":"publish","type":"page","link":"https:\/\/chateauegitim.com\/fr\/fransiz-liselerine-gecis-yeterlilik-sinavi-hazirlik-programi\/","title":{"rendered":"Passages Aux Lyc\u00e9es Fran\u00e7ais - Programme de Pr\u00e9paration aux Examens de Comp\u00e9tence"},"content":{"rendered":"<div class=\"vc_row wpb_row vc_row-fluid vc_custom_1556018461316 vc_row-has-padding-top vc_row-has-padding-bottom\"><div class=\"wpb_column vc_column_container vc_col-sm-12\"><div class=\"vc_column-inner\"><div class=\"wpb_wrapper\"><div class=\"feature-sections-wrapper kd-fsp-69e8acb9360ad\">\r\n            <section class=\"feature-sections-tabs\">\r\n              <nav class=\"kd-feature-tabs\">\r\n                <ul class=\"nav nav-tabs sticky-tabs container\">\r\n                <\/ul>\r\n              <\/nav>\r\n            <\/section>\r\n            <section id=\"kd-fss-69e8acb936147\" class=\"featured-right\"><li class=\"nav-label\"><a class=\"feature-tabs-scroll\" href=\"#kd-fss-69e8acb936147\"><i class=\"iconsmind-Information fss-nav-icon\" style=\" \"><\/i> De quoi s'agit-il ?<\/a><\/li><div class=\"container\">\r\n                <div class=\"side-content-wrapper kd-animated fadeInLeft\" data-animation-delay=\"200\"><i class=\"section-icon\" style=\" \"><\/i> <h2 class=\"side-content-title\" >De quoi s'agit-il ?<\/h2><h6 class=\"side-content-subtitle\" >En tant que le PREMIER et SEUL \u00e9tablissement \u00e9tablie par les dipl\u00f4m\u00e9s des \u00e9coles primaires et du coll\u00e8ge de Galatasaray, nous avons 100% de r\u00e9ussite dans nos programmes de pr\u00e9paration DES PASSAGES AUX LYCEES FRAN\u00c7AIS - EXAMEN DE COMP\u00c9TENCE \/ EXAMEN INTERNE avec le m\u00eame parcours d\u2019exp\u00e9rience que les \u00e9l\u00e8ves des \u00e9coles primaires et des coll\u00e8ges fran\u00e7ais.<\/h6><div class=\"side-content-text\" ><p>Les programmes scolaires que nous proposons aux \u00e9l\u00e8ves de 6eme \u2013 6eme, 7eme \u2013 5eme et de 8eme \u2013 4eme sont ci-dessous :<\/p>\n<ul>\n<li>2 cours par semaine (2*1,5 heures = 3 heures)<\/li>\n<li>\u00a0Le 1er cours :<br \/>\nCompr\u00e9hension Ecrite<br \/>\nConversation<br \/>\nVocabulaire<\/li>\n<li>Le 2\u00e8me cours:<br \/>\nGrammaire<br \/>\nExpression Ecrite<\/li>\n<\/ul>\n<p>Vocabulaire des maths et sciences.<\/p>\n<p><em><u>Apr\u00e8s la le\u00e7on d'introduction, le programme peut \u00eatre intensifi\u00e9 en fonction du niveau de l'\u00e9tudiant et de la proximit\u00e9 de la date de l'examen.<\/u><\/em><\/p>\n<\/div><\/div><div class=\"side-featured-wrapper fss-rectangle kd-animated fadeInRight fss-shadow-image\" data-animation-delay=\"200\">\r\n      <div class=\"featured-image\"><img loading=\"lazy\" decoding=\"async\" width=\"1024\" height=\"768\" src=\"https:\/\/chateauegitim.com\/wp-content\/uploads\/2020\/08\/ozel-notre-dame-de-sion-fransiz-lisesi-a71038ffd21b9bb8fa59e38b5e8.jpg\" class=\"attachment-full\" alt=\"Notre-Dame de Sion Frans\u0131z Lisesi 2019 2020 \u00d6\u011fretim D\u00f6nemi Taban Puan\u0131 E\u011fitim S\u00fcresi Kontenjan Say\u0131s\u0131 \u00d6\u011fretim \u00dccreti\" srcset=\"https:\/\/chateauegitim.com\/wp-content\/uploads\/2020\/08\/ozel-notre-dame-de-sion-fransiz-lisesi-a71038ffd21b9bb8fa59e38b5e8.jpg 1024w, https:\/\/chateauegitim.com\/wp-content\/uploads\/2020\/08\/ozel-notre-dame-de-sion-fransiz-lisesi-a71038ffd21b9bb8fa59e38b5e8-300x225.jpg 300w, https:\/\/chateauegitim.com\/wp-content\/uploads\/2020\/08\/ozel-notre-dame-de-sion-fransiz-lisesi-a71038ffd21b9bb8fa59e38b5e8-768x576.jpg 768w, https:\/\/chateauegitim.com\/wp-content\/uploads\/2020\/08\/ozel-notre-dame-de-sion-fransiz-lisesi-a71038ffd21b9bb8fa59e38b5e8-24x18.jpg 24w, https:\/\/chateauegitim.com\/wp-content\/uploads\/2020\/08\/ozel-notre-dame-de-sion-fransiz-lisesi-a71038ffd21b9bb8fa59e38b5e8-36x27.jpg 36w, https:\/\/chateauegitim.com\/wp-content\/uploads\/2020\/08\/ozel-notre-dame-de-sion-fransiz-lisesi-a71038ffd21b9bb8fa59e38b5e8-48x36.jpg 48w, https:\/\/chateauegitim.com\/wp-content\/uploads\/2020\/08\/ozel-notre-dame-de-sion-fransiz-lisesi-a71038ffd21b9bb8fa59e38b5e8-800x600.jpg 800w\" sizes=\"auto, (max-width: 1024px) 100vw, 1024px\" \/><\/div>\r\n    <\/div><\/div>\r\n            <\/section><section id=\"kd-fss-69e8acb9365e9\" class=\"featured-left\"><li class=\"nav-label\"><a class=\"feature-tabs-scroll\" href=\"#kd-fss-69e8acb9365e9\"><i class=\"iconsmind-Check fss-nav-icon\" style=\" \"><\/i> D\u00e9tails<\/a><\/li><div class=\"container\">\r\n                <div class=\"side-content-wrapper kd-animated fadeInRight\" data-animation-delay=\"200\"><i class=\"section-icon\" style=\" \"><\/i> <h2 class=\"side-content-title\" >D\u00e9tails sur l\u2019examen<\/h2><h6 class=\"side-content-subtitle\" >La pr\u00e9paration aux examens de passage aux lyc\u00e9es fran\u00e7ais et aux examens internes que nous vous proposons \u00e0 Ch\u00e2teau E\u011fitim, comprend les d\u00e9tails suivants :<\/h6><div class=\"side-content-text\" ><\/p>\n<ul>\n<li>Possibilit\u00e9 d'obtenir la meilleure formation pour un examen interne personnalis\u00e9<\/li>\n<li>Formation dans une classe avec le minimum d\u2019\u00e9l\u00e8ve, dans des classes jusqu'\u00e0 3 personnes<\/li>\n<li>L'archive la plus compl\u00e8te sp\u00e9cialement pr\u00e9par\u00e9e pour l'examen de comp\u00e9tence<\/li>\n<\/ul>\n<p><strong>En 2018-2019, <\/strong>en op\u00e9rant un changement significatif dans le r\u00e8glement int\u00e9rieur du Lyc\u00e9e Priv\u00e9 Notre Dame de Sion et du Lyc\u00e9e Priv\u00e9 Sainte Pulch\u00e9rie, les \u00e9l\u00e8ves ayant pass\u00e9 l'examen (LGS) et dont la premi\u00e8re langue \u00e9trang\u00e8re est le fran\u00e7ais, peuvent acc\u00e9der directement au lyc\u00e9e dans le cadre du quota allou\u00e9 par <strong>l\u2019\"Examen de comp\u00e9tence\".<\/strong> Les \u00e9tudiants des \u00e9coles <strong>ci-dessous ont directement<\/strong> acc\u00e8s \u00e0 ces examens:<\/p>\n<p><strong>- Coll\u00e8ge priv\u00e9 Bah\u00e7e\u015fehir Neslin De\u011fi\u015fen Sesi<br \/>\n- Coll\u00e8ge Yeni Nesil 2000<br \/>\n- Coll\u00e8ge Petit Prince,<\/strong>les \u00e9l\u00e8ves qui ont termin\u00e9 leur 8eme \u2013 5eme ann\u00e9e peuvent y acc\u00e9der.<\/p>\n<p>Les quotas annonc\u00e9s par les \u00e9coles pour l'ann\u00e9e scolaire 2020-2021, organis\u00e9e par le lyc\u00e9e fran\u00e7ais Sainte Pulch\u00e9rie cette ann\u00e9e, sont les suivants :<\/p>\n<ul>\n<li>Lyc\u00e9e fran\u00e7ais Notre Dame de Sion <strong>16 Personnes<\/strong><\/li>\n<li>Lyc\u00e9e Fran\u00e7ais Sainte Pulch\u00e9rie <strong>12 Personnes<\/strong><\/li>\n<li>Lyc\u00e9e Fran\u00e7ais Saint Beno\u00eet <strong>8 Personnes<\/strong><\/li>\n<\/ul>\n<p>&nbsp;<\/p>\n<p>Le quota total : <strong>36 \u00e9tudiants.<\/strong><\/p>\n<p>Les \u00e9l\u00e8ves issus des \u00e9coles primaires des \u00e9coles fran\u00e7aises doivent obtenir au minimum <strong>70 sur 100 \u00e0 cet examen<\/strong> ainsi que leurs r\u00e9sultats LGS.<\/p>\n<\/div><\/div><div class=\"side-featured-wrapper fss-rectangle kd-animated fadeInLeft fss-shadow-image\" data-animation-delay=\"200\">\r\n      <div class=\"featured-image\"><img loading=\"lazy\" decoding=\"async\" width=\"1431\" height=\"1080\" src=\"https:\/\/chateauegitim.com\/wp-content\/uploads\/2020\/09\/saintbenoit-1559120624.jpg\" class=\"attachment-full\" alt=\"\" srcset=\"https:\/\/chateauegitim.com\/wp-content\/uploads\/2020\/09\/saintbenoit-1559120624.jpg 1431w, https:\/\/chateauegitim.com\/wp-content\/uploads\/2020\/09\/saintbenoit-1559120624-300x226.jpg 300w, https:\/\/chateauegitim.com\/wp-content\/uploads\/2020\/09\/saintbenoit-1559120624-1024x773.jpg 1024w, https:\/\/chateauegitim.com\/wp-content\/uploads\/2020\/09\/saintbenoit-1559120624-768x580.jpg 768w, https:\/\/chateauegitim.com\/wp-content\/uploads\/2020\/09\/saintbenoit-1559120624-24x18.jpg 24w, https:\/\/chateauegitim.com\/wp-content\/uploads\/2020\/09\/saintbenoit-1559120624-36x27.jpg 36w, https:\/\/chateauegitim.com\/wp-content\/uploads\/2020\/09\/saintbenoit-1559120624-48x36.jpg 48w\" sizes=\"auto, (max-width: 1431px) 100vw, 1431px\" \/><\/div>\r\n    <\/div><\/div>\r\n            <\/section><section id=\"kd-fss-69e8acb936a27\" class=\"featured-right\"><li class=\"nav-label\"><a class=\"feature-tabs-scroll\" href=\"#kd-fss-69e8acb936a27\"><i class=\"iconsmind-Testimonal fss-nav-icon\" style=\" \"><\/i> Examen de Comp\u00e9tence<\/a><\/li><div class=\"container\">\r\n                <div class=\"side-content-wrapper kd-animated fadeInRight\" data-animation-delay=\"200\"><i class=\"section-icon\" style=\" \"><\/i> <h2 class=\"side-content-title\" >Examen de Comp\u00e9tence<\/h2><div class=\"side-content-text\" ><p>- Pr\u00e9paratoire de Langue et Litt\u00e9rature Turques<br \/>\n- Vocabulaire Math\u00e9matiques et Sciences<br \/>\n- Les examens des cours de langues \u00e9trang\u00e8res sont faites \u00e0 l\u2019oral et a l\u2019\u00e9crit.<\/p>\n<p>Les \u00e9tudiants ayant obtenu au minimum 70 points sur la somme des examens oraux et \u00e9crits sont consid\u00e9r\u00e9s comme r\u00e9ussis et s'inscrivent directement en 9eme - Second.<\/p>\n<p>Les \u00e9tudiants qui r\u00e9ussissent les examens de comp\u00e9tence sont r\u00e9pertori\u00e9s selon les crit\u00e8res<br \/>\nsuivants :<br \/>\n1- En fonction de la priorit\u00e9 des points obtenus \u00e0 l'examen central,<br \/>\n2- Selon le score obtenu \u00e0 l'examen de comp\u00e9tence en fran\u00e7ais,<br \/>\n3- Selon le score obtenu \u00e0 l'examen pr\u00e9paratoire de ma\u00eetrise de la langue et de la litt\u00e9rature turques,<br \/>\n4- Selon leur date de naissance.<\/p>\n<\/div><\/div><div class=\"side-featured-wrapper fss-rectangle kd-animated fadeInLeft fss-shadow-image\" data-animation-delay=\"200\">\r\n      <div class=\"featured-image\"><img loading=\"lazy\" decoding=\"async\" width=\"1600\" height=\"1067\" src=\"https:\/\/chateauegitim.com\/wp-content\/uploads\/2020\/09\/0.jpeg\" class=\"attachment-full\" alt=\"\" srcset=\"https:\/\/chateauegitim.com\/wp-content\/uploads\/2020\/09\/0.jpeg 1600w, https:\/\/chateauegitim.com\/wp-content\/uploads\/2020\/09\/0-300x200.jpeg 300w, https:\/\/chateauegitim.com\/wp-content\/uploads\/2020\/09\/0-1024x683.jpeg 1024w, https:\/\/chateauegitim.com\/wp-content\/uploads\/2020\/09\/0-768x512.jpeg 768w, https:\/\/chateauegitim.com\/wp-content\/uploads\/2020\/09\/0-1536x1024.jpeg 1536w, https:\/\/chateauegitim.com\/wp-content\/uploads\/2020\/09\/0-24x16.jpeg 24w, https:\/\/chateauegitim.com\/wp-content\/uploads\/2020\/09\/0-36x24.jpeg 36w, https:\/\/chateauegitim.com\/wp-content\/uploads\/2020\/09\/0-48x32.jpeg 48w\" sizes=\"auto, (max-width: 1600px) 100vw, 1600px\" \/><\/div>\r\n    <\/div><\/div>\r\n            <\/section>\r\n            <\/div><style type=\"text\/css\"><\/style><\/div><\/div><\/div><\/div><div id=\"form\" data-vc-full-width=\"true\" data-vc-full-width-init=\"false\" data-vc-kd-parallax=\"1.4\" class=\"vc_row wpb_row vc_row-fluid vc_custom_1607100027128 vc_row-has-fill vc_general kd_vc_parallax kd_vc_parallax-content-moving\"><div class=\"parallax-overlay\" data-vc-kd-parallax=\"1.4\"><\/div><div class=\"kd-overlay\"  style=\"background-color:rgba(0,0,0,0.7);\"><\/div><div class=\"wpb_column vc_column_container vc_col-sm-12\"><div class=\"vc_column-inner vc_custom_1516095225433\"><div class=\"wpb_wrapper\"><div class=\"vc_row wpb_row vc_inner vc_row-fluid vc_custom_1555673013129 vc_row-has-padding-top vc_row-has-padding-bottom\"><div class=\"wpb_column vc_column_container vc_col-sm-1\"><div class=\"vc_column-inner vc_custom_1515166784808\"><div class=\"wpb_wrapper\"><\/div><\/div><\/div><div class=\"wpb_column vc_column_container vc_col-sm-4\"><div class=\"vc_column-inner\"><div class=\"wpb_wrapper\"><header class=\"kd-section-title col-lg-12 text-left  kd-animated fadeIn   vc_custom_1598967119290\" data-animation-delay=\"200\"><h2 class=\"separator_off\" style=\"color: #ffffff;\">Vous \u00eates invit\u00e9 \u00e0 nos cours d\u2019introductions gratuits !<\/h2><h6 class=\"subtitle\" style=\"color: #eeeeee;\">Si vous voulez obtenir une \u00e9ducation qualifi\u00e9e et concentr\u00e9e ; Nous vous proposons un cours d'introduction sans frais.<\/h6><\/header><\/div><\/div><\/div><div class=\"wpb_column vc_column_container vc_col-sm-1\"><div class=\"vc_column-inner\"><div class=\"wpb_wrapper\"><\/div><\/div><\/div><div class=\"wpb_column vc_column_container vc_col-sm-5\"><div class=\"vc_column-inner\"><div class=\"wpb_wrapper\"><h4 style=\"color: #ffffff;text-align: left\" class=\"vc_custom_heading wpb_animate_when_almost_visible wpb_fadeIn fadeIn vc_custom_1583491141958\" >Nous allons revenir vers vous dans le plus cours des d\u00e9lais.<\/h4><div class=\"kd-contact-form full-width-cf white-input-bg\" ><div role=\"form\" class=\"wpcf7\" id=\"wpcf7-f4439-o1\" lang=\"en-US\" dir=\"ltr\">\n<div class=\"screen-reader-response\"><p role=\"status\" aria-live=\"polite\" aria-atomic=\"true\"><\/p> <ul><\/ul><\/div>\n<form action=\"\/fr\/wp-json\/wp\/v2\/pages\/8545#wpcf7-f4439-o1\" method=\"post\" class=\"wpcf7-form init\" novalidate=\"novalidate\" data-status=\"init\" data-trp-original-action=\"\/fr\/wp-json\/wp\/v2\/pages\/8545#wpcf7-f4439-o1\">\n<div style=\"display: none;\">\n<input type=\"hidden\" name=\"_wpcf7\" value=\"4439\" \/>\n<input type=\"hidden\" name=\"_wpcf7_version\" value=\"5.3.2\" \/>\n<input type=\"hidden\" name=\"_wpcf7_locale\" value=\"en_US\" \/>\n<input type=\"hidden\" name=\"_wpcf7_unit_tag\" value=\"wpcf7-f4439-o1\" \/>\n<input type=\"hidden\" name=\"_wpcf7_container_post\" value=\"0\" \/>\n<input type=\"hidden\" name=\"_wpcf7_posted_data_hash\" value=\"\" \/>\n<input type=\"hidden\" name=\"_wpcf7_recaptcha_response\" value=\"\" \/>\n<\/div>\n<p><span class=\"wpcf7-form-control-wrap your-name\"><input type=\"text\" name=\"your-name\" value=\"\" size=\"40\" class=\"wpcf7-form-control wpcf7-text wpcf7-validates-as-required\" aria-required=\"true\" aria-invalid=\"false\" placeholder=\"Nom*\" \/><\/span><br \/>\n<span class=\"wpcf7-form-control-wrap your-phone\"><input type=\"tel\" name=\"your-phone\" value=\"\" size=\"40\" class=\"wpcf7-form-control wpcf7-text wpcf7-tel wpcf7-validates-as-required wpcf7-validates-as-tel\" aria-required=\"true\" aria-invalid=\"false\" placeholder=\"GSM*\" \/><\/span><br \/>\n<span class=\"wpcf7-form-control-wrap your-email\"><input type=\"email\" name=\"your-email\" value=\"\" size=\"40\" class=\"wpcf7-form-control wpcf7-text wpcf7-email wpcf7-validates-as-required wpcf7-validates-as-email\" aria-required=\"true\" aria-invalid=\"false\" placeholder=\"E-mail*\" \/><\/span><br \/>\n<span class=\"wpcf7-form-control-wrap acceptance-630\"><span class=\"wpcf7-form-control wpcf7-acceptance\"><span class=\"wpcf7-list-item\"><label><input type=\"checkbox\" name=\"acceptance-630\" value=\"1\" aria-invalid=\"false\" \/><span class=\"wpcf7-list-item-label\"><a href=\"https:\/\/chateauegitim.com\/fr\/gizlilik-politikasi\/\" target=\"_blank\"> Le text de politique de confidentialit\u00e9 <\/a> J'ai lu le texte, j'approuve.<\/span><\/label><\/span><\/span><\/span><br \/>\n<span class=\"wpcf7-form-control-wrap acceptance-123\"><span class=\"wpcf7-form-control wpcf7-acceptance\"><span class=\"wpcf7-list-item\"><label><input type=\"checkbox\" name=\"acceptance-123\" value=\"1\" aria-invalid=\"false\" \/><span class=\"wpcf7-list-item-label\"><a href=\"https:\/\/chateauegitim.com\/fr\/acik-riza-onayi\/\" target=\"_blank\"> Approbation du consentement explicite<\/a> J&#039;ai lu le formulaire et je l&#039;accepte.<\/span><\/label><\/span><\/span><\/span><br \/>\n<input type=\"submit\" value=\"Envoyer\" class=\"wpcf7-form-control wpcf7-submit\" \/><\/p>\n<input type='hidden' class='wpcf7-pum' value='{\"closepopup\":false,\"closedelay\":0,\"openpopup\":false,\"openpopup_id\":0}' \/><div class=\"wpcf7-response-output\" aria-hidden=\"true\"><\/div><input type=\"hidden\" name=\"trp-form-language\" value=\"fr\"\/><\/form><\/div><\/div><\/div><\/div><\/div><div class=\"wpb_column vc_column_container vc_col-sm-1\"><div class=\"vc_column-inner\"><div class=\"wpb_wrapper\"><\/div><\/div><\/div><\/div><\/div><\/div><\/div><\/div><div class=\"vc_row-full-width vc_clearfix\"><\/div>","protected":false},"excerpt":{"rendered":"Pourquoi? De quoi s&#039;agit-il ?En tant que PREMI\u00c8RE et SEULE institution fond\u00e9e par des dipl\u00f4m\u00e9s de l&#039;\u00e9cole primaire et secondaire de Galatasaray, l&#039;\u00e9cole primaire et secondaire fran\u00e7aise [...]","protected":false},"author":1,"featured_media":8551,"parent":0,"menu_order":0,"comment_status":"closed","ping_status":"closed","template":"","meta":{"footnotes":""},"class_list":["post-8545","page","type-page","status-publish","has-post-thumbnail","hentry"],"yoast_head":"<!-- This site is optimized with the Yoast SEO plugin v15.5 - https:\/\/yoast.com\/wordpress\/plugins\/seo\/ -->\n<title>Frans\u0131z Liselerine Ge\u00e7i\u015f - Yeterlilik S\u0131nav\u0131 Haz\u0131rl\u0131k Program\u0131 | Chateau E\u011fitim<\/title>\n<meta name=\"robots\" content=\"index, follow, max-snippet:-1, max-image-preview:large, max-video-preview:-1\" \/>\n<link rel=\"canonical\" href=\"https:\/\/chateauegitim.com\/fr\/fransiz-liselerine-gecis-yeterlilik-sinavi-hazirlik-programi\/\" \/>\n<meta property=\"og:locale\" content=\"fr_FR\" \/>\n<meta property=\"og:type\" content=\"article\" \/>\n<meta property=\"og:title\" content=\"Frans\u0131z Liselerine Ge\u00e7i\u015f - Yeterlilik S\u0131nav\u0131 Haz\u0131rl\u0131k Program\u0131 | Chateau E\u011fitim\" \/>\n<meta property=\"og:url\" content=\"https:\/\/chateauegitim.com\/fr\/fransiz-liselerine-gecis-yeterlilik-sinavi-hazirlik-programi\/\" \/>\n<meta property=\"og:site_name\" content=\"Chateau E\u011fitim\" \/>\n<meta property=\"article:modified_time\" content=\"2020-12-04T16:44:03+00:00\" \/>\n<meta property=\"og:image\" content=\"https:\/\/chateauegitim.com\/wp-content\/uploads\/2020\/09\/Logo-article-histoire-du-lyce\u0301e-2017.jpg\" \/>\n\t<meta property=\"og:image:width\" content=\"1920\" \/>\n\t<meta property=\"og:image:height\" content=\"500\" \/>\n<meta name=\"twitter:card\" content=\"summary_large_image\" \/>\n<meta name=\"twitter:label1\" content=\"Dur\u00e9e de lecture est.\">\n\t<meta name=\"twitter:data1\" content=\"4 minutes\">\n<script type=\"application\/ld+json\" class=\"yoast-schema-graph\">{\"@context\":\"https:\/\/schema.org\",\"@graph\":[{\"@type\":\"WebSite\",\"@id\":\"https:\/\/chateauegitim.com\/fr\/#website\",\"url\":\"https:\/\/chateauegitim.com\/fr\/\",\"name\":\"Chateau E\\u011fitim\",\"description\":\"\\u0130novatif E\\u011fitim\",\"potentialAction\":[{\"@type\":\"SearchAction\",\"target\":\"https:\/\/chateauegitim.com\/fr\/?s={search_term_string}\",\"query-input\":\"required name=search_term_string\"}],\"inLanguage\":\"fr-FR\"},{\"@type\":\"ImageObject\",\"@id\":\"https:\/\/chateauegitim.com\/fr\/fransiz-liselerine-gecis-yeterlilik-sinavi-hazirlik-programi\/#primaryimage\",\"inLanguage\":\"fr-FR\",\"url\":\"https:\/\/chateauegitim.com\/wp-content\/uploads\/2020\/09\/Logo-article-histoire-du-lyce\\u0301e-2017.jpg\",\"width\":1920,\"height\":500},{\"@type\":\"WebPage\",\"@id\":\"https:\/\/chateauegitim.com\/fr\/fransiz-liselerine-gecis-yeterlilik-sinavi-hazirlik-programi\/#webpage\",\"url\":\"https:\/\/chateauegitim.com\/fr\/fransiz-liselerine-gecis-yeterlilik-sinavi-hazirlik-programi\/\",\"name\":\"Frans\\u0131z Liselerine Ge\\u00e7i\\u015f - Yeterlilik S\\u0131nav\\u0131 Haz\\u0131rl\\u0131k Program\\u0131 | Chateau E\\u011fitim\",\"isPartOf\":{\"@id\":\"https:\/\/chateauegitim.com\/fr\/#website\"},\"primaryImageOfPage\":{\"@id\":\"https:\/\/chateauegitim.com\/fr\/fransiz-liselerine-gecis-yeterlilik-sinavi-hazirlik-programi\/#primaryimage\"},\"datePublished\":\"2020-09-01T13:23:40+00:00\",\"dateModified\":\"2020-12-04T16:44:03+00:00\",\"inLanguage\":\"fr-FR\",\"potentialAction\":[{\"@type\":\"ReadAction\",\"target\":[\"https:\/\/chateauegitim.com\/fr\/fransiz-liselerine-gecis-yeterlilik-sinavi-hazirlik-programi\/\"]}]}]}<\/script>\n<!-- \/ Yoast SEO plugin. -->","_links":{"self":[{"href":"https:\/\/chateauegitim.com\/fr\/wp-json\/wp\/v2\/pages\/8545","targetHints":{"allow":["GET"]}}],"collection":[{"href":"https:\/\/chateauegitim.com\/fr\/wp-json\/wp\/v2\/pages"}],"about":[{"href":"https:\/\/chateauegitim.com\/fr\/wp-json\/wp\/v2\/types\/page"}],"author":[{"embeddable":true,"href":"https:\/\/chateauegitim.com\/fr\/wp-json\/wp\/v2\/users\/1"}],"replies":[{"embeddable":true,"href":"https:\/\/chateauegitim.com\/fr\/wp-json\/wp\/v2\/comments?post=8545"}],"version-history":[{"count":8,"href":"https:\/\/chateauegitim.com\/fr\/wp-json\/wp\/v2\/pages\/8545\/revisions"}],"predecessor-version":[{"id":8732,"href":"https:\/\/chateauegitim.com\/fr\/wp-json\/wp\/v2\/pages\/8545\/revisions\/8732"}],"wp:featuredmedia":[{"embeddable":true,"href":"https:\/\/chateauegitim.com\/fr\/wp-json\/wp\/v2\/media\/8551"}],"wp:attachment":[{"href":"https:\/\/chateauegitim.com\/fr\/wp-json\/wp\/v2\/media?parent=8545"}],"curies":[{"name":"wp","href":"https:\/\/api.w.org\/{rel}","templated":true}]}}