{"id":9041,"date":"2022-08-03T15:24:47","date_gmt":"2022-08-03T12:24:47","guid":{"rendered":"https:\/\/chateauegitim.com\/?page_id=9041"},"modified":"2022-08-04T16:11:12","modified_gmt":"2022-08-04T13:11:12","slug":"sat-scholastic-assesment-test","status":"publish","type":"page","link":"https:\/\/chateauegitim.com\/fr\/sat-scholastic-assesment-test\/","title":{"rendered":"SAT (Test d&#039;\u00e9valuation scolaire)"},"content":{"rendered":"<div class=\"vc_row wpb_row vc_row-fluid vc_custom_1556018461316 vc_row-has-padding-top vc_row-has-padding-bottom\"><div class=\"wpb_column vc_column_container vc_col-sm-12\"><div class=\"vc_column-inner\"><div class=\"wpb_wrapper\"><div class=\"feature-sections-wrapper kd-fsp-69e8ad1ae0985\">\r\n            <section class=\"feature-sections-tabs\">\r\n              <nav class=\"kd-feature-tabs\">\r\n                <ul class=\"nav nav-tabs sticky-tabs container\">\r\n                <\/ul>\r\n              <\/nav>\r\n            <\/section>\r\n            <section id=\"kd-fss-69e8ad1ae09f8\" class=\"featured-right\"><li class=\"nav-label\"><a class=\"feature-tabs-scroll\" href=\"#kd-fss-69e8ad1ae09f8\"><i class=\"iconsmind-Information iconsmind-User-Interface fss-nav-icon\" style=\" \"><\/i> De quoi s'agit-il ?<\/a><\/li><div class=\"container\">\r\n                <div class=\"side-content-wrapper kd-animated fadeInLeft\" data-animation-delay=\"200\"><i class=\"section-icon\" style=\" \"><\/i> <h2 class=\"side-content-title\" >De quoi s'agit-il ?<\/h2><div class=\"side-content-text\" ><p>Le SAT est un examen d'anglais multidimensionnel pr\u00e9par\u00e9 par The College Board pour les \u00e9tudiants qui souhaitent \u00e9tudier dans des universit\u00e9s aux \u00c9tats-Unis. L'application des tests est r\u00e9p\u00e9t\u00e9e p\u00e9riodiquement au cours d'une ann\u00e9e universitaire, g\u00e9n\u00e9ralement tous les 2 mois. Les demandes se d\u00e9roulent g\u00e9n\u00e9ralement sous la forme de centres de demande ou d'inscription en ligne.<\/p>\n<p>Le fait qu'il n'y ait pas de limite de participation permet aux \u00e9tudiants de repasser les examens jusqu'\u00e0 ce qu'ils obtiennent les performances qu'ils souhaitent. En m\u00eame temps, contrairement aux tests men\u00e9s en Turquie, les mauvaises r\u00e9ponses n\u2019ont pas d\u00e9duite du score finale, m\u00eame si vous n\u2019avez aucune id\u00e9e sur la question, il est possible de cocher la r\u00e9ponse la plus proche. Les notes obtenues \u00e0 l'issue de l'examen sont valables 5 ans pour les universit\u00e9s am\u00e9ricaines.<\/p>\n<\/div><\/div><div class=\"side-featured-wrapper fss-rectangle kd-animated fadeInRight\" data-animation-delay=\"200\">\r\n      <div class=\"featured-image\"><img loading=\"lazy\" decoding=\"async\" width=\"800\" height=\"624\" src=\"https:\/\/chateauegitim.com\/wp-content\/uploads\/2022\/08\/SAT-Nedir_.jpg\" class=\"attachment-full\" alt=\"\" srcset=\"https:\/\/chateauegitim.com\/wp-content\/uploads\/2022\/08\/SAT-Nedir_.jpg 800w, https:\/\/chateauegitim.com\/wp-content\/uploads\/2022\/08\/SAT-Nedir_-300x234.jpg 300w, https:\/\/chateauegitim.com\/wp-content\/uploads\/2022\/08\/SAT-Nedir_-768x599.jpg 768w, https:\/\/chateauegitim.com\/wp-content\/uploads\/2022\/08\/SAT-Nedir_-16x12.jpg 16w, https:\/\/chateauegitim.com\/wp-content\/uploads\/2022\/08\/SAT-Nedir_-24x19.jpg 24w, https:\/\/chateauegitim.com\/wp-content\/uploads\/2022\/08\/SAT-Nedir_-36x28.jpg 36w, https:\/\/chateauegitim.com\/wp-content\/uploads\/2022\/08\/SAT-Nedir_-48x37.jpg 48w\" sizes=\"auto, (max-width: 800px) 100vw, 800px\" \/><\/div>\r\n    <\/div><\/div>\r\n            <\/section><section id=\"kd-fss-69e8ad1ae0deb\" class=\"featured-left\"><li class=\"nav-label\"><a class=\"feature-tabs-scroll\" href=\"#kd-fss-69e8ad1ae0deb\"><i class=\"iconsmind-Pencil iconsmind-Design fss-nav-icon\" style=\" \"><\/i> Contenu de l'examen<\/a><\/li><div class=\"container\">\r\n                <div class=\"side-content-wrapper kd-animated fadeInLeft\" data-animation-delay=\"200\"><i class=\"section-icon\" style=\" \"><\/i> <h2 class=\"side-content-title\" >Contenu de l'examen<\/h2><div class=\"side-content-text\" ><p>Il se compose de 3 sections principales: lecture(reading), \u00e9criture et langue(writing and language) et math\u00e9matiques(math). Plus pr\u00e9cis\u00e9ment, 65 minutes ont \u00e9t\u00e9 allou\u00e9es pour 52 questions de lecture, 35 minutes pour 44 questions d'\u00e9criture et de langue, 80 minutes pour 58 questions de math\u00e9matiques, et l'ensemble de l'examen a \u00e9t\u00e9 d\u00e9termin\u00e9 comme 180 minutes. En plus des questions du formulaire \u00e0 choix multiples (test), notamment pour la section math\u00e9matiques, un espace est laiss\u00e9 pour \u00e9crire la bonne r\u00e9ponse \u00e0 certaines questions.Cette section, qui est divis\u00e9e en deux, comporte deux \u00e9tapes, une sans calculatrice et un avec calculatrice.<\/p>\n<\/div><\/div><div class=\"side-featured-wrapper fss-rectangle kd-animated fadeInRight\" data-animation-delay=\"200\">\r\n      <div class=\"featured-image\"><img loading=\"lazy\" decoding=\"async\" width=\"800\" height=\"637\" src=\"https:\/\/chateauegitim.com\/wp-content\/uploads\/2022\/08\/SAT-Sinav-I\u0307c\u0327erig\u0306i.jpg\" class=\"attachment-full\" alt=\"\" srcset=\"https:\/\/chateauegitim.com\/wp-content\/uploads\/2022\/08\/SAT-Sinav-I\u0307c\u0327erig\u0306i.jpg 800w, https:\/\/chateauegitim.com\/wp-content\/uploads\/2022\/08\/SAT-Sinav-I\u0307c\u0327erig\u0306i-300x239.jpg 300w, https:\/\/chateauegitim.com\/wp-content\/uploads\/2022\/08\/SAT-Sinav-I\u0307c\u0327erig\u0306i-768x612.jpg 768w, https:\/\/chateauegitim.com\/wp-content\/uploads\/2022\/08\/SAT-Sinav-I\u0307c\u0327erig\u0306i-16x12.jpg 16w, https:\/\/chateauegitim.com\/wp-content\/uploads\/2022\/08\/SAT-Sinav-I\u0307c\u0327erig\u0306i-24x19.jpg 24w, https:\/\/chateauegitim.com\/wp-content\/uploads\/2022\/08\/SAT-Sinav-I\u0307c\u0327erig\u0306i-36x29.jpg 36w, https:\/\/chateauegitim.com\/wp-content\/uploads\/2022\/08\/SAT-Sinav-I\u0307c\u0327erig\u0306i-48x38.jpg 48w\" sizes=\"auto, (max-width: 800px) 100vw, 800px\" \/><\/div>\r\n    <\/div><\/div>\r\n            <\/section><section id=\"kd-fss-69e8ad1ae10d9\" class=\"featured-right\"><li class=\"nav-label\"><a class=\"feature-tabs-scroll\" href=\"#kd-fss-69e8ad1ae10d9\"><i class=\"iconsmind-Testimonal iconsmind-Seo-Icons fss-nav-icon\" style=\" \"><\/i> Processus de pr\u00e9paration<\/a><\/li><div class=\"container\">\r\n                <div class=\"side-content-wrapper kd-animated fadeInRight\" data-animation-delay=\"200\"><i class=\"section-icon\" style=\" \"><\/i> <h2 class=\"side-content-title\" >Processus de pr\u00e9paration<\/h2><div class=\"side-content-text\" ><p>En pr\u00e9paration du SAT, le programme, qui comprend tous les types de questions de test et de r\u00e9ponses imprim\u00e9es li\u00e9s \u00e0 la branche des math\u00e9matiques, est revu en fonction de la vitesse, de la compr\u00e9hension et des connaissances en anglais des \u00e9l\u00e8ves. P\u00e9riodiquement<\/p>\n<p>-test de r\u00e9solution<\/p>\n<p>-raisonnement<\/p>\n<p>-utiliser le temps efficacement<\/p>\n<p>-\u00eatre capable d'agir avec un gain appropri\u00e9 dans la r\u00e9solution de probl\u00e8mes<\/p>\n<p>Des exemples d'examens SAT sont appliqu\u00e9s afin de garantir leurs comp\u00e9tences. Les points sont suivis. Les progr\u00e8s des \u00e9l\u00e8ves sont \u00e9valu\u00e9s.<\/p>\n<p>Les cours de Math\u00e9matiques Pr\u00e9paratoires SAT, qui se donnent en groupe de 1 personne, 2-3 personnes ou 4-5 personnes, dispensent un enseignement de qualit\u00e9 en cours particuliers.<\/p>\n<\/div><\/div><div class=\"side-featured-wrapper fss-rectangle kd-animated fadeInLeft fss-shadow-image\" data-animation-delay=\"200\">\r\n      <div class=\"featured-image\"><img loading=\"lazy\" decoding=\"async\" width=\"724\" height=\"800\" src=\"https:\/\/chateauegitim.com\/wp-content\/uploads\/2022\/08\/SAT-Hazirlik-su\u0308reci.jpg\" class=\"attachment-full\" alt=\"\" srcset=\"https:\/\/chateauegitim.com\/wp-content\/uploads\/2022\/08\/SAT-Hazirlik-su\u0308reci.jpg 724w, https:\/\/chateauegitim.com\/wp-content\/uploads\/2022\/08\/SAT-Hazirlik-su\u0308reci-272x300.jpg 272w, https:\/\/chateauegitim.com\/wp-content\/uploads\/2022\/08\/SAT-Hazirlik-su\u0308reci-11x12.jpg 11w, https:\/\/chateauegitim.com\/wp-content\/uploads\/2022\/08\/SAT-Hazirlik-su\u0308reci-22x24.jpg 22w, https:\/\/chateauegitim.com\/wp-content\/uploads\/2022\/08\/SAT-Hazirlik-su\u0308reci-33x36.jpg 33w, https:\/\/chateauegitim.com\/wp-content\/uploads\/2022\/08\/SAT-Hazirlik-su\u0308reci-43x48.jpg 43w\" sizes=\"auto, (max-width: 724px) 100vw, 724px\" \/><\/div>\r\n    <\/div><\/div>\r\n            <\/section>\r\n            <\/div><style type=\"text\/css\"><\/style><\/div><\/div><\/div><\/div><div id=\"form\" data-vc-full-width=\"true\" data-vc-full-width-init=\"false\" data-vc-kd-parallax=\"1.4\" class=\"vc_row wpb_row vc_row-fluid vc_custom_1583491359453 vc_row-has-fill vc_general kd_vc_parallax kd_vc_parallax-content-moving\"><div class=\"parallax-overlay\" data-vc-kd-parallax=\"1.4\"><\/div><div class=\"kd-overlay\"  style=\"background-color:rgba(0,0,0,0.7);\"><\/div><div class=\"wpb_column vc_column_container vc_col-sm-12\"><div class=\"vc_column-inner vc_custom_1516095225433\"><div class=\"wpb_wrapper\"><div class=\"vc_row wpb_row vc_inner vc_row-fluid vc_custom_1555673013129 vc_row-has-padding-top vc_row-has-padding-bottom\"><div class=\"wpb_column vc_column_container vc_col-sm-1\"><div class=\"vc_column-inner vc_custom_1515166784808\"><div class=\"wpb_wrapper\"><\/div><\/div><\/div><div class=\"wpb_column vc_column_container vc_col-sm-4\"><div class=\"vc_column-inner\"><div class=\"wpb_wrapper\"><header class=\"kd-section-title col-lg-12 text-left  kd-animated fadeIn   vc_custom_1583491120092\" data-animation-delay=\"200\"><h2 class=\"separator_off\" style=\"color: #ffffff;\">Vous \u00eates invit\u00e9 \u00e0 nos cours d\u2019introductions gratuits !<\/h2><h6 class=\"subtitle\" style=\"color: #eeeeee;\">Si vous souhaitez que votre programme de fran\u00e7ais soit qualifi\u00e9 et intensif ; Nous vous offrons une le\u00e7on d'introduction.<\/h6><\/header><\/div><\/div><\/div><div class=\"wpb_column vc_column_container vc_col-sm-1\"><div class=\"vc_column-inner\"><div class=\"wpb_wrapper\"><\/div><\/div><\/div><div class=\"wpb_column vc_column_container vc_col-sm-5\"><div class=\"vc_column-inner\"><div class=\"wpb_wrapper\"><h4 style=\"color: #ffffff;text-align: left\" class=\"vc_custom_heading wpb_animate_when_almost_visible wpb_fadeIn fadeIn vc_custom_1583491141958\" >Nous allons revenir vers vous dans le plus cours des d\u00e9lais.<\/h4><div class=\"kd-contact-form full-width-cf white-input-bg\" ><div role=\"form\" class=\"wpcf7\" id=\"wpcf7-f4439-o1\" lang=\"en-US\" dir=\"ltr\">\n<div class=\"screen-reader-response\"><p role=\"status\" aria-live=\"polite\" aria-atomic=\"true\"><\/p> <ul><\/ul><\/div>\n<form action=\"\/fr\/wp-json\/wp\/v2\/pages\/9041#wpcf7-f4439-o1\" method=\"post\" class=\"wpcf7-form init\" novalidate=\"novalidate\" data-status=\"init\" data-trp-original-action=\"\/fr\/wp-json\/wp\/v2\/pages\/9041#wpcf7-f4439-o1\">\n<div style=\"display: none;\">\n<input type=\"hidden\" name=\"_wpcf7\" value=\"4439\" \/>\n<input type=\"hidden\" name=\"_wpcf7_version\" value=\"5.3.2\" \/>\n<input type=\"hidden\" name=\"_wpcf7_locale\" value=\"en_US\" \/>\n<input type=\"hidden\" name=\"_wpcf7_unit_tag\" value=\"wpcf7-f4439-o1\" \/>\n<input type=\"hidden\" name=\"_wpcf7_container_post\" value=\"0\" \/>\n<input type=\"hidden\" name=\"_wpcf7_posted_data_hash\" value=\"\" \/>\n<input type=\"hidden\" name=\"_wpcf7_recaptcha_response\" value=\"\" \/>\n<\/div>\n<p><span class=\"wpcf7-form-control-wrap your-name\"><input type=\"text\" name=\"your-name\" value=\"\" size=\"40\" class=\"wpcf7-form-control wpcf7-text wpcf7-validates-as-required\" aria-required=\"true\" aria-invalid=\"false\" placeholder=\"Nom*\" \/><\/span><br \/>\n<span class=\"wpcf7-form-control-wrap your-phone\"><input type=\"tel\" name=\"your-phone\" value=\"\" size=\"40\" class=\"wpcf7-form-control wpcf7-text wpcf7-tel wpcf7-validates-as-required wpcf7-validates-as-tel\" aria-required=\"true\" aria-invalid=\"false\" placeholder=\"GSM*\" \/><\/span><br \/>\n<span class=\"wpcf7-form-control-wrap your-email\"><input type=\"email\" name=\"your-email\" value=\"\" size=\"40\" class=\"wpcf7-form-control wpcf7-text wpcf7-email wpcf7-validates-as-required wpcf7-validates-as-email\" aria-required=\"true\" aria-invalid=\"false\" placeholder=\"E-mail*\" \/><\/span><br \/>\n<span class=\"wpcf7-form-control-wrap acceptance-630\"><span class=\"wpcf7-form-control wpcf7-acceptance\"><span class=\"wpcf7-list-item\"><label><input type=\"checkbox\" name=\"acceptance-630\" value=\"1\" aria-invalid=\"false\" \/><span class=\"wpcf7-list-item-label\"><a href=\"https:\/\/chateauegitim.com\/fr\/gizlilik-politikasi\/\" target=\"_blank\"> Le text de politique de confidentialit\u00e9 <\/a> J'ai lu le texte, j'approuve.<\/span><\/label><\/span><\/span><\/span><br \/>\n<span class=\"wpcf7-form-control-wrap acceptance-123\"><span class=\"wpcf7-form-control wpcf7-acceptance\"><span class=\"wpcf7-list-item\"><label><input type=\"checkbox\" name=\"acceptance-123\" value=\"1\" aria-invalid=\"false\" \/><span class=\"wpcf7-list-item-label\"><a href=\"https:\/\/chateauegitim.com\/fr\/acik-riza-onayi\/\" target=\"_blank\"> Approbation du consentement explicite<\/a> J&#039;ai lu le formulaire et je l&#039;accepte.<\/span><\/label><\/span><\/span><\/span><br \/>\n<input type=\"submit\" value=\"Envoyer\" class=\"wpcf7-form-control wpcf7-submit\" \/><\/p>\n<input type='hidden' class='wpcf7-pum' value='{\"closepopup\":false,\"closedelay\":0,\"openpopup\":false,\"openpopup_id\":0}' \/><div class=\"wpcf7-response-output\" aria-hidden=\"true\"><\/div><input type=\"hidden\" name=\"trp-form-language\" value=\"fr\"\/><\/form><\/div><\/div><\/div><\/div><\/div><div class=\"wpb_column vc_column_container vc_col-sm-1\"><div class=\"vc_column-inner\"><div class=\"wpb_wrapper\"><\/div><\/div><\/div><\/div><\/div><\/div><\/div><\/div><div class=\"vc_row-full-width vc_clearfix\"><\/div>","protected":false},"excerpt":{"rendered":"Pourquoi? De quoi s&#039;agit-il\u00a0? Le SAT est pr\u00e9par\u00e9 par le College Board et est suivi par les \u00e9tudiants qui souhaitent \u00e9tudier dans des universit\u00e9s am\u00e9ricaines [...]","protected":false},"author":1,"featured_media":9087,"parent":0,"menu_order":0,"comment_status":"closed","ping_status":"closed","template":"","meta":{"footnotes":""},"class_list":["post-9041","page","type-page","status-publish","has-post-thumbnail","hentry"],"yoast_head":"<!-- This site is optimized with the Yoast SEO plugin v15.5 - https:\/\/yoast.com\/wordpress\/plugins\/seo\/ -->\n<title>SAT (Scholastic Assesment Test) | Chateau E\u011fitim<\/title>\n<meta name=\"robots\" content=\"index, follow, max-snippet:-1, max-image-preview:large, max-video-preview:-1\" \/>\n<link rel=\"canonical\" href=\"https:\/\/chateauegitim.com\/fr\/sat-scholastic-assesment-test\/\" \/>\n<meta property=\"og:locale\" content=\"fr_FR\" \/>\n<meta property=\"og:type\" content=\"article\" \/>\n<meta property=\"og:title\" content=\"SAT (Scholastic Assesment Test) | Chateau E\u011fitim\" \/>\n<meta property=\"og:url\" content=\"https:\/\/chateauegitim.com\/fr\/sat-scholastic-assesment-test\/\" \/>\n<meta property=\"og:site_name\" content=\"Chateau E\u011fitim\" \/>\n<meta property=\"article:modified_time\" content=\"2022-08-04T13:11:12+00:00\" \/>\n<meta property=\"og:image\" content=\"https:\/\/chateauegitim.com\/wp-content\/uploads\/2022\/08\/sat.jpeg\" \/>\n\t<meta property=\"og:image:width\" content=\"1920\" \/>\n\t<meta property=\"og:image:height\" content=\"550\" \/>\n<meta name=\"twitter:card\" content=\"summary_large_image\" \/>\n<meta name=\"twitter:label1\" content=\"Dur\u00e9e de lecture est.\">\n\t<meta name=\"twitter:data1\" content=\"4 minutes\">\n<script type=\"application\/ld+json\" class=\"yoast-schema-graph\">{\"@context\":\"https:\/\/schema.org\",\"@graph\":[{\"@type\":\"WebSite\",\"@id\":\"https:\/\/chateauegitim.com\/fr\/#website\",\"url\":\"https:\/\/chateauegitim.com\/fr\/\",\"name\":\"Chateau E\\u011fitim\",\"description\":\"\\u0130novatif E\\u011fitim\",\"potentialAction\":[{\"@type\":\"SearchAction\",\"target\":\"https:\/\/chateauegitim.com\/fr\/?s={search_term_string}\",\"query-input\":\"required name=search_term_string\"}],\"inLanguage\":\"fr-FR\"},{\"@type\":\"ImageObject\",\"@id\":\"https:\/\/chateauegitim.com\/fr\/sat-scholastic-assesment-test\/#primaryimage\",\"inLanguage\":\"fr-FR\",\"url\":\"https:\/\/chateauegitim.com\/wp-content\/uploads\/2022\/08\/sat.jpeg\",\"width\":1920,\"height\":550},{\"@type\":\"WebPage\",\"@id\":\"https:\/\/chateauegitim.com\/fr\/sat-scholastic-assesment-test\/#webpage\",\"url\":\"https:\/\/chateauegitim.com\/fr\/sat-scholastic-assesment-test\/\",\"name\":\"SAT (Scholastic Assesment Test) | Chateau E\\u011fitim\",\"isPartOf\":{\"@id\":\"https:\/\/chateauegitim.com\/fr\/#website\"},\"primaryImageOfPage\":{\"@id\":\"https:\/\/chateauegitim.com\/fr\/sat-scholastic-assesment-test\/#primaryimage\"},\"datePublished\":\"2022-08-03T12:24:47+00:00\",\"dateModified\":\"2022-08-04T13:11:12+00:00\",\"inLanguage\":\"fr-FR\",\"potentialAction\":[{\"@type\":\"ReadAction\",\"target\":[\"https:\/\/chateauegitim.com\/fr\/sat-scholastic-assesment-test\/\"]}]}]}<\/script>\n<!-- \/ Yoast SEO plugin. -->","_links":{"self":[{"href":"https:\/\/chateauegitim.com\/fr\/wp-json\/wp\/v2\/pages\/9041","targetHints":{"allow":["GET"]}}],"collection":[{"href":"https:\/\/chateauegitim.com\/fr\/wp-json\/wp\/v2\/pages"}],"about":[{"href":"https:\/\/chateauegitim.com\/fr\/wp-json\/wp\/v2\/types\/page"}],"author":[{"embeddable":true,"href":"https:\/\/chateauegitim.com\/fr\/wp-json\/wp\/v2\/users\/1"}],"replies":[{"embeddable":true,"href":"https:\/\/chateauegitim.com\/fr\/wp-json\/wp\/v2\/comments?post=9041"}],"version-history":[{"count":8,"href":"https:\/\/chateauegitim.com\/fr\/wp-json\/wp\/v2\/pages\/9041\/revisions"}],"predecessor-version":[{"id":9082,"href":"https:\/\/chateauegitim.com\/fr\/wp-json\/wp\/v2\/pages\/9041\/revisions\/9082"}],"wp:featuredmedia":[{"embeddable":true,"href":"https:\/\/chateauegitim.com\/fr\/wp-json\/wp\/v2\/media\/9087"}],"wp:attachment":[{"href":"https:\/\/chateauegitim.com\/fr\/wp-json\/wp\/v2\/media?parent=9041"}],"curies":[{"name":"wp","href":"https:\/\/api.w.org\/{rel}","templated":true}]}}