{"id":9042,"date":"2022-08-03T15:28:04","date_gmt":"2022-08-03T12:28:04","guid":{"rendered":"https:\/\/chateauegitim.com\/?page_id=9042"},"modified":"2022-08-04T15:18:09","modified_gmt":"2022-08-04T12:18:09","slug":"ap-advenced-placement","status":"publish","type":"page","link":"https:\/\/chateauegitim.com\/fr\/ap-advenced-placement\/","title":{"rendered":"AP (Placement avanc\u00e9)"},"content":{"rendered":"<div class=\"vc_row wpb_row vc_row-fluid vc_custom_1556018461316 vc_row-has-padding-top vc_row-has-padding-bottom\"><div class=\"wpb_column vc_column_container vc_col-sm-12\"><div class=\"vc_column-inner\"><div class=\"wpb_wrapper\"><div class=\"feature-sections-wrapper kd-fsp-6a02b6b418006\">\r\n            <section class=\"feature-sections-tabs\">\r\n              <nav class=\"kd-feature-tabs\">\r\n                <ul class=\"nav nav-tabs sticky-tabs container\">\r\n                <\/ul>\r\n              <\/nav>\r\n            <\/section>\r\n            <section id=\"kd-fss-6a02b6b418068\" class=\"featured-right\"><li class=\"nav-label\"><a class=\"feature-tabs-scroll\" href=\"#kd-fss-6a02b6b418068\"><i class=\"iconsmind-Information iconsmind-User-Interface fss-nav-icon\" style=\" \"><\/i> De quoi s'agit-il ?<\/a><\/li><div class=\"container\">\r\n                <div class=\"side-content-wrapper kd-animated fadeInLeft\" data-animation-delay=\"200\"><i class=\"section-icon\" style=\" \"><\/i> <h2 class=\"side-content-title\" >De quoi s'agit-il ?<\/h2><div class=\"side-content-text\" ><p>AP est un programme de placement avanc\u00e9 en anglais propos\u00e9 par le College Board. Avec ce programme, les \u00e9tudiants qui souhaitent \u00e9tudier \u00e0 l'\u00e9tranger dans diff\u00e9rents pays peuvent prouver la comp\u00e9tence de leur niveau de connaissances en passant ces examens avant le processus d'inscription \u00e0 l'universit\u00e9. Il existe plus de 30 types avec des sous-domaines appartenant \u00e0 diff\u00e9rentes branches (Arts, Histoire et Sciences sociales, Anglais, Math\u00e9matiques et Informatique, Sciences). Il s'agit d'un ensemble d'examens o\u00f9 il est important de travailler de mani\u00e8re disciplin\u00e9e car le syst\u00e8me de notation est sup\u00e9rieur \u00e0 1-5, il n'y a pas de test standard et les informations sont d\u00e9termin\u00e9es au niveau du premier cycle. La diffusion du programme AP a entra\u00een\u00e9 un tel changement que l'examen SAT 2 (sujet SAT), qui \u00e9tait auparavant utilis\u00e9 par le College Board, est devenu invalide.<\/p>\n<\/div><\/div><div class=\"side-featured-wrapper fss-rectangle kd-animated fadeInRight\" data-animation-delay=\"200\">\r\n      <div class=\"featured-image\"><img loading=\"lazy\" decoding=\"async\" width=\"800\" height=\"741\" src=\"https:\/\/chateauegitim.com\/wp-content\/uploads\/2022\/08\/AP-Nedir.jpg\" class=\"attachment-full\" alt=\"\" srcset=\"https:\/\/chateauegitim.com\/wp-content\/uploads\/2022\/08\/AP-Nedir.jpg 800w, https:\/\/chateauegitim.com\/wp-content\/uploads\/2022\/08\/AP-Nedir-300x278.jpg 300w, https:\/\/chateauegitim.com\/wp-content\/uploads\/2022\/08\/AP-Nedir-768x711.jpg 768w, https:\/\/chateauegitim.com\/wp-content\/uploads\/2022\/08\/AP-Nedir-13x12.jpg 13w, https:\/\/chateauegitim.com\/wp-content\/uploads\/2022\/08\/AP-Nedir-24x22.jpg 24w, https:\/\/chateauegitim.com\/wp-content\/uploads\/2022\/08\/AP-Nedir-36x33.jpg 36w, https:\/\/chateauegitim.com\/wp-content\/uploads\/2022\/08\/AP-Nedir-48x44.jpg 48w\" sizes=\"auto, (max-width: 800px) 100vw, 800px\" \/><\/div>\r\n    <\/div><\/div>\r\n            <\/section><section id=\"kd-fss-6a02b6b41837a\" class=\"featured-left\"><li class=\"nav-label\"><a class=\"feature-tabs-scroll\" href=\"#kd-fss-6a02b6b41837a\"><i class=\"iconsmind-Student-MaleFemale iconsmind-People fss-nav-icon\" style=\" \"><\/i> Langue et culture fran\u00e7aises<\/a><\/li><div class=\"container\">\r\n                <div class=\"side-content-wrapper kd-animated fadeInRight\" data-animation-delay=\"200\"><i class=\"section-icon\" style=\" \"><\/i> <h2 class=\"side-content-title\" >Langue et culture fran\u00e7aises<\/h2><div class=\"side-content-text\" ><p>Notre \u00e9quipe, comp\u00e9tente et exp\u00e9riment\u00e9e en langue fran\u00e7aise, pr\u00e9pare les \u00e9tudiants \u00e0 r\u00e9ussir l'examen de langue et culture fran\u00e7aises, l'une des branches des langues du monde, avec une connaissance des termes, un suivi r\u00e9gulier, des exemples d'examens et l'utilisation de pratiques. qui facilitent la m\u00e9morisation. Les cours sont dispens\u00e9s en cours particuliers d'efficacit\u00e9 en cours 1 personne, 2-3 personnes, 4-5 personnes.<\/p>\n<\/div><\/div><div class=\"side-featured-wrapper fss-rectangle kd-animated fadeInLeft fss-shadow-image\" data-animation-delay=\"200\">\r\n      <div class=\"featured-image\"><img loading=\"lazy\" decoding=\"async\" width=\"800\" height=\"615\" src=\"https:\/\/chateauegitim.com\/wp-content\/uploads\/2022\/08\/AP-Fransizca-Dil-ve-Ku\u0308ltu\u0308ru\u0308.jpg\" class=\"attachment-full\" alt=\"\" srcset=\"https:\/\/chateauegitim.com\/wp-content\/uploads\/2022\/08\/AP-Fransizca-Dil-ve-Ku\u0308ltu\u0308ru\u0308.jpg 800w, https:\/\/chateauegitim.com\/wp-content\/uploads\/2022\/08\/AP-Fransizca-Dil-ve-Ku\u0308ltu\u0308ru\u0308-300x231.jpg 300w, https:\/\/chateauegitim.com\/wp-content\/uploads\/2022\/08\/AP-Fransizca-Dil-ve-Ku\u0308ltu\u0308ru\u0308-768x590.jpg 768w, https:\/\/chateauegitim.com\/wp-content\/uploads\/2022\/08\/AP-Fransizca-Dil-ve-Ku\u0308ltu\u0308ru\u0308-16x12.jpg 16w, https:\/\/chateauegitim.com\/wp-content\/uploads\/2022\/08\/AP-Fransizca-Dil-ve-Ku\u0308ltu\u0308ru\u0308-24x18.jpg 24w, https:\/\/chateauegitim.com\/wp-content\/uploads\/2022\/08\/AP-Fransizca-Dil-ve-Ku\u0308ltu\u0308ru\u0308-36x28.jpg 36w, https:\/\/chateauegitim.com\/wp-content\/uploads\/2022\/08\/AP-Fransizca-Dil-ve-Ku\u0308ltu\u0308ru\u0308-48x37.jpg 48w\" sizes=\"auto, (max-width: 800px) 100vw, 800px\" \/><\/div>\r\n    <\/div><\/div>\r\n            <\/section><section id=\"kd-fss-6a02b6b4185b7\" class=\"featured-right\"><li class=\"nav-label\"><a class=\"feature-tabs-scroll\" href=\"#kd-fss-6a02b6b4185b7\"><i class=\"iconsmind-Calculator iconsmind-Business-Finance fss-nav-icon\" style=\" \"><\/i> AP Calcul AB<\/a><\/li><div class=\"container\">\r\n                <div class=\"side-content-wrapper kd-animated fadeInLeft\" data-animation-delay=\"200\"><i class=\"section-icon\" style=\" \"><\/i> <h2 class=\"side-content-title\" >AP Calcul AB<\/h2><h6 class=\"side-content-subtitle\" >Nos programmes estivals intensifs:<\/h6><div class=\"side-content-text\" ><p>AB, qui est l'un des examens AP pour la branche des math\u00e9matiques, inclut D\u00e9riv\u00e9e, Int\u00e9grale, etc. dans le programme de 12e ann\u00e9e. relation g\u00e9n\u00e9rale des concepts, faire des calculs, des interpr\u00e9tations g\u00e9om\u00e9triques sont bas\u00e9es sur les fondations. Pour les \u00e9tudiants qui se dirigent vers des programmes autres que des programmes de type ing\u00e9nierie, il serait appropri\u00e9 de passer l'examen de l'UE au lieu de la Colombie-Britannique. Les \u00e9l\u00e8ves qui souhaitent participer au programme en tant qu'\u00e9l\u00e8ves de 11e ann\u00e9e devront ma\u00eetriser parfaitement les informations de l'unit\u00e9 de la prochaine ann\u00e9e et les math\u00e9matiques apprises pr\u00e9c\u00e9demment, ce qui n\u00e9cessite une \u00e9tude disciplin\u00e9e et intensive. Cela peut \u00eatre difficile pour les \u00e9tudiants qui progressent dans le syst\u00e8me \u00e9ducatif turc, en particulier en raison de la r\u00e9flexion bas\u00e9e sur l'interpr\u00e9tation et des types de questions ouvertes. Notre programme Calculus AB vise \u00e0 obtenir de bons r\u00e9sultats aux examens avec la strat\u00e9gie d'orientation et d'avancement appropri\u00e9e.<\/p>\n<\/div><\/div><div class=\"side-featured-wrapper fss-rectangle kd-animated fadeInRight fss-shadow-image\" data-animation-delay=\"200\">\r\n      <div class=\"featured-image\"><img loading=\"lazy\" decoding=\"async\" width=\"800\" height=\"547\" src=\"https:\/\/chateauegitim.com\/wp-content\/uploads\/2022\/08\/AP-Calculus-AB.jpg\" class=\"attachment-full\" alt=\"\" srcset=\"https:\/\/chateauegitim.com\/wp-content\/uploads\/2022\/08\/AP-Calculus-AB.jpg 800w, https:\/\/chateauegitim.com\/wp-content\/uploads\/2022\/08\/AP-Calculus-AB-300x205.jpg 300w, https:\/\/chateauegitim.com\/wp-content\/uploads\/2022\/08\/AP-Calculus-AB-768x525.jpg 768w, https:\/\/chateauegitim.com\/wp-content\/uploads\/2022\/08\/AP-Calculus-AB-16x12.jpg 16w, https:\/\/chateauegitim.com\/wp-content\/uploads\/2022\/08\/AP-Calculus-AB-24x16.jpg 24w, https:\/\/chateauegitim.com\/wp-content\/uploads\/2022\/08\/AP-Calculus-AB-36x25.jpg 36w, https:\/\/chateauegitim.com\/wp-content\/uploads\/2022\/08\/AP-Calculus-AB-48x33.jpg 48w\" sizes=\"auto, (max-width: 800px) 100vw, 800px\" \/><\/div>\r\n    <\/div><\/div>\r\n            <\/section>\r\n            <\/div><style type=\"text\/css\"><\/style><\/div><\/div><\/div><\/div><div id=\"form\" data-vc-full-width=\"true\" data-vc-full-width-init=\"false\" data-vc-kd-parallax=\"1.4\" class=\"vc_row wpb_row vc_row-fluid vc_custom_1583491359453 vc_row-has-fill vc_general kd_vc_parallax kd_vc_parallax-content-moving\"><div class=\"parallax-overlay\" data-vc-kd-parallax=\"1.4\"><\/div><div class=\"kd-overlay\"  style=\"background-color:rgba(0,0,0,0.7);\"><\/div><div class=\"wpb_column vc_column_container vc_col-sm-12\"><div class=\"vc_column-inner vc_custom_1516095225433\"><div class=\"wpb_wrapper\"><div class=\"vc_row wpb_row vc_inner vc_row-fluid vc_custom_1555673013129 vc_row-has-padding-top vc_row-has-padding-bottom\"><div class=\"wpb_column vc_column_container vc_col-sm-1\"><div class=\"vc_column-inner vc_custom_1515166784808\"><div class=\"wpb_wrapper\"><\/div><\/div><\/div><div class=\"wpb_column vc_column_container vc_col-sm-4\"><div class=\"vc_column-inner\"><div class=\"wpb_wrapper\"><header class=\"kd-section-title col-lg-12 text-left  kd-animated fadeIn   vc_custom_1583491120092\" data-animation-delay=\"200\"><h2 class=\"separator_off\" style=\"color: #ffffff;\">Vous \u00eates invit\u00e9 \u00e0 nos cours d\u2019introductions gratuits !<\/h2><h6 class=\"subtitle\" style=\"color: #eeeeee;\">Si vous souhaitez que votre programme de fran\u00e7ais soit qualifi\u00e9 et intensif ; Nous vous offrons une le\u00e7on d'introduction.<\/h6><\/header><\/div><\/div><\/div><div class=\"wpb_column vc_column_container vc_col-sm-1\"><div class=\"vc_column-inner\"><div class=\"wpb_wrapper\"><\/div><\/div><\/div><div class=\"wpb_column vc_column_container vc_col-sm-5\"><div class=\"vc_column-inner\"><div class=\"wpb_wrapper\"><h4 style=\"color: #ffffff;text-align: left\" class=\"vc_custom_heading wpb_animate_when_almost_visible wpb_fadeIn fadeIn vc_custom_1583491141958\" >Nous allons revenir vers vous dans le plus cours des d\u00e9lais.<\/h4><div class=\"kd-contact-form full-width-cf white-input-bg\" ><div role=\"form\" class=\"wpcf7\" id=\"wpcf7-f4439-o1\" lang=\"en-US\" dir=\"ltr\">\n<div class=\"screen-reader-response\"><p role=\"status\" aria-live=\"polite\" aria-atomic=\"true\"><\/p> <ul><\/ul><\/div>\n<form action=\"\/fr\/wp-json\/wp\/v2\/pages\/9042#wpcf7-f4439-o1\" method=\"post\" class=\"wpcf7-form init\" novalidate=\"novalidate\" data-status=\"init\" data-trp-original-action=\"\/fr\/wp-json\/wp\/v2\/pages\/9042#wpcf7-f4439-o1\">\n<div style=\"display: none;\">\n<input type=\"hidden\" name=\"_wpcf7\" value=\"4439\" \/>\n<input type=\"hidden\" name=\"_wpcf7_version\" value=\"5.3.2\" \/>\n<input type=\"hidden\" name=\"_wpcf7_locale\" value=\"en_US\" \/>\n<input type=\"hidden\" name=\"_wpcf7_unit_tag\" value=\"wpcf7-f4439-o1\" \/>\n<input type=\"hidden\" name=\"_wpcf7_container_post\" value=\"0\" \/>\n<input type=\"hidden\" name=\"_wpcf7_posted_data_hash\" value=\"\" \/>\n<input type=\"hidden\" name=\"_wpcf7_recaptcha_response\" value=\"\" \/>\n<\/div>\n<p><span class=\"wpcf7-form-control-wrap your-name\"><input type=\"text\" name=\"your-name\" value=\"\" size=\"40\" class=\"wpcf7-form-control wpcf7-text wpcf7-validates-as-required\" aria-required=\"true\" aria-invalid=\"false\" placeholder=\"Nom*\" \/><\/span><br \/>\n<span class=\"wpcf7-form-control-wrap your-phone\"><input type=\"tel\" name=\"your-phone\" value=\"\" size=\"40\" class=\"wpcf7-form-control wpcf7-text wpcf7-tel wpcf7-validates-as-required wpcf7-validates-as-tel\" aria-required=\"true\" aria-invalid=\"false\" placeholder=\"GSM*\" \/><\/span><br \/>\n<span class=\"wpcf7-form-control-wrap your-email\"><input type=\"email\" name=\"your-email\" value=\"\" size=\"40\" class=\"wpcf7-form-control wpcf7-text wpcf7-email wpcf7-validates-as-required wpcf7-validates-as-email\" aria-required=\"true\" aria-invalid=\"false\" placeholder=\"E-mail*\" \/><\/span><br \/>\n<span class=\"wpcf7-form-control-wrap acceptance-630\"><span class=\"wpcf7-form-control wpcf7-acceptance\"><span class=\"wpcf7-list-item\"><label><input type=\"checkbox\" name=\"acceptance-630\" value=\"1\" aria-invalid=\"false\" \/><span class=\"wpcf7-list-item-label\"><a href=\"https:\/\/chateauegitim.com\/fr\/gizlilik-politikasi\/\" target=\"_blank\"> Le text de politique de confidentialit\u00e9 <\/a> J'ai lu le texte, j'approuve.<\/span><\/label><\/span><\/span><\/span><br \/>\n<span class=\"wpcf7-form-control-wrap acceptance-123\"><span class=\"wpcf7-form-control wpcf7-acceptance\"><span class=\"wpcf7-list-item\"><label><input type=\"checkbox\" name=\"acceptance-123\" value=\"1\" aria-invalid=\"false\" \/><span class=\"wpcf7-list-item-label\"><a href=\"https:\/\/chateauegitim.com\/fr\/acik-riza-onayi\/\" target=\"_blank\"> Approbation du consentement explicite<\/a> J&#039;ai lu le formulaire et je l&#039;accepte.<\/span><\/label><\/span><\/span><\/span><br \/>\n<input type=\"submit\" value=\"Envoyer\" class=\"wpcf7-form-control wpcf7-submit\" \/><\/p>\n<input type='hidden' class='wpcf7-pum' value='{\"closepopup\":false,\"closedelay\":0,\"openpopup\":false,\"openpopup_id\":0}' \/><div class=\"wpcf7-response-output\" aria-hidden=\"true\"><\/div><input type=\"hidden\" name=\"trp-form-language\" value=\"fr\"\/><\/form><\/div><\/div><\/div><\/div><\/div><div class=\"wpb_column vc_column_container vc_col-sm-1\"><div class=\"vc_column-inner\"><div class=\"wpb_wrapper\"><\/div><\/div><\/div><\/div><\/div><\/div><\/div><\/div><div class=\"vc_row-full-width vc_clearfix\"><\/div>","protected":false},"excerpt":{"rendered":"Pourquoi? Qu&#039;est-ce que c&#039;est ?AP est un programme de placement avanc\u00e9 bas\u00e9 en anglais propos\u00e9 par le College Board. Ce programme [...]","protected":false},"author":1,"featured_media":9050,"parent":0,"menu_order":0,"comment_status":"closed","ping_status":"closed","template":"","meta":{"footnotes":""},"class_list":["post-9042","page","type-page","status-publish","has-post-thumbnail","hentry"],"yoast_head":"<!-- This site is optimized with the Yoast SEO plugin v15.5 - https:\/\/yoast.com\/wordpress\/plugins\/seo\/ -->\n<title>AP (Advenced Placement) | Chateau E\u011fitim<\/title>\n<meta name=\"robots\" content=\"index, follow, max-snippet:-1, max-image-preview:large, max-video-preview:-1\" \/>\n<link rel=\"canonical\" href=\"https:\/\/chateauegitim.com\/fr\/ap-advenced-placement\/\" \/>\n<meta property=\"og:locale\" content=\"fr_FR\" \/>\n<meta property=\"og:type\" content=\"article\" \/>\n<meta property=\"og:title\" content=\"AP (Advenced Placement) | Chateau E\u011fitim\" \/>\n<meta property=\"og:url\" content=\"https:\/\/chateauegitim.com\/fr\/ap-advenced-placement\/\" \/>\n<meta property=\"og:site_name\" content=\"Chateau E\u011fitim\" \/>\n<meta property=\"article:modified_time\" content=\"2022-08-04T12:18:09+00:00\" \/>\n<meta property=\"og:image\" content=\"https:\/\/chateauegitim.com\/wp-content\/uploads\/2022\/08\/nguyen-dang-hoang-nhu-qDgTQOYk6B8-unsplash-2-kopyasi.jpg\" \/>\n\t<meta property=\"og:image:width\" content=\"1920\" \/>\n\t<meta property=\"og:image:height\" content=\"650\" \/>\n<meta name=\"twitter:card\" content=\"summary_large_image\" \/>\n<meta name=\"twitter:label1\" content=\"Dur\u00e9e de lecture est.\">\n\t<meta name=\"twitter:data1\" content=\"4 minutes\">\n<script type=\"application\/ld+json\" class=\"yoast-schema-graph\">{\"@context\":\"https:\/\/schema.org\",\"@graph\":[{\"@type\":\"WebSite\",\"@id\":\"https:\/\/chateauegitim.com\/fr\/#website\",\"url\":\"https:\/\/chateauegitim.com\/fr\/\",\"name\":\"Chateau E\\u011fitim\",\"description\":\"\\u0130novatif E\\u011fitim\",\"potentialAction\":[{\"@type\":\"SearchAction\",\"target\":\"https:\/\/chateauegitim.com\/fr\/?s={search_term_string}\",\"query-input\":\"required name=search_term_string\"}],\"inLanguage\":\"fr-FR\"},{\"@type\":\"ImageObject\",\"@id\":\"https:\/\/chateauegitim.com\/fr\/ap-advenced-placement\/#primaryimage\",\"inLanguage\":\"fr-FR\",\"url\":\"https:\/\/chateauegitim.com\/wp-content\/uploads\/2022\/08\/nguyen-dang-hoang-nhu-qDgTQOYk6B8-unsplash-2-kopyasi.jpg\",\"width\":1920,\"height\":650},{\"@type\":\"WebPage\",\"@id\":\"https:\/\/chateauegitim.com\/fr\/ap-advenced-placement\/#webpage\",\"url\":\"https:\/\/chateauegitim.com\/fr\/ap-advenced-placement\/\",\"name\":\"AP (Advenced Placement) | Chateau E\\u011fitim\",\"isPartOf\":{\"@id\":\"https:\/\/chateauegitim.com\/fr\/#website\"},\"primaryImageOfPage\":{\"@id\":\"https:\/\/chateauegitim.com\/fr\/ap-advenced-placement\/#primaryimage\"},\"datePublished\":\"2022-08-03T12:28:04+00:00\",\"dateModified\":\"2022-08-04T12:18:09+00:00\",\"inLanguage\":\"fr-FR\",\"potentialAction\":[{\"@type\":\"ReadAction\",\"target\":[\"https:\/\/chateauegitim.com\/fr\/ap-advenced-placement\/\"]}]}]}<\/script>\n<!-- \/ Yoast SEO plugin. -->","_links":{"self":[{"href":"https:\/\/chateauegitim.com\/fr\/wp-json\/wp\/v2\/pages\/9042","targetHints":{"allow":["GET"]}}],"collection":[{"href":"https:\/\/chateauegitim.com\/fr\/wp-json\/wp\/v2\/pages"}],"about":[{"href":"https:\/\/chateauegitim.com\/fr\/wp-json\/wp\/v2\/types\/page"}],"author":[{"embeddable":true,"href":"https:\/\/chateauegitim.com\/fr\/wp-json\/wp\/v2\/users\/1"}],"replies":[{"embeddable":true,"href":"https:\/\/chateauegitim.com\/fr\/wp-json\/wp\/v2\/comments?post=9042"}],"version-history":[{"count":4,"href":"https:\/\/chateauegitim.com\/fr\/wp-json\/wp\/v2\/pages\/9042\/revisions"}],"predecessor-version":[{"id":9083,"href":"https:\/\/chateauegitim.com\/fr\/wp-json\/wp\/v2\/pages\/9042\/revisions\/9083"}],"wp:featuredmedia":[{"embeddable":true,"href":"https:\/\/chateauegitim.com\/fr\/wp-json\/wp\/v2\/media\/9050"}],"wp:attachment":[{"href":"https:\/\/chateauegitim.com\/fr\/wp-json\/wp\/v2\/media?parent=9042"}],"curies":[{"name":"wp","href":"https:\/\/api.w.org\/{rel}","templated":true}]}}