{"id":9354,"date":"2024-03-29T17:33:58","date_gmt":"2024-03-29T14:33:58","guid":{"rendered":"https:\/\/chateauegitim.com\/?page_id=9354"},"modified":"2024-03-29T19:21:55","modified_gmt":"2024-03-29T16:21:55","slug":"chateau-egitim-lisans-programlari","status":"publish","type":"page","link":"https:\/\/chateauegitim.com\/fr\/chateau-egitim-lisans-programlari\/","title":{"rendered":"Programmes de premier cycle en \u00e9ducation Ch\u00e2teau"},"content":{"rendered":"<div class=\"vc_row wpb_row vc_row-fluid vc_custom_1556018461316 vc_row-has-padding-top vc_row-has-padding-bottom\"><div class=\"wpb_column vc_column_container vc_col-sm-12\"><div class=\"vc_column-inner\"><div class=\"wpb_wrapper\"><div class=\"feature-sections-wrapper kd-fsp-69e8957bbc67c\">\r\n            <section class=\"feature-sections-tabs\">\r\n              <nav class=\"kd-feature-tabs\">\r\n                <ul class=\"nav nav-tabs sticky-tabs container\">\r\n                <\/ul>\r\n              <\/nav>\r\n            <\/section>\r\n            <section id=\"kd-fss-69e8957bbc6ef\" class=\"featured-left\"><li class=\"nav-label\"><a class=\"feature-tabs-scroll\" href=\"#kd-fss-69e8957bbc6ef\"><i class=\"fas fa-info-circle fss-nav-icon\" style=\" \"><\/i> Programmes de premier cycle<\/a><\/li><div class=\"container\">\r\n                <div class=\"side-content-wrapper kd-animated fadeInLeft\" data-animation-delay=\"200\"><i class=\"section-icon\" style=\" \"><\/i> <h2 class=\"side-content-title\" >Programmes de premier cycle<\/h2><div class=\"side-content-text\" ><p>En tant que Ch\u00e2teau Education, <strong>Avec nos programmes de premier cycle sp\u00e9cialement pr\u00e9par\u00e9s pour les \u00e9tudiants qui souhaitent \u00e9tudier le premier cycle en France,<\/strong> Notre objectif est d&#039;aider nos \u00e9tudiants \u00e0 atteindre leurs objectifs acad\u00e9miques et professionnels. C&#039;est l&#039;un de nos programmes <strong>Langue et litt\u00e9rature fran\u00e7aises, l&#039;autre est l&#039;\u00e9conomie et l&#039;administration des affaires, la troisi\u00e8me est le droit.<\/strong> se concentre sur les champs.<\/p>\n<p>L&#039;objectif g\u00e9n\u00e9ral de nos programmes est de <strong>Offrir \u00e0 nos \u00e9tudiants l\u2019infrastructure acad\u00e9mique et culturelle n\u00e9cessaire \u00e0 leur int\u00e9gration dans le syst\u00e8me \u00e9ducatif universitaire fran\u00e7ais. <\/strong>De plus, pour encourager nos \u00e9tudiants \u00e0 se sp\u00e9cialiser dans les domaines de leur choix, <strong>d\u00e9velopper des capacit\u00e9s de pens\u00e9e critique et acqu\u00e9rir une perspective globale<\/strong> fait \u00e9galement partie des objectifs de nos programmes.<\/p>\n<p>Dans tous nos programmes de premier cycle, nos \u00e9tudiants <strong>R\u00e9pondre \u00e0 leurs besoins individuels, fournir un soutien et des conseils acad\u00e9miques complets, encourager l&#039;apprentissage interactif dans des environnements de classe restreints et contribuer au d\u00e9veloppement acad\u00e9mique et personnel de nos \u00e9tudiants font partie de nos principales priorit\u00e9s. <\/strong>Le succ\u00e8s de nos programmes se mesure par le fait que nos \u00e9tudiants terminent avec succ\u00e8s leurs \u00e9tudes de premier cycle et jouent un r\u00f4le important dans leur future carri\u00e8re.<\/p>\n<\/div><\/div><div class=\"side-featured-wrapper fss-rectangle kd-animated fadeInRight\" data-animation-delay=\"200\">\r\n      <div class=\"featured-image\"><img loading=\"lazy\" decoding=\"async\" width=\"1000\" height=\"665\" src=\"https:\/\/chateauegitim.com\/wp-content\/uploads\/2024\/03\/Adsiz-tasarim-55.jpg\" class=\"attachment-full\" alt=\"\" srcset=\"https:\/\/chateauegitim.com\/wp-content\/uploads\/2024\/03\/Adsiz-tasarim-55.jpg 1000w, https:\/\/chateauegitim.com\/wp-content\/uploads\/2024\/03\/Adsiz-tasarim-55-300x200.jpg 300w, https:\/\/chateauegitim.com\/wp-content\/uploads\/2024\/03\/Adsiz-tasarim-55-768x511.jpg 768w, https:\/\/chateauegitim.com\/wp-content\/uploads\/2024\/03\/Adsiz-tasarim-55-18x12.jpg 18w, https:\/\/chateauegitim.com\/wp-content\/uploads\/2024\/03\/Adsiz-tasarim-55-24x16.jpg 24w, https:\/\/chateauegitim.com\/wp-content\/uploads\/2024\/03\/Adsiz-tasarim-55-36x24.jpg 36w, https:\/\/chateauegitim.com\/wp-content\/uploads\/2024\/03\/Adsiz-tasarim-55-48x32.jpg 48w\" sizes=\"auto, (max-width: 1000px) 100vw, 1000px\" \/><\/div>\r\n    <\/div><\/div>\r\n            <\/section><section id=\"kd-fss-69e8957bbca92\" class=\"featured-right\"><li class=\"nav-label\"><a class=\"feature-tabs-scroll\" href=\"#kd-fss-69e8957bbca92\"><i class=\"fas fa-language fss-nav-icon\" style=\" \"><\/i> Litt\u00e9rature fran\u00e7aise<\/a><\/li><div class=\"container\">\r\n                <div class=\"side-content-wrapper kd-animated fadeInLeft\" data-animation-delay=\"200\"><i class=\"section-icon\" style=\" \"><\/i> <h2 class=\"side-content-title\" >Programme de premier cycle en litt\u00e9rature fran\u00e7aise<\/h2><div class=\"side-content-text\" ><p><strong>Programme de premier cycle en litt\u00e9rature fran\u00e7aise<\/strong>Tout en offrant aux \u00e9tudiants la possibilit\u00e9 de plonger dans les profondeurs de la litt\u00e9rature fran\u00e7aise, il vise \u00e9galement \u00e0 acqu\u00e9rir une perspective approfondie de la culture et de la langue fran\u00e7aise. Notre objectif est d&#039;aider nos \u00e9tudiants \u00e0 r\u00e9ussir dans leur future carri\u00e8re acad\u00e9mique et professionnelle en leur permettant de plonger dans le monde fascinant de la litt\u00e9rature fran\u00e7aise et de d\u00e9velopper leurs comp\u00e9tences analytiques critiques.<\/p>\n<p>Les cours offerts dans ce programme sont les suivants :<\/p>\n<ul>\n<li>Histoire de la culture occidentale<\/li>\n<li>Histoire litt\u00e9raire<\/li>\n<li>Approche des Genres Litt\u00e9raires<\/li>\n<li>Grammaire et Histoire de la Langue<\/li>\n<li>Culture latine<\/li>\n<\/ul>\n<p>\n<\/div><\/div><div class=\"side-featured-wrapper fss-rectangle kd-animated fadeInRight\" data-animation-delay=\"200\">\r\n      <div class=\"featured-image\"><img loading=\"lazy\" decoding=\"async\" width=\"1000\" height=\"667\" src=\"https:\/\/chateauegitim.com\/wp-content\/uploads\/2023\/03\/french5.jpg\" class=\"attachment-full\" alt=\"\" srcset=\"https:\/\/chateauegitim.com\/wp-content\/uploads\/2023\/03\/french5.jpg 1000w, https:\/\/chateauegitim.com\/wp-content\/uploads\/2023\/03\/french5-300x200.jpg 300w, https:\/\/chateauegitim.com\/wp-content\/uploads\/2023\/03\/french5-768x512.jpg 768w, https:\/\/chateauegitim.com\/wp-content\/uploads\/2023\/03\/french5-16x12.jpg 16w, https:\/\/chateauegitim.com\/wp-content\/uploads\/2023\/03\/french5-24x16.jpg 24w, https:\/\/chateauegitim.com\/wp-content\/uploads\/2023\/03\/french5-36x24.jpg 36w, https:\/\/chateauegitim.com\/wp-content\/uploads\/2023\/03\/french5-48x32.jpg 48w\" sizes=\"auto, (max-width: 1000px) 100vw, 1000px\" \/><\/div>\r\n    <\/div><\/div>\r\n            <\/section><section id=\"kd-fss-69e8957bbcda6\" class=\"featured-left\"><li class=\"nav-label\"><a class=\"feature-tabs-scroll\" href=\"#kd-fss-69e8957bbcda6\"><i class=\"far fa-chart-bar fss-nav-icon\" style=\" \"><\/i> \u00c9conomie et affaires<\/a><\/li><div class=\"container\">\r\n                <div class=\"side-content-wrapper kd-animated fadeInRight\" data-animation-delay=\"200\"><i class=\"section-icon\" style=\" \"><\/i> <h2 class=\"side-content-title\" >Programme de premier cycle en \u00e9conomie et administration des affaires<\/h2><div class=\"side-content-text\" ><p><strong>Programme de premier cycle en \u00e9conomie et administration des affaires<\/strong> Tout en enseignant aux \u00e9tudiants les principes de base du monde de l&#039;entreprise, il vise \u00e0 soutenir leur sp\u00e9cialisation dans les domaines \u00e9conomiques et commerciaux. Ce programme offre aux \u00e9tudiants la possibilit\u00e9 de d\u00e9velopper leurs capacit\u00e9s de r\u00e9flexion analytique, de comprendre les tendances actuelles du monde des affaires et d&#039;appliquer leurs comp\u00e9tences en affaires.<\/p>\n<p>Les cours offerts dans ce programme sont les suivants :<\/p>\n<ul>\n<li>Th\u00e9ories \u00e9conomiques compar\u00e9es<\/li>\n<li>Micro\u00e9conomie : Le Producteur et Le Consommateur<\/li>\n<li>Macro\u00e9conomie : Comptabilit\u00e9 Nationale<\/li>\n<li>\u00c9conomie Internationale<\/li>\n<li>Histoire des Faits Economiques<\/li>\n<\/ul>\n<p>\n<\/div><\/div><div class=\"side-featured-wrapper fss-rectangle kd-animated fadeInLeft fss-shadow-image\" data-animation-delay=\"200\">\r\n      <div class=\"featured-image\"><img loading=\"lazy\" decoding=\"async\" width=\"1920\" height=\"1300\" src=\"https:\/\/chateauegitim.com\/wp-content\/uploads\/2024\/03\/Adsiz-tasarim-54.jpg\" class=\"attachment-full\" alt=\"\" srcset=\"https:\/\/chateauegitim.com\/wp-content\/uploads\/2024\/03\/Adsiz-tasarim-54.jpg 1920w, https:\/\/chateauegitim.com\/wp-content\/uploads\/2024\/03\/Adsiz-tasarim-54-300x203.jpg 300w, https:\/\/chateauegitim.com\/wp-content\/uploads\/2024\/03\/Adsiz-tasarim-54-1024x693.jpg 1024w, https:\/\/chateauegitim.com\/wp-content\/uploads\/2024\/03\/Adsiz-tasarim-54-768x520.jpg 768w, https:\/\/chateauegitim.com\/wp-content\/uploads\/2024\/03\/Adsiz-tasarim-54-1536x1040.jpg 1536w, https:\/\/chateauegitim.com\/wp-content\/uploads\/2024\/03\/Adsiz-tasarim-54-18x12.jpg 18w, https:\/\/chateauegitim.com\/wp-content\/uploads\/2024\/03\/Adsiz-tasarim-54-24x16.jpg 24w, https:\/\/chateauegitim.com\/wp-content\/uploads\/2024\/03\/Adsiz-tasarim-54-36x24.jpg 36w, https:\/\/chateauegitim.com\/wp-content\/uploads\/2024\/03\/Adsiz-tasarim-54-48x33.jpg 48w\" sizes=\"auto, (max-width: 1920px) 100vw, 1920px\" \/><\/div>\r\n    <\/div><\/div>\r\n            <\/section><section id=\"kd-fss-69e8957bbd0ee\" class=\"featured-right\"><li class=\"nav-label\"><a class=\"feature-tabs-scroll\" href=\"#kd-fss-69e8957bbd0ee\"><i class=\"fas fa-gavel fss-nav-icon\" style=\" \"><\/i> Loi<\/a><\/li><div class=\"container\">\r\n                <div class=\"side-content-wrapper kd-animated fadeInLeft\" data-animation-delay=\"200\"><i class=\"section-icon\" style=\" \"><\/i> <h2 class=\"side-content-title\" >Programme de droit de premier cycle<\/h2><div class=\"side-content-text\" ><p><strong>Programme de droit de premier cycle<\/strong> Il aide les \u00e9tudiants \u00e0 comprendre les concepts de base du droit, des syst\u00e8mes juridiques et de l&#039;importance de la justice, tout en les encourageant \u00e0 se sp\u00e9cialiser dans divers domaines du droit. Ce programme met l&#039;accent sur les principes d&#039;\u00e9thique et de justice tout en offrant aux \u00e9tudiants la possibilit\u00e9 de travailler dans diff\u00e9rents domaines du droit.<\/p>\n<p>Les cours offerts dans ce programme sont les suivants :<\/p>\n<ul>\n<li>Grands probl\u00e8mes politiques du monde contemporain<\/li>\n<li>Introduction au droit priv\u00e9<\/li>\n<li>Institutions juridictionnelles<\/li>\n<li>Dro\u00efde civil<\/li>\n<li>Droit Constitutionnel<\/li>\n<\/ul>\n<p>\n<\/div><\/div><div class=\"side-featured-wrapper fss-rectangle kd-animated fadeInRight fss-shadow-image\" data-animation-delay=\"200\">\r\n      <div class=\"featured-image\"><img loading=\"lazy\" decoding=\"async\" width=\"1920\" height=\"1300\" src=\"https:\/\/chateauegitim.com\/wp-content\/uploads\/2024\/03\/Adsiz-tasarim-53.jpg\" class=\"attachment-full\" alt=\"\" srcset=\"https:\/\/chateauegitim.com\/wp-content\/uploads\/2024\/03\/Adsiz-tasarim-53.jpg 1920w, https:\/\/chateauegitim.com\/wp-content\/uploads\/2024\/03\/Adsiz-tasarim-53-300x203.jpg 300w, https:\/\/chateauegitim.com\/wp-content\/uploads\/2024\/03\/Adsiz-tasarim-53-1024x693.jpg 1024w, https:\/\/chateauegitim.com\/wp-content\/uploads\/2024\/03\/Adsiz-tasarim-53-768x520.jpg 768w, https:\/\/chateauegitim.com\/wp-content\/uploads\/2024\/03\/Adsiz-tasarim-53-1536x1040.jpg 1536w, https:\/\/chateauegitim.com\/wp-content\/uploads\/2024\/03\/Adsiz-tasarim-53-18x12.jpg 18w, https:\/\/chateauegitim.com\/wp-content\/uploads\/2024\/03\/Adsiz-tasarim-53-24x16.jpg 24w, https:\/\/chateauegitim.com\/wp-content\/uploads\/2024\/03\/Adsiz-tasarim-53-36x24.jpg 36w, https:\/\/chateauegitim.com\/wp-content\/uploads\/2024\/03\/Adsiz-tasarim-53-48x33.jpg 48w\" sizes=\"auto, (max-width: 1920px) 100vw, 1920px\" \/><\/div>\r\n    <\/div><\/div>\r\n            <\/section><section id=\"kd-fss-69e8957bbd421\" class=\"featured-left\"><li class=\"nav-label\"><a class=\"feature-tabs-scroll\" href=\"#kd-fss-69e8957bbd421\"><i class=\"fas fa-info-circle fss-nav-icon\" style=\" \"><\/i> Informations sur le programme<\/a><\/li><div class=\"container\">\r\n                <div class=\"side-content-wrapper kd-animated fadeInLeft\" data-animation-delay=\"200\"><i class=\"section-icon\" style=\" \"><\/i> <h2 class=\"side-content-title\" >Informations sur le programme<\/h2><div class=\"side-content-text\" ><p>\u2013 Dans le cadre du programme de premier cycle Ch\u00e2teau Education, <strong>90 minutes d&#039;entra\u00eenement 2 jours par semaine <\/strong>est donn\u00e9.<\/p>\n<p>\u2013 Toutes les formations <strong>en ligne<\/strong> est passe.<\/p>\n<p>- L&#039;ensemble du processus <strong>Depuis notre agence parisienne<\/strong> est coordonn\u00e9\u00a0; toutes les formations, <strong>par des personnes ayant effectu\u00e9 toute leur scolarit\u00e9 dans les d\u00e9partements concern\u00e9s en France<\/strong> est fourni.<\/p>\n<p>\u2013 Les \u00e9tudiants ayant r\u00e9ussi l\u2019examen qui aura lieu \u00e0 la fin de la formation <strong>le certificat est remis<\/strong>. programme <strong>minimum %85\u2018ine kat\u0131l\u0131m sa\u011flayan \u00f6\u011frenciler<\/strong> est \u00e9ligible pour passer l\u2019examen.<\/p>\n<p>\u2013 Ce certificat re\u00e7u, <strong>Approuv\u00e9 depuis la France<\/strong> sera remis \u00e0 nos \u00e9tudiants en France. <strong>Il joue un r\u00f4le important dans les demandes de licence.<\/strong><\/p>\n<\/div><\/div><div class=\"side-featured-wrapper fss-rectangle kd-animated fadeInRight fss-shadow-image\" data-animation-delay=\"200\">\r\n      <div class=\"featured-image\"><img loading=\"lazy\" decoding=\"async\" width=\"1000\" height=\"665\" src=\"https:\/\/chateauegitim.com\/wp-content\/uploads\/2024\/03\/Adsiz-tasarim-56.jpg\" class=\"attachment-full\" alt=\"\" srcset=\"https:\/\/chateauegitim.com\/wp-content\/uploads\/2024\/03\/Adsiz-tasarim-56.jpg 1000w, https:\/\/chateauegitim.com\/wp-content\/uploads\/2024\/03\/Adsiz-tasarim-56-300x200.jpg 300w, https:\/\/chateauegitim.com\/wp-content\/uploads\/2024\/03\/Adsiz-tasarim-56-768x511.jpg 768w, https:\/\/chateauegitim.com\/wp-content\/uploads\/2024\/03\/Adsiz-tasarim-56-18x12.jpg 18w, https:\/\/chateauegitim.com\/wp-content\/uploads\/2024\/03\/Adsiz-tasarim-56-24x16.jpg 24w, https:\/\/chateauegitim.com\/wp-content\/uploads\/2024\/03\/Adsiz-tasarim-56-36x24.jpg 36w, https:\/\/chateauegitim.com\/wp-content\/uploads\/2024\/03\/Adsiz-tasarim-56-48x32.jpg 48w\" sizes=\"auto, (max-width: 1000px) 100vw, 1000px\" \/><\/div>\r\n    <\/div><\/div>\r\n            <\/section>\r\n            <\/div><style type=\"text\/css\"><\/style><\/div><\/div><\/div><\/div><div id=\"form\" data-vc-full-width=\"true\" data-vc-full-width-init=\"false\" data-vc-kd-parallax=\"1.4\" class=\"vc_row wpb_row vc_row-fluid vc_custom_1583491359453 vc_row-has-fill vc_general kd_vc_parallax kd_vc_parallax-content-moving\"><div class=\"parallax-overlay\" data-vc-kd-parallax=\"1.4\"><\/div><div class=\"kd-overlay\"  style=\"background-color:rgba(0,0,0,0.7);\"><\/div><div class=\"wpb_column vc_column_container vc_col-sm-12\"><div class=\"vc_column-inner vc_custom_1516095225433\"><div class=\"wpb_wrapper\"><div class=\"vc_row wpb_row vc_inner vc_row-fluid vc_custom_1555673013129 vc_row-has-padding-top vc_row-has-padding-bottom\"><div class=\"wpb_column vc_column_container vc_col-sm-1\"><div class=\"vc_column-inner vc_custom_1515166784808\"><div class=\"wpb_wrapper\"><\/div><\/div><\/div><div class=\"wpb_column vc_column_container vc_col-sm-4\"><div class=\"vc_column-inner\"><div class=\"wpb_wrapper\"><header class=\"kd-section-title col-lg-12 text-left  kd-animated fadeIn   vc_custom_1583491120092\" data-animation-delay=\"200\"><h2 class=\"separator_off\" style=\"color: #ffffff;\">Vous \u00eates invit\u00e9 \u00e0 nos cours d\u2019introductions gratuits !<\/h2><h6 class=\"subtitle\" style=\"color: #eeeeee;\">Si vous souhaitez que votre programme de fran\u00e7ais soit qualifi\u00e9 et intensif ; Nous vous offrons une le\u00e7on d'introduction.<\/h6><\/header><\/div><\/div><\/div><div class=\"wpb_column vc_column_container vc_col-sm-1\"><div class=\"vc_column-inner\"><div class=\"wpb_wrapper\"><\/div><\/div><\/div><div class=\"wpb_column vc_column_container vc_col-sm-5\"><div class=\"vc_column-inner\"><div class=\"wpb_wrapper\"><h4 style=\"color: #ffffff;text-align: left\" class=\"vc_custom_heading wpb_animate_when_almost_visible wpb_fadeIn fadeIn vc_custom_1583491141958\" >Nous allons revenir vers vous dans le plus cours des d\u00e9lais.<\/h4><div class=\"kd-contact-form full-width-cf white-input-bg\" ><div role=\"form\" class=\"wpcf7\" id=\"wpcf7-f4439-o1\" lang=\"en-US\" dir=\"ltr\">\n<div class=\"screen-reader-response\"><p role=\"status\" aria-live=\"polite\" aria-atomic=\"true\"><\/p> <ul><\/ul><\/div>\n<form action=\"\/fr\/wp-json\/wp\/v2\/pages\/9354#wpcf7-f4439-o1\" method=\"post\" class=\"wpcf7-form init\" novalidate=\"novalidate\" data-status=\"init\" data-trp-original-action=\"\/fr\/wp-json\/wp\/v2\/pages\/9354#wpcf7-f4439-o1\">\n<div style=\"display: none;\">\n<input type=\"hidden\" name=\"_wpcf7\" value=\"4439\" \/>\n<input type=\"hidden\" name=\"_wpcf7_version\" value=\"5.3.2\" \/>\n<input type=\"hidden\" name=\"_wpcf7_locale\" value=\"en_US\" \/>\n<input type=\"hidden\" name=\"_wpcf7_unit_tag\" value=\"wpcf7-f4439-o1\" \/>\n<input type=\"hidden\" name=\"_wpcf7_container_post\" value=\"0\" \/>\n<input type=\"hidden\" name=\"_wpcf7_posted_data_hash\" value=\"\" \/>\n<input type=\"hidden\" name=\"_wpcf7_recaptcha_response\" value=\"\" \/>\n<\/div>\n<p><span class=\"wpcf7-form-control-wrap your-name\"><input type=\"text\" name=\"your-name\" value=\"\" size=\"40\" class=\"wpcf7-form-control wpcf7-text wpcf7-validates-as-required\" aria-required=\"true\" aria-invalid=\"false\" placeholder=\"Nom*\" \/><\/span><br \/>\n<span class=\"wpcf7-form-control-wrap your-phone\"><input type=\"tel\" name=\"your-phone\" value=\"\" size=\"40\" class=\"wpcf7-form-control wpcf7-text wpcf7-tel wpcf7-validates-as-required wpcf7-validates-as-tel\" aria-required=\"true\" aria-invalid=\"false\" placeholder=\"GSM*\" \/><\/span><br \/>\n<span class=\"wpcf7-form-control-wrap your-email\"><input type=\"email\" name=\"your-email\" value=\"\" size=\"40\" class=\"wpcf7-form-control wpcf7-text wpcf7-email wpcf7-validates-as-required wpcf7-validates-as-email\" aria-required=\"true\" aria-invalid=\"false\" placeholder=\"E-mail*\" \/><\/span><br \/>\n<span class=\"wpcf7-form-control-wrap acceptance-630\"><span class=\"wpcf7-form-control wpcf7-acceptance\"><span class=\"wpcf7-list-item\"><label><input type=\"checkbox\" name=\"acceptance-630\" value=\"1\" aria-invalid=\"false\" \/><span class=\"wpcf7-list-item-label\"><a href=\"https:\/\/chateauegitim.com\/fr\/gizlilik-politikasi\/\" target=\"_blank\"> Le text de politique de confidentialit\u00e9 <\/a> J'ai lu le texte, j'approuve.<\/span><\/label><\/span><\/span><\/span><br \/>\n<span class=\"wpcf7-form-control-wrap acceptance-123\"><span class=\"wpcf7-form-control wpcf7-acceptance\"><span class=\"wpcf7-list-item\"><label><input type=\"checkbox\" name=\"acceptance-123\" value=\"1\" aria-invalid=\"false\" \/><span class=\"wpcf7-list-item-label\"><a href=\"https:\/\/chateauegitim.com\/fr\/acik-riza-onayi\/\" target=\"_blank\"> Approbation du consentement explicite<\/a> J&#039;ai lu le formulaire et je l&#039;accepte.<\/span><\/label><\/span><\/span><\/span><br \/>\n<input type=\"submit\" value=\"Envoyer\" class=\"wpcf7-form-control wpcf7-submit\" \/><\/p>\n<input type='hidden' class='wpcf7-pum' value='{\"closepopup\":false,\"closedelay\":0,\"openpopup\":false,\"openpopup_id\":0}' \/><div class=\"wpcf7-response-output\" aria-hidden=\"true\"><\/div><input type=\"hidden\" name=\"trp-form-language\" value=\"fr\"\/><\/form><\/div><\/div><\/div><\/div><\/div><div class=\"wpb_column vc_column_container vc_col-sm-1\"><div class=\"vc_column-inner\"><div class=\"wpb_wrapper\"><\/div><\/div><\/div><\/div><\/div><\/div><\/div><\/div><div class=\"vc_row-full-width vc_clearfix\"><\/div>","protected":false},"excerpt":{"rendered":"Programmes de premier cycle Programmes de premier cycleEn tant que Ch\u00e2teau Education, nous avons pr\u00e9par\u00e9 sp\u00e9cialement pour les \u00e9tudiants qui souhaitent suivre des \u00e9tudes de premier cycle en France [...]","protected":false},"author":1,"featured_media":9352,"parent":0,"menu_order":0,"comment_status":"closed","ping_status":"closed","template":"","meta":{"footnotes":""},"class_list":["post-9354","page","type-page","status-publish","has-post-thumbnail","hentry"],"yoast_head":"<!-- This site is optimized with the Yoast SEO plugin v15.5 - https:\/\/yoast.com\/wordpress\/plugins\/seo\/ -->\n<title>Ch\u00e2teau E\u011fitim Lisans Programlar\u0131 | Chateau E\u011fitim<\/title>\n<meta name=\"robots\" content=\"index, follow, max-snippet:-1, max-image-preview:large, max-video-preview:-1\" \/>\n<link rel=\"canonical\" href=\"https:\/\/chateauegitim.com\/fr\/chateau-egitim-lisans-programlari\/\" \/>\n<meta property=\"og:locale\" content=\"fr_FR\" \/>\n<meta property=\"og:type\" content=\"article\" \/>\n<meta property=\"og:title\" content=\"Ch\u00e2teau E\u011fitim Lisans Programlar\u0131 | Chateau E\u011fitim\" \/>\n<meta property=\"og:url\" content=\"https:\/\/chateauegitim.com\/fr\/chateau-egitim-lisans-programlari\/\" \/>\n<meta property=\"og:site_name\" content=\"Chateau E\u011fitim\" \/>\n<meta property=\"article:modified_time\" content=\"2024-03-29T16:21:55+00:00\" \/>\n<meta property=\"og:image\" content=\"https:\/\/chateauegitim.com\/wp-content\/uploads\/2024\/03\/Adsiz-tasarim-15.png\" \/>\n\t<meta property=\"og:image:width\" content=\"1920\" \/>\n\t<meta property=\"og:image:height\" content=\"1080\" \/>\n<meta name=\"twitter:card\" content=\"summary_large_image\" \/>\n<meta name=\"twitter:label1\" content=\"Dur\u00e9e de lecture est.\">\n\t<meta name=\"twitter:data1\" content=\"5 minutes\">\n<script type=\"application\/ld+json\" class=\"yoast-schema-graph\">{\"@context\":\"https:\/\/schema.org\",\"@graph\":[{\"@type\":\"WebSite\",\"@id\":\"https:\/\/chateauegitim.com\/fr\/#website\",\"url\":\"https:\/\/chateauegitim.com\/fr\/\",\"name\":\"Chateau E\\u011fitim\",\"description\":\"\\u0130novatif E\\u011fitim\",\"potentialAction\":[{\"@type\":\"SearchAction\",\"target\":\"https:\/\/chateauegitim.com\/fr\/?s={search_term_string}\",\"query-input\":\"required name=search_term_string\"}],\"inLanguage\":\"fr-FR\"},{\"@type\":\"ImageObject\",\"@id\":\"https:\/\/chateauegitim.com\/fr\/chateau-egitim-lisans-programlari\/#primaryimage\",\"inLanguage\":\"fr-FR\",\"url\":\"https:\/\/chateauegitim.com\/wp-content\/uploads\/2024\/03\/Adsiz-tasarim-15.png\",\"width\":1920,\"height\":1080},{\"@type\":\"WebPage\",\"@id\":\"https:\/\/chateauegitim.com\/fr\/chateau-egitim-lisans-programlari\/#webpage\",\"url\":\"https:\/\/chateauegitim.com\/fr\/chateau-egitim-lisans-programlari\/\",\"name\":\"Ch\\u00e2teau E\\u011fitim Lisans Programlar\\u0131 | Chateau E\\u011fitim\",\"isPartOf\":{\"@id\":\"https:\/\/chateauegitim.com\/fr\/#website\"},\"primaryImageOfPage\":{\"@id\":\"https:\/\/chateauegitim.com\/fr\/chateau-egitim-lisans-programlari\/#primaryimage\"},\"datePublished\":\"2024-03-29T14:33:58+00:00\",\"dateModified\":\"2024-03-29T16:21:55+00:00\",\"inLanguage\":\"fr-FR\",\"potentialAction\":[{\"@type\":\"ReadAction\",\"target\":[\"https:\/\/chateauegitim.com\/fr\/chateau-egitim-lisans-programlari\/\"]}]}]}<\/script>\n<!-- \/ Yoast SEO plugin. -->","_links":{"self":[{"href":"https:\/\/chateauegitim.com\/fr\/wp-json\/wp\/v2\/pages\/9354","targetHints":{"allow":["GET"]}}],"collection":[{"href":"https:\/\/chateauegitim.com\/fr\/wp-json\/wp\/v2\/pages"}],"about":[{"href":"https:\/\/chateauegitim.com\/fr\/wp-json\/wp\/v2\/types\/page"}],"author":[{"embeddable":true,"href":"https:\/\/chateauegitim.com\/fr\/wp-json\/wp\/v2\/users\/1"}],"replies":[{"embeddable":true,"href":"https:\/\/chateauegitim.com\/fr\/wp-json\/wp\/v2\/comments?post=9354"}],"version-history":[{"count":16,"href":"https:\/\/chateauegitim.com\/fr\/wp-json\/wp\/v2\/pages\/9354\/revisions"}],"predecessor-version":[{"id":9377,"href":"https:\/\/chateauegitim.com\/fr\/wp-json\/wp\/v2\/pages\/9354\/revisions\/9377"}],"wp:featuredmedia":[{"embeddable":true,"href":"https:\/\/chateauegitim.com\/fr\/wp-json\/wp\/v2\/media\/9352"}],"wp:attachment":[{"href":"https:\/\/chateauegitim.com\/fr\/wp-json\/wp\/v2\/media?parent=9354"}],"curies":[{"name":"wp","href":"https:\/\/api.w.org\/{rel}","templated":true}]}}